{"id":138,"date":"2023-06-19T05:57:52","date_gmt":"2023-06-19T05:57:52","guid":{"rendered":"https:\/\/slotsite.mediacle.net\/?page_id=138"},"modified":"2023-08-30T14:02:50","modified_gmt":"2023-08-30T14:02:50","slug":"promotions","status":"publish","type":"page","link":"https:\/\/slotsite.mediacle.net\/es\/promociones\/","title":{"rendered":"Promociones de casinos en l\u00ednea"},"content":{"rendered":"<h2 style=\"text-align: justify;\"><strong>Promociones:<\/strong><\/h2>\n<p style=\"text-align: justify;\">Nuestro casino rebosa de emocionantes promociones que se adaptan a las preferencias de cada jugador. Desde paquetes de bienvenida para nuevos jugadores hasta promociones continuas para nuestros miembros m\u00e1s fieles, siempre hay algo especial en SlotSite.com. Actualizamos constantemente nuestras <a href=\"https:\/\/slotsite.mediacle.net\/es\/promociones\/\"><u>promociones <\/u><\/a>para ofrecerle las ofertas m\u00e1s frescas, \u00a1asegur\u00e1ndonos de que su viaje de juego est\u00e9 lleno de recompensas!<\/p>\n<h3 style=\"text-align: justify;\"><strong>Bonos de casino en l\u00ednea:<\/strong><\/h3>\n<p style=\"text-align: justify;\">Nos enorgullecemos de nuestras generosas bonificaciones de casino en l\u00ednea, que dar\u00e1n un empuj\u00f3n a su cuenta. Tanto si se trata de una bonificaci\u00f3n por dep\u00f3sito, de ofertas de devoluci\u00f3n de dinero por p\u00e9rdidas o de bonificaciones por recarga, tenemos todo lo que necesitas. Nuestros bonos vienen con t\u00e9rminos y condiciones justos, asegurando que usted puede sacar el m\u00e1ximo provecho de sus fondos de bonificaci\u00f3n y maximizar su potencial.<\/p>\n<h3 style=\"text-align: justify;\"><strong>C\u00f3mo reclamar:<\/strong><\/h3>\n<p style=\"text-align: justify;\">Reclamar tus promociones, tiradas gratis y bonos de casino online en SlotSite.com Casino es muy f\u00e1cil. Simplemente siga las instrucciones proporcionadas en cada promoci\u00f3n, y estar\u00e1 en camino de disfrutar de los beneficios a\u00f1adidos en poco tiempo. Ya sea introduciendo un c\u00f3digo de bonificaci\u00f3n durante el proceso de dep\u00f3sito u optando a una promoci\u00f3n espec\u00edfica, no olvide suscribirse a nuestras ofertas haciendo clic en S\u00cd en la parte inferior de la secci\u00f3n de su cuenta en el \u00e1rea de miembros.<\/p>\n<p style=\"text-align: justify;\">Con nuestra incre\u00edble selecci\u00f3n de juegos, transacciones seguras con retiradas r\u00e1pidas y un servicio de atenci\u00f3n al cliente dedicado las 24 horas del d\u00eda, los 7 d\u00edas de la semana, podr\u00e1s centrarte en lo que m\u00e1s importa: \u00a1disfrutar de tus juegos de casino favoritos y aumentar la diversi\u00f3n!<\/p>\n<p style=\"text-align: justify;\">Recuerda siempre conocer y establecer tus l\u00edmites. Juegue de forma responsable. El juego puede crear adicci\u00f3n. Se aplican las <a href=\"https:\/\/casino.slotsite.com\/terms-conditions-info\"><u>condiciones generales<\/u><\/a>.<\/p>\n","protected":false},"excerpt":{"rendered":"<p>Promociones: Nuestro casino rebosa de emocionantes promociones que se adaptan a las preferencias de cada jugador. Desde paquetes de bienvenida para nuevos jugadores hasta promociones continuas para nuestros miembros m\u00e1s fieles, siempre hay algo especial en SlotSite.com. Actualizamos constantemente nuestras promociones para ofrecerle las ofertas m\u00e1s frescas, \u00a1asegur\u00e1ndonos de que su viaje de juego est\u00e9 [&hellip;]<\/p>\n","protected":false},"author":1,"featured_media":0,"parent":0,"menu_order":0,"comment_status":"closed","ping_status":"closed","template":"templates\/promotion-template.php","meta":{"footnotes":""},"class_list":["post-138","page","type-page","status-publish","hentry"],"translation":{"provider":"WPGlobus","version":"2.12.2","language":"es","enabled_languages":["en","ca","fi","no","ja","es","pt","qc","gb","ir","nz","sa","in"],"languages":{"en":{"title":true,"content":true,"excerpt":false},"ca":{"title":true,"content":true,"excerpt":false},"fi":{"title":true,"content":true,"excerpt":false},"no":{"title":true,"content":true,"excerpt":false},"ja":{"title":true,"content":true,"excerpt":false},"es":{"title":true,"content":true,"excerpt":false},"pt":{"title":true,"content":true,"excerpt":false},"qc":{"title":true,"content":true,"excerpt":false},"gb":{"title":true,"content":true,"excerpt":false},"ir":{"title":false,"content":false,"excerpt":false},"nz":{"title":false,"content":false,"excerpt":false},"sa":{"title":false,"content":false,"excerpt":false},"in":{"title":true,"content":true,"excerpt":false}}},"acf":[],"yoast_head":"<!-- This site is optimized with the Yoast SEO plugin v20.11 - https:\/\/yoast.com\/wordpress\/plugins\/seo\/ -->\n<title>Promociones de casino imperdibles: \u00a1Mejora tu juego con ofertas exclusivas!<\/title>\n<meta name=\"description\" content=\"Explore nuestra atractiva gama de promociones exclusivas de casino. Desde generosos bonos de bienvenida hasta emocionantes ofertas semanales, mejore su experiencia de juego con ofertas inmejorables. \u00danase ahora para maximizar su potencial de ganancias y disfrute del mejor viaje de casino en l\u00ednea con nuestras excepcionales promociones.\" \/>\n<meta name=\"robots\" content=\"index, follow, max-snippet:-1, max-image-preview:large, max-video-preview:-1\" \/>\n<link rel=\"canonical\" href=\"https:\/\/slotsite.mediacle.net\/promotions\/\" \/>\n<meta property=\"og:locale\" content=\"es_ES\" \/>\n<meta property=\"og:type\" content=\"article\" \/>\n<meta property=\"og:title\" content=\"Promociones de casino imperdibles: \u00a1Mejora tu juego con ofertas exclusivas!\" \/>\n<meta property=\"og:description\" content=\"Explore nuestra atractiva gama de promociones exclusivas de casino. Desde generosos bonos de bienvenida hasta emocionantes ofertas semanales, mejore su experiencia de juego con ofertas inmejorables. \u00danase ahora para maximizar su potencial de ganancias y disfrute del mejor viaje de casino en l\u00ednea con nuestras excepcionales promociones.\" \/>\n<meta property=\"og:url\" content=\"https:\/\/slotsite.mediacle.net\/promotions\/\" \/>\n<meta property=\"og:site_name\" content=\"Slotsite\" \/>\n<meta property=\"article:modified_time\" content=\"2023-08-30T14:02:50+00:00\" \/>\n<meta name=\"twitter:card\" content=\"summary_large_image\" \/>\n<meta name=\"twitter:label1\" content=\"Est. reading time\" \/>\n\t<meta name=\"twitter:data1\" content=\"2 minutes\" \/>\n<script type=\"application\/ld+json\" class=\"yoast-schema-graph\">{\"@context\":\"https:\/\/schema.org\",\"@graph\":[{\"@type\":\"WebPage\",\"@id\":\"https:\/\/slotsite.mediacle.net\/promotions\/\",\"url\":\"https:\/\/slotsite.mediacle.net\/promotions\/\",\"name\":\"Unmissable Casino Promotions: Boost Your Play with Exclusive Offers!\",\"isPartOf\":{\"@id\":\"https:\/\/slotsite.mediacle.net\/#website\"},\"datePublished\":\"2023-06-19T05:57:52+00:00\",\"dateModified\":\"2023-08-30T14:02:50+00:00\",\"description\":\"Explore our enticing range of exclusive casino promotions. From generous welcome bonuses to exciting weekly offers, supercharge your gaming experience with unbeatable deals. Join now to maximize your winning potential and enjoy the ultimate online casino journey with our exceptional promotions.\",\"breadcrumb\":{\"@id\":\"https:\/\/slotsite.mediacle.net\/promotions\/#breadcrumb\"},\"inLanguage\":\"es-ES\",\"potentialAction\":[{\"@type\":\"ReadAction\",\"target\":[\"https:\/\/slotsite.mediacle.net\/promotions\/\"]}]},{\"@type\":\"BreadcrumbList\",\"@id\":\"https:\/\/slotsite.mediacle.net\/promotions\/#breadcrumb\",\"itemListElement\":[{\"@type\":\"ListItem\",\"position\":1,\"name\":\"Home\",\"item\":\"https:\/\/slotsite.mediacle.net\/\"},{\"@type\":\"ListItem\",\"position\":2,\"name\":\"Promotions\u00a0\"}]},{\"@type\":\"WebSite\",\"@id\":\"https:\/\/slotsite.mediacle.net\/#website\",\"url\":\"https:\/\/slotsite.mediacle.net\/\",\"name\":\"Slotsite\",\"description\":\"\",\"potentialAction\":[{\"@type\":\"SearchAction\",\"target\":{\"@type\":\"EntryPoint\",\"urlTemplate\":\"https:\/\/slotsite.mediacle.net\/?s={search_term_string}\"},\"query-input\":\"required name=search_term_string\"}],\"inLanguage\":\"es-ES\"}]}<\/script>\n<!-- \/ Yoast SEO plugin. -->","yoast_head_json":{"title":"Promociones de casino imperdibles: \u00a1Mejora tu juego con ofertas exclusivas!","description":"Explore nuestra atractiva gama de promociones exclusivas de casino. Desde generosos bonos de bienvenida hasta emocionantes ofertas semanales, mejore su experiencia de juego con ofertas inmejorables. \u00danase ahora para maximizar su potencial de ganancias y disfrute del mejor viaje de casino en l\u00ednea con nuestras excepcionales promociones.","robots":{"index":"index","follow":"follow","max-snippet":"max-snippet:-1","max-image-preview":"max-image-preview:large","max-video-preview":"max-video-preview:-1"},"canonical":"https:\/\/slotsite.mediacle.net\/promotions\/","og_locale":"es_ES","og_type":"article","og_title":"Promociones de casino imperdibles: \u00a1Mejora tu juego con ofertas exclusivas!","og_description":"Explore nuestra atractiva gama de promociones exclusivas de casino. Desde generosos bonos de bienvenida hasta emocionantes ofertas semanales, mejore su experiencia de juego con ofertas inmejorables. \u00danase ahora para maximizar su potencial de ganancias y disfrute del mejor viaje de casino en l\u00ednea con nuestras excepcionales promociones.","og_url":"https:\/\/slotsite.mediacle.net\/promotions\/","og_site_name":"Slotsite","article_modified_time":"2023-08-30T14:02:50+00:00","twitter_card":"summary_large_image","twitter_misc":{"Est. reading time":"2 minutes"},"schema":{"@context":"https:\/\/schema.org","@graph":[{"@type":"WebPage","@id":"https:\/\/slotsite.mediacle.net\/promotions\/","url":"https:\/\/slotsite.mediacle.net\/promotions\/","name":"Unmissable Casino Promotions: Boost Your Play with Exclusive Offers!","isPartOf":{"@id":"https:\/\/slotsite.mediacle.net\/#website"},"datePublished":"2023-06-19T05:57:52+00:00","dateModified":"2023-08-30T14:02:50+00:00","description":"Explore our enticing range of exclusive casino promotions. From generous welcome bonuses to exciting weekly offers, supercharge your gaming experience with unbeatable deals. Join now to maximize your winning potential and enjoy the ultimate online casino journey with our exceptional promotions.","breadcrumb":{"@id":"https:\/\/slotsite.mediacle.net\/promotions\/#breadcrumb"},"inLanguage":"es-ES","potentialAction":[{"@type":"ReadAction","target":["https:\/\/slotsite.mediacle.net\/promotions\/"]}]},{"@type":"BreadcrumbList","@id":"https:\/\/slotsite.mediacle.net\/promotions\/#breadcrumb","itemListElement":[{"@type":"ListItem","position":1,"name":"Home","item":"https:\/\/slotsite.mediacle.net\/"},{"@type":"ListItem","position":2,"name":"Promotions\u00a0"}]},{"@type":"WebSite","@id":"https:\/\/slotsite.mediacle.net\/#website","url":"https:\/\/slotsite.mediacle.net\/","name":"Slotsite","description":"","potentialAction":[{"@type":"SearchAction","target":{"@type":"EntryPoint","urlTemplate":"https:\/\/slotsite.mediacle.net\/?s={search_term_string}"},"query-input":"required name=search_term_string"}],"inLanguage":"es-ES"}]}},"_links":{"self":[{"href":"https:\/\/slotsite.mediacle.net\/es\/wp-json\/wp\/v2\/pages\/138","targetHints":{"allow":["GET"]}}],"collection":[{"href":"https:\/\/slotsite.mediacle.net\/es\/wp-json\/wp\/v2\/pages"}],"about":[{"href":"https:\/\/slotsite.mediacle.net\/es\/wp-json\/wp\/v2\/types\/page"}],"author":[{"embeddable":true,"href":"https:\/\/slotsite.mediacle.net\/es\/wp-json\/wp\/v2\/users\/1"}],"replies":[{"embeddable":true,"href":"https:\/\/slotsite.mediacle.net\/es\/wp-json\/wp\/v2\/comments?post=138"}],"version-history":[{"count":109,"href":"https:\/\/slotsite.mediacle.net\/es\/wp-json\/wp\/v2\/pages\/138\/revisions"}],"predecessor-version":[{"id":2269,"href":"https:\/\/slotsite.mediacle.net\/es\/wp-json\/wp\/v2\/pages\/138\/revisions\/2269"}],"wp:attachment":[{"href":"https:\/\/slotsite.mediacle.net\/es\/wp-json\/wp\/v2\/media?parent=138"}],"curies":[{"name":"wp","href":"https:\/\/api.w.org\/{rel}","templated":true}]}}