{"id":173,"date":"2023-07-10T06:20:04","date_gmt":"2023-07-10T06:20:04","guid":{"rendered":"https:\/\/slotsite.mediacle.net\/?page_id=173"},"modified":"2023-08-31T08:45:10","modified_gmt":"2023-08-31T08:45:10","slug":"jackpots","status":"publish","type":"page","link":"https:\/\/slotsite.mediacle.net\/es\/jackpots\/","title":{"rendered":"Tragaperras con bote progresivo"},"content":{"rendered":"<h2 style=\"text-align: justify;\"><strong>\u00a1Disfruta de los juegos de Jackpot Slot y \u00fanete a la aventura en SlotSite.com Casino!<\/strong><\/h2>\n<p style=\"text-align: justify;\">\u00bfEst\u00e1s listo para embarcarte en una inolvidable aventura con bote? Reg\u00edstrese en el Casino SlotSite.com hoy mismo y descubra nuestra impresionante selecci\u00f3n de juegos de tragaperras con bote. Con jackpots fijos y jackpots progresivos esperando a ser ganados, cada giro trae el potencial para la emoci\u00f3n, recompensas masivas, y la oportunidad de convertirse en el pr\u00f3ximo ganador del jackpot. Lleve su experiencia de casino en l\u00ednea a nuevas cotas y \u00fanase a la emoci\u00f3n de perseguir esos incre\u00edbles botes. Buena suerte.<\/p>\n<p style=\"text-align: justify;\">Si est\u00e1 buscando la oportunidad definitiva de ganar a lo grande, nuestros juegos de tragaperras con bote son la elecci\u00f3n perfecta. En SlotSite.com Casino, ofrecemos una amplia gama de tragaperras con bote que le mantendr\u00e1n al borde de su asiento con cada giro. Sumerj\u00e1monos en el mundo de las tragaperras con bote fijo y las tragaperras con bote progresivo, donde le espera la fortuna.<\/p>\n<h3 style=\"text-align: justify;\"><strong>\u00bfQu\u00e9 son las tragaperras con bote?<\/strong><\/h3>\n<p style=\"text-align: justify;\">Las tragaperras con bote son una categor\u00eda especial de tragaperras online que ofrecen un gran premio, conocido como bote. Estos juegos son de dos tipos principales: tragaperras con bote fijo y tragaperras con bote progresivo.<\/p>\n<h3 style=\"text-align: justify;\"><strong>Tragaperras con bote fijo:<\/strong><\/h3>\n<p style=\"text-align: justify;\">En las tragaperras con bote fijo, el importe del bote permanece constante y no cambia. Ofrece un premio predeterminado por conseguir una combinaci\u00f3n ganadora espec\u00edfica. Aunque el bote puede ser menor en comparaci\u00f3n con los botes progresivos, los botes fijos proporcionan ganancias m\u00e1s frecuentes y razonables. Son una opci\u00f3n popular para los jugadores que buscan ciertos pagos fijos y disfrutan de la emoci\u00f3n de conseguir ganancias significativas. Las tragaperras con bote fijo suelen tener varias funciones de bonificaci\u00f3n, como tiradas gratis, multiplicadores y rondas de bonificaci\u00f3n, que mejoran la experiencia de juego en general y proporcionan oportunidades de ganar adicionales.<\/p>\n<h3 style=\"text-align: justify;\"><strong>Tragaperras con bote progresivo:<\/strong><\/h3>\n<p style=\"text-align: justify;\">Por otro lado, las tragaperras con bote progresivo ofrecen la posibilidad de ganar premios enormes que cambian la vida. Estos botes no son fijos y crecen progresivamente a medida que los jugadores apuestan en el juego en varios casinos online. Una parte de cada apuesta contribuye al bote, lo que le permite alcanzar cantidades asombrosas. El atractivo de un bote enorme y en constante aumento crea una experiencia estimulante para los jugadores. Tenga en cuenta que no es frecuente ganar un bote progresivo, pero en cada tirada existe la posibilidad de ser el afortunado ganador. Las tragaperras con bote progresivo suelen incluir emocionantes rondas de bonificaci\u00f3n o disparadores que pueden activar la funci\u00f3n del bote, ofreciendo a los jugadores la oportunidad de conseguir el incre\u00edble premio.<\/p>\n<h3 style=\"text-align: justify;\"><strong>C\u00f3mo jugar a las tragaperras con bote:<\/strong><\/h3>\n<p style=\"text-align: justify;\">Jugar a las tragaperras con bote es una experiencia emocionante y sencilla que ofrece la posibilidad de ganar premios incre\u00edbles. Aqu\u00ed tienes una gu\u00eda paso a paso sobre c\u00f3mo jugar:<\/p>\n<p style=\"text-align: justify;\">Elija su tragaperras con bote: Navegue por nuestra amplia colecci\u00f3n de juegos de tragaperras con bote y seleccione el que m\u00e1s le atraiga. Tenga en cuenta el tema, las caracter\u00edsticas del juego y el tipo de bote para encontrar el juego perfecto para sus preferencias. Tanto si prefiere los temas cl\u00e1sicos, las aventuras o los escenarios interesantes, tenemos una amplia variedad de opciones y proveedores de software para satisfacer los gustos de todos los jugadores.<\/p>\n<p style=\"text-align: justify;\">Fije su apuesta: Antes de hacer girar los rodillos, fije el importe de apuesta deseado. Ajuste el valor de la moneda y el n\u00famero de l\u00edneas de pago, si procede, para determinar la apuesta total por tirada. Tenga en cuenta que algunas tragaperras con bote pueden requerir apuestas m\u00e1ximas para poder optar al premio del bote. Revise siempre las reglas del juego y la tabla de pagos para conocer los requisitos espec\u00edficos de apuesta. Juegue siempre de forma responsable y conozca sus l\u00edmites.<\/p>\n<p style=\"text-align: justify;\">Familiar\u00edcese con el juego: T\u00f3mese un momento para familiarizarse con la mec\u00e1nica del juego, la tabla de pagos y las caracter\u00edsticas especiales. Cada tragaperras con bote tiene sus propios s\u00edmbolos, rondas de bonificaci\u00f3n y combinaciones ganadoras. Comprender las reglas y los premios potenciales mejorar\u00e1 su experiencia de juego en general y aumentar\u00e1 sus posibilidades de ganar.<\/p>\n<p style=\"text-align: justify;\">Gira los rodillos: Cuando est\u00e9 listo, pulse el bot\u00f3n de giro y vea c\u00f3mo los rodillos cobran vida. Si\u00e9ntese, rel\u00e1jese y deje que el juego se desarrolle. El resultado de cada giro viene determinado por un generador de n\u00fameros aleatorios, lo que garantiza resultados justos e imparciales. Disfrute de los efectos visuales y sonoros mientras persigue el premio gordo.<\/p>\n<p style=\"text-align: justify;\">Activar funciones de bonificaci\u00f3n: Muchas tragaperras con bote ofrecen emocionantes funciones de bonificaci\u00f3n que pueden aumentar significativamente sus ganancias. Busque s\u00edmbolos especiales que puedan activar tiradas gratuitas, multiplicadores o rondas de bonificaci\u00f3n. Estas funciones ofrecen oportunidades adicionales para maximizar los pagos y acercarle al codiciado bote.<\/p>\n<p style=\"text-align: justify;\">Ganancias de bote fijo: En las tragaperras con bote fijo, conseguir la combinaci\u00f3n espec\u00edfica requerida para el bote le otorgar\u00e1 la cantidad de premio predeterminada. Los botes fijos suelen tener diferentes niveles, con pagos m\u00e1s altos para las combinaciones m\u00e1s dif\u00edciles. No deje de girar y apunte a los premios m\u00e1s altos.<\/p>\n<p style=\"text-align: justify;\">Jackpot progresivo: En las tragaperras con bote progresivo, el bote sigue creciendo a medida que los jugadores apuestan en el juego. Aunque las posibilidades de ganar el bote son escasas, es importante recordar que cada tirada te da la oportunidad de ser el afortunado ganador. Mientras juegas, no pierdas de vista el medidor del bote, que muestra el importe actual del premio. El suspense aumenta con cada apuesta, ya que esperas activar la funci\u00f3n del bote y llevarte el premio que te cambiar\u00e1 la vida. Es un juego entretenido, lleno de expectaci\u00f3n y emoci\u00f3n.<\/p>\n<h3 style=\"text-align: justify;\"><strong>\u00bfPor qu\u00e9 elegir los juegos de Jackpot Slot en SlotSite.com Casino?<\/strong><\/h3>\n<p style=\"text-align: justify;\">Variedad: Nuestros juegos de tragaperras con bote tienen una gran variedad de temas, lo que garantiza que haya algo para todos los gustos. Desde personajes populares a civilizaciones antiguas y criaturas m\u00edticas, pasando por b\u00fasquedas llenas de aventuras o juegos inspirados en Hollywood, la elecci\u00f3n es suya.<\/p>\n<p style=\"text-align: justify;\">Ganancias que cambian la vida: Tanto en las tragaperras con bote fijo como en las tragaperras con bote progresivo, tiene la oportunidad de ganar importantes cantidades de dinero. Una sola tirada podr\u00eda convertir sus sue\u00f1os en realidad.<\/p>\n<p style=\"text-align: justify;\">Juego divertido: Los juegos de tragaperras con bote est\u00e1n dise\u00f1ados para ser divertidos con diferentes y atractivas caracter\u00edsticas de juego. Disfrute de enormes botes al estilo de Las Vegas desde la comodidad de su propia casa.<\/p>\n<p style=\"text-align: justify;\">Juegos para m\u00f3viles: Disfruta de la emoci\u00f3n de las tragaperras con bote sobre la marcha con nuestra plataforma apta para m\u00f3viles. Tanto si juegas en tu smartphone como en tu tableta, nuestros juegos est\u00e1n optimizados para que disfrutes de una gran experiencia en cualquier dispositivo.<\/p>\n<h3 style=\"text-align: justify;\"><strong>\u00danete a la aventura del Jackpot en SlotSite.com Casino:<\/strong><\/h3>\n<p style=\"text-align: justify;\">\u00bfEst\u00e1s listo para perseguir la emoci\u00f3n del jackpot e ir a por las grandes ganancias? Reg\u00edstrese en SlotSite.com Casino hoy mismo para explorar nuestra incre\u00edble selecci\u00f3n de juegos de tragaperras con bote. Elige entre tragaperras con bote fijo o tragaperras con bote progresivo y disfruta de la posibilidad de ganar premios enormes. Recuerde siempre conocer y establecer sus l\u00edmites. Apueste con responsabilidad. El juego puede crear adicci\u00f3n.<\/p>\n","protected":false},"excerpt":{"rendered":"<p>\u00a1Disfruta de los juegos de Jackpot Slot y \u00fanete a la aventura en SlotSite.com Casino! \u00bfEst\u00e1s listo para embarcarte en una inolvidable aventura con bote? Reg\u00edstrese en el Casino SlotSite.com hoy mismo y descubra nuestra impresionante selecci\u00f3n de juegos de tragaperras con bote. Con jackpots fijos y jackpots progresivos esperando a ser ganados, cada giro [&hellip;]<\/p>\n","protected":false},"author":1,"featured_media":0,"parent":0,"menu_order":0,"comment_status":"closed","ping_status":"closed","template":"templates\/category.php","meta":{"footnotes":""},"class_list":["post-173","page","type-page","status-publish","hentry"],"translation":{"provider":"WPGlobus","version":"2.12.2","language":"es","enabled_languages":["en","ca","fi","no","ja","es","pt","qc","gb","ir","nz","sa","in"],"languages":{"en":{"title":true,"content":true,"excerpt":false},"ca":{"title":true,"content":true,"excerpt":false},"fi":{"title":true,"content":true,"excerpt":false},"no":{"title":true,"content":true,"excerpt":false},"ja":{"title":true,"content":true,"excerpt":false},"es":{"title":true,"content":true,"excerpt":false},"pt":{"title":true,"content":true,"excerpt":false},"qc":{"title":true,"content":true,"excerpt":false},"gb":{"title":true,"content":true,"excerpt":false},"ir":{"title":false,"content":false,"excerpt":false},"nz":{"title":false,"content":false,"excerpt":false},"sa":{"title":false,"content":false,"excerpt":false},"in":{"title":true,"content":true,"excerpt":false}}},"acf":[],"yoast_head":"<!-- This site is optimized with the Yoast SEO plugin v20.11 - https:\/\/yoast.com\/wordpress\/plugins\/seo\/ -->\n<title>Busque enormes ganancias: \u00a1juegue juegos de jackpot progresivo y persiga grandes premios!<\/title>\n<meta name=\"description\" content=\"Descubra el encanto de los juegos de jackpot progresivo, donde cada apuesta contribuye a enormes premios acumulados. Juegue ahora para tener una oportunidad de obtener ganancias que le cambiar\u00e1n la vida y que seguir\u00e1n creciendo hasta que las reclame. \u00danase a la emoci\u00f3n y emprenda un viaje para ganar a lo grande con nuestra selecci\u00f3n de emocionantes juegos con jackpot progresivo.\" \/>\n<meta name=\"robots\" content=\"index, follow, max-snippet:-1, max-image-preview:large, max-video-preview:-1\" \/>\n<link rel=\"canonical\" href=\"https:\/\/slotsite.mediacle.net\/jackpots\/\" \/>\n<meta property=\"og:locale\" content=\"es_ES\" \/>\n<meta property=\"og:type\" content=\"article\" \/>\n<meta property=\"og:title\" content=\"Busque enormes ganancias: \u00a1juegue juegos de jackpot progresivo y persiga grandes premios!\" \/>\n<meta property=\"og:description\" content=\"Descubra el encanto de los juegos de jackpot progresivo, donde cada apuesta contribuye a enormes premios acumulados. Juegue ahora para tener una oportunidad de obtener ganancias que le cambiar\u00e1n la vida y que seguir\u00e1n creciendo hasta que las reclame. \u00danase a la emoci\u00f3n y emprenda un viaje para ganar a lo grande con nuestra selecci\u00f3n de emocionantes juegos con jackpot progresivo.\" \/>\n<meta property=\"og:url\" content=\"https:\/\/slotsite.mediacle.net\/jackpots\/\" \/>\n<meta property=\"og:site_name\" content=\"Slotsite\" \/>\n<meta property=\"article:modified_time\" content=\"2023-08-31T08:45:10+00:00\" \/>\n<meta name=\"twitter:card\" content=\"summary_large_image\" \/>\n<meta name=\"twitter:label1\" content=\"Est. reading time\" \/>\n\t<meta name=\"twitter:data1\" content=\"6 minutes\" \/>\n<script type=\"application\/ld+json\" class=\"yoast-schema-graph\">{\"@context\":\"https:\/\/schema.org\",\"@graph\":[{\"@type\":\"WebPage\",\"@id\":\"https:\/\/slotsite.mediacle.net\/jackpots\/\",\"url\":\"https:\/\/slotsite.mediacle.net\/jackpots\/\",\"name\":\"\u092d\u093e\u0930\u0940 \u091c\u0940\u0924 \u0915\u0940 \u0924\u0932\u093e\u0936: \u092a\u094d\u0930\u0917\u0924\u093f\u0936\u0940\u0932 \u091c\u0948\u0915\u092a\u0949\u091f \u0917\u0947\u092e \u0916\u0947\u0932\u0947\u0902 \u0914\u0930 \u092c\u0921\u093c\u0947 \u092a\u0941\u0930\u0938\u094d\u0915\u093e\u0930\u094b\u0902 \u0915\u093e \u092a\u0940\u091b\u093e \u0915\u0930\u0947\u0902!\",\"isPartOf\":{\"@id\":\"https:\/\/slotsite.mediacle.net\/#website\"},\"datePublished\":\"2023-07-10T06:20:04+00:00\",\"dateModified\":\"2023-08-31T08:45:10+00:00\",\"description\":\"\u092a\u094d\u0930\u0917\u0924\u093f\u0936\u0940\u0932 \u091c\u0948\u0915\u092a\u0949\u091f \u0917\u0947\u092e \u0915\u0947 \u0906\u0915\u0930\u094d\u0937\u0923 \u0915\u0940 \u0916\u094b\u091c \u0915\u0930\u0947\u0902, \u091c\u0939\u093e\u0902 \u092a\u094d\u0930\u0924\u094d\u092f\u0947\u0915 \u0926\u093e\u0902\u0935 \u092c\u0921\u093c\u0947 \u092a\u0948\u092e\u093e\u0928\u0947 \u092a\u0930 \u092a\u0941\u0930\u0938\u094d\u0915\u093e\u0930 \u092a\u0942\u0932 \u092e\u0947\u0902 \u092f\u094b\u0917\u0926\u093e\u0928 \u0926\u0947\u0924\u093e \u0939\u0948\u0964 \u091c\u0940\u0935\u0928 \u092c\u0926\u0932\u0928\u0947 \u0935\u093e\u0932\u0940 \u091c\u0940\u0924 \u0915\u0947 \u0932\u093f\u090f \u0905\u092d\u0940 \u0916\u0947\u0932\u0947\u0902 \u091c\u094b \u0924\u092c \u0924\u0915 \u092c\u0922\u093c\u0924\u0940 \u0930\u0939\u0924\u0940 \u0939\u0948\u0902 \u091c\u092c \u0924\u0915 \u0915\u093f \u0909\u0928\u0915\u093e \u0926\u093e\u0935\u093e \u0928 \u0915\u0930 \u0932\u093f\u092f\u093e \u091c\u093e\u090f\u0964 \u0909\u0924\u094d\u0938\u093e\u0939 \u092e\u0947\u0902 \u0936\u093e\u092e\u093f\u0932 \u0939\u094b\u0902 \u0914\u0930 \u0930\u094b\u092e\u093e\u0902\u091a\u0915 \u092a\u094d\u0930\u0917\u0924\u093f\u0936\u0940\u0932 \u091c\u0948\u0915\u092a\u0949\u091f \u0917\u0947\u092e\u094d\u0938 \u0915\u0947 \u0939\u092e\u093e\u0930\u0947 \u091a\u092f\u0928 \u0915\u0947 \u0938\u093e\u0925 \u092c\u0921\u093c\u0940 \u091c\u0940\u0924 \u0915\u0940 \u092f\u093e\u0924\u094d\u0930\u093e \u0936\u0941\u0930\u0942 \u0915\u0930\u0947\u0902\u0964\",\"breadcrumb\":{\"@id\":\"https:\/\/slotsite.mediacle.net\/jackpots\/#breadcrumb\"},\"inLanguage\":\"es-ES\",\"potentialAction\":[{\"@type\":\"ReadAction\",\"target\":[\"https:\/\/slotsite.mediacle.net\/jackpots\/\"]}]},{\"@type\":\"BreadcrumbList\",\"@id\":\"https:\/\/slotsite.mediacle.net\/jackpots\/#breadcrumb\",\"itemListElement\":[{\"@type\":\"ListItem\",\"position\":1,\"name\":\"Home\",\"item\":\"https:\/\/slotsite.mediacle.net\/\"},{\"@type\":\"ListItem\",\"position\":2,\"name\":\"Progressive Jackpot Slots\"}]},{\"@type\":\"WebSite\",\"@id\":\"https:\/\/slotsite.mediacle.net\/#website\",\"url\":\"https:\/\/slotsite.mediacle.net\/\",\"name\":\"Slotsite\",\"description\":\"\",\"potentialAction\":[{\"@type\":\"SearchAction\",\"target\":{\"@type\":\"EntryPoint\",\"urlTemplate\":\"https:\/\/slotsite.mediacle.net\/?s={search_term_string}\"},\"query-input\":\"required name=search_term_string\"}],\"inLanguage\":\"es-ES\"}]}<\/script>\n<!-- \/ Yoast SEO plugin. -->","yoast_head_json":{"title":"Busque enormes ganancias: \u00a1juegue juegos de jackpot progresivo y persiga grandes premios!","description":"Descubra el encanto de los juegos de jackpot progresivo, donde cada apuesta contribuye a enormes premios acumulados. Juegue ahora para tener una oportunidad de obtener ganancias que le cambiar\u00e1n la vida y que seguir\u00e1n creciendo hasta que las reclame. \u00danase a la emoci\u00f3n y emprenda un viaje para ganar a lo grande con nuestra selecci\u00f3n de emocionantes juegos con jackpot progresivo.","robots":{"index":"index","follow":"follow","max-snippet":"max-snippet:-1","max-image-preview":"max-image-preview:large","max-video-preview":"max-video-preview:-1"},"canonical":"https:\/\/slotsite.mediacle.net\/jackpots\/","og_locale":"es_ES","og_type":"article","og_title":"Busque enormes ganancias: \u00a1juegue juegos de jackpot progresivo y persiga grandes premios!","og_description":"Descubra el encanto de los juegos de jackpot progresivo, donde cada apuesta contribuye a enormes premios acumulados. Juegue ahora para tener una oportunidad de obtener ganancias que le cambiar\u00e1n la vida y que seguir\u00e1n creciendo hasta que las reclame. \u00danase a la emoci\u00f3n y emprenda un viaje para ganar a lo grande con nuestra selecci\u00f3n de emocionantes juegos con jackpot progresivo.","og_url":"https:\/\/slotsite.mediacle.net\/jackpots\/","og_site_name":"Slotsite","article_modified_time":"2023-08-31T08:45:10+00:00","twitter_card":"summary_large_image","twitter_misc":{"Est. reading time":"6 minutes"},"schema":{"@context":"https:\/\/schema.org","@graph":[{"@type":"WebPage","@id":"https:\/\/slotsite.mediacle.net\/jackpots\/","url":"https:\/\/slotsite.mediacle.net\/jackpots\/","name":"\u092d\u093e\u0930\u0940 \u091c\u0940\u0924 \u0915\u0940 \u0924\u0932\u093e\u0936: \u092a\u094d\u0930\u0917\u0924\u093f\u0936\u0940\u0932 \u091c\u0948\u0915\u092a\u0949\u091f \u0917\u0947\u092e \u0916\u0947\u0932\u0947\u0902 \u0914\u0930 \u092c\u0921\u093c\u0947 \u092a\u0941\u0930\u0938\u094d\u0915\u093e\u0930\u094b\u0902 \u0915\u093e \u092a\u0940\u091b\u093e \u0915\u0930\u0947\u0902!","isPartOf":{"@id":"https:\/\/slotsite.mediacle.net\/#website"},"datePublished":"2023-07-10T06:20:04+00:00","dateModified":"2023-08-31T08:45:10+00:00","description":"\u092a\u094d\u0930\u0917\u0924\u093f\u0936\u0940\u0932 \u091c\u0948\u0915\u092a\u0949\u091f \u0917\u0947\u092e \u0915\u0947 \u0906\u0915\u0930\u094d\u0937\u0923 \u0915\u0940 \u0916\u094b\u091c \u0915\u0930\u0947\u0902, \u091c\u0939\u093e\u0902 \u092a\u094d\u0930\u0924\u094d\u092f\u0947\u0915 \u0926\u093e\u0902\u0935 \u092c\u0921\u093c\u0947 \u092a\u0948\u092e\u093e\u0928\u0947 \u092a\u0930 \u092a\u0941\u0930\u0938\u094d\u0915\u093e\u0930 \u092a\u0942\u0932 \u092e\u0947\u0902 \u092f\u094b\u0917\u0926\u093e\u0928 \u0926\u0947\u0924\u093e \u0939\u0948\u0964 \u091c\u0940\u0935\u0928 \u092c\u0926\u0932\u0928\u0947 \u0935\u093e\u0932\u0940 \u091c\u0940\u0924 \u0915\u0947 \u0932\u093f\u090f \u0905\u092d\u0940 \u0916\u0947\u0932\u0947\u0902 \u091c\u094b \u0924\u092c \u0924\u0915 \u092c\u0922\u093c\u0924\u0940 \u0930\u0939\u0924\u0940 \u0939\u0948\u0902 \u091c\u092c \u0924\u0915 \u0915\u093f \u0909\u0928\u0915\u093e \u0926\u093e\u0935\u093e \u0928 \u0915\u0930 \u0932\u093f\u092f\u093e \u091c\u093e\u090f\u0964 \u0909\u0924\u094d\u0938\u093e\u0939 \u092e\u0947\u0902 \u0936\u093e\u092e\u093f\u0932 \u0939\u094b\u0902 \u0914\u0930 \u0930\u094b\u092e\u093e\u0902\u091a\u0915 \u092a\u094d\u0930\u0917\u0924\u093f\u0936\u0940\u0932 \u091c\u0948\u0915\u092a\u0949\u091f \u0917\u0947\u092e\u094d\u0938 \u0915\u0947 \u0939\u092e\u093e\u0930\u0947 \u091a\u092f\u0928 \u0915\u0947 \u0938\u093e\u0925 \u092c\u0921\u093c\u0940 \u091c\u0940\u0924 \u0915\u0940 \u092f\u093e\u0924\u094d\u0930\u093e \u0936\u0941\u0930\u0942 \u0915\u0930\u0947\u0902\u0964","breadcrumb":{"@id":"https:\/\/slotsite.mediacle.net\/jackpots\/#breadcrumb"},"inLanguage":"es-ES","potentialAction":[{"@type":"ReadAction","target":["https:\/\/slotsite.mediacle.net\/jackpots\/"]}]},{"@type":"BreadcrumbList","@id":"https:\/\/slotsite.mediacle.net\/jackpots\/#breadcrumb","itemListElement":[{"@type":"ListItem","position":1,"name":"Home","item":"https:\/\/slotsite.mediacle.net\/"},{"@type":"ListItem","position":2,"name":"Progressive Jackpot Slots"}]},{"@type":"WebSite","@id":"https:\/\/slotsite.mediacle.net\/#website","url":"https:\/\/slotsite.mediacle.net\/","name":"Slotsite","description":"","potentialAction":[{"@type":"SearchAction","target":{"@type":"EntryPoint","urlTemplate":"https:\/\/slotsite.mediacle.net\/?s={search_term_string}"},"query-input":"required name=search_term_string"}],"inLanguage":"es-ES"}]}},"_links":{"self":[{"href":"https:\/\/slotsite.mediacle.net\/es\/wp-json\/wp\/v2\/pages\/173","targetHints":{"allow":["GET"]}}],"collection":[{"href":"https:\/\/slotsite.mediacle.net\/es\/wp-json\/wp\/v2\/pages"}],"about":[{"href":"https:\/\/slotsite.mediacle.net\/es\/wp-json\/wp\/v2\/types\/page"}],"author":[{"embeddable":true,"href":"https:\/\/slotsite.mediacle.net\/es\/wp-json\/wp\/v2\/users\/1"}],"replies":[{"embeddable":true,"href":"https:\/\/slotsite.mediacle.net\/es\/wp-json\/wp\/v2\/comments?post=173"}],"version-history":[{"count":44,"href":"https:\/\/slotsite.mediacle.net\/es\/wp-json\/wp\/v2\/pages\/173\/revisions"}],"predecessor-version":[{"id":2317,"href":"https:\/\/slotsite.mediacle.net\/es\/wp-json\/wp\/v2\/pages\/173\/revisions\/2317"}],"wp:attachment":[{"href":"https:\/\/slotsite.mediacle.net\/es\/wp-json\/wp\/v2\/media?parent=173"}],"curies":[{"name":"wp","href":"https:\/\/api.w.org\/{rel}","templated":true}]}}