{"id":175,"date":"2023-07-10T06:21:44","date_gmt":"2023-07-10T06:21:44","guid":{"rendered":"https:\/\/slotsite.mediacle.net\/?page_id=175"},"modified":"2023-08-24T07:00:40","modified_gmt":"2023-08-24T07:00:40","slug":"tournaments","status":"publish","type":"page","link":"https:\/\/slotsite.mediacle.net\/es\/tournaments\/","title":{"rendered":"Torneos de tragamonedas"},"content":{"rendered":"<p style=\"text-align: justify;\">SlotSite.com Casino es el destino definitivo para los entusiastas de las tragaperras que buscan la oportunidad de ganar premios extra en met\u00e1lico a trav\u00e9s de nuestros torneos de tragaperras semanales, mensuales y por invitaci\u00f3n especial. Prep\u00e1rate para hacer girar los rodillos y llegar a lo m\u00e1s alto de la clasificaci\u00f3n.<\/p>\n<h2 style=\"text-align: justify;\"><strong>Entretenidos torneos de tragaperras:<\/strong><\/h2>\n<p style=\"text-align: justify;\">Nuestros torneos semanales de tragaperras son uno de los aspectos m\u00e1s destacados de nuestra experiencia en el casino, ya que ofrecen a los jugadores una oportunidad regular de competir contra otros jugadores apasionados de los juegos de tragaperras. Cada semana, le permitimos jugar a sus tragaperras favoritas y, a medida que vaya girando, cada apuesta con dinero real le har\u00e1 ganar puntos, y cuantos m\u00e1s puntos acumule, m\u00e1s alto subir\u00e1 en la clasificaci\u00f3n. No pierdas de vista tu progreso mientras compites contra otros jugadores, y esfu\u00e9rzate por conseguir una posici\u00f3n en la clasificaci\u00f3n para reclamar tu parte de la bolsa de premios en met\u00e1lico. Los premios de la clasificaci\u00f3n se a\u00f1adir\u00e1n a tu saldo en efectivo y podr\u00e1s retirarlos en cualquier momento.<\/p>\n<h2 style=\"text-align: justify;\"><strong>Torneos mensuales y especiales de tragaperras:<\/strong><\/h2>\n<p style=\"text-align: justify;\">Cada mes ofrecemos torneos de tragaperras en un juego especialmente seleccionado, o en cualquier juego de su elecci\u00f3n. Nuestros torneos mensuales de tragaperras son m\u00e1s grandes que nunca, con m\u00e1s del triple de premios que el t\u00edpico torneo diario. Aseg\u00farese de suscribirse a nuestras promociones para ver los torneos sorpresa que se celebran ocasionalmente junto con los esperados lanzamientos de nuevos juegos de tragaperras. \u00bfQuiere m\u00e1s? Como miembro VIP del Casino SlotSite.com, disfrutar\u00e1s de acceso exclusivo a nuestros torneos de tragamonedas con ofertas especiales. Estos torneos est\u00e1n dise\u00f1ados para recompensar a nuestros jugadores m\u00e1s valiosos con premios en met\u00e1lico a\u00fan m\u00e1s extraordinarios.<\/p>\n<h2 style=\"text-align: justify;\"><strong>Los torneos de tragaperras dan puntos de fidelidad:<\/strong><\/h2>\n<p style=\"text-align: justify;\">Para a\u00f1adir una capa extra de recompensas a nuestros torneos de tragaperras, a medida que participes, ir\u00e1s progresando a trav\u00e9s de diferentes niveles, desbloqueando puntos y ventajas adicionales por el camino. A partir del nivel 1, tendr\u00e1s la oportunidad de ascender y alcanzar el nivel 5, \u00a1donde te esperan las mayores recompensas! Cada nivel que alcances te aportar\u00e1 m\u00e1s puntos, ofertas exclusivas y bonificaciones, adem\u00e1s de privilegios especiales para mejorar tu experiencia de juego.<\/p>\n<h2 style=\"text-align: justify;\"><strong>C\u00f3mo participar:<\/strong><\/h2>\n<p style=\"text-align: justify;\">Participar en nuestros torneos de tragaperras es sencillo y accesible para todos los jugadores. Aqu\u00ed tienes una gu\u00eda paso a paso para empezar:<\/p>\n<p style=\"text-align: justify;\">Reg\u00edstrese o inicie sesi\u00f3n en su cuenta del Casino SlotSite.com. Si a\u00fan no eres miembro, crear una cuenta es r\u00e1pido y sencillo, lo que te permitir\u00e1 acceder a nuestros torneos disponibles en un abrir y cerrar de ojos.<\/p>\n<p style=\"text-align: justify;\">Visita la secci\u00f3n de promociones de nuestra p\u00e1gina web o el men\u00fa del m\u00f3vil, donde encontrar\u00e1s todos los detalles sobre los pr\u00f3ximos torneos.<\/p>\n<p style=\"text-align: justify;\">Opte al torneo de su elecci\u00f3n. Algunos torneos pueden requerir un dep\u00f3sito m\u00ednimo o un c\u00f3digo de dep\u00f3sito espec\u00edfico para poder participar. Revise los requisitos y condiciones del torneo para asegurarse de participar.<\/p>\n<p style=\"text-align: justify;\">\u00a1Empieza a girar! Juegue a la tragaperras designada o a cualquier tragaperras de su elecci\u00f3n en funci\u00f3n del torneo espec\u00edfico en el que haya participado. Durante el torneo, intenta conseguir la mayor puntuaci\u00f3n posible. Cada tirada te dar\u00e1 puntos, lo que te har\u00e1 subir puestos en la clasificaci\u00f3n. No pierdas de vista la clasificaci\u00f3n para seguir tu progreso y ver c\u00f3mo te va en comparaci\u00f3n con otros participantes.<\/p>\n<p style=\"text-align: justify;\">\u00a1Reclama tu merecido premio en met\u00e1lico! Al final del torneo, la clasificaci\u00f3n final determinar\u00e1 los ganadores. Si consigues un puesto en la clasificaci\u00f3n, ser\u00e1s recompensado con una parte del premio en met\u00e1lico. Los premios se abonar\u00e1n en las cuentas de los ganadores poco despu\u00e9s de que finalice el torneo, lo que le permitir\u00e1 retirar sus ganancias sin demora.<\/p>\n<h2 style=\"text-align: justify;\"><strong>T\u00e9rminos y condiciones:<\/strong><\/h2>\n<p style=\"text-align: justify;\">Para garantizar la imparcialidad y mantener un ambiente de torneo divertido, le recomendamos que se familiarice con los t\u00e9rminos y condiciones espec\u00edficos de cada torneo. Estas pueden incluir reglas relativas a c\u00f3digos de dep\u00f3sito, juegos elegibles, restricciones de tiempo y cualquier criterio adicional de participaci\u00f3n. En la p\u00e1gina de promociones, haga clic en &#8220;M\u00e1s informaci\u00f3n&#8221; para leer las condiciones espec\u00edficas y los detalles de las promociones de los torneos.<\/p>\n<h2 style=\"text-align: justify;\"><strong>\u00a1\u00danete a la acci\u00f3n de los torneos de tragamonedas!<\/strong><\/h2>\n<p style=\"text-align: justify;\">\u00danase a nosotros en SlotSite.com Casino y participe con una amplia selecci\u00f3n de juegos de tragaperras nuevos y destacados. Nuestras cautivadoras competiciones de clasificaci\u00f3n y tentadoras recompensas de fidelidad est\u00e1n esperando a ser reclamadas. Buena suerte. Recuerda siempre conocer y establecer tus l\u00edmites. Apueste con responsabilidad. El juego puede ser adictivo.<\/p>\n","protected":false},"excerpt":{"rendered":"<p>SlotSite.com Casino es el destino definitivo para los entusiastas de las tragaperras que buscan la oportunidad de ganar premios extra en met\u00e1lico a trav\u00e9s de nuestros torneos de tragaperras semanales, mensuales y por invitaci\u00f3n especial. Prep\u00e1rate para hacer girar los rodillos y llegar a lo m\u00e1s alto de la clasificaci\u00f3n. Entretenidos torneos de tragaperras: Nuestros [&hellip;]<\/p>\n","protected":false},"author":1,"featured_media":0,"parent":0,"menu_order":0,"comment_status":"closed","ping_status":"closed","template":"templates\/category.php","meta":{"footnotes":""},"class_list":["post-175","page","type-page","status-publish","hentry"],"translation":{"provider":"WPGlobus","version":"2.12.2","language":"es","enabled_languages":["en","ca","fi","no","ja","es","pt","qc","gb","ir","nz","sa","in"],"languages":{"en":{"title":true,"content":true,"excerpt":false},"ca":{"title":true,"content":true,"excerpt":false},"fi":{"title":true,"content":true,"excerpt":false},"no":{"title":true,"content":true,"excerpt":false},"ja":{"title":true,"content":true,"excerpt":false},"es":{"title":true,"content":true,"excerpt":false},"pt":{"title":true,"content":true,"excerpt":false},"qc":{"title":true,"content":true,"excerpt":false},"gb":{"title":true,"content":true,"excerpt":false},"ir":{"title":false,"content":false,"excerpt":false},"nz":{"title":false,"content":false,"excerpt":false},"sa":{"title":false,"content":false,"excerpt":false},"in":{"title":true,"content":true,"excerpt":false}}},"acf":[],"yoast_head":"<!-- This site is optimized with the Yoast SEO plugin v20.11 - https:\/\/yoast.com\/wordpress\/plugins\/seo\/ -->\n<title>Compite y gana a lo grande: \u00a1\u00fanete a emocionantes torneos de tragamonedas en nuestra p\u00e1gina!<\/title>\n<meta name=\"description\" content=\"Experimente la emoci\u00f3n de los juegos competitivos con nuestros emocionantes torneos de tragamonedas. Lucha contra los jugadores por los mejores premios y el reconocimiento. \u00danase ahora para mostrar sus habilidades, girar los carretes y aprovechar la oportunidad de ganar a lo grande en nuestros emocionantes torneos de tragamonedas.\" \/>\n<meta name=\"robots\" content=\"index, follow, max-snippet:-1, max-image-preview:large, max-video-preview:-1\" \/>\n<link rel=\"canonical\" href=\"https:\/\/slotsite.mediacle.net\/tournaments\/\" \/>\n<meta property=\"og:locale\" content=\"es_ES\" \/>\n<meta property=\"og:type\" content=\"article\" \/>\n<meta property=\"og:title\" content=\"Compite y gana a lo grande: \u00a1\u00fanete a emocionantes torneos de tragamonedas en nuestra p\u00e1gina!\" \/>\n<meta property=\"og:description\" content=\"Experimente la emoci\u00f3n de los juegos competitivos con nuestros emocionantes torneos de tragamonedas. Lucha contra los jugadores por los mejores premios y el reconocimiento. \u00danase ahora para mostrar sus habilidades, girar los carretes y aprovechar la oportunidad de ganar a lo grande en nuestros emocionantes torneos de tragamonedas.\" \/>\n<meta property=\"og:url\" content=\"https:\/\/slotsite.mediacle.net\/tournaments\/\" \/>\n<meta property=\"og:site_name\" content=\"Slotsite\" \/>\n<meta property=\"article:modified_time\" content=\"2023-08-24T07:00:40+00:00\" \/>\n<meta name=\"twitter:card\" content=\"summary_large_image\" \/>\n<meta name=\"twitter:label1\" content=\"Est. reading time\" \/>\n\t<meta name=\"twitter:data1\" content=\"3 minutes\" \/>\n<script type=\"application\/ld+json\" class=\"yoast-schema-graph\">{\"@context\":\"https:\/\/schema.org\",\"@graph\":[{\"@type\":\"WebPage\",\"@id\":\"https:\/\/slotsite.mediacle.net\/tournaments\/\",\"url\":\"https:\/\/slotsite.mediacle.net\/tournaments\/\",\"name\":\"Compite y gana a lo grande: \u00a1\u00fanete a emocionantes torneos de tragamonedas en nuestra p\u00e1gina!\",\"isPartOf\":{\"@id\":\"https:\/\/slotsite.mediacle.net\/#website\"},\"datePublished\":\"2023-07-10T06:21:44+00:00\",\"dateModified\":\"2023-08-24T07:00:40+00:00\",\"description\":\"Experimente la emoci\u00f3n de los juegos competitivos con nuestros emocionantes torneos de tragamonedas. Lucha contra los jugadores por los mejores premios y el reconocimiento. \u00danase ahora para mostrar sus habilidades, girar los carretes y aprovechar la oportunidad de ganar a lo grande en nuestros emocionantes torneos de tragamonedas.\",\"breadcrumb\":{\"@id\":\"https:\/\/slotsite.mediacle.net\/tournaments\/#breadcrumb\"},\"inLanguage\":\"es-ES\",\"potentialAction\":[{\"@type\":\"ReadAction\",\"target\":[\"https:\/\/slotsite.mediacle.net\/tournaments\/\"]}]},{\"@type\":\"BreadcrumbList\",\"@id\":\"https:\/\/slotsite.mediacle.net\/tournaments\/#breadcrumb\",\"itemListElement\":[{\"@type\":\"ListItem\",\"position\":1,\"name\":\"Home\",\"item\":\"https:\/\/slotsite.mediacle.net\/\"},{\"@type\":\"ListItem\",\"position\":2,\"name\":\"Slot Tournaments\"}]},{\"@type\":\"WebSite\",\"@id\":\"https:\/\/slotsite.mediacle.net\/#website\",\"url\":\"https:\/\/slotsite.mediacle.net\/\",\"name\":\"Slotsite\",\"description\":\"\",\"potentialAction\":[{\"@type\":\"SearchAction\",\"target\":{\"@type\":\"EntryPoint\",\"urlTemplate\":\"https:\/\/slotsite.mediacle.net\/?s={search_term_string}\"},\"query-input\":\"required name=search_term_string\"}],\"inLanguage\":\"es-ES\"}]}<\/script>\n<!-- \/ Yoast SEO plugin. -->","yoast_head_json":{"title":"Compite y gana a lo grande: \u00a1\u00fanete a emocionantes torneos de tragamonedas en nuestra p\u00e1gina!","description":"Experimente la emoci\u00f3n de los juegos competitivos con nuestros emocionantes torneos de tragamonedas. Lucha contra los jugadores por los mejores premios y el reconocimiento. \u00danase ahora para mostrar sus habilidades, girar los carretes y aprovechar la oportunidad de ganar a lo grande en nuestros emocionantes torneos de tragamonedas.","robots":{"index":"index","follow":"follow","max-snippet":"max-snippet:-1","max-image-preview":"max-image-preview:large","max-video-preview":"max-video-preview:-1"},"canonical":"https:\/\/slotsite.mediacle.net\/tournaments\/","og_locale":"es_ES","og_type":"article","og_title":"Compite y gana a lo grande: \u00a1\u00fanete a emocionantes torneos de tragamonedas en nuestra p\u00e1gina!","og_description":"Experimente la emoci\u00f3n de los juegos competitivos con nuestros emocionantes torneos de tragamonedas. Lucha contra los jugadores por los mejores premios y el reconocimiento. \u00danase ahora para mostrar sus habilidades, girar los carretes y aprovechar la oportunidad de ganar a lo grande en nuestros emocionantes torneos de tragamonedas.","og_url":"https:\/\/slotsite.mediacle.net\/tournaments\/","og_site_name":"Slotsite","article_modified_time":"2023-08-24T07:00:40+00:00","twitter_card":"summary_large_image","twitter_misc":{"Est. reading time":"3 minutes"},"schema":{"@context":"https:\/\/schema.org","@graph":[{"@type":"WebPage","@id":"https:\/\/slotsite.mediacle.net\/tournaments\/","url":"https:\/\/slotsite.mediacle.net\/tournaments\/","name":"Compite y gana a lo grande: \u00a1\u00fanete a emocionantes torneos de tragamonedas en nuestra p\u00e1gina!","isPartOf":{"@id":"https:\/\/slotsite.mediacle.net\/#website"},"datePublished":"2023-07-10T06:21:44+00:00","dateModified":"2023-08-24T07:00:40+00:00","description":"Experimente la emoci\u00f3n de los juegos competitivos con nuestros emocionantes torneos de tragamonedas. Lucha contra los jugadores por los mejores premios y el reconocimiento. \u00danase ahora para mostrar sus habilidades, girar los carretes y aprovechar la oportunidad de ganar a lo grande en nuestros emocionantes torneos de tragamonedas.","breadcrumb":{"@id":"https:\/\/slotsite.mediacle.net\/tournaments\/#breadcrumb"},"inLanguage":"es-ES","potentialAction":[{"@type":"ReadAction","target":["https:\/\/slotsite.mediacle.net\/tournaments\/"]}]},{"@type":"BreadcrumbList","@id":"https:\/\/slotsite.mediacle.net\/tournaments\/#breadcrumb","itemListElement":[{"@type":"ListItem","position":1,"name":"Home","item":"https:\/\/slotsite.mediacle.net\/"},{"@type":"ListItem","position":2,"name":"Slot Tournaments"}]},{"@type":"WebSite","@id":"https:\/\/slotsite.mediacle.net\/#website","url":"https:\/\/slotsite.mediacle.net\/","name":"Slotsite","description":"","potentialAction":[{"@type":"SearchAction","target":{"@type":"EntryPoint","urlTemplate":"https:\/\/slotsite.mediacle.net\/?s={search_term_string}"},"query-input":"required name=search_term_string"}],"inLanguage":"es-ES"}]}},"_links":{"self":[{"href":"https:\/\/slotsite.mediacle.net\/es\/wp-json\/wp\/v2\/pages\/175","targetHints":{"allow":["GET"]}}],"collection":[{"href":"https:\/\/slotsite.mediacle.net\/es\/wp-json\/wp\/v2\/pages"}],"about":[{"href":"https:\/\/slotsite.mediacle.net\/es\/wp-json\/wp\/v2\/types\/page"}],"author":[{"embeddable":true,"href":"https:\/\/slotsite.mediacle.net\/es\/wp-json\/wp\/v2\/users\/1"}],"replies":[{"embeddable":true,"href":"https:\/\/slotsite.mediacle.net\/es\/wp-json\/wp\/v2\/comments?post=175"}],"version-history":[{"count":28,"href":"https:\/\/slotsite.mediacle.net\/es\/wp-json\/wp\/v2\/pages\/175\/revisions"}],"predecessor-version":[{"id":2090,"href":"https:\/\/slotsite.mediacle.net\/es\/wp-json\/wp\/v2\/pages\/175\/revisions\/2090"}],"wp:attachment":[{"href":"https:\/\/slotsite.mediacle.net\/es\/wp-json\/wp\/v2\/media?parent=175"}],"curies":[{"name":"wp","href":"https:\/\/api.w.org\/{rel}","templated":true}]}}