{"id":177,"date":"2023-07-10T06:22:14","date_gmt":"2023-07-10T06:22:14","guid":{"rendered":"https:\/\/slotsite.mediacle.net\/?page_id=177"},"modified":"2023-08-24T09:49:55","modified_gmt":"2023-08-24T09:49:55","slug":"instant-win","status":"publish","type":"page","link":"https:\/\/slotsite.mediacle.net\/es\/instant-win\/","title":{"rendered":"Juegos de casino en l\u00ednea de ganancia instant\u00e1nea"},"content":{"rendered":"<h2 style=\"text-align: justify;\"><strong>Disfrute de premios instant\u00e1neos con nuestra emocionante colecci\u00f3n de juegos instant\u00e1neos.<\/strong><\/h2>\n<p style=\"text-align: justify;\">Bienvenido al Casino SlotSite.com, su mejor destino para experimentar juegos en los que cada clic o rasca tiene el potencial de ganar premios en met\u00e1lico al instante. Explore nuestra variada selecci\u00f3n de juegos de premio instant\u00e1neo, que incluye tarjetas rasca y gana en l\u00ednea, ruedas giratorias, juegos de cartas, ruleta instant\u00e1nea, keno, loter\u00eda, juegos de carreras virtuales y mucho m\u00e1s. Cada juego ofrece estilos y modos de juego divertidos, as\u00ed como la posibilidad de ganar a lo grande, \u00a1le espera un viaje emocionante!<\/p>\n<h3 style=\"text-align: justify;\"><strong>Tarjetas Rasca y Gana Online: Descubra tesoros ocultos con cada rasgu\u00f1o<\/strong><\/h3>\n<p style=\"text-align: justify;\">Sum\u00e9rjase en el encanto intemporal de las tarjetas rasca y gana en l\u00ednea, donde un simple rasca con el dedo o con la alfombrilla del rat\u00f3n puede revelar grandes sorpresas. Nuestra colecci\u00f3n presenta una amplia gama de temas y dise\u00f1os, cada uno de los cuales ofrece su propio conjunto de diferentes premios en met\u00e1lico. Desde las cl\u00e1sicas tarjetas rasca y gana que puede ver en el supermercado hasta variaciones interactivas, encontrar\u00e1 un sinf\u00edn de oportunidades para descubrir s\u00edmbolos coincidentes, revelar premios ocultos y reclamar sus recompensas instant\u00e1neas. \u00a1Juegue, rasque y gane!<\/p>\n<h3 style=\"text-align: justify;\"><strong>Ruedas Giratorias: Gira la Rueda de la Fortuna para ganar premios instant\u00e1neos<\/strong><\/h3>\n<p style=\"text-align: justify;\">Prep\u00e1rese para vivir momentos de infarto con nuestros juegos de rueda giratoria. Siente c\u00f3mo crece la expectaci\u00f3n mientras haces girar las ruedas de la fortuna, persiguiendo generosos premios en met\u00e1lico, multiplicadores, rondas de bonificaci\u00f3n y mucho m\u00e1s. Con cada giro, la emoci\u00f3n alcanza nuevas cotas al ver c\u00f3mo se detiene la rueda. \u00bfSer\u00e1s el afortunado que se lleve el premio gordo y se asegure una riqueza instant\u00e1nea? \u00a1Gira la ruleta y deja que el destino decida tu fortuna!<\/p>\n<h3 style=\"text-align: justify;\"><strong>Juegos de cartas: Pon a prueba tu habilidad y tu suerte en los juegos de cartas con premio instant\u00e1neo<\/strong><\/h3>\n<p style=\"text-align: justify;\">Si le gustan los juegos de cartas, nuestra colecci\u00f3n Instant Win le ofrece una emocionante selecci\u00f3n de juegos de cartas con premios instant\u00e1neos. Ponga a prueba sus habilidades y participe en un juego trepidante mientras busca manos ganadoras y premios instant\u00e1neos. Con interesantes variaciones de juego, \u00a1nuestros juegos de cartas le har\u00e1n sentir como si tuviera un asiento en la mesa!<\/p>\n<h3 style=\"text-align: justify;\"><strong>Ruleta Instant\u00e1nea: Siente la emoci\u00f3n de ganar al instante en la ruleta<\/strong><\/h3>\n<p style=\"text-align: justify;\">La Ruleta Instant\u00e1nea es un juego en vivo realmente ingenioso que coloca 12 ruletas autom\u00e1ticas individuales en el estudio de juego. Las ruedas giran en orden secuencial, y las bolas caen una tras otra en las distintas ruedas. Haz tus apuestas, mira c\u00f3mo gira la ruleta y aguanta la respiraci\u00f3n mientras la bola encuentra su lugar de la suerte. \u00bfSe alinear\u00e1n los n\u00fameros elegidos? Con resultados r\u00e1pidos y la emoci\u00f3n de las ganancias instant\u00e1neas, <u>la Ruleta Instant\u00e1nea <\/u>es un juego al que definitivamente querr\u00e1 unirse a la acci\u00f3n.<\/p>\n<h3 style=\"text-align: justify;\"><strong>Juegos de Keno: Juega para ganar premios instant\u00e1neos en el emocionante mundo del Keno<\/strong><\/h3>\n<p style=\"text-align: justify;\">Disfrute de la emoci\u00f3n de los juegos de Keno al estilo de la loter\u00eda. Seleccione sus n\u00fameros de la suerte y espere ansiosamente el sorteo. A medida que se revelan los n\u00fameros, aumenta la expectaci\u00f3n y, con cada n\u00famero acertado, aumentan sus posibilidades de ganar a lo grande. Con varias opciones de apuesta y la emoci\u00f3n de los resultados instant\u00e1neos, nuestros <u>juegos de Keno <\/u>ofrecen una experiencia de juego r\u00e1pida y atractiva. \u00bfEstar\u00e1 la suerte de su lado cuando los n\u00fameros se alineen? Juegue al Keno y desc\u00fabralo.<\/p>\n<p style=\"text-align: justify;\">C\u00f3mo registrarse y jugar a juegos de premios instant\u00e1neos en SlotSite.com Casino:<\/p>\n<p style=\"text-align: justify;\">Tanto si eres un entusiasta de las tarjetas rasca y gana, un fan de las ruedas giratorias, un jugador de cartas estrat\u00e9gicas, un aficionado a la ruleta o un amante de los juegos de loter\u00eda, nuestra colecci\u00f3n Instant Win tiene algo para todos. \u00a1\u00danase a nosotros hoy mismo!<\/p>\n<ul style=\"text-align: justify;\">\n<li>Cree una cuenta: Haga clic en el bot\u00f3n &#8220;Registrarse&#8221;. Rellene la informaci\u00f3n requerida, incluidos su nombre, direcci\u00f3n de correo electr\u00f3nico y contrase\u00f1a. Acepte los t\u00e9rminos y condiciones, y haga clic en &#8220;Registrarse&#8221; para crear su cuenta.<\/li>\n<li>Verifique su cuenta: Despu\u00e9s de registrarse, recibir\u00e1 un correo electr\u00f3nico de verificaci\u00f3n. Haga clic en el enlace de verificaci\u00f3n proporcionado en el correo electr\u00f3nico para verificar su cuenta. Una vez verificada, estar\u00e1 listo para embarcarse en su viaje de juego instant\u00e1neo.<\/li>\n<li>Hacer un dep\u00f3sito: Para jugar a juegos de premio instant\u00e1neo con dinero real, tendr\u00e1s que hacer un dep\u00f3sito en tu cuenta del casino. SlotSite.com ofrece una variedad de opciones de pago seguras y c\u00f3modas. S\u00f3lo tienes que ir a la secci\u00f3n &#8220;Cajero&#8221;, elegir el m\u00e9todo de ingreso que prefieras, introducir los datos necesarios y seleccionar la cantidad deseada. Siga las instrucciones en pantalla para completar la transacci\u00f3n.<\/li>\n<li>Reclame el paquete de bienvenida: Como nuevo jugador, es posible que pueda optar a un bono de bienvenida. Consulte la p\u00e1gina de promociones o p\u00f3ngase en contacto con el servicio de atenci\u00f3n al cliente para conocer las ofertas de bienvenida disponibles. Para reclamar su bonificaci\u00f3n, introduzca el c\u00f3digo de bonificaci\u00f3n correspondiente durante el proceso de ingreso o p\u00f3ngase en contacto con el servicio de atenci\u00f3n al cliente para obtener ayuda.<\/li>\n<li>Vaya a la secci\u00f3n Casual: Una vez que haya ingresado fondos en su cuenta, dir\u00edjase al vest\u00edbulo de juegos y encontrar\u00e1 una amplia gama de juegos con premios instant\u00e1neos. Navegue por la selecci\u00f3n de juegos instant\u00e1neos y elija el que m\u00e1s le llame la atenci\u00f3n. Haga clic en la miniatura del juego para abrirlo.<\/li>\n<li>Aprenda las reglas: Cada juego instant\u00e1neo tiene sus propias reglas y mec\u00e1nica de juego. Dedica un momento a leer las instrucciones o la gu\u00eda del juego para familiarizarte con los objetivos, las combinaciones ganadoras y las caracter\u00edsticas especiales del juego.<\/li>\n<li>Fije su apuesta: Antes de empezar la partida, fije el importe de su apuesta. Recuerde que los distintos juegos pueden tener diferentes opciones de apuesta, as\u00ed que elija la que se adapte a su estilo de juego y a su presupuesto. Una vez que haya personalizado su apuesta, haga clic en el bot\u00f3n &#8220;Jugar&#8221; o &#8220;Empezar&#8221; para comenzar el juego. Siga las instrucciones en pantalla y disfrute de la emoci\u00f3n a medida que se desarrolla el juego.<\/li>\n<li>Reclame sus ganancias: Si tiene la suerte de conseguir una combinaci\u00f3n ganadora o una recompensa instant\u00e1nea, \u00a1enhorabuena! Sus ganancias se a\u00f1adir\u00e1n autom\u00e1ticamente al saldo de su cuenta del casino. Puede seguir jugando o retirar sus ganancias utilizando las opciones de retirada disponibles.<\/li>\n<\/ul>\n<p style=\"text-align: justify;\">Recuerde, jugar a juegos instant\u00e1neos en SlotSite.com Casino es para disfrutar y entretenerse. Establezca un presupuesto para sus sesiones de juego y juegue de forma responsable. El juego puede crear adicci\u00f3n. Si alguna vez necesitas ayuda o tienes alguna pregunta, nuestro amable y dedicado equipo de atenci\u00f3n al cliente est\u00e1 disponible 24\/7 para ayudarte en el camino. Reg\u00edstrese hoy mismo, sum\u00e9rjase en el mundo de las ganancias instant\u00e1neas y \u00a1que empiece la emoci\u00f3n!<\/p>\n","protected":false},"excerpt":{"rendered":"<p>Disfrute de premios instant\u00e1neos con nuestra emocionante colecci\u00f3n de juegos instant\u00e1neos. Bienvenido al Casino SlotSite.com, su mejor destino para experimentar juegos en los que cada clic o rasca tiene el potencial de ganar premios en met\u00e1lico al instante. Explore nuestra variada selecci\u00f3n de juegos de premio instant\u00e1neo, que incluye tarjetas rasca y gana en l\u00ednea, [&hellip;]<\/p>\n","protected":false},"author":1,"featured_media":0,"parent":0,"menu_order":0,"comment_status":"closed","ping_status":"closed","template":"templates\/category.php","meta":{"footnotes":""},"class_list":["post-177","page","type-page","status-publish","hentry"],"translation":{"provider":"WPGlobus","version":"2.12.2","language":"es","enabled_languages":["en","ca","fi","no","ja","es","pt","qc","gb","ir","nz","sa","in"],"languages":{"en":{"title":true,"content":true,"excerpt":false},"ca":{"title":true,"content":true,"excerpt":false},"fi":{"title":false,"content":false,"excerpt":false},"no":{"title":true,"content":true,"excerpt":false},"ja":{"title":false,"content":false,"excerpt":false},"es":{"title":true,"content":true,"excerpt":false},"pt":{"title":false,"content":false,"excerpt":false},"qc":{"title":false,"content":false,"excerpt":false},"gb":{"title":true,"content":true,"excerpt":false},"ir":{"title":false,"content":false,"excerpt":false},"nz":{"title":false,"content":false,"excerpt":false},"sa":{"title":false,"content":false,"excerpt":false},"in":{"title":true,"content":true,"excerpt":false}}},"acf":[],"yoast_head":"<!-- This site is optimized with the Yoast SEO plugin v20.11 - https:\/\/yoast.com\/wordpress\/plugins\/seo\/ -->\n<title>Juegos de premios instant\u00e1neos que emocionan: \u00a1Juega y gana al instante en Slotsite Casino!<\/title>\n<meta name=\"description\" content=\"Prep\u00e1rese para la emoci\u00f3n instant\u00e1nea en la colecci\u00f3n de juegos de ganancias instant\u00e1neas de Slotsite Casino. Juegue ahora para tener la oportunidad de ganar grandes premios en un abrir y cerrar de ojos. \u00a1Prueba tu suerte y experimenta la emoci\u00f3n de la gratificaci\u00f3n instant\u00e1nea hoy!\" \/>\n<meta name=\"robots\" content=\"index, follow, max-snippet:-1, max-image-preview:large, max-video-preview:-1\" \/>\n<link rel=\"canonical\" href=\"https:\/\/slotsite.mediacle.net\/instant-win\/\" \/>\n<meta property=\"og:locale\" content=\"es_ES\" \/>\n<meta property=\"og:type\" content=\"article\" \/>\n<meta property=\"og:title\" content=\"Juegos de premios instant\u00e1neos que emocionan: \u00a1Juega y gana al instante en Slotsite Casino!\" \/>\n<meta property=\"og:description\" content=\"Prep\u00e1rese para la emoci\u00f3n instant\u00e1nea en la colecci\u00f3n de juegos de ganancias instant\u00e1neas de Slotsite Casino. Juegue ahora para tener la oportunidad de ganar grandes premios en un abrir y cerrar de ojos. \u00a1Prueba tu suerte y experimenta la emoci\u00f3n de la gratificaci\u00f3n instant\u00e1nea hoy!\" \/>\n<meta property=\"og:url\" content=\"https:\/\/slotsite.mediacle.net\/instant-win\/\" \/>\n<meta property=\"og:site_name\" content=\"Slotsite\" \/>\n<meta property=\"article:modified_time\" content=\"2023-08-24T09:49:55+00:00\" \/>\n<meta name=\"twitter:card\" content=\"summary_large_image\" \/>\n<meta name=\"twitter:label1\" content=\"Est. reading time\" \/>\n\t<meta name=\"twitter:data1\" content=\"5 minutes\" \/>\n<script type=\"application\/ld+json\" class=\"yoast-schema-graph\">{\"@context\":\"https:\/\/schema.org\",\"@graph\":[{\"@type\":\"WebPage\",\"@id\":\"https:\/\/slotsite.mediacle.net\/instant-win\/\",\"url\":\"https:\/\/slotsite.mediacle.net\/instant-win\/\",\"name\":\"Juegos de premios instant\u00e1neos que emocionan: \u00a1Juega y gana al instante en Slotsite Casino!\",\"isPartOf\":{\"@id\":\"https:\/\/slotsite.mediacle.net\/#website\"},\"datePublished\":\"2023-07-10T06:22:14+00:00\",\"dateModified\":\"2023-08-24T09:49:55+00:00\",\"description\":\"Prep\u00e1rese para la emoci\u00f3n instant\u00e1nea en la colecci\u00f3n de juegos de ganancias instant\u00e1neas de Slotsite Casino. Juegue ahora para tener la oportunidad de ganar grandes premios en un abrir y cerrar de ojos. \u00a1Prueba tu suerte y experimenta la emoci\u00f3n de la gratificaci\u00f3n instant\u00e1nea hoy!\",\"breadcrumb\":{\"@id\":\"https:\/\/slotsite.mediacle.net\/instant-win\/#breadcrumb\"},\"inLanguage\":\"es-ES\",\"potentialAction\":[{\"@type\":\"ReadAction\",\"target\":[\"https:\/\/slotsite.mediacle.net\/instant-win\/\"]}]},{\"@type\":\"BreadcrumbList\",\"@id\":\"https:\/\/slotsite.mediacle.net\/instant-win\/#breadcrumb\",\"itemListElement\":[{\"@type\":\"ListItem\",\"position\":1,\"name\":\"Home\",\"item\":\"https:\/\/slotsite.mediacle.net\/\"},{\"@type\":\"ListItem\",\"position\":2,\"name\":\"Instant Win Online Casino Games\"}]},{\"@type\":\"WebSite\",\"@id\":\"https:\/\/slotsite.mediacle.net\/#website\",\"url\":\"https:\/\/slotsite.mediacle.net\/\",\"name\":\"Slotsite\",\"description\":\"\",\"potentialAction\":[{\"@type\":\"SearchAction\",\"target\":{\"@type\":\"EntryPoint\",\"urlTemplate\":\"https:\/\/slotsite.mediacle.net\/?s={search_term_string}\"},\"query-input\":\"required name=search_term_string\"}],\"inLanguage\":\"es-ES\"}]}<\/script>\n<!-- \/ Yoast SEO plugin. -->","yoast_head_json":{"title":"Juegos de premios instant\u00e1neos que emocionan: \u00a1Juega y gana al instante en Slotsite Casino!","description":"Prep\u00e1rese para la emoci\u00f3n instant\u00e1nea en la colecci\u00f3n de juegos de ganancias instant\u00e1neas de Slotsite Casino. Juegue ahora para tener la oportunidad de ganar grandes premios en un abrir y cerrar de ojos. \u00a1Prueba tu suerte y experimenta la emoci\u00f3n de la gratificaci\u00f3n instant\u00e1nea hoy!","robots":{"index":"index","follow":"follow","max-snippet":"max-snippet:-1","max-image-preview":"max-image-preview:large","max-video-preview":"max-video-preview:-1"},"canonical":"https:\/\/slotsite.mediacle.net\/instant-win\/","og_locale":"es_ES","og_type":"article","og_title":"Juegos de premios instant\u00e1neos que emocionan: \u00a1Juega y gana al instante en Slotsite Casino!","og_description":"Prep\u00e1rese para la emoci\u00f3n instant\u00e1nea en la colecci\u00f3n de juegos de ganancias instant\u00e1neas de Slotsite Casino. Juegue ahora para tener la oportunidad de ganar grandes premios en un abrir y cerrar de ojos. \u00a1Prueba tu suerte y experimenta la emoci\u00f3n de la gratificaci\u00f3n instant\u00e1nea hoy!","og_url":"https:\/\/slotsite.mediacle.net\/instant-win\/","og_site_name":"Slotsite","article_modified_time":"2023-08-24T09:49:55+00:00","twitter_card":"summary_large_image","twitter_misc":{"Est. reading time":"5 minutes"},"schema":{"@context":"https:\/\/schema.org","@graph":[{"@type":"WebPage","@id":"https:\/\/slotsite.mediacle.net\/instant-win\/","url":"https:\/\/slotsite.mediacle.net\/instant-win\/","name":"Juegos de premios instant\u00e1neos que emocionan: \u00a1Juega y gana al instante en Slotsite Casino!","isPartOf":{"@id":"https:\/\/slotsite.mediacle.net\/#website"},"datePublished":"2023-07-10T06:22:14+00:00","dateModified":"2023-08-24T09:49:55+00:00","description":"Prep\u00e1rese para la emoci\u00f3n instant\u00e1nea en la colecci\u00f3n de juegos de ganancias instant\u00e1neas de Slotsite Casino. Juegue ahora para tener la oportunidad de ganar grandes premios en un abrir y cerrar de ojos. \u00a1Prueba tu suerte y experimenta la emoci\u00f3n de la gratificaci\u00f3n instant\u00e1nea hoy!","breadcrumb":{"@id":"https:\/\/slotsite.mediacle.net\/instant-win\/#breadcrumb"},"inLanguage":"es-ES","potentialAction":[{"@type":"ReadAction","target":["https:\/\/slotsite.mediacle.net\/instant-win\/"]}]},{"@type":"BreadcrumbList","@id":"https:\/\/slotsite.mediacle.net\/instant-win\/#breadcrumb","itemListElement":[{"@type":"ListItem","position":1,"name":"Home","item":"https:\/\/slotsite.mediacle.net\/"},{"@type":"ListItem","position":2,"name":"Instant Win Online Casino Games"}]},{"@type":"WebSite","@id":"https:\/\/slotsite.mediacle.net\/#website","url":"https:\/\/slotsite.mediacle.net\/","name":"Slotsite","description":"","potentialAction":[{"@type":"SearchAction","target":{"@type":"EntryPoint","urlTemplate":"https:\/\/slotsite.mediacle.net\/?s={search_term_string}"},"query-input":"required name=search_term_string"}],"inLanguage":"es-ES"}]}},"_links":{"self":[{"href":"https:\/\/slotsite.mediacle.net\/es\/wp-json\/wp\/v2\/pages\/177","targetHints":{"allow":["GET"]}}],"collection":[{"href":"https:\/\/slotsite.mediacle.net\/es\/wp-json\/wp\/v2\/pages"}],"about":[{"href":"https:\/\/slotsite.mediacle.net\/es\/wp-json\/wp\/v2\/types\/page"}],"author":[{"embeddable":true,"href":"https:\/\/slotsite.mediacle.net\/es\/wp-json\/wp\/v2\/users\/1"}],"replies":[{"embeddable":true,"href":"https:\/\/slotsite.mediacle.net\/es\/wp-json\/wp\/v2\/comments?post=177"}],"version-history":[{"count":32,"href":"https:\/\/slotsite.mediacle.net\/es\/wp-json\/wp\/v2\/pages\/177\/revisions"}],"predecessor-version":[{"id":2100,"href":"https:\/\/slotsite.mediacle.net\/es\/wp-json\/wp\/v2\/pages\/177\/revisions\/2100"}],"wp:attachment":[{"href":"https:\/\/slotsite.mediacle.net\/es\/wp-json\/wp\/v2\/media?parent=177"}],"curies":[{"name":"wp","href":"https:\/\/api.w.org\/{rel}","templated":true}]}}