{"id":179,"date":"2023-07-10T06:23:15","date_gmt":"2023-07-10T06:23:15","guid":{"rendered":"https:\/\/slotsite.mediacle.net\/?page_id=179"},"modified":"2023-08-29T06:58:39","modified_gmt":"2023-08-29T06:58:39","slug":"live-casino","status":"publish","type":"page","link":"https:\/\/slotsite.mediacle.net\/es\/live-casino\/","title":{"rendered":"Juegos de casino con crupier en vivo"},"content":{"rendered":"<h2 style=\"text-align: justify;\"><strong>Enjoy Live Dealer Casino Games and Immerse Yourself in the Live Casino Experience<\/strong><\/h2>\n<p style=\"text-align: justify;\">Play and interact with real dealers and get ready to indulge in the authentic casino atmosphere and enjoy the excitement, sophistication, and social interaction that live gaming provides. We bring the action directly to your screen, allowing you to play and interact with professional dealers and players in real-time, at your comfort.<\/p>\n<h3 style=\"text-align: justify;\"><strong>Powered by Leading Software Providers:<\/strong><\/h3>\n<p style=\"text-align: justify;\">At SlotSite.com Casino, we partner with renowned software providers including Playtech, Evolution Gaming and more to deliver an exceptional live casino experience. These industry leaders are known for their high-quality studios, fast streaming and innovative features. With their expertise, we guarantee a diverse selection of classic casino games and thrilling variations, all hosted by professional dealers who bring the games to life with professionalism and support.<\/p>\n<h3 style=\"text-align: justify;\"><strong>A Wide Range of Live Dealer Games:<\/strong><\/h3>\n<h4 style=\"text-align: justify;\"><strong>Blackjack:<\/strong><\/h4>\n<p style=\"text-align: justify;\">Take a seat at our virtual blackjack tables and enjoy the timeless classic of this iconic card game. Play traditional variations of <a href=\"https:\/\/slotsite.mediacle.net\/blackjack\/\"><u>blackjack<\/u><\/a>, where the goal is to get a hand closer to 21 than the dealer without exceeding it. For an exciting twist, try Infinite Free Bet Blackjack, where you can split and double down for free on qualifying hands. Experience Quantum Blackjack Plus, where random multipliers can boost your winnings. Explore Unlimited Blackjack, where there&#8217;s no limit on the number of players at the table. VIP Blackjack offers exclusive high-stakes gameplay, while Speed Blackjack keeps the action fast-paced and intense.<\/p>\n<h4 style=\"text-align: justify;\"><strong>Roulette:<\/strong><\/h4>\n<p style=\"text-align: justify;\">Immerse yourself in the elegance and anticipation of roulette. Place your bets on the online table and watch as the<u>\u00a0<a href=\"https:\/\/slotsite.mediacle.net\/roulette\/\">roulette<\/a><\/u>\u00a0wheel spins. Experience Instant Roulette for a faster-paced game with no waiting time between spins. Try Quantum Live Roulette, where multipliers can increase your winnings by up to 1000x. Enjoy Auto Roulette for a relaxing automated gameplay experience, or indulge in VIP Roulette for an exclusive high-roller environment. French Roulette adds a touch of sophistication, while Football Roulette combines the excitement of the game!<\/p>\n<h4 style=\"text-align: justify;\"><strong>Baccarat:<\/strong><\/h4>\n<p style=\"text-align: justify;\">Engage in the excitement of <a href=\"https:\/\/slotsite.mediacle.net\/online-baccarat\/\"><u>baccarat<\/u><\/a>, a game favored by high-rollers around the world. Experience No Commission Baccarat, where you don&#8217;t pay any commission on winning banker bets. For fast-paced gameplay, Speed Baccarat keeps the action flowing. Take your place at the table and aim to achieve a hand value closest to 9 to win.<\/p>\n<h4 style=\"text-align: justify;\"><strong>Spinning Wheels:<\/strong><\/h4>\n<p style=\"text-align: justify;\">Spin the wheel and test your luck in games like Dream Catcher and Football Studio. Dream Catcher offers a captivating spinning wheel with various segments, each with its own multiplier value, giving you the chance to win big. Football Studio combines the thrill of live sports commentary with the simplicity of a spinning wheel game. There are lots of other fortune wheels and fun studios available!<\/p>\n<h3 style=\"text-align: justify;\"><strong>Other Live Casino Games:<\/strong><\/h3>\n<p style=\"text-align: justify;\">Discover additional games to elevate your live casino experience. Play Casino Hold&#8217;em, Texas Hold&#8217;em and more poker games. Try your luck in Sic Bo, a dice game with multiple betting options. Experience the excitement of Dragon Tiger, a fast-paced card game where you bet on which card will be higher. Poker enthusiasts can enjoy different poker variations, while Hi-Low offers a simple yet engaging guessing game.<\/p>\n<h3 style=\"text-align: justify;\"><strong>Unparalleled Live Casino Action:<\/strong><\/h3>\n<p style=\"text-align: justify;\">Take your seat at the virtual tables, challenge the dealers, and experience the excitement of real-time gameplay. Whether you&#8217;re a blackjack aficionado, a roulette enthusiast, or a baccarat lover, our live casino caters to every player&#8217;s preferences. Sign up today at SlotSite.com to enjoy the best in live dealer casino gaming. Don&#8217;t miss out on the action and authenticity that awaits! Interact with friendly and professional dealers, chat with fellow players, and enjoy the camaraderie that live gaming brings. Always remember to know and set your limits. Gamble responsibly. Gambling can be addictive.<\/p>\n","protected":false},"excerpt":{"rendered":"<p>Enjoy Live Dealer Casino Games and Immerse Yourself in the Live Casino Experience Play and interact with real dealers and get ready to indulge in the authentic casino atmosphere and enjoy the excitement, sophistication, and social interaction that live gaming provides. We bring the action directly to your screen, allowing you to play and interact [&hellip;]<\/p>\n","protected":false},"author":1,"featured_media":0,"parent":0,"menu_order":0,"comment_status":"closed","ping_status":"closed","template":"templates\/category.php","meta":{"footnotes":""},"class_list":["post-179","page","type-page","status-publish","hentry"],"translation":{"provider":"WPGlobus","version":"2.12.2","language":"es","enabled_languages":["en","ca","fi","no","ja","es","pt","qc","gb","ir","nz","sa","in"],"languages":{"en":{"title":true,"content":true,"excerpt":false},"ca":{"title":true,"content":false,"excerpt":false},"fi":{"title":false,"content":false,"excerpt":false},"no":{"title":false,"content":false,"excerpt":false},"ja":{"title":false,"content":false,"excerpt":false},"es":{"title":true,"content":true,"excerpt":false},"pt":{"title":false,"content":false,"excerpt":false},"qc":{"title":false,"content":false,"excerpt":false},"gb":{"title":true,"content":true,"excerpt":false},"ir":{"title":false,"content":false,"excerpt":false},"nz":{"title":false,"content":false,"excerpt":false},"sa":{"title":false,"content":false,"excerpt":false},"in":{"title":true,"content":true,"excerpt":false}}},"acf":[],"yoast_head":"<!-- This site is optimized with the Yoast SEO plugin v20.11 - https:\/\/yoast.com\/wordpress\/plugins\/seo\/ -->\n<title>Eleva tu juego: \u00a1Sum\u00e9rgete en nuestra experiencia de casino en vivo!<\/title>\n<meta name=\"description\" content=\"Ingrese al mundo de la emoci\u00f3n en tiempo real con nuestras ofertas de casino en vivo. Interact\u00fae con crupieres profesionales, juegue sus juegos de mesa favoritos y disfrute de un aut\u00e9ntico ambiente de casino desde la comodidad de su hogar. \u00danase ahora para experimentar la emoci\u00f3n, desafiar sus habilidades y potencialmente ganar a lo grande en nuestros cautivadores juegos de casino en vivo.\" \/>\n<meta name=\"robots\" content=\"index, follow, max-snippet:-1, max-image-preview:large, max-video-preview:-1\" \/>\n<link rel=\"canonical\" href=\"https:\/\/slotsite.mediacle.net\/live-casino\/\" \/>\n<meta property=\"og:locale\" content=\"es_ES\" \/>\n<meta property=\"og:type\" content=\"article\" \/>\n<meta property=\"og:title\" content=\"Eleva tu juego: \u00a1Sum\u00e9rgete en nuestra experiencia de casino en vivo!\" \/>\n<meta property=\"og:description\" content=\"Ingrese al mundo de la emoci\u00f3n en tiempo real con nuestras ofertas de casino en vivo. Interact\u00fae con crupieres profesionales, juegue sus juegos de mesa favoritos y disfrute de un aut\u00e9ntico ambiente de casino desde la comodidad de su hogar. \u00danase ahora para experimentar la emoci\u00f3n, desafiar sus habilidades y potencialmente ganar a lo grande en nuestros cautivadores juegos de casino en vivo.\" \/>\n<meta property=\"og:url\" content=\"https:\/\/slotsite.mediacle.net\/live-casino\/\" \/>\n<meta property=\"og:site_name\" content=\"Slotsite\" \/>\n<meta property=\"article:modified_time\" content=\"2023-08-29T06:58:39+00:00\" \/>\n<meta name=\"twitter:card\" content=\"summary_large_image\" \/>\n<meta name=\"twitter:label1\" content=\"Est. reading time\" \/>\n\t<meta name=\"twitter:data1\" content=\"3 minutes\" \/>\n<script type=\"application\/ld+json\" class=\"yoast-schema-graph\">{\"@context\":\"https:\/\/schema.org\",\"@graph\":[{\"@type\":\"WebPage\",\"@id\":\"https:\/\/slotsite.mediacle.net\/live-casino\/\",\"url\":\"https:\/\/slotsite.mediacle.net\/live-casino\/\",\"name\":\"Eleva tu juego: \u00a1Sum\u00e9rgete en nuestra experiencia de casino en vivo!\",\"isPartOf\":{\"@id\":\"https:\/\/slotsite.mediacle.net\/#website\"},\"datePublished\":\"2023-07-10T06:23:15+00:00\",\"dateModified\":\"2023-08-29T06:58:39+00:00\",\"description\":\"Ingrese al mundo de la emoci\u00f3n en tiempo real con nuestras ofertas de casino en vivo. Interact\u00fae con crupieres profesionales, juegue sus juegos de mesa favoritos y disfrute de un aut\u00e9ntico ambiente de casino desde la comodidad de su hogar. \u00danase ahora para experimentar la emoci\u00f3n, desafiar sus habilidades y potencialmente ganar a lo grande en nuestros cautivadores juegos de casino en vivo.\",\"breadcrumb\":{\"@id\":\"https:\/\/slotsite.mediacle.net\/live-casino\/#breadcrumb\"},\"inLanguage\":\"es-ES\",\"potentialAction\":[{\"@type\":\"ReadAction\",\"target\":[\"https:\/\/slotsite.mediacle.net\/live-casino\/\"]}]},{\"@type\":\"BreadcrumbList\",\"@id\":\"https:\/\/slotsite.mediacle.net\/live-casino\/#breadcrumb\",\"itemListElement\":[{\"@type\":\"ListItem\",\"position\":1,\"name\":\"Home\",\"item\":\"https:\/\/slotsite.mediacle.net\/\"},{\"@type\":\"ListItem\",\"position\":2,\"name\":\"Live Casino\"}]},{\"@type\":\"WebSite\",\"@id\":\"https:\/\/slotsite.mediacle.net\/#website\",\"url\":\"https:\/\/slotsite.mediacle.net\/\",\"name\":\"Slotsite\",\"description\":\"\",\"potentialAction\":[{\"@type\":\"SearchAction\",\"target\":{\"@type\":\"EntryPoint\",\"urlTemplate\":\"https:\/\/slotsite.mediacle.net\/?s={search_term_string}\"},\"query-input\":\"required name=search_term_string\"}],\"inLanguage\":\"es-ES\"}]}<\/script>\n<!-- \/ Yoast SEO plugin. -->","yoast_head_json":{"title":"Eleva tu juego: \u00a1Sum\u00e9rgete en nuestra experiencia de casino en vivo!","description":"Ingrese al mundo de la emoci\u00f3n en tiempo real con nuestras ofertas de casino en vivo. Interact\u00fae con crupieres profesionales, juegue sus juegos de mesa favoritos y disfrute de un aut\u00e9ntico ambiente de casino desde la comodidad de su hogar. \u00danase ahora para experimentar la emoci\u00f3n, desafiar sus habilidades y potencialmente ganar a lo grande en nuestros cautivadores juegos de casino en vivo.","robots":{"index":"index","follow":"follow","max-snippet":"max-snippet:-1","max-image-preview":"max-image-preview:large","max-video-preview":"max-video-preview:-1"},"canonical":"https:\/\/slotsite.mediacle.net\/live-casino\/","og_locale":"es_ES","og_type":"article","og_title":"Eleva tu juego: \u00a1Sum\u00e9rgete en nuestra experiencia de casino en vivo!","og_description":"Ingrese al mundo de la emoci\u00f3n en tiempo real con nuestras ofertas de casino en vivo. Interact\u00fae con crupieres profesionales, juegue sus juegos de mesa favoritos y disfrute de un aut\u00e9ntico ambiente de casino desde la comodidad de su hogar. \u00danase ahora para experimentar la emoci\u00f3n, desafiar sus habilidades y potencialmente ganar a lo grande en nuestros cautivadores juegos de casino en vivo.","og_url":"https:\/\/slotsite.mediacle.net\/live-casino\/","og_site_name":"Slotsite","article_modified_time":"2023-08-29T06:58:39+00:00","twitter_card":"summary_large_image","twitter_misc":{"Est. reading time":"3 minutes"},"schema":{"@context":"https:\/\/schema.org","@graph":[{"@type":"WebPage","@id":"https:\/\/slotsite.mediacle.net\/live-casino\/","url":"https:\/\/slotsite.mediacle.net\/live-casino\/","name":"Eleva tu juego: \u00a1Sum\u00e9rgete en nuestra experiencia de casino en vivo!","isPartOf":{"@id":"https:\/\/slotsite.mediacle.net\/#website"},"datePublished":"2023-07-10T06:23:15+00:00","dateModified":"2023-08-29T06:58:39+00:00","description":"Ingrese al mundo de la emoci\u00f3n en tiempo real con nuestras ofertas de casino en vivo. Interact\u00fae con crupieres profesionales, juegue sus juegos de mesa favoritos y disfrute de un aut\u00e9ntico ambiente de casino desde la comodidad de su hogar. \u00danase ahora para experimentar la emoci\u00f3n, desafiar sus habilidades y potencialmente ganar a lo grande en nuestros cautivadores juegos de casino en vivo.","breadcrumb":{"@id":"https:\/\/slotsite.mediacle.net\/live-casino\/#breadcrumb"},"inLanguage":"es-ES","potentialAction":[{"@type":"ReadAction","target":["https:\/\/slotsite.mediacle.net\/live-casino\/"]}]},{"@type":"BreadcrumbList","@id":"https:\/\/slotsite.mediacle.net\/live-casino\/#breadcrumb","itemListElement":[{"@type":"ListItem","position":1,"name":"Home","item":"https:\/\/slotsite.mediacle.net\/"},{"@type":"ListItem","position":2,"name":"Live Casino"}]},{"@type":"WebSite","@id":"https:\/\/slotsite.mediacle.net\/#website","url":"https:\/\/slotsite.mediacle.net\/","name":"Slotsite","description":"","potentialAction":[{"@type":"SearchAction","target":{"@type":"EntryPoint","urlTemplate":"https:\/\/slotsite.mediacle.net\/?s={search_term_string}"},"query-input":"required name=search_term_string"}],"inLanguage":"es-ES"}]}},"_links":{"self":[{"href":"https:\/\/slotsite.mediacle.net\/es\/wp-json\/wp\/v2\/pages\/179","targetHints":{"allow":["GET"]}}],"collection":[{"href":"https:\/\/slotsite.mediacle.net\/es\/wp-json\/wp\/v2\/pages"}],"about":[{"href":"https:\/\/slotsite.mediacle.net\/es\/wp-json\/wp\/v2\/types\/page"}],"author":[{"embeddable":true,"href":"https:\/\/slotsite.mediacle.net\/es\/wp-json\/wp\/v2\/users\/1"}],"replies":[{"embeddable":true,"href":"https:\/\/slotsite.mediacle.net\/es\/wp-json\/wp\/v2\/comments?post=179"}],"version-history":[{"count":23,"href":"https:\/\/slotsite.mediacle.net\/es\/wp-json\/wp\/v2\/pages\/179\/revisions"}],"predecessor-version":[{"id":2119,"href":"https:\/\/slotsite.mediacle.net\/es\/wp-json\/wp\/v2\/pages\/179\/revisions\/2119"}],"wp:attachment":[{"href":"https:\/\/slotsite.mediacle.net\/es\/wp-json\/wp\/v2\/media?parent=179"}],"curies":[{"name":"wp","href":"https:\/\/api.w.org\/{rel}","templated":true}]}}