{"id":181,"date":"2023-07-10T06:23:42","date_gmt":"2023-07-10T06:23:42","guid":{"rendered":"https:\/\/slotsite.mediacle.net\/?page_id=181"},"modified":"2023-08-31T09:55:30","modified_gmt":"2023-08-31T09:55:30","slug":"blackjack","status":"publish","type":"page","link":"https:\/\/slotsite.mediacle.net\/es\/Juegos-de-Blackjack-en-l%C3%ADnea\/","title":{"rendered":"Juegos de Blackjack en l\u00ednea"},"content":{"rendered":"<h2 style=\"text-align: justify;\"><strong>Juegue a sus juegos de Blackjack favoritos y sum\u00e9rjase en emocionantes variaciones<\/strong><\/h2>\n<p style=\"text-align: justify;\">Entra en el reino del blackjack online en SlotSite.com Casino, donde te traemos una enorme selecci\u00f3n de cautivadores juegos de blackjack para satisfacer tu experiencia. Con una impresionante l\u00ednea de m\u00e1s de 75 proveedores de software de juegos, nos aseguramos de que usted tenga acceso a las mejores variaciones en l\u00ednea y juegos de blackjack con crupier en vivo para una experiencia de juego inolvidable.<\/p>\n<h3 style=\"text-align: justify;\"><strong>C\u00f3mo jugar al Blackjack:<\/strong><\/h3>\n<p style=\"text-align: justify;\">Si eres nuevo en el blackjack o necesitas un repaso, las reglas son sencillas. El objetivo del juego es tener una mano m\u00e1s alta que la mano del crupier, sin exceder 21. Se te reparten dos cartas y tienes la opci\u00f3n de pedir (recibir otra carta), plantarte (mantener tu mano actual), doblar (doblar tu apuesta y recibir una carta m\u00e1s) o dividir (si tus dos cartas iniciales son del mismo valor, puedes dividirlas en dos manos separadas). El crupier sigue reglas espec\u00edficas sobre cu\u00e1ndo pedir o plantarse. La clave est\u00e1 en elaborar estrategias y tomar decisiones basadas en el valor de tus cartas y en la carta boca arriba del crupier. Cuanto m\u00e1s te acerques a 21 sin pasarte, m\u00e1s posibilidades tendr\u00e1s de ganar.<\/p>\n<h3 style=\"text-align: justify;\"><strong>Blackjack cl\u00e1sico:<\/strong><\/h3>\n<p style=\"text-align: justify;\">Juegue al blackjack cl\u00e1sico que disfrutan jugadores de todo el mundo. Si\u00e9ntese en nuestras mesas de blackjack virtuales y juegue estrat\u00e9gicamente a los juegos favoritos, como Vegas Strip Blackjack y Vegas Downtown Blackjack. Estas variantes tradicionales ofrecen la aut\u00e9ntica experiencia del blackjack, con reglas familiares y un ambiente genial.<\/p>\n<h3 style=\"text-align: justify;\"><strong>Blackjack con crupier en vivo:<\/strong><\/h3>\n<p style=\"text-align: justify;\">Mejore su aventura de juego con nuestros juegos de blackjack con crupier en vivo, donde se enfrentar\u00e1 a crupieres profesionales en tiempo real. Siente la emoci\u00f3n del Speed Blackjack, donde cada jugador tiene el poder de tomar decisiones simult\u00e1neamente, lo que resulta en un juego a la velocidad del rayo. Arri\u00e9sgate con Quantum Blackjack, donde los multiplicadores aleatorios pueden elevar tus ganancias a niveles astron\u00f3micos. Si buscas un giro emocionante, Infinite Free Bet Live Dealer Blackjack te permite dividir y doblar en manos clasificatorias sin ning\u00fan coste adicional, maximizando tu potencial de grandes ganancias.<\/p>\n<h3 style=\"text-align: justify;\"><strong>Emocionantes variaciones de Blackjack:<\/strong><\/h3>\n<p style=\"text-align: justify;\">Prep\u00e1rese para dejarse cautivar por nuestra colecci\u00f3n de divertidas variantes de blackjack que inyectan elementos \u00fanicos al juego. Ad\u00e9ntrese en el reino tridimensional del Blackjack 3D o experimente la adrenalina del Speed Blackjack, en el que se elimina el tiempo de espera del crupier, lo que da lugar a una acci\u00f3n incesante. A\u00f1ade una capa extra de emoci\u00f3n con All Bets Live Blackjack, con emocionantes apuestas paralelas que pueden mejorar tu juego. Para un toque de lujo VIP, \u00fanete a la exclusiva mesa VIP de Soiree Blackjack. Y no te pierdas la oportunidad de disfrutar del Blackjack Ilimitado, en el que la mesa nunca est\u00e1 llena, lo que te garantiza que siempre tendr\u00e1s un sitio para demostrar tus habilidades. Por \u00faltimo, \u00fanete a la animada atm\u00f3sfera de Blackjack Party Live, donde los carism\u00e1ticos anfitriones crean un vibrante ambiente de fiesta mientras juegas.<\/p>\n<h3 style=\"text-align: justify;\"><strong>\u00danete a la acci\u00f3n del Blackjack hoy mismo:<\/strong><\/h3>\n<p style=\"text-align: justify;\">Registrarse en SlotSite.com es r\u00e1pido y f\u00e1cil. Simplemente haga clic en el bot\u00f3n &#8220;Registrarse&#8221; y siga las instrucciones para crear su cuenta. Una vez que se haya registrado, podr\u00e1 realizar un dep\u00f3sito utilizando nuestras c\u00f3modas y seguras opciones bancarias. No olvide reclamar su bono de bienvenida para dar un empuj\u00f3n a su aventura en el blackjack. A continuaci\u00f3n, vaya a la pesta\u00f1a de juegos, busque &#8220;blackjack&#8221; y elija su variante de juego preferida. T\u00f3mese su tiempo para familiarizarse con las reglas y las opciones de apuesta, y cuando est\u00e9 listo, haga sus apuestas y deje que las cartas hablen. Juegue siempre de forma responsable y nuestro amable equipo de atenci\u00f3n al cliente est\u00e1 disponible 24 horas al d\u00eda, 7 d\u00edas a la semana, para ayudarle con cualquier duda o consulta.<\/p>\n","protected":false},"excerpt":{"rendered":"<p>Juegue a sus juegos de Blackjack favoritos y sum\u00e9rjase en emocionantes variaciones Entra en el reino del blackjack online en SlotSite.com Casino, donde te traemos una enorme selecci\u00f3n de cautivadores juegos de blackjack para satisfacer tu experiencia. Con una impresionante l\u00ednea de m\u00e1s de 75 proveedores de software de juegos, nos aseguramos de que usted [&hellip;]<\/p>\n","protected":false},"author":1,"featured_media":0,"parent":0,"menu_order":0,"comment_status":"closed","ping_status":"closed","template":"templates\/category.php","meta":{"footnotes":""},"class_list":["post-181","page","type-page","status-publish","hentry"],"translation":{"provider":"WPGlobus","version":"2.12.2","language":"es","enabled_languages":["en","ca","fi","no","ja","es","pt","qc","gb","ir","nz","sa","in"],"languages":{"en":{"title":true,"content":true,"excerpt":false},"ca":{"title":true,"content":true,"excerpt":false},"fi":{"title":true,"content":true,"excerpt":false},"no":{"title":true,"content":true,"excerpt":false},"ja":{"title":true,"content":true,"excerpt":false},"es":{"title":true,"content":true,"excerpt":false},"pt":{"title":true,"content":true,"excerpt":false},"qc":{"title":true,"content":true,"excerpt":false},"gb":{"title":true,"content":true,"excerpt":false},"ir":{"title":false,"content":false,"excerpt":false},"nz":{"title":false,"content":false,"excerpt":false},"sa":{"title":false,"content":false,"excerpt":false},"in":{"title":true,"content":true,"excerpt":false}}},"acf":[],"yoast_head":"<!-- This site is optimized with the Yoast SEO plugin v20.11 - https:\/\/yoast.com\/wordpress\/plugins\/seo\/ -->\n<title>Blackjack Una mano ganadora en el juego del 21 | tragamonedas<\/title>\n<meta name=\"description\" content=\"Sum\u00e9rgete en el apasionante mundo del Blackjack, el cl\u00e1sico juego de cartas de estrategia y azar. En este juego de ritmo r\u00e1pido, su objetivo es ser m\u00e1s astuto que el crupier creando una mano lo m\u00e1s cercana posible a 21 sin pasarse. Navegue por la tensi\u00f3n de cada decisi\u00f3n: Pedir, Plantarse, Doblar o Dividir, mientras busca la mano perfecta.\" \/>\n<meta name=\"robots\" content=\"index, follow, max-snippet:-1, max-image-preview:large, max-video-preview:-1\" \/>\n<link rel=\"canonical\" href=\"https:\/\/slotsite.mediacle.net\/blackjack\/\" \/>\n<meta property=\"og:locale\" content=\"es_ES\" \/>\n<meta property=\"og:type\" content=\"article\" \/>\n<meta property=\"og:title\" content=\"Blackjack Una mano ganadora en el juego del 21 | tragamonedas\" \/>\n<meta property=\"og:description\" content=\"Sum\u00e9rgete en el apasionante mundo del Blackjack, el cl\u00e1sico juego de cartas de estrategia y azar. En este juego de ritmo r\u00e1pido, su objetivo es ser m\u00e1s astuto que el crupier creando una mano lo m\u00e1s cercana posible a 21 sin pasarse. Navegue por la tensi\u00f3n de cada decisi\u00f3n: Pedir, Plantarse, Doblar o Dividir, mientras busca la mano perfecta.\" \/>\n<meta property=\"og:url\" content=\"https:\/\/slotsite.mediacle.net\/blackjack\/\" \/>\n<meta property=\"og:site_name\" content=\"Slotsite\" \/>\n<meta property=\"article:modified_time\" content=\"2023-08-31T09:55:30+00:00\" \/>\n<meta name=\"twitter:card\" content=\"summary_large_image\" \/>\n<meta name=\"twitter:label1\" content=\"Est. reading time\" \/>\n\t<meta name=\"twitter:data1\" content=\"3 minutes\" \/>\n<script type=\"application\/ld+json\" class=\"yoast-schema-graph\">{\"@context\":\"https:\/\/schema.org\",\"@graph\":[{\"@type\":\"WebPage\",\"@id\":\"https:\/\/slotsite.mediacle.net\/blackjack\/\",\"url\":\"https:\/\/slotsite.mediacle.net\/blackjack\/\",\"name\":\"Blackjack A Winning Hand in the Game of 21 | Slotsite\",\"isPartOf\":{\"@id\":\"https:\/\/slotsite.mediacle.net\/#website\"},\"datePublished\":\"2023-07-10T06:23:42+00:00\",\"dateModified\":\"2023-08-31T09:55:30+00:00\",\"description\":\"Immerse yourself in the thrilling world of Blackjack, the classic card game of strategy and chance. In this fast-paced game, your goal is to outsmart the dealer by building a hand that's as close to 21 as possible without going over.\",\"breadcrumb\":{\"@id\":\"https:\/\/slotsite.mediacle.net\/blackjack\/#breadcrumb\"},\"inLanguage\":\"es-ES\",\"potentialAction\":[{\"@type\":\"ReadAction\",\"target\":[\"https:\/\/slotsite.mediacle.net\/blackjack\/\"]}]},{\"@type\":\"BreadcrumbList\",\"@id\":\"https:\/\/slotsite.mediacle.net\/blackjack\/#breadcrumb\",\"itemListElement\":[{\"@type\":\"ListItem\",\"position\":1,\"name\":\"Home\",\"item\":\"https:\/\/slotsite.mediacle.net\/\"},{\"@type\":\"ListItem\",\"position\":2,\"name\":\"Online Blackjack Games\"}]},{\"@type\":\"WebSite\",\"@id\":\"https:\/\/slotsite.mediacle.net\/#website\",\"url\":\"https:\/\/slotsite.mediacle.net\/\",\"name\":\"Slotsite\",\"description\":\"\",\"potentialAction\":[{\"@type\":\"SearchAction\",\"target\":{\"@type\":\"EntryPoint\",\"urlTemplate\":\"https:\/\/slotsite.mediacle.net\/?s={search_term_string}\"},\"query-input\":\"required name=search_term_string\"}],\"inLanguage\":\"es-ES\"}]}<\/script>\n<!-- \/ Yoast SEO plugin. -->","yoast_head_json":{"title":"Blackjack Una mano ganadora en el juego del 21 | tragamonedas","description":"Sum\u00e9rgete en el apasionante mundo del Blackjack, el cl\u00e1sico juego de cartas de estrategia y azar. En este juego de ritmo r\u00e1pido, su objetivo es ser m\u00e1s astuto que el crupier creando una mano lo m\u00e1s cercana posible a 21 sin pasarse. Navegue por la tensi\u00f3n de cada decisi\u00f3n: Pedir, Plantarse, Doblar o Dividir, mientras busca la mano perfecta.","robots":{"index":"index","follow":"follow","max-snippet":"max-snippet:-1","max-image-preview":"max-image-preview:large","max-video-preview":"max-video-preview:-1"},"canonical":"https:\/\/slotsite.mediacle.net\/blackjack\/","og_locale":"es_ES","og_type":"article","og_title":"Blackjack Una mano ganadora en el juego del 21 | tragamonedas","og_description":"Sum\u00e9rgete en el apasionante mundo del Blackjack, el cl\u00e1sico juego de cartas de estrategia y azar. En este juego de ritmo r\u00e1pido, su objetivo es ser m\u00e1s astuto que el crupier creando una mano lo m\u00e1s cercana posible a 21 sin pasarse. Navegue por la tensi\u00f3n de cada decisi\u00f3n: Pedir, Plantarse, Doblar o Dividir, mientras busca la mano perfecta.","og_url":"https:\/\/slotsite.mediacle.net\/blackjack\/","og_site_name":"Slotsite","article_modified_time":"2023-08-31T09:55:30+00:00","twitter_card":"summary_large_image","twitter_misc":{"Est. reading time":"3 minutes"},"schema":{"@context":"https:\/\/schema.org","@graph":[{"@type":"WebPage","@id":"https:\/\/slotsite.mediacle.net\/blackjack\/","url":"https:\/\/slotsite.mediacle.net\/blackjack\/","name":"Blackjack A Winning Hand in the Game of 21 | Slotsite","isPartOf":{"@id":"https:\/\/slotsite.mediacle.net\/#website"},"datePublished":"2023-07-10T06:23:42+00:00","dateModified":"2023-08-31T09:55:30+00:00","description":"Immerse yourself in the thrilling world of Blackjack, the classic card game of strategy and chance. In this fast-paced game, your goal is to outsmart the dealer by building a hand that's as close to 21 as possible without going over.","breadcrumb":{"@id":"https:\/\/slotsite.mediacle.net\/blackjack\/#breadcrumb"},"inLanguage":"es-ES","potentialAction":[{"@type":"ReadAction","target":["https:\/\/slotsite.mediacle.net\/blackjack\/"]}]},{"@type":"BreadcrumbList","@id":"https:\/\/slotsite.mediacle.net\/blackjack\/#breadcrumb","itemListElement":[{"@type":"ListItem","position":1,"name":"Home","item":"https:\/\/slotsite.mediacle.net\/"},{"@type":"ListItem","position":2,"name":"Online Blackjack Games"}]},{"@type":"WebSite","@id":"https:\/\/slotsite.mediacle.net\/#website","url":"https:\/\/slotsite.mediacle.net\/","name":"Slotsite","description":"","potentialAction":[{"@type":"SearchAction","target":{"@type":"EntryPoint","urlTemplate":"https:\/\/slotsite.mediacle.net\/?s={search_term_string}"},"query-input":"required name=search_term_string"}],"inLanguage":"es-ES"}]}},"_links":{"self":[{"href":"https:\/\/slotsite.mediacle.net\/es\/wp-json\/wp\/v2\/pages\/181","targetHints":{"allow":["GET"]}}],"collection":[{"href":"https:\/\/slotsite.mediacle.net\/es\/wp-json\/wp\/v2\/pages"}],"about":[{"href":"https:\/\/slotsite.mediacle.net\/es\/wp-json\/wp\/v2\/types\/page"}],"author":[{"embeddable":true,"href":"https:\/\/slotsite.mediacle.net\/es\/wp-json\/wp\/v2\/users\/1"}],"replies":[{"embeddable":true,"href":"https:\/\/slotsite.mediacle.net\/es\/wp-json\/wp\/v2\/comments?post=181"}],"version-history":[{"count":50,"href":"https:\/\/slotsite.mediacle.net\/es\/wp-json\/wp\/v2\/pages\/181\/revisions"}],"predecessor-version":[{"id":2356,"href":"https:\/\/slotsite.mediacle.net\/es\/wp-json\/wp\/v2\/pages\/181\/revisions\/2356"}],"wp:attachment":[{"href":"https:\/\/slotsite.mediacle.net\/es\/wp-json\/wp\/v2\/media?parent=181"}],"curies":[{"name":"wp","href":"https:\/\/api.w.org\/{rel}","templated":true}]}}