{"id":183,"date":"2023-07-10T06:24:13","date_gmt":"2023-07-10T06:24:13","guid":{"rendered":"https:\/\/slotsite.mediacle.net\/?page_id=183"},"modified":"2023-08-31T09:56:23","modified_gmt":"2023-08-31T09:56:23","slug":"roulette","status":"publish","type":"page","link":"https:\/\/slotsite.mediacle.net\/es\/roulette\/","title":{"rendered":"Juegos de ruleta en l\u00ednea"},"content":{"rendered":"<h2 style=\"text-align: justify;\"><strong>\u00a1D\u00e9 rienda suelta a su suerte y haga girar la ruleta en l\u00ednea en SlotSite.com Casino!<\/strong><\/h2>\n<p style=\"text-align: justify;\">Experimente la elegancia cl\u00e1sica y las innovaciones modernas de la ruleta en l\u00ednea. Con m\u00e1s de 75 proveedores de software de juego en nuestra plataforma, garantizamos una amplia selecci\u00f3n de juegos de ruleta que se adaptan a las preferencias de cada jugador. \u00danase a nosotros para vivir una experiencia de ruleta inolvidable que combina la elegancia del juego tradicional con emocionantes giros modernos.<\/p>\n<h3 style=\"text-align: justify;\"><strong>Juegos cl\u00e1sicos de ruleta:<\/strong><\/h3>\n<p style=\"text-align: justify;\">Del\u00e9itese con la sofisticaci\u00f3n de los juegos de ruleta cl\u00e1sicos que han cautivado a los jugadores durante generaciones. Si\u00e9ntese y disfrute de la refinada jugabilidad de la Ruleta Europea, donde un solo cero en la rueda proporciona probabilidades favorables. Pruebe nuevos juegos como la Ruleta 3D, donde las animaciones y el sonido realistas crean un interesante entorno de casino. Para los que buscan una experiencia tradicional con opciones de apuesta m\u00e1s bajas, nuestra Ruleta 20p le permite hacer apuestas de tan s\u00f3lo 20 c\u00e9ntimos por giro. Y si le apasiona el f\u00fatbol, no se pierda la emoci\u00f3n de la Ruleta de la Copa Mundial.<\/p>\n<h3 style=\"text-align: justify;\"><strong>Ruleta europea:<\/strong><\/h3>\n<p style=\"text-align: justify;\">La Ruleta Europea es uno de los juegos de ruleta m\u00e1s populares y sofisticados. La rueda presenta n\u00fameros del 1 al 36 y un \u00fanico cero, lo que ofrece probabilidades favorables en comparaci\u00f3n con otras variantes. Haga sus apuestas sobre n\u00fameros individuales, grupos de n\u00fameros u otras combinaciones, y espere a que gire la ruleta para determinar su suerte. \u00bfSer\u00e1 su n\u00famero o combinaci\u00f3n el afortunado?<\/p>\n<h3 style=\"text-align: justify;\"><strong>Ruleta de 20 peniques:<\/strong><\/h3>\n<p style=\"text-align: justify;\">Para aquellos que buscan opciones de apuesta m\u00e1s bajas, nuestro juego de Ruleta 20p es perfecto. Con una apuesta m\u00ednima de s\u00f3lo 20 c\u00e9ntimos, podr\u00e1 seguir disfrutando de la emoci\u00f3n de la ruleta sin arruinarse. Coloque sus apuestas estrat\u00e9gicamente y observe c\u00f3mo gira la ruleta, esperando que salga su n\u00famero de la suerte. Es una gran opci\u00f3n para los jugadores ocasionales o los que prefieren jugar con apuestas m\u00e1s peque\u00f1as.<\/p>\n<h3 style=\"text-align: justify;\"><strong>Ruleta autom\u00e1tica:<\/strong><\/h3>\n<p style=\"text-align: justify;\">Disfrute de la comodidad y rapidez de la Ruleta Autom\u00e1tica, en la que el juego est\u00e1 automatizado y no requiere crupier en vivo. La ruleta gira autom\u00e1ticamente, lo que permite una acci\u00f3n continua. Haga sus apuestas, vea girar la ruleta y descubra si la suerte est\u00e1 de su lado. La Ruleta Autom\u00e1tica es perfecta para los que prefieren una experiencia de juego m\u00e1s \u00e1gil y est\u00e1 disponible incluso en los estudios con crupier en vivo.<\/p>\n<h3 style=\"text-align: justify;\"><strong>Ruleta VIP:<\/strong><\/h3>\n<p style=\"text-align: justify;\">Disfrute del ambiente de la Ruleta VIP, dise\u00f1ada para grandes apostadores y jugadores que aprecian una experiencia de juego elevada. Este exclusivo juego en vivo ofrece l\u00edmites de apuesta m\u00e1s altos, creando un entorno adaptado a los jugadores VIP. Haga sus apuestas con confianza y disfrute de los privilegios de ser un VIP.<\/p>\n<h3 style=\"text-align: justify;\"><strong>Ruleta de 3 ruedas:<\/strong><\/h3>\n<p style=\"text-align: justify;\">Lleve su experiencia en la ruleta al siguiente nivel con la Ruleta de 3 Ruedas. En esta variante, en lugar de una sola rueda, encontrar\u00e1 tres ruedas distintas girando simult\u00e1neamente. Este emocionante giro aumenta sus posibilidades de acertar una combinaci\u00f3n ganadora, ofreci\u00e9ndole a\u00fan m\u00e1s oportunidades de ganar a lo grande. Coloque sus apuestas estrat\u00e9gicamente en las tres ruedas y vea c\u00f3mo se desarrolla la emoci\u00f3n.<\/p>\n<h3 style=\"text-align: justify;\"><strong>Ruleta instant\u00e1nea:<\/strong><\/h3>\n<p style=\"text-align: justify;\">En esta popular variante en vivo, las rondas son r\u00e1pidas, ya que el juego utiliza 12 ruedas. Observe c\u00f3mo caen las bolas una tras otra para obtener resultados inmediatos. Desp\u00eddase de esperar a que otros jugadores o la ruleta giren. Con la Ruleta Instant\u00e1nea, la acci\u00f3n no se detiene, manteni\u00e9ndole al borde de su asiento.<\/p>\n<h3 style=\"text-align: justify;\"><strong>Ruleta r\u00e1pida:<\/strong><\/h3>\n<p style=\"text-align: justify;\">Para los que prefieren una experiencia de ruleta r\u00e1pida, Speed Roulette es la elecci\u00f3n perfecta. Como su nombre indica, esta variante lleva el juego a un nuevo nivel de velocidad. Las rondas son r\u00e1pidas, lo que garantiza un tiempo de inactividad m\u00ednimo entre tiradas. Tienes que hacer tus apuestas r\u00e1pidamente, pero siempre puedes utilizar la opci\u00f3n Re-apostar o la pesta\u00f1a Mis apuestas para guardar y utilizar tus apuestas favoritas. Mira c\u00f3mo gira la ruleta y comprueba si la suerte est\u00e1 de tu lado.<\/p>\n<h3 style=\"text-align: justify;\"><strong>Apuestas anunciadas Ruleta en vivo:<\/strong><\/h3>\n<p style=\"text-align: justify;\">Experimente la elegancia de Announced Bets Live Roulette, una variante que ofrece una amplia gama de opciones de apuestas avanzadas. Este juego le permite realizar apuestas anunciadas, como Orphelins, Voisins du Z\u00e9ro y Tiers du Cylindre. Estas apuestas cubren secciones espec\u00edficas de la rueda, a\u00f1adiendo una capa extra de estrategia y emoci\u00f3n a su juego. Explore las complejidades de Announced Bets Live Roulette y eleve su estrategia en la ruleta.<\/p>\n<h3 style=\"text-align: justify;\"><strong>La ruleta cu\u00e1ntica:<\/strong><\/h3>\n<p style=\"text-align: justify;\">Emb\u00e1rquese en un salto cu\u00e1ntico hacia el futuro de la ruleta con Quantum Roulette. Este juego en vivo introduce multiplicadores que pueden aumentar sus ganancias hasta 1000 veces y es presentado por un presentador. A medida que realiza sus apuestas, se seleccionan n\u00fameros adicionales que a\u00f1aden multiplicadores a posiciones directas aleatorias de la ruleta. \u00bfLe traer\u00e1 el reino cu\u00e1ntico inmensa suerte y fortuna?<\/p>\n<h3 style=\"text-align: justify;\"><strong>La ruleta del f\u00fatbol:<\/strong><\/h3>\n<p style=\"text-align: justify;\">Combine la emoci\u00f3n de la ruleta con la pasi\u00f3n del f\u00fatbol en Football Roulette. Esta variante introduce elementos de tem\u00e1tica futbol\u00edstica en la retransmisi\u00f3n, creando un ambiente divertido para que los aficionados al f\u00fatbol y los entusiastas de la ruleta charlen. Merece la pena visitar el estudio en directo.<\/p>\n<h3 style=\"text-align: justify;\"><strong>Opciones de apuestas en la ruleta:<\/strong><\/h3>\n<p style=\"text-align: justify;\">Hay muchas opciones de apuesta disponibles en la ruleta. Cada apuesta tiene diferentes probabilidades y pagos, lo que le permite personalizar su estrategia de ruleta en funci\u00f3n de sus preferencias y tolerancia al riesgo. Cuando juegas a la ruleta, tienes una gran variedad de opciones de apuestas entre las que elegir. He aqu\u00ed algunos tipos comunes de apuestas en la ruleta:<\/p>\n<p style=\"text-align: justify;\">Apuesta directa: Coloque sus fichas en un solo n\u00famero. Si la bola cae en ese n\u00famero, ganas.<\/p>\n<p style=\"text-align: justify;\">Apuesta dividida: Apueste a dos n\u00fameros adyacentes colocando sus fichas en la l\u00ednea entre ellos. Si cualquiera de los dos n\u00fameros es el n\u00famero ganador, usted gana.<\/p>\n<p style=\"text-align: justify;\">Apuesta callejera: Apueste a una fila de tres n\u00fameros colocando sus fichas en el borde exterior de la fila. Si alguno de los tres n\u00fameros es el n\u00famero ganador, usted gana.<\/p>\n<p style=\"text-align: justify;\">Apuesta de esquina: Apueste a cuatro n\u00fameros colocando sus fichas en la intersecci\u00f3n donde se encuentran los cuatro n\u00fameros. Si alguno de los cuatro n\u00fameros es el n\u00famero ganador, usted gana.<\/p>\n<p style=\"text-align: justify;\">Apuesta de l\u00ednea: Apueste a dos filas de tres n\u00fameros colocando sus fichas en el borde exterior donde se juntan las dos filas. Si alguno de los seis n\u00fameros es el n\u00famero ganador, usted gana.<\/p>\n<p style=\"text-align: justify;\">Apuesta de columna: Apueste a una de las tres columnas verticales de n\u00fameros colocando sus fichas en la parte inferior de la columna elegida. Si cualquier n\u00famero de la columna es el n\u00famero ganador, usted gana.<\/p>\n<p style=\"text-align: justify;\">Apuesta a la docena: Apueste a un grupo de doce n\u00fameros colocando sus fichas en las secciones &#8220;1\u00ba 12&#8221;, &#8220;2\u00ba 12&#8221; o &#8220;3\u00ba 12&#8221; de la mesa. Si cualquier n\u00famero del grupo elegido es el n\u00famero ganador, usted gana.<\/p>\n<p style=\"text-align: justify;\">Apuesta par\/impar: Apueste a si el n\u00famero ganador ser\u00e1 par o impar colocando sus fichas en la secci\u00f3n correspondiente de la mesa. Si el n\u00famero ganador coincide con tu selecci\u00f3n, ganas.<\/p>\n<p style=\"text-align: justify;\">Apuesta rojo\/negro: Apueste a si el n\u00famero ganador ser\u00e1 rojo o negro colocando sus fichas en la secci\u00f3n correspondiente de la mesa. Si el n\u00famero ganador coincide con tu selecci\u00f3n, ganas.<\/p>\n<p style=\"text-align: justify;\">Apuesta baja\/alta: Apueste a si el n\u00famero ganador ser\u00e1 bajo (1-18) o alto (19-36) colocando sus fichas en la secci\u00f3n correspondiente de la mesa. Si el n\u00famero ganador coincide con su selecci\u00f3n, usted gana.<\/p>\n<h2 style=\"text-align: justify;\"><strong>C\u00f3mo jugar a la ruleta en SlotSite.com:<\/strong><\/h2>\n<p style=\"text-align: justify;\">Jugar a la ruleta en SlotSite.com Casino es f\u00e1cil y divertido. Para empezar, s\u00f3lo tiene que registrarse para obtener una cuenta y hacer un dep\u00f3sito utilizando nuestras opciones bancarias seguras y convenientes. Una vez que est\u00e9 listo, busque la ruleta en el cuadro de b\u00fasqueda y elija su juego preferido. Familiar\u00edcese con las reglas del juego y las opciones de apuesta, despu\u00e9s haga sus apuestas y observe c\u00f3mo gira la ruleta. Con suerte, \u00a1celebrar\u00e1 sus victorias! Explore nuestra amplia colecci\u00f3n de ruletas, elija su variante preferida y haga sus apuestas. Si tiene alguna pregunta o necesita ayuda, nuestro equipo de atenci\u00f3n al cliente est\u00e1 disponible 24 horas al d\u00eda, 7 d\u00edas a la semana, para ofrecerle asistencia profesional y amable. Recuerde siempre que el juego puede crear adicci\u00f3n. Juegue de forma responsable y establezca l\u00edmites para garantizar una experiencia de juego segura y agradable.<\/p>\n","protected":false},"excerpt":{"rendered":"<p>\u00a1D\u00e9 rienda suelta a su suerte y haga girar la ruleta en l\u00ednea en SlotSite.com Casino! Experimente la elegancia cl\u00e1sica y las innovaciones modernas de la ruleta en l\u00ednea. Con m\u00e1s de 75 proveedores de software de juego en nuestra plataforma, garantizamos una amplia selecci\u00f3n de juegos de ruleta que se adaptan a las preferencias [&hellip;]<\/p>\n","protected":false},"author":1,"featured_media":0,"parent":0,"menu_order":0,"comment_status":"closed","ping_status":"closed","template":"templates\/category.php","meta":{"footnotes":""},"class_list":["post-183","page","type-page","status-publish","hentry"],"translation":{"provider":"WPGlobus","version":"2.12.2","language":"es","enabled_languages":["en","ca","fi","no","ja","es","pt","qc","gb","ir","nz","sa","in"],"languages":{"en":{"title":true,"content":true,"excerpt":false},"ca":{"title":true,"content":true,"excerpt":false},"fi":{"title":true,"content":true,"excerpt":false},"no":{"title":true,"content":true,"excerpt":false},"ja":{"title":true,"content":true,"excerpt":false},"es":{"title":true,"content":true,"excerpt":false},"pt":{"title":true,"content":true,"excerpt":false},"qc":{"title":true,"content":true,"excerpt":false},"gb":{"title":true,"content":true,"excerpt":false},"ir":{"title":false,"content":false,"excerpt":false},"nz":{"title":false,"content":false,"excerpt":false},"sa":{"title":false,"content":false,"excerpt":false},"in":{"title":true,"content":true,"excerpt":false}}},"acf":[],"yoast_head":"<!-- This site is optimized with the Yoast SEO plugin v20.11 - https:\/\/yoast.com\/wordpress\/plugins\/seo\/ -->\n<title>Apuesta y gana con la ruleta online: \u00a1haz girar la rueda de la fortuna ahora!<\/title>\n<meta name=\"description\" content=\"\u00a1Ad\u00e9ntrese en el mundo de la ruleta en l\u00ednea y deje que la rueda de la fortuna gu\u00ede su destino! Juega al cl\u00e1sico juego de casino desde cualquier lugar y experimenta la emoci\u00f3n de predecir d\u00f3nde caer\u00e1 la bola. \u00danase ahora para disfrutar de la emoci\u00f3n, ponga a prueba su suerte y, potencialmente, gane a lo grande con cada giro de la ruleta.\" \/>\n<meta name=\"robots\" content=\"index, follow, max-snippet:-1, max-image-preview:large, max-video-preview:-1\" \/>\n<link rel=\"canonical\" href=\"https:\/\/slotsite.mediacle.net\/roulette\/\" \/>\n<meta property=\"og:locale\" content=\"es_ES\" \/>\n<meta property=\"og:type\" content=\"article\" \/>\n<meta property=\"og:title\" content=\"Apuesta y gana con la ruleta online: \u00a1haz girar la rueda de la fortuna ahora!\" \/>\n<meta property=\"og:description\" content=\"\u00a1Ad\u00e9ntrese en el mundo de la ruleta en l\u00ednea y deje que la rueda de la fortuna gu\u00ede su destino! Juega al cl\u00e1sico juego de casino desde cualquier lugar y experimenta la emoci\u00f3n de predecir d\u00f3nde caer\u00e1 la bola. \u00danase ahora para disfrutar de la emoci\u00f3n, ponga a prueba su suerte y, potencialmente, gane a lo grande con cada giro de la ruleta.\" \/>\n<meta property=\"og:url\" content=\"https:\/\/slotsite.mediacle.net\/roulette\/\" \/>\n<meta property=\"og:site_name\" content=\"Slotsite\" \/>\n<meta property=\"article:modified_time\" content=\"2023-08-31T09:56:23+00:00\" \/>\n<meta name=\"twitter:card\" content=\"summary_large_image\" \/>\n<meta name=\"twitter:label1\" content=\"Est. reading time\" \/>\n\t<meta name=\"twitter:data1\" content=\"6 minutes\" \/>\n<script type=\"application\/ld+json\" class=\"yoast-schema-graph\">{\"@context\":\"https:\/\/schema.org\",\"@graph\":[{\"@type\":\"WebPage\",\"@id\":\"https:\/\/slotsite.mediacle.net\/roulette\/\",\"url\":\"https:\/\/slotsite.mediacle.net\/roulette\/\",\"name\":\"Bet and Win with Online Roulette: Spin the Wheel of Fortune Now!\",\"isPartOf\":{\"@id\":\"https:\/\/slotsite.mediacle.net\/#website\"},\"datePublished\":\"2023-07-10T06:24:13+00:00\",\"dateModified\":\"2023-08-31T09:56:23+00:00\",\"description\":\"Step into the world of online roulette and let the wheel of fortune guide your destiny! Play the classic casino game from anywhere and experience the excitement of predicting where the ball will land. Join now to enjoy the thrill, put your luck to the test, and potentially win big with every spin of the wheel.\",\"breadcrumb\":{\"@id\":\"https:\/\/slotsite.mediacle.net\/roulette\/#breadcrumb\"},\"inLanguage\":\"es-ES\",\"potentialAction\":[{\"@type\":\"ReadAction\",\"target\":[\"https:\/\/slotsite.mediacle.net\/roulette\/\"]}]},{\"@type\":\"BreadcrumbList\",\"@id\":\"https:\/\/slotsite.mediacle.net\/roulette\/#breadcrumb\",\"itemListElement\":[{\"@type\":\"ListItem\",\"position\":1,\"name\":\"Home\",\"item\":\"https:\/\/slotsite.mediacle.net\/\"},{\"@type\":\"ListItem\",\"position\":2,\"name\":\"Online Roulette Games\"}]},{\"@type\":\"WebSite\",\"@id\":\"https:\/\/slotsite.mediacle.net\/#website\",\"url\":\"https:\/\/slotsite.mediacle.net\/\",\"name\":\"Slotsite\",\"description\":\"\",\"potentialAction\":[{\"@type\":\"SearchAction\",\"target\":{\"@type\":\"EntryPoint\",\"urlTemplate\":\"https:\/\/slotsite.mediacle.net\/?s={search_term_string}\"},\"query-input\":\"required name=search_term_string\"}],\"inLanguage\":\"es-ES\"}]}<\/script>\n<!-- \/ Yoast SEO plugin. -->","yoast_head_json":{"title":"Apuesta y gana con la ruleta online: \u00a1haz girar la rueda de la fortuna ahora!","description":"\u00a1Ad\u00e9ntrese en el mundo de la ruleta en l\u00ednea y deje que la rueda de la fortuna gu\u00ede su destino! Juega al cl\u00e1sico juego de casino desde cualquier lugar y experimenta la emoci\u00f3n de predecir d\u00f3nde caer\u00e1 la bola. \u00danase ahora para disfrutar de la emoci\u00f3n, ponga a prueba su suerte y, potencialmente, gane a lo grande con cada giro de la ruleta.","robots":{"index":"index","follow":"follow","max-snippet":"max-snippet:-1","max-image-preview":"max-image-preview:large","max-video-preview":"max-video-preview:-1"},"canonical":"https:\/\/slotsite.mediacle.net\/roulette\/","og_locale":"es_ES","og_type":"article","og_title":"Apuesta y gana con la ruleta online: \u00a1haz girar la rueda de la fortuna ahora!","og_description":"\u00a1Ad\u00e9ntrese en el mundo de la ruleta en l\u00ednea y deje que la rueda de la fortuna gu\u00ede su destino! Juega al cl\u00e1sico juego de casino desde cualquier lugar y experimenta la emoci\u00f3n de predecir d\u00f3nde caer\u00e1 la bola. \u00danase ahora para disfrutar de la emoci\u00f3n, ponga a prueba su suerte y, potencialmente, gane a lo grande con cada giro de la ruleta.","og_url":"https:\/\/slotsite.mediacle.net\/roulette\/","og_site_name":"Slotsite","article_modified_time":"2023-08-31T09:56:23+00:00","twitter_card":"summary_large_image","twitter_misc":{"Est. reading time":"6 minutes"},"schema":{"@context":"https:\/\/schema.org","@graph":[{"@type":"WebPage","@id":"https:\/\/slotsite.mediacle.net\/roulette\/","url":"https:\/\/slotsite.mediacle.net\/roulette\/","name":"Bet and Win with Online Roulette: Spin the Wheel of Fortune Now!","isPartOf":{"@id":"https:\/\/slotsite.mediacle.net\/#website"},"datePublished":"2023-07-10T06:24:13+00:00","dateModified":"2023-08-31T09:56:23+00:00","description":"Step into the world of online roulette and let the wheel of fortune guide your destiny! Play the classic casino game from anywhere and experience the excitement of predicting where the ball will land. Join now to enjoy the thrill, put your luck to the test, and potentially win big with every spin of the wheel.","breadcrumb":{"@id":"https:\/\/slotsite.mediacle.net\/roulette\/#breadcrumb"},"inLanguage":"es-ES","potentialAction":[{"@type":"ReadAction","target":["https:\/\/slotsite.mediacle.net\/roulette\/"]}]},{"@type":"BreadcrumbList","@id":"https:\/\/slotsite.mediacle.net\/roulette\/#breadcrumb","itemListElement":[{"@type":"ListItem","position":1,"name":"Home","item":"https:\/\/slotsite.mediacle.net\/"},{"@type":"ListItem","position":2,"name":"Online Roulette Games"}]},{"@type":"WebSite","@id":"https:\/\/slotsite.mediacle.net\/#website","url":"https:\/\/slotsite.mediacle.net\/","name":"Slotsite","description":"","potentialAction":[{"@type":"SearchAction","target":{"@type":"EntryPoint","urlTemplate":"https:\/\/slotsite.mediacle.net\/?s={search_term_string}"},"query-input":"required name=search_term_string"}],"inLanguage":"es-ES"}]}},"_links":{"self":[{"href":"https:\/\/slotsite.mediacle.net\/es\/wp-json\/wp\/v2\/pages\/183","targetHints":{"allow":["GET"]}}],"collection":[{"href":"https:\/\/slotsite.mediacle.net\/es\/wp-json\/wp\/v2\/pages"}],"about":[{"href":"https:\/\/slotsite.mediacle.net\/es\/wp-json\/wp\/v2\/types\/page"}],"author":[{"embeddable":true,"href":"https:\/\/slotsite.mediacle.net\/es\/wp-json\/wp\/v2\/users\/1"}],"replies":[{"embeddable":true,"href":"https:\/\/slotsite.mediacle.net\/es\/wp-json\/wp\/v2\/comments?post=183"}],"version-history":[{"count":42,"href":"https:\/\/slotsite.mediacle.net\/es\/wp-json\/wp\/v2\/pages\/183\/revisions"}],"predecessor-version":[{"id":2357,"href":"https:\/\/slotsite.mediacle.net\/es\/wp-json\/wp\/v2\/pages\/183\/revisions\/2357"}],"wp:attachment":[{"href":"https:\/\/slotsite.mediacle.net\/es\/wp-json\/wp\/v2\/media?parent=183"}],"curies":[{"name":"wp","href":"https:\/\/api.w.org\/{rel}","templated":true}]}}