{"id":184,"date":"2023-07-10T06:24:27","date_gmt":"2023-07-10T06:24:27","guid":{"rendered":"https:\/\/slotsite.mediacle.net\/?page_id=184"},"modified":"2023-08-31T09:52:53","modified_gmt":"2023-08-31T09:52:53","slug":"table-games","status":"publish","type":"page","link":"https:\/\/slotsite.mediacle.net\/es\/table-games\/","title":{"rendered":"Juegos de mesa de casino"},"content":{"rendered":"<h2 style=\"text-align: justify;\"><strong>\u00a1Entra en la sofisticaci\u00f3n de los juegos de mesa de casino en SlotSite.com Casino!<\/strong><\/h2>\n<p style=\"text-align: justify;\">Experimente el ep\u00edtome de la diversi\u00f3n y el entretenimiento en SlotSite.com Casino, donde nuestra selecci\u00f3n de juegos de mesa le ofrecer\u00e1 una colecci\u00f3n de cl\u00e1sicos cautivadores y variaciones estimulantes, cuidadosamente seleccionadas para satisfacer su gusto m\u00e1s exigente. \u00danase a nosotros y disfrute del refinado arte del juego, donde la estrategia y la suerte se entrelazan.<\/p>\n<h3 style=\"text-align: justify;\"><strong>Blackjack en l\u00ednea:<\/strong><\/h3>\n<p style=\"text-align: justify;\">Desaf\u00eda al crupier en el eterno juego <a href=\"https:\/\/slotsite.mediacle.net\/blackjack\/\"><u>del Blackjack<\/u><\/a>. Participa en emocionantes batallas de estrategia y anticipaci\u00f3n para conseguir una mano cercana a 21 sin pasarte. Explora diferentes variantes, como el Blackjack Cl\u00e1sico, el Blackjack Europeo y el Blackjack con crupier en vivo, cada una de ellas con giros y posibilidades estrat\u00e9gicas \u00fanicas.<\/p>\n<h2 style=\"text-align: justify;\"><strong>Ruleta en l\u00ednea:<\/strong><\/h2>\n<p style=\"text-align: justify;\">Gire la <u>ruleta<\/u>\u00a0y deje que el juego le ofrezca numerosas opciones de apuesta. Sienta la emoci\u00f3n de la anticipaci\u00f3n mientras la bola baila alrededor de la rueda y finalmente se asienta. Juegue a la Ruleta Europea o saboree la acci\u00f3n din\u00e1mica de las numerosas variaciones y temas. Juegue a la Ruleta con crupier en vivo y haga sus apuestas sobre n\u00fameros, colores o combinaciones, y sea testigo de c\u00f3mo la rueda del destino cobra vida.<\/p>\n<h3 style=\"text-align: justify;\"><strong>Baccarat en l\u00ednea:<\/strong><\/h3>\n<p style=\"text-align: justify;\">Juegue al cautivador juego <a href=\"https:\/\/slotsite.mediacle.net\/baccarat\/\"><u>del Baccarat <\/u><\/a>y compita contra la banca o apueste con ella. Este juego es f\u00e1cil de jugar una vez que has aprendido c\u00f3mo, y b\u00e1sicamente tu objetivo es conseguir un valor de mano lo m\u00e1s cercano a nueve. Experimente el encanto cl\u00e1sico del Punto Banco tradicional o explore divertidas variantes como el Speed Baccarat y el Baccarat sin comisiones, cada una de las cuales a\u00f1ade un toque \u00fanico a este querido juego.<\/p>\n<h3 style=\"text-align: justify;\"><strong>Juegos de p\u00f3quer en el casino:<\/strong><\/h3>\n<p style=\"text-align: justify;\">Saca el estratega que llevas dentro con los temas de los juegos de p\u00f3quer de casino. Pon a prueba tus habilidades y participa en batallas estrat\u00e9gicas en Casino Hold&#8217;em, Texas Hold&#8217;em, Stud y Video Poker. Haz movimientos calculados y disfruta de tu tiempo en el casino con crupier en vivo.<\/p>\n<h3 style=\"text-align: justify;\"><strong>Dados en l\u00ednea:<\/strong><\/h3>\n<p style=\"text-align: justify;\">Sienta la emoci\u00f3n del <a href=\"https:\/\/slotsite.mediacle.net\/onlinr-craps\/\"><u>Craps<\/u><\/a>, un juego que combina azar y estrategia a partes iguales. Observe c\u00f3mo ruedan los dados y disfrute del electrizante ambiente del estudio con crupier en vivo. Disponible tanto en vivo como en primera persona, podr\u00e1 realizar apuestas sobre multitud de posibilidades. Experimente la energ\u00eda mientras los dados determinan su destino.<\/p>\n<h3 style=\"text-align: justify;\"><strong>Online Sic Bo:<\/strong><\/h3>\n<p style=\"text-align: justify;\">Descubra los misterios del Lejano Oriente con Sic Bo, un antiguo juego de dados que cautiva por su encanto cultural. Prediga el resultado de tres tiradas de dados y haga sus apuestas en una variedad de combinaciones. Siente c\u00f3mo crece la emoci\u00f3n a medida que los dados caen, desvelando los resultados que podr\u00edan llevarte a ganar premios inolvidables.<\/p>\n<p style=\"text-align: justify;\">\u00danase a nosotros hoy mismo en SlotSite.com Casino y descubra el arte del Blackjack, el encanto de la Ruleta, la sofisticaci\u00f3n del Baccarat y la emoci\u00f3n del P\u00f3quer, los Dados y el Sic Bo. \u00a1Que empiece el juego! En SlotSite.com Casino, nos esforzamos por ofrecer una experiencia de juego excepcional, garantizando una transmisi\u00f3n r\u00e1pida y acceso a los estudios de juego m\u00e1s avanzados. Tanto si es un jugador experimentado como si le gusta probar nuevos juegos de mesa de casino, nuestra amplia selecci\u00f3n con juego incorporado le ofrecer\u00e1 todo lo que necesita. \u00a1H\u00e1gase socio hoy mismo! Recuerde siempre conocer y establecer sus l\u00edmites. Juegue de forma responsable. El juego puede crear adicci\u00f3n.<\/p>\n","protected":false},"excerpt":{"rendered":"<p>\u00a1Entra en la sofisticaci\u00f3n de los juegos de mesa de casino en SlotSite.com Casino! Experimente el ep\u00edtome de la diversi\u00f3n y el entretenimiento en SlotSite.com Casino, donde nuestra selecci\u00f3n de juegos de mesa le ofrecer\u00e1 una colecci\u00f3n de cl\u00e1sicos cautivadores y variaciones estimulantes, cuidadosamente seleccionadas para satisfacer su gusto m\u00e1s exigente. \u00danase a nosotros y [&hellip;]<\/p>\n","protected":false},"author":1,"featured_media":0,"parent":0,"menu_order":0,"comment_status":"closed","ping_status":"closed","template":"templates\/category.php","meta":{"footnotes":""},"class_list":["post-184","page","type-page","status-publish","hentry"],"translation":{"provider":"WPGlobus","version":"2.12.2","language":"es","enabled_languages":["en","ca","fi","no","ja","es","pt","qc","gb","ir","nz","sa","in"],"languages":{"en":{"title":true,"content":true,"excerpt":false},"ca":{"title":true,"content":true,"excerpt":false},"fi":{"title":true,"content":true,"excerpt":false},"no":{"title":true,"content":true,"excerpt":false},"ja":{"title":true,"content":true,"excerpt":false},"es":{"title":true,"content":true,"excerpt":false},"pt":{"title":false,"content":true,"excerpt":false},"qc":{"title":true,"content":true,"excerpt":false},"gb":{"title":true,"content":true,"excerpt":false},"ir":{"title":false,"content":false,"excerpt":false},"nz":{"title":false,"content":false,"excerpt":false},"sa":{"title":false,"content":false,"excerpt":false},"in":{"title":true,"content":true,"excerpt":false}}},"acf":[],"yoast_head":"<!-- This site is optimized with the Yoast SEO plugin v20.11 - https:\/\/yoast.com\/wordpress\/plugins\/seo\/ -->\n<title>D\u00e9 rienda suelta a la emoci\u00f3n: \u00a1Explore una variedad de juegos de mesa de casino para todos los jugadores!<\/title>\n<meta name=\"description\" content=\"Sum\u00e9rgete en el mundo de los juegos de mesa de casino en nuestra plataforma, que ofrece algo para cada jugador. Desde cl\u00e1sicos eternos hasta variaciones modernas, prueba tus habilidades y suerte en una experiencia de juego din\u00e1mica. \u00danase ahora para disfrutar del desaf\u00edo, el compromiso y la posibilidad de obtener grandes ganancias en nuestra diversa colecci\u00f3n de juegos de mesa de casino.\" \/>\n<meta name=\"robots\" content=\"index, follow, max-snippet:-1, max-image-preview:large, max-video-preview:-1\" \/>\n<link rel=\"canonical\" href=\"https:\/\/slotsite.mediacle.net\/table-games\/\" \/>\n<meta property=\"og:locale\" content=\"es_ES\" \/>\n<meta property=\"og:type\" content=\"article\" \/>\n<meta property=\"og:title\" content=\"D\u00e9 rienda suelta a la emoci\u00f3n: \u00a1Explore una variedad de juegos de mesa de casino para todos los jugadores!\" \/>\n<meta property=\"og:description\" content=\"Sum\u00e9rgete en el mundo de los juegos de mesa de casino en nuestra plataforma, que ofrece algo para cada jugador. Desde cl\u00e1sicos eternos hasta variaciones modernas, prueba tus habilidades y suerte en una experiencia de juego din\u00e1mica. \u00danase ahora para disfrutar del desaf\u00edo, el compromiso y la posibilidad de obtener grandes ganancias en nuestra diversa colecci\u00f3n de juegos de mesa de casino.\" \/>\n<meta property=\"og:url\" content=\"https:\/\/slotsite.mediacle.net\/table-games\/\" \/>\n<meta property=\"og:site_name\" content=\"Slotsite\" \/>\n<meta property=\"article:modified_time\" content=\"2023-08-31T09:52:53+00:00\" \/>\n<meta name=\"twitter:card\" content=\"summary_large_image\" \/>\n<meta name=\"twitter:label1\" content=\"Est. reading time\" \/>\n\t<meta name=\"twitter:data1\" content=\"3 minutes\" \/>\n<script type=\"application\/ld+json\" class=\"yoast-schema-graph\">{\"@context\":\"https:\/\/schema.org\",\"@graph\":[{\"@type\":\"WebPage\",\"@id\":\"https:\/\/slotsite.mediacle.net\/table-games\/\",\"url\":\"https:\/\/slotsite.mediacle.net\/table-games\/\",\"name\":\"Unleash the Thrills: Explore an Array of Casino Table Games for All Players!\",\"isPartOf\":{\"@id\":\"https:\/\/slotsite.mediacle.net\/#website\"},\"datePublished\":\"2023-07-10T06:24:27+00:00\",\"dateModified\":\"2023-08-31T09:52:53+00:00\",\"description\":\"Dive into the world of casino table games on our platform, offering something for every player. From timeless classics to modern variations, test your skills and luck in a dynamic gaming experience.\",\"breadcrumb\":{\"@id\":\"https:\/\/slotsite.mediacle.net\/table-games\/#breadcrumb\"},\"inLanguage\":\"es-ES\",\"potentialAction\":[{\"@type\":\"ReadAction\",\"target\":[\"https:\/\/slotsite.mediacle.net\/table-games\/\"]}]},{\"@type\":\"BreadcrumbList\",\"@id\":\"https:\/\/slotsite.mediacle.net\/table-games\/#breadcrumb\",\"itemListElement\":[{\"@type\":\"ListItem\",\"position\":1,\"name\":\"Home\",\"item\":\"https:\/\/slotsite.mediacle.net\/\"},{\"@type\":\"ListItem\",\"position\":2,\"name\":\"Casino Table Games\"}]},{\"@type\":\"WebSite\",\"@id\":\"https:\/\/slotsite.mediacle.net\/#website\",\"url\":\"https:\/\/slotsite.mediacle.net\/\",\"name\":\"Slotsite\",\"description\":\"\",\"potentialAction\":[{\"@type\":\"SearchAction\",\"target\":{\"@type\":\"EntryPoint\",\"urlTemplate\":\"https:\/\/slotsite.mediacle.net\/?s={search_term_string}\"},\"query-input\":\"required name=search_term_string\"}],\"inLanguage\":\"es-ES\"}]}<\/script>\n<!-- \/ Yoast SEO plugin. -->","yoast_head_json":{"title":"D\u00e9 rienda suelta a la emoci\u00f3n: \u00a1Explore una variedad de juegos de mesa de casino para todos los jugadores!","description":"Sum\u00e9rgete en el mundo de los juegos de mesa de casino en nuestra plataforma, que ofrece algo para cada jugador. Desde cl\u00e1sicos eternos hasta variaciones modernas, prueba tus habilidades y suerte en una experiencia de juego din\u00e1mica. \u00danase ahora para disfrutar del desaf\u00edo, el compromiso y la posibilidad de obtener grandes ganancias en nuestra diversa colecci\u00f3n de juegos de mesa de casino.","robots":{"index":"index","follow":"follow","max-snippet":"max-snippet:-1","max-image-preview":"max-image-preview:large","max-video-preview":"max-video-preview:-1"},"canonical":"https:\/\/slotsite.mediacle.net\/table-games\/","og_locale":"es_ES","og_type":"article","og_title":"D\u00e9 rienda suelta a la emoci\u00f3n: \u00a1Explore una variedad de juegos de mesa de casino para todos los jugadores!","og_description":"Sum\u00e9rgete en el mundo de los juegos de mesa de casino en nuestra plataforma, que ofrece algo para cada jugador. Desde cl\u00e1sicos eternos hasta variaciones modernas, prueba tus habilidades y suerte en una experiencia de juego din\u00e1mica. \u00danase ahora para disfrutar del desaf\u00edo, el compromiso y la posibilidad de obtener grandes ganancias en nuestra diversa colecci\u00f3n de juegos de mesa de casino.","og_url":"https:\/\/slotsite.mediacle.net\/table-games\/","og_site_name":"Slotsite","article_modified_time":"2023-08-31T09:52:53+00:00","twitter_card":"summary_large_image","twitter_misc":{"Est. reading time":"3 minutes"},"schema":{"@context":"https:\/\/schema.org","@graph":[{"@type":"WebPage","@id":"https:\/\/slotsite.mediacle.net\/table-games\/","url":"https:\/\/slotsite.mediacle.net\/table-games\/","name":"Unleash the Thrills: Explore an Array of Casino Table Games for All Players!","isPartOf":{"@id":"https:\/\/slotsite.mediacle.net\/#website"},"datePublished":"2023-07-10T06:24:27+00:00","dateModified":"2023-08-31T09:52:53+00:00","description":"Dive into the world of casino table games on our platform, offering something for every player. From timeless classics to modern variations, test your skills and luck in a dynamic gaming experience.","breadcrumb":{"@id":"https:\/\/slotsite.mediacle.net\/table-games\/#breadcrumb"},"inLanguage":"es-ES","potentialAction":[{"@type":"ReadAction","target":["https:\/\/slotsite.mediacle.net\/table-games\/"]}]},{"@type":"BreadcrumbList","@id":"https:\/\/slotsite.mediacle.net\/table-games\/#breadcrumb","itemListElement":[{"@type":"ListItem","position":1,"name":"Home","item":"https:\/\/slotsite.mediacle.net\/"},{"@type":"ListItem","position":2,"name":"Casino Table Games"}]},{"@type":"WebSite","@id":"https:\/\/slotsite.mediacle.net\/#website","url":"https:\/\/slotsite.mediacle.net\/","name":"Slotsite","description":"","potentialAction":[{"@type":"SearchAction","target":{"@type":"EntryPoint","urlTemplate":"https:\/\/slotsite.mediacle.net\/?s={search_term_string}"},"query-input":"required name=search_term_string"}],"inLanguage":"es-ES"}]}},"_links":{"self":[{"href":"https:\/\/slotsite.mediacle.net\/es\/wp-json\/wp\/v2\/pages\/184","targetHints":{"allow":["GET"]}}],"collection":[{"href":"https:\/\/slotsite.mediacle.net\/es\/wp-json\/wp\/v2\/pages"}],"about":[{"href":"https:\/\/slotsite.mediacle.net\/es\/wp-json\/wp\/v2\/types\/page"}],"author":[{"embeddable":true,"href":"https:\/\/slotsite.mediacle.net\/es\/wp-json\/wp\/v2\/users\/1"}],"replies":[{"embeddable":true,"href":"https:\/\/slotsite.mediacle.net\/es\/wp-json\/wp\/v2\/comments?post=184"}],"version-history":[{"count":53,"href":"https:\/\/slotsite.mediacle.net\/es\/wp-json\/wp\/v2\/pages\/184\/revisions"}],"predecessor-version":[{"id":2355,"href":"https:\/\/slotsite.mediacle.net\/es\/wp-json\/wp\/v2\/pages\/184\/revisions\/2355"}],"wp:attachment":[{"href":"https:\/\/slotsite.mediacle.net\/es\/wp-json\/wp\/v2\/media?parent=184"}],"curies":[{"name":"wp","href":"https:\/\/api.w.org\/{rel}","templated":true}]}}