{"id":190,"date":"2023-07-10T06:42:26","date_gmt":"2023-07-10T06:42:26","guid":{"rendered":"https:\/\/slotsite.mediacle.net\/?page_id=190"},"modified":"2023-08-24T08:23:20","modified_gmt":"2023-08-24T08:23:20","slug":"bonus-slots","status":"publish","type":"page","link":"https:\/\/slotsite.mediacle.net\/es\/bonus-slots\/","title":{"rendered":"Bono tragaperras en l\u00ednea"},"content":{"rendered":"<h2 style=\"text-align: justify;\"><strong>\u00a1Juegue a las tragaperras en l\u00ednea con bonificaci\u00f3n en SlotSite.com Casino hoy mismo!<\/strong><\/h2>\n<p style=\"text-align: justify;\">Si est\u00e1 buscando una dosis extra de emoci\u00f3n y recompensas en su experiencia de juego de tragaperras, entonces nuestra colecci\u00f3n de tragaperras online con bonos es exactamente lo que necesita. En SlotSite.com Casino, le traemos una gran selecci\u00f3n de juegos de tragamonedas llenos de bonos que est\u00e1n dise\u00f1ados para elevar su entretenimiento a nuevas alturas.<\/p>\n<h3 style=\"text-align: justify;\"><strong>\u00bfQu\u00e9 son las tragaperras online con bonificaci\u00f3n?<\/strong><\/h3>\n<p style=\"text-align: justify;\">Las tragaperras online con bonificaci\u00f3n son una categor\u00eda especial de juegos de tragaperras que ofrecen caracter\u00edsticas y recompensas adicionales m\u00e1s all\u00e1 del juego est\u00e1ndar. Estas tragaperras son conocidas por sus emocionantes rondas de bonificaci\u00f3n, s\u00edmbolos \u00fanicos y la posibilidad de desbloquear premios impresionantes. Con unos efectos visuales cautivadores y un juego atractivo, las tragaperras de bonificaci\u00f3n en l\u00ednea son algo a lo que querr\u00e1 jugar.<\/p>\n<h3 style=\"text-align: justify;\"><strong>Explora un mundo de bonificaciones:<\/strong><\/h3>\n<p style=\"text-align: justify;\">Prep\u00e1rese para una mir\u00edada de funciones de bonificaci\u00f3n que le esperan en diferentes tragaperras de bonificaci\u00f3n de distintos proveedores. Vamos a sumergirnos en las emocionantes caracter\u00edsticas que hacen que estos juegos sean tan tentadores:<\/p>\n<p style=\"text-align: justify;\">Wilds y Scatters: Busca s\u00edmbolos especiales como comodines y scatters, ya que pueden desbloquear varias funciones de bonificaci\u00f3n. Los comodines pueden sustituir a otros s\u00edmbolos para crear combinaciones ganadoras, mientras que los s\u00edmbolos scatter suelen activar tiradas gratis o rondas de bonificaci\u00f3n.<\/p>\n<p style=\"text-align: justify;\">Giros gratis: Muchas tragaperras online de bonificaci\u00f3n ofrecen rondas de giros gratis en las que puedes hacer girar los rodillos sin utilizar tus propios fondos. Estas tiradas gratuitas suelen incluir funciones adicionales como multiplicadores, comodines expansivos o s\u00edmbolos apilados, lo que aumenta tus posibilidades de conseguir grandes premios.<\/p>\n<p style=\"text-align: justify;\">Rondas de bonificaci\u00f3n: Sum\u00e9rgete en rondas de bonificaci\u00f3n interactivas que te llevar\u00e1n a vivir emocionantes aventuras dentro del juego. Estas rondas de bonificaci\u00f3n pueden variar desde juegos del estilo &#8220;elige y gana&#8221; hasta minijuegos con retos y recompensas \u00fanicos.<\/p>\n<p style=\"text-align: justify;\">Multiplicadores: Aumente sus ganancias con s\u00edmbolos multiplicadores que aumentan el pago de las combinaciones ganadoras. Los multiplicadores pueden variar mucho, lo que te da la oportunidad de multiplicar tus ganancias de forma significativa.<\/p>\n<p style=\"text-align: justify;\">Rodillos en cascada: Algunas tragaperras de bonificaci\u00f3n presentan rodillos en cascada, en los que los s\u00edmbolos ganadores se retiran de los rodillos y se sustituyen por otros nuevos, creando la posibilidad de obtener ganancias consecutivas en una sola tirada.<\/p>\n<h3 style=\"text-align: justify;\"><strong>Ejemplos de tragaperras online de bonificaci\u00f3n populares:<\/strong><\/h3>\n<p style=\"text-align: justify;\">He aqu\u00ed algunos ejemplos de populares juegos de tragaperras online con bonificaci\u00f3n que muestran la variedad y emoci\u00f3n de este g\u00e9nero:<\/p>\n<p style=\"text-align: justify;\">Starburst: Emb\u00e1rcate en una aventura intergal\u00e1ctica en esta ic\u00f3nica tragaperras de NetEnt. Starburst cuenta con comodines expansivos, reinicios y un fascinante dise\u00f1o con tem\u00e1tica de joyas. Con una alta RTP del 96,09% y una volatilidad media, los jugadores pueden esperar una experiencia de juego equilibrada con frecuentes ganancias de peque\u00f1as a moderadas.<\/p>\n<p style=\"text-align: justify;\">Gonzo&#8217;s Quest: \u00danete a Gonzo en su b\u00fasqueda de la ciudad perdida de Eldorado en esta inmersiva tragaperras de NetEnt. Con rodillos en cascada, una funci\u00f3n de ca\u00edda libre y multiplicadores crecientes, el juego ofrece una jugabilidad emocionante y un gran potencial de ganancias. Con un RTP del 95,97% y una volatilidad media, los jugadores pueden disfrutar de una mezcla de ganancias frecuentes y grandes premios ocasionales.<\/p>\n<p style=\"text-align: justify;\">Fortuna Divina: Entra en un mundo de criaturas m\u00edticas y antigua mitolog\u00eda griega en esta interesante tragamonedas de NetEnt. Divine Fortune cuenta con una mec\u00e1nica Megaways que puede otorgar sustanciosos pagos. Con sus impresionantes efectos visuales, emocionantes funciones de bonificaci\u00f3n como Falling Wilds Re-Spins, Wild on Wild y Free Spins, los jugadores pueden disfrutar de una emocionante experiencia de juego. Divine Fortune ofrece un RTP del 96,59% y una volatilidad media, lo que proporciona una combinaci\u00f3n equilibrada de ganancias frecuentes y la posibilidad de obtener pagos mayores.<\/p>\n<p style=\"text-align: justify;\">Bonanza: Descubre gemas preciosas y valiosos premios en esta tragamonedas Megaways de Big Time Gaming. Con su estructura de rodillos \u00fanica y hasta 117.649 formas de ganar, Bonanza ofrece emoci\u00f3n sin fin y emocionantes funciones de bonificaci\u00f3n. Presume de una RTP del 96% y una alta volatilidad, lo que significa que los jugadores pueden esperar ganancias menos frecuentes pero con el potencial de obtener importantes pagos cuando se produzcan las combinaciones ganadoras.<\/p>\n<p style=\"text-align: justify;\">Romance Inmortal: Entra en un mundo de amor prohibido y seres sobrenaturales en esta popular tragaperras de Microgaming. Desbloquea la C\u00e1mara de Giros para disfrutar de una gran variedad de rondas de giros gratis, cada una con funciones de bonificaci\u00f3n y argumentos de personajes \u00fanicos. Con un RTP del 96,86% y una volatilidad media, los jugadores pueden disfrutar de una experiencia de juego equilibrada con una frecuencia de ganancias decente y la posibilidad de obtener pagos decentes.<\/p>\n<p style=\"text-align: justify;\">Tenga en cuenta que RTP (Return to Player) representa el porcentaje medio de dinero apostado que un juego de tragaperras devolver\u00e1 a los jugadores a lo largo del tiempo. La volatilidad, tambi\u00e9n conocida como varianza, se refiere al nivel de riesgo de un juego de tragaperras y determina la frecuencia y el tama\u00f1o de los pagos.<\/p>\n<h3 style=\"text-align: justify;\"><strong>\u00danete a la aventura de las tragaperras de bonificaci\u00f3n en SlotSite.com Casino:<\/strong><\/h3>\n<p style=\"text-align: justify;\">Nuestro equipo se compromete a proporcionarle una experiencia c\u00f3moda. Nuestro personal de asistencia opera 24\/7, y con m\u00e1s de 75 proveedores de software l\u00edderes, podr\u00e1 encontrar muchos juegos repletos de bonificaciones y descubrir sus favoritos.<\/p>\n<h3 style=\"text-align: justify;\"><strong>Recuerda apostar con responsabilidad:<\/strong><\/h3>\n<p style=\"text-align: justify;\">En SlotSite.com Casino, damos prioridad al juego responsable. Animamos a nuestros jugadores a establecer l\u00edmites, gestionar su tiempo y dinero de forma eficaz y buscar ayuda si el juego se convierte en un problema. Su bienestar es importante para nosotros y nos comprometemos a promover un entorno de juego seguro y agradable para todos.<\/p>\n","protected":false},"excerpt":{"rendered":"<p>\u00a1Juegue a las tragaperras en l\u00ednea con bonificaci\u00f3n en SlotSite.com Casino hoy mismo! Si est\u00e1 buscando una dosis extra de emoci\u00f3n y recompensas en su experiencia de juego de tragaperras, entonces nuestra colecci\u00f3n de tragaperras online con bonos es exactamente lo que necesita. En SlotSite.com Casino, le traemos una gran selecci\u00f3n de juegos de tragamonedas [&hellip;]<\/p>\n","protected":false},"author":1,"featured_media":0,"parent":0,"menu_order":0,"comment_status":"closed","ping_status":"closed","template":"templates\/promotion-template.php","meta":{"footnotes":""},"class_list":["post-190","page","type-page","status-publish","hentry"],"translation":{"provider":"WPGlobus","version":"2.12.2","language":"es","enabled_languages":["en","ca","fi","no","ja","es","pt","qc","gb","ir","nz","sa","in"],"languages":{"en":{"title":true,"content":true,"excerpt":false},"ca":{"title":true,"content":true,"excerpt":false},"fi":{"title":true,"content":true,"excerpt":false},"no":{"title":true,"content":true,"excerpt":false},"ja":{"title":true,"content":true,"excerpt":false},"es":{"title":true,"content":true,"excerpt":false},"pt":{"title":false,"content":false,"excerpt":false},"qc":{"title":true,"content":true,"excerpt":false},"gb":{"title":true,"content":true,"excerpt":false},"ir":{"title":false,"content":false,"excerpt":false},"nz":{"title":false,"content":false,"excerpt":false},"sa":{"title":false,"content":false,"excerpt":false},"in":{"title":true,"content":true,"excerpt":false}}},"acf":[],"yoast_head":"<!-- This site is optimized with the Yoast SEO plugin v20.11 - https:\/\/yoast.com\/wordpress\/plugins\/seo\/ -->\n<title>Gira y gana con emocionantes tragamonedas en l\u00ednea: \u00a1Oportunidades infinitas de premios mayores te esperan!<\/title>\n<meta name=\"description\" content=\"Explore a world of entertainment and fortune with our diverse collection of online slots. From classic themes to modern marvels, our slots offer thrilling gameplay and the chance to hit incredible jackpots. Start spinning now and let the reels unveil your path to winning big!\" \/>\n<meta name=\"robots\" content=\"index, follow, max-snippet:-1, max-image-preview:large, max-video-preview:-1\" \/>\n<link rel=\"canonical\" href=\"https:\/\/slotsite.mediacle.net\/bonus-slots\/\" \/>\n<meta property=\"og:locale\" content=\"es_ES\" \/>\n<meta property=\"og:type\" content=\"article\" \/>\n<meta property=\"og:title\" content=\"Gira y gana con emocionantes tragamonedas en l\u00ednea: \u00a1Oportunidades infinitas de premios mayores te esperan!\" \/>\n<meta property=\"og:description\" content=\"Explore a world of entertainment and fortune with our diverse collection of online slots. From classic themes to modern marvels, our slots offer thrilling gameplay and the chance to hit incredible jackpots. Start spinning now and let the reels unveil your path to winning big!\" \/>\n<meta property=\"og:url\" content=\"https:\/\/slotsite.mediacle.net\/bonus-slots\/\" \/>\n<meta property=\"og:site_name\" content=\"Slotsite\" \/>\n<meta property=\"article:modified_time\" content=\"2023-08-24T08:23:20+00:00\" \/>\n<meta name=\"twitter:card\" content=\"summary_large_image\" \/>\n<meta name=\"twitter:label1\" content=\"Est. reading time\" \/>\n\t<meta name=\"twitter:data1\" content=\"5 minutes\" \/>\n<script type=\"application\/ld+json\" class=\"yoast-schema-graph\">{\"@context\":\"https:\/\/schema.org\",\"@graph\":[{\"@type\":\"WebPage\",\"@id\":\"https:\/\/slotsite.mediacle.net\/bonus-slots\/\",\"url\":\"https:\/\/slotsite.mediacle.net\/bonus-slots\/\",\"name\":\"Gira y gana con emocionantes tragamonedas en l\u00ednea: \u00a1Oportunidades infinitas de premios mayores te esperan!\",\"isPartOf\":{\"@id\":\"https:\/\/slotsite.mediacle.net\/#website\"},\"datePublished\":\"2023-07-10T06:42:26+00:00\",\"dateModified\":\"2023-08-24T08:23:20+00:00\",\"description\":\"Explore a world of entertainment and fortune with our diverse collection of online slots. From classic themes to modern marvels, our slots offer thrilling gameplay and the chance to hit incredible jackpots. Start spinning now and let the reels unveil your path to winning big!\",\"breadcrumb\":{\"@id\":\"https:\/\/slotsite.mediacle.net\/bonus-slots\/#breadcrumb\"},\"inLanguage\":\"es-ES\",\"potentialAction\":[{\"@type\":\"ReadAction\",\"target\":[\"https:\/\/slotsite.mediacle.net\/bonus-slots\/\"]}]},{\"@type\":\"BreadcrumbList\",\"@id\":\"https:\/\/slotsite.mediacle.net\/bonus-slots\/#breadcrumb\",\"itemListElement\":[{\"@type\":\"ListItem\",\"position\":1,\"name\":\"Home\",\"item\":\"https:\/\/slotsite.mediacle.net\/\"},{\"@type\":\"ListItem\",\"position\":2,\"name\":\"Online Bonus Slots\"}]},{\"@type\":\"WebSite\",\"@id\":\"https:\/\/slotsite.mediacle.net\/#website\",\"url\":\"https:\/\/slotsite.mediacle.net\/\",\"name\":\"Slotsite\",\"description\":\"\",\"potentialAction\":[{\"@type\":\"SearchAction\",\"target\":{\"@type\":\"EntryPoint\",\"urlTemplate\":\"https:\/\/slotsite.mediacle.net\/?s={search_term_string}\"},\"query-input\":\"required name=search_term_string\"}],\"inLanguage\":\"es-ES\"}]}<\/script>\n<!-- \/ Yoast SEO plugin. -->","yoast_head_json":{"title":"Gira y gana con emocionantes tragamonedas en l\u00ednea: \u00a1Oportunidades infinitas de premios mayores te esperan!","description":"Explore a world of entertainment and fortune with our diverse collection of online slots. From classic themes to modern marvels, our slots offer thrilling gameplay and the chance to hit incredible jackpots. Start spinning now and let the reels unveil your path to winning big!","robots":{"index":"index","follow":"follow","max-snippet":"max-snippet:-1","max-image-preview":"max-image-preview:large","max-video-preview":"max-video-preview:-1"},"canonical":"https:\/\/slotsite.mediacle.net\/bonus-slots\/","og_locale":"es_ES","og_type":"article","og_title":"Gira y gana con emocionantes tragamonedas en l\u00ednea: \u00a1Oportunidades infinitas de premios mayores te esperan!","og_description":"Explore a world of entertainment and fortune with our diverse collection of online slots. From classic themes to modern marvels, our slots offer thrilling gameplay and the chance to hit incredible jackpots. Start spinning now and let the reels unveil your path to winning big!","og_url":"https:\/\/slotsite.mediacle.net\/bonus-slots\/","og_site_name":"Slotsite","article_modified_time":"2023-08-24T08:23:20+00:00","twitter_card":"summary_large_image","twitter_misc":{"Est. reading time":"5 minutes"},"schema":{"@context":"https:\/\/schema.org","@graph":[{"@type":"WebPage","@id":"https:\/\/slotsite.mediacle.net\/bonus-slots\/","url":"https:\/\/slotsite.mediacle.net\/bonus-slots\/","name":"Gira y gana con emocionantes tragamonedas en l\u00ednea: \u00a1Oportunidades infinitas de premios mayores te esperan!","isPartOf":{"@id":"https:\/\/slotsite.mediacle.net\/#website"},"datePublished":"2023-07-10T06:42:26+00:00","dateModified":"2023-08-24T08:23:20+00:00","description":"Explore a world of entertainment and fortune with our diverse collection of online slots. From classic themes to modern marvels, our slots offer thrilling gameplay and the chance to hit incredible jackpots. Start spinning now and let the reels unveil your path to winning big!","breadcrumb":{"@id":"https:\/\/slotsite.mediacle.net\/bonus-slots\/#breadcrumb"},"inLanguage":"es-ES","potentialAction":[{"@type":"ReadAction","target":["https:\/\/slotsite.mediacle.net\/bonus-slots\/"]}]},{"@type":"BreadcrumbList","@id":"https:\/\/slotsite.mediacle.net\/bonus-slots\/#breadcrumb","itemListElement":[{"@type":"ListItem","position":1,"name":"Home","item":"https:\/\/slotsite.mediacle.net\/"},{"@type":"ListItem","position":2,"name":"Online Bonus Slots"}]},{"@type":"WebSite","@id":"https:\/\/slotsite.mediacle.net\/#website","url":"https:\/\/slotsite.mediacle.net\/","name":"Slotsite","description":"","potentialAction":[{"@type":"SearchAction","target":{"@type":"EntryPoint","urlTemplate":"https:\/\/slotsite.mediacle.net\/?s={search_term_string}"},"query-input":"required name=search_term_string"}],"inLanguage":"es-ES"}]}},"_links":{"self":[{"href":"https:\/\/slotsite.mediacle.net\/es\/wp-json\/wp\/v2\/pages\/190","targetHints":{"allow":["GET"]}}],"collection":[{"href":"https:\/\/slotsite.mediacle.net\/es\/wp-json\/wp\/v2\/pages"}],"about":[{"href":"https:\/\/slotsite.mediacle.net\/es\/wp-json\/wp\/v2\/types\/page"}],"author":[{"embeddable":true,"href":"https:\/\/slotsite.mediacle.net\/es\/wp-json\/wp\/v2\/users\/1"}],"replies":[{"embeddable":true,"href":"https:\/\/slotsite.mediacle.net\/es\/wp-json\/wp\/v2\/comments?post=190"}],"version-history":[{"count":35,"href":"https:\/\/slotsite.mediacle.net\/es\/wp-json\/wp\/v2\/pages\/190\/revisions"}],"predecessor-version":[{"id":2152,"href":"https:\/\/slotsite.mediacle.net\/es\/wp-json\/wp\/v2\/pages\/190\/revisions\/2152"}],"wp:attachment":[{"href":"https:\/\/slotsite.mediacle.net\/es\/wp-json\/wp\/v2\/media?parent=190"}],"curies":[{"name":"wp","href":"https:\/\/api.w.org\/{rel}","templated":true}]}}