{"id":193,"date":"2023-07-10T06:43:00","date_gmt":"2023-07-10T06:43:00","guid":{"rendered":"https:\/\/slotsite.mediacle.net\/?page_id=193"},"modified":"2023-08-31T08:35:34","modified_gmt":"2023-08-31T08:35:34","slug":"megaways-slots","status":"publish","type":"page","link":"https:\/\/slotsite.mediacle.net\/es\/megaways-slots\/","title":{"rendered":"Juegos de tragamonedas Megaways \u00a0"},"content":{"rendered":"<h2 style=\"text-align: justify;\"><strong>\u00a1Vive la aventura definitiva con Megaways Slots!<\/strong><\/h2>\n<p style=\"text-align: justify;\">Las tragaperras Megaways han arrasado en el mundo de los casinos en l\u00ednea, ofreciendo una experiencia de juego revolucionaria y emocionante. Desarrollada por Big Time Gaming, la mec\u00e1nica de Megaways ha sido licenciada a varios otros proveedores de software, dando lugar a una creciente colecci\u00f3n de tragaperras Megaways.<\/p>\n<p style=\"text-align: justify;\">Lo que distingue a las tragaperras Megaways es su configuraci\u00f3n \u00fanica de los rodillos. A diferencia de las tragaperras tradicionales con un n\u00famero fijo de rodillos y l\u00edneas de pago, los juegos de Megaways presentan una configuraci\u00f3n din\u00e1mica que permite que aparezca un n\u00famero aleatorio de s\u00edmbolos en cada rodillo en cada tirada. Esto significa que el n\u00famero de s\u00edmbolos en cada rodillo puede variar de una tirada a otra, lo que resulta en un n\u00famero cambiante de formas de ganar.<\/p>\n<p style=\"text-align: justify;\">El n\u00famero de formas de ganar en una tragaperras Megaways puede alcanzar cotas asombrosas, superando a menudo las decenas de miles o incluso cientos de miles. Esto ofrece a los jugadores un incre\u00edble nivel de emoci\u00f3n y potencial ganador. En cada tirada, el motor del juego calcula el n\u00famero de formas de ganar en funci\u00f3n del n\u00famero de s\u00edmbolos que aparecen en cada rodillo.<\/p>\n<p style=\"text-align: justify;\">Para mejorar a\u00fan m\u00e1s el juego, las tragaperras Megaways suelen incluir funciones y mecanismos adicionales. Una de ellas son los rodillos en cascada, tambi\u00e9n conocidos como avalancha o rodillos que caen. Tras una combinaci\u00f3n ganadora, los s\u00edmbolos implicados en la ganancia explotan o desaparecen, dejando paso a nuevos s\u00edmbolos que caen en cascada hasta sus posiciones. Esto puede crear m\u00faltiples ganancias consecutivas en una sola tirada e intensificar la experiencia de juego en general.<\/p>\n<p style=\"text-align: justify;\">Las tragaperras Megaways tambi\u00e9n incorporan varias funciones de bonificaci\u00f3n para mantener a los jugadores enganchados y entretenidos. Estas pueden incluir rondas de tiradas gratuitas, en las que los jugadores pueden disfrutar de un n\u00famero determinado de tiradas sin apostar cr\u00e9ditos adicionales. Algunos juegos incluso tienen multiplicadores progresivos durante las tiradas gratuitas, aumentando el valor del multiplicador con cada cascada o tirada ganadora.<\/p>\n<p style=\"text-align: justify;\">La popularidad de las tragaperras Megaways se ha traducido en una creciente colecci\u00f3n de juegos con tem\u00e1ticas diversas y mec\u00e1nicas de juego innovadoras. Desde civilizaciones antiguas hasta mundos de fantas\u00eda, los jugadores pueden encontrar tragaperras Megaways que se adapten a sus intereses. Cada juego ofrece una experiencia \u00fanica y din\u00e1mica, gracias a la configuraci\u00f3n siempre cambiante de los rodillos y al enorme n\u00famero de formas de ganar.<\/p>\n<h3 style=\"text-align: justify;\"><strong>Exploremos algunos juegos de tragaperras Megaways populares de diferentes proveedores de software:<\/strong><\/h3>\n<p style=\"text-align: justify;\">Bonanza Megaways (Big Time Gaming): Emb\u00e1rcate en una aventura minera en esta tragaperras altamente vol\u00e1til con hasta 117.649 formas de ganar. Activa la ronda de tiradas gratuitas y benef\u00edciate de un multiplicador creciente con cada cascada.<\/p>\n<p style=\"text-align: justify;\">Extra Chilli Megaways (Big Time Gaming): Ambientada en un vibrante mercado mexicano, esta tragaperras ofrece hasta 117.649 formas de ganar. Consigue tres o m\u00e1s s\u00edmbolos scatter para entrar en la funci\u00f3n de tiradas gratis con un multiplicador ilimitado.<\/p>\n<p style=\"text-align: justify;\">Gonzo&#8217;s Quest Megaways (Red Tiger Gaming): \u00danete al ic\u00f3nico explorador Gonzo en esta versi\u00f3n Megaways de la popular tragaperras. Consigue premios en cascada y activa la funci\u00f3n Earthquake para conseguir comodines garantizados. Gonzo&#8217;s Quest Megaways ofrece multiplicadores de 15x y un potencial de ganancias de 20.000x.<\/p>\n<p style=\"text-align: justify;\">Rick y Morty Megaways (Blueprint Gaming): Basada en la exitosa serie animada de televisi\u00f3n, esta tragaperras Megaways est\u00e1 repleta de momentos hilarantes y una jugabilidad emocionante. Desbloquea varias funciones de bonificaci\u00f3n y rondas de giros gratis para conseguir grandes premios.<\/p>\n<p style=\"text-align: justify;\">Divina Fortuna Megaways (NetEnt): Experimenta el m\u00edtico mundo de la antigua Grecia en esta divina tragamonedas Megaways. Consigue s\u00edmbolos wild para activar los Falling Wilds Re-Spins y aspira al legendario jackpot progresivo.<\/p>\n<p style=\"text-align: justify;\">\u00a1Cada juego ofrece una divertida oportunidad!<\/p>\n<p style=\"text-align: justify;\">\u00a1H\u00e1gase miembro hoy mismo! Estos son s\u00f3lo algunos ejemplos de las muchas y cautivadoras tragaperras Megaways disponibles en SlotSite.com Casino. Recuerde siempre jugar de forma responsable y establecer l\u00edmites para garantizar una experiencia de juego segura y agradable. El juego puede ser adictivo.<\/p>\n","protected":false},"excerpt":{"rendered":"<p>\u00a1Vive la aventura definitiva con Megaways Slots! Las tragaperras Megaways han arrasado en el mundo de los casinos en l\u00ednea, ofreciendo una experiencia de juego revolucionaria y emocionante. Desarrollada por Big Time Gaming, la mec\u00e1nica de Megaways ha sido licenciada a varios otros proveedores de software, dando lugar a una creciente colecci\u00f3n de tragaperras Megaways. [&hellip;]<\/p>\n","protected":false},"author":1,"featured_media":0,"parent":0,"menu_order":0,"comment_status":"closed","ping_status":"closed","template":"templates\/category.php","meta":{"footnotes":""},"class_list":["post-193","page","type-page","status-publish","hentry"],"translation":{"provider":"WPGlobus","version":"2.12.2","language":"es","enabled_languages":["en","ca","fi","no","ja","es","pt","qc","gb","ir","nz","sa","in"],"languages":{"en":{"title":true,"content":true,"excerpt":false},"ca":{"title":true,"content":true,"excerpt":false},"fi":{"title":true,"content":true,"excerpt":false},"no":{"title":true,"content":true,"excerpt":false},"ja":{"title":true,"content":true,"excerpt":false},"es":{"title":true,"content":true,"excerpt":false},"pt":{"title":true,"content":true,"excerpt":false},"qc":{"title":true,"content":true,"excerpt":false},"gb":{"title":true,"content":true,"excerpt":false},"ir":{"title":false,"content":false,"excerpt":false},"nz":{"title":false,"content":false,"excerpt":false},"sa":{"title":false,"content":false,"excerpt":false},"in":{"title":true,"content":true,"excerpt":false}}},"acf":[],"yoast_head":"<!-- This site is optimized with the Yoast SEO plugin v20.11 - https:\/\/yoast.com\/wordpress\/plugins\/seo\/ -->\n<title>Tragamonedas Megaways | D\u00e9 rienda suelta a su suerte con las tragamonedas Megaways: \u00a1formas infinitas de ganar!<\/title>\n<meta name=\"description\" content=\"Descubra la emoci\u00f3n de las tragamonedas Megaways, donde cada giro ofrece una experiencia de juego din\u00e1mica e impredecible. Con un n\u00famero siempre cambiante de formas de ganar, estas m\u00e1quinas tragamonedas brindan emociones inigualables. Juega ahora para participar en un juego innovador y aprovechar la oportunidad de obtener recompensas incre\u00edbles.\" \/>\n<meta name=\"robots\" content=\"index, follow, max-snippet:-1, max-image-preview:large, max-video-preview:-1\" \/>\n<link rel=\"canonical\" href=\"https:\/\/slotsite.mediacle.net\/megaways-slots\/\" \/>\n<meta property=\"og:locale\" content=\"es_ES\" \/>\n<meta property=\"og:type\" content=\"article\" \/>\n<meta property=\"og:title\" content=\"Tragamonedas Megaways | D\u00e9 rienda suelta a su suerte con las tragamonedas Megaways: \u00a1formas infinitas de ganar!\" \/>\n<meta property=\"og:description\" content=\"Descubra la emoci\u00f3n de las tragamonedas Megaways, donde cada giro ofrece una experiencia de juego din\u00e1mica e impredecible. Con un n\u00famero siempre cambiante de formas de ganar, estas m\u00e1quinas tragamonedas brindan emociones inigualables. Juega ahora para participar en un juego innovador y aprovechar la oportunidad de obtener recompensas incre\u00edbles.\" \/>\n<meta property=\"og:url\" content=\"https:\/\/slotsite.mediacle.net\/megaways-slots\/\" \/>\n<meta property=\"og:site_name\" content=\"Slotsite\" \/>\n<meta property=\"article:modified_time\" content=\"2023-08-31T08:35:34+00:00\" \/>\n<meta name=\"twitter:card\" content=\"summary_large_image\" \/>\n<meta name=\"twitter:label1\" content=\"Est. reading time\" \/>\n\t<meta name=\"twitter:data1\" content=\"3 minutes\" \/>\n<script type=\"application\/ld+json\" class=\"yoast-schema-graph\">{\"@context\":\"https:\/\/schema.org\",\"@graph\":[{\"@type\":\"WebPage\",\"@id\":\"https:\/\/slotsite.mediacle.net\/megaways-slots\/\",\"url\":\"https:\/\/slotsite.mediacle.net\/megaways-slots\/\",\"name\":\"Slots Megaways | Liberte a sua sorte com os ca\u00e7a-n\u00edqueis Megaways: infinitas maneiras de ganhar!\",\"isPartOf\":{\"@id\":\"https:\/\/slotsite.mediacle.net\/#website\"},\"datePublished\":\"2023-07-10T06:43:00+00:00\",\"dateModified\":\"2023-08-31T08:35:34+00:00\",\"description\":\"Descubra a emo\u00e7\u00e3o dos slots Megaways, onde cada rodada oferece uma experi\u00eancia de jogo din\u00e2mica e imprevis\u00edvel. Com in\u00fameras maneiras de ganhar em constante mudan\u00e7a, esses slots oferecem emo\u00e7\u00f5es incompar\u00e1veis.\",\"breadcrumb\":{\"@id\":\"https:\/\/slotsite.mediacle.net\/megaways-slots\/#breadcrumb\"},\"inLanguage\":\"es-ES\",\"potentialAction\":[{\"@type\":\"ReadAction\",\"target\":[\"https:\/\/slotsite.mediacle.net\/megaways-slots\/\"]}]},{\"@type\":\"BreadcrumbList\",\"@id\":\"https:\/\/slotsite.mediacle.net\/megaways-slots\/#breadcrumb\",\"itemListElement\":[{\"@type\":\"ListItem\",\"position\":1,\"name\":\"Home\",\"item\":\"https:\/\/slotsite.mediacle.net\/\"},{\"@type\":\"ListItem\",\"position\":2,\"name\":\"Megaways Slot Games\"}]},{\"@type\":\"WebSite\",\"@id\":\"https:\/\/slotsite.mediacle.net\/#website\",\"url\":\"https:\/\/slotsite.mediacle.net\/\",\"name\":\"Slotsite\",\"description\":\"\",\"potentialAction\":[{\"@type\":\"SearchAction\",\"target\":{\"@type\":\"EntryPoint\",\"urlTemplate\":\"https:\/\/slotsite.mediacle.net\/?s={search_term_string}\"},\"query-input\":\"required name=search_term_string\"}],\"inLanguage\":\"es-ES\"}]}<\/script>\n<!-- \/ Yoast SEO plugin. -->","yoast_head_json":{"title":"Tragamonedas Megaways | D\u00e9 rienda suelta a su suerte con las tragamonedas Megaways: \u00a1formas infinitas de ganar!","description":"Descubra la emoci\u00f3n de las tragamonedas Megaways, donde cada giro ofrece una experiencia de juego din\u00e1mica e impredecible. Con un n\u00famero siempre cambiante de formas de ganar, estas m\u00e1quinas tragamonedas brindan emociones inigualables. Juega ahora para participar en un juego innovador y aprovechar la oportunidad de obtener recompensas incre\u00edbles.","robots":{"index":"index","follow":"follow","max-snippet":"max-snippet:-1","max-image-preview":"max-image-preview:large","max-video-preview":"max-video-preview:-1"},"canonical":"https:\/\/slotsite.mediacle.net\/megaways-slots\/","og_locale":"es_ES","og_type":"article","og_title":"Tragamonedas Megaways | D\u00e9 rienda suelta a su suerte con las tragamonedas Megaways: \u00a1formas infinitas de ganar!","og_description":"Descubra la emoci\u00f3n de las tragamonedas Megaways, donde cada giro ofrece una experiencia de juego din\u00e1mica e impredecible. Con un n\u00famero siempre cambiante de formas de ganar, estas m\u00e1quinas tragamonedas brindan emociones inigualables. Juega ahora para participar en un juego innovador y aprovechar la oportunidad de obtener recompensas incre\u00edbles.","og_url":"https:\/\/slotsite.mediacle.net\/megaways-slots\/","og_site_name":"Slotsite","article_modified_time":"2023-08-31T08:35:34+00:00","twitter_card":"summary_large_image","twitter_misc":{"Est. reading time":"3 minutes"},"schema":{"@context":"https:\/\/schema.org","@graph":[{"@type":"WebPage","@id":"https:\/\/slotsite.mediacle.net\/megaways-slots\/","url":"https:\/\/slotsite.mediacle.net\/megaways-slots\/","name":"Slots Megaways | Liberte a sua sorte com os ca\u00e7a-n\u00edqueis Megaways: infinitas maneiras de ganhar!","isPartOf":{"@id":"https:\/\/slotsite.mediacle.net\/#website"},"datePublished":"2023-07-10T06:43:00+00:00","dateModified":"2023-08-31T08:35:34+00:00","description":"Descubra a emo\u00e7\u00e3o dos slots Megaways, onde cada rodada oferece uma experi\u00eancia de jogo din\u00e2mica e imprevis\u00edvel. Com in\u00fameras maneiras de ganhar em constante mudan\u00e7a, esses slots oferecem emo\u00e7\u00f5es incompar\u00e1veis.","breadcrumb":{"@id":"https:\/\/slotsite.mediacle.net\/megaways-slots\/#breadcrumb"},"inLanguage":"es-ES","potentialAction":[{"@type":"ReadAction","target":["https:\/\/slotsite.mediacle.net\/megaways-slots\/"]}]},{"@type":"BreadcrumbList","@id":"https:\/\/slotsite.mediacle.net\/megaways-slots\/#breadcrumb","itemListElement":[{"@type":"ListItem","position":1,"name":"Home","item":"https:\/\/slotsite.mediacle.net\/"},{"@type":"ListItem","position":2,"name":"Megaways Slot Games"}]},{"@type":"WebSite","@id":"https:\/\/slotsite.mediacle.net\/#website","url":"https:\/\/slotsite.mediacle.net\/","name":"Slotsite","description":"","potentialAction":[{"@type":"SearchAction","target":{"@type":"EntryPoint","urlTemplate":"https:\/\/slotsite.mediacle.net\/?s={search_term_string}"},"query-input":"required name=search_term_string"}],"inLanguage":"es-ES"}]}},"_links":{"self":[{"href":"https:\/\/slotsite.mediacle.net\/es\/wp-json\/wp\/v2\/pages\/193","targetHints":{"allow":["GET"]}}],"collection":[{"href":"https:\/\/slotsite.mediacle.net\/es\/wp-json\/wp\/v2\/pages"}],"about":[{"href":"https:\/\/slotsite.mediacle.net\/es\/wp-json\/wp\/v2\/types\/page"}],"author":[{"embeddable":true,"href":"https:\/\/slotsite.mediacle.net\/es\/wp-json\/wp\/v2\/users\/1"}],"replies":[{"embeddable":true,"href":"https:\/\/slotsite.mediacle.net\/es\/wp-json\/wp\/v2\/comments?post=193"}],"version-history":[{"count":39,"href":"https:\/\/slotsite.mediacle.net\/es\/wp-json\/wp\/v2\/pages\/193\/revisions"}],"predecessor-version":[{"id":2314,"href":"https:\/\/slotsite.mediacle.net\/es\/wp-json\/wp\/v2\/pages\/193\/revisions\/2314"}],"wp:attachment":[{"href":"https:\/\/slotsite.mediacle.net\/es\/wp-json\/wp\/v2\/media?parent=193"}],"curies":[{"name":"wp","href":"https:\/\/api.w.org\/{rel}","templated":true}]}}