{"id":194,"date":"2023-07-10T06:43:18","date_gmt":"2023-07-10T06:43:18","guid":{"rendered":"https:\/\/slotsite.mediacle.net\/?page_id=194"},"modified":"2023-08-31T09:59:46","modified_gmt":"2023-08-31T09:59:46","slug":"online-craps","status":"publish","type":"page","link":"https:\/\/slotsite.mediacle.net\/es\/online-craps\/","title":{"rendered":"Juegos de dados en l\u00ednea"},"content":{"rendered":"<h2 style=\"text-align: justify;\"><strong>Tira los dados y juega a los dados en l\u00ednea en SlotSite.com Casino<\/strong><\/h2>\n<p style=\"text-align: justify;\">El Craps es un juego de casino incre\u00edblemente emocionante y din\u00e1mico que ofrece una experiencia \u00fanica a los jugadores. El Craps suele considerarse uno de los juegos de casino m\u00e1s sociales. Normalmente se juega en una mesa animada con varios jugadores, lo que crea un ambiente vibrante. Se puede interactuar con otros jugadores y animarse mutuamente a lo largo de la partida. El Craps ofrece una amplia gama de opciones de apuesta, proporcionando a los jugadores numerosas oportunidades para crear estrategias y personalizar su juego. Desde las apuestas b\u00e1sicas Pass Line y Don&#8217;t Pass Line hasta las m\u00e1s complejas proposition bets, hay una opci\u00f3n de apuesta que se adapta a cada estilo de juego.<\/p>\n<p style=\"text-align: justify;\">El Craps es conocido por su ritmo de juego r\u00e1pido y lleno de acci\u00f3n. Con m\u00faltiples rondas de apuestas y tiradas de dados, el juego mantiene a los jugadores en vilo y garantiza que nunca haya un momento de aburrimiento. Cuando se juega con la estrategia adecuada, el Craps puede ofrecer algunas de las mejores probabilidades del casino. Ciertas apuestas, como la L\u00ednea de Pase y la L\u00ednea de No Pase, tienen una baja ventaja de la casa, lo que da a los jugadores una mayor probabilidad de ganar a largo plazo. Este aspecto a\u00f1ade un elemento de estrategia al juego y mantiene el inter\u00e9s de los jugadores.<\/p>\n<h2 style=\"text-align: justify;\"><strong>Breve historia de los dados:<\/strong><\/h2>\n<p style=\"text-align: justify;\">El Craps es un juego de dados de origen antiguo que ha evolucionado a lo largo de los siglos hasta convertirse en el popular juego de casino que conocemos hoy en d\u00eda. Sus or\u00edgenes se remontan a las Cruzadas, donde los soldados jugaban a un juego llamado &#8220;Hazard&#8221; para pasar el tiempo. Con el tiempo, el Hazard lleg\u00f3 a Europa, donde se populariz\u00f3 entre la clase alta. El juego sufri\u00f3 nuevas modificaciones en los siglos XVIII y XIX en Inglaterra y Francia, y finalmente lleg\u00f3 a Am\u00e9rica.<\/p>\n<p style=\"text-align: justify;\">A principios del siglo XX, John H. Winn revolucion\u00f3 el juego al introducir el concepto de apostadores &#8220;correctos&#8221; e &#8220;incorrectos&#8221;, as\u00ed como la adici\u00f3n de una l\u00ednea de no pasar. Estos cambios aportaron m\u00e1s equidad al juego y sentaron las bases de la versi\u00f3n moderna del Craps.<\/p>\n<h3 style=\"text-align: justify;\"><strong>C\u00f3mo se juega a los dados:<\/strong><\/h3>\n<p style=\"text-align: justify;\">Los dados se juegan con dos dados y se realizan varias rondas de apuestas. El objetivo del juego es predecir el resultado de la tirada de dados. A continuaci\u00f3n te explicamos brevemente c\u00f3mo se juega al Craps:<\/p>\n<p style=\"text-align: justify;\">El juego comienza con una tirada de &#8220;salida&#8221;, en la que el tirador (el jugador que tira los dados) intenta establecer un n\u00famero de puntos (4, 5, 6, 8, 9 o 10) sacando un 7 o un 11. Si sale un 2, un 3 o un 12, se llama &#8220;craps&#8221; y la ronda termina. Si sale un 2, 3 o 12, se dice &#8220;craps&#8221; y la ronda termina.<\/p>\n<p style=\"text-align: justify;\">Si se establece un n\u00famero de puntos, el juego entra en la fase de &#8220;puntos&#8221;. El tirador contin\u00faa lanzando los dados hasta que vuelve a sacar el n\u00famero de puntos para ganar o saca un 7 para perder.<\/p>\n<p style=\"text-align: justify;\">Los jugadores de la mesa pueden hacer varias apuestas sobre el resultado de la tirada de dados. Algunas de las apuestas m\u00e1s habituales son: l\u00ednea de pase, l\u00ednea de no pase, venir, no venir y colocar.<\/p>\n<p style=\"text-align: justify;\">La apuesta L\u00ednea de Pase es la apuesta m\u00e1s b\u00e1sica y popular en Craps. Los jugadores colocan sus fichas en la l\u00ednea de pase antes de la tirada de salida. Si el tirador saca un 7 o un 11, la apuesta L\u00ednea de pase gana. Si sale un 2, 3 o 12, la apuesta pierde.<\/p>\n<p style=\"text-align: justify;\">La apuesta L\u00ednea No Pase es la opuesta a la apuesta L\u00ednea Pase. Gana si el lanzador saca un 2, un 3 o un 12, y pierde si saca un 7 o un 11.<\/p>\n<p style=\"text-align: justify;\">Otras apuestas, como las apuestas Ven y No Ven, se pueden realizar despu\u00e9s de que se haya establecido el n\u00famero de puntos. Estas apuestas son similares a las apuestas L\u00ednea de pase y L\u00ednea de no pase, pero se realizan durante la fase de puntos.<\/p>\n<p style=\"text-align: justify;\">El Craps tambi\u00e9n ofrece una variedad de apuestas de proposici\u00f3n, que son apuestas de una sola tirada con condiciones y pagos espec\u00edficos. Es importante tener en cuenta que el Craps tiene un lenguaje y una terminolog\u00eda propios. Puede llevar alg\u00fan tiempo familiarizarse con las diferentes apuestas y sus reglas correspondientes.<\/p>\n<h3 style=\"text-align: justify;\"><strong>Dados en l\u00ednea con crupier en vivo<\/strong><\/h3>\n<p style=\"text-align: justify;\">Live Craps de Evolution Gaming lleva la emoci\u00f3n del cl\u00e1sico juego de casino a nuevas cotas. En esta versi\u00f3n con crupier en vivo, los jugadores pueden disfrutar de la aut\u00e9ntica experiencia del casino tem\u00e1tico Speakeasy de los a\u00f1os 20, tanto en la versi\u00f3n de sobremesa como en la versi\u00f3n m\u00f3vil. El juego se retransmite en tiempo real con un crupier carism\u00e1tico y experto que gu\u00eda a los jugadores a trav\u00e9s del juego.<\/p>\n<p style=\"text-align: justify;\">Live Craps ofrece una gama de apuestas que los jugadores pueden realizar, cada una con su propio porcentaje de pago y RTP (Return to Player). Algunas de las apuestas m\u00e1s populares son:<\/p>\n<p style=\"text-align: justify;\">Apuesta de l\u00ednea de pase: Esta es una apuesta com\u00fan en la que los jugadores apuestan a que el tirador sacar\u00e1 un 7 o un 11 en la tirada de salida. El RTP de esta apuesta es de aproximadamente el 98,59% y el pago es de 1:1.<\/p>\n<p style=\"text-align: justify;\">Apuesta L\u00ednea No Pase: Lo contrario de la apuesta L\u00ednea de Pase, donde los jugadores apuestan contra el tirador. El RTP de esta apuesta ronda el 98,64%, y el pago tambi\u00e9n es de 1:1.<\/p>\n<p style=\"text-align: justify;\">Apuestas Come y Don&#8217;t Come: Similar a las apuestas Pass Line y Don&#8217;t Pass Line, pero colocadas despu\u00e9s de la tirada de salida. El RTP de estas apuestas es de aproximadamente el 98,59% y el pago es de 1:1.<\/p>\n<p style=\"text-align: justify;\">Apuestas de posici\u00f3n: Los jugadores pueden apostar a n\u00fameros espec\u00edficos (4, 5, 6, 8, 9 o 10) para que salgan antes que un 7. El RTP de estas apuestas var\u00eda en funci\u00f3n del n\u00famero elegido, con pagos que oscilan entre 9:5 y 7:6.<\/p>\n<p style=\"text-align: justify;\">Los Dados en vivo ofrecen una experiencia social y atractiva, permitiendo a los jugadores interactuar con el crupier y otros participantes a trav\u00e9s del chat en vivo. \u00a1\u00danete a nosotros en SlotSite.com Casino y tira los dados en esta cautivadora versi\u00f3n en vivo de Craps con streaming fluido y divertidos crupieres! Recuerda siempre conocer y establecer tus l\u00edmites. Juegue de forma responsable. El juego puede ser adictivo.<\/p>\n","protected":false},"excerpt":{"rendered":"<p>Tira los dados y juega a los dados en l\u00ednea en SlotSite.com Casino El Craps es un juego de casino incre\u00edblemente emocionante y din\u00e1mico que ofrece una experiencia \u00fanica a los jugadores. El Craps suele considerarse uno de los juegos de casino m\u00e1s sociales. Normalmente se juega en una mesa animada con varios jugadores, lo [&hellip;]<\/p>\n","protected":false},"author":1,"featured_media":0,"parent":0,"menu_order":0,"comment_status":"closed","ping_status":"closed","template":"templates\/category.php","meta":{"footnotes":""},"class_list":["post-194","page","type-page","status-publish","hentry"],"translation":{"provider":"WPGlobus","version":"2.12.2","language":"es","enabled_languages":["en","ca","fi","no","ja","es","pt","qc","gb","ir","nz","sa","in"],"languages":{"en":{"title":true,"content":true,"excerpt":false},"ca":{"title":true,"content":true,"excerpt":false},"fi":{"title":true,"content":true,"excerpt":false},"no":{"title":true,"content":true,"excerpt":false},"ja":{"title":true,"content":true,"excerpt":false},"es":{"title":true,"content":true,"excerpt":false},"pt":{"title":true,"content":true,"excerpt":false},"qc":{"title":true,"content":true,"excerpt":false},"gb":{"title":true,"content":true,"excerpt":false},"ir":{"title":false,"content":false,"excerpt":false},"nz":{"title":false,"content":false,"excerpt":false},"sa":{"title":false,"content":false,"excerpt":false},"in":{"title":true,"content":true,"excerpt":false}}},"acf":[],"yoast_head":"<!-- This site is optimized with the Yoast SEO plugin v20.11 - https:\/\/yoast.com\/wordpress\/plugins\/seo\/ -->\n<title>Tira los dados en emocionantes dados en l\u00ednea: \u00a1Gana con cada lanzamiento!<\/title>\n<meta name=\"description\" content=\"\u00a1Experimenta la emoci\u00f3n de los dados en l\u00ednea y avanza hacia emocionantes premios! Participa en este ic\u00f3nico juego de dados desde la comodidad de tu hogar, donde la suerte y la estrategia se cruzan para una experiencia de juego fascinante. \u00danase ahora para disfrutar de la acci\u00f3n, desafiar sus habilidades y descubrir el potencial de grandes recompensas con cada tirada de dados.\" \/>\n<meta name=\"robots\" content=\"index, follow, max-snippet:-1, max-image-preview:large, max-video-preview:-1\" \/>\n<link rel=\"canonical\" href=\"https:\/\/slotsite.mediacle.net\/online-craps\/\" \/>\n<meta property=\"og:locale\" content=\"es_ES\" \/>\n<meta property=\"og:type\" content=\"article\" \/>\n<meta property=\"og:title\" content=\"Tira los dados en emocionantes dados en l\u00ednea: \u00a1Gana con cada lanzamiento!\" \/>\n<meta property=\"og:description\" content=\"\u00a1Experimenta la emoci\u00f3n de los dados en l\u00ednea y avanza hacia emocionantes premios! Participa en este ic\u00f3nico juego de dados desde la comodidad de tu hogar, donde la suerte y la estrategia se cruzan para una experiencia de juego fascinante. \u00danase ahora para disfrutar de la acci\u00f3n, desafiar sus habilidades y descubrir el potencial de grandes recompensas con cada tirada de dados.\" \/>\n<meta property=\"og:url\" content=\"https:\/\/slotsite.mediacle.net\/online-craps\/\" \/>\n<meta property=\"og:site_name\" content=\"Slotsite\" \/>\n<meta property=\"article:modified_time\" content=\"2023-08-31T09:59:46+00:00\" \/>\n<meta name=\"twitter:card\" content=\"summary_large_image\" \/>\n<meta name=\"twitter:label1\" content=\"Est. reading time\" \/>\n\t<meta name=\"twitter:data1\" content=\"5 minutes\" \/>\n<script type=\"application\/ld+json\" class=\"yoast-schema-graph\">{\"@context\":\"https:\/\/schema.org\",\"@graph\":[{\"@type\":\"WebPage\",\"@id\":\"https:\/\/slotsite.mediacle.net\/online-craps\/\",\"url\":\"https:\/\/slotsite.mediacle.net\/online-craps\/\",\"name\":\"Roll the Dice in Exciting Online Craps: Win with Every Throw!\",\"isPartOf\":{\"@id\":\"https:\/\/slotsite.mediacle.net\/#website\"},\"datePublished\":\"2023-07-10T06:43:18+00:00\",\"dateModified\":\"2023-08-31T09:59:46+00:00\",\"description\":\"Experience the thrill of online craps and roll your way to exciting wins! Engage in this iconic dice game from the comfort of your home, where luck and strategy intersect for a riveting gaming experience.\",\"breadcrumb\":{\"@id\":\"https:\/\/slotsite.mediacle.net\/online-craps\/#breadcrumb\"},\"inLanguage\":\"es-ES\",\"potentialAction\":[{\"@type\":\"ReadAction\",\"target\":[\"https:\/\/slotsite.mediacle.net\/online-craps\/\"]}]},{\"@type\":\"BreadcrumbList\",\"@id\":\"https:\/\/slotsite.mediacle.net\/online-craps\/#breadcrumb\",\"itemListElement\":[{\"@type\":\"ListItem\",\"position\":1,\"name\":\"Home\",\"item\":\"https:\/\/slotsite.mediacle.net\/\"},{\"@type\":\"ListItem\",\"position\":2,\"name\":\"Online Craps Games\"}]},{\"@type\":\"WebSite\",\"@id\":\"https:\/\/slotsite.mediacle.net\/#website\",\"url\":\"https:\/\/slotsite.mediacle.net\/\",\"name\":\"Slotsite\",\"description\":\"\",\"potentialAction\":[{\"@type\":\"SearchAction\",\"target\":{\"@type\":\"EntryPoint\",\"urlTemplate\":\"https:\/\/slotsite.mediacle.net\/?s={search_term_string}\"},\"query-input\":\"required name=search_term_string\"}],\"inLanguage\":\"es-ES\"}]}<\/script>\n<!-- \/ Yoast SEO plugin. -->","yoast_head_json":{"title":"Tira los dados en emocionantes dados en l\u00ednea: \u00a1Gana con cada lanzamiento!","description":"\u00a1Experimenta la emoci\u00f3n de los dados en l\u00ednea y avanza hacia emocionantes premios! Participa en este ic\u00f3nico juego de dados desde la comodidad de tu hogar, donde la suerte y la estrategia se cruzan para una experiencia de juego fascinante. \u00danase ahora para disfrutar de la acci\u00f3n, desafiar sus habilidades y descubrir el potencial de grandes recompensas con cada tirada de dados.","robots":{"index":"index","follow":"follow","max-snippet":"max-snippet:-1","max-image-preview":"max-image-preview:large","max-video-preview":"max-video-preview:-1"},"canonical":"https:\/\/slotsite.mediacle.net\/online-craps\/","og_locale":"es_ES","og_type":"article","og_title":"Tira los dados en emocionantes dados en l\u00ednea: \u00a1Gana con cada lanzamiento!","og_description":"\u00a1Experimenta la emoci\u00f3n de los dados en l\u00ednea y avanza hacia emocionantes premios! Participa en este ic\u00f3nico juego de dados desde la comodidad de tu hogar, donde la suerte y la estrategia se cruzan para una experiencia de juego fascinante. \u00danase ahora para disfrutar de la acci\u00f3n, desafiar sus habilidades y descubrir el potencial de grandes recompensas con cada tirada de dados.","og_url":"https:\/\/slotsite.mediacle.net\/online-craps\/","og_site_name":"Slotsite","article_modified_time":"2023-08-31T09:59:46+00:00","twitter_card":"summary_large_image","twitter_misc":{"Est. reading time":"5 minutes"},"schema":{"@context":"https:\/\/schema.org","@graph":[{"@type":"WebPage","@id":"https:\/\/slotsite.mediacle.net\/online-craps\/","url":"https:\/\/slotsite.mediacle.net\/online-craps\/","name":"Roll the Dice in Exciting Online Craps: Win with Every Throw!","isPartOf":{"@id":"https:\/\/slotsite.mediacle.net\/#website"},"datePublished":"2023-07-10T06:43:18+00:00","dateModified":"2023-08-31T09:59:46+00:00","description":"Experience the thrill of online craps and roll your way to exciting wins! Engage in this iconic dice game from the comfort of your home, where luck and strategy intersect for a riveting gaming experience.","breadcrumb":{"@id":"https:\/\/slotsite.mediacle.net\/online-craps\/#breadcrumb"},"inLanguage":"es-ES","potentialAction":[{"@type":"ReadAction","target":["https:\/\/slotsite.mediacle.net\/online-craps\/"]}]},{"@type":"BreadcrumbList","@id":"https:\/\/slotsite.mediacle.net\/online-craps\/#breadcrumb","itemListElement":[{"@type":"ListItem","position":1,"name":"Home","item":"https:\/\/slotsite.mediacle.net\/"},{"@type":"ListItem","position":2,"name":"Online Craps Games"}]},{"@type":"WebSite","@id":"https:\/\/slotsite.mediacle.net\/#website","url":"https:\/\/slotsite.mediacle.net\/","name":"Slotsite","description":"","potentialAction":[{"@type":"SearchAction","target":{"@type":"EntryPoint","urlTemplate":"https:\/\/slotsite.mediacle.net\/?s={search_term_string}"},"query-input":"required name=search_term_string"}],"inLanguage":"es-ES"}]}},"_links":{"self":[{"href":"https:\/\/slotsite.mediacle.net\/es\/wp-json\/wp\/v2\/pages\/194","targetHints":{"allow":["GET"]}}],"collection":[{"href":"https:\/\/slotsite.mediacle.net\/es\/wp-json\/wp\/v2\/pages"}],"about":[{"href":"https:\/\/slotsite.mediacle.net\/es\/wp-json\/wp\/v2\/types\/page"}],"author":[{"embeddable":true,"href":"https:\/\/slotsite.mediacle.net\/es\/wp-json\/wp\/v2\/users\/1"}],"replies":[{"embeddable":true,"href":"https:\/\/slotsite.mediacle.net\/es\/wp-json\/wp\/v2\/comments?post=194"}],"version-history":[{"count":27,"href":"https:\/\/slotsite.mediacle.net\/es\/wp-json\/wp\/v2\/pages\/194\/revisions"}],"predecessor-version":[{"id":2359,"href":"https:\/\/slotsite.mediacle.net\/es\/wp-json\/wp\/v2\/pages\/194\/revisions\/2359"}],"wp:attachment":[{"href":"https:\/\/slotsite.mediacle.net\/es\/wp-json\/wp\/v2\/media?parent=194"}],"curies":[{"name":"wp","href":"https:\/\/api.w.org\/{rel}","templated":true}]}}