{"id":195,"date":"2023-07-10T06:43:45","date_gmt":"2023-07-10T06:43:45","guid":{"rendered":"https:\/\/slotsite.mediacle.net\/?page_id=195"},"modified":"2023-08-24T11:21:09","modified_gmt":"2023-08-24T11:21:09","slug":"bingo-games","status":"publish","type":"page","link":"https:\/\/slotsite.mediacle.net\/es\/bingo-games\/","title":{"rendered":"Juegos de bingo en l\u00ednea"},"content":{"rendered":"<h2 style=\"text-align: justify;\"><strong>\u00a1Disfruta de los Juegos de Bingo Online en SlotSite.com Casino!<\/strong><\/h2>\n<p style=\"text-align: justify;\">Si busca un juego que combine diversi\u00f3n y la posibilidad de ganar a lo grande, el bingo en l\u00ednea es la elecci\u00f3n perfecta. El bingo tiene una larga y fascinante historia que se remonta siglos atr\u00e1s. El juego que hoy conocemos y amamos ha evolucionado desde sus humildes comienzos hasta convertirse en un fen\u00f3meno mundial. Hagamos un viaje en el tiempo y exploremos la cautivadora historia del bingo:<\/p>\n<h3 style=\"text-align: justify;\"><strong>Primeros or\u00edgenes:<\/strong><\/h3>\n<p style=\"text-align: justify;\">Los or\u00edgenes del bingo se remontan al siglo XVI. Se cree que naci\u00f3 en Italia, donde era muy popular un juego de loter\u00eda llamado &#8220;Lo Giuoco del Lotto d&#8217;Italia&#8221;. Los jugadores deb\u00edan hacer coincidir los n\u00fameros de sus cartones con los extra\u00eddos por el operador del juego.<\/p>\n<h3 style=\"text-align: justify;\"><strong>Llegada a Am\u00e9rica:<\/strong><\/h3>\n<p style=\"text-align: justify;\">El bingo lleg\u00f3 a Am\u00e9rica a principios del siglo XX. Al principio se llamaba &#8220;Beano&#8221; y se jugaba en ferias y carnavales. Los jugadores marcaban los n\u00fameros de sus cartones con jud\u00edas, de ah\u00ed el nombre de &#8220;Beano&#8221;.<\/p>\n<h3 style=\"text-align: justify;\"><strong>El nacimiento del bingo:<\/strong><\/h3>\n<p style=\"text-align: justify;\">En 1929, Edwin S. Lowe, un vendedor de juguetes, presenci\u00f3 una partida de Beano en una feria cerca de Atlanta, Georgia. Inspirado por la emoci\u00f3n y el potencial del juego, Lowe lo present\u00f3 a sus amigos y lo modific\u00f3 ligeramente. Durante una partida, una jugadora se emocion\u00f3 tanto al ganar que grit\u00f3 por error &#8220;Bingo&#8221; en lugar de &#8220;Beano&#8221;. Este lapsus linguae accidental dio origen al nombre que conocemos hoy.<\/p>\n<h3 style=\"text-align: justify;\"><strong>Avances tecnol\u00f3gicos:<\/strong><\/h3>\n<p style=\"text-align: justify;\">Con la llegada de Internet y el auge de los juegos en l\u00ednea, el bingo experiment\u00f3 una revoluci\u00f3n digital. La plataforma en l\u00ednea permiti\u00f3 a los jugadores disfrutar del juego desde la comodidad de sus hogares. La comodidad y accesibilidad del bingo en l\u00ednea ha llevado el juego a jugadores de todo el mundo.<\/p>\n<h3 style=\"text-align: justify;\"><strong>Bingo Jackpot Slot destacado:<\/strong><\/h3>\n<p style=\"text-align: justify;\">Entre en My Bingo Hall Jackpot, un juego del prestigioso proveedor Eyecon, que captura la esencia del juego de bingo tradicional, \u00a1pero que adem\u00e1s paga premios de bote! Con su cuadr\u00edcula de cinco rodillos, tres filas y 25 l\u00edneas de pago ajustables, este juego ofrece una experiencia de juego personalizable y atractiva. Disfrute de la nostalgia de las llamadas de bingo con diez s\u00edmbolos normales, incluidos los favoritos de los fans como &#8220;Two Fat Ladies 88&#8221; y &#8220;Legs Eleven 11&#8221;. Busca los s\u00edmbolos especiales, como el comod\u00edn de la hoja de llamadas de bingo y el scatter de la persona que llama al bingo, que pueden activar emocionantes funciones de bonificaci\u00f3n y aumentar tu potencial de ganancias. Consigue tres, cuatro o cinco s\u00edmbolos scatter del llamador de bingo para activar 15, 20 o 25 tiradas gratuitas, respectivamente. Durante las tiradas gratuitas, todos los premios de l\u00ednea se triplican, lo que aumenta tus posibilidades de conseguir grandes premios. No pierdas de vista los comodines de la hoja de llamada de bingo, ya que sustituyen a todos los s\u00edmbolos excepto a los scatters. No s\u00f3lo ayudan a crear combinaciones ganadoras, sino que tambi\u00e9n duplican tus premios cuando contribuyen a una l\u00ednea ganadora. Con la posibilidad de reactivar hasta 15 tiradas gratuitas, \u00a1la emoci\u00f3n y las recompensas de My Bingo Hall Jackpot son infinitas!<\/p>\n<h3 style=\"text-align: justify;\"><strong>Bingo online de 75 bolas<\/strong><\/h3>\n<p style=\"text-align: justify;\">El bingo de 75 bolas es una variante popular del juego cl\u00e1sico que se juega en l\u00ednea. En esta versi\u00f3n, se extraen 40 n\u00fameros de 71 en un estilo de cuadr\u00edcula de 5&#215;5 que contiene 24 casillas numeradas y un espacio libre en el centro. Un jugador puede jugar hasta 6 boletos, cada uno de los cuales contiene 24 n\u00fameros seleccionados al azar. El objetivo es marcar los n\u00fameros en el cart\u00f3n a medida que el sistema los va llamando. El juego ofrece varios patrones ganadores, como l\u00edneas, diagonales y formas, que a\u00f1aden emoci\u00f3n y suspense a cada ronda. El bingo de 75 bolas, con su r\u00e1pido ritmo de juego, sus diversos patrones y sus pagos, ofrece una experiencia divertida y atractiva a los jugadores en l\u00ednea.<\/p>\n<h3 style=\"text-align: justify;\"><strong>Bingo online de 90 bolas<\/strong><\/h3>\n<p style=\"text-align: justify;\">El bingo de 90 bolas aporta emoci\u00f3n a los entusiastas de los juegos en l\u00ednea. Con su cart\u00f3n de 3&#215;5 y su cuadr\u00edcula de 9&#215;9 fichas numeradas, los jugadores tienen ante s\u00ed una amplia gama de posibilidades de ganar. El objetivo del juego es hacer coincidir tres o m\u00e1s fichas id\u00e9nticas para formar una combinaci\u00f3n ganadora y conseguir una recompensa en met\u00e1lico. A medida que avanza el juego, se van anunciando n\u00fameros seleccionados al azar que revelan gradualmente las 90 fichas. La expectaci\u00f3n aumenta a medida que los jugadores marcan sus n\u00fameros, con la esperanza de completar una l\u00ednea, dos l\u00edneas o conseguir un &#8220;full&#8221; marcando todos los n\u00fameros de su tarjeta. Cuando se han marcado los 90 n\u00fameros, el juego concluye y se pagan las combinaciones ganadoras. Para a\u00f1adir a\u00fan m\u00e1s emoci\u00f3n, el bingo de 90 bolas suele incluir juegos paralelos o rondas de bonificaci\u00f3n, que ofrecen a los jugadores la oportunidad de ganar premios adicionales en met\u00e1lico. Prep\u00e1rese para el suspense del bingo de 90 bolas, en el que cada ronda le ofrece la posibilidad de ganar a lo grande.<\/p>\n<h3 style=\"text-align: justify;\"><strong>Hazte miembro de SlotSite.com hoy mismo y gana premios.<\/strong><\/h3>\n<p style=\"text-align: justify;\">Para empezar a jugar al bingo, registrarse es muy f\u00e1cil. S\u00f3lo tiene que hacer clic en el bot\u00f3n &#8220;Registrarse&#8221; y rellenar el formulario de registro con sus datos. Una vez verificada su cuenta, podr\u00e1 realizar un dep\u00f3sito, reclamar su bono de bienvenida y disfrutar de los juegos de bingo en l\u00ednea. Reg\u00edstrate hoy mismo y prep\u00e1rate para gritar &#8220;\u00a1Bingo!&#8221;. Recuerda siempre conocer y establecer tus l\u00edmites. Juegue de forma responsable. El juego puede crear adicci\u00f3n.<\/p>\n","protected":false},"excerpt":{"rendered":"<p>\u00a1Disfruta de los Juegos de Bingo Online en SlotSite.com Casino! Si busca un juego que combine diversi\u00f3n y la posibilidad de ganar a lo grande, el bingo en l\u00ednea es la elecci\u00f3n perfecta. El bingo tiene una larga y fascinante historia que se remonta siglos atr\u00e1s. El juego que hoy conocemos y amamos ha evolucionado [&hellip;]<\/p>\n","protected":false},"author":1,"featured_media":0,"parent":0,"menu_order":0,"comment_status":"closed","ping_status":"closed","template":"templates\/category.php","meta":{"footnotes":""},"class_list":["post-195","page","type-page","status-publish","hentry"],"translation":{"provider":"WPGlobus","version":"2.12.2","language":"es","enabled_languages":["en","ca","fi","no","ja","es","pt","qc","gb","ir","nz","sa","in"],"languages":{"en":{"title":true,"content":true,"excerpt":false},"ca":{"title":true,"content":true,"excerpt":false},"fi":{"title":true,"content":false,"excerpt":false},"no":{"title":true,"content":true,"excerpt":false},"ja":{"title":false,"content":false,"excerpt":false},"es":{"title":true,"content":true,"excerpt":false},"pt":{"title":true,"content":true,"excerpt":false},"qc":{"title":true,"content":true,"excerpt":false},"gb":{"title":true,"content":true,"excerpt":false},"ir":{"title":false,"content":false,"excerpt":false},"nz":{"title":false,"content":false,"excerpt":false},"sa":{"title":false,"content":false,"excerpt":false},"in":{"title":true,"content":true,"excerpt":false}}},"acf":[],"yoast_head":"<!-- This site is optimized with the Yoast SEO plugin v20.11 - https:\/\/yoast.com\/wordpress\/plugins\/seo\/ -->\n<title>Prep\u00e1rese para gritar &#039;\u00a1Bingo!&#039;: \u00a1Juegue juegos de bingo divertidos y gratificantes aqu\u00ed!<\/title>\n<meta name=\"description\" content=\"\u00a1\u00danase a la emoci\u00f3n de los juegos de bingo en nuestra plataforma y marque esos n\u00fameros para obtener premios emocionantes! Explore una variedad de salas de bingo, interact\u00fae con otros jugadores y disfrute del aspecto social de este juego cl\u00e1sico. Juegue ahora para experimentar la anticipaci\u00f3n y las posibles recompensas de nuestros atractivos juegos de bingo&quot;.\" \/>\n<meta name=\"robots\" content=\"index, follow, max-snippet:-1, max-image-preview:large, max-video-preview:-1\" \/>\n<link rel=\"canonical\" href=\"https:\/\/slotsite.mediacle.net\/bingo-games\/\" \/>\n<meta property=\"og:locale\" content=\"es_ES\" \/>\n<meta property=\"og:type\" content=\"article\" \/>\n<meta property=\"og:title\" content=\"Prep\u00e1rese para gritar &#039;\u00a1Bingo!&#039;: \u00a1Juegue juegos de bingo divertidos y gratificantes aqu\u00ed!\" \/>\n<meta property=\"og:description\" content=\"\u00a1\u00danase a la emoci\u00f3n de los juegos de bingo en nuestra plataforma y marque esos n\u00fameros para obtener premios emocionantes! Explore una variedad de salas de bingo, interact\u00fae con otros jugadores y disfrute del aspecto social de este juego cl\u00e1sico. Juegue ahora para experimentar la anticipaci\u00f3n y las posibles recompensas de nuestros atractivos juegos de bingo&quot;.\" \/>\n<meta property=\"og:url\" content=\"https:\/\/slotsite.mediacle.net\/bingo-games\/\" \/>\n<meta property=\"og:site_name\" content=\"Slotsite\" \/>\n<meta property=\"article:modified_time\" content=\"2023-08-24T11:21:09+00:00\" \/>\n<meta name=\"twitter:card\" content=\"summary_large_image\" \/>\n<meta name=\"twitter:label1\" content=\"Est. reading time\" \/>\n\t<meta name=\"twitter:data1\" content=\"4 minutes\" \/>\n<script type=\"application\/ld+json\" class=\"yoast-schema-graph\">{\"@context\":\"https:\/\/schema.org\",\"@graph\":[{\"@type\":\"WebPage\",\"@id\":\"https:\/\/slotsite.mediacle.net\/bingo-games\/\",\"url\":\"https:\/\/slotsite.mediacle.net\/bingo-games\/\",\"name\":\"Prep\u00e1rese para gritar '\u00a1Bingo!': \u00a1Juegue juegos de bingo divertidos y gratificantes aqu\u00ed!\",\"isPartOf\":{\"@id\":\"https:\/\/slotsite.mediacle.net\/#website\"},\"datePublished\":\"2023-07-10T06:43:45+00:00\",\"dateModified\":\"2023-08-24T11:21:09+00:00\",\"description\":\"\u00a1\u00danase a la emoci\u00f3n de los juegos de bingo en nuestra plataforma y marque esos n\u00fameros para obtener premios emocionantes! Explore una variedad de salas de bingo, interact\u00fae con otros jugadores y disfrute del aspecto social de este juego cl\u00e1sico. Juegue ahora para experimentar la anticipaci\u00f3n y las posibles recompensas de nuestros atractivos juegos de bingo\\\".\",\"breadcrumb\":{\"@id\":\"https:\/\/slotsite.mediacle.net\/bingo-games\/#breadcrumb\"},\"inLanguage\":\"es-ES\",\"potentialAction\":[{\"@type\":\"ReadAction\",\"target\":[\"https:\/\/slotsite.mediacle.net\/bingo-games\/\"]}]},{\"@type\":\"BreadcrumbList\",\"@id\":\"https:\/\/slotsite.mediacle.net\/bingo-games\/#breadcrumb\",\"itemListElement\":[{\"@type\":\"ListItem\",\"position\":1,\"name\":\"Home\",\"item\":\"https:\/\/slotsite.mediacle.net\/\"},{\"@type\":\"ListItem\",\"position\":2,\"name\":\"Bingo Games\"}]},{\"@type\":\"WebSite\",\"@id\":\"https:\/\/slotsite.mediacle.net\/#website\",\"url\":\"https:\/\/slotsite.mediacle.net\/\",\"name\":\"Slotsite\",\"description\":\"\",\"potentialAction\":[{\"@type\":\"SearchAction\",\"target\":{\"@type\":\"EntryPoint\",\"urlTemplate\":\"https:\/\/slotsite.mediacle.net\/?s={search_term_string}\"},\"query-input\":\"required name=search_term_string\"}],\"inLanguage\":\"es-ES\"}]}<\/script>\n<!-- \/ Yoast SEO plugin. -->","yoast_head_json":{"title":"Prep\u00e1rese para gritar '\u00a1Bingo!': \u00a1Juegue juegos de bingo divertidos y gratificantes aqu\u00ed!","description":"\u00a1\u00danase a la emoci\u00f3n de los juegos de bingo en nuestra plataforma y marque esos n\u00fameros para obtener premios emocionantes! Explore una variedad de salas de bingo, interact\u00fae con otros jugadores y disfrute del aspecto social de este juego cl\u00e1sico. Juegue ahora para experimentar la anticipaci\u00f3n y las posibles recompensas de nuestros atractivos juegos de bingo\".","robots":{"index":"index","follow":"follow","max-snippet":"max-snippet:-1","max-image-preview":"max-image-preview:large","max-video-preview":"max-video-preview:-1"},"canonical":"https:\/\/slotsite.mediacle.net\/bingo-games\/","og_locale":"es_ES","og_type":"article","og_title":"Prep\u00e1rese para gritar '\u00a1Bingo!': \u00a1Juegue juegos de bingo divertidos y gratificantes aqu\u00ed!","og_description":"\u00a1\u00danase a la emoci\u00f3n de los juegos de bingo en nuestra plataforma y marque esos n\u00fameros para obtener premios emocionantes! Explore una variedad de salas de bingo, interact\u00fae con otros jugadores y disfrute del aspecto social de este juego cl\u00e1sico. Juegue ahora para experimentar la anticipaci\u00f3n y las posibles recompensas de nuestros atractivos juegos de bingo\".","og_url":"https:\/\/slotsite.mediacle.net\/bingo-games\/","og_site_name":"Slotsite","article_modified_time":"2023-08-24T11:21:09+00:00","twitter_card":"summary_large_image","twitter_misc":{"Est. reading time":"4 minutes"},"schema":{"@context":"https:\/\/schema.org","@graph":[{"@type":"WebPage","@id":"https:\/\/slotsite.mediacle.net\/bingo-games\/","url":"https:\/\/slotsite.mediacle.net\/bingo-games\/","name":"Prep\u00e1rese para gritar '\u00a1Bingo!': \u00a1Juegue juegos de bingo divertidos y gratificantes aqu\u00ed!","isPartOf":{"@id":"https:\/\/slotsite.mediacle.net\/#website"},"datePublished":"2023-07-10T06:43:45+00:00","dateModified":"2023-08-24T11:21:09+00:00","description":"\u00a1\u00danase a la emoci\u00f3n de los juegos de bingo en nuestra plataforma y marque esos n\u00fameros para obtener premios emocionantes! Explore una variedad de salas de bingo, interact\u00fae con otros jugadores y disfrute del aspecto social de este juego cl\u00e1sico. Juegue ahora para experimentar la anticipaci\u00f3n y las posibles recompensas de nuestros atractivos juegos de bingo\".","breadcrumb":{"@id":"https:\/\/slotsite.mediacle.net\/bingo-games\/#breadcrumb"},"inLanguage":"es-ES","potentialAction":[{"@type":"ReadAction","target":["https:\/\/slotsite.mediacle.net\/bingo-games\/"]}]},{"@type":"BreadcrumbList","@id":"https:\/\/slotsite.mediacle.net\/bingo-games\/#breadcrumb","itemListElement":[{"@type":"ListItem","position":1,"name":"Home","item":"https:\/\/slotsite.mediacle.net\/"},{"@type":"ListItem","position":2,"name":"Bingo Games"}]},{"@type":"WebSite","@id":"https:\/\/slotsite.mediacle.net\/#website","url":"https:\/\/slotsite.mediacle.net\/","name":"Slotsite","description":"","potentialAction":[{"@type":"SearchAction","target":{"@type":"EntryPoint","urlTemplate":"https:\/\/slotsite.mediacle.net\/?s={search_term_string}"},"query-input":"required name=search_term_string"}],"inLanguage":"es-ES"}]}},"_links":{"self":[{"href":"https:\/\/slotsite.mediacle.net\/es\/wp-json\/wp\/v2\/pages\/195","targetHints":{"allow":["GET"]}}],"collection":[{"href":"https:\/\/slotsite.mediacle.net\/es\/wp-json\/wp\/v2\/pages"}],"about":[{"href":"https:\/\/slotsite.mediacle.net\/es\/wp-json\/wp\/v2\/types\/page"}],"author":[{"embeddable":true,"href":"https:\/\/slotsite.mediacle.net\/es\/wp-json\/wp\/v2\/users\/1"}],"replies":[{"embeddable":true,"href":"https:\/\/slotsite.mediacle.net\/es\/wp-json\/wp\/v2\/comments?post=195"}],"version-history":[{"count":20,"href":"https:\/\/slotsite.mediacle.net\/es\/wp-json\/wp\/v2\/pages\/195\/revisions"}],"predecessor-version":[{"id":2173,"href":"https:\/\/slotsite.mediacle.net\/es\/wp-json\/wp\/v2\/pages\/195\/revisions\/2173"}],"wp:attachment":[{"href":"https:\/\/slotsite.mediacle.net\/es\/wp-json\/wp\/v2\/media?parent=195"}],"curies":[{"name":"wp","href":"https:\/\/api.w.org\/{rel}","templated":true}]}}