{"id":199,"date":"2023-07-10T06:44:39","date_gmt":"2023-07-10T06:44:39","guid":{"rendered":"https:\/\/slotsite.mediacle.net\/?page_id=199"},"modified":"2023-08-31T10:11:35","modified_gmt":"2023-08-31T10:11:35","slug":"keno-games","status":"publish","type":"page","link":"https:\/\/slotsite.mediacle.net\/es\/keno-games\/","title":{"rendered":"Juegos de Keno en l\u00ednea"},"content":{"rendered":"<h2 style=\"text-align: justify;\"><strong>Keno: Descubra el antiguo juego de azar de la loter\u00eda en SlotSite.com Casino<\/strong><\/h2>\n<p style=\"text-align: justify;\">Bienvenido al encantador mundo del Keno, un cautivador juego de loter\u00eda que ha resistido la prueba del tiempo y sigue deleitando a jugadores de todo el mundo. Con sus or\u00edgenes profundamente arraigados en la antigua China, Keno posee una fascinante historia que abarca m\u00e1s de dos milenios. Seg\u00fan la leyenda, el juego desempe\u00f1\u00f3 un papel crucial en la financiaci\u00f3n de la construcci\u00f3n de la Gran Muralla China. Con el paso de los siglos, el Keno se abri\u00f3 camino en diferentes partes del mundo, adapt\u00e1ndose a diversas influencias culturales y evolucionando en diferentes formas.<\/p>\n<p style=\"text-align: justify;\">En su forma m\u00e1s primitiva, el Keno consist\u00eda en seleccionar caracteres de poemas chinos en lugar de n\u00fameros. Estos caracteres se extra\u00edan de un gran grupo y los jugadores marcaban sus selecciones en una carta. Cuando el juego lleg\u00f3 a otras regiones occidentales en el siglo XVIII, sufri\u00f3 modificaciones y los n\u00fameros sustituyeron a los caracteres. El Keno gan\u00f3 popularidad r\u00e1pidamente, sobre todo en los establecimientos de juego, donde ofrec\u00eda una alternativa de azar a los juegos de casino tradicionales.<\/p>\n<p style=\"text-align: justify;\">Hoy en d\u00eda, gracias a la gran popularidad de los casinos en l\u00ednea, el Keno ha encontrado un nuevo hogar en el reino digital. En SlotSite.com Casino, estamos orgullosos de presentar diferentes variaciones de juegos de Keno en l\u00ednea, trayendo la emoci\u00f3n y el potencial a su alcance.<\/p>\n<h3 style=\"text-align: justify;\"><strong>\u00bfC\u00f3mo se juega al Keno y cu\u00e1les son las reglas?<\/strong><\/h3>\n<p style=\"text-align: justify;\">El Keno es un juego de loter\u00eda f\u00e1cil de jugar que ofrece grandes premios. Aqu\u00ed tienes una gu\u00eda paso a paso sobre c\u00f3mo jugar al Keno:<\/p>\n<p style=\"text-align: justify;\">Elija sus n\u00fameros: En el Keno, los jugadores seleccionan un conjunto de n\u00fameros de un rango predeterminado, que suele oscilar entre 1 y 80. El n\u00famero de n\u00fameros seleccionados puede variar, normalmente entre 1 y 20, dependiendo del juego espec\u00edfico.<\/p>\n<p style=\"text-align: justify;\">Haga sus apuestas: Decida cu\u00e1nto quiere apostar en cada juego. La cantidad que apueste determinar\u00e1 los pagos potenciales si sus n\u00fameros salen sorteados.<\/p>\n<p style=\"text-align: justify;\">Vea el sorteo: Una vez que haya elegido sus n\u00fameros y realizado sus apuestas, comenzar\u00e1 el juego. Los n\u00fameros se extraen aleatoriamente mediante un generador de n\u00fameros aleatorios (RNG) u otros m\u00e9todos certificados. En el Keno tradicional, las bolas numeradas se extraen de una burbuja de cristal, mientras que el Keno online utiliza tecnolog\u00eda digital para un sorteo justo y aleatorio.<\/p>\n<p style=\"text-align: justify;\">Compare los n\u00fameros sorteados con su selecci\u00f3n: A medida que se sortean los n\u00fameros, tendr\u00e1 que compararlos con los n\u00fameros que ha elegido. Cuantos m\u00e1s n\u00fameros acierte, mayor ser\u00e1 su premio potencial.<\/p>\n<p style=\"text-align: justify;\">Cobre sus ganancias: Si sus n\u00fameros coinciden con los n\u00fameros sorteados, ganar\u00e1 seg\u00fan la tabla de pagos del juego de Keno espec\u00edfico. Los pagos var\u00edan en funci\u00f3n del n\u00famero de aciertos y del importe de su apuesta. Las distintas combinaciones de n\u00fameros dar\u00e1n premios diferentes, con pagos m\u00e1s altos por acertar m\u00e1s n\u00fameros.<\/p>\n<h3 style=\"text-align: justify;\"><strong>Reglas de Keno:<\/strong><\/h3>\n<p style=\"text-align: justify;\">Selecci\u00f3n de n\u00fameros: Elija sus n\u00fameros entre los disponibles, normalmente del 1 al 80. El n\u00famero de n\u00fameros seleccionados depender\u00e1 del juego de Keno espec\u00edfico.<\/p>\n<p style=\"text-align: justify;\">Apuestas: Realice la apuesta que desee en cada partido. La cantidad que apueste afectar\u00e1 a los pagos potenciales.<\/p>\n<p style=\"text-align: justify;\">Pagos: Los pagos se basan en el n\u00famero de aciertos entre los n\u00fameros seleccionados y los n\u00fameros sorteados. Cuantos m\u00e1s n\u00fameros acierte, mayores ser\u00e1n sus ganancias potenciales.<\/p>\n<p style=\"text-align: justify;\">Tabla de pagos: Cada juego de Keno tiene su propia tabla de pagos, que indica los pagos para las diferentes combinaciones de n\u00fameros. Consulte la tabla de pagos para conocer los premios potenciales de sus apuestas.<\/p>\n<p style=\"text-align: justify;\">Aleatoriedad y equidad: Los juegos de Keno utilizan tecnolog\u00eda RNG o m\u00e9todos certificados para garantizar la imparcialidad y aleatoriedad en los sorteos de n\u00fameros, proporcionando una experiencia de juego imparcial.<\/p>\n<p style=\"text-align: justify;\">Ahora que ya sabe c\u00f3mo se juega al Keno y las reglas que hay que seguir, h\u00e1gase miembro de SlotSite.com y \u00a1consiga puntos de recompensa mientras juega! \u00a0Ofrecemos una gran variedad de juegos de Keno para satisfacer las preferencias de todos los jugadores. Desde el cl\u00e1sico Keno hasta innovadores giros en el juego, haga sus apuestas con nosotros y cruce los dedos. Recuerde siempre conocer y establecer sus l\u00edmites. Apueste con responsabilidad. El juego puede crear adicci\u00f3n.<\/p>\n","protected":false},"excerpt":{"rendered":"<p>Keno: Descubra el antiguo juego de azar de la loter\u00eda en SlotSite.com Casino Bienvenido al encantador mundo del Keno, un cautivador juego de loter\u00eda que ha resistido la prueba del tiempo y sigue deleitando a jugadores de todo el mundo. Con sus or\u00edgenes profundamente arraigados en la antigua China, Keno posee una fascinante historia que [&hellip;]<\/p>\n","protected":false},"author":1,"featured_media":0,"parent":0,"menu_order":0,"comment_status":"closed","ping_status":"closed","template":"templates\/category.php","meta":{"footnotes":""},"class_list":["post-199","page","type-page","status-publish","hentry"],"translation":{"provider":"WPGlobus","version":"2.12.2","language":"es","enabled_languages":["en","ca","fi","no","ja","es","pt","qc","gb","ir","nz","sa","in"],"languages":{"en":{"title":true,"content":true,"excerpt":false},"ca":{"title":true,"content":true,"excerpt":false},"fi":{"title":true,"content":true,"excerpt":false},"no":{"title":true,"content":true,"excerpt":false},"ja":{"title":true,"content":true,"excerpt":false},"es":{"title":true,"content":true,"excerpt":false},"pt":{"title":true,"content":true,"excerpt":false},"qc":{"title":true,"content":true,"excerpt":false},"gb":{"title":true,"content":true,"excerpt":false},"ir":{"title":false,"content":false,"excerpt":false},"nz":{"title":false,"content":false,"excerpt":false},"sa":{"title":false,"content":false,"excerpt":false},"in":{"title":true,"content":true,"excerpt":false}}},"acf":[],"yoast_head":"<!-- This site is optimized with the Yoast SEO plugin v20.11 - https:\/\/yoast.com\/wordpress\/plugins\/seo\/ -->\n<title>Pruebe su suerte con juegos de Keno atractivos: \u00a1juegue y gane hoy!<\/title>\n<meta name=\"description\" content=\"Experimente la emoci\u00f3n de los juegos de Keno en nuestra plataforma, donde la suerte y la estrategia se combinan para obtener ganancias emocionantes. Elija sus n\u00fameros, mire el sorteo y vea si gana el premio gordo. \u00danase ahora para disfrutar de la anticipaci\u00f3n, participe en este juego cl\u00e1sico y gane potencialmente a lo grande en nuestros cautivadores juegos de Keno.\" \/>\n<meta name=\"robots\" content=\"index, follow, max-snippet:-1, max-image-preview:large, max-video-preview:-1\" \/>\n<link rel=\"canonical\" href=\"https:\/\/slotsite.mediacle.net\/keno-games\/\" \/>\n<meta property=\"og:locale\" content=\"es_ES\" \/>\n<meta property=\"og:type\" content=\"article\" \/>\n<meta property=\"og:title\" content=\"Pruebe su suerte con juegos de Keno atractivos: \u00a1juegue y gane hoy!\" \/>\n<meta property=\"og:description\" content=\"Experimente la emoci\u00f3n de los juegos de Keno en nuestra plataforma, donde la suerte y la estrategia se combinan para obtener ganancias emocionantes. Elija sus n\u00fameros, mire el sorteo y vea si gana el premio gordo. \u00danase ahora para disfrutar de la anticipaci\u00f3n, participe en este juego cl\u00e1sico y gane potencialmente a lo grande en nuestros cautivadores juegos de Keno.\" \/>\n<meta property=\"og:url\" content=\"https:\/\/slotsite.mediacle.net\/keno-games\/\" \/>\n<meta property=\"og:site_name\" content=\"Slotsite\" \/>\n<meta property=\"article:modified_time\" content=\"2023-08-31T10:11:35+00:00\" \/>\n<meta name=\"twitter:card\" content=\"summary_large_image\" \/>\n<meta name=\"twitter:label1\" content=\"Est. reading time\" \/>\n\t<meta name=\"twitter:data1\" content=\"3 minutes\" \/>\n<script type=\"application\/ld+json\" class=\"yoast-schema-graph\">{\"@context\":\"https:\/\/schema.org\",\"@graph\":[{\"@type\":\"WebPage\",\"@id\":\"https:\/\/slotsite.mediacle.net\/keno-games\/\",\"url\":\"https:\/\/slotsite.mediacle.net\/keno-games\/\",\"name\":\"Try Your Luck with Engaging Keno Games: Play and Win Today!\",\"isPartOf\":{\"@id\":\"https:\/\/slotsite.mediacle.net\/#website\"},\"datePublished\":\"2023-07-10T06:44:39+00:00\",\"dateModified\":\"2023-08-31T10:11:35+00:00\",\"description\":\"Experience the thrill of Keno games on our platform, where luck and strategy combine for exciting wins. Choose your numbers, watch the draw, and see if you hit the jackpot.\",\"breadcrumb\":{\"@id\":\"https:\/\/slotsite.mediacle.net\/keno-games\/#breadcrumb\"},\"inLanguage\":\"es-ES\",\"potentialAction\":[{\"@type\":\"ReadAction\",\"target\":[\"https:\/\/slotsite.mediacle.net\/keno-games\/\"]}]},{\"@type\":\"BreadcrumbList\",\"@id\":\"https:\/\/slotsite.mediacle.net\/keno-games\/#breadcrumb\",\"itemListElement\":[{\"@type\":\"ListItem\",\"position\":1,\"name\":\"Home\",\"item\":\"https:\/\/slotsite.mediacle.net\/\"},{\"@type\":\"ListItem\",\"position\":2,\"name\":\"Keno Games\"}]},{\"@type\":\"WebSite\",\"@id\":\"https:\/\/slotsite.mediacle.net\/#website\",\"url\":\"https:\/\/slotsite.mediacle.net\/\",\"name\":\"Slotsite\",\"description\":\"\",\"potentialAction\":[{\"@type\":\"SearchAction\",\"target\":{\"@type\":\"EntryPoint\",\"urlTemplate\":\"https:\/\/slotsite.mediacle.net\/?s={search_term_string}\"},\"query-input\":\"required name=search_term_string\"}],\"inLanguage\":\"es-ES\"}]}<\/script>\n<!-- \/ Yoast SEO plugin. -->","yoast_head_json":{"title":"Pruebe su suerte con juegos de Keno atractivos: \u00a1juegue y gane hoy!","description":"Experimente la emoci\u00f3n de los juegos de Keno en nuestra plataforma, donde la suerte y la estrategia se combinan para obtener ganancias emocionantes. Elija sus n\u00fameros, mire el sorteo y vea si gana el premio gordo. \u00danase ahora para disfrutar de la anticipaci\u00f3n, participe en este juego cl\u00e1sico y gane potencialmente a lo grande en nuestros cautivadores juegos de Keno.","robots":{"index":"index","follow":"follow","max-snippet":"max-snippet:-1","max-image-preview":"max-image-preview:large","max-video-preview":"max-video-preview:-1"},"canonical":"https:\/\/slotsite.mediacle.net\/keno-games\/","og_locale":"es_ES","og_type":"article","og_title":"Pruebe su suerte con juegos de Keno atractivos: \u00a1juegue y gane hoy!","og_description":"Experimente la emoci\u00f3n de los juegos de Keno en nuestra plataforma, donde la suerte y la estrategia se combinan para obtener ganancias emocionantes. Elija sus n\u00fameros, mire el sorteo y vea si gana el premio gordo. \u00danase ahora para disfrutar de la anticipaci\u00f3n, participe en este juego cl\u00e1sico y gane potencialmente a lo grande en nuestros cautivadores juegos de Keno.","og_url":"https:\/\/slotsite.mediacle.net\/keno-games\/","og_site_name":"Slotsite","article_modified_time":"2023-08-31T10:11:35+00:00","twitter_card":"summary_large_image","twitter_misc":{"Est. reading time":"3 minutes"},"schema":{"@context":"https:\/\/schema.org","@graph":[{"@type":"WebPage","@id":"https:\/\/slotsite.mediacle.net\/keno-games\/","url":"https:\/\/slotsite.mediacle.net\/keno-games\/","name":"Try Your Luck with Engaging Keno Games: Play and Win Today!","isPartOf":{"@id":"https:\/\/slotsite.mediacle.net\/#website"},"datePublished":"2023-07-10T06:44:39+00:00","dateModified":"2023-08-31T10:11:35+00:00","description":"Experience the thrill of Keno games on our platform, where luck and strategy combine for exciting wins. Choose your numbers, watch the draw, and see if you hit the jackpot.","breadcrumb":{"@id":"https:\/\/slotsite.mediacle.net\/keno-games\/#breadcrumb"},"inLanguage":"es-ES","potentialAction":[{"@type":"ReadAction","target":["https:\/\/slotsite.mediacle.net\/keno-games\/"]}]},{"@type":"BreadcrumbList","@id":"https:\/\/slotsite.mediacle.net\/keno-games\/#breadcrumb","itemListElement":[{"@type":"ListItem","position":1,"name":"Home","item":"https:\/\/slotsite.mediacle.net\/"},{"@type":"ListItem","position":2,"name":"Keno Games"}]},{"@type":"WebSite","@id":"https:\/\/slotsite.mediacle.net\/#website","url":"https:\/\/slotsite.mediacle.net\/","name":"Slotsite","description":"","potentialAction":[{"@type":"SearchAction","target":{"@type":"EntryPoint","urlTemplate":"https:\/\/slotsite.mediacle.net\/?s={search_term_string}"},"query-input":"required name=search_term_string"}],"inLanguage":"es-ES"}]}},"_links":{"self":[{"href":"https:\/\/slotsite.mediacle.net\/es\/wp-json\/wp\/v2\/pages\/199","targetHints":{"allow":["GET"]}}],"collection":[{"href":"https:\/\/slotsite.mediacle.net\/es\/wp-json\/wp\/v2\/pages"}],"about":[{"href":"https:\/\/slotsite.mediacle.net\/es\/wp-json\/wp\/v2\/types\/page"}],"author":[{"embeddable":true,"href":"https:\/\/slotsite.mediacle.net\/es\/wp-json\/wp\/v2\/users\/1"}],"replies":[{"embeddable":true,"href":"https:\/\/slotsite.mediacle.net\/es\/wp-json\/wp\/v2\/comments?post=199"}],"version-history":[{"count":44,"href":"https:\/\/slotsite.mediacle.net\/es\/wp-json\/wp\/v2\/pages\/199\/revisions"}],"predecessor-version":[{"id":2361,"href":"https:\/\/slotsite.mediacle.net\/es\/wp-json\/wp\/v2\/pages\/199\/revisions\/2361"}],"wp:attachment":[{"href":"https:\/\/slotsite.mediacle.net\/es\/wp-json\/wp\/v2\/media?parent=199"}],"curies":[{"name":"wp","href":"https:\/\/api.w.org\/{rel}","templated":true}]}}