{"id":201,"date":"2023-07-10T06:48:34","date_gmt":"2023-07-10T06:48:34","guid":{"rendered":"https:\/\/slotsite.mediacle.net\/?page_id=201"},"modified":"2023-08-31T07:19:01","modified_gmt":"2023-08-31T07:19:01","slug":"mobile-slots","status":"publish","type":"page","link":"https:\/\/slotsite.mediacle.net\/es\/mobile-slots\/","title":{"rendered":"Juegos de tragaperras para m\u00f3viles"},"content":{"rendered":"<h2 style=\"text-align: justify;\"><strong>\u00bfTe gusta la comodidad de jugar en tu m\u00f3vil? Descubre las mejores tragaperras para m\u00f3vil en SlotSite.com Casino.<\/strong><\/h2>\n<p style=\"text-align: justify;\">Como ya sabe, \u00a1las tragaperras son nuestra especialidad! Con una impresionante gama de m\u00e1s de 75 proveedores de software populares y de confianza, ofrecemos una extraordinaria variedad de juegos de tragaperras para m\u00f3vil que se adaptan a todas las preferencias. Todas nuestras tragaperras cuentan con licencias independientes y se someten a rigurosas pruebas para garantizar un juego limpio. Cada juego funciona con un generador de n\u00fameros aleatorios (RNG) certificado, que garantiza resultados justos e imparciales en cada tirada. Disfrute de la m\u00e1xima comodidad con nuestra plataforma optimizada para m\u00f3viles y tabletas. Disfrute de una velocidad vertiginosa y de un dise\u00f1o con capacidad de respuesta que garantiza un juego fluido y agradable en cualquier dispositivo. Adentr\u00e9monos en el universo de las tragaperras para m\u00f3vil y exploremos los distintos tipos y categor\u00edas que le esperan:<\/p>\n<h3 style=\"text-align: justify;\"><strong>Tragaperras cl\u00e1sicas:<\/strong><\/h3>\n<p style=\"text-align: justify;\">Sum\u00e9rjase en la nostalgia y disfrute del encanto de las tragaperras cl\u00e1sicas. Estos juegos atemporales presentan s\u00edmbolos tradicionales como frutas, barras y sietes de la suerte, ofreciendo una experiencia de juego familiar pero estimulante. Disfrute de un juego sencillo y sum\u00e9rjase en la simplicidad y elegancia de estas adoradas tragaperras.<\/p>\n<p style=\"text-align: justify;\">Consejos: Est\u00e9 atento a los s\u00edmbolos especiales, ya que pueden aumentar sus posibilidades de ganar a lo grande. Adem\u00e1s, explora las tragaperras cl\u00e1sicas con rondas de bonificaci\u00f3n para conseguir m\u00e1s emoci\u00f3n y premios potenciales.<\/p>\n<h3 style=\"text-align: justify;\"><strong>Tragaperras de frutas:<\/strong><\/h3>\n<p style=\"text-align: justify;\">Disfrute de una explosi\u00f3n de colores vibrantes y jugosas frutas con nuestra colecci\u00f3n de tragaperras de frutas. Estos deliciosos juegos infunden a los rodillos una deliciosa variedad de cerezas, limones, naranjas, sand\u00edas y mucho m\u00e1s. Disfrute de un fest\u00edn visual mientras hace girar los rodillos y saborea el refrescante giro de los temas cl\u00e1sicos de las tragaperras.<\/p>\n<p style=\"text-align: justify;\">Consejos: Busque tragaperras de frutas con funciones de bonificaci\u00f3n como tiradas gratis o multiplicadores, ya que pueden aumentar significativamente sus ganancias. Adem\u00e1s, no pierdas de vista las tragaperras de frutas que ofrecen la posibilidad de ganar enormes botes con cada giro.<\/p>\n<p style=\"text-align: justify;\">Tragaperras de 3, 5, 7 y hasta m\u00e1s de 10 tambores.<\/p>\n<p style=\"text-align: justify;\">Prep\u00e1rese para una multitud de posibilidades con nuestra variada selecci\u00f3n de tragaperras con distintos n\u00fameros de rodillos. Desde las tradicionales tragaperras de 3 rodillos que encarnan la simplicidad hasta las inmersivas tragaperras de m\u00e1s de 10 rodillos que ofrecen abundantes l\u00edneas de pago, nuestra gama de opciones de configuraci\u00f3n de rodillos garantiza que cada jugador encontrar\u00e1 lo que busca.<\/p>\n<p style=\"text-align: justify;\">Consejos: Experimente con diferentes configuraciones de rodillos para encontrar su estilo preferido. En las tragaperras de 3 rodillos, conc\u00e9ntrese en conseguir s\u00edmbolos iguales en una sola l\u00ednea de pago para ganar. A partir de 5 rodillos, aproveche las m\u00faltiples l\u00edneas de pago y las funciones de bonificaci\u00f3n para maximizar sus posibilidades de ganar.<\/p>\n<h3 style=\"text-align: justify;\"><strong>Tragaperras Straight Multiplier:<\/strong><\/h3>\n<p style=\"text-align: justify;\">Multiplique sus ganancias con cada giro en nuestras Straight Multiplier Slots. A medida que aumenta el n\u00famero de monedas jugadas, sus pagos potenciales se disparan, amplificando la emoci\u00f3n y aumentando sus posibilidades de conseguir grandes ganancias.<\/p>\n<p style=\"text-align: justify;\">Consejos: Para maximizar los pagos, considera jugar el m\u00e1ximo n\u00famero de monedas para desbloquear los multiplicadores m\u00e1s altos posibles. Recuerde gestionar su bankroll con prudencia y ajustar el tama\u00f1o de su apuesta en consecuencia.<\/p>\n<h3 style=\"text-align: justify;\"><strong>Bonus Multiplier Slots:<\/strong><\/h3>\n<p style=\"text-align: justify;\">Descubra un mundo de emocionantes funciones de bonificaci\u00f3n y mayores oportunidades de ganar con las tragaperras con multiplicador de bonificaci\u00f3n. Desbloquee emocionantes rondas de bonificaci\u00f3n, giros gratis y multiplicadores que pueden aumentar significativamente sus pagos y llevar su experiencia de juego a nuevas alturas.<\/p>\n<p style=\"text-align: justify;\">Consejos: Sum\u00e9rgete en las rondas de bonificaci\u00f3n y aprovecha al m\u00e1ximo las funciones especiales que te ofrecen. Las tiradas gratuitas pueden darte premios impresionantes, mientras que los multiplicadores pueden multiplicar tus ganancias varias veces. Est\u00e9 atento a s\u00edmbolos como comodines y scatters que activan las funciones de bonificaci\u00f3n.<\/p>\n<h3 style=\"text-align: justify;\"><strong>Combinaci\u00f3n de ranuras:<\/strong><\/h3>\n<p style=\"text-align: justify;\">Pruebe las tragaperras combinadas que combinan un multiplicador cl\u00e1sico con un bote multil\u00ednea. Estos juegos ofrecen varias combinaciones ganadoras que desbloquean diferentes premios y funciones de bonificaci\u00f3n. \u00a1Descubra la magia que esconden los rodillos!<\/p>\n<p style=\"text-align: justify;\">Consejos: Preste atenci\u00f3n a la tabla de pagos para familiarizarse con las combinaciones ganadoras y las funciones de bonificaci\u00f3n disponibles en cada tragaperras combinada. Experimenta con diferentes tama\u00f1os de apuesta para optimizar tus posibilidades de activar combinaciones lucrativas.<\/p>\n<h3 style=\"text-align: justify;\"><strong>Tragaperras Megaspin:<\/strong><\/h3>\n<p style=\"text-align: justify;\">Prep\u00e1rese para una experiencia electrizante con nuestras Megaspin Slots. Estos juegos llevan la acci\u00f3n a un nuevo nivel con m\u00faltiples juegos de rodillos girando simult\u00e1neamente. Prep\u00e1rese para una emoci\u00f3n multiplicada y amplias posibilidades de conseguir ganancias colosales.<\/p>\n<p style=\"text-align: justify;\">Consejos: Mant\u00e9n la concentraci\u00f3n y gestiona tus apuestas a trav\u00e9s de los m\u00faltiples juegos de rodillos para mantener el control y optimizar tu juego. Vigile los resultados individuales de cada grupo y ajuste su estrategia en consecuencia. Recuerde que cada grupo de rodillos funciona de forma independiente, as\u00ed que planifique sus apuestas sabiamente.<\/p>\n<p style=\"text-align: justify;\">Ahora que ya tiene una idea de lo que le ofrecemos, reg\u00edstrese hoy mismo para descubrir todo el potencial de nuestra colecci\u00f3n de tragaperras para m\u00f3vil. Solo tiene que crear una cuenta, realizar un dep\u00f3sito mediante nuestras opciones de banca segura y estar\u00e1 listo para sumergirse en los rodillos llenos de acci\u00f3n.<\/p>\n<p style=\"text-align: justify;\">Antes de lanzarte a la aventura de las tragaperras para m\u00f3vil, aqu\u00ed tienes unos cuantos consejos para mejorar tu experiencia con las tragaperras:<\/p>\n<p style=\"text-align: justify;\">Establezca un presupuesto: Determina tu presupuesto y c\u00ed\u00f1ete a \u00e9l. Es importante jugar de forma responsable y no sobrepasar nunca tus l\u00edmites de dinero o tiempo.<\/p>\n<p style=\"text-align: justify;\">Explore las versiones demo: Aprovecha las versiones demo de las tragaperras para m\u00f3vil para familiarizarte con el juego, las funciones y las tablas de pagos antes de jugar con dinero real.<\/p>\n<p style=\"text-align: justify;\">Preste atenci\u00f3n al RTP: Compruebe el porcentaje de retorno al jugador (RTP) de cada juego de tragaperras. Un RTP m\u00e1s alto indica m\u00e1s posibilidades de ganar a largo plazo. La descripci\u00f3n de la tragaperras en el juego tambi\u00e9n te informa sobre la alta o baja volatilidad del juego.<\/p>\n<p style=\"text-align: justify;\">Utilice las bonificaciones y las tiradas gratuitas: Aprovecha las promociones y bonificaciones ofrecidas. No olvides visitar la tienda de recompensas y canjear tus puntos.<\/p>\n<p style=\"text-align: justify;\">Juegue a las tragaperras con bote progresivo: Si lo que busca son premios enormes, pruebe las tragaperras con bote progresivo. Estos juegos ofrecen botes que cambian la vida y que se pueden ganar con un solo giro afortunado.<\/p>\n<p style=\"text-align: justify;\">\u00danase a nosotros hoy mismo y deje que los rodillos de la fortuna giren a su favor. Recuerde que el juego puede ser adictivo. Establece y juega siempre dentro de tus l\u00edmites. Busca ayuda o consejo y no dudes en chatear con nuestro personal de soporte 24\/7.<\/p>\n","protected":false},"excerpt":{"rendered":"<p>\u00bfTe gusta la comodidad de jugar en tu m\u00f3vil? Descubre las mejores tragaperras para m\u00f3vil en SlotSite.com Casino. Como ya sabe, \u00a1las tragaperras son nuestra especialidad! Con una impresionante gama de m\u00e1s de 75 proveedores de software populares y de confianza, ofrecemos una extraordinaria variedad de juegos de tragaperras para m\u00f3vil que se adaptan a [&hellip;]<\/p>\n","protected":false},"author":1,"featured_media":0,"parent":0,"menu_order":0,"comment_status":"closed","ping_status":"closed","template":"templates\/category.php","meta":{"footnotes":""},"class_list":["post-201","page","type-page","status-publish","hentry"],"translation":{"provider":"WPGlobus","version":"2.12.2","language":"es","enabled_languages":["en","ca","fi","no","ja","es","pt","qc","gb","ir","nz","sa","in"],"languages":{"en":{"title":true,"content":true,"excerpt":false},"ca":{"title":true,"content":true,"excerpt":false},"fi":{"title":true,"content":true,"excerpt":false},"no":{"title":true,"content":true,"excerpt":false},"ja":{"title":true,"content":true,"excerpt":false},"es":{"title":true,"content":true,"excerpt":false},"pt":{"title":true,"content":true,"excerpt":false},"qc":{"title":true,"content":true,"excerpt":false},"gb":{"title":true,"content":true,"excerpt":false},"ir":{"title":false,"content":false,"excerpt":false},"nz":{"title":false,"content":false,"excerpt":false},"sa":{"title":false,"content":false,"excerpt":false},"in":{"title":true,"content":true,"excerpt":false}}},"acf":[],"yoast_head":"<!-- This site is optimized with the Yoast SEO plugin v20.11 - https:\/\/yoast.com\/wordpress\/plugins\/seo\/ -->\n<title>Gira y gana sobre la marcha: \u00a1disfruta de las tragamonedas m\u00f3viles en cualquier momento y en cualquier lugar!<\/title>\n<meta name=\"description\" content=\"Experimente la emoci\u00f3n de las tragamonedas m\u00f3viles que le permiten girar y ganar donde quiera que est\u00e9. Nuestras tragamonedas m\u00f3viles ponen la emoci\u00f3n del casino al alcance de tu mano, permiti\u00e9ndote disfrutar de tus juegos favoritos mientras viajas. \u00danase ahora para descubrir un mundo de conveniencia, entretenimiento y el potencial de grandes recompensas con nuestras tragamonedas m\u00f3viles.\" \/>\n<meta name=\"robots\" content=\"index, follow, max-snippet:-1, max-image-preview:large, max-video-preview:-1\" \/>\n<link rel=\"canonical\" href=\"https:\/\/slotsite.mediacle.net\/mobile-slots\/\" \/>\n<meta property=\"og:locale\" content=\"es_ES\" \/>\n<meta property=\"og:type\" content=\"article\" \/>\n<meta property=\"og:title\" content=\"Gira y gana sobre la marcha: \u00a1disfruta de las tragamonedas m\u00f3viles en cualquier momento y en cualquier lugar!\" \/>\n<meta property=\"og:description\" content=\"Experimente la emoci\u00f3n de las tragamonedas m\u00f3viles que le permiten girar y ganar donde quiera que est\u00e9. Nuestras tragamonedas m\u00f3viles ponen la emoci\u00f3n del casino al alcance de tu mano, permiti\u00e9ndote disfrutar de tus juegos favoritos mientras viajas. \u00danase ahora para descubrir un mundo de conveniencia, entretenimiento y el potencial de grandes recompensas con nuestras tragamonedas m\u00f3viles.\" \/>\n<meta property=\"og:url\" content=\"https:\/\/slotsite.mediacle.net\/mobile-slots\/\" \/>\n<meta property=\"og:site_name\" content=\"Slotsite\" \/>\n<meta property=\"article:modified_time\" content=\"2023-08-31T07:19:01+00:00\" \/>\n<meta name=\"twitter:card\" content=\"summary_large_image\" \/>\n<meta name=\"twitter:label1\" content=\"Est. reading time\" \/>\n\t<meta name=\"twitter:data1\" content=\"5 minutes\" \/>\n<script type=\"application\/ld+json\" class=\"yoast-schema-graph\">{\"@context\":\"https:\/\/schema.org\",\"@graph\":[{\"@type\":\"WebPage\",\"@id\":\"https:\/\/slotsite.mediacle.net\/mobile-slots\/\",\"url\":\"https:\/\/slotsite.mediacle.net\/mobile-slots\/\",\"name\":\"Spin and Win On the Go: Enjoy Mobile Slots Anytime, Anywhere!\",\"isPartOf\":{\"@id\":\"https:\/\/slotsite.mediacle.net\/#website\"},\"datePublished\":\"2023-07-10T06:48:34+00:00\",\"dateModified\":\"2023-08-31T07:19:01+00:00\",\"description\":\"Experience the excitement of mobile slots that let you spin and win wherever you are. Our mobile slots bring the thrill of the casino to your fingertips, allowing you to enjoy your favorite games on the go.\",\"breadcrumb\":{\"@id\":\"https:\/\/slotsite.mediacle.net\/mobile-slots\/#breadcrumb\"},\"inLanguage\":\"es-ES\",\"potentialAction\":[{\"@type\":\"ReadAction\",\"target\":[\"https:\/\/slotsite.mediacle.net\/mobile-slots\/\"]}]},{\"@type\":\"BreadcrumbList\",\"@id\":\"https:\/\/slotsite.mediacle.net\/mobile-slots\/#breadcrumb\",\"itemListElement\":[{\"@type\":\"ListItem\",\"position\":1,\"name\":\"Home\",\"item\":\"https:\/\/slotsite.mediacle.net\/\"},{\"@type\":\"ListItem\",\"position\":2,\"name\":\"Mobile Slots Games\"}]},{\"@type\":\"WebSite\",\"@id\":\"https:\/\/slotsite.mediacle.net\/#website\",\"url\":\"https:\/\/slotsite.mediacle.net\/\",\"name\":\"Slotsite\",\"description\":\"\",\"potentialAction\":[{\"@type\":\"SearchAction\",\"target\":{\"@type\":\"EntryPoint\",\"urlTemplate\":\"https:\/\/slotsite.mediacle.net\/?s={search_term_string}\"},\"query-input\":\"required name=search_term_string\"}],\"inLanguage\":\"es-ES\"}]}<\/script>\n<!-- \/ Yoast SEO plugin. -->","yoast_head_json":{"title":"Gira y gana sobre la marcha: \u00a1disfruta de las tragamonedas m\u00f3viles en cualquier momento y en cualquier lugar!","description":"Experimente la emoci\u00f3n de las tragamonedas m\u00f3viles que le permiten girar y ganar donde quiera que est\u00e9. Nuestras tragamonedas m\u00f3viles ponen la emoci\u00f3n del casino al alcance de tu mano, permiti\u00e9ndote disfrutar de tus juegos favoritos mientras viajas. \u00danase ahora para descubrir un mundo de conveniencia, entretenimiento y el potencial de grandes recompensas con nuestras tragamonedas m\u00f3viles.","robots":{"index":"index","follow":"follow","max-snippet":"max-snippet:-1","max-image-preview":"max-image-preview:large","max-video-preview":"max-video-preview:-1"},"canonical":"https:\/\/slotsite.mediacle.net\/mobile-slots\/","og_locale":"es_ES","og_type":"article","og_title":"Gira y gana sobre la marcha: \u00a1disfruta de las tragamonedas m\u00f3viles en cualquier momento y en cualquier lugar!","og_description":"Experimente la emoci\u00f3n de las tragamonedas m\u00f3viles que le permiten girar y ganar donde quiera que est\u00e9. Nuestras tragamonedas m\u00f3viles ponen la emoci\u00f3n del casino al alcance de tu mano, permiti\u00e9ndote disfrutar de tus juegos favoritos mientras viajas. \u00danase ahora para descubrir un mundo de conveniencia, entretenimiento y el potencial de grandes recompensas con nuestras tragamonedas m\u00f3viles.","og_url":"https:\/\/slotsite.mediacle.net\/mobile-slots\/","og_site_name":"Slotsite","article_modified_time":"2023-08-31T07:19:01+00:00","twitter_card":"summary_large_image","twitter_misc":{"Est. reading time":"5 minutes"},"schema":{"@context":"https:\/\/schema.org","@graph":[{"@type":"WebPage","@id":"https:\/\/slotsite.mediacle.net\/mobile-slots\/","url":"https:\/\/slotsite.mediacle.net\/mobile-slots\/","name":"Spin and Win On the Go: Enjoy Mobile Slots Anytime, Anywhere!","isPartOf":{"@id":"https:\/\/slotsite.mediacle.net\/#website"},"datePublished":"2023-07-10T06:48:34+00:00","dateModified":"2023-08-31T07:19:01+00:00","description":"Experience the excitement of mobile slots that let you spin and win wherever you are. Our mobile slots bring the thrill of the casino to your fingertips, allowing you to enjoy your favorite games on the go.","breadcrumb":{"@id":"https:\/\/slotsite.mediacle.net\/mobile-slots\/#breadcrumb"},"inLanguage":"es-ES","potentialAction":[{"@type":"ReadAction","target":["https:\/\/slotsite.mediacle.net\/mobile-slots\/"]}]},{"@type":"BreadcrumbList","@id":"https:\/\/slotsite.mediacle.net\/mobile-slots\/#breadcrumb","itemListElement":[{"@type":"ListItem","position":1,"name":"Home","item":"https:\/\/slotsite.mediacle.net\/"},{"@type":"ListItem","position":2,"name":"Mobile Slots Games"}]},{"@type":"WebSite","@id":"https:\/\/slotsite.mediacle.net\/#website","url":"https:\/\/slotsite.mediacle.net\/","name":"Slotsite","description":"","potentialAction":[{"@type":"SearchAction","target":{"@type":"EntryPoint","urlTemplate":"https:\/\/slotsite.mediacle.net\/?s={search_term_string}"},"query-input":"required name=search_term_string"}],"inLanguage":"es-ES"}]}},"_links":{"self":[{"href":"https:\/\/slotsite.mediacle.net\/es\/wp-json\/wp\/v2\/pages\/201","targetHints":{"allow":["GET"]}}],"collection":[{"href":"https:\/\/slotsite.mediacle.net\/es\/wp-json\/wp\/v2\/pages"}],"about":[{"href":"https:\/\/slotsite.mediacle.net\/es\/wp-json\/wp\/v2\/types\/page"}],"author":[{"embeddable":true,"href":"https:\/\/slotsite.mediacle.net\/es\/wp-json\/wp\/v2\/users\/1"}],"replies":[{"embeddable":true,"href":"https:\/\/slotsite.mediacle.net\/es\/wp-json\/wp\/v2\/comments?post=201"}],"version-history":[{"count":46,"href":"https:\/\/slotsite.mediacle.net\/es\/wp-json\/wp\/v2\/pages\/201\/revisions"}],"predecessor-version":[{"id":2291,"href":"https:\/\/slotsite.mediacle.net\/es\/wp-json\/wp\/v2\/pages\/201\/revisions\/2291"}],"wp:attachment":[{"href":"https:\/\/slotsite.mediacle.net\/es\/wp-json\/wp\/v2\/media?parent=201"}],"curies":[{"name":"wp","href":"https:\/\/api.w.org\/{rel}","templated":true}]}}