{"id":203,"date":"2023-07-10T06:48:54","date_gmt":"2023-07-10T06:48:54","guid":{"rendered":"https:\/\/slotsite.mediacle.net\/?page_id=203"},"modified":"2023-08-31T07:41:03","modified_gmt":"2023-08-31T07:41:03","slug":"video-slots","status":"publish","type":"page","link":"https:\/\/slotsite.mediacle.net\/es\/video-slots\/","title":{"rendered":"Tragaperras de v\u00eddeo"},"content":{"rendered":"<h2 style=\"text-align: justify;\"><strong>\u00a1Bienvenido al Mundo de las Video Tragamonedas en SlotSite.com!<\/strong><\/h2>\n<p style=\"text-align: justify;\">Prep\u00e1rese Las v\u00eddeo tragaperras son el foco principal y las mejores ofertas de los estudios de dise\u00f1o de juegos. Como primer sitio de tragaperras del mundo, le invitamos a explorar el cautivador reino de las tragaperras de v\u00eddeo. En SlotSite.com Casino, tenemos una impresionante l\u00ednea de proveedores de software de renombre como Microgaming, NetEnt, Playtech, Evolution, Pragmatic Play, Play&#8217;n GO, Scientific Games \u00a1y muchos m\u00e1s! Las tragaperras de v\u00eddeo online son el ep\u00edtome de los juegos de casino modernos y puedes probar algo nuevo todo el tiempo. Estas versiones virtuales de las m\u00e1quinas tragaperras terrestres ofrecen multitud de funciones y emocionantes elementos de juego que mantienen entretenidos a los jugadores. Los estudios de dise\u00f1o de tragaperras han dominado el arte de contar historias a trav\u00e9s de sus juegos, utilizando temas para crear personajes, ambiente y s\u00edmbolos que realmente dan vida al juego.<\/p>\n<p style=\"text-align: justify;\">Una de las caracter\u00edsticas que definen a las tragaperras de v\u00eddeo en l\u00ednea es su naturaleza interesante y visualmente impactante. Desarrolladas por los mejores dise\u00f1adores de juegos, cuentan con animaciones vibrantes y sonidos cautivadores. Desde encantadores mundos de fantas\u00eda hasta aventuras llenas de acci\u00f3n, las tragamonedas de v\u00eddeo est\u00e1n dise\u00f1adas para evocar una sensaci\u00f3n de asombro. La jugabilidad de las tragaperras de v\u00eddeo en l\u00ednea es f\u00e1cil de entender, lo que las hace accesibles tanto a jugadores novatos como experimentados. El objetivo es hacer girar los rodillos y hacer coincidir s\u00edmbolos en las l\u00edneas de pago activas para formar combinaciones ganadoras. Las v\u00eddeo tragaperras suelen tener varias l\u00edneas de pago, que son las l\u00edneas en las que pueden aparecer combinaciones ganadoras. Algunos juegos ofrecen un n\u00famero fijo de l\u00edneas de pago, mientras que otros permiten a los jugadores ajustar el n\u00famero de l\u00edneas activas seg\u00fan sus preferencias.<\/p>\n<p style=\"text-align: justify;\">Para mejorar el entretenimiento, las tragaperras de v\u00eddeo en l\u00ednea vienen con varias funciones de bonificaci\u00f3n. Estas rondas de bonificaci\u00f3n pueden incluir tiradas gratis, multiplicadores, comodines, s\u00edmbolos scatter y minijuegos interactivos. Las tiradas gratuitas se activan a menudo al conseguir combinaciones espec\u00edficas de s\u00edmbolos, concediendo a los jugadores un n\u00famero determinado de tiradas sin apostar cr\u00e9ditos adicionales. Los multiplicadores, por su parte, multiplican las ganancias por un valor predeterminado, amplificando el potencial de pago. Los comodines sustituyen a otros s\u00edmbolos y ayudan a los jugadores a formar combinaciones ganadoras m\u00e1s f\u00e1cilmente. Los s\u00edmbolos Scatter, por su parte, pueden desencadenar rondas de bonificaci\u00f3n o desbloquear funciones especiales cuando aparece un n\u00famero determinado de ellos en los rodillos. Los minijuegos interactivos, a menudo denominados rondas de bonificaci\u00f3n, permiten a los jugadores participar en actividades adicionales dentro de la tragaperras, ofreci\u00e9ndoles la oportunidad de ganar premios extra o acceder a elementos de juego \u00fanicos.<\/p>\n<h3 style=\"text-align: justify;\"><strong>Infinita variedad de temas:<\/strong><\/h3>\n<p style=\"text-align: justify;\">Explore un universo infinito de temas mientras navega por el vest\u00edbulo de nuestro casino. Tanto si te gustan las civilizaciones antiguas, las criaturas m\u00edticas, los superh\u00e9roes o los cuentos cl\u00e1sicos, hay una tragamonedas de v\u00eddeo que satisfar\u00e1 todos tus deseos. Descubra los misterios del antiguo Egipto en &#8220;Book of Ra&#8221;, \u00fanase a la acci\u00f3n vikinga en &#8220;Thunderstruck 2&#8221; o sum\u00e9rjase en un mundo de cuento de hadas con &#8220;Jack and the Beanstalk&#8221;. Las posibilidades son ilimitadas, y cada giro trae consigo una nueva aventura.<\/p>\n<h3 style=\"text-align: justify;\"><strong>Variaciones y l\u00edneas de pago:<\/strong><\/h3>\n<p style=\"text-align: justify;\">Las tragaperras de v\u00eddeo ofrecen una incre\u00edble gama de variantes que se adaptan a las preferencias de cada jugador. Desde las cl\u00e1sicas tragaperras de 5 rodillos que rinden homenaje a los videojuegos de \u00e9poca hasta las intrincadas obras maestras de 7 rodillos repletas de funciones innovadoras, las opciones son enormes. \u00a0Pruebe juegos dobles que tienen hasta 15 rodillos. Cada juego viene con un n\u00famero \u00fanico de l\u00edneas de pago, que van desde una sola l\u00ednea a cientos o incluso miles. Esto significa m\u00e1s oportunidades de crear combinaciones ganadoras y desbloquear emocionantes funciones de bonificaci\u00f3n.<\/p>\n<h3 style=\"text-align: justify;\"><strong>Funciones de bonificaci\u00f3n y s\u00edmbolos especiales:<\/strong><\/h3>\n<p style=\"text-align: justify;\">Prep\u00e1rese para un viaje, ya que las tragaperras de v\u00eddeo son famosas por sus emocionantes funciones de bonificaci\u00f3n y s\u00edmbolos especiales que pueden aumentar significativamente sus ganancias. Busque los s\u00edmbolos Scatter que activan las rondas de tiradas gratuitas, en las que puede hacer girar los rodillos sin apostar nada de su dinero. Los comodines sustituyen a otros s\u00edmbolos, creando combinaciones ganadoras y multiplicando sus ganancias. Algunas tragaperras de v\u00eddeo incluso ofrecen comodines expansibles, comodines fijos y comodines apilados para tener a\u00fan m\u00e1s oportunidades de ganar a lo grande.<\/p>\n<h3 style=\"text-align: justify;\"><strong>Bonificaciones populares:<\/strong><\/h3>\n<p style=\"text-align: justify;\">Disfrute de funciones de bonificaci\u00f3n que le mantendr\u00e1n entretenido y al borde de su asiento. Experimente la emoci\u00f3n de un juego de bonificaci\u00f3n pick-and-click, en el que puede elegir entre objetos ocultos para revelar premios en met\u00e1lico, multiplicadores o incluso acceso a rondas de bonificaci\u00f3n adicionales. Algunas v\u00eddeo tragaperras ofrecen rodillos en cascada, donde las combinaciones ganadoras desaparecen, permitiendo que nuevos s\u00edmbolos caigan en su lugar y creen potencialmente ganancias consecutivas. Y no nos olvidemos de los botes progresivos, en los que una peque\u00f1a parte de cada apuesta contribuye a un enorme premio que puede ganarse en cualquier momento.<\/p>\n<h3 style=\"text-align: justify;\"><strong>Variaciones de las Video Tragamonedas:<\/strong><\/h3>\n<p style=\"text-align: justify;\">Cada video tragaperras ofrece una experiencia de juego \u00fanica. Pruebe los juegos que ofrecen la funci\u00f3n Link &amp; Win. Link &amp; Win se activa al obtener de 6 a 14 s\u00edmbolos especiales Link &amp; Win en la pantalla en cualquier momento y en cualquier posici\u00f3n. Cada s\u00edmbolo vale una cierta cantidad y el total al final se acredita a su saldo. Funciona de forma similar a una funci\u00f3n de repetici\u00f3n de tiradas que se reinicia cada vez que consigues un s\u00edmbolo espec\u00edfico. Explore el mundo de <a href=\"https:\/\/slotsite.mediacle.net\/megaway-slots\/\"><u>las tragaperras Megaways<\/u><\/a>, donde el n\u00famero de formas de ganar puede alcanzar niveles asombrosos, proporcion\u00e1ndole emoci\u00f3n y enormes pagos potenciales. Sum\u00e9rjase en las profundidades de las tragaperras de rodillos en cascada, donde las combinaciones ganadoras explotan, dejando paso a nuevos s\u00edmbolos que caen y crean ganancias consecutivas. O pruebe suerte con las tragaperras de pagos agrupados, donde las combinaciones ganadoras se forman agrupando s\u00edmbolos iguales.<\/p>\n<h3 style=\"text-align: justify;\"><strong>Consejos para disfrutar de las tragaperras online:<\/strong><\/h3>\n<p style=\"text-align: justify;\">Explore diferentes temas y funciones de bonificaci\u00f3n: Con tanta variedad de temas disponibles, no dudes en probar diferentes tragaperras para descubrir tus favoritas.<\/p>\n<p style=\"text-align: justify;\">Fije un plazo y un presupuesto para jugar: El juego puede crear adicci\u00f3n. Determine la cantidad de dinero que se siente c\u00f3modo gastando y c\u00ed\u00f1ase a ella. Esto garantiza un juego responsable y divertido.<\/p>\n<p style=\"text-align: justify;\">\u00a1Deje que los rodillos enciendan su imaginaci\u00f3n!<\/p>\n<p style=\"text-align: justify;\">\u00danete a nosotros en SlotSite.com Casino hoy y echa un vistazo a las muchas promociones disponibles para usted.<\/p>\n","protected":false},"excerpt":{"rendered":"<p>\u00a1Bienvenido al Mundo de las Video Tragamonedas en SlotSite.com! Prep\u00e1rese Las v\u00eddeo tragaperras son el foco principal y las mejores ofertas de los estudios de dise\u00f1o de juegos. Como primer sitio de tragaperras del mundo, le invitamos a explorar el cautivador reino de las tragaperras de v\u00eddeo. En SlotSite.com Casino, tenemos una impresionante l\u00ednea de [&hellip;]<\/p>\n","protected":false},"author":1,"featured_media":0,"parent":0,"menu_order":0,"comment_status":"closed","ping_status":"closed","template":"templates\/category.php","meta":{"footnotes":""},"class_list":["post-203","page","type-page","status-publish","hentry"],"translation":{"provider":"WPGlobus","version":"2.12.2","language":"es","enabled_languages":["en","ca","fi","no","ja","es","pt","qc","gb","ir","nz","sa","in"],"languages":{"en":{"title":true,"content":true,"excerpt":false},"ca":{"title":true,"content":true,"excerpt":false},"fi":{"title":true,"content":true,"excerpt":false},"no":{"title":true,"content":true,"excerpt":false},"ja":{"title":true,"content":true,"excerpt":false},"es":{"title":true,"content":true,"excerpt":false},"pt":{"title":true,"content":true,"excerpt":false},"qc":{"title":true,"content":true,"excerpt":false},"gb":{"title":true,"content":true,"excerpt":false},"ir":{"title":false,"content":false,"excerpt":false},"nz":{"title":false,"content":false,"excerpt":false},"sa":{"title":false,"content":false,"excerpt":false},"in":{"title":true,"content":true,"excerpt":false}}},"acf":[],"yoast_head":"<!-- This site is optimized with the Yoast SEO plugin v20.11 - https:\/\/yoast.com\/wordpress\/plugins\/seo\/ -->\n<title>Sum\u00e9rgete en el entretenimiento: \u00a1Explora nuestra diversa colecci\u00f3n de tragamonedas de video!<\/title>\n<meta name=\"description\" content=\"Sum\u00e9rgete en un mundo de entretenimiento cautivador con nuestra amplia gama de tragamonedas de video. Desde temas encantadores hasta funciones interactivas, experimenta un juego din\u00e1mico que te mantiene involucrado. \u00danase ahora para disfrutar del espect\u00e1culo visual y potencialmente ganar en grande con nuestra colecci\u00f3n de emocionantes tragamonedas de video.\" \/>\n<meta name=\"robots\" content=\"index, follow, max-snippet:-1, max-image-preview:large, max-video-preview:-1\" \/>\n<link rel=\"canonical\" href=\"https:\/\/slotsite.mediacle.net\/video-slots\/\" \/>\n<meta property=\"og:locale\" content=\"es_ES\" \/>\n<meta property=\"og:type\" content=\"article\" \/>\n<meta property=\"og:title\" content=\"Sum\u00e9rgete en el entretenimiento: \u00a1Explora nuestra diversa colecci\u00f3n de tragamonedas de video!\" \/>\n<meta property=\"og:description\" content=\"Sum\u00e9rgete en un mundo de entretenimiento cautivador con nuestra amplia gama de tragamonedas de video. Desde temas encantadores hasta funciones interactivas, experimenta un juego din\u00e1mico que te mantiene involucrado. \u00danase ahora para disfrutar del espect\u00e1culo visual y potencialmente ganar en grande con nuestra colecci\u00f3n de emocionantes tragamonedas de video.\" \/>\n<meta property=\"og:url\" content=\"https:\/\/slotsite.mediacle.net\/video-slots\/\" \/>\n<meta property=\"og:site_name\" content=\"Slotsite\" \/>\n<meta property=\"article:modified_time\" content=\"2023-08-31T07:41:03+00:00\" \/>\n<meta name=\"twitter:card\" content=\"summary_large_image\" \/>\n<meta name=\"twitter:label1\" content=\"Est. reading time\" \/>\n\t<meta name=\"twitter:data1\" content=\"6 minutes\" \/>\n<script type=\"application\/ld+json\" class=\"yoast-schema-graph\">{\"@context\":\"https:\/\/schema.org\",\"@graph\":[{\"@type\":\"WebPage\",\"@id\":\"https:\/\/slotsite.mediacle.net\/video-slots\/\",\"url\":\"https:\/\/slotsite.mediacle.net\/video-slots\/\",\"name\":\"Plongez dans le divertissement : explorez notre collection diversifi\u00e9e de machines \u00e0 sous vid\u00e9o !\",\"isPartOf\":{\"@id\":\"https:\/\/slotsite.mediacle.net\/#website\"},\"datePublished\":\"2023-07-10T06:48:54+00:00\",\"dateModified\":\"2023-08-31T07:41:03+00:00\",\"description\":\"Plongez-vous dans un monde de divertissement captivant gr\u00e2ce \u00e0 notre large gamme de machines \u00e0 sous vid\u00e9o. Des th\u00e8mes enchanteurs aux fonctionnalit\u00e9s interactives, d\u00e9couvrez un gameplay dynamique qui vous maintient engag\u00e9.\",\"breadcrumb\":{\"@id\":\"https:\/\/slotsite.mediacle.net\/video-slots\/#breadcrumb\"},\"inLanguage\":\"es-ES\",\"potentialAction\":[{\"@type\":\"ReadAction\",\"target\":[\"https:\/\/slotsite.mediacle.net\/video-slots\/\"]}]},{\"@type\":\"BreadcrumbList\",\"@id\":\"https:\/\/slotsite.mediacle.net\/video-slots\/#breadcrumb\",\"itemListElement\":[{\"@type\":\"ListItem\",\"position\":1,\"name\":\"Home\",\"item\":\"https:\/\/slotsite.mediacle.net\/\"},{\"@type\":\"ListItem\",\"position\":2,\"name\":\"Video Slots\"}]},{\"@type\":\"WebSite\",\"@id\":\"https:\/\/slotsite.mediacle.net\/#website\",\"url\":\"https:\/\/slotsite.mediacle.net\/\",\"name\":\"Slotsite\",\"description\":\"\",\"potentialAction\":[{\"@type\":\"SearchAction\",\"target\":{\"@type\":\"EntryPoint\",\"urlTemplate\":\"https:\/\/slotsite.mediacle.net\/?s={search_term_string}\"},\"query-input\":\"required name=search_term_string\"}],\"inLanguage\":\"es-ES\"}]}<\/script>\n<!-- \/ Yoast SEO plugin. -->","yoast_head_json":{"title":"Sum\u00e9rgete en el entretenimiento: \u00a1Explora nuestra diversa colecci\u00f3n de tragamonedas de video!","description":"Sum\u00e9rgete en un mundo de entretenimiento cautivador con nuestra amplia gama de tragamonedas de video. Desde temas encantadores hasta funciones interactivas, experimenta un juego din\u00e1mico que te mantiene involucrado. \u00danase ahora para disfrutar del espect\u00e1culo visual y potencialmente ganar en grande con nuestra colecci\u00f3n de emocionantes tragamonedas de video.","robots":{"index":"index","follow":"follow","max-snippet":"max-snippet:-1","max-image-preview":"max-image-preview:large","max-video-preview":"max-video-preview:-1"},"canonical":"https:\/\/slotsite.mediacle.net\/video-slots\/","og_locale":"es_ES","og_type":"article","og_title":"Sum\u00e9rgete en el entretenimiento: \u00a1Explora nuestra diversa colecci\u00f3n de tragamonedas de video!","og_description":"Sum\u00e9rgete en un mundo de entretenimiento cautivador con nuestra amplia gama de tragamonedas de video. Desde temas encantadores hasta funciones interactivas, experimenta un juego din\u00e1mico que te mantiene involucrado. \u00danase ahora para disfrutar del espect\u00e1culo visual y potencialmente ganar en grande con nuestra colecci\u00f3n de emocionantes tragamonedas de video.","og_url":"https:\/\/slotsite.mediacle.net\/video-slots\/","og_site_name":"Slotsite","article_modified_time":"2023-08-31T07:41:03+00:00","twitter_card":"summary_large_image","twitter_misc":{"Est. reading time":"6 minutes"},"schema":{"@context":"https:\/\/schema.org","@graph":[{"@type":"WebPage","@id":"https:\/\/slotsite.mediacle.net\/video-slots\/","url":"https:\/\/slotsite.mediacle.net\/video-slots\/","name":"Plongez dans le divertissement : explorez notre collection diversifi\u00e9e de machines \u00e0 sous vid\u00e9o !","isPartOf":{"@id":"https:\/\/slotsite.mediacle.net\/#website"},"datePublished":"2023-07-10T06:48:54+00:00","dateModified":"2023-08-31T07:41:03+00:00","description":"Plongez-vous dans un monde de divertissement captivant gr\u00e2ce \u00e0 notre large gamme de machines \u00e0 sous vid\u00e9o. Des th\u00e8mes enchanteurs aux fonctionnalit\u00e9s interactives, d\u00e9couvrez un gameplay dynamique qui vous maintient engag\u00e9.","breadcrumb":{"@id":"https:\/\/slotsite.mediacle.net\/video-slots\/#breadcrumb"},"inLanguage":"es-ES","potentialAction":[{"@type":"ReadAction","target":["https:\/\/slotsite.mediacle.net\/video-slots\/"]}]},{"@type":"BreadcrumbList","@id":"https:\/\/slotsite.mediacle.net\/video-slots\/#breadcrumb","itemListElement":[{"@type":"ListItem","position":1,"name":"Home","item":"https:\/\/slotsite.mediacle.net\/"},{"@type":"ListItem","position":2,"name":"Video Slots"}]},{"@type":"WebSite","@id":"https:\/\/slotsite.mediacle.net\/#website","url":"https:\/\/slotsite.mediacle.net\/","name":"Slotsite","description":"","potentialAction":[{"@type":"SearchAction","target":{"@type":"EntryPoint","urlTemplate":"https:\/\/slotsite.mediacle.net\/?s={search_term_string}"},"query-input":"required name=search_term_string"}],"inLanguage":"es-ES"}]}},"_links":{"self":[{"href":"https:\/\/slotsite.mediacle.net\/es\/wp-json\/wp\/v2\/pages\/203","targetHints":{"allow":["GET"]}}],"collection":[{"href":"https:\/\/slotsite.mediacle.net\/es\/wp-json\/wp\/v2\/pages"}],"about":[{"href":"https:\/\/slotsite.mediacle.net\/es\/wp-json\/wp\/v2\/types\/page"}],"author":[{"embeddable":true,"href":"https:\/\/slotsite.mediacle.net\/es\/wp-json\/wp\/v2\/users\/1"}],"replies":[{"embeddable":true,"href":"https:\/\/slotsite.mediacle.net\/es\/wp-json\/wp\/v2\/comments?post=203"}],"version-history":[{"count":53,"href":"https:\/\/slotsite.mediacle.net\/es\/wp-json\/wp\/v2\/pages\/203\/revisions"}],"predecessor-version":[{"id":2303,"href":"https:\/\/slotsite.mediacle.net\/es\/wp-json\/wp\/v2\/pages\/203\/revisions\/2303"}],"wp:attachment":[{"href":"https:\/\/slotsite.mediacle.net\/es\/wp-json\/wp\/v2\/media?parent=203"}],"curies":[{"name":"wp","href":"https:\/\/api.w.org\/{rel}","templated":true}]}}