{"id":205,"date":"2023-07-10T06:49:18","date_gmt":"2023-07-10T06:49:18","guid":{"rendered":"https:\/\/slotsite.mediacle.net\/?page_id=205"},"modified":"2023-08-30T09:56:10","modified_gmt":"2023-08-30T09:56:10","slug":"free-spins","status":"publish","type":"page","link":"https:\/\/slotsite.mediacle.net\/es\/free-spins\/","title":{"rendered":"Tragaperras de casino en l\u00ednea Tiradas gratis"},"content":{"rendered":"<h2 style=\"text-align: justify;\"><strong>\u00a1Reclame sus tiradas gratuitas y consiga grandes premios!<\/strong><\/h2>\n<p style=\"text-align: justify;\">\u00a1Prep\u00e1rate para un torbellino de tiradas gratis en SlotSite.com Casino! Si su pa\u00eds no es elegible para las tiradas gratis sin dep\u00f3sito al registrarse, no se preocupe, ya que todos los miembros est\u00e1n inscritos en nuestro programa de recompensas, donde ganar\u00e1 puntos por apuestas con dinero real y desbloquear\u00e1 incre\u00edbles beneficios, incluyendo tiradas gratis en sus juegos de tragaperras favoritos. Pero eso no es todo. Tambi\u00e9n ofrecemos exclusivas ofertas promocionales de tiradas gratuitas, enviadas peri\u00f3dicamente a trav\u00e9s de nuestro bolet\u00edn de promociones. Aseg\u00farese de suscribirse en la secci\u00f3n Cuenta del vest\u00edbulo del casino.<\/p>\n<h3 style=\"text-align: justify;\"><strong>Ofertas promocionales de tiradas gratuitas:<\/strong><\/h3>\n<p style=\"text-align: justify;\">En SlotSite.com Casino, creemos en recompensar a nuestros jugadores con emocionantes promociones, y las tiradas gratis son una parte clave de ello. Como miembro suscrito, recibir\u00e1 regularmente ofertas de tiradas gratuitas, directamente en su bandeja de entrada. Estas ofertas pueden incluir c\u00f3digos de dep\u00f3sito exclusivos, que le permitir\u00e1n reclamar un n\u00famero determinado de tiradas gratuitas en determinados juegos de tragaperras. Es nuestra forma de darte m\u00e1s oportunidades de ganar y de a\u00f1adir emoci\u00f3n a tu experiencia de juego con las tragaperras. Visite la pesta\u00f1a de <a href=\"_wp_link_placeholder\" data-wplink-edit=\"true\"><u>\u00faltimas promociones <\/u><\/a>y compruebe qu\u00e9 le ofrecemos ahora o chatee con nosotros a trav\u00e9s del icono de asistencia en directo.<\/p>\n<p style=\"text-align: justify;\">Si a\u00fan no eres miembro, reg\u00edstrate y disfruta del paquete de bienvenida definitivo en SlotSite.com Casino. Comience su viaje de juego con una generosa dosis de giros gratis.<\/p>\n<h3 style=\"text-align: justify;\"><strong>Programa de recompensas VIP:<\/strong><\/h3>\n<p style=\"text-align: justify;\">Cada apuesta con dinero real que realice en el Casino SlotSite.com le har\u00e1 ganar valiosos puntos de recompensa. A medida que vayas acumulando puntos, ir\u00e1s avanzando niveles y desbloqueando una gran cantidad de tiradas gratis por el camino. Uno de los aspectos m\u00e1s destacados de nuestro programa de recompensas es la gran cantidad de ofertas de giros gratis en nuestra Tienda de Recompensas. All\u00ed encontrar\u00e1 una gran variedad de opciones para canjear sus puntos por tiradas gratis o dinero de bonificaci\u00f3n. Cuanto m\u00e1s alto sea su nivel VIP, m\u00e1s ofertas de tiradas gratuitas tendr\u00e1 acceso.<\/p>\n<h3 style=\"text-align: justify;\"><strong>Descubra las rondas de bonificaci\u00f3n de tiradas gratuitas en los juegos:<\/strong><\/h3>\n<p style=\"text-align: justify;\">Experimente la emoci\u00f3n de las rondas de bonificaci\u00f3n en el juego que le conceden tiradas gratuitas en nuestra fant\u00e1stica selecci\u00f3n de juegos de tragaperras. Estas rondas de bonificaci\u00f3n son como descubrir un tesoro escondido, ya que le permiten girar los rodillos sin tener que echar mano de sus propios fondos. A medida que giran los rodillos, las ganancias que acumule se a\u00f1aden a su saldo, d\u00e1ndole a\u00fan m\u00e1s oportunidades de ganar a lo grande. Y para hacerlo a\u00fan m\u00e1s emocionante, estas tiradas gratuitas suelen incluir funciones adicionales como multiplicadores, comodines expansivos o s\u00edmbolos especiales. Aqu\u00ed tienes algunos ejemplos populares que encontrar\u00e1s en el lobby de juegos.<\/p>\n<p style=\"text-align: justify;\">Dead or Alive II: Ad\u00e9ntrate en el Salvaje Oeste con esta emocionante tragaperras de NetEnt. Con un RTP del 96,82% y una alta volatilidad, Dead or Alive II ofrece una experiencia envolvente con la posibilidad de conseguir grandes premios. Desbloquea la ronda de bonificaci\u00f3n de tiradas gratuitas consiguiendo tres o m\u00e1s s\u00edmbolos scatter, donde podr\u00e1s elegir entre tres modos de juego diferentes, cada uno con sus propias caracter\u00edsticas especiales y posibilidades de ganar.<\/p>\n<p style=\"text-align: justify;\">Mega Fortune: Experimenta el lujo y el glamour de la alta vida en esta tragaperras con bote progresivo de NetEnt. Con una RTP del 96,60% y una volatilidad media, Mega Fortune te ofrece la oportunidad de ganar premios que te cambiar\u00e1n la vida. Activa la ronda de bonificaci\u00f3n de tiradas gratuitas consiguiendo tres o m\u00e1s s\u00edmbolos scatter de champ\u00e1n y disfruta de multiplicadores y de la oportunidad de ganar el Mega Jackpot.<\/p>\n<p style=\"text-align: justify;\">Oro Lobo: Emb\u00e1rcate en una aventura salvaje con esta popular tragaperras de Pragmatic Play. Con un RTP del 96,01% y una volatilidad media, Wolf Gold ofrece un juego emocionante. Consigue tres o m\u00e1s s\u00edmbolos scatter para activar la ronda de bonificaci\u00f3n de tiradas gratuitas, en la que los tres rodillos centrales se funden en un s\u00edmbolo gigante, aumentando tus posibilidades de conseguir grandes premios.<\/p>\n<p style=\"text-align: justify;\">Gran Rinoceronte: Explora la sabana africana en esta impresionante tragaperras de Pragmatic Play. Con una RTP del 96,53% y una volatilidad media, Great Rhino ofrece un juego emocionante. Consigue tres o m\u00e1s s\u00edmbolos scatter de \u00e1rbol para activar la ronda de bonificaci\u00f3n de tiradas gratuitas, en la que los s\u00edmbolos de rinoceronte se convierten en comodines y se bloquean durante la duraci\u00f3n de la funci\u00f3n, dando lugar a posibles megaganancias.<\/p>\n<p style=\"text-align: justify;\">Romance Inmortal: Entra en un mundo de amor prohibido y seres sobrenaturales en esta cautivadora tragamonedas de Microgaming. Con un RTP del 96,86% y una volatilidad media, Immortal Romance ofrece una experiencia encantadora. Desbloquea la C\u00e1mara de Giros para acceder a cuatro Rondas de Bonificaci\u00f3n de Giros Gratis diferentes, cada una asociada a un personaje \u00fanico y sus habilidades especiales, incluyendo rodillos comod\u00edn, multiplicadores y rodillos rodantes.<\/p>\n<p style=\"text-align: justify;\">Thunderstruck II: Entra en el m\u00edtico reino de los dioses n\u00f3rdicos en esta \u00e9pica tragamonedas de Microgaming. Con un RTP del 96,65% y una volatilidad media, Thunderstruck II ofrece una emocionante aventura. Desbloquea el Great Hall of Spins para acceder a cuatro rondas de bonificaci\u00f3n de tiradas gratuitas diferentes, cada una asociada a un dios poderoso y a caracter\u00edsticas \u00fanicas, como multiplicadores, rodillos rodantes y transformaciones en comodines.<\/p>\n<h3 style=\"text-align: justify;\"><strong>Reclamaci\u00f3n de tiradas gratuitas:<\/strong><\/h3>\n<p style=\"text-align: justify;\">Reclamar tus tiradas gratis en SlotSite.com Casino es muy sencillo. He aqu\u00ed c\u00f3mo:<\/p>\n<p style=\"text-align: justify;\">Reg\u00edstrate: Si a\u00fan no lo has hecho, crea una cuenta en SlotSite.com Casino. La afiliaci\u00f3n es autom\u00e1tica y empezar\u00e1s a ganar puntos de recompensa desde tu primera apuesta, \u00a1incluso recibir\u00e1s 5 puntos de recompensa por completar el registro! Si en tu pa\u00eds se ofrecen tiradas gratuitas sin dep\u00f3sito, \u00e9stas se abonar\u00e1n autom\u00e1ticamente en tu cuenta y s\u00f3lo tendr\u00e1s que empezar a girar.<\/p>\n<p style=\"text-align: justify;\">No pierda de vista su bandeja de entrada: Como miembro suscrito, recibir\u00e1s nuestro bolet\u00edn de promociones, repleto de ofertas de giros gratis y c\u00f3digos de dep\u00f3sito exclusivos. Aseg\u00farate de revisar tu bandeja de entrada con regularidad para estar al d\u00eda de las \u00faltimas promociones.<\/p>\n<p style=\"text-align: justify;\">Siga las instrucciones: Cuando reciba una oferta de tiradas gratuitas, s\u00f3lo tiene que seguir las instrucciones. Algunas ofertas pueden requerir un dep\u00f3sito o el uso de un c\u00f3digo de dep\u00f3sito espec\u00edfico para reclamar sus tiradas gratuitas. Aseg\u00farese de leer atentamente los detalles de la oferta y las condiciones espec\u00edficas.<\/p>\n<p style=\"text-align: justify;\">Disfrute de sus tiradas gratuitas: Una vez que haya reclamado sus tiradas gratuitas, se abonar\u00e1n instant\u00e1neamente en su cuenta. \u00a1Abra el juego de tragaperras elegible y deje que los rodillos giren en la casa!<\/p>\n<p style=\"text-align: justify;\">Las tiradas gratis son una forma fant\u00e1stica de ampliar su juego, probar nuevos juegos de tragaperras y aumentar potencialmente sus ganancias. Recuerde que el juego debe verse siempre como una forma de entretenimiento, y es importante mantener un equilibrio saludable en sus actividades de juego. El juego puede crear adicci\u00f3n. Ofrecemos opciones de autoexclusi\u00f3n para limitar su acceso a nuestro casino y nos comprometemos a promover el juego responsable y a proporcionar un entorno seguro. \u00a1P\u00f3ngase en contacto con nosotros en cualquier momento!<\/p>\n","protected":false},"excerpt":{"rendered":"<p>\u00a1Reclame sus tiradas gratuitas y consiga grandes premios! \u00a1Prep\u00e1rate para un torbellino de tiradas gratis en SlotSite.com Casino! Si su pa\u00eds no es elegible para las tiradas gratis sin dep\u00f3sito al registrarse, no se preocupe, ya que todos los miembros est\u00e1n inscritos en nuestro programa de recompensas, donde ganar\u00e1 puntos por apuestas con dinero real [&hellip;]<\/p>\n","protected":false},"author":1,"featured_media":0,"parent":0,"menu_order":0,"comment_status":"closed","ping_status":"closed","template":"templates\/category.php","meta":{"footnotes":""},"class_list":["post-205","page","type-page","status-publish","hentry"],"translation":{"provider":"WPGlobus","version":"2.12.2","language":"es","enabled_languages":["en","ca","fi","no","ja","es","pt","qc","gb","ir","nz","sa","in"],"languages":{"en":{"title":true,"content":true,"excerpt":false},"ca":{"title":true,"content":true,"excerpt":false},"fi":{"title":true,"content":true,"excerpt":false},"no":{"title":true,"content":true,"excerpt":false},"ja":{"title":true,"content":true,"excerpt":false},"es":{"title":true,"content":true,"excerpt":false},"pt":{"title":true,"content":true,"excerpt":false},"qc":{"title":false,"content":true,"excerpt":false},"gb":{"title":true,"content":true,"excerpt":false},"ir":{"title":false,"content":false,"excerpt":false},"nz":{"title":false,"content":false,"excerpt":false},"sa":{"title":false,"content":false,"excerpt":false},"in":{"title":true,"content":true,"excerpt":false}}},"acf":[],"yoast_head":"<!-- This site is optimized with the Yoast SEO plugin v20.11 - https:\/\/yoast.com\/wordpress\/plugins\/seo\/ -->\n<title>Desbloquee la emoci\u00f3n con generosos giros gratis del casino en l\u00ednea: \u00a1Gire y gane hoy!<\/title>\n<meta name=\"description\" content=\"Impulse su aventura de juego con giros gratis exclusivos de casino en l\u00ednea. Haga girar los carretes en tragamonedas populares y aproveche la oportunidad de ganar recompensas reales. \u00danase ahora para disfrutar de la emoci\u00f3n de los giros gratis y lleve su experiencia de casino en l\u00ednea al siguiente nivel.\" \/>\n<meta name=\"robots\" content=\"index, follow, max-snippet:-1, max-image-preview:large, max-video-preview:-1\" \/>\n<link rel=\"canonical\" href=\"https:\/\/slotsite.mediacle.net\/free-spins\/\" \/>\n<meta property=\"og:locale\" content=\"es_ES\" \/>\n<meta property=\"og:type\" content=\"article\" \/>\n<meta property=\"og:title\" content=\"Desbloquee la emoci\u00f3n con generosos giros gratis del casino en l\u00ednea: \u00a1Gire y gane hoy!\" \/>\n<meta property=\"og:description\" content=\"Impulse su aventura de juego con giros gratis exclusivos de casino en l\u00ednea. Haga girar los carretes en tragamonedas populares y aproveche la oportunidad de ganar recompensas reales. \u00danase ahora para disfrutar de la emoci\u00f3n de los giros gratis y lleve su experiencia de casino en l\u00ednea al siguiente nivel.\" \/>\n<meta property=\"og:url\" content=\"https:\/\/slotsite.mediacle.net\/free-spins\/\" \/>\n<meta property=\"og:site_name\" content=\"Slotsite\" \/>\n<meta property=\"article:modified_time\" content=\"2023-08-30T09:56:10+00:00\" \/>\n<meta name=\"twitter:card\" content=\"summary_large_image\" \/>\n<meta name=\"twitter:label1\" content=\"Est. reading time\" \/>\n\t<meta name=\"twitter:data1\" content=\"2 minutes\" \/>\n<script type=\"application\/ld+json\" class=\"yoast-schema-graph\">{\"@context\":\"https:\/\/schema.org\",\"@graph\":[{\"@type\":\"WebPage\",\"@id\":\"https:\/\/slotsite.mediacle.net\/free-spins\/\",\"url\":\"https:\/\/slotsite.mediacle.net\/free-spins\/\",\"name\":\"Tragaperras de casino en l\u00ednea Tiradas gratis | Slotsite\",\"isPartOf\":{\"@id\":\"https:\/\/slotsite.mediacle.net\/#website\"},\"datePublished\":\"2023-07-10T06:49:18+00:00\",\"dateModified\":\"2023-08-30T09:56:10+00:00\",\"breadcrumb\":{\"@id\":\"https:\/\/slotsite.mediacle.net\/free-spins\/#breadcrumb\"},\"inLanguage\":\"es-ES\",\"potentialAction\":[{\"@type\":\"ReadAction\",\"target\":[\"https:\/\/slotsite.mediacle.net\/free-spins\/\"]}]},{\"@type\":\"BreadcrumbList\",\"@id\":\"https:\/\/slotsite.mediacle.net\/free-spins\/#breadcrumb\",\"itemListElement\":[{\"@type\":\"ListItem\",\"position\":1,\"name\":\"Home\",\"item\":\"https:\/\/slotsite.mediacle.net\/\"},{\"@type\":\"ListItem\",\"position\":2,\"name\":\"Promotions des casinos en ligne\"}]},{\"@type\":\"WebSite\",\"@id\":\"https:\/\/slotsite.mediacle.net\/#website\",\"url\":\"https:\/\/slotsite.mediacle.net\/\",\"name\":\"Slotsite\",\"description\":\"\",\"potentialAction\":[{\"@type\":\"SearchAction\",\"target\":{\"@type\":\"EntryPoint\",\"urlTemplate\":\"https:\/\/slotsite.mediacle.net\/?s={search_term_string}\"},\"query-input\":\"required name=search_term_string\"}],\"inLanguage\":\"es-ES\"}]}<\/script>\n<!-- \/ Yoast SEO plugin. -->","yoast_head_json":{"title":"Desbloquee la emoci\u00f3n con generosos giros gratis del casino en l\u00ednea: \u00a1Gire y gane hoy!","description":"Impulse su aventura de juego con giros gratis exclusivos de casino en l\u00ednea. Haga girar los carretes en tragamonedas populares y aproveche la oportunidad de ganar recompensas reales. \u00danase ahora para disfrutar de la emoci\u00f3n de los giros gratis y lleve su experiencia de casino en l\u00ednea al siguiente nivel.","robots":{"index":"index","follow":"follow","max-snippet":"max-snippet:-1","max-image-preview":"max-image-preview:large","max-video-preview":"max-video-preview:-1"},"canonical":"https:\/\/slotsite.mediacle.net\/free-spins\/","og_locale":"es_ES","og_type":"article","og_title":"Desbloquee la emoci\u00f3n con generosos giros gratis del casino en l\u00ednea: \u00a1Gire y gane hoy!","og_description":"Impulse su aventura de juego con giros gratis exclusivos de casino en l\u00ednea. Haga girar los carretes en tragamonedas populares y aproveche la oportunidad de ganar recompensas reales. \u00danase ahora para disfrutar de la emoci\u00f3n de los giros gratis y lleve su experiencia de casino en l\u00ednea al siguiente nivel.","og_url":"https:\/\/slotsite.mediacle.net\/free-spins\/","og_site_name":"Slotsite","article_modified_time":"2023-08-30T09:56:10+00:00","twitter_card":"summary_large_image","twitter_misc":{"Est. reading time":"2 minutes"},"schema":{"@context":"https:\/\/schema.org","@graph":[{"@type":"WebPage","@id":"https:\/\/slotsite.mediacle.net\/free-spins\/","url":"https:\/\/slotsite.mediacle.net\/free-spins\/","name":"Tragaperras de casino en l\u00ednea Tiradas gratis | Slotsite","isPartOf":{"@id":"https:\/\/slotsite.mediacle.net\/#website"},"datePublished":"2023-07-10T06:49:18+00:00","dateModified":"2023-08-30T09:56:10+00:00","breadcrumb":{"@id":"https:\/\/slotsite.mediacle.net\/free-spins\/#breadcrumb"},"inLanguage":"es-ES","potentialAction":[{"@type":"ReadAction","target":["https:\/\/slotsite.mediacle.net\/free-spins\/"]}]},{"@type":"BreadcrumbList","@id":"https:\/\/slotsite.mediacle.net\/free-spins\/#breadcrumb","itemListElement":[{"@type":"ListItem","position":1,"name":"Home","item":"https:\/\/slotsite.mediacle.net\/"},{"@type":"ListItem","position":2,"name":"Promotions des casinos en ligne"}]},{"@type":"WebSite","@id":"https:\/\/slotsite.mediacle.net\/#website","url":"https:\/\/slotsite.mediacle.net\/","name":"Slotsite","description":"","potentialAction":[{"@type":"SearchAction","target":{"@type":"EntryPoint","urlTemplate":"https:\/\/slotsite.mediacle.net\/?s={search_term_string}"},"query-input":"required name=search_term_string"}],"inLanguage":"es-ES"}]}},"_links":{"self":[{"href":"https:\/\/slotsite.mediacle.net\/es\/wp-json\/wp\/v2\/pages\/205","targetHints":{"allow":["GET"]}}],"collection":[{"href":"https:\/\/slotsite.mediacle.net\/es\/wp-json\/wp\/v2\/pages"}],"about":[{"href":"https:\/\/slotsite.mediacle.net\/es\/wp-json\/wp\/v2\/types\/page"}],"author":[{"embeddable":true,"href":"https:\/\/slotsite.mediacle.net\/es\/wp-json\/wp\/v2\/users\/1"}],"replies":[{"embeddable":true,"href":"https:\/\/slotsite.mediacle.net\/es\/wp-json\/wp\/v2\/comments?post=205"}],"version-history":[{"count":43,"href":"https:\/\/slotsite.mediacle.net\/es\/wp-json\/wp\/v2\/pages\/205\/revisions"}],"predecessor-version":[{"id":2231,"href":"https:\/\/slotsite.mediacle.net\/es\/wp-json\/wp\/v2\/pages\/205\/revisions\/2231"}],"wp:attachment":[{"href":"https:\/\/slotsite.mediacle.net\/es\/wp-json\/wp\/v2\/media?parent=205"}],"curies":[{"name":"wp","href":"https:\/\/api.w.org\/{rel}","templated":true}]}}