{"id":211,"date":"2023-07-24T07:23:39","date_gmt":"2023-07-24T07:23:39","guid":{"rendered":"https:\/\/slotsite.mediacle.net\/?page_id=211"},"modified":"2023-08-24T06:51:17","modified_gmt":"2023-08-24T06:51:17","slug":"rewards","status":"publish","type":"page","link":"https:\/\/slotsite.mediacle.net\/es\/rewards\/","title":{"rendered":"Recompensas de casino"},"content":{"rendered":"<h2 style=\"text-align: justify;\"><strong>Bienvenido al Programa de Recompensas: Desbloquee un mundo de emocionantes ventajas.<\/strong><\/h2>\n<p style=\"text-align: justify;\">En SlotSite.com Casino, valoramos su fidelidad y nos esforzamos por ofrecerle la mejor experiencia que vaya m\u00e1s all\u00e1 de jugar a sus juegos de casino favoritos. Por eso hemos creado nuestro programa de fidelidad, \u00a1dise\u00f1ado para recompensarle siempre con ventajas y beneficios exclusivos!<\/p>\n<h3 style=\"text-align: justify;\"><strong>C\u00f3mo funciona:<\/strong><\/h3>\n<p style=\"text-align: justify;\">Cada vez que realice una apuesta con dinero real en nuestra amplia selecci\u00f3n de juegos, ganar\u00e1 valiosos puntos. Cuanto m\u00e1s juegue, m\u00e1s puntos acumular\u00e1, lo que le acercar\u00e1 al desbloqueo de fant\u00e1sticas recompensas. \u00a1Aseg\u00farese de suscribirse a las <a href=\"https:\/\/slotsite.mediacle.net\/es\/promociones\/\">promociones<\/a> dentro de su cuenta para obtener bonificaciones especiales de puntos a\u00f1adidos!<\/p>\n<h3 style=\"text-align: justify;\"><strong>Desbloquea fant\u00e1sticas recompensas:<\/strong><\/h3>\n<p style=\"text-align: justify;\">A medida que acumule puntos y avance por los niveles, desbloquear\u00e1 una serie de fant\u00e1sticas recompensas. Estas recompensas pueden incluir tiradas gratis en populares juegos de tragaperras, dinero de bonificaci\u00f3n para aumentar su bankroll, acceso exclusivo a promociones especiales y torneos VIP, regalos personalizados, gestores de cuenta dedicados y \u00a1mucho m\u00e1s!<\/p>\n<h3 style=\"text-align: justify;\"><strong>Misiones por puntos extra:<\/strong><\/h3>\n<p style=\"text-align: justify;\">Pruebe un nuevo proveedor de software o nuevos juegos. Completa misiones jugando a juegos divertidos y alcanzando hitos o participa en promociones especiales, \u00a1y gana puntos extra por el camino!<\/p>\n<h3 style=\"text-align: justify;\"><strong>Desbloquea el poder de tus puntos<\/strong><\/h3>\n<p style=\"text-align: justify;\">Una vez que hayas acumulado un n\u00famero suficiente de puntos a trav\u00e9s de tu juego, \u00a1puedes dirigirte a la Tienda de Recompensas! Este tesoro virtual est\u00e1 repleto de una amplia variedad de opciones de recompensa entre las que elegir. Echa un vistazo a la selecci\u00f3n de la tienda y, tanto si eres un fan\u00e1tico de los rodillos como si prefieres aumentar tu bankroll con fondos de bonificaci\u00f3n, \u00a1tenemos incre\u00edbles recompensas para todos los niveles VIP! Es la oportunidad perfecta para explorar nuevos juegos o volver a sus favoritos de siempre.<\/p>\n<h3 style=\"text-align: justify;\"><strong>Canjee y disfrute:<\/strong><\/h3>\n<p style=\"text-align: justify;\">Convertir sus puntos en tiradas gratis o dinero de bonificaci\u00f3n es f\u00e1cil y las recompensas se abonar\u00e1n al instante en su cuenta. Puede empezar a utilizar sus tiradas gratuitas para hacer girar los rodillos o utilizar su dinero de bonificaci\u00f3n para explorar diferentes juegos de casino. Recuerde, cuantos m\u00e1s puntos acumule, mayores ser\u00e1n las recompensas que le esperan. \u00a0Como valioso miembro VIP, te ofrecemos bonos a\u00f1adidos en exclusiva con tiradas gratis adicionales y c\u00f3digos de bono de dep\u00f3sito especiales. \u00a1Mantente atento a tu bandeja de entrada de correo electr\u00f3nico y a la p\u00e1gina de promociones para estar al d\u00eda!<\/p>\n<p style=\"text-align: justify;\">Recuerde siempre conocer y fijar sus l\u00edmites. Juegue de forma responsable. El juego puede crear adicci\u00f3n. Se aplican las <a href=\"https:\/\/casino.slotsite.com\/terms-conditions-info\"><u>condiciones generales<\/u><\/a>.<\/p>\n","protected":false},"excerpt":{"rendered":"<p>Bienvenido al Programa de Recompensas: Desbloquee un mundo de emocionantes ventajas. En SlotSite.com Casino, valoramos su fidelidad y nos esforzamos por ofrecerle la mejor experiencia que vaya m\u00e1s all\u00e1 de jugar a sus juegos de casino favoritos. Por eso hemos creado nuestro programa de fidelidad, \u00a1dise\u00f1ado para recompensarle siempre con ventajas y beneficios exclusivos! C\u00f3mo [&hellip;]<\/p>\n","protected":false},"author":1,"featured_media":0,"parent":0,"menu_order":0,"comment_status":"closed","ping_status":"closed","template":"templates\/rewards.php","meta":{"footnotes":""},"class_list":["post-211","page","type-page","status-publish","hentry"],"translation":{"provider":"WPGlobus","version":"2.12.2","language":"es","enabled_languages":["en","ca","fi","no","ja","es","pt","qc","gb","ir","nz","sa","in"],"languages":{"en":{"title":true,"content":true,"excerpt":false},"ca":{"title":true,"content":true,"excerpt":false},"fi":{"title":true,"content":true,"excerpt":false},"no":{"title":true,"content":true,"excerpt":false},"ja":{"title":true,"content":true,"excerpt":false},"es":{"title":true,"content":true,"excerpt":false},"pt":{"title":true,"content":true,"excerpt":false},"qc":{"title":true,"content":true,"excerpt":false},"gb":{"title":true,"content":true,"excerpt":false},"ir":{"title":false,"content":false,"excerpt":false},"nz":{"title":false,"content":false,"excerpt":false},"sa":{"title":false,"content":false,"excerpt":false},"in":{"title":true,"content":true,"excerpt":false}}},"acf":[],"yoast_head":"<!-- This site is optimized with the Yoast SEO plugin v20.11 - https:\/\/yoast.com\/wordpress\/plugins\/seo\/ -->\n<title>Lealtad gratificante: \u00a1Desbloquee emocionantes premios en nuestra p\u00e1gina de recompensas!<\/title>\n<meta name=\"description\" content=\"Descubra los beneficios de la lealtad con nuestra p\u00e1gina de recompensas gratificantes. Gana puntos mientras juegas y canj\u00e9alos por emocionantes premios, bonificaciones y ventajas exclusivas. \u00danase ahora para aprovechar al m\u00e1ximo nuestro programa de fidelizaci\u00f3n y elevar su experiencia de casino en l\u00ednea a nuevas alturas.\" \/>\n<meta name=\"robots\" content=\"index, follow, max-snippet:-1, max-image-preview:large, max-video-preview:-1\" \/>\n<link rel=\"canonical\" href=\"https:\/\/slotsite.mediacle.net\/rewards\/\" \/>\n<meta property=\"og:locale\" content=\"es_ES\" \/>\n<meta property=\"og:type\" content=\"article\" \/>\n<meta property=\"og:title\" content=\"Lealtad gratificante: \u00a1Desbloquee emocionantes premios en nuestra p\u00e1gina de recompensas!\" \/>\n<meta property=\"og:description\" content=\"Descubra los beneficios de la lealtad con nuestra p\u00e1gina de recompensas gratificantes. Gana puntos mientras juegas y canj\u00e9alos por emocionantes premios, bonificaciones y ventajas exclusivas. \u00danase ahora para aprovechar al m\u00e1ximo nuestro programa de fidelizaci\u00f3n y elevar su experiencia de casino en l\u00ednea a nuevas alturas.\" \/>\n<meta property=\"og:url\" content=\"https:\/\/slotsite.mediacle.net\/rewards\/\" \/>\n<meta property=\"og:site_name\" content=\"Slotsite\" \/>\n<meta property=\"article:modified_time\" content=\"2023-08-24T06:51:17+00:00\" \/>\n<meta name=\"twitter:card\" content=\"summary_large_image\" \/>\n<meta name=\"twitter:label1\" content=\"Est. reading time\" \/>\n\t<meta name=\"twitter:data1\" content=\"3 minutes\" \/>\n<script type=\"application\/ld+json\" class=\"yoast-schema-graph\">{\"@context\":\"https:\/\/schema.org\",\"@graph\":[{\"@type\":\"WebPage\",\"@id\":\"https:\/\/slotsite.mediacle.net\/rewards\/\",\"url\":\"https:\/\/slotsite.mediacle.net\/rewards\/\",\"name\":\"Rewarding Loyalty: Unlock Exciting Prizes on Our Rewards Page!\",\"isPartOf\":{\"@id\":\"https:\/\/slotsite.mediacle.net\/#website\"},\"datePublished\":\"2023-07-24T07:23:39+00:00\",\"dateModified\":\"2023-08-24T06:51:17+00:00\",\"description\":\"Descubra los beneficios de la lealtad con nuestra p\u00e1gina de recompensas gratificantes. Gana puntos mientras juegas y canj\u00e9alos por emocionantes premios, bonificaciones y ventajas exclusivas. \u00danase ahora para aprovechar al m\u00e1ximo nuestro programa de fidelizaci\u00f3n y elevar su experiencia de casino en l\u00ednea a nuevas alturas.\",\"breadcrumb\":{\"@id\":\"https:\/\/slotsite.mediacle.net\/rewards\/#breadcrumb\"},\"inLanguage\":\"es-ES\",\"potentialAction\":[{\"@type\":\"ReadAction\",\"target\":[\"https:\/\/slotsite.mediacle.net\/rewards\/\"]}]},{\"@type\":\"BreadcrumbList\",\"@id\":\"https:\/\/slotsite.mediacle.net\/rewards\/#breadcrumb\",\"itemListElement\":[{\"@type\":\"ListItem\",\"position\":1,\"name\":\"Home\",\"item\":\"https:\/\/slotsite.mediacle.net\/\"},{\"@type\":\"ListItem\",\"position\":2,\"name\":\"Rewards\"}]},{\"@type\":\"WebSite\",\"@id\":\"https:\/\/slotsite.mediacle.net\/#website\",\"url\":\"https:\/\/slotsite.mediacle.net\/\",\"name\":\"Slotsite\",\"description\":\"\",\"potentialAction\":[{\"@type\":\"SearchAction\",\"target\":{\"@type\":\"EntryPoint\",\"urlTemplate\":\"https:\/\/slotsite.mediacle.net\/?s={search_term_string}\"},\"query-input\":\"required name=search_term_string\"}],\"inLanguage\":\"es-ES\"}]}<\/script>\n<!-- \/ Yoast SEO plugin. -->","yoast_head_json":{"title":"Lealtad gratificante: \u00a1Desbloquee emocionantes premios en nuestra p\u00e1gina de recompensas!","description":"Descubra los beneficios de la lealtad con nuestra p\u00e1gina de recompensas gratificantes. Gana puntos mientras juegas y canj\u00e9alos por emocionantes premios, bonificaciones y ventajas exclusivas. \u00danase ahora para aprovechar al m\u00e1ximo nuestro programa de fidelizaci\u00f3n y elevar su experiencia de casino en l\u00ednea a nuevas alturas.","robots":{"index":"index","follow":"follow","max-snippet":"max-snippet:-1","max-image-preview":"max-image-preview:large","max-video-preview":"max-video-preview:-1"},"canonical":"https:\/\/slotsite.mediacle.net\/rewards\/","og_locale":"es_ES","og_type":"article","og_title":"Lealtad gratificante: \u00a1Desbloquee emocionantes premios en nuestra p\u00e1gina de recompensas!","og_description":"Descubra los beneficios de la lealtad con nuestra p\u00e1gina de recompensas gratificantes. Gana puntos mientras juegas y canj\u00e9alos por emocionantes premios, bonificaciones y ventajas exclusivas. \u00danase ahora para aprovechar al m\u00e1ximo nuestro programa de fidelizaci\u00f3n y elevar su experiencia de casino en l\u00ednea a nuevas alturas.","og_url":"https:\/\/slotsite.mediacle.net\/rewards\/","og_site_name":"Slotsite","article_modified_time":"2023-08-24T06:51:17+00:00","twitter_card":"summary_large_image","twitter_misc":{"Est. reading time":"3 minutes"},"schema":{"@context":"https:\/\/schema.org","@graph":[{"@type":"WebPage","@id":"https:\/\/slotsite.mediacle.net\/rewards\/","url":"https:\/\/slotsite.mediacle.net\/rewards\/","name":"Rewarding Loyalty: Unlock Exciting Prizes on Our Rewards Page!","isPartOf":{"@id":"https:\/\/slotsite.mediacle.net\/#website"},"datePublished":"2023-07-24T07:23:39+00:00","dateModified":"2023-08-24T06:51:17+00:00","description":"Descubra los beneficios de la lealtad con nuestra p\u00e1gina de recompensas gratificantes. Gana puntos mientras juegas y canj\u00e9alos por emocionantes premios, bonificaciones y ventajas exclusivas. \u00danase ahora para aprovechar al m\u00e1ximo nuestro programa de fidelizaci\u00f3n y elevar su experiencia de casino en l\u00ednea a nuevas alturas.","breadcrumb":{"@id":"https:\/\/slotsite.mediacle.net\/rewards\/#breadcrumb"},"inLanguage":"es-ES","potentialAction":[{"@type":"ReadAction","target":["https:\/\/slotsite.mediacle.net\/rewards\/"]}]},{"@type":"BreadcrumbList","@id":"https:\/\/slotsite.mediacle.net\/rewards\/#breadcrumb","itemListElement":[{"@type":"ListItem","position":1,"name":"Home","item":"https:\/\/slotsite.mediacle.net\/"},{"@type":"ListItem","position":2,"name":"Rewards"}]},{"@type":"WebSite","@id":"https:\/\/slotsite.mediacle.net\/#website","url":"https:\/\/slotsite.mediacle.net\/","name":"Slotsite","description":"","potentialAction":[{"@type":"SearchAction","target":{"@type":"EntryPoint","urlTemplate":"https:\/\/slotsite.mediacle.net\/?s={search_term_string}"},"query-input":"required name=search_term_string"}],"inLanguage":"es-ES"}]}},"_links":{"self":[{"href":"https:\/\/slotsite.mediacle.net\/es\/wp-json\/wp\/v2\/pages\/211","targetHints":{"allow":["GET"]}}],"collection":[{"href":"https:\/\/slotsite.mediacle.net\/es\/wp-json\/wp\/v2\/pages"}],"about":[{"href":"https:\/\/slotsite.mediacle.net\/es\/wp-json\/wp\/v2\/types\/page"}],"author":[{"embeddable":true,"href":"https:\/\/slotsite.mediacle.net\/es\/wp-json\/wp\/v2\/users\/1"}],"replies":[{"embeddable":true,"href":"https:\/\/slotsite.mediacle.net\/es\/wp-json\/wp\/v2\/comments?post=211"}],"version-history":[{"count":59,"href":"https:\/\/slotsite.mediacle.net\/es\/wp-json\/wp\/v2\/pages\/211\/revisions"}],"predecessor-version":[{"id":2084,"href":"https:\/\/slotsite.mediacle.net\/es\/wp-json\/wp\/v2\/pages\/211\/revisions\/2084"}],"wp:attachment":[{"href":"https:\/\/slotsite.mediacle.net\/es\/wp-json\/wp\/v2\/media?parent=211"}],"curies":[{"name":"wp","href":"https:\/\/api.w.org\/{rel}","templated":true}]}}