{"id":235,"date":"2023-07-24T07:56:36","date_gmt":"2023-07-24T07:56:36","guid":{"rendered":"https:\/\/slotsite.mediacle.net\/?page_id=235"},"modified":"2023-08-24T08:54:37","modified_gmt":"2023-08-24T08:54:37","slug":"online-casino-other-games","status":"publish","type":"page","link":"https:\/\/slotsite.mediacle.net\/es\/juegos-de-casino\/","title":{"rendered":"Juegos de casino en l\u00ednea"},"content":{"rendered":"<h2 style=\"text-align: justify;\"><strong>\u00a1Sum\u00e9rjase en un mundo de entretenimiento sin fin con juegos de casino en l\u00ednea especializados en SlotSite.com Casino!<\/strong><\/h2>\n<p style=\"text-align: justify;\">Eche un vistazo a nuestra colecci\u00f3n de juegos de casino virtuales y especializados en l\u00ednea para cautivar sus sentidos y mantenerse entretenido durante horas y horas.<\/p>\n<h3 style=\"text-align: justify;\"><strong>Yahtzee en l\u00ednea:<\/strong><\/h3>\n<p style=\"text-align: justify;\">Tira los dados y disfruta del cl\u00e1sico juego Yahtzee en un entorno virtual. Pon a prueba tu suerte y tu estrategia para conseguir las combinaciones perfectas y alzarte con la victoria. \u00bfConseguir\u00e1s un Full, una escalera o incluso el codiciado Yahtzee?<\/p>\n<h3 style=\"text-align: justify;\"><strong>Juegos de monedas:<\/strong><\/h3>\n<p style=\"text-align: justify;\">Sum\u00e9rjase en un mundo de brillantes tesoros y emocionantes aventuras con nuestros apasionantes juegos de monedas. Entra en el mundo de los mineros y las gemas preciosas con nuestros juegos de tem\u00e1tica minera. Personaliza tu tablero de juego y emb\u00e1rcate en la b\u00fasqueda de riquezas bajo tierra. Cava por los rodillos, descubre s\u00edmbolos especiales y disfruta de rondas de bonificaci\u00f3n que dan vida a la experiencia minera.<\/p>\n<h3 style=\"text-align: justify;\"><strong>Juegos tem\u00e1ticos de loter\u00eda:<\/strong><\/h3>\n<p style=\"text-align: justify;\">Viva la emoci\u00f3n de la loter\u00eda con nuestros juegos tem\u00e1ticos. Elija sus n\u00fameros de la suerte, haga sus apuestas y espere al sorteo. \u00bfLe sonreir\u00e1 la fortuna cuando se revelen los n\u00fameros ganadores? \u00a1Juegue y desc\u00fabralo!<\/p>\n<h3 style=\"text-align: justify;\"><strong>Juegos de dados especiales:<\/strong><\/h3>\n<p style=\"text-align: justify;\">Tire los dados y pruebe su suerte en nuestros juegos de dados especiales. Explore diversas variantes, cada una de las cuales ofrece reglas \u00fanicas y oportunidades de ganar a lo grande. Tanto si se basa en el Sic Bo como en otros emocionantes juegos de dados, la tirada de dados ofrece infinitas posibilidades.<\/p>\n<h3 style=\"text-align: justify;\"><strong>Juegos Arcade:<\/strong><\/h3>\n<p style=\"text-align: justify;\">Entra en un mundo de nostalgia y emoci\u00f3n con nuestros juegos de estilo arcade. Revive la experiencia arcade cl\u00e1sica mientras te enfrentas a retos cautivadores, recoges premios y consigues puntuaciones altas. Desde los favoritos retro a los cl\u00e1sicos modernos, nuestros juegos arcade ofrecen diversi\u00f3n sin fin.<\/p>\n<h3 style=\"text-align: justify;\"><strong>Juegos de habilidad b\u00e1sicos:<\/strong><\/h3>\n<p style=\"text-align: justify;\">Perfecciona tus habilidades y ponte a prueba con nuestra selecci\u00f3n de juegos de habilidad b\u00e1sica. Pon a prueba tus reflejos, precisi\u00f3n y sincronizaci\u00f3n mientras atraviesas emocionantes niveles y superas obst\u00e1culos. \u00bfLograr\u00e1s dominar el juego y alcanzar nuevas cotas?<\/p>\n<h3 style=\"text-align: justify;\"><strong>Otros juegos de azar interactivos:<\/strong><\/h3>\n<p style=\"text-align: justify;\">Descubra una variedad de juegos interactivos que combinan azar y habilidad para una experiencia estimulante. Participa en mec\u00e1nicas de juego \u00fanicas, toma decisiones y comprueba si la fortuna favorece tus elecciones.<\/p>\n<p style=\"text-align: justify;\">Juegos virtuales &#8211; Entra en un mundo digital donde los deportes cobran vida, las carreras se animan y te esperan emocionantes partidos. Prep\u00e1rate para la aventura de juego definitiva y \u00a1que empiecen los juegos virtuales!<\/p>\n<h3 style=\"text-align: justify;\"><strong>F\u00fatbol virtual:<\/strong><\/h3>\n<p style=\"text-align: justify;\">Entra en el campo de f\u00fatbol virtual y vive la emoci\u00f3n del deporte rey. Apueste por sus equipos favoritos, anime los goles y celebre las victorias en el mundo virtual del f\u00fatbol.<\/p>\n<h3 style=\"text-align: justify;\"><strong>Cricket virtual:<\/strong><\/h3>\n<p style=\"text-align: justify;\">Sum\u00e9rgete en el mundo del cr\u00edquet con nuestros juegos de cr\u00edquet virtuales. Haz tus apuestas, sigue la acci\u00f3n y vive la emoci\u00f3n del juego mientras los jugadores virtuales compiten en tu pantalla.<\/p>\n<h3 style=\"text-align: justify;\"><strong>Carreras de caballos virtuales:<\/strong><\/h3>\n<p style=\"text-align: justify;\">Siente el estruendo de los cascos y la adrenalina del hip\u00f3dromo con nuestros juegos de carreras de caballos virtuales. Haz tus apuestas y observa c\u00f3mo los caballos virtuales corren hacia la meta.<\/p>\n<h3 style=\"text-align: justify;\"><strong>Carreras de galgos virtuales:<\/strong><\/h3>\n<p style=\"text-align: justify;\">Vive la emoci\u00f3n de las carreras de galgos en un entorno virtual. Apuesta por tus perros favoritos, observa c\u00f3mo corren por la pista y comprueba si tus predicciones han dado en el clavo.<\/p>\n<h3 style=\"text-align: justify;\"><strong>Tenis virtual:<\/strong><\/h3>\n<p style=\"text-align: justify;\">Salta a la pista de tenis virtual y demuestra tus habilidades en intensos partidos. Saca, recupera y machaca para hacerte con la victoria en el mundo virtual del tenis.<\/p>\n<h3 style=\"text-align: justify;\"><strong>Trote virtual:<\/strong><\/h3>\n<p style=\"text-align: justify;\">Apueste en carreras de trote virtuales y sea testigo de sus incre\u00edbles zancadas mientras compiten por la gloria en este juego sorprendentemente divertido y cautivador.<\/p>\n<h3 style=\"text-align: justify;\"><strong>Circuito virtual:<\/strong><\/h3>\n<p style=\"text-align: justify;\">Siente la adrenalina al entrar en la pista de velocidad virtual. Asiste a carreras de alta velocidad, haz tus apuestas y anima a tus pilotos favoritos mientras recorren los giros y curvas de la pista virtual.<\/p>\n<p style=\"text-align: justify;\">En SlotSite.com Casino, nos esforzamos continuamente por ofrecerle nuevas experiencias interactivas y virtuales. \u00danase a nosotros hoy mismo y \u00a1que empiece la emoci\u00f3n!<\/p>\n<p style=\"text-align: justify;\">Registrarse en SlotSite.com Casino es r\u00e1pido y f\u00e1cil. Simplemente siga estos pasos para empezar:<\/p>\n<p style=\"text-align: justify;\">Haga clic en el bot\u00f3n &#8220;Registrarse&#8221; o &#8220;Unirse ahora&#8221;.<\/p>\n<p style=\"text-align: justify;\">Rellene la informaci\u00f3n requerida, incluido su nombre, direcci\u00f3n de correo electr\u00f3nico y nombre de usuario y contrase\u00f1a preferidos.<\/p>\n<p style=\"text-align: justify;\">Complete el proceso de registro verificando su direcci\u00f3n de correo electr\u00f3nico.<\/p>\n<p style=\"text-align: justify;\">Realice un ingreso en su cuenta utilizando uno de nuestros m\u00e9todos de pago seguros y c\u00f3modos. Con nuestro servicio de atenci\u00f3n al jugador 24\/7, le garantizamos una experiencia de juego que superar\u00e1 sus expectativas.<\/p>\n<p style=\"text-align: justify;\">Juegue de forma responsable, establezca su tiempo de apuesta y sus l\u00edmites. El juego puede crear adicci\u00f3n.<\/p>\n","protected":false},"excerpt":{"rendered":"<p>\u00a1Sum\u00e9rjase en un mundo de entretenimiento sin fin con juegos de casino en l\u00ednea especializados en SlotSite.com Casino! Eche un vistazo a nuestra colecci\u00f3n de juegos de casino virtuales y especializados en l\u00ednea para cautivar sus sentidos y mantenerse entretenido durante horas y horas. Yahtzee en l\u00ednea: Tira los dados y disfruta del cl\u00e1sico juego [&hellip;]<\/p>\n","protected":false},"author":1,"featured_media":0,"parent":0,"menu_order":0,"comment_status":"closed","ping_status":"closed","template":"templates\/category.php","meta":{"footnotes":""},"class_list":["post-235","page","type-page","status-publish","hentry"],"translation":{"provider":"WPGlobus","version":"2.12.2","language":"es","enabled_languages":["en","ca","fi","no","ja","es","pt","qc","gb","ir","nz","sa","in"],"languages":{"en":{"title":true,"content":true,"excerpt":false},"ca":{"title":true,"content":true,"excerpt":false},"fi":{"title":true,"content":true,"excerpt":false},"no":{"title":true,"content":true,"excerpt":false},"ja":{"title":true,"content":true,"excerpt":false},"es":{"title":true,"content":true,"excerpt":false},"pt":{"title":true,"content":true,"excerpt":false},"qc":{"title":true,"content":true,"excerpt":false},"gb":{"title":true,"content":true,"excerpt":false},"ir":{"title":true,"content":false,"excerpt":false},"nz":{"title":true,"content":false,"excerpt":false},"sa":{"title":true,"content":false,"excerpt":false},"in":{"title":true,"content":true,"excerpt":false}}},"acf":[],"yoast_head":"<!-- This site is optimized with the Yoast SEO plugin v20.11 - https:\/\/yoast.com\/wordpress\/plugins\/seo\/ -->\n<title>Experimente la m\u00e1xima emoci\u00f3n: \u00a1Juegue una variedad de juegos de casino en l\u00ednea y gane a lo grande!<\/title>\n<meta name=\"description\" content=\"Sum\u00e9rjase en un mundo de emoci\u00f3n con nuestra diversa selecci\u00f3n de juegos de casino en l\u00ednea. Desde los cl\u00e1sicos favoritos hasta los giros modernos, prueba tu suerte y habilidad para ganar a lo grande. \u00danete ahora para disfrutar de una aventura de juego inmersiva como ninguna otra.\" \/>\n<meta name=\"robots\" content=\"index, follow, max-snippet:-1, max-image-preview:large, max-video-preview:-1\" \/>\n<link rel=\"canonical\" href=\"https:\/\/slotsite.mediacle.net\/online-casino-other-games\/\" \/>\n<meta property=\"og:locale\" content=\"es_ES\" \/>\n<meta property=\"og:type\" content=\"article\" \/>\n<meta property=\"og:title\" content=\"Experimente la m\u00e1xima emoci\u00f3n: \u00a1Juegue una variedad de juegos de casino en l\u00ednea y gane a lo grande!\" \/>\n<meta property=\"og:description\" content=\"Sum\u00e9rjase en un mundo de emoci\u00f3n con nuestra diversa selecci\u00f3n de juegos de casino en l\u00ednea. Desde los cl\u00e1sicos favoritos hasta los giros modernos, prueba tu suerte y habilidad para ganar a lo grande. \u00danete ahora para disfrutar de una aventura de juego inmersiva como ninguna otra.\" \/>\n<meta property=\"og:url\" content=\"https:\/\/slotsite.mediacle.net\/online-casino-other-games\/\" \/>\n<meta property=\"og:site_name\" content=\"Slotsite\" \/>\n<meta property=\"article:modified_time\" content=\"2023-08-24T08:54:37+00:00\" \/>\n<meta name=\"twitter:card\" content=\"summary_large_image\" \/>\n<meta name=\"twitter:label1\" content=\"Est. reading time\" \/>\n\t<meta name=\"twitter:data1\" content=\"4 minutes\" \/>\n<script type=\"application\/ld+json\" class=\"yoast-schema-graph\">{\"@context\":\"https:\/\/schema.org\",\"@graph\":[{\"@type\":\"WebPage\",\"@id\":\"https:\/\/slotsite.mediacle.net\/online-casino-other-games\/\",\"url\":\"https:\/\/slotsite.mediacle.net\/online-casino-other-games\/\",\"name\":\"Experimente la m\u00e1xima emoci\u00f3n: \u00a1Juegue una variedad de juegos de casino en l\u00ednea y gane a lo grande!\",\"isPartOf\":{\"@id\":\"https:\/\/slotsite.mediacle.net\/#website\"},\"datePublished\":\"2023-07-24T07:56:36+00:00\",\"dateModified\":\"2023-08-24T08:54:37+00:00\",\"description\":\"Sum\u00e9rjase en un mundo de emoci\u00f3n con nuestra diversa selecci\u00f3n de juegos de casino en l\u00ednea. Desde los cl\u00e1sicos favoritos hasta los giros modernos, prueba tu suerte y habilidad para ganar a lo grande. \u00danete ahora para disfrutar de una aventura de juego inmersiva como ninguna otra.\",\"breadcrumb\":{\"@id\":\"https:\/\/slotsite.mediacle.net\/online-casino-other-games\/#breadcrumb\"},\"inLanguage\":\"es-ES\",\"potentialAction\":[{\"@type\":\"ReadAction\",\"target\":[\"https:\/\/slotsite.mediacle.net\/online-casino-other-games\/\"]}]},{\"@type\":\"BreadcrumbList\",\"@id\":\"https:\/\/slotsite.mediacle.net\/online-casino-other-games\/#breadcrumb\",\"itemListElement\":[{\"@type\":\"ListItem\",\"position\":1,\"name\":\"Home\",\"item\":\"https:\/\/slotsite.mediacle.net\/\"},{\"@type\":\"ListItem\",\"position\":2,\"name\":\"Online Casino Other Games\"}]},{\"@type\":\"WebSite\",\"@id\":\"https:\/\/slotsite.mediacle.net\/#website\",\"url\":\"https:\/\/slotsite.mediacle.net\/\",\"name\":\"Slotsite\",\"description\":\"\",\"potentialAction\":[{\"@type\":\"SearchAction\",\"target\":{\"@type\":\"EntryPoint\",\"urlTemplate\":\"https:\/\/slotsite.mediacle.net\/?s={search_term_string}\"},\"query-input\":\"required name=search_term_string\"}],\"inLanguage\":\"es-ES\"}]}<\/script>\n<!-- \/ Yoast SEO plugin. -->","yoast_head_json":{"title":"Experimente la m\u00e1xima emoci\u00f3n: \u00a1Juegue una variedad de juegos de casino en l\u00ednea y gane a lo grande!","description":"Sum\u00e9rjase en un mundo de emoci\u00f3n con nuestra diversa selecci\u00f3n de juegos de casino en l\u00ednea. Desde los cl\u00e1sicos favoritos hasta los giros modernos, prueba tu suerte y habilidad para ganar a lo grande. \u00danete ahora para disfrutar de una aventura de juego inmersiva como ninguna otra.","robots":{"index":"index","follow":"follow","max-snippet":"max-snippet:-1","max-image-preview":"max-image-preview:large","max-video-preview":"max-video-preview:-1"},"canonical":"https:\/\/slotsite.mediacle.net\/online-casino-other-games\/","og_locale":"es_ES","og_type":"article","og_title":"Experimente la m\u00e1xima emoci\u00f3n: \u00a1Juegue una variedad de juegos de casino en l\u00ednea y gane a lo grande!","og_description":"Sum\u00e9rjase en un mundo de emoci\u00f3n con nuestra diversa selecci\u00f3n de juegos de casino en l\u00ednea. Desde los cl\u00e1sicos favoritos hasta los giros modernos, prueba tu suerte y habilidad para ganar a lo grande. \u00danete ahora para disfrutar de una aventura de juego inmersiva como ninguna otra.","og_url":"https:\/\/slotsite.mediacle.net\/online-casino-other-games\/","og_site_name":"Slotsite","article_modified_time":"2023-08-24T08:54:37+00:00","twitter_card":"summary_large_image","twitter_misc":{"Est. reading time":"4 minutes"},"schema":{"@context":"https:\/\/schema.org","@graph":[{"@type":"WebPage","@id":"https:\/\/slotsite.mediacle.net\/online-casino-other-games\/","url":"https:\/\/slotsite.mediacle.net\/online-casino-other-games\/","name":"Experimente la m\u00e1xima emoci\u00f3n: \u00a1Juegue una variedad de juegos de casino en l\u00ednea y gane a lo grande!","isPartOf":{"@id":"https:\/\/slotsite.mediacle.net\/#website"},"datePublished":"2023-07-24T07:56:36+00:00","dateModified":"2023-08-24T08:54:37+00:00","description":"Sum\u00e9rjase en un mundo de emoci\u00f3n con nuestra diversa selecci\u00f3n de juegos de casino en l\u00ednea. Desde los cl\u00e1sicos favoritos hasta los giros modernos, prueba tu suerte y habilidad para ganar a lo grande. \u00danete ahora para disfrutar de una aventura de juego inmersiva como ninguna otra.","breadcrumb":{"@id":"https:\/\/slotsite.mediacle.net\/online-casino-other-games\/#breadcrumb"},"inLanguage":"es-ES","potentialAction":[{"@type":"ReadAction","target":["https:\/\/slotsite.mediacle.net\/online-casino-other-games\/"]}]},{"@type":"BreadcrumbList","@id":"https:\/\/slotsite.mediacle.net\/online-casino-other-games\/#breadcrumb","itemListElement":[{"@type":"ListItem","position":1,"name":"Home","item":"https:\/\/slotsite.mediacle.net\/"},{"@type":"ListItem","position":2,"name":"Online Casino Other Games"}]},{"@type":"WebSite","@id":"https:\/\/slotsite.mediacle.net\/#website","url":"https:\/\/slotsite.mediacle.net\/","name":"Slotsite","description":"","potentialAction":[{"@type":"SearchAction","target":{"@type":"EntryPoint","urlTemplate":"https:\/\/slotsite.mediacle.net\/?s={search_term_string}"},"query-input":"required name=search_term_string"}],"inLanguage":"es-ES"}]}},"_links":{"self":[{"href":"https:\/\/slotsite.mediacle.net\/es\/wp-json\/wp\/v2\/pages\/235","targetHints":{"allow":["GET"]}}],"collection":[{"href":"https:\/\/slotsite.mediacle.net\/es\/wp-json\/wp\/v2\/pages"}],"about":[{"href":"https:\/\/slotsite.mediacle.net\/es\/wp-json\/wp\/v2\/types\/page"}],"author":[{"embeddable":true,"href":"https:\/\/slotsite.mediacle.net\/es\/wp-json\/wp\/v2\/users\/1"}],"replies":[{"embeddable":true,"href":"https:\/\/slotsite.mediacle.net\/es\/wp-json\/wp\/v2\/comments?post=235"}],"version-history":[{"count":43,"href":"https:\/\/slotsite.mediacle.net\/es\/wp-json\/wp\/v2\/pages\/235\/revisions"}],"predecessor-version":[{"id":2177,"href":"https:\/\/slotsite.mediacle.net\/es\/wp-json\/wp\/v2\/pages\/235\/revisions\/2177"}],"wp:attachment":[{"href":"https:\/\/slotsite.mediacle.net\/es\/wp-json\/wp\/v2\/media?parent=235"}],"curies":[{"name":"wp","href":"https:\/\/api.w.org\/{rel}","templated":true}]}}