{"id":252,"date":"2023-07-24T08:37:12","date_gmt":"2023-07-24T08:37:12","guid":{"rendered":"https:\/\/slotsite.mediacle.net\/?page_id=252"},"modified":"2023-08-31T09:57:58","modified_gmt":"2023-08-31T09:57:58","slug":"online-baccarat","status":"publish","type":"page","link":"https:\/\/slotsite.mediacle.net\/es\/online-baccarat\/","title":{"rendered":"Juegos de Baccarat en l\u00ednea"},"content":{"rendered":"<h2 style=\"text-align: justify;\"><strong>Disfrute de la sofisticaci\u00f3n de los juegos de Baccarat en l\u00ednea y con crupier en vivo en SlotSite.com Casino<\/strong><\/h2>\n<p style=\"text-align: justify;\">Experimente la elegancia de uno de los juegos de cartas m\u00e1s queridos del mundo: el Baccarat. Con su rica historia y su atractivo atemporal, el Baccarat ha cautivado a los jugadores durante siglos. En SlotSite.com Casino, ofrecemos una amplia selecci\u00f3n de juegos de Baccarat en vivo en el ambiente y la interacci\u00f3n de un estudio de casino de gama alta.<\/p>\n<h3 style=\"text-align: justify;\"><strong>Breve historia del bacar\u00e1:<\/strong><\/h3>\n<p style=\"text-align: justify;\">Originario de Italia en el siglo XV, el Baccarat se populariz\u00f3 r\u00e1pidamente entre la nobleza francesa y acab\u00f3 extendi\u00e9ndose a los casinos de toda Europa. Hoy en d\u00eda, el Baccarat sigue siendo uno de los juegos favoritos de los jugadores de todo el mundo, conocido por su sencillez de juego y sus probabilidades favorables.<\/p>\n<h3 style=\"text-align: justify;\"><strong>\u00bfC\u00f3mo se juega al bacar\u00e1?<\/strong><\/h3>\n<p style=\"text-align: justify;\">El objetivo del Baccarat es predecir qu\u00e9 mano, la del Jugador o la de la Banca, tendr\u00e1 un total m\u00e1s cercano a 9. Tambi\u00e9n puedes apostar por un Empate, lo que significa que ambas manos tienen el mismo valor.<\/p>\n<h3 style=\"text-align: justify;\"><strong>Valores de las cartas de Baccarat:<\/strong><\/h3>\n<ul style=\"text-align: justify;\">\n<li>Las cartas de los n\u00fameros 2-9 valen su valor nominal.<\/li>\n<li>El as vale 1 punto.<\/li>\n<li>Los 10s y las cartas con cara (Rey, Reina, Jota) tienen un valor de 0.<\/li>\n<\/ul>\n<h3 style=\"text-align: justify;\"><strong>Opciones de apuestas:<\/strong><\/h3>\n<p style=\"text-align: justify;\">En el Baccarat, tiene tres opciones principales para apostar:<\/p>\n<ul style=\"text-align: justify;\">\n<li>Jugador: Apuesta a que la mano del Jugador tendr\u00e1 un total m\u00e1s alto.<\/li>\n<li>Banca: Apuesta a que la mano de la Banca tendr\u00e1 un total m\u00e1s alto.<\/li>\n<li>Empate: Apuesta a que ambas manos tendr\u00e1n el mismo total.<\/li>\n<\/ul>\n<p style=\"text-align: justify;\">Rondas de juego: El juego comienza con el Jugador y la Banca recibiendo dos cartas cada uno. Si cualquiera de las dos manos tiene un total de 8 o 9, se considera &#8220;Natural&#8221; y no se roba ninguna carta adicional. Si ambas manos tienen un total inferior a 8 o 9, otras reglas determinan si se roba una tercera carta.<\/p>\n<p style=\"text-align: justify;\">Reglas b\u00e1sicas del sorteo: Existen variaciones para los distintos juegos.<\/p>\n<ul style=\"text-align: justify;\">\n<li>Si el total del Jugador es 0-5, roba una tercera carta.<\/li>\n<li>Si el Jugador se planta (6-7), la Banca sigue estas reglas:<\/li>\n<li>Si el total de la Banca es 0-2, roba una tercera carta.<\/li>\n<li>Si el total de la Banca es 3-6, la decisi\u00f3n de pedir una tercera carta depende de la tercera carta del Jugador.<\/li>\n<li>Si el total de la Banca es 7, se planta.<\/li>\n<\/ul>\n<p style=\"text-align: justify;\">Comparaci\u00f3n de manos y pagos: Una vez repartidas todas las cartas, se comparan las manos y gana la que tenga un total m\u00e1s cercano a 9. Si apuesta correctamente, recibir\u00e1 un pago basado en las probabilidades:<\/p>\n<ul style=\"text-align: justify;\">\n<li>La apuesta del jugador se paga 1:1.<\/li>\n<li>La apuesta de la banca paga 0,95:1 (menos una comisi\u00f3n del 5% sobre las ganancias).<\/li>\n<li>La apuesta de empate paga 8:1 o 9:1.<\/li>\n<\/ul>\n<h3 style=\"text-align: justify;\"><strong>Juegos de Baccarat en l\u00ednea en SlotSite.com Casino:<\/strong><\/h3>\n<p style=\"text-align: justify;\">Nuestra amplia colecci\u00f3n de juegos de Baccarat en l\u00ednea est\u00e1 desarrollada por proveedores de software de primer nivel, como los estudios Evolution Gaming, Playtech, Switch Studios, Iron Dog Studios, Red Tiger, NetEnt y Microgaming, lo que garantiza una transmisi\u00f3n r\u00e1pida a su dispositivo. Algunos juegos de Baccarat incluso ofrecen apuestas paralelas opcionales, como la Pareja o la Pareja Perfecta, que le permiten apostar a combinaciones de cartas espec\u00edficas. Veamos algunos juegos populares:<\/p>\n<h3 style=\"text-align: justify;\"><strong>Juegos cl\u00e1sicos de Baccarat:<\/strong><\/h3>\n<p style=\"text-align: justify;\">Abrace el encanto intemporal del Baccarat Cl\u00e1sico, con reglas sencillas y un enfoque en la din\u00e1mica del jugador contra la banca, este juego proporciona una experiencia de Baccarat pura y aut\u00e9ntica. Disfruta de un juego fluido y de opciones de apuestas estrat\u00e9gicas mientras te esfuerzas por conseguir la mano perfecta.<\/p>\n<h3 style=\"text-align: justify;\"><strong>Juegos de Baccarat VIP:<\/strong><\/h3>\n<p style=\"text-align: justify;\">El Baccarat VIP en l\u00ednea lleva el encanto del juego exclusivo a la comodidad de su dispositivo. Esta variante est\u00e1 dise\u00f1ada para jugadores con mucho dinero que buscan una experiencia de juego superior. El Casino SlotSite.com siempre ofrece recompensas y ventajas exclusivas como parte del Programa de Recompensas. VIP Baccarat ofrece funciones avanzadas en l\u00ednea y proporciona un nivel superior de entretenimiento y emoci\u00f3n.<\/p>\n<h3 style=\"text-align: justify;\"><strong>Baccarat con crupier en vivo:<\/strong><\/h3>\n<p style=\"text-align: justify;\">El Baccarat con crupier en vivo ofrece una experiencia de casino aut\u00e9ntica e interesante, permitiendo a los jugadores disfrutar de la emoci\u00f3n de una partida en tiempo real con un crupier profesional. Gracias a la transmisi\u00f3n de v\u00eddeo de alta calidad, los jugadores pueden interactuar con el crupier y otros participantes mientras realizan sus apuestas. Live Dealer Baccarat mantiene un RTP (Retorno al Jugador) medio del 98%, garantizando un juego justo en todo momento. Las apuestas paralelas tienen el siguiente RTP: 89% para una Pareja de Banca, 89% para una Pareja de Jugador, 91% para una Pareja Perfecta, 86% para Cualquiera de las Parejas, 97% para un Bono de Jugador o 90% para un Bono de Banca. Hay muchos estudios de crupieres en vivo de Playtech o Evolution disponibles para iniciar sesi\u00f3n. \u00a1\u00danase a la acci\u00f3n en vivo hoy mismo!<\/p>\n<h3 style=\"text-align: justify;\"><strong>Punto Banco en l\u00ednea:<\/strong><\/h3>\n<p style=\"text-align: justify;\">Punto Banco es una popular variante del Baccarat que se juega tanto en casinos tradicionales como en casinos online. Tambi\u00e9n conocido como &#8220;Baccarat norteamericano&#8221;, el Punto Banco sigue las mismas reglas b\u00e1sicas que el Baccarat tradicional, pero con algunas diferencias clave. En Punto Banco, los jugadores tienen la opci\u00f3n de apostar a la mano del jugador (Punto) o a la mano de la banca (Banco). En el Baccarat tradicional, los jugadores tambi\u00e9n pueden optar por apostar a otros resultados, como un empate o combinaciones espec\u00edficas de cartas.<\/p>\n<p style=\"text-align: justify;\">Otra distinci\u00f3n es que en Punto Banco, el papel del banquero est\u00e1 predeterminado y sigue un conjunto espec\u00edfico de reglas para robar cartas adicionales. Los jugadores no tienen control sobre las decisiones que toma la banca. En el Baccarat tradicional, los jugadores pueden turnarse para ser la banca y tener m\u00e1s control sobre el resultado del juego.<\/p>\n<p style=\"text-align: justify;\">Punto Banco sigue una serie de reglas que determinan el robo de cartas adicionales y el resultado del juego. Estas son las reglas b\u00e1sicas:<\/p>\n<ol style=\"text-align: justify;\">\n<li>El jugador y la banca reciben dos cartas cada uno. El objetivo es tener un valor de mano lo m\u00e1s cercano posible a 9.<\/li>\n<li>Si el valor total de las dos cartas iniciales del jugador o de la banca es 8 \u00f3 9, se llama &#8220;natural&#8221; y no se roban m\u00e1s cartas.<\/li>\n<li>Si el valor total de las dos cartas iniciales del jugador o de la banca es 0-5, se puede pedir una tercera carta. La decisi\u00f3n de pedir una tercera carta depende de reglas espec\u00edficas predeterminadas.<\/li>\n<li>Las reglas de la tercera carta para la mano del jugador son las siguientes:\n<ul>\n<li>Si el total del jugador es 0-5, roba una tercera carta.<\/li>\n<li>Si el jugador tiene un total de 6 \u00f3 7, se planta y no coge una tercera carta.<\/li>\n<\/ul>\n<\/li>\n<li>Las reglas de la tercera carta de la banca son m\u00e1s complejas y dependen del valor de la tercera carta del jugador (si se coge) y del valor total de las dos cartas iniciales de la banca.<\/li>\n<li>Una vez repartidas todas las cartas seg\u00fan las reglas, gana la mano con un total m\u00e1s cercano a 9. Si ambas manos tienen el mismo total, hay empate.<\/li>\n<\/ol>\n<p style=\"text-align: justify;\">Proveedor de software: Red Tiger<\/p>\n<table>\n<tbody>\n<tr>\n<td colspan=\"2\"><strong><b>Banquero<\/b><\/strong><\/td>\n<td colspan=\"2\"><strong><b>Jugador<\/b><\/strong><\/td>\n<td colspan=\"2\"><strong><b>Corbata<\/b><\/strong><\/td>\n<td colspan=\"2\"><strong><b>Pareja de jugadores<\/b><\/strong><\/td>\n<td colspan=\"2\"><strong><b>Par de banqueros<\/b><\/strong><\/td>\n<\/tr>\n<tr>\n<td>Pago:<\/td>\n<td>0.95:1<\/td>\n<td>Pago:<\/td>\n<td>1:1<\/td>\n<td>Pago:<\/td>\n<td>8:1<\/td>\n<td>Pago:<\/td>\n<td>11:1<\/td>\n<td>Pago:<\/td>\n<td>11:1<\/td>\n<\/tr>\n<tr>\n<td>RTP:<\/td>\n<td>98%<\/td>\n<td>RTP:<\/td>\n<td>98%<\/td>\n<td>RTP:<\/td>\n<td>85%<\/td>\n<td>RTP:<\/td>\n<td>88%<\/td>\n<td>RTP:<\/td>\n<td>88.79%<\/td>\n<\/tr>\n<\/tbody>\n<\/table>\n<h3 style=\"text-align: justify;\"><strong>Speed Baccarat en vivo:<\/strong><\/h3>\n<p style=\"text-align: justify;\">Para los que buscan acci\u00f3n trepidante, Speed Baccarat es la elecci\u00f3n perfecta. Speed Baccarat de Evolution Gaming est\u00e1 ambientado en unos glamurosos estudios y ofrece una variaci\u00f3n r\u00e1pida y divertida del cl\u00e1sico juego de Baccarat, dise\u00f1ada para los jugadores que disfrutan de un estilo de juego r\u00e1pido. La principal diferencia en Speed Baccarat es el ritmo acelerado del juego. El reparto de cartas y los anuncios de resultados son r\u00e1pidos. El crupier reparte r\u00e1pidamente las cartas boca arriba, lo que permite a los jugadores tomar sus decisiones de apuesta r\u00e1pidamente. Para garantizar un flujo fluido, se aplican ciertos l\u00edmites de tiempo durante cada ronda de apuestas. Los jugadores deben realizar sus apuestas dentro del tiempo asignado para que el juego siga avanzando a buen ritmo. Speed Baccarat ofrece una experiencia de streaming de alta calidad, con m\u00faltiples \u00e1ngulos de c\u00e1mara y una interfaz f\u00e1cil de usar que permite a los jugadores realizar f\u00e1cilmente sus apuestas y ver la acci\u00f3n del juego.<\/p>\n<p style=\"text-align: justify;\">Proveedor de software: Evolution Gaming<\/p>\n<p style=\"text-align: justify;\">El Retorno al Jugador (RTP) de Speed Baccarat es de aproximadamente el 98%.<\/p>\n<h3 style=\"text-align: justify;\"><strong>Baccarat en vivo sin comisiones:<\/strong><\/h3>\n<p style=\"text-align: justify;\">Sum\u00e9rgete en un giro \u00fanico del cl\u00e1sico juego de Baccarat con Live No Commission Baccarat de Playtech. A los aficionados al Baccarat les encanta esta versi\u00f3n, ya que los jugadores pueden disfrutar de la jugabilidad y las caracter\u00edsticas del Baccarat tradicional sin tener que pagar ninguna comisi\u00f3n por las ganancias de la Banca. El juego est\u00e1 ambientado en un aut\u00e9ntico y moderno estudio de casino, lo que permite a los jugadores disfrutar de la compa\u00f1\u00eda de otros jugadores junto con los crupieres.<\/p>\n<p style=\"text-align: justify;\">Proveedor de software: Playtech<\/p>\n<p style=\"text-align: justify;\">El retorno al jugador (RTP) del Baccarat sin comisiones es de aproximadamente el 98%.<\/p>\n<h3 style=\"text-align: justify;\"><strong>Tigre Drag\u00f3n:<\/strong><\/h3>\n<p style=\"text-align: justify;\">Descubra la sencillez y la emoci\u00f3n del Tigre Drag\u00f3n, un juego descrito a menudo como una versi\u00f3n simplificada del Baccarat. En Dragon Tiger, los jugadores apuestan a si la mano del Drag\u00f3n o del Tigre tendr\u00e1 una carta de mayor valor. El valor de las cartas sigue la jerarqu\u00eda tradicional: As es la m\u00e1s baja, seguida de 2, 3, 4, 5, 6, 7, 8, 9, 10, Jota, Reina y Rey. La mano con la carta de mayor valor gana la ronda, y las apuestas ganadoras se pagan en consecuencia. Si ambas manos tienen el mismo valor de carta, se produce un empate, y los jugadores que apostaron en la opci\u00f3n Empate recibir\u00e1n el pago correspondiente. Con un juego de ritmo r\u00e1pido y centrado en la clasificaci\u00f3n de las cartas, Dragon Tiger ofrece una experiencia de juego emocionante y directa. Dragon Tiger tambi\u00e9n tiene grandes apuestas secundarias como las siguientes:<\/p>\n<p style=\"text-align: justify;\">Apuesta Drag\u00f3n o Tigre: Esta apuesta lateral le permite apostar sobre si la mano del Drag\u00f3n o del Tigre tendr\u00e1 un palo espec\u00edfico. El pago por una apuesta de palo correcto es de 3:1.<\/p>\n<p style=\"text-align: justify;\">Apuesta Drag\u00f3n o Tigre: Con esta apuesta lateral, usted predice si la mano del Drag\u00f3n o del Tigre ser\u00e1 de un color espec\u00edfico (rojo o negro). El pago por una apuesta de color correcta es de 2:1.<\/p>\n<p style=\"text-align: justify;\">Apuesta grande o peque\u00f1a: Esta apuesta lateral consiste en predecir si el valor total de la mano del Drag\u00f3n o del Tigre ser\u00e1 grande (8 o m\u00e1s) o peque\u00f1o (6 o menos). El pago por una apuesta grande o peque\u00f1a correcta es de 1:1.<\/p>\n<p style=\"text-align: justify;\">Apuesta paralela par o impar: Aqu\u00ed, usted apuesta a si el valor total de la mano del Drag\u00f3n o del Tigre ser\u00e1 par o impar. El pago por una apuesta par o impar correcta es de 1:1.<\/p>\n<p style=\"text-align: justify;\">Proveedor de software: Playtech<\/p>\n<p style=\"text-align: justify;\">El Retorno al Jugador (RTP) de Dragon Tiger es de aproximadamente el 96%.<\/p>\n<p style=\"text-align: justify;\">\u00danase a nosotros en SlotSite.com Casino y disfrute de la emoci\u00f3n de los juegos de Baccarat en l\u00ednea. Tanto si es un jugador experimentado como si es nuevo en el mundo del Baccarat, nuestra variada selecci\u00f3n de variaciones ofrece algo para todos los gustos. Sum\u00e9rjase en la elegancia y la estrategia del Baccarat, y deje que las cartas revelen su fortuna. Haga sus apuestas, anticipe los resultados y experimente el encanto de este cl\u00e1sico juego de cartas. Recuerde siempre conocer y fijar sus l\u00edmites. Apueste con responsabilidad. El juego puede crear adicci\u00f3n.<\/p>\n","protected":false},"excerpt":{"rendered":"<p>Disfrute de la sofisticaci\u00f3n de los juegos de Baccarat en l\u00ednea y con crupier en vivo en SlotSite.com Casino Experimente la elegancia de uno de los juegos de cartas m\u00e1s queridos del mundo: el Baccarat. Con su rica historia y su atractivo atemporal, el Baccarat ha cautivado a los jugadores durante siglos. En SlotSite.com Casino, [&hellip;]<\/p>\n","protected":false},"author":1,"featured_media":0,"parent":0,"menu_order":0,"comment_status":"closed","ping_status":"closed","template":"templates\/category.php","meta":{"footnotes":""},"class_list":["post-252","page","type-page","status-publish","hentry"],"translation":{"provider":"WPGlobus","version":"2.12.2","language":"es","enabled_languages":["en","ca","fi","no","ja","es","pt","qc","gb","ir","nz","sa","in"],"languages":{"en":{"title":true,"content":true,"excerpt":false},"ca":{"title":true,"content":true,"excerpt":false},"fi":{"title":true,"content":true,"excerpt":false},"no":{"title":true,"content":true,"excerpt":false},"ja":{"title":true,"content":true,"excerpt":false},"es":{"title":true,"content":true,"excerpt":false},"pt":{"title":true,"content":true,"excerpt":false},"qc":{"title":true,"content":true,"excerpt":false},"gb":{"title":true,"content":true,"excerpt":false},"ir":{"title":false,"content":false,"excerpt":false},"nz":{"title":false,"content":false,"excerpt":false},"sa":{"title":false,"content":false,"excerpt":false},"in":{"title":true,"content":true,"excerpt":false}}},"acf":[],"yoast_head":"<!-- This site is optimized with the Yoast SEO plugin v20.11 - https:\/\/yoast.com\/wordpress\/plugins\/seo\/ -->\n<title>Bacar\u00e1 | Baccarat en l\u00ednea elegante y emocionante: \u00a1juega y gana desde casa!<\/title>\n<meta name=\"description\" content=\"Experimente la sofisticaci\u00f3n del baccarat en l\u00ednea desde la comodidad de su hogar. Sum\u00e9rgete en el mundo de los juegos de alto riesgo, donde la suerte se encuentra con la estrategia en este cl\u00e1sico juego de cartas. \u00danase ahora para disfrutar de la emoci\u00f3n, desaf\u00ede sus habilidades y gane potencialmente grandes premios con cada mano.\" \/>\n<meta name=\"robots\" content=\"index, follow, max-snippet:-1, max-image-preview:large, max-video-preview:-1\" \/>\n<link rel=\"canonical\" href=\"https:\/\/slotsite.mediacle.net\/online-baccarat\/\" \/>\n<meta property=\"og:locale\" content=\"es_ES\" \/>\n<meta property=\"og:type\" content=\"article\" \/>\n<meta property=\"og:title\" content=\"Bacar\u00e1 | Baccarat en l\u00ednea elegante y emocionante: \u00a1juega y gana desde casa!\" \/>\n<meta property=\"og:description\" content=\"Experimente la sofisticaci\u00f3n del baccarat en l\u00ednea desde la comodidad de su hogar. Sum\u00e9rgete en el mundo de los juegos de alto riesgo, donde la suerte se encuentra con la estrategia en este cl\u00e1sico juego de cartas. \u00danase ahora para disfrutar de la emoci\u00f3n, desaf\u00ede sus habilidades y gane potencialmente grandes premios con cada mano.\" \/>\n<meta property=\"og:url\" content=\"https:\/\/slotsite.mediacle.net\/online-baccarat\/\" \/>\n<meta property=\"og:site_name\" content=\"Slotsite\" \/>\n<meta property=\"article:modified_time\" content=\"2023-08-31T09:57:58+00:00\" \/>\n<meta name=\"twitter:card\" content=\"summary_large_image\" \/>\n<meta name=\"twitter:label1\" content=\"Est. reading time\" \/>\n\t<meta name=\"twitter:data1\" content=\"8 minutes\" \/>\n<script type=\"application\/ld+json\" class=\"yoast-schema-graph\">{\"@context\":\"https:\/\/schema.org\",\"@graph\":[{\"@type\":\"WebPage\",\"@id\":\"https:\/\/slotsite.mediacle.net\/online-baccarat\/\",\"url\":\"https:\/\/slotsite.mediacle.net\/online-baccarat\/\",\"name\":\"Baccarat | Elegant and Exciting Online Baccarat: Play and Win from Home!\",\"isPartOf\":{\"@id\":\"https:\/\/slotsite.mediacle.net\/#website\"},\"datePublished\":\"2023-07-24T08:37:12+00:00\",\"dateModified\":\"2023-08-31T09:57:58+00:00\",\"description\":\"Experience the sophistication of online baccarat from the comfort of your home. Dive into the world of high-stakes gameplay, where luck meets strategy in this classic card game.\",\"breadcrumb\":{\"@id\":\"https:\/\/slotsite.mediacle.net\/online-baccarat\/#breadcrumb\"},\"inLanguage\":\"es-ES\",\"potentialAction\":[{\"@type\":\"ReadAction\",\"target\":[\"https:\/\/slotsite.mediacle.net\/online-baccarat\/\"]}]},{\"@type\":\"BreadcrumbList\",\"@id\":\"https:\/\/slotsite.mediacle.net\/online-baccarat\/#breadcrumb\",\"itemListElement\":[{\"@type\":\"ListItem\",\"position\":1,\"name\":\"Home\",\"item\":\"https:\/\/slotsite.mediacle.net\/\"},{\"@type\":\"ListItem\",\"position\":2,\"name\":\"Online Baccarat Games\"}]},{\"@type\":\"WebSite\",\"@id\":\"https:\/\/slotsite.mediacle.net\/#website\",\"url\":\"https:\/\/slotsite.mediacle.net\/\",\"name\":\"Slotsite\",\"description\":\"\",\"potentialAction\":[{\"@type\":\"SearchAction\",\"target\":{\"@type\":\"EntryPoint\",\"urlTemplate\":\"https:\/\/slotsite.mediacle.net\/?s={search_term_string}\"},\"query-input\":\"required name=search_term_string\"}],\"inLanguage\":\"es-ES\"}]}<\/script>\n<!-- \/ Yoast SEO plugin. -->","yoast_head_json":{"title":"Bacar\u00e1 | Baccarat en l\u00ednea elegante y emocionante: \u00a1juega y gana desde casa!","description":"Experimente la sofisticaci\u00f3n del baccarat en l\u00ednea desde la comodidad de su hogar. Sum\u00e9rgete en el mundo de los juegos de alto riesgo, donde la suerte se encuentra con la estrategia en este cl\u00e1sico juego de cartas. \u00danase ahora para disfrutar de la emoci\u00f3n, desaf\u00ede sus habilidades y gane potencialmente grandes premios con cada mano.","robots":{"index":"index","follow":"follow","max-snippet":"max-snippet:-1","max-image-preview":"max-image-preview:large","max-video-preview":"max-video-preview:-1"},"canonical":"https:\/\/slotsite.mediacle.net\/online-baccarat\/","og_locale":"es_ES","og_type":"article","og_title":"Bacar\u00e1 | Baccarat en l\u00ednea elegante y emocionante: \u00a1juega y gana desde casa!","og_description":"Experimente la sofisticaci\u00f3n del baccarat en l\u00ednea desde la comodidad de su hogar. Sum\u00e9rgete en el mundo de los juegos de alto riesgo, donde la suerte se encuentra con la estrategia en este cl\u00e1sico juego de cartas. \u00danase ahora para disfrutar de la emoci\u00f3n, desaf\u00ede sus habilidades y gane potencialmente grandes premios con cada mano.","og_url":"https:\/\/slotsite.mediacle.net\/online-baccarat\/","og_site_name":"Slotsite","article_modified_time":"2023-08-31T09:57:58+00:00","twitter_card":"summary_large_image","twitter_misc":{"Est. reading time":"8 minutes"},"schema":{"@context":"https:\/\/schema.org","@graph":[{"@type":"WebPage","@id":"https:\/\/slotsite.mediacle.net\/online-baccarat\/","url":"https:\/\/slotsite.mediacle.net\/online-baccarat\/","name":"Baccarat | Elegant and Exciting Online Baccarat: Play and Win from Home!","isPartOf":{"@id":"https:\/\/slotsite.mediacle.net\/#website"},"datePublished":"2023-07-24T08:37:12+00:00","dateModified":"2023-08-31T09:57:58+00:00","description":"Experience the sophistication of online baccarat from the comfort of your home. Dive into the world of high-stakes gameplay, where luck meets strategy in this classic card game.","breadcrumb":{"@id":"https:\/\/slotsite.mediacle.net\/online-baccarat\/#breadcrumb"},"inLanguage":"es-ES","potentialAction":[{"@type":"ReadAction","target":["https:\/\/slotsite.mediacle.net\/online-baccarat\/"]}]},{"@type":"BreadcrumbList","@id":"https:\/\/slotsite.mediacle.net\/online-baccarat\/#breadcrumb","itemListElement":[{"@type":"ListItem","position":1,"name":"Home","item":"https:\/\/slotsite.mediacle.net\/"},{"@type":"ListItem","position":2,"name":"Online Baccarat Games"}]},{"@type":"WebSite","@id":"https:\/\/slotsite.mediacle.net\/#website","url":"https:\/\/slotsite.mediacle.net\/","name":"Slotsite","description":"","potentialAction":[{"@type":"SearchAction","target":{"@type":"EntryPoint","urlTemplate":"https:\/\/slotsite.mediacle.net\/?s={search_term_string}"},"query-input":"required name=search_term_string"}],"inLanguage":"es-ES"}]}},"_links":{"self":[{"href":"https:\/\/slotsite.mediacle.net\/es\/wp-json\/wp\/v2\/pages\/252","targetHints":{"allow":["GET"]}}],"collection":[{"href":"https:\/\/slotsite.mediacle.net\/es\/wp-json\/wp\/v2\/pages"}],"about":[{"href":"https:\/\/slotsite.mediacle.net\/es\/wp-json\/wp\/v2\/types\/page"}],"author":[{"embeddable":true,"href":"https:\/\/slotsite.mediacle.net\/es\/wp-json\/wp\/v2\/users\/1"}],"replies":[{"embeddable":true,"href":"https:\/\/slotsite.mediacle.net\/es\/wp-json\/wp\/v2\/comments?post=252"}],"version-history":[{"count":59,"href":"https:\/\/slotsite.mediacle.net\/es\/wp-json\/wp\/v2\/pages\/252\/revisions"}],"predecessor-version":[{"id":2358,"href":"https:\/\/slotsite.mediacle.net\/es\/wp-json\/wp\/v2\/pages\/252\/revisions\/2358"}],"wp:attachment":[{"href":"https:\/\/slotsite.mediacle.net\/es\/wp-json\/wp\/v2\/media?parent=252"}],"curies":[{"name":"wp","href":"https:\/\/api.w.org\/{rel}","templated":true}]}}