{"id":96,"date":"2023-05-26T11:51:27","date_gmt":"2023-05-26T11:51:27","guid":{"rendered":"https:\/\/slotsite.mediacle.net\/?page_id=96"},"modified":"2023-08-24T11:26:33","modified_gmt":"2023-08-24T11:26:33","slug":"slots","status":"publish","type":"page","link":"https:\/\/slotsite.mediacle.net\/es\/slots\/","title":{"rendered":"Nuevas tragaperras en l\u00ednea"},"content":{"rendered":"<h2 style=\"text-align: justify;\"><strong>\u00a1Disfrute de nuevos juegos de tragaperras en l\u00ednea cada semana en SlotSite.com Casino!<\/strong><\/h2>\n<p style=\"text-align: justify;\">Entre en un reino donde la creatividad no tiene l\u00edmites, ya que los estudios de dise\u00f1o de tragaperras dan vida a temas fascinantes en sus juegos. En SlotSite.com, mostramos m\u00e1s de 75 proveedores de juegos que ofrecen una amplia variedad de temas populares que se elaboran cuidadosamente para crear personajes cautivadores, atm\u00f3sferas incre\u00edbles y s\u00edmbolos tentadores. Cada mes probamos los nuevos juegos nosotros mismos primero, y si creemos que es algo que nuestros jugadores disfrutar\u00e1n, lo lanzamos en nuestra plataforma poco despu\u00e9s. Echa un vistazo a nuestros \u00faltimos juegos aqu\u00ed.<\/p>\n<h3 style=\"text-align: justify;\"><strong>Tragaperras tem\u00e1ticas que encienden su imaginaci\u00f3n:<\/strong><\/h3>\n<p style=\"text-align: justify;\">Cada tema te sumerge en un escenario \u00fanico, con personajes cuidadosamente dise\u00f1ados, fondos \u00fanicos, sonidos de juego y s\u00edmbolos que complementan a la perfecci\u00f3n la historia. Exploremos algunos temas populares que han cautivado a jugadores de todo el mundo:<\/p>\n<h3 style=\"text-align: justify;\"><strong>Tragaperras de frutas:<\/strong><\/h3>\n<p style=\"text-align: justify;\">\u00a1Fiestas de frutas! Disfrute del sabor de la nostalgia cl\u00e1sica con las nuevas tragaperras de tem\u00e1tica frutal que evocan el encanto de las m\u00e1quinas tragaperras tradicionales. Experimente las jugosas delicias de &#8220;Fruit Bonanza&#8221; o &#8220;Fruity Burst&#8221;.<\/p>\n<h3 style=\"text-align: justify;\"><strong>Temas de tragaperras de animales:<\/strong><\/h3>\n<p style=\"text-align: justify;\">\u00a1Reino Animal! Emb\u00e1rcate en aventuras salvajes con tragaperras protagonizadas por criaturas adorables y majestuosas. Encuentre leones, elefantes y jirafas en &#8220;Safari of Wealth&#8221; o sum\u00e9rjase en las profundidades oce\u00e1nicas con &#8220;Gods of Seas&#8221;.<\/p>\n<h3 style=\"text-align: justify;\"><strong>Tragaperras deportivas Temas:<\/strong><\/h3>\n<p style=\"text-align: justify;\">\u00a1Gloria deportiva! Siente la emoci\u00f3n de la victoria con las tragamonedas de tem\u00e1tica deportiva que capturan la emoci\u00f3n de tus juegos favoritos. Consiga grandes premios en el campo de f\u00fatbol con &#8220;Foxin Wins Football&#8221; o pesque algo grande en &#8220;Fishing Frenzy Megaways&#8221;.<\/p>\n<h3 style=\"text-align: justify;\"><strong>Tragaperras tem\u00e1ticas espec\u00edficas y festivas:<\/strong><\/h3>\n<p style=\"text-align: justify;\">\u00a1Alegr\u00eda navide\u00f1a! Celebra el esp\u00edritu festivo durante todo el a\u00f1o con las tragaperras de tem\u00e1tica navide\u00f1a. Ve a la playa y disfruta de personajes extravagantes o celebra las fiestas con &#8220;Jingle Bells Power Reels&#8221;. Disfruta del oto\u00f1o con &#8220;Tricks and Treats&#8221;.<\/p>\n<h3 style=\"text-align: justify;\"><strong>Temas de tragaperras musicales:<\/strong><\/h3>\n<p style=\"text-align: justify;\">\u00a1Melod\u00edas musicales! Deje que el ritmo gu\u00ede sus giros con tragaperras de tem\u00e1tica musical que dan vida al escenario. Disfrute del rock con &#8220;Guns and Roses&#8221; o baile al ritmo de &#8220;Disco Danny&#8221;.<\/p>\n<h3 style=\"text-align: justify;\"><strong>Tragaperras online con tem\u00e1tica de joyas y gemas:<\/strong><\/h3>\n<p style=\"text-align: justify;\">\u00a1Jewel Quest! Descubra un tesoro de gemas y joyas deslumbrantes en tragaperras que brillan de lujo. Del\u00e9itese con el brillo y el glamour de &#8220;Diamond Vortex&#8221; o busque las legendarias &#8220;Emerald Isles&#8221;. \u00a1Las tarjetas rasca y gana en l\u00ednea tambi\u00e9n ofrecen algunos temas de gemas preciosas!<\/p>\n<h3 style=\"text-align: justify;\"><strong>Tragaperras tem\u00e1ticas del Salvaje Oeste:<\/strong><\/h3>\n<p style=\"text-align: justify;\">\u00a1Aventuras en el Salvaje Oeste! Ensille y cabalgue hacia el atardecer con las tragaperras que le transportar\u00e1n a la ind\u00f3mita frontera. \u00danete a los forajidos en &#8220;Sticky Bandits&#8221; o busca fortuna en &#8220;Dead or Alive 2&#8221; \u00a1Prep\u00e1rate para vivir aventuras a punta de pistola!<\/p>\n<h3 style=\"text-align: justify;\"><strong>Tragaperras online de tem\u00e1tica pirata:<\/strong><\/h3>\n<p style=\"text-align: justify;\">\u00a1Bot\u00edn pirata! Zarpa en un barco pirata y busca tesoros ocultos en tragaperras que capturan el esp\u00edritu de los espadachines. \u00danete a la tripulaci\u00f3n de &#8220;Ghost Pirates&#8221; o atrapa al malvado capit\u00e1n en &#8220;Cursed Seas&#8221;.<\/p>\n<h3 style=\"text-align: justify;\"><strong>Juegos de Tragaperras de Terror Online:<\/strong><\/h3>\n<p style=\"text-align: justify;\">\u00a1Horrores desatados! Afronte la oscuridad y enfr\u00e9ntese a sus miedos con las tragaperras que se adentran en el reino del terror. Encuentre vampiros, hombres lobo y fantasmas o entre en una atm\u00f3sfera escalofriante con &#8220;Blood Suckers&#8221;.<\/p>\n<h3 style=\"text-align: justify;\"><strong>Juegos de tragaperras online con tem\u00e1tica de la antigua civilizaci\u00f3n:<\/strong><\/h3>\n<p style=\"text-align: justify;\">Viajes a la Antig\u00fcedad Viaja en el tiempo y descubre los misterios de las civilizaciones antiguas. Camina como un egipcio en &#8220;Pharaoh&#8217;s Fortune&#8221; o conquista el Imperio Romano en &#8220;Gladiator Legends&#8221;.<\/p>\n<h3 style=\"text-align: justify;\"><strong>Tragaperras online con tem\u00e1tica de fantas\u00eda:<\/strong><\/h3>\n<p style=\"text-align: justify;\">Reinos m\u00edticos Sum\u00e9rgete en mundos fant\u00e1sticos de mitos y leyendas. Encuentra unicornios m\u00edsticos en &#8220;Divine Fortune Megaways&#8221; o ad\u00e9ntrate en el reino de los dioses en &#8220;Apollo Pays <u>Megaways<\/u>&#8220;.<\/p>\n<h3 style=\"text-align: justify;\"><strong>Juegos de tragaperras de tem\u00e1tica submarina:<\/strong><\/h3>\n<p style=\"text-align: justify;\">Maravillas submarinas Sum\u00e9rgete en las profundidades del oc\u00e9ano y descubre un mundo rebosante de vida marina. Nada junto a peces de colores y explora arrecifes de coral en &#8220;Ocean&#8217;s Treasure&#8221; o busca la legendaria &#8220;Atlantis&#8221;.<\/p>\n<h3 style=\"text-align: justify;\"><strong>Tragaperras online con tem\u00e1tica de fantas\u00eda asi\u00e1tica:<\/strong><\/h3>\n<p style=\"text-align: justify;\">Delicias orientales Experimente el encanto de Oriente con tragaperras inspiradas en la rica cultura y tradiciones del mundo oriental. Encuentra la serenidad en la belleza de &#8220;Zen Garden&#8221; o emb\u00e1rcate en la b\u00fasqueda de la fortuna en &#8220;Koi Princess&#8221;.<\/p>\n<h3 style=\"text-align: justify;\"><strong>Tragaperras tem\u00e1ticas de aventuras:<\/strong><\/h3>\n<p style=\"text-align: justify;\">\u00a1Aventuras \u00e9picas! Emb\u00e1rcate en emocionantes aventuras con tragaperras que te transportar\u00e1n a lugares ex\u00f3ticos y escenarios \u00fanicos. \u00danete a los intr\u00e9pidos exploradores Rich y Cat Wilde en su b\u00fasqueda de tesoros ocultos en &#8220;Book of Dead Series&#8221; o vive la emoci\u00f3n de una odisea espacial en &#8220;Reactoonz&#8221; o su precuela &#8220;Energoonz&#8221;.<\/p>\n<h3 style=\"text-align: justify;\"><strong>Tragamonedas de marca:<\/strong><\/h3>\n<p style=\"text-align: justify;\">Disfrute de c\u00f3mics, pel\u00edculas, programas de televisi\u00f3n y famosos populares con nuestra impresionante gama de tragaperras de marca. M\u00e9tete en la piel de los superh\u00e9roes o une fuerzas con tus queridos personajes en &#8220;Game of Thrones &#8211; Power Stacks&#8221; con una serie de funciones que incluyen giros gratis y una bonificaci\u00f3n link &amp; win.<\/p>\n<p style=\"text-align: justify;\">\u00danase a nosotros en SlotSite.com Casino y disfrute de la emoci\u00f3n de las nuevas tragaperras en l\u00ednea. Con nuestra creciente colecci\u00f3n y nuestras constantes actualizaciones, \u00a1siempre encontrar\u00e1s algo nuevo a lo que jugar!<\/p>\n<h3 style=\"text-align: justify;\"><strong>Consejos para maximizar su juego en las tragaperras:<\/strong><\/h3>\n<p style=\"text-align: justify;\">Explore diferentes temas: Con tanta variedad de temas disponibles, no dudes en probar diferentes tragaperras para descubrir tus favoritas.<\/p>\n<p style=\"text-align: justify;\">Compruebe la tabla de pagos y el RTP: Familiar\u00edcese con el RTP y la tabla de pagos del juego para comprender el valor de cada s\u00edmbolo y los posibles pagos.<\/p>\n<p style=\"text-align: justify;\">Fija un tiempo y un presupuesto: Esto garantiza un juego responsable y divertido. Recuerda que el juego puede crear adicci\u00f3n.<\/p>\n","protected":false},"excerpt":{"rendered":"<p>\u00a1Disfrute de nuevos juegos de tragaperras en l\u00ednea cada semana en SlotSite.com Casino! Entre en un reino donde la creatividad no tiene l\u00edmites, ya que los estudios de dise\u00f1o de tragaperras dan vida a temas fascinantes en sus juegos. En SlotSite.com, mostramos m\u00e1s de 75 proveedores de juegos que ofrecen una amplia variedad de temas [&hellip;]<\/p>\n","protected":false},"author":1,"featured_media":0,"parent":0,"menu_order":0,"comment_status":"closed","ping_status":"closed","template":"templates\/category.php","meta":{"footnotes":""},"class_list":["post-96","page","type-page","status-publish","hentry"],"translation":{"provider":"WPGlobus","version":"2.12.2","language":"es","enabled_languages":["en","ca","fi","no","ja","es","pt","qc","gb","ir","nz","sa","in"],"languages":{"en":{"title":true,"content":true,"excerpt":false},"ca":{"title":true,"content":true,"excerpt":false},"fi":{"title":true,"content":false,"excerpt":false},"no":{"title":true,"content":true,"excerpt":false},"ja":{"title":true,"content":true,"excerpt":false},"es":{"title":true,"content":true,"excerpt":false},"pt":{"title":true,"content":true,"excerpt":false},"qc":{"title":true,"content":true,"excerpt":false},"gb":{"title":true,"content":false,"excerpt":false},"ir":{"title":true,"content":false,"excerpt":false},"nz":{"title":true,"content":false,"excerpt":false},"sa":{"title":true,"content":false,"excerpt":false},"in":{"title":true,"content":true,"excerpt":false}}},"acf":[],"yoast_head":"<!-- This site is optimized with the Yoast SEO plugin v20.11 - https:\/\/yoast.com\/wordpress\/plugins\/seo\/ -->\n<title>&quot;Descubra las \u00faltimas tragamonedas nuevas para un sinf\u00edn de oportunidades de entretenimiento y ganancias<\/title>\n<meta name=\"description\" content=\"Adel\u00e1ntese al juego con nuestra colecci\u00f3n de tragamonedas nuevas, que ofrece temas nuevos, caracter\u00edsticas innovadoras y grandes recompensas. \u00a1Explore lo \u00faltimo en entretenimiento de tragamonedas en l\u00ednea y comience a girar para tener la oportunidad de ganar hoy!\" \/>\n<meta name=\"robots\" content=\"index, follow, max-snippet:-1, max-image-preview:large, max-video-preview:-1\" \/>\n<link rel=\"canonical\" href=\"https:\/\/slotsite.mediacle.net\/slots\/\" \/>\n<meta property=\"og:locale\" content=\"es_ES\" \/>\n<meta property=\"og:type\" content=\"article\" \/>\n<meta property=\"og:title\" content=\"&quot;Descubra las \u00faltimas tragamonedas nuevas para un sinf\u00edn de oportunidades de entretenimiento y ganancias\" \/>\n<meta property=\"og:description\" content=\"Adel\u00e1ntese al juego con nuestra colecci\u00f3n de tragamonedas nuevas, que ofrece temas nuevos, caracter\u00edsticas innovadoras y grandes recompensas. \u00a1Explore lo \u00faltimo en entretenimiento de tragamonedas en l\u00ednea y comience a girar para tener la oportunidad de ganar hoy!\" \/>\n<meta property=\"og:url\" content=\"https:\/\/slotsite.mediacle.net\/slots\/\" \/>\n<meta property=\"og:site_name\" content=\"Slotsite\" \/>\n<meta property=\"article:modified_time\" content=\"2023-08-24T11:26:33+00:00\" \/>\n<meta name=\"twitter:card\" content=\"summary_large_image\" \/>\n<meta name=\"twitter:label1\" content=\"Est. reading time\" \/>\n\t<meta name=\"twitter:data1\" content=\"6 minutes\" \/>\n<script type=\"application\/ld+json\" class=\"yoast-schema-graph\">{\"@context\":\"https:\/\/schema.org\",\"@graph\":[{\"@type\":\"WebPage\",\"@id\":\"https:\/\/slotsite.mediacle.net\/slots\/\",\"url\":\"https:\/\/slotsite.mediacle.net\/slots\/\",\"name\":\"\\\"Descubra las \u00faltimas tragamonedas nuevas para un sinf\u00edn de oportunidades de entretenimiento y ganancias\",\"isPartOf\":{\"@id\":\"https:\/\/slotsite.mediacle.net\/#website\"},\"datePublished\":\"2023-05-26T11:51:27+00:00\",\"dateModified\":\"2023-08-24T11:26:33+00:00\",\"description\":\"Adel\u00e1ntese al juego con nuestra colecci\u00f3n de tragamonedas nuevas, que ofrece temas nuevos, caracter\u00edsticas innovadoras y grandes recompensas. \u00a1Explore lo \u00faltimo en entretenimiento de tragamonedas en l\u00ednea y comience a girar para tener la oportunidad de ganar hoy!\",\"breadcrumb\":{\"@id\":\"https:\/\/slotsite.mediacle.net\/slots\/#breadcrumb\"},\"inLanguage\":\"es-ES\",\"potentialAction\":[{\"@type\":\"ReadAction\",\"target\":[\"https:\/\/slotsite.mediacle.net\/slots\/\"]}]},{\"@type\":\"BreadcrumbList\",\"@id\":\"https:\/\/slotsite.mediacle.net\/slots\/#breadcrumb\",\"itemListElement\":[{\"@type\":\"ListItem\",\"position\":1,\"name\":\"Home\",\"item\":\"https:\/\/slotsite.mediacle.net\/\"},{\"@type\":\"ListItem\",\"position\":2,\"name\":\"Online Slot Site Games\"}]},{\"@type\":\"WebSite\",\"@id\":\"https:\/\/slotsite.mediacle.net\/#website\",\"url\":\"https:\/\/slotsite.mediacle.net\/\",\"name\":\"Slotsite\",\"description\":\"\",\"potentialAction\":[{\"@type\":\"SearchAction\",\"target\":{\"@type\":\"EntryPoint\",\"urlTemplate\":\"https:\/\/slotsite.mediacle.net\/?s={search_term_string}\"},\"query-input\":\"required name=search_term_string\"}],\"inLanguage\":\"es-ES\"}]}<\/script>\n<!-- \/ Yoast SEO plugin. -->","yoast_head_json":{"title":"\"Descubra las \u00faltimas tragamonedas nuevas para un sinf\u00edn de oportunidades de entretenimiento y ganancias","description":"Adel\u00e1ntese al juego con nuestra colecci\u00f3n de tragamonedas nuevas, que ofrece temas nuevos, caracter\u00edsticas innovadoras y grandes recompensas. \u00a1Explore lo \u00faltimo en entretenimiento de tragamonedas en l\u00ednea y comience a girar para tener la oportunidad de ganar hoy!","robots":{"index":"index","follow":"follow","max-snippet":"max-snippet:-1","max-image-preview":"max-image-preview:large","max-video-preview":"max-video-preview:-1"},"canonical":"https:\/\/slotsite.mediacle.net\/slots\/","og_locale":"es_ES","og_type":"article","og_title":"\"Descubra las \u00faltimas tragamonedas nuevas para un sinf\u00edn de oportunidades de entretenimiento y ganancias","og_description":"Adel\u00e1ntese al juego con nuestra colecci\u00f3n de tragamonedas nuevas, que ofrece temas nuevos, caracter\u00edsticas innovadoras y grandes recompensas. \u00a1Explore lo \u00faltimo en entretenimiento de tragamonedas en l\u00ednea y comience a girar para tener la oportunidad de ganar hoy!","og_url":"https:\/\/slotsite.mediacle.net\/slots\/","og_site_name":"Slotsite","article_modified_time":"2023-08-24T11:26:33+00:00","twitter_card":"summary_large_image","twitter_misc":{"Est. reading time":"6 minutes"},"schema":{"@context":"https:\/\/schema.org","@graph":[{"@type":"WebPage","@id":"https:\/\/slotsite.mediacle.net\/slots\/","url":"https:\/\/slotsite.mediacle.net\/slots\/","name":"\"Descubra las \u00faltimas tragamonedas nuevas para un sinf\u00edn de oportunidades de entretenimiento y ganancias","isPartOf":{"@id":"https:\/\/slotsite.mediacle.net\/#website"},"datePublished":"2023-05-26T11:51:27+00:00","dateModified":"2023-08-24T11:26:33+00:00","description":"Adel\u00e1ntese al juego con nuestra colecci\u00f3n de tragamonedas nuevas, que ofrece temas nuevos, caracter\u00edsticas innovadoras y grandes recompensas. \u00a1Explore lo \u00faltimo en entretenimiento de tragamonedas en l\u00ednea y comience a girar para tener la oportunidad de ganar hoy!","breadcrumb":{"@id":"https:\/\/slotsite.mediacle.net\/slots\/#breadcrumb"},"inLanguage":"es-ES","potentialAction":[{"@type":"ReadAction","target":["https:\/\/slotsite.mediacle.net\/slots\/"]}]},{"@type":"BreadcrumbList","@id":"https:\/\/slotsite.mediacle.net\/slots\/#breadcrumb","itemListElement":[{"@type":"ListItem","position":1,"name":"Home","item":"https:\/\/slotsite.mediacle.net\/"},{"@type":"ListItem","position":2,"name":"Online Slot Site Games"}]},{"@type":"WebSite","@id":"https:\/\/slotsite.mediacle.net\/#website","url":"https:\/\/slotsite.mediacle.net\/","name":"Slotsite","description":"","potentialAction":[{"@type":"SearchAction","target":{"@type":"EntryPoint","urlTemplate":"https:\/\/slotsite.mediacle.net\/?s={search_term_string}"},"query-input":"required name=search_term_string"}],"inLanguage":"es-ES"}]}},"_links":{"self":[{"href":"https:\/\/slotsite.mediacle.net\/es\/wp-json\/wp\/v2\/pages\/96","targetHints":{"allow":["GET"]}}],"collection":[{"href":"https:\/\/slotsite.mediacle.net\/es\/wp-json\/wp\/v2\/pages"}],"about":[{"href":"https:\/\/slotsite.mediacle.net\/es\/wp-json\/wp\/v2\/types\/page"}],"author":[{"embeddable":true,"href":"https:\/\/slotsite.mediacle.net\/es\/wp-json\/wp\/v2\/users\/1"}],"replies":[{"embeddable":true,"href":"https:\/\/slotsite.mediacle.net\/es\/wp-json\/wp\/v2\/comments?post=96"}],"version-history":[{"count":46,"href":"https:\/\/slotsite.mediacle.net\/es\/wp-json\/wp\/v2\/pages\/96\/revisions"}],"predecessor-version":[{"id":2186,"href":"https:\/\/slotsite.mediacle.net\/es\/wp-json\/wp\/v2\/pages\/96\/revisions\/2186"}],"wp:attachment":[{"href":"https:\/\/slotsite.mediacle.net\/es\/wp-json\/wp\/v2\/media?parent=96"}],"curies":[{"name":"wp","href":"https:\/\/api.w.org\/{rel}","templated":true}]}}