{"id":138,"date":"2023-06-19T05:57:52","date_gmt":"2023-06-19T05:57:52","guid":{"rendered":"https:\/\/slotsite.mediacle.net\/?page_id=138"},"modified":"2023-08-30T14:02:50","modified_gmt":"2023-08-30T14:02:50","slug":"promotions","status":"publish","type":"page","link":"https:\/\/slotsite.mediacle.net\/fi\/promootiot\/","title":{"rendered":"promootiot"},"content":{"rendered":"<h2 style=\"text-align: justify;\"><strong>Kampanjat:<\/strong><\/h2>\n<p style=\"text-align: justify;\">Kasinomme on t\u00e4ynn\u00e4 j\u00e4nnitt\u00e4vi\u00e4 kampanjoita, jotka on r\u00e4\u00e4t\u00e4l\u00f6ity jokaisen pelaajan mieltymysten mukaan. Uusille pelaajille suunnatuista tervetuliaispaketeista uskollisille j\u00e4senillemme suunnattuihin jatkuviin kampanjoihin, SlotSite.comissa tapahtuu aina jotain erityist\u00e4. P\u00e4ivit\u00e4mme jatkuvasti <a href=\"https:\/\/slotsite.mediacle.net\/fi\/promootiot\/\"><u>kampanjoitamme <\/u><\/a>tuodaksemme sinulle tuoreimmat tarjoukset, varmistaaksemme, ett\u00e4 pelimatkasi on t\u00e4ynn\u00e4 palkintoja!<\/p>\n<h3 style=\"text-align: justify;\"><strong>Nettikasinobonukset:<\/strong><\/h3>\n<p style=\"text-align: justify;\">Olemme ylpeit\u00e4 anteliaista nettikasinobonuksistamme, jotka antavat pelikassallesi vauhtia! Olipa kyseess\u00e4 sitten talletuksen ottelubonus, k\u00e4teispalautustarjoukset tappioistasi tai uudelleenlatausbonukset, meilt\u00e4 saat kaiken irti. Bonuksissamme on reilut ehdot, jotka takaavat, ett\u00e4 voit hy\u00f6dynt\u00e4\u00e4 bonusvarojasi parhaalla mahdollisella tavalla ja maksimoida mahdollisuutesi.<\/p>\n<h3 style=\"text-align: justify;\"><strong>Miten lunastaa:<\/strong><\/h3>\n<p style=\"text-align: justify;\">Kampanjoiden, ilmaiskierrosten ja nettikasinobonusten lunastaminen SlotSite.com Casinolla on helppoa. Seuraa vain kunkin kampanjan yhteydess\u00e4 annettuja ohjeita, ja p\u00e4\u00e4set nauttimaan lis\u00e4eduista hetkess\u00e4. Olipa kyse bonuskoodin sy\u00f6tt\u00e4misest\u00e4 talletuksen aikana tai tietyn kampanjan valitsemisesta, \u00e4l\u00e4 unohda tilata tarjouksiamme klikkaamalla YES tilisi osion alareunassa j\u00e4senalueella.<\/p>\n<p style=\"text-align: justify;\">H\u00e4mm\u00e4stytt\u00e4v\u00e4n pelivalikoimamme, turvallisten tapahtumien ja nopeiden kotiutusten sek\u00e4 24\/7 asiakastukemme ansiosta voit keskitty\u00e4 siihen, mik\u00e4 on t\u00e4rkeint\u00e4 &#8211; nauttimaan suosikkikasinopeleist\u00e4si ja kasvattamaan hauskuutta!<\/p>\n<p style=\"text-align: justify;\">Muista aina tuntea ja asettaa omat rajasi. Pelaa vastuullisesti. Pelaaminen voi aiheuttaa riippuvuutta. Sovelletaan <u><a href=\"https:\/\/casino.slotsite.com\/terms-conditions-info\">s\u00e4\u00e4nt\u00f6j\u00e4 ja ehtoja<\/a>.<\/u><\/p>\n","protected":false},"excerpt":{"rendered":"<p>Kampanjat: Kasinomme on t\u00e4ynn\u00e4 j\u00e4nnitt\u00e4vi\u00e4 kampanjoita, jotka on r\u00e4\u00e4t\u00e4l\u00f6ity jokaisen pelaajan mieltymysten mukaan. Uusille pelaajille suunnatuista tervetuliaispaketeista uskollisille j\u00e4senillemme suunnattuihin jatkuviin kampanjoihin, SlotSite.comissa tapahtuu aina jotain erityist\u00e4. P\u00e4ivit\u00e4mme jatkuvasti kampanjoitamme tuodaksemme sinulle tuoreimmat tarjoukset, varmistaaksemme, ett\u00e4 pelimatkasi on t\u00e4ynn\u00e4 palkintoja! Nettikasinobonukset: Olemme ylpeit\u00e4 anteliaista nettikasinobonuksistamme, jotka antavat pelikassallesi vauhtia! Olipa kyseess\u00e4 sitten talletuksen ottelubonus, k\u00e4teispalautustarjoukset [&hellip;]<\/p>\n","protected":false},"author":1,"featured_media":0,"parent":0,"menu_order":0,"comment_status":"closed","ping_status":"closed","template":"templates\/promotion-template.php","meta":{"footnotes":""},"class_list":["post-138","page","type-page","status-publish","hentry"],"translation":{"provider":"WPGlobus","version":"2.12.2","language":"fi","enabled_languages":["en","ca","fi","no","ja","es","pt","qc","gb","ir","nz","sa","in"],"languages":{"en":{"title":true,"content":true,"excerpt":false},"ca":{"title":true,"content":true,"excerpt":false},"fi":{"title":true,"content":true,"excerpt":false},"no":{"title":true,"content":true,"excerpt":false},"ja":{"title":true,"content":true,"excerpt":false},"es":{"title":true,"content":true,"excerpt":false},"pt":{"title":true,"content":true,"excerpt":false},"qc":{"title":true,"content":true,"excerpt":false},"gb":{"title":true,"content":true,"excerpt":false},"ir":{"title":false,"content":false,"excerpt":false},"nz":{"title":false,"content":false,"excerpt":false},"sa":{"title":false,"content":false,"excerpt":false},"in":{"title":true,"content":true,"excerpt":false}}},"acf":[],"yoast_head":"<!-- This site is optimized with the Yoast SEO plugin v20.11 - https:\/\/yoast.com\/wordpress\/plugins\/seo\/ -->\n<title>J\u00e4tt\u00e4m\u00e4tt\u00f6m\u00e4t kasinokampanjat: Tehosta pelaamistasi eksklusiivisilla tarjouksilla!<\/title>\n<meta name=\"description\" content=\"Tutustu houkuttelevaan valikoimaamme eksklusiivisia kasinotarjouksia. Ansaitse pelikokemustasi ly\u00f6m\u00e4tt\u00f6mill\u00e4 tarjouksilla runsaista tervetuliaisbonuksista j\u00e4nnitt\u00e4viin viikoittaisiin tarjouksiin. Liity nyt maksimoidaksesi voittopotentiaalisi ja nauttiaksesi \u00e4\u00e4rimm\u00e4isest\u00e4 online-kasinomatkasta poikkeuksellisten kampanjoidemme avulla.\" \/>\n<meta name=\"robots\" content=\"index, follow, max-snippet:-1, max-image-preview:large, max-video-preview:-1\" \/>\n<link rel=\"canonical\" href=\"https:\/\/slotsite.mediacle.net\/promotions\/\" \/>\n<meta property=\"og:locale\" content=\"fi_FI\" \/>\n<meta property=\"og:type\" content=\"article\" \/>\n<meta property=\"og:title\" content=\"J\u00e4tt\u00e4m\u00e4tt\u00f6m\u00e4t kasinokampanjat: Tehosta pelaamistasi eksklusiivisilla tarjouksilla!\" \/>\n<meta property=\"og:description\" content=\"Tutustu houkuttelevaan valikoimaamme eksklusiivisia kasinotarjouksia. Ansaitse pelikokemustasi ly\u00f6m\u00e4tt\u00f6mill\u00e4 tarjouksilla runsaista tervetuliaisbonuksista j\u00e4nnitt\u00e4viin viikoittaisiin tarjouksiin. Liity nyt maksimoidaksesi voittopotentiaalisi ja nauttiaksesi \u00e4\u00e4rimm\u00e4isest\u00e4 online-kasinomatkasta poikkeuksellisten kampanjoidemme avulla.\" \/>\n<meta property=\"og:url\" content=\"https:\/\/slotsite.mediacle.net\/promotions\/\" \/>\n<meta property=\"og:site_name\" content=\"Slotsite\" \/>\n<meta property=\"article:modified_time\" content=\"2023-08-30T14:02:50+00:00\" \/>\n<meta name=\"twitter:card\" content=\"summary_large_image\" \/>\n<meta name=\"twitter:label1\" content=\"Est. reading time\" \/>\n\t<meta name=\"twitter:data1\" content=\"2 minutes\" \/>\n<script type=\"application\/ld+json\" class=\"yoast-schema-graph\">{\"@context\":\"https:\/\/schema.org\",\"@graph\":[{\"@type\":\"WebPage\",\"@id\":\"https:\/\/slotsite.mediacle.net\/promotions\/\",\"url\":\"https:\/\/slotsite.mediacle.net\/promotions\/\",\"name\":\"Unmissable Casino Promotions: Boost Your Play with Exclusive Offers!\",\"isPartOf\":{\"@id\":\"https:\/\/slotsite.mediacle.net\/#website\"},\"datePublished\":\"2023-06-19T05:57:52+00:00\",\"dateModified\":\"2023-08-30T14:02:50+00:00\",\"description\":\"Explore our enticing range of exclusive casino promotions. From generous welcome bonuses to exciting weekly offers, supercharge your gaming experience with unbeatable deals. Join now to maximize your winning potential and enjoy the ultimate online casino journey with our exceptional promotions.\",\"breadcrumb\":{\"@id\":\"https:\/\/slotsite.mediacle.net\/promotions\/#breadcrumb\"},\"inLanguage\":\"fi\",\"potentialAction\":[{\"@type\":\"ReadAction\",\"target\":[\"https:\/\/slotsite.mediacle.net\/promotions\/\"]}]},{\"@type\":\"BreadcrumbList\",\"@id\":\"https:\/\/slotsite.mediacle.net\/promotions\/#breadcrumb\",\"itemListElement\":[{\"@type\":\"ListItem\",\"position\":1,\"name\":\"Home\",\"item\":\"https:\/\/slotsite.mediacle.net\/\"},{\"@type\":\"ListItem\",\"position\":2,\"name\":\"Promotions\u00a0\"}]},{\"@type\":\"WebSite\",\"@id\":\"https:\/\/slotsite.mediacle.net\/#website\",\"url\":\"https:\/\/slotsite.mediacle.net\/\",\"name\":\"Slotsite\",\"description\":\"\",\"potentialAction\":[{\"@type\":\"SearchAction\",\"target\":{\"@type\":\"EntryPoint\",\"urlTemplate\":\"https:\/\/slotsite.mediacle.net\/?s={search_term_string}\"},\"query-input\":\"required name=search_term_string\"}],\"inLanguage\":\"fi\"}]}<\/script>\n<!-- \/ Yoast SEO plugin. -->","yoast_head_json":{"title":"J\u00e4tt\u00e4m\u00e4tt\u00f6m\u00e4t kasinokampanjat: Tehosta pelaamistasi eksklusiivisilla tarjouksilla!","description":"Tutustu houkuttelevaan valikoimaamme eksklusiivisia kasinotarjouksia. Ansaitse pelikokemustasi ly\u00f6m\u00e4tt\u00f6mill\u00e4 tarjouksilla runsaista tervetuliaisbonuksista j\u00e4nnitt\u00e4viin viikoittaisiin tarjouksiin. Liity nyt maksimoidaksesi voittopotentiaalisi ja nauttiaksesi \u00e4\u00e4rimm\u00e4isest\u00e4 online-kasinomatkasta poikkeuksellisten kampanjoidemme avulla.","robots":{"index":"index","follow":"follow","max-snippet":"max-snippet:-1","max-image-preview":"max-image-preview:large","max-video-preview":"max-video-preview:-1"},"canonical":"https:\/\/slotsite.mediacle.net\/promotions\/","og_locale":"fi_FI","og_type":"article","og_title":"J\u00e4tt\u00e4m\u00e4tt\u00f6m\u00e4t kasinokampanjat: Tehosta pelaamistasi eksklusiivisilla tarjouksilla!","og_description":"Tutustu houkuttelevaan valikoimaamme eksklusiivisia kasinotarjouksia. Ansaitse pelikokemustasi ly\u00f6m\u00e4tt\u00f6mill\u00e4 tarjouksilla runsaista tervetuliaisbonuksista j\u00e4nnitt\u00e4viin viikoittaisiin tarjouksiin. Liity nyt maksimoidaksesi voittopotentiaalisi ja nauttiaksesi \u00e4\u00e4rimm\u00e4isest\u00e4 online-kasinomatkasta poikkeuksellisten kampanjoidemme avulla.","og_url":"https:\/\/slotsite.mediacle.net\/promotions\/","og_site_name":"Slotsite","article_modified_time":"2023-08-30T14:02:50+00:00","twitter_card":"summary_large_image","twitter_misc":{"Est. reading time":"2 minutes"},"schema":{"@context":"https:\/\/schema.org","@graph":[{"@type":"WebPage","@id":"https:\/\/slotsite.mediacle.net\/promotions\/","url":"https:\/\/slotsite.mediacle.net\/promotions\/","name":"Unmissable Casino Promotions: Boost Your Play with Exclusive Offers!","isPartOf":{"@id":"https:\/\/slotsite.mediacle.net\/#website"},"datePublished":"2023-06-19T05:57:52+00:00","dateModified":"2023-08-30T14:02:50+00:00","description":"Explore our enticing range of exclusive casino promotions. From generous welcome bonuses to exciting weekly offers, supercharge your gaming experience with unbeatable deals. Join now to maximize your winning potential and enjoy the ultimate online casino journey with our exceptional promotions.","breadcrumb":{"@id":"https:\/\/slotsite.mediacle.net\/promotions\/#breadcrumb"},"inLanguage":"fi","potentialAction":[{"@type":"ReadAction","target":["https:\/\/slotsite.mediacle.net\/promotions\/"]}]},{"@type":"BreadcrumbList","@id":"https:\/\/slotsite.mediacle.net\/promotions\/#breadcrumb","itemListElement":[{"@type":"ListItem","position":1,"name":"Home","item":"https:\/\/slotsite.mediacle.net\/"},{"@type":"ListItem","position":2,"name":"Promotions\u00a0"}]},{"@type":"WebSite","@id":"https:\/\/slotsite.mediacle.net\/#website","url":"https:\/\/slotsite.mediacle.net\/","name":"Slotsite","description":"","potentialAction":[{"@type":"SearchAction","target":{"@type":"EntryPoint","urlTemplate":"https:\/\/slotsite.mediacle.net\/?s={search_term_string}"},"query-input":"required name=search_term_string"}],"inLanguage":"fi"}]}},"_links":{"self":[{"href":"https:\/\/slotsite.mediacle.net\/fi\/wp-json\/wp\/v2\/pages\/138","targetHints":{"allow":["GET"]}}],"collection":[{"href":"https:\/\/slotsite.mediacle.net\/fi\/wp-json\/wp\/v2\/pages"}],"about":[{"href":"https:\/\/slotsite.mediacle.net\/fi\/wp-json\/wp\/v2\/types\/page"}],"author":[{"embeddable":true,"href":"https:\/\/slotsite.mediacle.net\/fi\/wp-json\/wp\/v2\/users\/1"}],"replies":[{"embeddable":true,"href":"https:\/\/slotsite.mediacle.net\/fi\/wp-json\/wp\/v2\/comments?post=138"}],"version-history":[{"count":109,"href":"https:\/\/slotsite.mediacle.net\/fi\/wp-json\/wp\/v2\/pages\/138\/revisions"}],"predecessor-version":[{"id":2269,"href":"https:\/\/slotsite.mediacle.net\/fi\/wp-json\/wp\/v2\/pages\/138\/revisions\/2269"}],"wp:attachment":[{"href":"https:\/\/slotsite.mediacle.net\/fi\/wp-json\/wp\/v2\/media?parent=138"}],"curies":[{"name":"wp","href":"https:\/\/api.w.org\/{rel}","templated":true}]}}