{"id":173,"date":"2023-07-10T06:20:04","date_gmt":"2023-07-10T06:20:04","guid":{"rendered":"https:\/\/slotsite.mediacle.net\/?page_id=173"},"modified":"2023-08-31T08:45:10","modified_gmt":"2023-08-31T08:45:10","slug":"jackpots","status":"publish","type":"page","link":"https:\/\/slotsite.mediacle.net\/fi\/j%C3%A4ttipotteja\/","title":{"rendered":"Progressiiviset jackpot-kolikkopelit"},"content":{"rendered":"<h2 style=\"text-align: justify;\"><strong>Nauti Jackpot-kolikkopeleist\u00e4 ja liity seikkailuun SlotSite.com Casinolla!<\/strong><\/h2>\n<p style=\"text-align: justify;\">Oletko valmis l\u00e4htem\u00e4\u00e4n unohtumattomaan jackpot-seikkailuun? Rekister\u00f6idy SlotSite.com Casinolle t\u00e4n\u00e4\u00e4n ja tutustu vaikuttavaan valikoimaan jackpot-kolikkopelej\u00e4. Kiinte\u00e4t jackpotit ja progressiiviset jackpotit odottavat voittoaan, joten jokainen py\u00f6r\u00e4ytys tuo mukanaan j\u00e4nnityst\u00e4, valtavia palkintoja ja mahdollisuuden tulla seuraavaksi jackpot-voittajaksi. Vie nettikasinokokemuksesi uusiin korkeuksiin ja liity mukaan j\u00e4nnitt\u00e4v\u00e4\u00e4n uskomattomien j\u00e4ttipottien jahtaamiseen. Onnea matkaan!<\/p>\n<p style=\"text-align: justify;\">Jos etsit \u00e4\u00e4rimm\u00e4ist\u00e4 mahdollisuutta voittaa suuria summia, jackpot-kolikkopelimme ovat t\u00e4ydellinen valinta. SlotSite.com-kasinolla tarjoamme laajan valikoiman jackpot-kolikkopelej\u00e4, jotka pit\u00e4v\u00e4t sinut j\u00e4nnityksess\u00e4 joka kierroksella. Sukelletaanpa kiinte\u00e4n jackpotin kolikkopelien ja progressiivisten jackpot-kolikkopelien maailmaan, jossa onni odottaa.<\/p>\n<h3 style=\"text-align: justify;\"><strong>Mit\u00e4 ovat jackpot-kolikkopelit?<\/strong><\/h3>\n<p style=\"text-align: justify;\">Jackpot-kolikkopelit ovat erityinen online-kolikkopelien luokka, jossa on p\u00e4\u00e4palkinto, jota kutsutaan jackpotiksi. N\u00e4it\u00e4 pelej\u00e4 on kahta p\u00e4\u00e4tyyppi\u00e4: kiinte\u00e4n jackpotin kolikkopelit ja progressiivisen jackpotin kolikkopelit.<\/p>\n<h3 style=\"text-align: justify;\"><strong>Kiinte\u00e4t jackpot-kolikkopelit:<\/strong><\/h3>\n<p style=\"text-align: justify;\">Kiinte\u00e4n j\u00e4ttipotin kolikkopeleiss\u00e4 j\u00e4ttipotin m\u00e4\u00e4r\u00e4 pysyy vakiona eik\u00e4 muutu. Se tarjoaa ennalta m\u00e4\u00e4ritellyn palkinnon tietyn voittoyhdistelm\u00e4n saamisesta. Vaikka j\u00e4ttipotti voi olla pienempi verrattuna progressiivisiin j\u00e4ttipotteihin, kiinte\u00e4t j\u00e4ttipotit tarjoavat useammin ja kohtuullisemmin voittoja. Ne ovat suosittu valinta pelaajille, jotka etsiv\u00e4t tiettyj\u00e4 kiinteit\u00e4 voittoja ja nauttivat merkitt\u00e4vien voittojen saavuttamisen j\u00e4nnityksest\u00e4. Kiinte\u00e4n j\u00e4ttipotin kolikkopeleiss\u00e4 on usein erilaisia bonusominaisuuksia, kuten ilmaiskierroksia, kertoimia ja bonuskierroksia, jotka parantavat yleist\u00e4 pelikokemusta ja tarjoavat lis\u00e4\u00e4 voittomahdollisuuksia.<\/p>\n<h3 style=\"text-align: justify;\"><strong>Progressiiviset jackpot-kolikkopelit:<\/strong><\/h3>\n<p style=\"text-align: justify;\">Progressiiviset jackpot-kolikkopelit taas tarjoavat mahdollisuuden valtaviin, el\u00e4m\u00e4\u00e4 muuttaviin voittoihin. N\u00e4m\u00e4 jackpotit eiv\u00e4t ole kiinteit\u00e4, vaan ne kasvavat asteittain, kun pelaajat panostavat peliin useilla nettikasinoilla. Osa jokaisesta panoksesta osallistuu jackpot-rahastoon, jolloin se voi nousta huikeisiin summiin. Massiivisen, jatkuvasti kasvavan j\u00e4ttipotin houkutus luo pelaajille riemastuttavan kokemuksen. Pid\u00e4 mieless\u00e4, ett\u00e4 progressiivisen jackpotin saavuttaminen on harvinaista, mutta jokaisella kierroksella on mahdollisuus olla onnekas voittaja. Progressiivisen j\u00e4ttipotin kolikkopeleiss\u00e4 on usein j\u00e4nnitt\u00e4vi\u00e4 bonuskierroksia tai laukaisimia, jotka voivat aktivoida j\u00e4ttipottiominaisuuden ja tarjota pelaajille mahdollisuuden uskomattomaan palkintoon.<\/p>\n<h3 style=\"text-align: justify;\"><strong>Kuinka pelata Jackpot-kolikkopelej\u00e4:<\/strong><\/h3>\n<p style=\"text-align: justify;\">Jackpot-kolikkopelien pelaaminen on j\u00e4nnitt\u00e4v\u00e4 ja suoraviivainen kokemus, joka tarjoaa mahdollisuuden voittaa uskomattomia palkintoja. T\u00e4ss\u00e4 on vaiheittainen opas pelaamiseen:<\/p>\n<p style=\"text-align: justify;\">Valitse jackpot-kolikkopelisi: Selaa laajaa jackpot-kolikkopelien kokoelmaamme ja valitse se, joka miellytt\u00e4\u00e4 sinua eniten. Ota huomioon teema, pelattavuusominaisuudet ja jackpot-tyyppi l\u00f6yt\u00e4\u00e4ksesi mieltymyksiisi sopivan pelin. Piditp\u00e4 sitten klassisista teemoista, seikkailunt\u00e4yteisist\u00e4 teht\u00e4vist\u00e4 tai mielenkiintoisista asetelmista, meill\u00e4 on laaja valikoima vaihtoehtoja ja ohjelmistotoimittajia, jotka vastaavat jokaisen pelaajan makuun.<\/p>\n<p style=\"text-align: justify;\">Aseta panoksesi: Aseta haluamasi panos ennen rullien py\u00f6ritt\u00e4mist\u00e4. S\u00e4\u00e4d\u00e4 kolikon arvoa ja voittolinjojen lukum\u00e4\u00e4r\u00e4\u00e4, jos mahdollista, m\u00e4\u00e4ritt\u00e4\u00e4ksesi kokonaispanoksen py\u00f6r\u00e4ytyst\u00e4 kohti. Muista, ett\u00e4 jotkin jackpot-kolikkopelit saattavat vaatia enimm\u00e4ispanoksen, jotta voit saada jackpot-palkinnon. Tutustu aina pelin s\u00e4\u00e4nt\u00f6ihin ja voittotaulukkoon, jotta ymm\u00e4rr\u00e4t erityiset panostusvaatimukset. Pelaa aina vastuullisesti ja tunne rajasi.<\/p>\n<p style=\"text-align: justify;\">Tutustu peliin: Ota hetki aikaa tutustuaksesi pelin mekaniikkaan, voittotaulukkoon ja erikoisominaisuuksiin. Jokaisella jackpot-kolikkopelill\u00e4 on omat ainutlaatuiset symbolinsa, bonuskierroksensa ja voittoyhdistelm\u00e4ns\u00e4. S\u00e4\u00e4nt\u00f6jen ja mahdollisten palkintojen ymm\u00e4rt\u00e4minen parantaa yleist\u00e4 pelikokemustasi ja lis\u00e4\u00e4 voittomahdollisuuksiasi.<\/p>\n<p style=\"text-align: justify;\">Py\u00f6rit\u00e4 rullia: Kun olet valmis, paina py\u00f6r\u00e4ytyspainiketta ja katso, miten rullat her\u00e4\u00e4v\u00e4t eloon. Istu alas, rentoudu ja anna pelin kehitty\u00e4. Jokaisen py\u00f6r\u00e4ytyksen lopputulos m\u00e4\u00e4r\u00e4ytyy satunnaislukugeneraattorin avulla, mik\u00e4 takaa oikeudenmukaiset ja puolueettomat tulokset. Nauti visuaalisesta ilmeest\u00e4 ja \u00e4\u00e4nitehosteista, kun jahtaat vaikeasti tavoiteltavia jackpot-voittoja.<\/p>\n<p style=\"text-align: justify;\">Laukaise bonusominaisuudet: Monet jackpot-kolikkopelit tarjoavat j\u00e4nnitt\u00e4vi\u00e4 bonusominaisuuksia, jotka voivat lis\u00e4t\u00e4 voittojasi merkitt\u00e4v\u00e4sti. Etsi erikoissymboleja, jotka voivat k\u00e4ynnist\u00e4\u00e4 ilmaiskierroksia, kertoimia tai bonuskierroksia. N\u00e4m\u00e4 toiminnot tarjoavat lis\u00e4mahdollisuuksia maksimoida voitot ja tuoda sinut l\u00e4hemm\u00e4ksi himoittua j\u00e4ttipottia.<\/p>\n<p style=\"text-align: justify;\">Kiinte\u00e4t jackpot-voitot: Kiinte\u00e4n jackpotin kolikkopeleiss\u00e4 saat ennalta m\u00e4\u00e4r\u00e4tyn palkintosumman, kun saat tietyn jackpotin edellytt\u00e4m\u00e4n yhdistelm\u00e4n. Kiinteiss\u00e4 j\u00e4ttipoteissa on usein eri tasoja, ja haastavammista yhdistelmist\u00e4 maksetaan korkeampia voittoja. Jatka py\u00f6ritt\u00e4mist\u00e4 ja tavoittele huippuvoittoja!<\/p>\n<p style=\"text-align: justify;\">Progressiivinen Jackpot Chase: Jackpot kasvaa sit\u00e4 mukaa, kun pelaajat panostavat peliin. Vaikka mahdollisuudet j\u00e4ttipotin tavoittamiseen ovat harvinaiset, on t\u00e4rke\u00e4\u00e4 muistaa, ett\u00e4 jokainen kierros antaa sinulle mahdollisuuden olla onnekas voittaja. Pid\u00e4 pelatessasi silm\u00e4ll\u00e4 jackpot-mittaria, joka n\u00e4ytt\u00e4\u00e4 senhetkisen voittosumman. J\u00e4nnitys kasvaa jokaisen panoksen my\u00f6t\u00e4, sill\u00e4 toivot, ett\u00e4 aktivoit j\u00e4ttipottiominaisuuden ja lunastat el\u00e4m\u00e4\u00e4 muuttavan palkinnon. Se on viihdytt\u00e4v\u00e4 peli, joka on t\u00e4ynn\u00e4 odotusta ja j\u00e4nnityst\u00e4.<\/p>\n<h3 style=\"text-align: justify;\"><strong>Miksi valita Jackpot-kolikkopelit SlotSite.com-kasinolla?<\/strong><\/h3>\n<p style=\"text-align: justify;\">Lajike: Jackpot-kolikkopeleiss\u00e4mme on erilaisia teemoja, joten jokaiselle pelaajalle l\u00f6ytyy jotakin. Valinnanvaraa riitt\u00e4\u00e4 suosituista hahmoista muinaisiin sivilisaatioihin ja myyttisiin olentoihin, seikkailunomaisista teht\u00e4vist\u00e4 Hollywood-henkisiin peleihin.<\/p>\n<p style=\"text-align: justify;\">El\u00e4m\u00e4\u00e4 muuttavat voitot: Jackpot-kolikkopelit: Sek\u00e4 kiinte\u00e4n jackpotin ett\u00e4 progressiivisen jackpotin kolikkopeleiss\u00e4 sinulla on mahdollisuus voittaa huomattavia summia rahaa. Yksi py\u00f6r\u00e4ytys voi muuttaa unelmasi todellisuudeksi.<\/p>\n<p style=\"text-align: justify;\">Hauska pelattavuus: Jackpot-kolikkopelit on suunniteltu hauskoiksi erilaisilla mukaansatempaavilla peliominaisuuksilla. Koe Las Vegas -tyyliset massiiviset j\u00e4ttipotit mukavasti omassa kodissasi.<\/p>\n<p style=\"text-align: justify;\">Mobiilipelit: Mobiiliyst\u00e4v\u00e4llisen pelialustamme avulla voit nauttia jackpot-kolikkopelien j\u00e4nnityksest\u00e4 matkalla. Pelasitpa sitten \u00e4lypuhelimella tai tabletilla, pelimme on optimoitu loistavaan k\u00e4ytt\u00f6kokemukseen kaikilla laitteilla.<\/p>\n<h3 style=\"text-align: justify;\"><strong>Liity Jackpot-seikkailuun SlotSite.com-kasinolla:<\/strong><\/h3>\n<p style=\"text-align: justify;\">Oletko valmis jahtaamaan j\u00e4ttipotin j\u00e4nnityst\u00e4 ja tavoittelemaan suuria voittoja? Rekister\u00f6idy SlotSite.com-kasinolle jo t\u00e4n\u00e4\u00e4n ja tutustu uskomattomaan valikoimaan jackpot-kolikkopelej\u00e4. Valitse kiinte\u00e4n jackpotin kolikkopelit tai progressiivisen jackpotin kolikkopelit ja nauti mahdollisuudesta massiivisiin voittoihin! Muista aina tuntea ja asettaa rajasi. Pelaa vastuullisesti. Uhkapelaaminen voi aiheuttaa riippuvuutta.<\/p>\n","protected":false},"excerpt":{"rendered":"<p>Nauti Jackpot-kolikkopeleist\u00e4 ja liity seikkailuun SlotSite.com Casinolla! Oletko valmis l\u00e4htem\u00e4\u00e4n unohtumattomaan jackpot-seikkailuun? Rekister\u00f6idy SlotSite.com Casinolle t\u00e4n\u00e4\u00e4n ja tutustu vaikuttavaan valikoimaan jackpot-kolikkopelej\u00e4. Kiinte\u00e4t jackpotit ja progressiiviset jackpotit odottavat voittoaan, joten jokainen py\u00f6r\u00e4ytys tuo mukanaan j\u00e4nnityst\u00e4, valtavia palkintoja ja mahdollisuuden tulla seuraavaksi jackpot-voittajaksi. Vie nettikasinokokemuksesi uusiin korkeuksiin ja liity mukaan j\u00e4nnitt\u00e4v\u00e4\u00e4n uskomattomien j\u00e4ttipottien jahtaamiseen. Onnea matkaan! Jos [&hellip;]<\/p>\n","protected":false},"author":1,"featured_media":0,"parent":0,"menu_order":0,"comment_status":"closed","ping_status":"closed","template":"templates\/category.php","meta":{"footnotes":""},"class_list":["post-173","page","type-page","status-publish","hentry"],"translation":{"provider":"WPGlobus","version":"2.12.2","language":"fi","enabled_languages":["en","ca","fi","no","ja","es","pt","qc","gb","ir","nz","sa","in"],"languages":{"en":{"title":true,"content":true,"excerpt":false},"ca":{"title":true,"content":true,"excerpt":false},"fi":{"title":true,"content":true,"excerpt":false},"no":{"title":true,"content":true,"excerpt":false},"ja":{"title":true,"content":true,"excerpt":false},"es":{"title":true,"content":true,"excerpt":false},"pt":{"title":true,"content":true,"excerpt":false},"qc":{"title":true,"content":true,"excerpt":false},"gb":{"title":true,"content":true,"excerpt":false},"ir":{"title":false,"content":false,"excerpt":false},"nz":{"title":false,"content":false,"excerpt":false},"sa":{"title":false,"content":false,"excerpt":false},"in":{"title":true,"content":true,"excerpt":false}}},"acf":[],"yoast_head":"<!-- This site is optimized with the Yoast SEO plugin v20.11 - https:\/\/yoast.com\/wordpress\/plugins\/seo\/ -->\n<title>Mets\u00e4st\u00e4 valtavia voittoja: Pelaa progressiivisia j\u00e4ttipottipelej\u00e4 ja tavoittele suuria palkintoja!<\/title>\n<meta name=\"description\" content=\"Tutustu progressiivisten j\u00e4ttipottipelien vieh\u00e4tysvoimaan, jossa jokainen panos edist\u00e4\u00e4 valtavia palkintopotteja. Pelaa nyt saadaksesi mahdollisuuden el\u00e4m\u00e4n mullistaviin voittoihin, jotka kasvavat, kunnes ne lunastetaan. Liity j\u00e4nnitykseen ja l\u00e4hde matkalle voittaaksesi suuria j\u00e4nnitt\u00e4vi\u00e4 progressiivisia j\u00e4ttipottipelej\u00e4mme.\" \/>\n<meta name=\"robots\" content=\"index, follow, max-snippet:-1, max-image-preview:large, max-video-preview:-1\" \/>\n<link rel=\"canonical\" href=\"https:\/\/slotsite.mediacle.net\/jackpots\/\" \/>\n<meta property=\"og:locale\" content=\"fi_FI\" \/>\n<meta property=\"og:type\" content=\"article\" \/>\n<meta property=\"og:title\" content=\"Mets\u00e4st\u00e4 valtavia voittoja: Pelaa progressiivisia j\u00e4ttipottipelej\u00e4 ja tavoittele suuria palkintoja!\" \/>\n<meta property=\"og:description\" content=\"Tutustu progressiivisten j\u00e4ttipottipelien vieh\u00e4tysvoimaan, jossa jokainen panos edist\u00e4\u00e4 valtavia palkintopotteja. Pelaa nyt saadaksesi mahdollisuuden el\u00e4m\u00e4n mullistaviin voittoihin, jotka kasvavat, kunnes ne lunastetaan. Liity j\u00e4nnitykseen ja l\u00e4hde matkalle voittaaksesi suuria j\u00e4nnitt\u00e4vi\u00e4 progressiivisia j\u00e4ttipottipelej\u00e4mme.\" \/>\n<meta property=\"og:url\" content=\"https:\/\/slotsite.mediacle.net\/jackpots\/\" \/>\n<meta property=\"og:site_name\" content=\"Slotsite\" \/>\n<meta property=\"article:modified_time\" content=\"2023-08-31T08:45:10+00:00\" \/>\n<meta name=\"twitter:card\" content=\"summary_large_image\" \/>\n<meta name=\"twitter:label1\" content=\"Est. reading time\" \/>\n\t<meta name=\"twitter:data1\" content=\"6 minutes\" \/>\n<script type=\"application\/ld+json\" class=\"yoast-schema-graph\">{\"@context\":\"https:\/\/schema.org\",\"@graph\":[{\"@type\":\"WebPage\",\"@id\":\"https:\/\/slotsite.mediacle.net\/jackpots\/\",\"url\":\"https:\/\/slotsite.mediacle.net\/jackpots\/\",\"name\":\"\u092d\u093e\u0930\u0940 \u091c\u0940\u0924 \u0915\u0940 \u0924\u0932\u093e\u0936: \u092a\u094d\u0930\u0917\u0924\u093f\u0936\u0940\u0932 \u091c\u0948\u0915\u092a\u0949\u091f \u0917\u0947\u092e \u0916\u0947\u0932\u0947\u0902 \u0914\u0930 \u092c\u0921\u093c\u0947 \u092a\u0941\u0930\u0938\u094d\u0915\u093e\u0930\u094b\u0902 \u0915\u093e \u092a\u0940\u091b\u093e \u0915\u0930\u0947\u0902!\",\"isPartOf\":{\"@id\":\"https:\/\/slotsite.mediacle.net\/#website\"},\"datePublished\":\"2023-07-10T06:20:04+00:00\",\"dateModified\":\"2023-08-31T08:45:10+00:00\",\"description\":\"\u092a\u094d\u0930\u0917\u0924\u093f\u0936\u0940\u0932 \u091c\u0948\u0915\u092a\u0949\u091f \u0917\u0947\u092e \u0915\u0947 \u0906\u0915\u0930\u094d\u0937\u0923 \u0915\u0940 \u0916\u094b\u091c \u0915\u0930\u0947\u0902, \u091c\u0939\u093e\u0902 \u092a\u094d\u0930\u0924\u094d\u092f\u0947\u0915 \u0926\u093e\u0902\u0935 \u092c\u0921\u093c\u0947 \u092a\u0948\u092e\u093e\u0928\u0947 \u092a\u0930 \u092a\u0941\u0930\u0938\u094d\u0915\u093e\u0930 \u092a\u0942\u0932 \u092e\u0947\u0902 \u092f\u094b\u0917\u0926\u093e\u0928 \u0926\u0947\u0924\u093e \u0939\u0948\u0964 \u091c\u0940\u0935\u0928 \u092c\u0926\u0932\u0928\u0947 \u0935\u093e\u0932\u0940 \u091c\u0940\u0924 \u0915\u0947 \u0932\u093f\u090f \u0905\u092d\u0940 \u0916\u0947\u0932\u0947\u0902 \u091c\u094b \u0924\u092c \u0924\u0915 \u092c\u0922\u093c\u0924\u0940 \u0930\u0939\u0924\u0940 \u0939\u0948\u0902 \u091c\u092c \u0924\u0915 \u0915\u093f \u0909\u0928\u0915\u093e \u0926\u093e\u0935\u093e \u0928 \u0915\u0930 \u0932\u093f\u092f\u093e \u091c\u093e\u090f\u0964 \u0909\u0924\u094d\u0938\u093e\u0939 \u092e\u0947\u0902 \u0936\u093e\u092e\u093f\u0932 \u0939\u094b\u0902 \u0914\u0930 \u0930\u094b\u092e\u093e\u0902\u091a\u0915 \u092a\u094d\u0930\u0917\u0924\u093f\u0936\u0940\u0932 \u091c\u0948\u0915\u092a\u0949\u091f \u0917\u0947\u092e\u094d\u0938 \u0915\u0947 \u0939\u092e\u093e\u0930\u0947 \u091a\u092f\u0928 \u0915\u0947 \u0938\u093e\u0925 \u092c\u0921\u093c\u0940 \u091c\u0940\u0924 \u0915\u0940 \u092f\u093e\u0924\u094d\u0930\u093e \u0936\u0941\u0930\u0942 \u0915\u0930\u0947\u0902\u0964\",\"breadcrumb\":{\"@id\":\"https:\/\/slotsite.mediacle.net\/jackpots\/#breadcrumb\"},\"inLanguage\":\"fi\",\"potentialAction\":[{\"@type\":\"ReadAction\",\"target\":[\"https:\/\/slotsite.mediacle.net\/jackpots\/\"]}]},{\"@type\":\"BreadcrumbList\",\"@id\":\"https:\/\/slotsite.mediacle.net\/jackpots\/#breadcrumb\",\"itemListElement\":[{\"@type\":\"ListItem\",\"position\":1,\"name\":\"Home\",\"item\":\"https:\/\/slotsite.mediacle.net\/\"},{\"@type\":\"ListItem\",\"position\":2,\"name\":\"Progressive Jackpot Slots\"}]},{\"@type\":\"WebSite\",\"@id\":\"https:\/\/slotsite.mediacle.net\/#website\",\"url\":\"https:\/\/slotsite.mediacle.net\/\",\"name\":\"Slotsite\",\"description\":\"\",\"potentialAction\":[{\"@type\":\"SearchAction\",\"target\":{\"@type\":\"EntryPoint\",\"urlTemplate\":\"https:\/\/slotsite.mediacle.net\/?s={search_term_string}\"},\"query-input\":\"required name=search_term_string\"}],\"inLanguage\":\"fi\"}]}<\/script>\n<!-- \/ Yoast SEO plugin. -->","yoast_head_json":{"title":"Mets\u00e4st\u00e4 valtavia voittoja: Pelaa progressiivisia j\u00e4ttipottipelej\u00e4 ja tavoittele suuria palkintoja!","description":"Tutustu progressiivisten j\u00e4ttipottipelien vieh\u00e4tysvoimaan, jossa jokainen panos edist\u00e4\u00e4 valtavia palkintopotteja. Pelaa nyt saadaksesi mahdollisuuden el\u00e4m\u00e4n mullistaviin voittoihin, jotka kasvavat, kunnes ne lunastetaan. Liity j\u00e4nnitykseen ja l\u00e4hde matkalle voittaaksesi suuria j\u00e4nnitt\u00e4vi\u00e4 progressiivisia j\u00e4ttipottipelej\u00e4mme.","robots":{"index":"index","follow":"follow","max-snippet":"max-snippet:-1","max-image-preview":"max-image-preview:large","max-video-preview":"max-video-preview:-1"},"canonical":"https:\/\/slotsite.mediacle.net\/jackpots\/","og_locale":"fi_FI","og_type":"article","og_title":"Mets\u00e4st\u00e4 valtavia voittoja: Pelaa progressiivisia j\u00e4ttipottipelej\u00e4 ja tavoittele suuria palkintoja!","og_description":"Tutustu progressiivisten j\u00e4ttipottipelien vieh\u00e4tysvoimaan, jossa jokainen panos edist\u00e4\u00e4 valtavia palkintopotteja. Pelaa nyt saadaksesi mahdollisuuden el\u00e4m\u00e4n mullistaviin voittoihin, jotka kasvavat, kunnes ne lunastetaan. Liity j\u00e4nnitykseen ja l\u00e4hde matkalle voittaaksesi suuria j\u00e4nnitt\u00e4vi\u00e4 progressiivisia j\u00e4ttipottipelej\u00e4mme.","og_url":"https:\/\/slotsite.mediacle.net\/jackpots\/","og_site_name":"Slotsite","article_modified_time":"2023-08-31T08:45:10+00:00","twitter_card":"summary_large_image","twitter_misc":{"Est. reading time":"6 minutes"},"schema":{"@context":"https:\/\/schema.org","@graph":[{"@type":"WebPage","@id":"https:\/\/slotsite.mediacle.net\/jackpots\/","url":"https:\/\/slotsite.mediacle.net\/jackpots\/","name":"\u092d\u093e\u0930\u0940 \u091c\u0940\u0924 \u0915\u0940 \u0924\u0932\u093e\u0936: \u092a\u094d\u0930\u0917\u0924\u093f\u0936\u0940\u0932 \u091c\u0948\u0915\u092a\u0949\u091f \u0917\u0947\u092e \u0916\u0947\u0932\u0947\u0902 \u0914\u0930 \u092c\u0921\u093c\u0947 \u092a\u0941\u0930\u0938\u094d\u0915\u093e\u0930\u094b\u0902 \u0915\u093e \u092a\u0940\u091b\u093e \u0915\u0930\u0947\u0902!","isPartOf":{"@id":"https:\/\/slotsite.mediacle.net\/#website"},"datePublished":"2023-07-10T06:20:04+00:00","dateModified":"2023-08-31T08:45:10+00:00","description":"\u092a\u094d\u0930\u0917\u0924\u093f\u0936\u0940\u0932 \u091c\u0948\u0915\u092a\u0949\u091f \u0917\u0947\u092e \u0915\u0947 \u0906\u0915\u0930\u094d\u0937\u0923 \u0915\u0940 \u0916\u094b\u091c \u0915\u0930\u0947\u0902, \u091c\u0939\u093e\u0902 \u092a\u094d\u0930\u0924\u094d\u092f\u0947\u0915 \u0926\u093e\u0902\u0935 \u092c\u0921\u093c\u0947 \u092a\u0948\u092e\u093e\u0928\u0947 \u092a\u0930 \u092a\u0941\u0930\u0938\u094d\u0915\u093e\u0930 \u092a\u0942\u0932 \u092e\u0947\u0902 \u092f\u094b\u0917\u0926\u093e\u0928 \u0926\u0947\u0924\u093e \u0939\u0948\u0964 \u091c\u0940\u0935\u0928 \u092c\u0926\u0932\u0928\u0947 \u0935\u093e\u0932\u0940 \u091c\u0940\u0924 \u0915\u0947 \u0932\u093f\u090f \u0905\u092d\u0940 \u0916\u0947\u0932\u0947\u0902 \u091c\u094b \u0924\u092c \u0924\u0915 \u092c\u0922\u093c\u0924\u0940 \u0930\u0939\u0924\u0940 \u0939\u0948\u0902 \u091c\u092c \u0924\u0915 \u0915\u093f \u0909\u0928\u0915\u093e \u0926\u093e\u0935\u093e \u0928 \u0915\u0930 \u0932\u093f\u092f\u093e \u091c\u093e\u090f\u0964 \u0909\u0924\u094d\u0938\u093e\u0939 \u092e\u0947\u0902 \u0936\u093e\u092e\u093f\u0932 \u0939\u094b\u0902 \u0914\u0930 \u0930\u094b\u092e\u093e\u0902\u091a\u0915 \u092a\u094d\u0930\u0917\u0924\u093f\u0936\u0940\u0932 \u091c\u0948\u0915\u092a\u0949\u091f \u0917\u0947\u092e\u094d\u0938 \u0915\u0947 \u0939\u092e\u093e\u0930\u0947 \u091a\u092f\u0928 \u0915\u0947 \u0938\u093e\u0925 \u092c\u0921\u093c\u0940 \u091c\u0940\u0924 \u0915\u0940 \u092f\u093e\u0924\u094d\u0930\u093e \u0936\u0941\u0930\u0942 \u0915\u0930\u0947\u0902\u0964","breadcrumb":{"@id":"https:\/\/slotsite.mediacle.net\/jackpots\/#breadcrumb"},"inLanguage":"fi","potentialAction":[{"@type":"ReadAction","target":["https:\/\/slotsite.mediacle.net\/jackpots\/"]}]},{"@type":"BreadcrumbList","@id":"https:\/\/slotsite.mediacle.net\/jackpots\/#breadcrumb","itemListElement":[{"@type":"ListItem","position":1,"name":"Home","item":"https:\/\/slotsite.mediacle.net\/"},{"@type":"ListItem","position":2,"name":"Progressive Jackpot Slots"}]},{"@type":"WebSite","@id":"https:\/\/slotsite.mediacle.net\/#website","url":"https:\/\/slotsite.mediacle.net\/","name":"Slotsite","description":"","potentialAction":[{"@type":"SearchAction","target":{"@type":"EntryPoint","urlTemplate":"https:\/\/slotsite.mediacle.net\/?s={search_term_string}"},"query-input":"required name=search_term_string"}],"inLanguage":"fi"}]}},"_links":{"self":[{"href":"https:\/\/slotsite.mediacle.net\/fi\/wp-json\/wp\/v2\/pages\/173","targetHints":{"allow":["GET"]}}],"collection":[{"href":"https:\/\/slotsite.mediacle.net\/fi\/wp-json\/wp\/v2\/pages"}],"about":[{"href":"https:\/\/slotsite.mediacle.net\/fi\/wp-json\/wp\/v2\/types\/page"}],"author":[{"embeddable":true,"href":"https:\/\/slotsite.mediacle.net\/fi\/wp-json\/wp\/v2\/users\/1"}],"replies":[{"embeddable":true,"href":"https:\/\/slotsite.mediacle.net\/fi\/wp-json\/wp\/v2\/comments?post=173"}],"version-history":[{"count":44,"href":"https:\/\/slotsite.mediacle.net\/fi\/wp-json\/wp\/v2\/pages\/173\/revisions"}],"predecessor-version":[{"id":2317,"href":"https:\/\/slotsite.mediacle.net\/fi\/wp-json\/wp\/v2\/pages\/173\/revisions\/2317"}],"wp:attachment":[{"href":"https:\/\/slotsite.mediacle.net\/fi\/wp-json\/wp\/v2\/media?parent=173"}],"curies":[{"name":"wp","href":"https:\/\/api.w.org\/{rel}","templated":true}]}}