{"id":175,"date":"2023-07-10T06:21:44","date_gmt":"2023-07-10T06:21:44","guid":{"rendered":"https:\/\/slotsite.mediacle.net\/?page_id=175"},"modified":"2023-08-24T07:00:40","modified_gmt":"2023-08-24T07:00:40","slug":"tournaments","status":"publish","type":"page","link":"https:\/\/slotsite.mediacle.net\/fi\/turnauksia\/","title":{"rendered":"Slot turnaukset"},"content":{"rendered":"<p style=\"text-align: justify;\">SlotSite.com Casino on lopullinen kohde kolikkopelien yst\u00e4ville, jotka etsiv\u00e4t mahdollisuutta voittaa ylim\u00e4\u00e4r\u00e4isi\u00e4 k\u00e4teispalkintoja viikoittaisten, kuukausittaisten ja erityisten kutsukolikkopeliturnausten kautta! Valmistaudu py\u00f6ritt\u00e4m\u00e4\u00e4n rullia ja nostamaan itsesi tuloslistan k\u00e4rkeen!<\/p>\n<h2 style=\"text-align: justify;\"><strong>Viihdytt\u00e4v\u00e4t kolikkopeliturnaukset:<\/strong><\/h2>\n<p style=\"text-align: justify;\">Viikoittaiset kolikkopeliturnauksemme ovat kasinokokemuksemme kohokohta, joka tarjoaa pelaajille s\u00e4\u00e4nn\u00f6llisen mahdollisuuden kilpailla muita intohimoisia kolikkopelien pelaajia vastaan. Joka viikko annamme sinun pelata suosikkikolikkopelej\u00e4si, ja kun py\u00f6rit\u00e4t, saat jokaisesta oikean rahan panoksesta pisteit\u00e4, ja mit\u00e4 enemm\u00e4n pisteit\u00e4 ker\u00e4\u00e4t, sit\u00e4 korkeammalle nouset tulostaulukossa. Pid\u00e4 silm\u00e4ll\u00e4 edistymist\u00e4si, kun kilpailet muita pelaajia vastaan, ja pyri varmistamaan ykk\u00f6ssijoitus, jotta voit lunastaa osuutesi k\u00e4teispalkintopotista. Tulostaulukon palkinnot lis\u00e4t\u00e4\u00e4n k\u00e4teissaldoosi, ja ne voi nostaa milloin tahansa.<\/p>\n<h2 style=\"text-align: justify;\"><strong>Kuukausittaiset ja erityiset kolikkopeliturnaukset:<\/strong><\/h2>\n<p style=\"text-align: justify;\">Joka kuukausi tarjoamme kolikkopeliturnauksia erityisesti valitusta pelist\u00e4 tai mist\u00e4 tahansa valitsemastasi pelist\u00e4. Kuukausittaiset kolikkopeliturnauksemme ovat suurempia kuin koskaan, ja niiss\u00e4 on yli kolme kertaa enemm\u00e4n palkintoja kuin tavallisissa p\u00e4ivitt\u00e4isiss\u00e4 turnauksissa. Muista tilata kampanjamme yll\u00e4tysturnauksia varten, joita j\u00e4rjestet\u00e4\u00e4n toisinaan odotettujen uusien kolikkopelien julkaisujen yhteydess\u00e4. Haluatko lis\u00e4\u00e4? SlotSite.com-kasinon VIP-j\u00e4senen\u00e4 p\u00e4\u00e4set yksinoikeudella mukaan erikoistarjouskolikkopeliturnauksiimme. N\u00e4m\u00e4 turnaukset on suunniteltu palkitsemaan arvostetuimmat pelaajamme entist\u00e4kin erikoisemmilla k\u00e4teispalkinnoilla.<\/p>\n<h2 style=\"text-align: justify;\"><strong>Slot-turnaukset Ansaitse uskollisuuspisteit\u00e4:<\/strong><\/h2>\n<p style=\"text-align: justify;\">Lis\u00e4t\u00e4ksemme ylim\u00e4\u00e4r\u00e4isen palkintokerroksen kolikkopeliturnauksiimme, etenet osallistuessasi eri tasoilla ja saat matkan varrella lis\u00e4\u00e4 pisteit\u00e4 ja etuja. Tasolta 1 alkaen sinulla on mahdollisuus nousta ja saavuttaa taso 5, jossa sinua odottavat suuremmat palkinnot! Jokainen saavuttamasi taso tuo sinulle lis\u00e4\u00e4 pisteit\u00e4, eksklusiivisia tarjouksia ja bonuksia sek\u00e4 erityisi\u00e4 etuoikeuksia, jotka parantavat pelikokemustasi.<\/p>\n<h2 style=\"text-align: justify;\"><strong>Miten osallistua:<\/strong><\/h2>\n<p style=\"text-align: justify;\">Kolikkopeliturnauksiimme osallistuminen on suoraviivaista ja kaikkien pelaajien ulottuvilla. T\u00e4ss\u00e4 on vaiheittainen opas, jonka avulla p\u00e4\u00e4set alkuun:<\/p>\n<p style=\"text-align: justify;\">Rekister\u00f6idy tai kirjaudu sis\u00e4\u00e4n SlotSite.com-kasinotilillesi. Jos et ole viel\u00e4 j\u00e4sen, tilin luominen on nopeaa ja helppoa, joten p\u00e4\u00e4set k\u00e4ytt\u00e4m\u00e4\u00e4n saatavilla olevia turnauksiamme hetkess\u00e4.<\/p>\n<p style=\"text-align: justify;\">Vieraile verkkosivujemme kampanjaosiossa tai mobiilivalikossa, josta l\u00f6yd\u00e4t kaikki tiedot tulevista turnauksista.<\/p>\n<p style=\"text-align: justify;\">Osallistu valitsemaasi turnaukseen. Jotkin turnaukset saattavat vaatia v\u00e4himm\u00e4istalletuksen tai tietyn talletuskoodin, jotta voit osallistua niihin. Tutustu turnauksen vaatimuksiin ja ehtoihin varmistaaksesi, ett\u00e4 osallistut turnaukseen.<\/p>\n<p style=\"text-align: justify;\">Aloita py\u00f6riminen! Pelaa nimetty\u00e4 kolikkopeli\u00e4 tai mit\u00e4 tahansa valitsemaasi kolikkopeli\u00e4 sen mukaan, mihin turnaukseen olet osallistunut. Tavoittele turnauksen aikana mahdollisimman korkeaa pistem\u00e4\u00e4r\u00e4\u00e4! Jokaisesta py\u00f6r\u00e4ytyksest\u00e4 saat pisteit\u00e4, jotka nostavat sinua pistetaulukossa yl\u00f6sp\u00e4in. Pid\u00e4 silm\u00e4ll\u00e4 pistetaulukkoa seurataksesi edistymist\u00e4si ja n\u00e4hd\u00e4ksesi, miten p\u00e4rj\u00e4\u00e4t muita osallistujia vastaan.<\/p>\n<p style=\"text-align: justify;\">Lunasta hyvin ansaitsemasi rahapalkinto! Turnauksen p\u00e4\u00e4tytty\u00e4 voittajat selvi\u00e4v\u00e4t lopullisen pistetaulukon perusteella. Jos varmistat itsellesi ykk\u00f6ssijan, sinut palkitaan vastaavasti osuudella k\u00e4teispalkintopotista. Palkinnot hyvitet\u00e4\u00e4n voittajien tileille pian turnauksen p\u00e4\u00e4tytty\u00e4, joten voit nostaa voittosi viipym\u00e4tt\u00e4.<\/p>\n<h2 style=\"text-align: justify;\"><strong>Ehdot ja edellytykset:<\/strong><\/h2>\n<p style=\"text-align: justify;\">Reiluuden varmistamiseksi ja hauskan turnausymp\u00e4rist\u00f6n yll\u00e4pit\u00e4miseksi suosittelemme tutustumaan kunkin turnauksen erityisehtoihin. Niihin voi sis\u00e4lty\u00e4 s\u00e4\u00e4nt\u00f6j\u00e4, jotka koskevat talletuskoodeja, hyv\u00e4ksytt\u00e4vi\u00e4 pelej\u00e4, aikarajoituksia ja muita osallistumiskriteerej\u00e4. Klikkaa kampanjasivulla &#8220;Kerro lis\u00e4\u00e4&#8221; lukeaksesi turnauskampanjoiden erityisehdot ja yksityiskohdat.<\/p>\n<h2 style=\"text-align: justify;\"><strong>Liity Slot Tournament Actioniin!<\/strong><\/h2>\n<p style=\"text-align: justify;\">Liity SlotSite.com Casinoon ja osallistu laajaan valikoimaan uusia ja esill\u00e4 olevia kolikkopelej\u00e4. Kiehtovat leaderboard-kilpailumme ja houkuttelevat uskollisuuspalkinnot odottavat lunastamista. Onnea! Muista aina tuntea ja asettaa rajasi. Pelaa vastuullisesti. Pelaaminen voi aiheuttaa riippuvuutta.<\/p>\n","protected":false},"excerpt":{"rendered":"<p>SlotSite.com Casino on lopullinen kohde kolikkopelien yst\u00e4ville, jotka etsiv\u00e4t mahdollisuutta voittaa ylim\u00e4\u00e4r\u00e4isi\u00e4 k\u00e4teispalkintoja viikoittaisten, kuukausittaisten ja erityisten kutsukolikkopeliturnausten kautta! Valmistaudu py\u00f6ritt\u00e4m\u00e4\u00e4n rullia ja nostamaan itsesi tuloslistan k\u00e4rkeen! Viihdytt\u00e4v\u00e4t kolikkopeliturnaukset: Viikoittaiset kolikkopeliturnauksemme ovat kasinokokemuksemme kohokohta, joka tarjoaa pelaajille s\u00e4\u00e4nn\u00f6llisen mahdollisuuden kilpailla muita intohimoisia kolikkopelien pelaajia vastaan. Joka viikko annamme sinun pelata suosikkikolikkopelej\u00e4si, ja kun py\u00f6rit\u00e4t, saat [&hellip;]<\/p>\n","protected":false},"author":1,"featured_media":0,"parent":0,"menu_order":0,"comment_status":"closed","ping_status":"closed","template":"templates\/category.php","meta":{"footnotes":""},"class_list":["post-175","page","type-page","status-publish","hentry"],"translation":{"provider":"WPGlobus","version":"2.12.2","language":"fi","enabled_languages":["en","ca","fi","no","ja","es","pt","qc","gb","ir","nz","sa","in"],"languages":{"en":{"title":true,"content":true,"excerpt":false},"ca":{"title":true,"content":true,"excerpt":false},"fi":{"title":true,"content":true,"excerpt":false},"no":{"title":true,"content":true,"excerpt":false},"ja":{"title":true,"content":true,"excerpt":false},"es":{"title":true,"content":true,"excerpt":false},"pt":{"title":true,"content":true,"excerpt":false},"qc":{"title":true,"content":true,"excerpt":false},"gb":{"title":true,"content":true,"excerpt":false},"ir":{"title":false,"content":false,"excerpt":false},"nz":{"title":false,"content":false,"excerpt":false},"sa":{"title":false,"content":false,"excerpt":false},"in":{"title":true,"content":true,"excerpt":false}}},"acf":[],"yoast_head":"<!-- This site is optimized with the Yoast SEO plugin v20.11 - https:\/\/yoast.com\/wordpress\/plugins\/seo\/ -->\n<title>Slotsite<\/title>\n<meta name=\"robots\" content=\"index, follow, max-snippet:-1, max-image-preview:large, max-video-preview:-1\" \/>\n<link rel=\"canonical\" href=\"https:\/\/slotsite.mediacle.net\/tournaments\/\" \/>\n<meta property=\"og:locale\" content=\"fi_FI\" \/>\n<meta property=\"og:type\" content=\"article\" \/>\n<meta property=\"og:url\" content=\"https:\/\/slotsite.mediacle.net\/tournaments\/\" \/>\n<meta property=\"og:site_name\" content=\"Slotsite\" \/>\n<meta property=\"article:modified_time\" content=\"2023-08-24T07:00:40+00:00\" \/>\n<meta name=\"twitter:card\" content=\"summary_large_image\" \/>\n<meta name=\"twitter:label1\" content=\"Est. reading time\" \/>\n\t<meta name=\"twitter:data1\" content=\"3 minutes\" \/>\n<script type=\"application\/ld+json\" class=\"yoast-schema-graph\">{\"@context\":\"https:\/\/schema.org\",\"@graph\":[{\"@type\":\"WebPage\",\"@id\":\"https:\/\/slotsite.mediacle.net\/tournaments\/\",\"url\":\"https:\/\/slotsite.mediacle.net\/tournaments\/\",\"name\":\"\",\"isPartOf\":{\"@id\":\"https:\/\/slotsite.mediacle.net\/#website\"},\"datePublished\":\"2023-07-10T06:21:44+00:00\",\"dateModified\":\"2023-08-24T07:00:40+00:00\",\"description\":\"\",\"breadcrumb\":{\"@id\":\"https:\/\/slotsite.mediacle.net\/tournaments\/#breadcrumb\"},\"inLanguage\":\"fi\",\"potentialAction\":[{\"@type\":\"ReadAction\",\"target\":[\"https:\/\/slotsite.mediacle.net\/tournaments\/\"]}]},{\"@type\":\"BreadcrumbList\",\"@id\":\"https:\/\/slotsite.mediacle.net\/tournaments\/#breadcrumb\",\"itemListElement\":[{\"@type\":\"ListItem\",\"position\":1,\"name\":\"Home\",\"item\":\"https:\/\/slotsite.mediacle.net\/\"},{\"@type\":\"ListItem\",\"position\":2,\"name\":\"Slot Tournaments\"}]},{\"@type\":\"WebSite\",\"@id\":\"https:\/\/slotsite.mediacle.net\/#website\",\"url\":\"https:\/\/slotsite.mediacle.net\/\",\"name\":\"Slotsite\",\"description\":\"\",\"potentialAction\":[{\"@type\":\"SearchAction\",\"target\":{\"@type\":\"EntryPoint\",\"urlTemplate\":\"https:\/\/slotsite.mediacle.net\/?s={search_term_string}\"},\"query-input\":\"required name=search_term_string\"}],\"inLanguage\":\"fi\"}]}<\/script>\n<!-- \/ Yoast SEO plugin. -->","yoast_head_json":{"title":"Slotsite","robots":{"index":"index","follow":"follow","max-snippet":"max-snippet:-1","max-image-preview":"max-image-preview:large","max-video-preview":"max-video-preview:-1"},"canonical":"https:\/\/slotsite.mediacle.net\/tournaments\/","og_locale":"fi_FI","og_type":"article","og_url":"https:\/\/slotsite.mediacle.net\/tournaments\/","og_site_name":"Slotsite","article_modified_time":"2023-08-24T07:00:40+00:00","twitter_card":"summary_large_image","twitter_misc":{"Est. reading time":"3 minutes"},"schema":{"@context":"https:\/\/schema.org","@graph":[{"@type":"WebPage","@id":"https:\/\/slotsite.mediacle.net\/tournaments\/","url":"https:\/\/slotsite.mediacle.net\/tournaments\/","name":"","isPartOf":{"@id":"https:\/\/slotsite.mediacle.net\/#website"},"datePublished":"2023-07-10T06:21:44+00:00","dateModified":"2023-08-24T07:00:40+00:00","description":"","breadcrumb":{"@id":"https:\/\/slotsite.mediacle.net\/tournaments\/#breadcrumb"},"inLanguage":"fi","potentialAction":[{"@type":"ReadAction","target":["https:\/\/slotsite.mediacle.net\/tournaments\/"]}]},{"@type":"BreadcrumbList","@id":"https:\/\/slotsite.mediacle.net\/tournaments\/#breadcrumb","itemListElement":[{"@type":"ListItem","position":1,"name":"Home","item":"https:\/\/slotsite.mediacle.net\/"},{"@type":"ListItem","position":2,"name":"Slot Tournaments"}]},{"@type":"WebSite","@id":"https:\/\/slotsite.mediacle.net\/#website","url":"https:\/\/slotsite.mediacle.net\/","name":"Slotsite","description":"","potentialAction":[{"@type":"SearchAction","target":{"@type":"EntryPoint","urlTemplate":"https:\/\/slotsite.mediacle.net\/?s={search_term_string}"},"query-input":"required name=search_term_string"}],"inLanguage":"fi"}]}},"_links":{"self":[{"href":"https:\/\/slotsite.mediacle.net\/fi\/wp-json\/wp\/v2\/pages\/175","targetHints":{"allow":["GET"]}}],"collection":[{"href":"https:\/\/slotsite.mediacle.net\/fi\/wp-json\/wp\/v2\/pages"}],"about":[{"href":"https:\/\/slotsite.mediacle.net\/fi\/wp-json\/wp\/v2\/types\/page"}],"author":[{"embeddable":true,"href":"https:\/\/slotsite.mediacle.net\/fi\/wp-json\/wp\/v2\/users\/1"}],"replies":[{"embeddable":true,"href":"https:\/\/slotsite.mediacle.net\/fi\/wp-json\/wp\/v2\/comments?post=175"}],"version-history":[{"count":28,"href":"https:\/\/slotsite.mediacle.net\/fi\/wp-json\/wp\/v2\/pages\/175\/revisions"}],"predecessor-version":[{"id":2090,"href":"https:\/\/slotsite.mediacle.net\/fi\/wp-json\/wp\/v2\/pages\/175\/revisions\/2090"}],"wp:attachment":[{"href":"https:\/\/slotsite.mediacle.net\/fi\/wp-json\/wp\/v2\/media?parent=175"}],"curies":[{"name":"wp","href":"https:\/\/api.w.org\/{rel}","templated":true}]}}