{"id":181,"date":"2023-07-10T06:23:42","date_gmt":"2023-07-10T06:23:42","guid":{"rendered":"https:\/\/slotsite.mediacle.net\/?page_id=181"},"modified":"2023-08-31T09:55:30","modified_gmt":"2023-08-31T09:55:30","slug":"blackjack","status":"publish","type":"page","link":"https:\/\/slotsite.mediacle.net\/fi\/blackjack\/","title":{"rendered":"Online Blackjack-pelit"},"content":{"rendered":"<h2 style=\"text-align: justify;\"><strong>Pelaa suosikkiblackjack-pelej\u00e4si ja sukella j\u00e4nnitt\u00e4viin variaatioihin.<\/strong><\/h2>\n<p style=\"text-align: justify;\">Astu online-blackjackin valtakuntaan SlotSite.com Casinolla, jossa tarjoamme sinulle valtavan valikoiman kiehtovia blackjack-pelej\u00e4, jotka tyydytt\u00e4v\u00e4t kokemuksesi. Yli 75 peliohjelmistotoimittajan vaikuttavalla valikoimalla varmistamme, ett\u00e4 sinulla on p\u00e4\u00e4sy parhaimpiin online-variantteihin ja live-j\u00e4lleenmyyj\u00e4n blackjack-peleihin unohtumatonta pelikokemusta varten.<\/p>\n<h2 style=\"text-align: justify;\"><strong>Kuinka pelata blackjackia:<\/strong><\/h2>\n<p style=\"text-align: justify;\">Jos olet uusi blackjackin pelaaja tai tarvitset kertausta, s\u00e4\u00e4nn\u00f6t ovat yksinkertaiset. Pelin tavoitteena on saada k\u00e4den loppusumma, joka on suurempi kuin jakajan k\u00e4si, ylitt\u00e4m\u00e4tt\u00e4 kuitenkaan 21:t\u00e4. Sinulle jaetaan kaksi korttia, ja sinulla on mahdollisuus osua (saat toisen kortin), j\u00e4\u00e4d\u00e4 seisomaan (pid\u00e4t nykyisen k\u00e4tesi), tuplata (tuplaat panoksesi ja saat yhden kortin lis\u00e4\u00e4) tai jakaa (jos kaksi alkuper\u00e4ist\u00e4 korttia ovat samaa arvoa, voit jakaa ne kahteen eri k\u00e4teen). Jakaja noudattaa erityisi\u00e4 s\u00e4\u00e4nt\u00f6j\u00e4, jotka koskevat sit\u00e4, milloin pit\u00e4\u00e4 ly\u00f6d\u00e4 tai j\u00e4\u00e4d\u00e4 seisomaan. T\u00e4rkeint\u00e4 on suunnitella strategioita ja tehd\u00e4 p\u00e4\u00e4t\u00f6ksi\u00e4 korttiesi arvon ja jakajan kuvapuoli yl\u00f6sp\u00e4in olevan kortin perusteella. Mit\u00e4 l\u00e4hemm\u00e4ksi 21:t\u00e4 p\u00e4\u00e4set ylitt\u00e4m\u00e4tt\u00e4 sit\u00e4 paremmat voittomahdollisuudet sinulla on.<\/p>\n<h2 style=\"text-align: justify;\"><strong>Klassinen blackjack:<\/strong><\/h2>\n<p style=\"text-align: justify;\">Pelaa klassista blackjackia, josta pelaajat ymp\u00e4ri maailmaa nauttivat. Istu virtuaalisiin blackjack-p\u00f6yt\u00e4\u00e4mme ja pelaa strategista peli\u00e4 suosituissa suosikeissa, kuten Vegas Strip Blackjack ja Vegas Downtown Blackjack. N\u00e4m\u00e4 perinteiset variaatiot tarjoavat aidon blackjack-kokemuksen, jossa on tutut s\u00e4\u00e4nn\u00f6t ja hieno tunnelma.<\/p>\n<h2 style=\"text-align: justify;\"><strong>Live Dealer Blackjack:<\/strong><\/h2>\n<p style=\"text-align: justify;\">Nosta peliseikkailuasi live-jakajan blackjack-peleiss\u00e4mme, joissa kohtaat ammattimaisia jakajia vastaan reaaliajassa. Koe syk\u00e4hdytt\u00e4v\u00e4 j\u00e4nnitys Speed Blackjackissa, jossa jokaisella pelaajalla on valta tehd\u00e4 p\u00e4\u00e4t\u00f6ksi\u00e4 samanaikaisesti, mik\u00e4 johtaa salamannopeaan pelaamiseen. Ota riski Quantum Blackjackissa, jossa satunnaiset kertoimet voivat nostaa voittosi t\u00e4htitieteellisiin korkeuksiin. Jos etsit j\u00e4nnitt\u00e4v\u00e4\u00e4 kierrett\u00e4, Infinite Free Bet Live Dealer Blackjack antaa sinulle mahdollisuuden jakaa ja tuplata kelvolliset k\u00e4det ilman lis\u00e4kustannuksia, mik\u00e4 maksimoi mahdollisuutesi suuriin voittoihin.<\/p>\n<h2 style=\"text-align: justify;\"><strong>J\u00e4nnitt\u00e4vi\u00e4 Blackjack-variantteja:<\/strong><\/h2>\n<p style=\"text-align: justify;\">Valmistaudu lumoutumaan kokoelmastamme hauskoja blackjack-muunnelmia, jotka tuovat peliin ainutlaatuisia elementtej\u00e4. Siirry 3D-blackjackin kolmiulotteiseen maailmaan tai koe Speed Blackjackin adrenaliiniry\u00f6ppy, jossa jakajan odotusaika on poistettu, mik\u00e4 johtaa taukoamattomaan toimintaan. Lis\u00e4\u00e4 j\u00e4nnityst\u00e4 All Bets Live Blackjackilla, jossa on j\u00e4nnitt\u00e4vi\u00e4 sivupanoksia, jotka voivat parantaa pelaamistasi. Jos haluat ripauksen VIP-ylellisyytt\u00e4, liity eksklusiiviseen Soiree Blackjack VIP -p\u00f6yt\u00e4\u00e4n. \u00c4l\u00e4k\u00e4 j\u00e4t\u00e4 v\u00e4liin tilaisuutta nauttia rajoittamattomasta blackjackista, jossa p\u00f6yt\u00e4 ei ole koskaan t\u00e4ynn\u00e4, joten sinulla on aina paikka n\u00e4ytt\u00e4\u00e4 taitosi. Liity lopuksi Blackjack Party Liven vilkkaaseen ilmapiiriin, jossa karismaattiset is\u00e4nn\u00e4t luovat vilkkaan juhlatunnelman pelatessasi.<\/p>\n<h2 style=\"text-align: justify;\"><strong>Liity Blackjack-toimintaan t\u00e4n\u00e4\u00e4n:<\/strong><\/h2>\n<p style=\"text-align: justify;\">Rekister\u00f6ityminen SlotSite.comiin on nopeaa ja helppoa. Klikkaa vain &#8220;Rekister\u00f6idy&#8221; -painiketta ja seuraa ohjeita tilisi luomiseksi. Kun olet rekister\u00f6itynyt, voit tehd\u00e4 talletuksen k\u00e4ytt\u00e4m\u00e4ll\u00e4 turvallisia ja k\u00e4tevi\u00e4 pankkitoimintojamme. \u00c4l\u00e4 unohda lunastaa tervetuliaisbonustasi, jotta blackjack-seikkailusi saa vauhtia! Siirry sitten pelit-v\u00e4lilehdelle, etsi &#8220;blackjack&#8221; ja valitse haluamasi pelimuunnos. Tutustu rauhassa s\u00e4\u00e4nt\u00f6ihin ja vedonly\u00f6ntivaihtoehtoihin, ja kun olet valmis, aseta panoksesi ja anna korttien puhua. Pelaa aina vastuullisesti, ja yst\u00e4v\u00e4llinen asiakastukitiimimme on k\u00e4ytett\u00e4viss\u00e4 24\/7 ja auttaa sinua kaikissa kysymyksiss\u00e4 tai huolenaiheissa.<\/p>\n","protected":false},"excerpt":{"rendered":"<p>Pelaa suosikkiblackjack-pelej\u00e4si ja sukella j\u00e4nnitt\u00e4viin variaatioihin. Astu online-blackjackin valtakuntaan SlotSite.com Casinolla, jossa tarjoamme sinulle valtavan valikoiman kiehtovia blackjack-pelej\u00e4, jotka tyydytt\u00e4v\u00e4t kokemuksesi. Yli 75 peliohjelmistotoimittajan vaikuttavalla valikoimalla varmistamme, ett\u00e4 sinulla on p\u00e4\u00e4sy parhaimpiin online-variantteihin ja live-j\u00e4lleenmyyj\u00e4n blackjack-peleihin unohtumatonta pelikokemusta varten. Kuinka pelata blackjackia: Jos olet uusi blackjackin pelaaja tai tarvitset kertausta, s\u00e4\u00e4nn\u00f6t ovat yksinkertaiset. Pelin tavoitteena [&hellip;]<\/p>\n","protected":false},"author":1,"featured_media":0,"parent":0,"menu_order":0,"comment_status":"closed","ping_status":"closed","template":"templates\/category.php","meta":{"footnotes":""},"class_list":["post-181","page","type-page","status-publish","hentry"],"translation":{"provider":"WPGlobus","version":"2.12.2","language":"fi","enabled_languages":["en","ca","fi","no","ja","es","pt","qc","gb","ir","nz","sa","in"],"languages":{"en":{"title":true,"content":true,"excerpt":false},"ca":{"title":true,"content":true,"excerpt":false},"fi":{"title":true,"content":true,"excerpt":false},"no":{"title":true,"content":true,"excerpt":false},"ja":{"title":true,"content":true,"excerpt":false},"es":{"title":true,"content":true,"excerpt":false},"pt":{"title":true,"content":true,"excerpt":false},"qc":{"title":true,"content":true,"excerpt":false},"gb":{"title":true,"content":true,"excerpt":false},"ir":{"title":false,"content":false,"excerpt":false},"nz":{"title":false,"content":false,"excerpt":false},"sa":{"title":false,"content":false,"excerpt":false},"in":{"title":true,"content":true,"excerpt":false}}},"acf":[],"yoast_head":"<!-- This site is optimized with the Yoast SEO plugin v20.11 - https:\/\/yoast.com\/wordpress\/plugins\/seo\/ -->\n<title>Blackjack Voittava k\u00e4si peliss\u00e4 21 | Slotsite<\/title>\n<meta name=\"description\" content=\"Uppoudu Blackjackin, klassisen strategian ja sattuman korttipelin, j\u00e4nnitt\u00e4v\u00e4\u00e4n maailmaan. T\u00e4ss\u00e4 nopeatempoisessa peliss\u00e4 tavoitteesi on ovelaa jakajan ovelampi rakentamalla k\u00e4si, joka on mahdollisimman l\u00e4hell\u00e4 21:t\u00e4 ylitt\u00e4m\u00e4tt\u00e4. Navigoi jokaisen p\u00e4\u00e4t\u00f6ksen j\u00e4nnityksess\u00e4 - osuma, seisomaan, tuplaamaan tai jakamaan - kun t\u00e4ht\u00e4\u00e4t t\u00e4ydelliseen k\u00e4teen.\" \/>\n<meta name=\"robots\" content=\"index, follow, max-snippet:-1, max-image-preview:large, max-video-preview:-1\" \/>\n<link rel=\"canonical\" href=\"https:\/\/slotsite.mediacle.net\/blackjack\/\" \/>\n<meta property=\"og:locale\" content=\"fi_FI\" \/>\n<meta property=\"og:type\" content=\"article\" \/>\n<meta property=\"og:title\" content=\"Blackjack Voittava k\u00e4si peliss\u00e4 21 | Slotsite\" \/>\n<meta property=\"og:description\" content=\"Uppoudu Blackjackin, klassisen strategian ja sattuman korttipelin, j\u00e4nnitt\u00e4v\u00e4\u00e4n maailmaan. T\u00e4ss\u00e4 nopeatempoisessa peliss\u00e4 tavoitteesi on ovelaa jakajan ovelampi rakentamalla k\u00e4si, joka on mahdollisimman l\u00e4hell\u00e4 21:t\u00e4 ylitt\u00e4m\u00e4tt\u00e4. Navigoi jokaisen p\u00e4\u00e4t\u00f6ksen j\u00e4nnityksess\u00e4 - osuma, seisomaan, tuplaamaan tai jakamaan - kun t\u00e4ht\u00e4\u00e4t t\u00e4ydelliseen k\u00e4teen.\" \/>\n<meta property=\"og:url\" content=\"https:\/\/slotsite.mediacle.net\/blackjack\/\" \/>\n<meta property=\"og:site_name\" content=\"Slotsite\" \/>\n<meta property=\"article:modified_time\" content=\"2023-08-31T09:55:30+00:00\" \/>\n<meta name=\"twitter:card\" content=\"summary_large_image\" \/>\n<meta name=\"twitter:label1\" content=\"Est. reading time\" \/>\n\t<meta name=\"twitter:data1\" content=\"3 minutes\" \/>\n<script type=\"application\/ld+json\" class=\"yoast-schema-graph\">{\"@context\":\"https:\/\/schema.org\",\"@graph\":[{\"@type\":\"WebPage\",\"@id\":\"https:\/\/slotsite.mediacle.net\/blackjack\/\",\"url\":\"https:\/\/slotsite.mediacle.net\/blackjack\/\",\"name\":\"Blackjack A Winning Hand in the Game of 21 | Slotsite\",\"isPartOf\":{\"@id\":\"https:\/\/slotsite.mediacle.net\/#website\"},\"datePublished\":\"2023-07-10T06:23:42+00:00\",\"dateModified\":\"2023-08-31T09:55:30+00:00\",\"description\":\"Immerse yourself in the thrilling world of Blackjack, the classic card game of strategy and chance. In this fast-paced game, your goal is to outsmart the dealer by building a hand that's as close to 21 as possible without going over.\",\"breadcrumb\":{\"@id\":\"https:\/\/slotsite.mediacle.net\/blackjack\/#breadcrumb\"},\"inLanguage\":\"fi\",\"potentialAction\":[{\"@type\":\"ReadAction\",\"target\":[\"https:\/\/slotsite.mediacle.net\/blackjack\/\"]}]},{\"@type\":\"BreadcrumbList\",\"@id\":\"https:\/\/slotsite.mediacle.net\/blackjack\/#breadcrumb\",\"itemListElement\":[{\"@type\":\"ListItem\",\"position\":1,\"name\":\"Home\",\"item\":\"https:\/\/slotsite.mediacle.net\/\"},{\"@type\":\"ListItem\",\"position\":2,\"name\":\"Online Blackjack Games\"}]},{\"@type\":\"WebSite\",\"@id\":\"https:\/\/slotsite.mediacle.net\/#website\",\"url\":\"https:\/\/slotsite.mediacle.net\/\",\"name\":\"Slotsite\",\"description\":\"\",\"potentialAction\":[{\"@type\":\"SearchAction\",\"target\":{\"@type\":\"EntryPoint\",\"urlTemplate\":\"https:\/\/slotsite.mediacle.net\/?s={search_term_string}\"},\"query-input\":\"required name=search_term_string\"}],\"inLanguage\":\"fi\"}]}<\/script>\n<!-- \/ Yoast SEO plugin. -->","yoast_head_json":{"title":"Blackjack Voittava k\u00e4si peliss\u00e4 21 | Slotsite","description":"Uppoudu Blackjackin, klassisen strategian ja sattuman korttipelin, j\u00e4nnitt\u00e4v\u00e4\u00e4n maailmaan. T\u00e4ss\u00e4 nopeatempoisessa peliss\u00e4 tavoitteesi on ovelaa jakajan ovelampi rakentamalla k\u00e4si, joka on mahdollisimman l\u00e4hell\u00e4 21:t\u00e4 ylitt\u00e4m\u00e4tt\u00e4. Navigoi jokaisen p\u00e4\u00e4t\u00f6ksen j\u00e4nnityksess\u00e4 - osuma, seisomaan, tuplaamaan tai jakamaan - kun t\u00e4ht\u00e4\u00e4t t\u00e4ydelliseen k\u00e4teen.","robots":{"index":"index","follow":"follow","max-snippet":"max-snippet:-1","max-image-preview":"max-image-preview:large","max-video-preview":"max-video-preview:-1"},"canonical":"https:\/\/slotsite.mediacle.net\/blackjack\/","og_locale":"fi_FI","og_type":"article","og_title":"Blackjack Voittava k\u00e4si peliss\u00e4 21 | Slotsite","og_description":"Uppoudu Blackjackin, klassisen strategian ja sattuman korttipelin, j\u00e4nnitt\u00e4v\u00e4\u00e4n maailmaan. T\u00e4ss\u00e4 nopeatempoisessa peliss\u00e4 tavoitteesi on ovelaa jakajan ovelampi rakentamalla k\u00e4si, joka on mahdollisimman l\u00e4hell\u00e4 21:t\u00e4 ylitt\u00e4m\u00e4tt\u00e4. Navigoi jokaisen p\u00e4\u00e4t\u00f6ksen j\u00e4nnityksess\u00e4 - osuma, seisomaan, tuplaamaan tai jakamaan - kun t\u00e4ht\u00e4\u00e4t t\u00e4ydelliseen k\u00e4teen.","og_url":"https:\/\/slotsite.mediacle.net\/blackjack\/","og_site_name":"Slotsite","article_modified_time":"2023-08-31T09:55:30+00:00","twitter_card":"summary_large_image","twitter_misc":{"Est. reading time":"3 minutes"},"schema":{"@context":"https:\/\/schema.org","@graph":[{"@type":"WebPage","@id":"https:\/\/slotsite.mediacle.net\/blackjack\/","url":"https:\/\/slotsite.mediacle.net\/blackjack\/","name":"Blackjack A Winning Hand in the Game of 21 | Slotsite","isPartOf":{"@id":"https:\/\/slotsite.mediacle.net\/#website"},"datePublished":"2023-07-10T06:23:42+00:00","dateModified":"2023-08-31T09:55:30+00:00","description":"Immerse yourself in the thrilling world of Blackjack, the classic card game of strategy and chance. In this fast-paced game, your goal is to outsmart the dealer by building a hand that's as close to 21 as possible without going over.","breadcrumb":{"@id":"https:\/\/slotsite.mediacle.net\/blackjack\/#breadcrumb"},"inLanguage":"fi","potentialAction":[{"@type":"ReadAction","target":["https:\/\/slotsite.mediacle.net\/blackjack\/"]}]},{"@type":"BreadcrumbList","@id":"https:\/\/slotsite.mediacle.net\/blackjack\/#breadcrumb","itemListElement":[{"@type":"ListItem","position":1,"name":"Home","item":"https:\/\/slotsite.mediacle.net\/"},{"@type":"ListItem","position":2,"name":"Online Blackjack Games"}]},{"@type":"WebSite","@id":"https:\/\/slotsite.mediacle.net\/#website","url":"https:\/\/slotsite.mediacle.net\/","name":"Slotsite","description":"","potentialAction":[{"@type":"SearchAction","target":{"@type":"EntryPoint","urlTemplate":"https:\/\/slotsite.mediacle.net\/?s={search_term_string}"},"query-input":"required name=search_term_string"}],"inLanguage":"fi"}]}},"_links":{"self":[{"href":"https:\/\/slotsite.mediacle.net\/fi\/wp-json\/wp\/v2\/pages\/181","targetHints":{"allow":["GET"]}}],"collection":[{"href":"https:\/\/slotsite.mediacle.net\/fi\/wp-json\/wp\/v2\/pages"}],"about":[{"href":"https:\/\/slotsite.mediacle.net\/fi\/wp-json\/wp\/v2\/types\/page"}],"author":[{"embeddable":true,"href":"https:\/\/slotsite.mediacle.net\/fi\/wp-json\/wp\/v2\/users\/1"}],"replies":[{"embeddable":true,"href":"https:\/\/slotsite.mediacle.net\/fi\/wp-json\/wp\/v2\/comments?post=181"}],"version-history":[{"count":50,"href":"https:\/\/slotsite.mediacle.net\/fi\/wp-json\/wp\/v2\/pages\/181\/revisions"}],"predecessor-version":[{"id":2356,"href":"https:\/\/slotsite.mediacle.net\/fi\/wp-json\/wp\/v2\/pages\/181\/revisions\/2356"}],"wp:attachment":[{"href":"https:\/\/slotsite.mediacle.net\/fi\/wp-json\/wp\/v2\/media?parent=181"}],"curies":[{"name":"wp","href":"https:\/\/api.w.org\/{rel}","templated":true}]}}