{"id":183,"date":"2023-07-10T06:24:13","date_gmt":"2023-07-10T06:24:13","guid":{"rendered":"https:\/\/slotsite.mediacle.net\/?page_id=183"},"modified":"2023-08-31T09:56:23","modified_gmt":"2023-08-31T09:56:23","slug":"roulette","status":"publish","type":"page","link":"https:\/\/slotsite.mediacle.net\/fi\/ruletti\/","title":{"rendered":"Online ruletti pelit"},"content":{"rendered":"<h2 style=\"text-align: justify;\"><strong>Vapauta onneasi ja py\u00f6r\u00e4yt\u00e4 py\u00f6r\u00e4\u00e4 nettiruletissa SlotSite.com Casinolla!<\/strong><\/h2>\n<p style=\"text-align: justify;\">Koe nettiruletin klassinen tyylikkyys ja modernit innovaatiot. Yli 75 peliohjelmistotoimittajaa k\u00e4ytt\u00e4\u00e4 alustamme, joten varmistamme laajan valikoiman rulettipelej\u00e4, jotka t\u00e4ytt\u00e4v\u00e4t jokaisen pelaajan mieltymykset. Liity meihin ja koe unohtumaton rulettikokemus, jossa yhdistyv\u00e4t perinteisen pelin eleganssi ja j\u00e4nnitt\u00e4v\u00e4t modernit k\u00e4\u00e4nteet.<\/p>\n<h2 style=\"text-align: justify;\"><strong>Klassiset rulettipelit:<\/strong><\/h2>\n<p style=\"text-align: justify;\">Nauti klassisten rulettipelien hienostuneisuudesta, jotka ovat kiehtoneet pelaajia sukupolvien ajan. Istu alas ja nauti eurooppalaisen ruletin hienostuneesta pelattavuudesta, jossa yksi nolla py\u00f6r\u00e4ss\u00e4 tarjoaa suotuisat kertoimet. Kokeile uusia pelej\u00e4, kuten 3D-rulettia, jossa realistiset animaatiot ja \u00e4\u00e4net luovat mielenkiintoisen kasinoymp\u00e4rist\u00f6n. Niille, jotka etsiv\u00e4t perinteist\u00e4 kokemusta pienemmill\u00e4 panostusvaihtoehdoilla, 20p-rulettipelimme antaa sinulle mahdollisuuden asettaa panoksia vain 20 penni\u00e4 per kierros. Ja jos olet jalkapalloharrastaja, \u00e4l\u00e4 j\u00e4t\u00e4 v\u00e4liin j\u00e4nnitt\u00e4v\u00e4\u00e4 MM-rulettia!<\/p>\n<h3 style=\"text-align: justify;\"><strong>Eurooppalainen ruletti:<\/strong><\/h3>\n<p style=\"text-align: justify;\">Eurooppalaiseen rulettiin liittyy tietty\u00e4 hienostuneisuutta, ja se on yksi suosituimmista rulettipeleist\u00e4. Py\u00f6r\u00e4ss\u00e4 on numerot 1-36 ja yksi nolla, ja se tarjoaa edulliset kertoimet muihin muunnelmiin verrattuna. Aseta panoksesi yksitt\u00e4isille numeroille, numeroryhmille tai muille yhdistelmille ja odota, ett\u00e4 py\u00f6r\u00e4n py\u00f6r\u00e4ytys ratkaisee kohtalosi. Onko valitsemasi numero tai yhdistelm\u00e4 onnekas?<\/p>\n<h3 style=\"text-align: justify;\"><strong>20 punnan ruletti:<\/strong><\/h3>\n<p style=\"text-align: justify;\">Niille, jotka etsiv\u00e4t pienempi\u00e4 panostusvaihtoehtoja, 20 punnan rulettipelimme on t\u00e4ydellinen. Kun minimipanos on vain 20 penni\u00e4, voit silti nauttia rulettipy\u00f6r\u00e4n j\u00e4nnityksest\u00e4 rikkomatta pankkia. Aseta panoksesi strategisesti ja katso, kun py\u00f6r\u00e4 py\u00f6rii, toivoen, ett\u00e4 onnen numerosi tulee esiin. Se on loistava vaihtoehto satunnaisille pelaajille tai niille, jotka haluavat pelata pienemmill\u00e4 panoksilla.<\/p>\n<h3 style=\"text-align: justify;\"><strong>Autoruletti:<\/strong><\/h3>\n<p style=\"text-align: justify;\">Nauti automaattiruletin mukavuudesta ja nopeudesta, sill\u00e4 peli on automatisoitu eik\u00e4 vaadi live-jakajaa. Py\u00f6r\u00e4 py\u00f6rii automaattisesti, mik\u00e4 mahdollistaa jatkuvan toiminnan. Aseta panoksesi, katso py\u00f6r\u00e4n py\u00f6rimist\u00e4 ja selvit\u00e4, onko onni puolellasi. Autoruletti sopii t\u00e4ydellisesti niille, jotka haluavat virtaviivaisemman pelikokemuksen, ja se on saatavilla jopa livejakaja-studioissa.<\/p>\n<h3 style=\"text-align: justify;\"><strong>VIP-ruletti:<\/strong><\/h3>\n<p style=\"text-align: justify;\">Nauti VIP-ruletin tunnelmasta, joka on suunniteltu high rollereille ja pelaajille, jotka arvostavat korkeatasoista pelikokemusta. T\u00e4m\u00e4 eksklusiivinen livepeli tarjoaa korkeammat panostusrajat ja luo VIP-pelaajille r\u00e4\u00e4t\u00e4l\u00f6idyn ymp\u00e4rist\u00f6n. Aseta panoksesi itsevarmasti ja nauti VIP-asiakkaan etuoikeuksista.<\/p>\n<h3 style=\"text-align: justify;\"><strong>3-py\u00f6r\u00e4inen ruletti:<\/strong><\/h3>\n<p style=\"text-align: justify;\">Vie rulettikokemuksesi seuraavalle tasolle 3 Wheel Roulette -peliss\u00e4. T\u00e4ss\u00e4 variaatiossa yhden py\u00f6r\u00e4n sijasta kolme erillist\u00e4 py\u00f6r\u00e4\u00e4 py\u00f6rii samanaikaisesti. T\u00e4m\u00e4 j\u00e4nnitt\u00e4v\u00e4 k\u00e4\u00e4nne lis\u00e4\u00e4 mahdollisuuksiasi osua voittavaan yhdistelm\u00e4\u00e4n ja tarjoaa entist\u00e4 enemm\u00e4n mahdollisuuksia suuriin voittoihin. Aseta panoksesi strategisesti kolmelle py\u00f6r\u00e4lle ja katso, miten j\u00e4nnitys kehittyy.<\/p>\n<h3 style=\"text-align: justify;\"><strong>Instant Roulette:<\/strong><\/h3>\n<p style=\"text-align: justify;\">T\u00e4ss\u00e4 suositussa liven\u00e4 pelattavassa muunnelmassa kierrokset ovat nopeatempoisia, sill\u00e4 peliss\u00e4 k\u00e4ytet\u00e4\u00e4n 12 py\u00f6r\u00e4\u00e4. Seuraa, miten pallo putoaa yksi toisensa j\u00e4lkeen ja saat v\u00e4litt\u00f6m\u00e4t tulokset. Sano hyv\u00e4stit muiden pelaajien tai py\u00f6r\u00e4n py\u00f6rimisen odottamiselle. Instant-ruletissa toiminta on taukoamatonta ja pit\u00e4\u00e4 sinut j\u00e4nnityksess\u00e4.<\/p>\n<h3 style=\"text-align: justify;\"><strong>Speed Roulette:<\/strong><\/h3>\n<p style=\"text-align: justify;\">Speed Roulette on t\u00e4ydellinen valinta niille, jotka haluavat nopean rulettikokemuksen. Kuten nimest\u00e4 voi p\u00e4\u00e4tell\u00e4, t\u00e4m\u00e4 muunnelma nostaa pelin nopeuden aivan uudelle tasolle. Kierrokset ovat nopeatempoisia, mik\u00e4 takaa minimaalisen seisonta-ajan kierrosten v\u00e4lill\u00e4. Sinun on asetettava panoksesi nopeasti, mutta voit aina k\u00e4ytt\u00e4\u00e4 uudelleenpanostusvaihtoehtoa tai Omat panokset -v\u00e4lilehte\u00e4 tallentaaksesi ja k\u00e4ytt\u00e4\u00e4ksesi suosikkipanoksiasi. Katso, miten py\u00f6r\u00e4 py\u00f6rii, ja katso, onko onni puolellasi.<\/p>\n<h3 style=\"text-align: justify;\"><strong>Ilmoitetut vedot Live-ruletti:<\/strong><\/h3>\n<p style=\"text-align: justify;\">Koe Announced Bets Live Rouletten eleganssi, muunnelma, joka tarjoaa laajan valikoiman kehittyneit\u00e4 vedonly\u00f6ntivaihtoehtoja. T\u00e4ss\u00e4 peliss\u00e4 voit asettaa ilmoitettuja vetoja, kuten Orphelins, Voisins du Z\u00e9ro ja Tiers du Cylindre. N\u00e4m\u00e4 vedot kattavat tietyt py\u00f6r\u00e4n osat, mik\u00e4 tuo peliin lis\u00e4\u00e4 strategiaa ja j\u00e4nnityst\u00e4. Tutustu Announced Bets Live Rouletten juonenk\u00e4\u00e4nteisiin ja kehit\u00e4 rulettistrategiaasi.<\/p>\n<h3 style=\"text-align: justify;\"><strong>Kvanttiruletti:<\/strong><\/h3>\n<p style=\"text-align: justify;\">L\u00e4hde kvanttihyppyyn ruletin tulevaisuuteen Quantum Roulette -peliss\u00e4. T\u00e4ss\u00e4 livepeliss\u00e4 on kertoimia, jotka voivat kasvattaa voittosi jopa 1000-kertaisiksi, ja peli\u00e4 is\u00e4nn\u00f6i juontaja. Kun asetat panoksesi, valitaan lis\u00e4numeroita, jotka lis\u00e4\u00e4v\u00e4t kertoimia py\u00f6r\u00e4n satunnaisiin suoriin sijainteihin. Tuoko kvanttimaailma sinulle suunnatonta onnea ja onnea?<\/p>\n<h3 style=\"text-align: justify;\"><strong>Jalkapalloruletti:<\/strong><\/h3>\n<p style=\"text-align: justify;\">Yhdist\u00e4 ruletin j\u00e4nnitys ja jalkapallon intohimo Football Roulette -peliss\u00e4. T\u00e4m\u00e4 variaatio lis\u00e4\u00e4 jalkapalloaiheisia elementtej\u00e4 striimiin, mik\u00e4 luo jalkapallofaneille ja ruletin harrastajille hauskan ymp\u00e4rist\u00f6n rupatella. Live-studioymp\u00e4rist\u00f6 on vierailun arvoinen!<\/p>\n<h3 style=\"text-align: justify;\"><strong>Ruletin vedonly\u00f6ntivaihtoehdot:<\/strong><\/h3>\n<p style=\"text-align: justify;\">Ruletissa on monia panostusvaihtoehtoja. Jokaisella vedolla on erilaiset kertoimet ja voitot, joten voit mukauttaa rulettistrategiaasi mieltymystesi ja riskinsietokykysi mukaan. Kun pelaat rulettia, sinulla on valittavana useita erilaisia vedonly\u00f6ntivaihtoehtoja. Seuraavassa on joitakin yleisi\u00e4 rulettipanostyyppej\u00e4:<\/p>\n<p style=\"text-align: justify;\">Suora veto: Aseta pelimerkkisi yhdelle numerolle. Jos pallo osuu kyseiseen numeroon, voitat.<\/p>\n<p style=\"text-align: justify;\">Jaettu veto: Panosta kahteen vierekk\u00e4iseen numeroon asettamalla pelimerkkisi niiden v\u00e4liselle riville. Jos jompikumpi n\u00e4ist\u00e4 numeroista on voittonumero, voitat.<\/p>\n<p style=\"text-align: justify;\">Street Bet: Panosta kolmen numeron riviin asettamalla pelimerkkisi rivin ulkoreunaan. Jos jokin kolmesta numerosta on voittonumero, voitat.<\/p>\n<p style=\"text-align: justify;\">Kulmaveto: Panosta nelj\u00e4\u00e4n numeroon asettamalla pelimerkkisi nelj\u00e4n numeron risteyskohtaan. Jos mik\u00e4 tahansa n\u00e4ist\u00e4 nelj\u00e4st\u00e4 numerosta on voittonumero, voitat.<\/p>\n<p style=\"text-align: justify;\">Linjaveto: Panosta kahdelle kolmen numeron riville asettamalla pelimerkkisi ulkoreunaan, jossa kaksi rivi\u00e4 kohtaavat. Jos jokin kuudesta numerosta on voittonumero, voitat.<\/p>\n<p style=\"text-align: justify;\">Sarakkeen veto: Aseta panoksesi yhdelle kolmesta pystysuorasta numerosarakkeesta asettamalla pelimerkkisi valitun sarakkeen alareunaan. Jos mik\u00e4 tahansa sarakkeessa oleva numero on voittonumero, voitat.<\/p>\n<p style=\"text-align: justify;\">Dozen Bet: Ly\u00f6 vetoa kahdentoista numeron ryhm\u00e4st\u00e4 asettamalla pelimerkkisi p\u00f6yd\u00e4n &#8220;1. 12&#8221;, &#8220;2. 12&#8221; tai &#8220;3. 12&#8221; -osioon. Jos mik\u00e4 tahansa numero valitusta ryhm\u00e4st\u00e4 on voittonumero, voitat.<\/p>\n<p style=\"text-align: justify;\">Parillinen\/ep\u00e4parillinen veto: Ly\u00f6 vetoa siit\u00e4, onko voittava numero parillinen vai pariton, asettamalla pelimerkkisi p\u00f6yd\u00e4n vastaavaan osaan. Jos voittonumero vastaa valintaasi, voitat.<\/p>\n<p style=\"text-align: justify;\">Punainen\/musta veto: Ly\u00f6 vetoa siit\u00e4, onko voittava numero punainen vai musta, asettamalla pelimerkkisi p\u00f6yd\u00e4n vastaavaan kohtaan. Jos voittonumero vastaa valintaasi, voitat.<\/p>\n<p style=\"text-align: justify;\">Low\/High Bet: Ly\u00f6 vetoa siit\u00e4, onko voittonumero matala (1-18) vai korkea (19-36) asettamalla pelimerkkisi p\u00f6yd\u00e4n vastaavaan kohtaan. Jos voittonumero vastaa valintaasi, voitat.<\/p>\n<h2 style=\"text-align: justify;\"><strong>Miten pelata rulettia SlotSite.com:<\/strong><\/h2>\n<p style=\"text-align: justify;\">Ruletin pelaaminen SlotSite.com Casinolla on helppoa ja nautinnollista. P\u00e4\u00e4set alkuun vain kirjautumalla tilille ja tekem\u00e4ll\u00e4 talletuksen k\u00e4ytt\u00e4m\u00e4ll\u00e4 turvallisia ja k\u00e4tevi\u00e4 pankkitoimintojamme. Kun olet valmis, etsi rulettia hakukent\u00e4st\u00e4 ja valitse haluamasi peli. Tutustu pelis\u00e4\u00e4nt\u00f6ihin ja vedonly\u00f6ntivaihtoehtoihin, aseta sitten panoksesi ja katso, kun py\u00f6r\u00e4 py\u00f6rii. Toivottavasti juhlit voittojasi! Tutustu laajaan rulettikokoelmaamme, valitse haluamasi muunnelma ja aseta panoksesi. Jos sinulla on kysytt\u00e4v\u00e4\u00e4 tai tarvitset apua, omistautunut asiakastukitiimimme on k\u00e4ytett\u00e4viss\u00e4si 24\/7 ja tarjoaa sinulle ammattitaitoista ja yst\u00e4v\u00e4llist\u00e4 apua. Muista aina, ett\u00e4 pelaaminen voi aiheuttaa riippuvuutta. Pelaa vastuullisesti ja aseta rajat, jotta pelaaminen on turvallista ja nautinnollista.<\/p>\n","protected":false},"excerpt":{"rendered":"<p>Vapauta onneasi ja py\u00f6r\u00e4yt\u00e4 py\u00f6r\u00e4\u00e4 nettiruletissa SlotSite.com Casinolla! Koe nettiruletin klassinen tyylikkyys ja modernit innovaatiot. Yli 75 peliohjelmistotoimittajaa k\u00e4ytt\u00e4\u00e4 alustamme, joten varmistamme laajan valikoiman rulettipelej\u00e4, jotka t\u00e4ytt\u00e4v\u00e4t jokaisen pelaajan mieltymykset. Liity meihin ja koe unohtumaton rulettikokemus, jossa yhdistyv\u00e4t perinteisen pelin eleganssi ja j\u00e4nnitt\u00e4v\u00e4t modernit k\u00e4\u00e4nteet. Klassiset rulettipelit: Nauti klassisten rulettipelien hienostuneisuudesta, jotka ovat kiehtoneet pelaajia [&hellip;]<\/p>\n","protected":false},"author":1,"featured_media":0,"parent":0,"menu_order":0,"comment_status":"closed","ping_status":"closed","template":"templates\/category.php","meta":{"footnotes":""},"class_list":["post-183","page","type-page","status-publish","hentry"],"translation":{"provider":"WPGlobus","version":"2.12.2","language":"fi","enabled_languages":["en","ca","fi","no","ja","es","pt","qc","gb","ir","nz","sa","in"],"languages":{"en":{"title":true,"content":true,"excerpt":false},"ca":{"title":true,"content":true,"excerpt":false},"fi":{"title":true,"content":true,"excerpt":false},"no":{"title":true,"content":true,"excerpt":false},"ja":{"title":true,"content":true,"excerpt":false},"es":{"title":true,"content":true,"excerpt":false},"pt":{"title":true,"content":true,"excerpt":false},"qc":{"title":true,"content":true,"excerpt":false},"gb":{"title":true,"content":true,"excerpt":false},"ir":{"title":false,"content":false,"excerpt":false},"nz":{"title":false,"content":false,"excerpt":false},"sa":{"title":false,"content":false,"excerpt":false},"in":{"title":true,"content":true,"excerpt":false}}},"acf":[],"yoast_head":"<!-- This site is optimized with the Yoast SEO plugin v20.11 - https:\/\/yoast.com\/wordpress\/plugins\/seo\/ -->\n<title>Ly\u00f6 vetoa ja voita online-ruletilla: Py\u00f6rit\u00e4 Onnenpy\u00f6r\u00e4\u00e4 nyt!<\/title>\n<meta name=\"description\" content=\"Astu online-ruletin maailmaan ja anna onnenpy\u00f6r\u00e4n ohjata kohtalosi! Pelaa klassista kasinopeli\u00e4 miss\u00e4 tahansa ja koe j\u00e4nnitys ennustaessasi, mihin pallo laskeutuu. Liity nyt nauttiaksesi j\u00e4nnityksest\u00e4.\" \/>\n<meta name=\"robots\" content=\"index, follow, max-snippet:-1, max-image-preview:large, max-video-preview:-1\" \/>\n<link rel=\"canonical\" href=\"https:\/\/slotsite.mediacle.net\/roulette\/\" \/>\n<meta property=\"og:locale\" content=\"fi_FI\" \/>\n<meta property=\"og:type\" content=\"article\" \/>\n<meta property=\"og:title\" content=\"Ly\u00f6 vetoa ja voita online-ruletilla: Py\u00f6rit\u00e4 Onnenpy\u00f6r\u00e4\u00e4 nyt!\" \/>\n<meta property=\"og:description\" content=\"Astu online-ruletin maailmaan ja anna onnenpy\u00f6r\u00e4n ohjata kohtalosi! Pelaa klassista kasinopeli\u00e4 miss\u00e4 tahansa ja koe j\u00e4nnitys ennustaessasi, mihin pallo laskeutuu. Liity nyt nauttiaksesi j\u00e4nnityksest\u00e4.\" \/>\n<meta property=\"og:url\" content=\"https:\/\/slotsite.mediacle.net\/roulette\/\" \/>\n<meta property=\"og:site_name\" content=\"Slotsite\" \/>\n<meta property=\"article:modified_time\" content=\"2023-08-31T09:56:23+00:00\" \/>\n<meta name=\"twitter:card\" content=\"summary_large_image\" \/>\n<meta name=\"twitter:label1\" content=\"Est. reading time\" \/>\n\t<meta name=\"twitter:data1\" content=\"6 minutes\" \/>\n<script type=\"application\/ld+json\" class=\"yoast-schema-graph\">{\"@context\":\"https:\/\/schema.org\",\"@graph\":[{\"@type\":\"WebPage\",\"@id\":\"https:\/\/slotsite.mediacle.net\/roulette\/\",\"url\":\"https:\/\/slotsite.mediacle.net\/roulette\/\",\"name\":\"Bet and Win with Online Roulette: Spin the Wheel of Fortune Now!\",\"isPartOf\":{\"@id\":\"https:\/\/slotsite.mediacle.net\/#website\"},\"datePublished\":\"2023-07-10T06:24:13+00:00\",\"dateModified\":\"2023-08-31T09:56:23+00:00\",\"description\":\"Step into the world of online roulette and let the wheel of fortune guide your destiny! Play the classic casino game from anywhere and experience the excitement of predicting where the ball will land. Join now to enjoy the thrill, put your luck to the test, and potentially win big with every spin of the wheel.\",\"breadcrumb\":{\"@id\":\"https:\/\/slotsite.mediacle.net\/roulette\/#breadcrumb\"},\"inLanguage\":\"fi\",\"potentialAction\":[{\"@type\":\"ReadAction\",\"target\":[\"https:\/\/slotsite.mediacle.net\/roulette\/\"]}]},{\"@type\":\"BreadcrumbList\",\"@id\":\"https:\/\/slotsite.mediacle.net\/roulette\/#breadcrumb\",\"itemListElement\":[{\"@type\":\"ListItem\",\"position\":1,\"name\":\"Home\",\"item\":\"https:\/\/slotsite.mediacle.net\/\"},{\"@type\":\"ListItem\",\"position\":2,\"name\":\"Online Roulette Games\"}]},{\"@type\":\"WebSite\",\"@id\":\"https:\/\/slotsite.mediacle.net\/#website\",\"url\":\"https:\/\/slotsite.mediacle.net\/\",\"name\":\"Slotsite\",\"description\":\"\",\"potentialAction\":[{\"@type\":\"SearchAction\",\"target\":{\"@type\":\"EntryPoint\",\"urlTemplate\":\"https:\/\/slotsite.mediacle.net\/?s={search_term_string}\"},\"query-input\":\"required name=search_term_string\"}],\"inLanguage\":\"fi\"}]}<\/script>\n<!-- \/ Yoast SEO plugin. -->","yoast_head_json":{"title":"Ly\u00f6 vetoa ja voita online-ruletilla: Py\u00f6rit\u00e4 Onnenpy\u00f6r\u00e4\u00e4 nyt!","description":"Astu online-ruletin maailmaan ja anna onnenpy\u00f6r\u00e4n ohjata kohtalosi! Pelaa klassista kasinopeli\u00e4 miss\u00e4 tahansa ja koe j\u00e4nnitys ennustaessasi, mihin pallo laskeutuu. Liity nyt nauttiaksesi j\u00e4nnityksest\u00e4.","robots":{"index":"index","follow":"follow","max-snippet":"max-snippet:-1","max-image-preview":"max-image-preview:large","max-video-preview":"max-video-preview:-1"},"canonical":"https:\/\/slotsite.mediacle.net\/roulette\/","og_locale":"fi_FI","og_type":"article","og_title":"Ly\u00f6 vetoa ja voita online-ruletilla: Py\u00f6rit\u00e4 Onnenpy\u00f6r\u00e4\u00e4 nyt!","og_description":"Astu online-ruletin maailmaan ja anna onnenpy\u00f6r\u00e4n ohjata kohtalosi! Pelaa klassista kasinopeli\u00e4 miss\u00e4 tahansa ja koe j\u00e4nnitys ennustaessasi, mihin pallo laskeutuu. Liity nyt nauttiaksesi j\u00e4nnityksest\u00e4.","og_url":"https:\/\/slotsite.mediacle.net\/roulette\/","og_site_name":"Slotsite","article_modified_time":"2023-08-31T09:56:23+00:00","twitter_card":"summary_large_image","twitter_misc":{"Est. reading time":"6 minutes"},"schema":{"@context":"https:\/\/schema.org","@graph":[{"@type":"WebPage","@id":"https:\/\/slotsite.mediacle.net\/roulette\/","url":"https:\/\/slotsite.mediacle.net\/roulette\/","name":"Bet and Win with Online Roulette: Spin the Wheel of Fortune Now!","isPartOf":{"@id":"https:\/\/slotsite.mediacle.net\/#website"},"datePublished":"2023-07-10T06:24:13+00:00","dateModified":"2023-08-31T09:56:23+00:00","description":"Step into the world of online roulette and let the wheel of fortune guide your destiny! Play the classic casino game from anywhere and experience the excitement of predicting where the ball will land. Join now to enjoy the thrill, put your luck to the test, and potentially win big with every spin of the wheel.","breadcrumb":{"@id":"https:\/\/slotsite.mediacle.net\/roulette\/#breadcrumb"},"inLanguage":"fi","potentialAction":[{"@type":"ReadAction","target":["https:\/\/slotsite.mediacle.net\/roulette\/"]}]},{"@type":"BreadcrumbList","@id":"https:\/\/slotsite.mediacle.net\/roulette\/#breadcrumb","itemListElement":[{"@type":"ListItem","position":1,"name":"Home","item":"https:\/\/slotsite.mediacle.net\/"},{"@type":"ListItem","position":2,"name":"Online Roulette Games"}]},{"@type":"WebSite","@id":"https:\/\/slotsite.mediacle.net\/#website","url":"https:\/\/slotsite.mediacle.net\/","name":"Slotsite","description":"","potentialAction":[{"@type":"SearchAction","target":{"@type":"EntryPoint","urlTemplate":"https:\/\/slotsite.mediacle.net\/?s={search_term_string}"},"query-input":"required name=search_term_string"}],"inLanguage":"fi"}]}},"_links":{"self":[{"href":"https:\/\/slotsite.mediacle.net\/fi\/wp-json\/wp\/v2\/pages\/183","targetHints":{"allow":["GET"]}}],"collection":[{"href":"https:\/\/slotsite.mediacle.net\/fi\/wp-json\/wp\/v2\/pages"}],"about":[{"href":"https:\/\/slotsite.mediacle.net\/fi\/wp-json\/wp\/v2\/types\/page"}],"author":[{"embeddable":true,"href":"https:\/\/slotsite.mediacle.net\/fi\/wp-json\/wp\/v2\/users\/1"}],"replies":[{"embeddable":true,"href":"https:\/\/slotsite.mediacle.net\/fi\/wp-json\/wp\/v2\/comments?post=183"}],"version-history":[{"count":42,"href":"https:\/\/slotsite.mediacle.net\/fi\/wp-json\/wp\/v2\/pages\/183\/revisions"}],"predecessor-version":[{"id":2357,"href":"https:\/\/slotsite.mediacle.net\/fi\/wp-json\/wp\/v2\/pages\/183\/revisions\/2357"}],"wp:attachment":[{"href":"https:\/\/slotsite.mediacle.net\/fi\/wp-json\/wp\/v2\/media?parent=183"}],"curies":[{"name":"wp","href":"https:\/\/api.w.org\/{rel}","templated":true}]}}