{"id":190,"date":"2023-07-10T06:42:26","date_gmt":"2023-07-10T06:42:26","guid":{"rendered":"https:\/\/slotsite.mediacle.net\/?page_id=190"},"modified":"2023-08-24T08:23:20","modified_gmt":"2023-08-24T08:23:20","slug":"bonus-slots","status":"publish","type":"page","link":"https:\/\/slotsite.mediacle.net\/fi\/bonus-kolikkopelit\/","title":{"rendered":"Online-bonusspelit"},"content":{"rendered":"<h2 style=\"text-align: justify;\"><strong>Pelaa online bonus kolikkopelej\u00e4 SlotSite.com kasinolla t\u00e4n\u00e4\u00e4n!<\/strong><\/h2>\n<p style=\"text-align: justify;\">Jos etsit ylim\u00e4\u00e4r\u00e4ist\u00e4 annosta j\u00e4nnityst\u00e4 ja palkintoja kolikkopelikokemukseesi, kokoelmamme online-bonuskolikkopeleist\u00e4 on juuri sit\u00e4, mit\u00e4 tarvitset. SlotSite.com Casinolla tarjoamme sinulle suuren valikoiman bonuspakattuja kolikkopelej\u00e4, jotka on suunniteltu nostamaan viihdytyksesi uusiin korkeuksiin.<\/p>\n<h2 style=\"text-align: justify;\"><strong>Mit\u00e4 ovat online-bonuskolikkopelit?<\/strong><\/h2>\n<p style=\"text-align: justify;\">Online-bonuskolikkopelit ovat erityinen kolikkopelien luokka, joka tarjoaa lis\u00e4ominaisuuksia ja palkintoja tavallisen pelattavuuden lis\u00e4ksi. N\u00e4m\u00e4 kolikkopelit tunnetaan j\u00e4nnitt\u00e4vist\u00e4 bonuskierroksista, ainutlaatuisista symboleista ja mahdollisuudesta avata vaikuttavia palkintoja. Kiehtovalla visuaalisuudella ja mukaansatempaavalla pelattavuudella varustetut online-bonuskolikkopelit ovat jotain, jota haluat pelata!<\/p>\n<h2 style=\"text-align: justify;\"><strong>Tutustu bonusominaisuuksien maailmaan:<\/strong><\/h2>\n<p style=\"text-align: justify;\">Valmistaudu lukemattomiin bonusominaisuuksiin, jotka odottavat sinua eri palveluntarjoajien erilaisissa bonuskolikkopeleiss\u00e4. Sukelletaanpa j\u00e4nnitt\u00e4viin ominaisuuksiin, jotka tekev\u00e4t n\u00e4ist\u00e4 peleist\u00e4 niin houkuttelevia:<\/p>\n<p style=\"text-align: justify;\">Wildit ja scatterit: Ne voivat avata erilaisia bonusominaisuuksia. Wild-symbolit voivat korvata muita symboleja voittavien yhdistelmien luomiseksi, kun taas scatter-symbolit k\u00e4ynnist\u00e4v\u00e4t usein ilmaiskierroksia tai bonuskierroksia.<\/p>\n<p style=\"text-align: justify;\">Ilmaiskierrokset: Monissa nettibonuskolikkopeleiss\u00e4 on ilmaiskierroksia, joissa voit py\u00f6r\u00e4ytt\u00e4\u00e4 rullia ilman omia rahojasi. N\u00e4iss\u00e4 ilmaiskierroksissa on usein lis\u00e4ominaisuuksia, kuten kertoimia, laajenevia wildeja tai pinottuja symboleja, jotka lis\u00e4\u00e4v\u00e4t mahdollisuuksiasi saada suuria voittoja.<\/p>\n<p style=\"text-align: justify;\">Bonuskierrokset: Uppoudu interaktiivisiin bonuskierroksiin, jotka viev\u00e4t sinut j\u00e4nnitt\u00e4viin seikkailuihin pelin sis\u00e4ll\u00e4. N\u00e4m\u00e4 bonuskierrokset voivat vaihdella pick-and-win-tyylisist\u00e4 peleist\u00e4 minipeleihin, joissa on ainutlaatuisia haasteita ja palkintoja.<\/p>\n<p style=\"text-align: justify;\">Kertoimet: Korota voittojasi kertoimisymboleilla, jotka lis\u00e4\u00e4v\u00e4t voittoyhdistelmien voittoja. Kertoimet voivat vaihdella suuresti, mik\u00e4 antaa sinulle mahdollisuuden moninkertaistaa voittosi merkitt\u00e4v\u00e4sti.<\/p>\n<p style=\"text-align: justify;\">Kaskadoituvat kelat: T\u00e4ll\u00f6in voittavat symbolit poistetaan kiekoilta ja korvataan uusilla, mik\u00e4 mahdollistaa per\u00e4kk\u00e4isten voittojen saamisen yhdell\u00e4 py\u00f6r\u00e4ytyksell\u00e4.<\/p>\n<p style=\"text-align: justify;\">Esimerkkej\u00e4 suosituista online-bonuskolikkopeleist\u00e4:<\/p>\n<p style=\"text-align: justify;\">Seuraavassa on muutamia esimerkkej\u00e4 suosituista online-bonuskolikkopeleist\u00e4, jotka esittelev\u00e4t t\u00e4m\u00e4n lajityypin monipuolisuutta ja j\u00e4nnityst\u00e4:<\/p>\n<p style=\"text-align: justify;\">Starburst: NetEntin ikoninen kolikkopeli: L\u00e4hde intergalaktiseen seikkailuun. Starburstissa on laajenevia wildeja, uudelleenpy\u00f6r\u00e4ytyksi\u00e4 ja lumoava jalokiviteemainen ulkoasu. Korkean 96,09 %:n RTP:n ja keskisuuren volatiliteetin ansiosta pelaajat voivat odottaa tasapainoista pelikokemusta, jossa on usein pieni\u00e4 tai kohtalaisia voittoja.<\/p>\n<p style=\"text-align: justify;\">Gonzo&#8217;s Quest: Gonzo Quest: Liity Gonzon seuraan h\u00e4nen etsinn\u00e4ss\u00e4\u00e4n Eldoradon kadonneeseen kaupunkiin t\u00e4ss\u00e4 NetEntin mukaansatempaavassa kolikkopeliss\u00e4. Peli tarjoaa j\u00e4nnitt\u00e4v\u00e4\u00e4 pelattavuutta ja suuria voittomahdollisuuksia, sill\u00e4 siin\u00e4 on kaskadoituvia rullia, vapaapudotusominaisuus ja kasvavia kertoimia. RTP on 95,97 % ja volatiliteetti on keskitasoa, joten pelaajat voivat nauttia usein toistuvista voitoista ja satunnaisista suuremmista voitoista.<\/p>\n<p style=\"text-align: justify;\">Jumalallinen onni: NetEntin mielenkiintoisessa kolikkopeliss\u00e4 p\u00e4\u00e4set myyttisten olentojen ja muinaisen kreikkalaisen mytologian maailmaan. Divine Fortune sis\u00e4lt\u00e4\u00e4 Megaways-mekaniikan, joka voi antaa huomattavia voittoja. Upea visuaalinen ilme, j\u00e4nnitt\u00e4v\u00e4t bonusominaisuudet, kuten Falling Wilds Re-Spins, Wild on Wild ja ilmaiskierrokset, tarjoavat pelaajille j\u00e4nnitt\u00e4v\u00e4n pelikokemuksen. Divine Fortune tarjoaa 96,59 %:n RTP:n ja keskisuuren volatiliteetin, mik\u00e4 tarjoaa tasapainoisen yhdistelm\u00e4n usein toistuvia voittoja ja mahdollisuuksia suurempiin voittoihin.<\/p>\n<p style=\"text-align: justify;\">Bonanza: Big Time Gamingin Megaways-kolikkopeliss\u00e4. Ainutlaatuisen kiekkorakenteensa ja jopa 117 649 voittotapansa ansiosta Bonanza tarjoaa loputtomasti j\u00e4nnityst\u00e4 ja j\u00e4nnitt\u00e4vi\u00e4 bonusominaisuuksia. Sen RTP on 96 % ja volatiliteetti on korkea, mik\u00e4 tarkoittaa, ett\u00e4 pelaajat voivat odottaa harvinaisempia voittoja, mutta voittaja voi saada merkitt\u00e4vi\u00e4 voittoja, kun voittoyhdistelmi\u00e4 syntyy.<\/p>\n<p style=\"text-align: justify;\">Kuolematon romanssi: Microgamingin suositussa kolikkopeliss\u00e4 p\u00e4\u00e4set kielletyn rakkauden ja yliluonnollisten olentojen maailmaan. Avaa kierrosten kammio (Chamber of Spins), jossa voit pelata erilaisia ilmaiskierroksia, joissa jokaisessa on ainutlaatuisia bonusominaisuuksia ja hahmojen tarinoita. Pelin RTP on 96,86 % ja volatiliteetti on keskitasoa, joten pelaajat voivat nauttia tasapainoisesta pelikokemuksesta, jossa on kohtuullinen voittotiheys ja mahdollisuus kunnon voittoihin.<\/p>\n<p style=\"text-align: justify;\">Huomaa, ett\u00e4 RTP (Return to Player, palautus pelaajalle) on keskim\u00e4\u00e4r\u00e4inen prosenttiosuus panostetusta rahasta, jonka kolikkopeli maksaa pelaajille takaisin ajan my\u00f6t\u00e4. Volatiliteetti, joka tunnetaan my\u00f6s nimell\u00e4 varianssi, viittaa kolikkopelin riskitasoon ja m\u00e4\u00e4ritt\u00e4\u00e4 voittojen tiheyden ja koon.<\/p>\n<h2 style=\"text-align: justify;\"><strong>Liity Bonus Slot Seikkailu SlotSite.com Casino:<\/strong><\/h2>\n<p style=\"text-align: justify;\">Tiimimme on sitoutunut tarjoamaan sinulle mukavan kokemuksen. Tukihenkil\u00f6st\u00f6mme toimii 24\/7, ja yli 75 johtavan ohjelmistotoimittajan ansiosta voit l\u00f6yt\u00e4\u00e4 monia bonuspakattuja pelej\u00e4 ja l\u00f6yt\u00e4\u00e4 suosikkisi.<\/p>\n<h2 style=\"text-align: justify;\"><strong>Muista pelata vastuullisesti:<\/strong><\/h2>\n<p style=\"text-align: justify;\">SlotSite.com Casinolla asetamme vastuullisen pelaamisen etusijalle. Kannustamme pelaajiamme asettamaan rajoja, hallitsemaan aikaansa ja rahojaan tehokkaasti ja hakemaan tukea, jos pelaamisesta tulee ongelma. Hyvinvointisi on meille t\u00e4rke\u00e4\u00e4, ja olemme sitoutuneet edist\u00e4m\u00e4\u00e4n turvallista ja nautinnollista peliymp\u00e4rist\u00f6\u00e4 kaikille.<\/p>\n","protected":false},"excerpt":{"rendered":"<p>Pelaa online bonus kolikkopelej\u00e4 SlotSite.com kasinolla t\u00e4n\u00e4\u00e4n! Jos etsit ylim\u00e4\u00e4r\u00e4ist\u00e4 annosta j\u00e4nnityst\u00e4 ja palkintoja kolikkopelikokemukseesi, kokoelmamme online-bonuskolikkopeleist\u00e4 on juuri sit\u00e4, mit\u00e4 tarvitset. SlotSite.com Casinolla tarjoamme sinulle suuren valikoiman bonuspakattuja kolikkopelej\u00e4, jotka on suunniteltu nostamaan viihdytyksesi uusiin korkeuksiin. Mit\u00e4 ovat online-bonuskolikkopelit? Online-bonuskolikkopelit ovat erityinen kolikkopelien luokka, joka tarjoaa lis\u00e4ominaisuuksia ja palkintoja tavallisen pelattavuuden lis\u00e4ksi. N\u00e4m\u00e4 kolikkopelit [&hellip;]<\/p>\n","protected":false},"author":1,"featured_media":0,"parent":0,"menu_order":0,"comment_status":"closed","ping_status":"closed","template":"templates\/promotion-template.php","meta":{"footnotes":""},"class_list":["post-190","page","type-page","status-publish","hentry"],"translation":{"provider":"WPGlobus","version":"2.12.2","language":"fi","enabled_languages":["en","ca","fi","no","ja","es","pt","qc","gb","ir","nz","sa","in"],"languages":{"en":{"title":true,"content":true,"excerpt":false},"ca":{"title":true,"content":true,"excerpt":false},"fi":{"title":true,"content":true,"excerpt":false},"no":{"title":true,"content":true,"excerpt":false},"ja":{"title":true,"content":true,"excerpt":false},"es":{"title":true,"content":true,"excerpt":false},"pt":{"title":false,"content":false,"excerpt":false},"qc":{"title":true,"content":true,"excerpt":false},"gb":{"title":true,"content":true,"excerpt":false},"ir":{"title":false,"content":false,"excerpt":false},"nz":{"title":false,"content":false,"excerpt":false},"sa":{"title":false,"content":false,"excerpt":false},"in":{"title":true,"content":true,"excerpt":false}}},"acf":[],"yoast_head":"<!-- This site is optimized with the Yoast SEO plugin v20.11 - https:\/\/yoast.com\/wordpress\/plugins\/seo\/ -->\n<title>Slotsite<\/title>\n<meta name=\"robots\" content=\"index, follow, max-snippet:-1, max-image-preview:large, max-video-preview:-1\" \/>\n<link rel=\"canonical\" href=\"https:\/\/slotsite.mediacle.net\/bonus-slots\/\" \/>\n<meta property=\"og:locale\" content=\"fi_FI\" \/>\n<meta property=\"og:type\" content=\"article\" \/>\n<meta property=\"og:url\" content=\"https:\/\/slotsite.mediacle.net\/bonus-slots\/\" \/>\n<meta property=\"og:site_name\" content=\"Slotsite\" \/>\n<meta property=\"article:modified_time\" content=\"2023-08-24T08:23:20+00:00\" \/>\n<meta name=\"twitter:card\" content=\"summary_large_image\" \/>\n<meta name=\"twitter:label1\" content=\"Est. reading time\" \/>\n\t<meta name=\"twitter:data1\" content=\"5 minutes\" \/>\n<script type=\"application\/ld+json\" class=\"yoast-schema-graph\">{\"@context\":\"https:\/\/schema.org\",\"@graph\":[{\"@type\":\"WebPage\",\"@id\":\"https:\/\/slotsite.mediacle.net\/bonus-slots\/\",\"url\":\"https:\/\/slotsite.mediacle.net\/bonus-slots\/\",\"name\":\"\",\"isPartOf\":{\"@id\":\"https:\/\/slotsite.mediacle.net\/#website\"},\"datePublished\":\"2023-07-10T06:42:26+00:00\",\"dateModified\":\"2023-08-24T08:23:20+00:00\",\"description\":\"\",\"breadcrumb\":{\"@id\":\"https:\/\/slotsite.mediacle.net\/bonus-slots\/#breadcrumb\"},\"inLanguage\":\"fi\",\"potentialAction\":[{\"@type\":\"ReadAction\",\"target\":[\"https:\/\/slotsite.mediacle.net\/bonus-slots\/\"]}]},{\"@type\":\"BreadcrumbList\",\"@id\":\"https:\/\/slotsite.mediacle.net\/bonus-slots\/#breadcrumb\",\"itemListElement\":[{\"@type\":\"ListItem\",\"position\":1,\"name\":\"Home\",\"item\":\"https:\/\/slotsite.mediacle.net\/\"},{\"@type\":\"ListItem\",\"position\":2,\"name\":\"Online Bonus Slots\"}]},{\"@type\":\"WebSite\",\"@id\":\"https:\/\/slotsite.mediacle.net\/#website\",\"url\":\"https:\/\/slotsite.mediacle.net\/\",\"name\":\"Slotsite\",\"description\":\"\",\"potentialAction\":[{\"@type\":\"SearchAction\",\"target\":{\"@type\":\"EntryPoint\",\"urlTemplate\":\"https:\/\/slotsite.mediacle.net\/?s={search_term_string}\"},\"query-input\":\"required name=search_term_string\"}],\"inLanguage\":\"fi\"}]}<\/script>\n<!-- \/ Yoast SEO plugin. -->","yoast_head_json":{"title":"Slotsite","robots":{"index":"index","follow":"follow","max-snippet":"max-snippet:-1","max-image-preview":"max-image-preview:large","max-video-preview":"max-video-preview:-1"},"canonical":"https:\/\/slotsite.mediacle.net\/bonus-slots\/","og_locale":"fi_FI","og_type":"article","og_url":"https:\/\/slotsite.mediacle.net\/bonus-slots\/","og_site_name":"Slotsite","article_modified_time":"2023-08-24T08:23:20+00:00","twitter_card":"summary_large_image","twitter_misc":{"Est. reading time":"5 minutes"},"schema":{"@context":"https:\/\/schema.org","@graph":[{"@type":"WebPage","@id":"https:\/\/slotsite.mediacle.net\/bonus-slots\/","url":"https:\/\/slotsite.mediacle.net\/bonus-slots\/","name":"","isPartOf":{"@id":"https:\/\/slotsite.mediacle.net\/#website"},"datePublished":"2023-07-10T06:42:26+00:00","dateModified":"2023-08-24T08:23:20+00:00","description":"","breadcrumb":{"@id":"https:\/\/slotsite.mediacle.net\/bonus-slots\/#breadcrumb"},"inLanguage":"fi","potentialAction":[{"@type":"ReadAction","target":["https:\/\/slotsite.mediacle.net\/bonus-slots\/"]}]},{"@type":"BreadcrumbList","@id":"https:\/\/slotsite.mediacle.net\/bonus-slots\/#breadcrumb","itemListElement":[{"@type":"ListItem","position":1,"name":"Home","item":"https:\/\/slotsite.mediacle.net\/"},{"@type":"ListItem","position":2,"name":"Online Bonus Slots"}]},{"@type":"WebSite","@id":"https:\/\/slotsite.mediacle.net\/#website","url":"https:\/\/slotsite.mediacle.net\/","name":"Slotsite","description":"","potentialAction":[{"@type":"SearchAction","target":{"@type":"EntryPoint","urlTemplate":"https:\/\/slotsite.mediacle.net\/?s={search_term_string}"},"query-input":"required name=search_term_string"}],"inLanguage":"fi"}]}},"_links":{"self":[{"href":"https:\/\/slotsite.mediacle.net\/fi\/wp-json\/wp\/v2\/pages\/190","targetHints":{"allow":["GET"]}}],"collection":[{"href":"https:\/\/slotsite.mediacle.net\/fi\/wp-json\/wp\/v2\/pages"}],"about":[{"href":"https:\/\/slotsite.mediacle.net\/fi\/wp-json\/wp\/v2\/types\/page"}],"author":[{"embeddable":true,"href":"https:\/\/slotsite.mediacle.net\/fi\/wp-json\/wp\/v2\/users\/1"}],"replies":[{"embeddable":true,"href":"https:\/\/slotsite.mediacle.net\/fi\/wp-json\/wp\/v2\/comments?post=190"}],"version-history":[{"count":35,"href":"https:\/\/slotsite.mediacle.net\/fi\/wp-json\/wp\/v2\/pages\/190\/revisions"}],"predecessor-version":[{"id":2152,"href":"https:\/\/slotsite.mediacle.net\/fi\/wp-json\/wp\/v2\/pages\/190\/revisions\/2152"}],"wp:attachment":[{"href":"https:\/\/slotsite.mediacle.net\/fi\/wp-json\/wp\/v2\/media?parent=190"}],"curies":[{"name":"wp","href":"https:\/\/api.w.org\/{rel}","templated":true}]}}