{"id":193,"date":"2023-07-10T06:43:00","date_gmt":"2023-07-10T06:43:00","guid":{"rendered":"https:\/\/slotsite.mediacle.net\/?page_id=193"},"modified":"2023-08-31T08:35:34","modified_gmt":"2023-08-31T08:35:34","slug":"megaways-slots","status":"publish","type":"page","link":"https:\/\/slotsite.mediacle.net\/fi\/megaways-kolikkopelit\/","title":{"rendered":"Megaways kolikkopelit"},"content":{"rendered":"<h2 style=\"text-align: justify;\"><strong>Koe perimm\u00e4inen kiekkoseikkailu Megaways-kolikkopelien kanssa!<\/strong><\/h2>\n<p style=\"text-align: justify;\">Megaways-kolikkopelit ovat valloittaneet nettikasinomaailman myrskyn mukana, sill\u00e4 ne tarjoavat vallankumouksellisen ja j\u00e4nnitt\u00e4v\u00e4n pelikokemuksen. Big Time Gamingin kehitt\u00e4m\u00e4 Megaways-mekaniikka on lisensoitu useille muille ohjelmistotoimittajille, mink\u00e4 seurauksena Megaways-kolikkopelien kokoelma on kasvanut.<\/p>\n<p style=\"text-align: justify;\">Megaways-kolikkopelit erottuvat toisistaan niiden ainutlaatuisen kiekkokokoonpanon ansiosta. Toisin kuin perinteisiss\u00e4 kolikkopeleiss\u00e4, joissa on kiinte\u00e4 m\u00e4\u00e4r\u00e4 rullia ja voittolinjoja, Megaways-peleiss\u00e4 on dynaaminen kokoonpano, joka sallii satunnaisen m\u00e4\u00e4r\u00e4n symboleja ilmesty\u00e4 jokaiselle rullalle jokaisella kierroksella. T\u00e4m\u00e4 tarkoittaa sit\u00e4, ett\u00e4 symbolien m\u00e4\u00e4r\u00e4 kullakin rullalla voi vaihdella kierroksesta toiseen, jolloin voittotapojen m\u00e4\u00e4r\u00e4 vaihtelee.<\/p>\n<p style=\"text-align: justify;\">Megaways-kolikkopeliss\u00e4 voittotapojen m\u00e4\u00e4r\u00e4 voi nousta h\u00e4mm\u00e4stytt\u00e4v\u00e4n korkealle, usein yli kymmeniin tuhansiin tai jopa satoihin tuhansiin. T\u00e4m\u00e4 tarjoaa pelaajille uskomatonta j\u00e4nnityst\u00e4 ja voittomahdollisuuksia. Jokaisella py\u00f6r\u00e4ytyksell\u00e4 pelimoottori laskee voittotapojen m\u00e4\u00e4r\u00e4n kullakin rullalla esiintyvien symbolien m\u00e4\u00e4r\u00e4n perusteella.<\/p>\n<p style=\"text-align: justify;\">Megaways-kolikkopelit sis\u00e4lt\u00e4v\u00e4t usein lis\u00e4ominaisuuksia ja -mekanismeja, jotka parantavat pelattavuutta entisest\u00e4\u00e4n. Yksi t\u00e4llainen ominaisuus on kaskadoituvat rullat, jotka tunnetaan my\u00f6s nimell\u00e4 lumivy\u00f6ry tai kaatuvat rullat. Voittoyhdistelm\u00e4n j\u00e4lkeen voittoon osallistuneet symbolit r\u00e4j\u00e4ht\u00e4v\u00e4t tai katoavat, jolloin uudet symbolit p\u00e4\u00e4sev\u00e4t kaskadoimaan paikoilleen. T\u00e4m\u00e4 voi luoda useita per\u00e4kk\u00e4isi\u00e4 voittoja yhdell\u00e4 py\u00f6r\u00e4ytyksell\u00e4 ja tehostaa yleist\u00e4 pelikokemusta.<\/p>\n<p style=\"text-align: justify;\">Megaways-kolikkopeleiss\u00e4 on my\u00f6s erilaisia bonusominaisuuksia, jotka pit\u00e4v\u00e4t pelaajat sitoutuneina ja viihdytt\u00e4vin\u00e4. N\u00e4ihin voi kuulua ilmaiskierroksia, joissa pelaajat voivat nauttia tietyst\u00e4 m\u00e4\u00e4r\u00e4st\u00e4 kierroksia ilman lis\u00e4krediitti\u00e4. Joissakin peleiss\u00e4 on jopa progressiivisia kertoimia ilmaiskierrosten aikana, jolloin kertoimen arvo kasvaa jokaisella kaskadilla tai voittokierroksella.<\/p>\n<p style=\"text-align: justify;\">Megaways-kolikkopelien suosio on johtanut laajenevaan pelikokoelmaan, jossa on erilaisia teemoja ja innovatiivisia pelimekaniikkoja. Muinaisista sivilisaatioista fantasiamaailmoihin, pelaajat voivat l\u00f6yt\u00e4\u00e4 Megaways-kolikkopelej\u00e4, jotka sopivat heid\u00e4n mielenkiinnon kohteisiinsa. Jokainen peli tarjoaa ainutlaatuisen ja dynaamisen kokemuksen jatkuvasti muuttuvan kiekkokokoonpanon ja massiivisen voittotapojen m\u00e4\u00e4r\u00e4n ansiosta.<\/p>\n<h3 style=\"text-align: justify;\"><strong>Tutustutaanpa muutamiin suosittuihin Megaways-kolikkopeleihin eri ohjelmistotoimittajilta:<\/strong><\/h3>\n<p style=\"text-align: justify;\">Bonanza Megaways (Big Time Gaming): T\u00e4ss\u00e4 eritt\u00e4in ep\u00e4vakaassa kolikkopeliss\u00e4 on jopa 117 649 tapaa voittaa. K\u00e4ynnist\u00e4 ilmaiskierroskierros ja hy\u00f6dy kasvavasta kertoimesta jokaisen kaskadin my\u00f6t\u00e4.<\/p>\n<p style=\"text-align: justify;\">Extra Chilli Megaways (Big Time Gaming): T\u00e4m\u00e4 kolikkopeli sijoittuu vilkkaille meksikolaisille markkinoille ja tarjoaa jopa 117 649 tapaa voittaa. Saa kolme tai useampi scatter-symboli, niin p\u00e4\u00e4set ilmaiskierrostoimintoon, jossa on rajoittamaton voittokerroin.<\/p>\n<p style=\"text-align: justify;\">Gonzo&#8217;s Quest Megaways (Red Tiger Gaming): Megaways-versio suositusta kolikkopelist\u00e4. L\u00f6yd\u00e4 kaskadoituvia voittoja ja laukaise Earthquake-toiminto taattuja wild-symboleita varten. Gonzo&#8217;s Quest Megaways tarjoaa 15-kertaiset kertoimet ja 20 000-kertaisen voittomahdollisuuden.<\/p>\n<p style=\"text-align: justify;\">Rick and Morty Megaways (Blueprint Gaming): Megaways-kolikkopeli perustuu menestyksekk\u00e4\u00e4seen animaatiosarjaan, ja se on t\u00e4ynn\u00e4 hauskoja hetki\u00e4 ja j\u00e4nnitt\u00e4v\u00e4\u00e4 pelattavuutta. Avaa erilaisia bonusominaisuuksia ja ilmaiskierroksia suurten voittojen saamiseksi.<\/p>\n<p style=\"text-align: justify;\">Divine Fortune Megaways (NetEnt): Megaways-kolikkopeli: Koe antiikin Kreikan myyttinen maailma t\u00e4ss\u00e4 jumalaisessa Megaways-kolikkopeliss\u00e4. Saa wild-symboleita k\u00e4ynnist\u00e4\u00e4ksesi Falling Wilds Re-Spins -re-spinsin ja tavoittele legendaarista progressiivista jackpotia.<\/p>\n<h3 style=\"text-align: justify;\"><strong>Jokainen peli tarjoaa hauskan mahdollisuuden!<\/strong><\/h3>\n<p style=\"text-align: justify;\">Liity j\u00e4seneksi t\u00e4n\u00e4\u00e4n! N\u00e4m\u00e4 ovat vain muutamia esimerkkej\u00e4 monista kiehtovista Megaways-kolikkopeleist\u00e4, jotka ovat saatavilla SlotSite.com Casinolla. Muista aina pelata vastuullisesti ja asettaa rajat turvallisen ja nautinnollisen pelikokemuksen varmistamiseksi. Pelaaminen voi aiheuttaa riippuvuutta.<\/p>\n","protected":false},"excerpt":{"rendered":"<p>Koe perimm\u00e4inen kiekkoseikkailu Megaways-kolikkopelien kanssa! Megaways-kolikkopelit ovat valloittaneet nettikasinomaailman myrskyn mukana, sill\u00e4 ne tarjoavat vallankumouksellisen ja j\u00e4nnitt\u00e4v\u00e4n pelikokemuksen. Big Time Gamingin kehitt\u00e4m\u00e4 Megaways-mekaniikka on lisensoitu useille muille ohjelmistotoimittajille, mink\u00e4 seurauksena Megaways-kolikkopelien kokoelma on kasvanut. Megaways-kolikkopelit erottuvat toisistaan niiden ainutlaatuisen kiekkokokoonpanon ansiosta. Toisin kuin perinteisiss\u00e4 kolikkopeleiss\u00e4, joissa on kiinte\u00e4 m\u00e4\u00e4r\u00e4 rullia ja voittolinjoja, Megaways-peleiss\u00e4 on dynaaminen [&hellip;]<\/p>\n","protected":false},"author":1,"featured_media":0,"parent":0,"menu_order":0,"comment_status":"closed","ping_status":"closed","template":"templates\/category.php","meta":{"footnotes":""},"class_list":["post-193","page","type-page","status-publish","hentry"],"translation":{"provider":"WPGlobus","version":"2.12.2","language":"fi","enabled_languages":["en","ca","fi","no","ja","es","pt","qc","gb","ir","nz","sa","in"],"languages":{"en":{"title":true,"content":true,"excerpt":false},"ca":{"title":true,"content":true,"excerpt":false},"fi":{"title":true,"content":true,"excerpt":false},"no":{"title":true,"content":true,"excerpt":false},"ja":{"title":true,"content":true,"excerpt":false},"es":{"title":true,"content":true,"excerpt":false},"pt":{"title":true,"content":true,"excerpt":false},"qc":{"title":true,"content":true,"excerpt":false},"gb":{"title":true,"content":true,"excerpt":false},"ir":{"title":false,"content":false,"excerpt":false},"nz":{"title":false,"content":false,"excerpt":false},"sa":{"title":false,"content":false,"excerpt":false},"in":{"title":true,"content":true,"excerpt":false}}},"acf":[],"yoast_head":"<!-- This site is optimized with the Yoast SEO plugin v20.11 - https:\/\/yoast.com\/wordpress\/plugins\/seo\/ -->\n<title>Megaways-kolikkopelit | P\u00e4\u00e4st\u00e4 onneasi valloilleen Megaways-kolikkopelien avulla: loputtomia tapoja voittaa!<\/title>\n<meta name=\"description\" content=\"L\u00f6yd\u00e4 Megaways-kolikkopelien j\u00e4nnitys, jossa jokainen kierros tarjoaa dynaamisen ja arvaamattoman pelikokemuksen. Jatkuvasti muuttuvien voittotapojen ansiosta n\u00e4m\u00e4 kolikkopelit tarjoavat vertaansa vailla olevaa j\u00e4nnityst\u00e4.\" \/>\n<meta name=\"robots\" content=\"index, follow, max-snippet:-1, max-image-preview:large, max-video-preview:-1\" \/>\n<link rel=\"canonical\" href=\"https:\/\/slotsite.mediacle.net\/megaways-slots\/\" \/>\n<meta property=\"og:locale\" content=\"fi_FI\" \/>\n<meta property=\"og:type\" content=\"article\" \/>\n<meta property=\"og:title\" content=\"Megaways-kolikkopelit | P\u00e4\u00e4st\u00e4 onneasi valloilleen Megaways-kolikkopelien avulla: loputtomia tapoja voittaa!\" \/>\n<meta property=\"og:description\" content=\"L\u00f6yd\u00e4 Megaways-kolikkopelien j\u00e4nnitys, jossa jokainen kierros tarjoaa dynaamisen ja arvaamattoman pelikokemuksen. Jatkuvasti muuttuvien voittotapojen ansiosta n\u00e4m\u00e4 kolikkopelit tarjoavat vertaansa vailla olevaa j\u00e4nnityst\u00e4.\" \/>\n<meta property=\"og:url\" content=\"https:\/\/slotsite.mediacle.net\/megaways-slots\/\" \/>\n<meta property=\"og:site_name\" content=\"Slotsite\" \/>\n<meta property=\"article:modified_time\" content=\"2023-08-31T08:35:34+00:00\" \/>\n<meta name=\"twitter:card\" content=\"summary_large_image\" \/>\n<meta name=\"twitter:label1\" content=\"Est. reading time\" \/>\n\t<meta name=\"twitter:data1\" content=\"3 minutes\" \/>\n<script type=\"application\/ld+json\" class=\"yoast-schema-graph\">{\"@context\":\"https:\/\/schema.org\",\"@graph\":[{\"@type\":\"WebPage\",\"@id\":\"https:\/\/slotsite.mediacle.net\/megaways-slots\/\",\"url\":\"https:\/\/slotsite.mediacle.net\/megaways-slots\/\",\"name\":\"Slots Megaways | Liberte a sua sorte com os ca\u00e7a-n\u00edqueis Megaways: infinitas maneiras de ganhar!\",\"isPartOf\":{\"@id\":\"https:\/\/slotsite.mediacle.net\/#website\"},\"datePublished\":\"2023-07-10T06:43:00+00:00\",\"dateModified\":\"2023-08-31T08:35:34+00:00\",\"description\":\"Descubra a emo\u00e7\u00e3o dos slots Megaways, onde cada rodada oferece uma experi\u00eancia de jogo din\u00e2mica e imprevis\u00edvel. Com in\u00fameras maneiras de ganhar em constante mudan\u00e7a, esses slots oferecem emo\u00e7\u00f5es incompar\u00e1veis.\",\"breadcrumb\":{\"@id\":\"https:\/\/slotsite.mediacle.net\/megaways-slots\/#breadcrumb\"},\"inLanguage\":\"fi\",\"potentialAction\":[{\"@type\":\"ReadAction\",\"target\":[\"https:\/\/slotsite.mediacle.net\/megaways-slots\/\"]}]},{\"@type\":\"BreadcrumbList\",\"@id\":\"https:\/\/slotsite.mediacle.net\/megaways-slots\/#breadcrumb\",\"itemListElement\":[{\"@type\":\"ListItem\",\"position\":1,\"name\":\"Home\",\"item\":\"https:\/\/slotsite.mediacle.net\/\"},{\"@type\":\"ListItem\",\"position\":2,\"name\":\"Megaways Slot Games\"}]},{\"@type\":\"WebSite\",\"@id\":\"https:\/\/slotsite.mediacle.net\/#website\",\"url\":\"https:\/\/slotsite.mediacle.net\/\",\"name\":\"Slotsite\",\"description\":\"\",\"potentialAction\":[{\"@type\":\"SearchAction\",\"target\":{\"@type\":\"EntryPoint\",\"urlTemplate\":\"https:\/\/slotsite.mediacle.net\/?s={search_term_string}\"},\"query-input\":\"required name=search_term_string\"}],\"inLanguage\":\"fi\"}]}<\/script>\n<!-- \/ Yoast SEO plugin. -->","yoast_head_json":{"title":"Megaways-kolikkopelit | P\u00e4\u00e4st\u00e4 onneasi valloilleen Megaways-kolikkopelien avulla: loputtomia tapoja voittaa!","description":"L\u00f6yd\u00e4 Megaways-kolikkopelien j\u00e4nnitys, jossa jokainen kierros tarjoaa dynaamisen ja arvaamattoman pelikokemuksen. Jatkuvasti muuttuvien voittotapojen ansiosta n\u00e4m\u00e4 kolikkopelit tarjoavat vertaansa vailla olevaa j\u00e4nnityst\u00e4.","robots":{"index":"index","follow":"follow","max-snippet":"max-snippet:-1","max-image-preview":"max-image-preview:large","max-video-preview":"max-video-preview:-1"},"canonical":"https:\/\/slotsite.mediacle.net\/megaways-slots\/","og_locale":"fi_FI","og_type":"article","og_title":"Megaways-kolikkopelit | P\u00e4\u00e4st\u00e4 onneasi valloilleen Megaways-kolikkopelien avulla: loputtomia tapoja voittaa!","og_description":"L\u00f6yd\u00e4 Megaways-kolikkopelien j\u00e4nnitys, jossa jokainen kierros tarjoaa dynaamisen ja arvaamattoman pelikokemuksen. Jatkuvasti muuttuvien voittotapojen ansiosta n\u00e4m\u00e4 kolikkopelit tarjoavat vertaansa vailla olevaa j\u00e4nnityst\u00e4.","og_url":"https:\/\/slotsite.mediacle.net\/megaways-slots\/","og_site_name":"Slotsite","article_modified_time":"2023-08-31T08:35:34+00:00","twitter_card":"summary_large_image","twitter_misc":{"Est. reading time":"3 minutes"},"schema":{"@context":"https:\/\/schema.org","@graph":[{"@type":"WebPage","@id":"https:\/\/slotsite.mediacle.net\/megaways-slots\/","url":"https:\/\/slotsite.mediacle.net\/megaways-slots\/","name":"Slots Megaways | Liberte a sua sorte com os ca\u00e7a-n\u00edqueis Megaways: infinitas maneiras de ganhar!","isPartOf":{"@id":"https:\/\/slotsite.mediacle.net\/#website"},"datePublished":"2023-07-10T06:43:00+00:00","dateModified":"2023-08-31T08:35:34+00:00","description":"Descubra a emo\u00e7\u00e3o dos slots Megaways, onde cada rodada oferece uma experi\u00eancia de jogo din\u00e2mica e imprevis\u00edvel. Com in\u00fameras maneiras de ganhar em constante mudan\u00e7a, esses slots oferecem emo\u00e7\u00f5es incompar\u00e1veis.","breadcrumb":{"@id":"https:\/\/slotsite.mediacle.net\/megaways-slots\/#breadcrumb"},"inLanguage":"fi","potentialAction":[{"@type":"ReadAction","target":["https:\/\/slotsite.mediacle.net\/megaways-slots\/"]}]},{"@type":"BreadcrumbList","@id":"https:\/\/slotsite.mediacle.net\/megaways-slots\/#breadcrumb","itemListElement":[{"@type":"ListItem","position":1,"name":"Home","item":"https:\/\/slotsite.mediacle.net\/"},{"@type":"ListItem","position":2,"name":"Megaways Slot Games"}]},{"@type":"WebSite","@id":"https:\/\/slotsite.mediacle.net\/#website","url":"https:\/\/slotsite.mediacle.net\/","name":"Slotsite","description":"","potentialAction":[{"@type":"SearchAction","target":{"@type":"EntryPoint","urlTemplate":"https:\/\/slotsite.mediacle.net\/?s={search_term_string}"},"query-input":"required name=search_term_string"}],"inLanguage":"fi"}]}},"_links":{"self":[{"href":"https:\/\/slotsite.mediacle.net\/fi\/wp-json\/wp\/v2\/pages\/193","targetHints":{"allow":["GET"]}}],"collection":[{"href":"https:\/\/slotsite.mediacle.net\/fi\/wp-json\/wp\/v2\/pages"}],"about":[{"href":"https:\/\/slotsite.mediacle.net\/fi\/wp-json\/wp\/v2\/types\/page"}],"author":[{"embeddable":true,"href":"https:\/\/slotsite.mediacle.net\/fi\/wp-json\/wp\/v2\/users\/1"}],"replies":[{"embeddable":true,"href":"https:\/\/slotsite.mediacle.net\/fi\/wp-json\/wp\/v2\/comments?post=193"}],"version-history":[{"count":39,"href":"https:\/\/slotsite.mediacle.net\/fi\/wp-json\/wp\/v2\/pages\/193\/revisions"}],"predecessor-version":[{"id":2314,"href":"https:\/\/slotsite.mediacle.net\/fi\/wp-json\/wp\/v2\/pages\/193\/revisions\/2314"}],"wp:attachment":[{"href":"https:\/\/slotsite.mediacle.net\/fi\/wp-json\/wp\/v2\/media?parent=193"}],"curies":[{"name":"wp","href":"https:\/\/api.w.org\/{rel}","templated":true}]}}