{"id":194,"date":"2023-07-10T06:43:18","date_gmt":"2023-07-10T06:43:18","guid":{"rendered":"https:\/\/slotsite.mediacle.net\/?page_id=194"},"modified":"2023-08-31T09:59:46","modified_gmt":"2023-08-31T09:59:46","slug":"online-craps","status":"publish","type":"page","link":"https:\/\/slotsite.mediacle.net\/fi\/online-paskoja\/","title":{"rendered":"Online Craps pelit"},"content":{"rendered":"<h2 style=\"text-align: justify;\"><strong>Heit\u00e4 noppaa ja pelaa online crapsia SlotSite.com Casinolla.<\/strong><\/h2>\n<p style=\"text-align: justify;\">Craps on uskomattoman j\u00e4nnitt\u00e4v\u00e4 ja dynaaminen kasinopeli, joka tarjoaa pelaajille ainutlaatuisen kokemuksen. Crapsia pidet\u00e4\u00e4n usein yhten\u00e4 sosiaalisimmista kasinopeleist\u00e4. Sit\u00e4 pelataan tyypillisesti vilkkaassa p\u00f6yd\u00e4ss\u00e4, jossa on useita pelaajia, mik\u00e4 luo vilkkaan ilmapiirin. Voit olla vuorovaikutuksessa muiden pelaajien kanssa ja hurrata toisten voitoille koko pelin ajan. Craps tarjoaa laajan valikoiman vedonly\u00f6ntivaihtoehtoja, mik\u00e4 antaa pelaajille lukuisia mahdollisuuksia strategioida ja muokata pelaamistaan. Perus Pass Line- ja Don&#8217;t Pass Line -vedoista monimutkaisempiin proposition-vedonly\u00f6nteihin l\u00f6ytyy vedonly\u00f6ntivaihtoehto jokaiseen pelityyliin.<\/p>\n<p style=\"text-align: justify;\">Craps on tunnettu nopeatempoisesta ja toiminnant\u00e4yteisest\u00e4 pelattavuudestaan. Useita panostuskierroksia ja nopanheittoja sis\u00e4lt\u00e4v\u00e4 peli pit\u00e4\u00e4 pelaajat varpaillaan ja varmistaa, ettei tyls\u00e4\u00e4 hetke\u00e4 tule koskaan. Kun Crapsia pelataan oikealla strategialla, se voi tarjota joitakin kasinon parhaista kertoimista. Tietyill\u00e4 panoksilla, kuten Pass Line- ja Don&#8217;t Pass Line -panoksilla, on alhainen talon etu, mik\u00e4 antaa pelaajille paremmat mahdollisuudet voittaa pitk\u00e4ll\u00e4 aikav\u00e4lill\u00e4. T\u00e4m\u00e4 n\u00e4k\u00f6kohta lis\u00e4\u00e4 peliin strategian elementin ja pit\u00e4\u00e4 pelaajat sitoutuneina.<\/p>\n<h2 style=\"text-align: justify;\"><strong>Crapsin lyhyt historia:<\/strong><\/h2>\n<p style=\"text-align: justify;\">Craps on noppapeli, jolla on muinaiset juuret ja joka on vuosisatojen kuluessa kehittynyt nyky\u00e4\u00e4n tunnetuksi ja suosituksi kasinopeliksi. Sen juuret juontavat juurensa ristiretkille, jolloin sotilaat pelasivat ajanvietteeksi peli\u00e4 nimelt\u00e4 &#8220;Hazard&#8221;. Hazard kulkeutui lopulta Eurooppaan, jossa se saavutti suosiota yl\u00e4luokan keskuudessa. Peli\u00e4 muutettiin edelleen 1700- ja 1800-luvuilla Englannissa ja Ranskassa, ja lopulta se l\u00f6ysi tiens\u00e4 Amerikkaan.<\/p>\n<p style=\"text-align: justify;\">1900-luvun alussa John H. Winn mullisti pelin ottamalla k\u00e4ytt\u00f6\u00f6n k\u00e4sitteen &#8220;oikeat&#8221; ja &#8220;v\u00e4\u00e4r\u00e4t&#8221; vedonly\u00f6j\u00e4t sek\u00e4 lis\u00e4\u00e4m\u00e4ll\u00e4 don&#8217;t pass -linjan. N\u00e4m\u00e4 muutokset toivat peliin lis\u00e4\u00e4 oikeudenmukaisuutta ja loivat pohjan Crapsin nykyaikaiselle versiolle.<\/p>\n<h2 style=\"text-align: justify;\"><strong>Miten pelaat Craps:<\/strong><\/h2>\n<p style=\"text-align: justify;\">Crapsia pelataan kahdella nopalla ja siihen kuuluu useita panostuskierroksia. Pelin tavoitteena on ennustaa nopanheiton tulos. T\u00e4ss\u00e4 on lyhyt katsaus Crapsin pelaamiseen:<\/p>\n<p style=\"text-align: justify;\">Peli alkaa &#8220;come-out&#8221;-heitolla, jossa heitt\u00e4j\u00e4 (noppaa heitt\u00e4v\u00e4 pelaaja) pyrkii saamaan pistem\u00e4\u00e4r\u00e4n (4, 5, 6, 8, 9 tai 10) heitt\u00e4m\u00e4ll\u00e4 7 tai 11. Jos heitet\u00e4\u00e4n 2, 3 tai 12, peli\u00e4 kutsutaan &#8220;crapsiksi&#8221;, ja kierros p\u00e4\u00e4ttyy.<\/p>\n<p style=\"text-align: justify;\">Jos pistem\u00e4\u00e4r\u00e4 on vahvistettu, peli siirtyy pistevaiheeseen. Heitt\u00e4j\u00e4 jatkaa nopanheittoa, kunnes he heitt\u00e4\u00e4 pistem\u00e4\u00e4r\u00e4n uudelleen voittaakseen tai heitt\u00e4\u00e4 7 h\u00e4vit\u00e4kseen.<\/p>\n<p style=\"text-align: justify;\">P\u00f6yd\u00e4n pelaajat voivat asettaa erilaisia vetoja nopanheiton tuloksesta. Joitakin yleisi\u00e4 vetoja ovat Pass Line, Don&#8217;t Pass Line, Come, Don&#8217;t Come ja Place-vedot.<\/p>\n<p style=\"text-align: justify;\">Pass Line -panos on crapsin peruspanos ja suosituin. Pelaajat asettavat pelimerkkins\u00e4 Pass Line -linjalle ennen come-out-rullaa. Jos heitt\u00e4j\u00e4 heitt\u00e4\u00e4 7 tai 11, Pass Line -panos voittaa. Jos heitet\u00e4\u00e4n 2, 3 tai 12, panos h\u00e4vi\u00e4\u00e4.<\/p>\n<p style=\"text-align: justify;\">Don&#8217;t Pass Line -veto on Pass Line -vedon vastakohta. Se voittaa, jos heitt\u00e4j\u00e4 heitt\u00e4\u00e4 2, 3 tai 12, ja h\u00e4vi\u00e4\u00e4, jos heitet\u00e4\u00e4n 7 tai 11.<\/p>\n<p style=\"text-align: justify;\">Muut vedot, kuten Come- ja Don&#8217;t Come -vedot, voidaan asettaa sen j\u00e4lkeen, kun pistem\u00e4\u00e4r\u00e4 on vahvistettu. N\u00e4m\u00e4 vedot ovat samanlaisia kuin Pass Line- ja Don&#8217;t Pass Line -vedot, mutta ne asetetaan pistevaiheen aikana.<\/p>\n<p style=\"text-align: justify;\">Craps tarjoaa my\u00f6s erilaisia proposition-vetoja, jotka ovat yhden rullan vetoja, joilla on tietyt ehdot ja voitot. On t\u00e4rke\u00e4\u00e4 huomata, ett\u00e4 Craps-vedonly\u00f6ntiin liittyy oma kielens\u00e4 ja terminologiansa. Voi vied\u00e4 jonkin aikaa tutustua eri vetoihin ja niit\u00e4 vastaaviin s\u00e4\u00e4nt\u00f6ihin.<\/p>\n<h2 style=\"text-align: justify;\"><strong>Live-j\u00e4lleenmyyj\u00e4 Online Craps<\/strong><\/h2>\n<p style=\"text-align: justify;\">Evolution Gamingin Live Craps vie klassisen kasinopelin j\u00e4nnityksen uusiin ulottuvuuksiin. T\u00e4ss\u00e4 live-jakajaversiossa pelaajat voivat nauttia aidosta 1920-luvun Speakeasy-teemaisesta kasinokokemuksesta sek\u00e4 ty\u00f6p\u00f6yt\u00e4- ett\u00e4 mobiiliversiossa. Peli\u00e4 striimataan reaaliajassa, ja mukana on karismaattinen ja asiantunteva jakaja, joka opastaa pelaajia pelin aikana.<\/p>\n<p style=\"text-align: justify;\">Live Craps tarjoaa erilaisia panoksia, joita pelaajat voivat asettaa, ja jokaisella panoksella on oma voittoprosenttinsa ja RTP-prosenttinsa (Return to Player). Joitakin suosittuja vetoja ovat mm:<\/p>\n<p style=\"text-align: justify;\">Pass Line -veto: T\u00e4m\u00e4 on yleinen veto, jossa pelaajat panostavat heitt\u00e4j\u00e4 heitt\u00e4\u00e4 7 tai 11 on come-out roll. T\u00e4m\u00e4n vedon palautusprosentti on noin 98,59 %, ja voittosuhde on 1:1.<\/p>\n<p style=\"text-align: justify;\">\u00c4l\u00e4 ohita linjavetoa: Pass Line-vedon vastakohta, jossa pelaajat ly\u00f6v\u00e4t vetoa ampujaa vastaan. T\u00e4m\u00e4n vedon RTP on noin 98,64 %, ja voitto on my\u00f6s 1:1.<\/p>\n<p style=\"text-align: justify;\">Tule ja \u00e4l\u00e4 tule -vedot: Samanlaiset kuin Pass Line- ja Don&#8217;t Pass Line -vedot, mutta ne asetetaan Come-out-rullan j\u00e4lkeen. N\u00e4iden vetojen RTP on noin 98,59 %, ja voittosuhde on 1:1.<\/p>\n<p style=\"text-align: justify;\">Aseta vedot: Pelaajat voivat ly\u00f6d\u00e4 vetoa tietyist\u00e4 numeroista (4, 5, 6, 8, 9 tai 10), jotka heitet\u00e4\u00e4n ennen numeroa 7. N\u00e4iden vetojen RTP vaihtelee valitun numeron mukaan, ja voitot vaihtelevat 9:5:st\u00e4 7:6:een.<\/p>\n<p style=\"text-align: justify;\">Live Craps tarjoaa mukaansatempaavan ja sosiaalisen kokemuksen, jossa pelaajat voivat olla vuorovaikutuksessa jakajan ja muiden osallistujien kanssa live-chatin kautta. Tule mukaan SlotSite.com Casinolle ja heitt\u00e4k\u00e4\u00e4 noppaa t\u00e4ss\u00e4 kiehtovassa Crapsin liveversiossa, jossa on sujuva suoratoisto ja hauskat jakajat! Muista aina tuntea ja asettaa rajasi. Pelaa vastuullisesti. Uhkapelaaminen voi aiheuttaa riippuvuutta.<\/p>\n","protected":false},"excerpt":{"rendered":"<p>Heit\u00e4 noppaa ja pelaa online crapsia SlotSite.com Casinolla. Craps on uskomattoman j\u00e4nnitt\u00e4v\u00e4 ja dynaaminen kasinopeli, joka tarjoaa pelaajille ainutlaatuisen kokemuksen. Crapsia pidet\u00e4\u00e4n usein yhten\u00e4 sosiaalisimmista kasinopeleist\u00e4. Sit\u00e4 pelataan tyypillisesti vilkkaassa p\u00f6yd\u00e4ss\u00e4, jossa on useita pelaajia, mik\u00e4 luo vilkkaan ilmapiirin. Voit olla vuorovaikutuksessa muiden pelaajien kanssa ja hurrata toisten voitoille koko pelin ajan. Craps tarjoaa laajan [&hellip;]<\/p>\n","protected":false},"author":1,"featured_media":0,"parent":0,"menu_order":0,"comment_status":"closed","ping_status":"closed","template":"templates\/category.php","meta":{"footnotes":""},"class_list":["post-194","page","type-page","status-publish","hentry"],"translation":{"provider":"WPGlobus","version":"2.12.2","language":"fi","enabled_languages":["en","ca","fi","no","ja","es","pt","qc","gb","ir","nz","sa","in"],"languages":{"en":{"title":true,"content":true,"excerpt":false},"ca":{"title":true,"content":true,"excerpt":false},"fi":{"title":true,"content":true,"excerpt":false},"no":{"title":true,"content":true,"excerpt":false},"ja":{"title":true,"content":true,"excerpt":false},"es":{"title":true,"content":true,"excerpt":false},"pt":{"title":true,"content":true,"excerpt":false},"qc":{"title":true,"content":true,"excerpt":false},"gb":{"title":true,"content":true,"excerpt":false},"ir":{"title":false,"content":false,"excerpt":false},"nz":{"title":false,"content":false,"excerpt":false},"sa":{"title":false,"content":false,"excerpt":false},"in":{"title":true,"content":true,"excerpt":false}}},"acf":[],"yoast_head":"<!-- This site is optimized with the Yoast SEO plugin v20.11 - https:\/\/yoast.com\/wordpress\/plugins\/seo\/ -->\n<title>Heit\u00e4 noppaa j\u00e4nnitt\u00e4viss\u00e4 online-crapseiss\u00e4: Voita jokaisella heitolla!<\/title>\n<meta name=\"description\" content=\"Koe online-crapsin j\u00e4nnitys ja vie tiesi j\u00e4nnitt\u00e4viin voittoihin! Osallistu t\u00e4h\u00e4n ikoniseen noppapeliin mukavasti kotonasi, jossa onni ja strategia riste\u00e4v\u00e4t ja saat mukaansatempaavan pelikokemuksen. Liity nyt nauttiaksesi toiminnasta.\" \/>\n<meta name=\"robots\" content=\"index, follow, max-snippet:-1, max-image-preview:large, max-video-preview:-1\" \/>\n<link rel=\"canonical\" href=\"https:\/\/slotsite.mediacle.net\/online-craps\/\" \/>\n<meta property=\"og:locale\" content=\"fi_FI\" \/>\n<meta property=\"og:type\" content=\"article\" \/>\n<meta property=\"og:title\" content=\"Heit\u00e4 noppaa j\u00e4nnitt\u00e4viss\u00e4 online-crapseiss\u00e4: Voita jokaisella heitolla!\" \/>\n<meta property=\"og:description\" content=\"Koe online-crapsin j\u00e4nnitys ja vie tiesi j\u00e4nnitt\u00e4viin voittoihin! Osallistu t\u00e4h\u00e4n ikoniseen noppapeliin mukavasti kotonasi, jossa onni ja strategia riste\u00e4v\u00e4t ja saat mukaansatempaavan pelikokemuksen. Liity nyt nauttiaksesi toiminnasta.\" \/>\n<meta property=\"og:url\" content=\"https:\/\/slotsite.mediacle.net\/online-craps\/\" \/>\n<meta property=\"og:site_name\" content=\"Slotsite\" \/>\n<meta property=\"article:modified_time\" content=\"2023-08-31T09:59:46+00:00\" \/>\n<meta name=\"twitter:card\" content=\"summary_large_image\" \/>\n<meta name=\"twitter:label1\" content=\"Est. reading time\" \/>\n\t<meta name=\"twitter:data1\" content=\"5 minutes\" \/>\n<script type=\"application\/ld+json\" class=\"yoast-schema-graph\">{\"@context\":\"https:\/\/schema.org\",\"@graph\":[{\"@type\":\"WebPage\",\"@id\":\"https:\/\/slotsite.mediacle.net\/online-craps\/\",\"url\":\"https:\/\/slotsite.mediacle.net\/online-craps\/\",\"name\":\"Roll the Dice in Exciting Online Craps: Win with Every Throw!\",\"isPartOf\":{\"@id\":\"https:\/\/slotsite.mediacle.net\/#website\"},\"datePublished\":\"2023-07-10T06:43:18+00:00\",\"dateModified\":\"2023-08-31T09:59:46+00:00\",\"description\":\"Experience the thrill of online craps and roll your way to exciting wins! Engage in this iconic dice game from the comfort of your home, where luck and strategy intersect for a riveting gaming experience.\",\"breadcrumb\":{\"@id\":\"https:\/\/slotsite.mediacle.net\/online-craps\/#breadcrumb\"},\"inLanguage\":\"fi\",\"potentialAction\":[{\"@type\":\"ReadAction\",\"target\":[\"https:\/\/slotsite.mediacle.net\/online-craps\/\"]}]},{\"@type\":\"BreadcrumbList\",\"@id\":\"https:\/\/slotsite.mediacle.net\/online-craps\/#breadcrumb\",\"itemListElement\":[{\"@type\":\"ListItem\",\"position\":1,\"name\":\"Home\",\"item\":\"https:\/\/slotsite.mediacle.net\/\"},{\"@type\":\"ListItem\",\"position\":2,\"name\":\"Online Craps Games\"}]},{\"@type\":\"WebSite\",\"@id\":\"https:\/\/slotsite.mediacle.net\/#website\",\"url\":\"https:\/\/slotsite.mediacle.net\/\",\"name\":\"Slotsite\",\"description\":\"\",\"potentialAction\":[{\"@type\":\"SearchAction\",\"target\":{\"@type\":\"EntryPoint\",\"urlTemplate\":\"https:\/\/slotsite.mediacle.net\/?s={search_term_string}\"},\"query-input\":\"required name=search_term_string\"}],\"inLanguage\":\"fi\"}]}<\/script>\n<!-- \/ Yoast SEO plugin. -->","yoast_head_json":{"title":"Heit\u00e4 noppaa j\u00e4nnitt\u00e4viss\u00e4 online-crapseiss\u00e4: Voita jokaisella heitolla!","description":"Koe online-crapsin j\u00e4nnitys ja vie tiesi j\u00e4nnitt\u00e4viin voittoihin! Osallistu t\u00e4h\u00e4n ikoniseen noppapeliin mukavasti kotonasi, jossa onni ja strategia riste\u00e4v\u00e4t ja saat mukaansatempaavan pelikokemuksen. Liity nyt nauttiaksesi toiminnasta.","robots":{"index":"index","follow":"follow","max-snippet":"max-snippet:-1","max-image-preview":"max-image-preview:large","max-video-preview":"max-video-preview:-1"},"canonical":"https:\/\/slotsite.mediacle.net\/online-craps\/","og_locale":"fi_FI","og_type":"article","og_title":"Heit\u00e4 noppaa j\u00e4nnitt\u00e4viss\u00e4 online-crapseiss\u00e4: Voita jokaisella heitolla!","og_description":"Koe online-crapsin j\u00e4nnitys ja vie tiesi j\u00e4nnitt\u00e4viin voittoihin! Osallistu t\u00e4h\u00e4n ikoniseen noppapeliin mukavasti kotonasi, jossa onni ja strategia riste\u00e4v\u00e4t ja saat mukaansatempaavan pelikokemuksen. Liity nyt nauttiaksesi toiminnasta.","og_url":"https:\/\/slotsite.mediacle.net\/online-craps\/","og_site_name":"Slotsite","article_modified_time":"2023-08-31T09:59:46+00:00","twitter_card":"summary_large_image","twitter_misc":{"Est. reading time":"5 minutes"},"schema":{"@context":"https:\/\/schema.org","@graph":[{"@type":"WebPage","@id":"https:\/\/slotsite.mediacle.net\/online-craps\/","url":"https:\/\/slotsite.mediacle.net\/online-craps\/","name":"Roll the Dice in Exciting Online Craps: Win with Every Throw!","isPartOf":{"@id":"https:\/\/slotsite.mediacle.net\/#website"},"datePublished":"2023-07-10T06:43:18+00:00","dateModified":"2023-08-31T09:59:46+00:00","description":"Experience the thrill of online craps and roll your way to exciting wins! Engage in this iconic dice game from the comfort of your home, where luck and strategy intersect for a riveting gaming experience.","breadcrumb":{"@id":"https:\/\/slotsite.mediacle.net\/online-craps\/#breadcrumb"},"inLanguage":"fi","potentialAction":[{"@type":"ReadAction","target":["https:\/\/slotsite.mediacle.net\/online-craps\/"]}]},{"@type":"BreadcrumbList","@id":"https:\/\/slotsite.mediacle.net\/online-craps\/#breadcrumb","itemListElement":[{"@type":"ListItem","position":1,"name":"Home","item":"https:\/\/slotsite.mediacle.net\/"},{"@type":"ListItem","position":2,"name":"Online Craps Games"}]},{"@type":"WebSite","@id":"https:\/\/slotsite.mediacle.net\/#website","url":"https:\/\/slotsite.mediacle.net\/","name":"Slotsite","description":"","potentialAction":[{"@type":"SearchAction","target":{"@type":"EntryPoint","urlTemplate":"https:\/\/slotsite.mediacle.net\/?s={search_term_string}"},"query-input":"required name=search_term_string"}],"inLanguage":"fi"}]}},"_links":{"self":[{"href":"https:\/\/slotsite.mediacle.net\/fi\/wp-json\/wp\/v2\/pages\/194","targetHints":{"allow":["GET"]}}],"collection":[{"href":"https:\/\/slotsite.mediacle.net\/fi\/wp-json\/wp\/v2\/pages"}],"about":[{"href":"https:\/\/slotsite.mediacle.net\/fi\/wp-json\/wp\/v2\/types\/page"}],"author":[{"embeddable":true,"href":"https:\/\/slotsite.mediacle.net\/fi\/wp-json\/wp\/v2\/users\/1"}],"replies":[{"embeddable":true,"href":"https:\/\/slotsite.mediacle.net\/fi\/wp-json\/wp\/v2\/comments?post=194"}],"version-history":[{"count":27,"href":"https:\/\/slotsite.mediacle.net\/fi\/wp-json\/wp\/v2\/pages\/194\/revisions"}],"predecessor-version":[{"id":2359,"href":"https:\/\/slotsite.mediacle.net\/fi\/wp-json\/wp\/v2\/pages\/194\/revisions\/2359"}],"wp:attachment":[{"href":"https:\/\/slotsite.mediacle.net\/fi\/wp-json\/wp\/v2\/media?parent=194"}],"curies":[{"name":"wp","href":"https:\/\/api.w.org\/{rel}","templated":true}]}}