{"id":203,"date":"2023-07-10T06:48:54","date_gmt":"2023-07-10T06:48:54","guid":{"rendered":"https:\/\/slotsite.mediacle.net\/?page_id=203"},"modified":"2023-08-31T07:41:03","modified_gmt":"2023-08-31T07:41:03","slug":"video-slots","status":"publish","type":"page","link":"https:\/\/slotsite.mediacle.net\/fi\/videokolikkopelit\/","title":{"rendered":"Videokolikkopelit"},"content":{"rendered":"<h2 style=\"text-align: justify;\"><strong>Tervetuloa videokolikkopelien maailmaan SlotSite.com-sivustolla!<\/strong><\/h2>\n<p style=\"text-align: justify;\">Valmistaudu! Videokolikkopelit ovat pelisuunnittelustudioiden p\u00e4\u00e4paino ja paras tarjonta. Maailman ensimm\u00e4isen\u00e4 kolikkopelisivustona kutsumme sinut tutustumaan videokolikkopelien kiehtovaan maailmaan. SlotSite.com Casinolla meill\u00e4 on vaikuttava valikoima tunnettuja ohjelmistotoimittajia, kuten Microgaming, NetEnt, Playtech, Evolution, Pragmatic Play, Play&#8217;n GO, Scientific Games ja niin monia muita! Nettivideokolikkopelit ovat modernin kasinopelaamisen ruumiillistuma, ja voit kokeilla koko ajan jotain uutta. N\u00e4m\u00e4 virtuaaliversiot maalla toimivista kolikkopeleist\u00e4 tarjoavat lukuisia ominaisuuksia ja j\u00e4nnitt\u00e4vi\u00e4 pelielementtej\u00e4, jotka pit\u00e4v\u00e4t pelaajat viihdytt\u00e4vin\u00e4. Kolikkopelien suunnittelustudiot ovat hallinneet tarinankerronnan taidon peleiss\u00e4\u00e4n ja hy\u00f6dynt\u00e4v\u00e4t teemoja luodakseen hahmoja, tunnelmaa ja symboleja, jotka todella her\u00e4tt\u00e4v\u00e4t pelin eloon.<\/p>\n<p style=\"text-align: justify;\">Yksi nettivideokolikkopelien ominaispiirteist\u00e4 on niiden mielenkiintoinen ja visuaalisesti upea luonne. Huippusuunnittelijoiden kehitt\u00e4m\u00e4t pelit ylpeilev\u00e4t eloisilla animaatioilla ja kiehtovilla \u00e4\u00e4nill\u00e4. Lumoavista fantasiamaailmoista toiminnant\u00e4yteisiin seikkailuihin, videokolikkopelit on suunniteltu her\u00e4tt\u00e4m\u00e4\u00e4n ihmetyksen tunteen. Nettivideokolikkopelien pelattavuus on helposti omaksuttavissa, joten niit\u00e4 voivat pelata sek\u00e4 aloittelevat ett\u00e4 kokeneet pelaajat. Tavoitteena on py\u00f6ritt\u00e4\u00e4 rullia ja yhdist\u00e4\u00e4 symboleja aktiivisilla voittolinjoilla voittavien yhdistelmien muodostamiseksi. Videokolikkopeleiss\u00e4 on usein useita voittolinjoja, eli linjoja, joilla voittoyhdistelm\u00e4t voivat esiinty\u00e4. Joissakin peleiss\u00e4 voittolinjojen m\u00e4\u00e4r\u00e4 on kiinte\u00e4, kun taas toisissa pelaajat voivat s\u00e4\u00e4t\u00e4\u00e4 aktiivisten linjojen m\u00e4\u00e4r\u00e4\u00e4 mieltymystens\u00e4 mukaan.<\/p>\n<p style=\"text-align: justify;\">Viihteen lis\u00e4\u00e4miseksi online-videokolikkopeleiss\u00e4 on erilaisia bonusominaisuuksia. N\u00e4ihin bonuskierroksiin voi kuulua ilmaiskierroksia, kertoimia, wild-symboleita, scatter-symboleita ja interaktiivisia minipelej\u00e4. Ilmaiskierrokset aktivoituvat usein tiettyjen symboliyhdistelmien osuessa kohdalle, jolloin pelaajat saavat tietyn m\u00e4\u00e4r\u00e4n kierroksia ilman lis\u00e4krediitti\u00e4. Kertoimet puolestaan moninkertaistavat voitot ennalta m\u00e4\u00e4r\u00e4tyll\u00e4 arvolla, mik\u00e4 lis\u00e4\u00e4 voittomahdollisuuksia. Wild-symbolit toimivat muiden symbolien korvikkeina, mik\u00e4 auttaa pelaajia muodostamaan voittoyhdistelmi\u00e4 helpommin. Scatter-symbolit puolestaan voivat k\u00e4ynnist\u00e4\u00e4 bonuskierroksia tai avata erikoistoimintoja, kun tietty m\u00e4\u00e4r\u00e4 niit\u00e4 ilmestyy rullille. Vuorovaikutteiset minipelit, joita kutsutaan usein bonuskierroksiksi, antavat pelaajille mahdollisuuden osallistua lis\u00e4toimintoihin kolikkopeliss\u00e4 ja tarjota mahdollisuuden voittaa lis\u00e4palkintoja tai p\u00e4\u00e4st\u00e4 k\u00e4siksi ainutlaatuisiin pelielementteihin.<\/p>\n<h3 style=\"text-align: justify;\"><strong>Loputtomasti erilaisia teemoja:<\/strong><\/h3>\n<p style=\"text-align: justify;\">Tutustu \u00e4\u00e4rett\u00f6m\u00e4\u00e4n teemojen maailmankaikkeuteen, kun navigoit kasinoaulassamme. Olitpa sitten muinaisten sivilisaatioiden, myyttisten olentojen, supersankareiden tai klassisten tarinoiden yst\u00e4v\u00e4, l\u00f6ytyy videokolikkopeli, joka vastaa jokaiseen toiveeseesi. Tutustu muinaisen Egyptin mysteereihin &#8220;Book of Ra&#8221; -kolikkopeliss\u00e4, liity viikinkitoimintaan &#8220;Thunderstruck 2&#8221; -kolikkopeliss\u00e4 tai uppoa satumaailmaan &#8220;Jack and the Beanstalkin&#8221; avulla. Mahdollisuudet ovat rajattomat, ja jokainen kierros tuo mukanaan uuden seikkailun.<\/p>\n<h3 style=\"text-align: justify;\"><strong>Variaatiot ja voittolinjat:<\/strong><\/h3>\n<p style=\"text-align: justify;\">Videokolikkopelit tarjoavat uskomattoman m\u00e4\u00e4r\u00e4n erilaisia variaatioita, jotka sopivat jokaisen pelaajan mieltymyksiin. Valinnanvaraa on runsaasti aina klassisista 5-kiekkoisista kolikkopeleist\u00e4, jotka ovat kunnianosoitus vintage-videopeleille, aina 7-kiekkoisiin mestariteoksiin, jotka ovat t\u00e4ynn\u00e4 innovatiivisia ominaisuuksia. \u00a0Kokeile tuplapelej\u00e4, joissa on jopa 15 kiekkoa! Jokaisessa peliss\u00e4 on ainutlaatuinen m\u00e4\u00e4r\u00e4 voittolinjoja, jotka vaihtelevat yhdest\u00e4 rivist\u00e4 satoihin tai jopa tuhansiin. T\u00e4m\u00e4 tarkoittaa enemm\u00e4n mahdollisuuksia luoda voittoyhdistelmi\u00e4 ja avata j\u00e4nnitt\u00e4vi\u00e4 bonusominaisuuksia.<\/p>\n<h3 style=\"text-align: justify;\"><strong>Bonusominaisuudet ja erikoissymbolit:<\/strong><\/h3>\n<p style=\"text-align: justify;\">Valmistaudu kyytiin, sill\u00e4 videokolikkopelit ovat tunnettuja j\u00e4nnitt\u00e4vist\u00e4 bonusominaisuuksistaan ja erikoissymboleistaan, jotka voivat kasvattaa voittojasi merkitt\u00e4v\u00e4sti. Etsi scatter-symboleita, jotka k\u00e4ynnist\u00e4v\u00e4t ilmaiskierrokset, joissa voit py\u00f6ritt\u00e4\u00e4 rullia panostamatta omia rahojasi. Wild-symbolit korvaavat muita symboleja, luovat voittoyhdistelmi\u00e4 ja moninkertaistavat voittosi. Joissakin videokolikkopeleiss\u00e4 on jopa laajenevia wildeja, sticky wildeja ja pinottuja wildeja, jotka lis\u00e4\u00e4v\u00e4t mahdollisuuksia voittaa suuria voittoja.<\/p>\n<h3 style=\"text-align: justify;\"><strong>Suosittuja bonusominaisuuksia:<\/strong><\/h3>\n<p style=\"text-align: justify;\">Nauti bonusominaisuuksista, jotka pit\u00e4v\u00e4t sinut viihdytettyn\u00e4 ja j\u00e4nnittyneen\u00e4. Koe j\u00e4nnitt\u00e4v\u00e4 pick-and-click-bonuspeli, jossa voit valita piilotettuja esineit\u00e4 paljastaaksesi k\u00e4teispalkintoja, kertoimia tai jopa p\u00e4\u00e4syn ylim\u00e4\u00e4r\u00e4isille bonuskierroksille. Joissakin videokolikkopeleiss\u00e4 on kaskadoituvia rullia, joissa voittoyhdistelm\u00e4t katoavat, jolloin uudet symbolit putoavat paikalleen ja voivat luoda per\u00e4kk\u00e4isi\u00e4 voittoja. Eik\u00e4 unohdeta progressiivisia j\u00e4ttipotteja, joissa pieni osa jokaisesta panoksesta vaikuttaa massiiviseen j\u00e4ttipottipalkintoon, jonka voi voittaa milloin tahansa.<\/p>\n<h3 style=\"text-align: justify;\"><strong>Videokolikkopelien muunnelmat:<\/strong><\/h3>\n<p style=\"text-align: justify;\">Jokainen videokolikkopeli tarjoaa ainutlaatuisen pelikokemuksen. Kokeile pelej\u00e4, jotka tarjoavat Link &amp; Win -toiminnon! Link &amp; Win aktivoituu, kun ruudulle ilmestyy 6-14 erityist\u00e4 Link &amp; Win -symbolia mihin tahansa paikkaan kerrallaan. Kukin symboli on tietyn summan arvoinen, ja loppusumma hyvitet\u00e4\u00e4n saldoosi. Se toimii samalla tavalla kuin uudelleenpy\u00f6r\u00e4ytystoiminto, joka nollautuu aina, kun laskeudut tiettyyn symboliin. Tutustu <a href=\"https:\/\/slotsite.mediacle.net\/megaway-slots\/\"><u>Megaways-kolikkopelien <\/u><\/a>maailmaan, jossa voittotapojen m\u00e4\u00e4r\u00e4 voi nousta h\u00e4mm\u00e4stytt\u00e4v\u00e4lle tasolle ja tarjota sinulle j\u00e4nnityst\u00e4 ja valtavia mahdollisia voittoja. Sukella cascading reels -kolikkopelien syvyyksiin, joissa voittoyhdistelm\u00e4t r\u00e4j\u00e4ht\u00e4v\u00e4t ja tekev\u00e4t tilaa uusien symbolien putoamiselle ja per\u00e4kk\u00e4isten voittojen syntymiselle. Tai kokeile onneasi klusteripalkka-kolikkopeleiss\u00e4, joissa voittoyhdistelm\u00e4t muodostuvat ryhmittelem\u00e4ll\u00e4 yhteensopivia symboleita yhteen.<\/p>\n<h3><strong>Vinkkej\u00e4 nettikolikkopeleist\u00e4 nauttimiseen:<\/strong><\/h3>\n<p>Tutustu erilaisiin teemoihin ja bonusominaisuuksiin: \u00c4l\u00e4 ep\u00e4r\u00f6i kokeilla eri kolikkopelej\u00e4 l\u00f6yt\u00e4\u00e4ksesi suosikkisi.<\/p>\n<p>Aseta pelille aikataulu ja budjetti: Pelaaminen voi aiheuttaa riippuvuutta. M\u00e4\u00e4rit\u00e4 raham\u00e4\u00e4r\u00e4, jonka voit k\u00e4ytt\u00e4\u00e4 ja pysy siin\u00e4. N\u00e4in varmistat vastuullisen ja nautinnollisen pelaamisen.<\/p>\n<p>Anna kiekkojen sytytt\u00e4\u00e4 mielikuvituksesi!<\/p>\n<p>Liity SlotSite.com Casinoon t\u00e4n\u00e4\u00e4n ja tutustu moniin saatavilla oleviin tarjouksiin.<\/p>\n","protected":false},"excerpt":{"rendered":"<p>Tervetuloa videokolikkopelien maailmaan SlotSite.com-sivustolla! Valmistaudu! Videokolikkopelit ovat pelisuunnittelustudioiden p\u00e4\u00e4paino ja paras tarjonta. Maailman ensimm\u00e4isen\u00e4 kolikkopelisivustona kutsumme sinut tutustumaan videokolikkopelien kiehtovaan maailmaan. SlotSite.com Casinolla meill\u00e4 on vaikuttava valikoima tunnettuja ohjelmistotoimittajia, kuten Microgaming, NetEnt, Playtech, Evolution, Pragmatic Play, Play&#8217;n GO, Scientific Games ja niin monia muita! Nettivideokolikkopelit ovat modernin kasinopelaamisen ruumiillistuma, ja voit kokeilla koko ajan jotain [&hellip;]<\/p>\n","protected":false},"author":1,"featured_media":0,"parent":0,"menu_order":0,"comment_status":"closed","ping_status":"closed","template":"templates\/category.php","meta":{"footnotes":""},"class_list":["post-203","page","type-page","status-publish","hentry"],"translation":{"provider":"WPGlobus","version":"2.12.2","language":"fi","enabled_languages":["en","ca","fi","no","ja","es","pt","qc","gb","ir","nz","sa","in"],"languages":{"en":{"title":true,"content":true,"excerpt":false},"ca":{"title":true,"content":true,"excerpt":false},"fi":{"title":true,"content":true,"excerpt":false},"no":{"title":true,"content":true,"excerpt":false},"ja":{"title":true,"content":true,"excerpt":false},"es":{"title":true,"content":true,"excerpt":false},"pt":{"title":true,"content":true,"excerpt":false},"qc":{"title":true,"content":true,"excerpt":false},"gb":{"title":true,"content":true,"excerpt":false},"ir":{"title":false,"content":false,"excerpt":false},"nz":{"title":false,"content":false,"excerpt":false},"sa":{"title":false,"content":false,"excerpt":false},"in":{"title":true,"content":true,"excerpt":false}}},"acf":[],"yoast_head":"<!-- This site is optimized with the Yoast SEO plugin v20.11 - https:\/\/yoast.com\/wordpress\/plugins\/seo\/ -->\n<title>Sukella viihteeseen: Tutustu monipuoliseen videokolikkopelivalikoimaamme!<\/title>\n<meta name=\"description\" content=\"Uppoudu kiehtovan viihteen maailmaan laajan videokolikkopelivalikoimamme avulla. Lumoavista teemoista interaktiivisiin ominaisuuksiin, koe dynaaminen peli, joka pit\u00e4\u00e4 sinut mukana. Liity nyt nauttiaksesi visuaalisesta spektaakkelista ja mahdollisesti voittaaksesi isoja j\u00e4nnitt\u00e4vi\u00e4 videokolikkopelej\u00e4mme.\" \/>\n<meta name=\"robots\" content=\"index, follow, max-snippet:-1, max-image-preview:large, max-video-preview:-1\" \/>\n<link rel=\"canonical\" href=\"https:\/\/slotsite.mediacle.net\/video-slots\/\" \/>\n<meta property=\"og:locale\" content=\"fi_FI\" \/>\n<meta property=\"og:type\" content=\"article\" \/>\n<meta property=\"og:title\" content=\"Sukella viihteeseen: Tutustu monipuoliseen videokolikkopelivalikoimaamme!\" \/>\n<meta property=\"og:description\" content=\"Uppoudu kiehtovan viihteen maailmaan laajan videokolikkopelivalikoimamme avulla. Lumoavista teemoista interaktiivisiin ominaisuuksiin, koe dynaaminen peli, joka pit\u00e4\u00e4 sinut mukana. Liity nyt nauttiaksesi visuaalisesta spektaakkelista ja mahdollisesti voittaaksesi isoja j\u00e4nnitt\u00e4vi\u00e4 videokolikkopelej\u00e4mme.\" \/>\n<meta property=\"og:url\" content=\"https:\/\/slotsite.mediacle.net\/video-slots\/\" \/>\n<meta property=\"og:site_name\" content=\"Slotsite\" \/>\n<meta property=\"article:modified_time\" content=\"2023-08-31T07:41:03+00:00\" \/>\n<meta name=\"twitter:card\" content=\"summary_large_image\" \/>\n<meta name=\"twitter:label1\" content=\"Est. reading time\" \/>\n\t<meta name=\"twitter:data1\" content=\"6 minutes\" \/>\n<script type=\"application\/ld+json\" class=\"yoast-schema-graph\">{\"@context\":\"https:\/\/schema.org\",\"@graph\":[{\"@type\":\"WebPage\",\"@id\":\"https:\/\/slotsite.mediacle.net\/video-slots\/\",\"url\":\"https:\/\/slotsite.mediacle.net\/video-slots\/\",\"name\":\"Plongez dans le divertissement : explorez notre collection diversifi\u00e9e de machines \u00e0 sous vid\u00e9o !\",\"isPartOf\":{\"@id\":\"https:\/\/slotsite.mediacle.net\/#website\"},\"datePublished\":\"2023-07-10T06:48:54+00:00\",\"dateModified\":\"2023-08-31T07:41:03+00:00\",\"description\":\"Plongez-vous dans un monde de divertissement captivant gr\u00e2ce \u00e0 notre large gamme de machines \u00e0 sous vid\u00e9o. Des th\u00e8mes enchanteurs aux fonctionnalit\u00e9s interactives, d\u00e9couvrez un gameplay dynamique qui vous maintient engag\u00e9.\",\"breadcrumb\":{\"@id\":\"https:\/\/slotsite.mediacle.net\/video-slots\/#breadcrumb\"},\"inLanguage\":\"fi\",\"potentialAction\":[{\"@type\":\"ReadAction\",\"target\":[\"https:\/\/slotsite.mediacle.net\/video-slots\/\"]}]},{\"@type\":\"BreadcrumbList\",\"@id\":\"https:\/\/slotsite.mediacle.net\/video-slots\/#breadcrumb\",\"itemListElement\":[{\"@type\":\"ListItem\",\"position\":1,\"name\":\"Home\",\"item\":\"https:\/\/slotsite.mediacle.net\/\"},{\"@type\":\"ListItem\",\"position\":2,\"name\":\"Video Slots\"}]},{\"@type\":\"WebSite\",\"@id\":\"https:\/\/slotsite.mediacle.net\/#website\",\"url\":\"https:\/\/slotsite.mediacle.net\/\",\"name\":\"Slotsite\",\"description\":\"\",\"potentialAction\":[{\"@type\":\"SearchAction\",\"target\":{\"@type\":\"EntryPoint\",\"urlTemplate\":\"https:\/\/slotsite.mediacle.net\/?s={search_term_string}\"},\"query-input\":\"required name=search_term_string\"}],\"inLanguage\":\"fi\"}]}<\/script>\n<!-- \/ Yoast SEO plugin. -->","yoast_head_json":{"title":"Sukella viihteeseen: Tutustu monipuoliseen videokolikkopelivalikoimaamme!","description":"Uppoudu kiehtovan viihteen maailmaan laajan videokolikkopelivalikoimamme avulla. Lumoavista teemoista interaktiivisiin ominaisuuksiin, koe dynaaminen peli, joka pit\u00e4\u00e4 sinut mukana. Liity nyt nauttiaksesi visuaalisesta spektaakkelista ja mahdollisesti voittaaksesi isoja j\u00e4nnitt\u00e4vi\u00e4 videokolikkopelej\u00e4mme.","robots":{"index":"index","follow":"follow","max-snippet":"max-snippet:-1","max-image-preview":"max-image-preview:large","max-video-preview":"max-video-preview:-1"},"canonical":"https:\/\/slotsite.mediacle.net\/video-slots\/","og_locale":"fi_FI","og_type":"article","og_title":"Sukella viihteeseen: Tutustu monipuoliseen videokolikkopelivalikoimaamme!","og_description":"Uppoudu kiehtovan viihteen maailmaan laajan videokolikkopelivalikoimamme avulla. Lumoavista teemoista interaktiivisiin ominaisuuksiin, koe dynaaminen peli, joka pit\u00e4\u00e4 sinut mukana. Liity nyt nauttiaksesi visuaalisesta spektaakkelista ja mahdollisesti voittaaksesi isoja j\u00e4nnitt\u00e4vi\u00e4 videokolikkopelej\u00e4mme.","og_url":"https:\/\/slotsite.mediacle.net\/video-slots\/","og_site_name":"Slotsite","article_modified_time":"2023-08-31T07:41:03+00:00","twitter_card":"summary_large_image","twitter_misc":{"Est. reading time":"6 minutes"},"schema":{"@context":"https:\/\/schema.org","@graph":[{"@type":"WebPage","@id":"https:\/\/slotsite.mediacle.net\/video-slots\/","url":"https:\/\/slotsite.mediacle.net\/video-slots\/","name":"Plongez dans le divertissement : explorez notre collection diversifi\u00e9e de machines \u00e0 sous vid\u00e9o !","isPartOf":{"@id":"https:\/\/slotsite.mediacle.net\/#website"},"datePublished":"2023-07-10T06:48:54+00:00","dateModified":"2023-08-31T07:41:03+00:00","description":"Plongez-vous dans un monde de divertissement captivant gr\u00e2ce \u00e0 notre large gamme de machines \u00e0 sous vid\u00e9o. Des th\u00e8mes enchanteurs aux fonctionnalit\u00e9s interactives, d\u00e9couvrez un gameplay dynamique qui vous maintient engag\u00e9.","breadcrumb":{"@id":"https:\/\/slotsite.mediacle.net\/video-slots\/#breadcrumb"},"inLanguage":"fi","potentialAction":[{"@type":"ReadAction","target":["https:\/\/slotsite.mediacle.net\/video-slots\/"]}]},{"@type":"BreadcrumbList","@id":"https:\/\/slotsite.mediacle.net\/video-slots\/#breadcrumb","itemListElement":[{"@type":"ListItem","position":1,"name":"Home","item":"https:\/\/slotsite.mediacle.net\/"},{"@type":"ListItem","position":2,"name":"Video Slots"}]},{"@type":"WebSite","@id":"https:\/\/slotsite.mediacle.net\/#website","url":"https:\/\/slotsite.mediacle.net\/","name":"Slotsite","description":"","potentialAction":[{"@type":"SearchAction","target":{"@type":"EntryPoint","urlTemplate":"https:\/\/slotsite.mediacle.net\/?s={search_term_string}"},"query-input":"required name=search_term_string"}],"inLanguage":"fi"}]}},"_links":{"self":[{"href":"https:\/\/slotsite.mediacle.net\/fi\/wp-json\/wp\/v2\/pages\/203","targetHints":{"allow":["GET"]}}],"collection":[{"href":"https:\/\/slotsite.mediacle.net\/fi\/wp-json\/wp\/v2\/pages"}],"about":[{"href":"https:\/\/slotsite.mediacle.net\/fi\/wp-json\/wp\/v2\/types\/page"}],"author":[{"embeddable":true,"href":"https:\/\/slotsite.mediacle.net\/fi\/wp-json\/wp\/v2\/users\/1"}],"replies":[{"embeddable":true,"href":"https:\/\/slotsite.mediacle.net\/fi\/wp-json\/wp\/v2\/comments?post=203"}],"version-history":[{"count":53,"href":"https:\/\/slotsite.mediacle.net\/fi\/wp-json\/wp\/v2\/pages\/203\/revisions"}],"predecessor-version":[{"id":2303,"href":"https:\/\/slotsite.mediacle.net\/fi\/wp-json\/wp\/v2\/pages\/203\/revisions\/2303"}],"wp:attachment":[{"href":"https:\/\/slotsite.mediacle.net\/fi\/wp-json\/wp\/v2\/media?parent=203"}],"curies":[{"name":"wp","href":"https:\/\/api.w.org\/{rel}","templated":true}]}}