{"id":205,"date":"2023-07-10T06:49:18","date_gmt":"2023-07-10T06:49:18","guid":{"rendered":"https:\/\/slotsite.mediacle.net\/?page_id=205"},"modified":"2023-08-30T09:56:10","modified_gmt":"2023-08-30T09:56:10","slug":"free-spins","status":"publish","type":"page","link":"https:\/\/slotsite.mediacle.net\/fi\/ilmaispy%C3%B6r%C3%A4ytyksi%C3%A4\/","title":{"rendered":"Online Casino Slots ilmaiskierrosta"},"content":{"rendered":"<h2 style=\"text-align: justify;\"><strong>Lunasta ilmaiskierroksesi ja py\u00f6r\u00e4yt\u00e4 tiesi suuriin voittoihin!<\/strong><\/h2>\n<p style=\"text-align: justify;\">Valmistaudu ilmaiskierrosten py\u00f6rteisiin SlotSite.com Casinolla! Jos maasi ei ole oikeutettu ilmaiskierroksiin ilman talletusta rekister\u00f6itymisen yhteydess\u00e4, \u00e4l\u00e4 huoli, sill\u00e4 jokainen j\u00e4sen on mukana palkitsemisohjelmassamme, jossa ansaitset pisteit\u00e4 oikean rahan panostuksista ja avaat uskomattomia etuja, kuten ilmaiskierroksia suosikkikolikkopeleihisi. Mutta ei siin\u00e4 viel\u00e4 kaikki! Tarjoamme my\u00f6s eksklusiivisia ilmaiskierrosten kampanjatarjouksia, jotka l\u00e4hetet\u00e4\u00e4n s\u00e4\u00e4nn\u00f6llisesti kampanjauutiskirjeemme kautta. Muista tilata se kasinon aulan tiliosiossa.<\/p>\n<h2 style=\"text-align: justify;\"><strong>Myynninedist\u00e4mistarkoituksessa ilmaiskierroksia Tarjoukset:<\/strong><\/h2>\n<p style=\"text-align: justify;\">SlotSite.com-kasinolla uskomme pelaajiemme palkitsemiseen j\u00e4nnitt\u00e4vill\u00e4 kampanjoilla, ja ilmaiskierrokset ovat t\u00e4rke\u00e4 osa sit\u00e4. Tilaajana saat s\u00e4\u00e4nn\u00f6llisesti ilmaiskierrostarjouksia, jotka toimitetaan suoraan s\u00e4hk\u00f6postiisi. N\u00e4ihin tarjouksiin voi sis\u00e4lty\u00e4 eksklusiivisia talletuskoodeja, joiden avulla voit lunastaa tietyn m\u00e4\u00e4r\u00e4n ilmaiskierroksia valittuihin kolikkopeleihin. T\u00e4m\u00e4 on meid\u00e4n tapamme antaa sinulle lis\u00e4\u00e4 mahdollisuuksia voittaa ja lis\u00e4t\u00e4 ylim\u00e4\u00e4r\u00e4ist\u00e4 j\u00e4nnityst\u00e4 kolikkopelikokemukseesi. K\u00e4y <u>uusimmat <\/u>kampanjat-v\u00e4lilehdell\u00e4 ja tarkista, mit\u00e4 sinulle on tarjolla nyt tai keskustele kanssamme live-tukikuvakkeen kautta.<\/p>\n<p style=\"text-align: justify;\">Jos et ole viel\u00e4 j\u00e4sen, rekister\u00f6idy ja nauti SlotSite.com Casinon parhaasta tervetuliaispaketista. Aloita pelimatkasi runsaalla annoksella ilmaiskierroksia!<\/p>\n<h2 style=\"text-align: justify;\"><strong>VIP-palkkio-ohjelma:<\/strong><\/h2>\n<p style=\"text-align: justify;\">Jokaisesta oikean rahan vedosta, jonka asetat SlotSite.com Casinolla, saat arvokkaita palkintopisteit\u00e4. Kun ker\u00e4\u00e4t pisteit\u00e4, etenet tasoilla ja avaat matkan varrella runsaasti ilmaiskierroksia. Yksi palkitsemisohjelmamme kohokohdista on suuri m\u00e4\u00e4r\u00e4 ilmaiskierrostarjouksia Rewards Storessa. Sielt\u00e4 l\u00f6yd\u00e4t erilaisia vaihtoehtoja, joilla voit vaihtaa pisteesi ilmaiskierroksiin tai bonusrahaan. Mit\u00e4 korkeammalla VIP-tasollasi olet, sit\u00e4 enemm\u00e4n ilmaiskierrostarjouksia saat k\u00e4ytt\u00f6\u00f6si!<\/p>\n<h2 style=\"text-align: justify;\"><strong>Tutustu ilmaiskierrosten bonuskierroksiin peleiss\u00e4:<\/strong><\/h2>\n<p style=\"text-align: justify;\">Koe j\u00e4nnityst\u00e4 pelin sis\u00e4isist\u00e4 bonuskierroksista, jotka antavat sinulle ilmaiskierroksia upeassa kolikkopelivalikoimassamme. N\u00e4m\u00e4 bonuskierrokset ovat kuin piilotetun aarteen l\u00f6yt\u00e4minen, sill\u00e4 niiden avulla voit py\u00f6ritt\u00e4\u00e4 rullia ilman, ett\u00e4 joudut k\u00e4ytt\u00e4m\u00e4\u00e4n omia rahojasi. Kun kiekot py\u00f6riv\u00e4t, kaikki ker\u00e4\u00e4m\u00e4si voitot lis\u00e4t\u00e4\u00e4n saldoosi, mik\u00e4 antaa sinulle entist\u00e4 enemm\u00e4n mahdollisuuksia tehd\u00e4 suuria voittoja. Ja j\u00e4nnitt\u00e4vyyden lis\u00e4\u00e4miseksi n\u00e4ill\u00e4 ilmaiskierroksilla on usein lis\u00e4ominaisuuksia, kuten kertoimia, laajenevia wildeja tai erikoissymboleita! T\u00e4ss\u00e4 on muutamia suosittuja esimerkkej\u00e4, joita l\u00f6yd\u00e4t peliaulasta.<\/p>\n<p style=\"text-align: justify;\">Dead or Alive II: Astu villiin l\u00e4nteen t\u00e4ss\u00e4 NetEntin j\u00e4nnitt\u00e4v\u00e4ss\u00e4 kolikkopeliss\u00e4. Dead or Alive II tarjoaa 96,82 %:n RTP:n ja korkean volatiliteetin ansiosta mukaansatempaavan pelikokemuksen ja mahdollisuuden suuriin voittoihin. Avaa ilmaiskierrosten bonuskierros saamalla kolme tai useampi scatter-symboli, jolloin voit valita kolmesta eri pelitilasta, joista jokaisella on omat erikoisominaisuutensa ja voittomahdollisuutensa.<\/p>\n<p style=\"text-align: justify;\">Mega Fortune: NetEntin progressiivinen jackpot-kolikkopeli: Koe ylellisyytt\u00e4 ja glamouria t\u00e4ss\u00e4 NetEntin progressiivisessa jackpot-kolikkopeliss\u00e4. Mega Fortune tarjoaa 96,60 %:n RTP:n ja keskisuuren volatiliteetin ansiosta mahdollisuuden voittaa el\u00e4m\u00e4\u00e4 mullistavia palkintoja. K\u00e4ynnist\u00e4 ilmaiskierrosten bonuskierros saamalla kolme tai useampi samppanjasymboli scatteriin ja nauti kertoimista ja mahdollisuudesta voittaa Mega Jackpot.<\/p>\n<p style=\"text-align: justify;\">Wolf Gold: Gold Gold Gold: L\u00e4hde er\u00e4maaseikkailuun t\u00e4m\u00e4n Pragmatic Playn suositun kolikkopelin avulla. Wolf Gold tarjoaa j\u00e4nnitt\u00e4v\u00e4\u00e4 pelattavuutta 96,01 %:n RTP:n ja keskisuuren volatiliteetin ansiosta. Saa kolme tai useampi scatter-symboli k\u00e4ynnist\u00e4\u00e4ksesi ilmaiskierrosbonuskierroksen, jossa kolme keskimm\u00e4ist\u00e4 rullaa sulautuvat yhteen j\u00e4ttim\u00e4iseksi symboliksi, mik\u00e4 lis\u00e4\u00e4 mahdollisuuksiasi saada suuria voittoja.<\/p>\n<p style=\"text-align: justify;\">Suuri sarvikuono: Pragmatic Playn visuaalisesti upeassa kolikkopeliss\u00e4: Tutki Afrikan savannia. Great Rhino tarjoaa 96,53 %:n RTP:n ja keskisuuren volatiliteetin ansiosta j\u00e4nnitt\u00e4v\u00e4\u00e4 pelattavuutta. Ker\u00e4\u00e4 kolme tai useampi puu-scatter-symboli aktivoidaksesi ilmaiskierrosbonuskierroksen, jossa sarvikuonosymboleista tulee villej\u00e4 ja ne lukkiutuvat paikalleen toiminnon ajaksi, mik\u00e4 johtaa mahdollisiin megavoittoihin.<\/p>\n<p style=\"text-align: justify;\">Kuolematon romanssi: Microgamingin kiehtovassa kolikkopeliss\u00e4 p\u00e4\u00e4set kielletyn rakkauden ja yliluonnollisten olentojen maailmaan. Immortal Romance tarjoaa lumoavan kokemuksen 96,86 %:n RTP:n ja keskisuuren volatiliteetin ansiosta. Avaa Kierroskammio p\u00e4\u00e4st\u00e4ksesi k\u00e4siksi nelj\u00e4\u00e4n eri ilmaiskierrosbonuskierrokseen, joista jokainen liittyy ainutlaatuiseen hahmoon ja heid\u00e4n erikoiskykyihins\u00e4, kuten villeihin kiekoihin, kertoimiin ja rullaaviin kiekoihin.<\/p>\n<p style=\"text-align: justify;\">Thunderstruck II: Astu pohjoismaisten jumalien myyttiseen valtakuntaan t\u00e4ss\u00e4 Microgamingin eeppisess\u00e4 kolikkopeliss\u00e4. Thunderstruck II tarjoaa j\u00e4nnitt\u00e4v\u00e4n seikkailun, jonka RTP on 96,65 % ja volatiliteetti on keskitasoa. Avaa Great Hall of Spins ja p\u00e4\u00e4set k\u00e4siksi nelj\u00e4\u00e4n eri ilmaiskierrosbonuskierrokseen, joihin kuhunkin liittyy voimakas jumala ja ainutlaatuisia ominaisuuksia, kuten kertoimia, py\u00f6rivi\u00e4 rullia ja villien muodonmuutoksia.<\/p>\n<h2 style=\"text-align: justify;\"><strong>Ilmaiskierrosten lunastaminen:<\/strong><\/h2>\n<p style=\"text-align: justify;\">Ilmaiskierrosten lunastaminen SlotSite.com Casinolla on yksinkertaista. N\u00e4in:<\/p>\n<p style=\"text-align: justify;\">Ilmoittaudu: Luo tili SlotSite.com Casinolle, jos et ole viel\u00e4 tehnyt sit\u00e4. J\u00e4senyys on automaattinen ja alat ansaita palkintopisteit\u00e4 heti ensimm\u00e4isest\u00e4 vedostasi l\u00e4htien, saat jopa 5 palkintopistett\u00e4 rekister\u00f6innin suorittamisesta! Jos maassasi tarjotaan ilmaisia kierroksia ilman talletusta, ne hyvitet\u00e4\u00e4n tilillesi automaattisesti ja sinun tarvitsee vain aloittaa py\u00f6ritt\u00e4minen!<\/p>\n<p style=\"text-align: justify;\">Pid\u00e4 silm\u00e4ll\u00e4 postilaatikkoasi: Se on t\u00e4ynn\u00e4 ilmaiskierrostarjouksia ja eksklusiivisia talletuskoodeja. Muista tarkistaa postilaatikkosi s\u00e4\u00e4nn\u00f6llisesti pysy\u00e4ksesi ajan tasalla uusimmista kampanjoista.<\/p>\n<p style=\"text-align: justify;\">Seuraa ohjeita: Kun saat ilmaiskierrostarjouksen, noudata vain annettuja ohjeita. Jotkin tarjoukset saattavat vaatia talletuksen tai tietyn talletuskoodin k\u00e4ytt\u00f6\u00e4 ilmaiskierrosten lunastamiseksi. Muista lukea tarjouksen yksityiskohdat ja erityisehdot huolellisesti.<\/p>\n<p style=\"text-align: justify;\">Nauti ilmaiskierroksista: Kun olet lunastanut ilmaiskierroksesi, ne hyvitet\u00e4\u00e4n v\u00e4litt\u00f6m\u00e4sti tilillesi. Avaa hyv\u00e4ksytt\u00e4v\u00e4 kolikkopeli ja anna rullien py\u00f6ri\u00e4 talon puolesta!<\/p>\n<p style=\"text-align: justify;\">Ilmaiskierrokset ovat loistava tapa laajentaa pelaamista, kokeilla uusia kolikkopelej\u00e4 ja mahdollisesti kasvattaa voittojasi. Muista, ett\u00e4 pelaaminen on aina n\u00e4ht\u00e4v\u00e4 viihteen\u00e4, ja on t\u00e4rke\u00e4\u00e4 s\u00e4ilytt\u00e4\u00e4 terve tasapaino pelitoiminnassasi. Rahapelaaminen voi aiheuttaa riippuvuutta. Tarjoamme itsesulkemisvaihtoehtoja, joilla voit rajoittaa p\u00e4\u00e4sy\u00e4si kasinollemme, ja olemme sitoutuneet edist\u00e4m\u00e4\u00e4n vastuullista pelaamista ja tarjoamaan turvallisen ymp\u00e4rist\u00f6n. Ota meihin yhteytt\u00e4 milloin tahansa!<\/p>\n","protected":false},"excerpt":{"rendered":"<p>Lunasta ilmaiskierroksesi ja py\u00f6r\u00e4yt\u00e4 tiesi suuriin voittoihin! Valmistaudu ilmaiskierrosten py\u00f6rteisiin SlotSite.com Casinolla! Jos maasi ei ole oikeutettu ilmaiskierroksiin ilman talletusta rekister\u00f6itymisen yhteydess\u00e4, \u00e4l\u00e4 huoli, sill\u00e4 jokainen j\u00e4sen on mukana palkitsemisohjelmassamme, jossa ansaitset pisteit\u00e4 oikean rahan panostuksista ja avaat uskomattomia etuja, kuten ilmaiskierroksia suosikkikolikkopeleihisi. Mutta ei siin\u00e4 viel\u00e4 kaikki! Tarjoamme my\u00f6s eksklusiivisia ilmaiskierrosten kampanjatarjouksia, jotka l\u00e4hetet\u00e4\u00e4n [&hellip;]<\/p>\n","protected":false},"author":1,"featured_media":0,"parent":0,"menu_order":0,"comment_status":"closed","ping_status":"closed","template":"templates\/category.php","meta":{"footnotes":""},"class_list":["post-205","page","type-page","status-publish","hentry"],"translation":{"provider":"WPGlobus","version":"2.12.2","language":"fi","enabled_languages":["en","ca","fi","no","ja","es","pt","qc","gb","ir","nz","sa","in"],"languages":{"en":{"title":true,"content":true,"excerpt":false},"ca":{"title":true,"content":true,"excerpt":false},"fi":{"title":true,"content":true,"excerpt":false},"no":{"title":true,"content":true,"excerpt":false},"ja":{"title":true,"content":true,"excerpt":false},"es":{"title":true,"content":true,"excerpt":false},"pt":{"title":true,"content":true,"excerpt":false},"qc":{"title":false,"content":true,"excerpt":false},"gb":{"title":true,"content":true,"excerpt":false},"ir":{"title":false,"content":false,"excerpt":false},"nz":{"title":false,"content":false,"excerpt":false},"sa":{"title":false,"content":false,"excerpt":false},"in":{"title":true,"content":true,"excerpt":false}}},"acf":[],"yoast_head":"<!-- This site is optimized with the Yoast SEO plugin v20.11 - https:\/\/yoast.com\/wordpress\/plugins\/seo\/ -->\n<title>Avaa j\u00e4nnityst\u00e4 ilmaispy\u00f6r\u00e4ytyksill\u00e4: T\u00e4ydellinen opas online-kasinobonuksiin<\/title>\n<meta name=\"description\" content=\"Tutustu ilmaispy\u00f6r\u00e4ytysten j\u00e4nnitykseen nettikasinoilla! Kattava oppaamme selitt\u00e4\u00e4, kuinka saat kaiken irti n\u00e4ist\u00e4 j\u00e4nnitt\u00e4vist\u00e4 bonuksista. Opi parhaista strategioista ja parhaista kasinoalustoista.\" \/>\n<meta name=\"robots\" content=\"index, follow, max-snippet:-1, max-image-preview:large, max-video-preview:-1\" \/>\n<link rel=\"canonical\" href=\"https:\/\/slotsite.mediacle.net\/free-spins\/\" \/>\n<meta property=\"og:locale\" content=\"fi_FI\" \/>\n<meta property=\"og:type\" content=\"article\" \/>\n<meta property=\"og:title\" content=\"Avaa j\u00e4nnityst\u00e4 ilmaispy\u00f6r\u00e4ytyksill\u00e4: T\u00e4ydellinen opas online-kasinobonuksiin\" \/>\n<meta property=\"og:description\" content=\"Tutustu ilmaispy\u00f6r\u00e4ytysten j\u00e4nnitykseen nettikasinoilla! Kattava oppaamme selitt\u00e4\u00e4, kuinka saat kaiken irti n\u00e4ist\u00e4 j\u00e4nnitt\u00e4vist\u00e4 bonuksista. Opi parhaista strategioista ja parhaista kasinoalustoista.\" \/>\n<meta property=\"og:url\" content=\"https:\/\/slotsite.mediacle.net\/free-spins\/\" \/>\n<meta property=\"og:site_name\" content=\"Slotsite\" \/>\n<meta property=\"article:modified_time\" content=\"2023-08-30T09:56:10+00:00\" \/>\n<meta name=\"twitter:card\" content=\"summary_large_image\" \/>\n<meta name=\"twitter:label1\" content=\"Est. reading time\" \/>\n\t<meta name=\"twitter:data1\" content=\"2 minutes\" \/>\n<script type=\"application\/ld+json\" class=\"yoast-schema-graph\">{\"@context\":\"https:\/\/schema.org\",\"@graph\":[{\"@type\":\"WebPage\",\"@id\":\"https:\/\/slotsite.mediacle.net\/free-spins\/\",\"url\":\"https:\/\/slotsite.mediacle.net\/free-spins\/\",\"name\":\"Online Casino Slots ilmaiskierrosta | Slotsite\",\"isPartOf\":{\"@id\":\"https:\/\/slotsite.mediacle.net\/#website\"},\"datePublished\":\"2023-07-10T06:49:18+00:00\",\"dateModified\":\"2023-08-30T09:56:10+00:00\",\"breadcrumb\":{\"@id\":\"https:\/\/slotsite.mediacle.net\/free-spins\/#breadcrumb\"},\"inLanguage\":\"fi\",\"potentialAction\":[{\"@type\":\"ReadAction\",\"target\":[\"https:\/\/slotsite.mediacle.net\/free-spins\/\"]}]},{\"@type\":\"BreadcrumbList\",\"@id\":\"https:\/\/slotsite.mediacle.net\/free-spins\/#breadcrumb\",\"itemListElement\":[{\"@type\":\"ListItem\",\"position\":1,\"name\":\"Home\",\"item\":\"https:\/\/slotsite.mediacle.net\/\"},{\"@type\":\"ListItem\",\"position\":2,\"name\":\"Promotions des casinos en ligne\"}]},{\"@type\":\"WebSite\",\"@id\":\"https:\/\/slotsite.mediacle.net\/#website\",\"url\":\"https:\/\/slotsite.mediacle.net\/\",\"name\":\"Slotsite\",\"description\":\"\",\"potentialAction\":[{\"@type\":\"SearchAction\",\"target\":{\"@type\":\"EntryPoint\",\"urlTemplate\":\"https:\/\/slotsite.mediacle.net\/?s={search_term_string}\"},\"query-input\":\"required name=search_term_string\"}],\"inLanguage\":\"fi\"}]}<\/script>\n<!-- \/ Yoast SEO plugin. -->","yoast_head_json":{"title":"Avaa j\u00e4nnityst\u00e4 ilmaispy\u00f6r\u00e4ytyksill\u00e4: T\u00e4ydellinen opas online-kasinobonuksiin","description":"Tutustu ilmaispy\u00f6r\u00e4ytysten j\u00e4nnitykseen nettikasinoilla! Kattava oppaamme selitt\u00e4\u00e4, kuinka saat kaiken irti n\u00e4ist\u00e4 j\u00e4nnitt\u00e4vist\u00e4 bonuksista. Opi parhaista strategioista ja parhaista kasinoalustoista.","robots":{"index":"index","follow":"follow","max-snippet":"max-snippet:-1","max-image-preview":"max-image-preview:large","max-video-preview":"max-video-preview:-1"},"canonical":"https:\/\/slotsite.mediacle.net\/free-spins\/","og_locale":"fi_FI","og_type":"article","og_title":"Avaa j\u00e4nnityst\u00e4 ilmaispy\u00f6r\u00e4ytyksill\u00e4: T\u00e4ydellinen opas online-kasinobonuksiin","og_description":"Tutustu ilmaispy\u00f6r\u00e4ytysten j\u00e4nnitykseen nettikasinoilla! Kattava oppaamme selitt\u00e4\u00e4, kuinka saat kaiken irti n\u00e4ist\u00e4 j\u00e4nnitt\u00e4vist\u00e4 bonuksista. Opi parhaista strategioista ja parhaista kasinoalustoista.","og_url":"https:\/\/slotsite.mediacle.net\/free-spins\/","og_site_name":"Slotsite","article_modified_time":"2023-08-30T09:56:10+00:00","twitter_card":"summary_large_image","twitter_misc":{"Est. reading time":"2 minutes"},"schema":{"@context":"https:\/\/schema.org","@graph":[{"@type":"WebPage","@id":"https:\/\/slotsite.mediacle.net\/free-spins\/","url":"https:\/\/slotsite.mediacle.net\/free-spins\/","name":"Online Casino Slots ilmaiskierrosta | Slotsite","isPartOf":{"@id":"https:\/\/slotsite.mediacle.net\/#website"},"datePublished":"2023-07-10T06:49:18+00:00","dateModified":"2023-08-30T09:56:10+00:00","breadcrumb":{"@id":"https:\/\/slotsite.mediacle.net\/free-spins\/#breadcrumb"},"inLanguage":"fi","potentialAction":[{"@type":"ReadAction","target":["https:\/\/slotsite.mediacle.net\/free-spins\/"]}]},{"@type":"BreadcrumbList","@id":"https:\/\/slotsite.mediacle.net\/free-spins\/#breadcrumb","itemListElement":[{"@type":"ListItem","position":1,"name":"Home","item":"https:\/\/slotsite.mediacle.net\/"},{"@type":"ListItem","position":2,"name":"Promotions des casinos en ligne"}]},{"@type":"WebSite","@id":"https:\/\/slotsite.mediacle.net\/#website","url":"https:\/\/slotsite.mediacle.net\/","name":"Slotsite","description":"","potentialAction":[{"@type":"SearchAction","target":{"@type":"EntryPoint","urlTemplate":"https:\/\/slotsite.mediacle.net\/?s={search_term_string}"},"query-input":"required name=search_term_string"}],"inLanguage":"fi"}]}},"_links":{"self":[{"href":"https:\/\/slotsite.mediacle.net\/fi\/wp-json\/wp\/v2\/pages\/205","targetHints":{"allow":["GET"]}}],"collection":[{"href":"https:\/\/slotsite.mediacle.net\/fi\/wp-json\/wp\/v2\/pages"}],"about":[{"href":"https:\/\/slotsite.mediacle.net\/fi\/wp-json\/wp\/v2\/types\/page"}],"author":[{"embeddable":true,"href":"https:\/\/slotsite.mediacle.net\/fi\/wp-json\/wp\/v2\/users\/1"}],"replies":[{"embeddable":true,"href":"https:\/\/slotsite.mediacle.net\/fi\/wp-json\/wp\/v2\/comments?post=205"}],"version-history":[{"count":43,"href":"https:\/\/slotsite.mediacle.net\/fi\/wp-json\/wp\/v2\/pages\/205\/revisions"}],"predecessor-version":[{"id":2231,"href":"https:\/\/slotsite.mediacle.net\/fi\/wp-json\/wp\/v2\/pages\/205\/revisions\/2231"}],"wp:attachment":[{"href":"https:\/\/slotsite.mediacle.net\/fi\/wp-json\/wp\/v2\/media?parent=205"}],"curies":[{"name":"wp","href":"https:\/\/api.w.org\/{rel}","templated":true}]}}