{"id":211,"date":"2023-07-24T07:23:39","date_gmt":"2023-07-24T07:23:39","guid":{"rendered":"https:\/\/slotsite.mediacle.net\/?page_id=211"},"modified":"2023-08-24T06:51:17","modified_gmt":"2023-08-24T06:51:17","slug":"rewards","status":"publish","type":"page","link":"https:\/\/slotsite.mediacle.net\/fi\/palkintoja\/","title":{"rendered":"Casino palkinnot"},"content":{"rendered":"<h2 style=\"text-align: justify;\"><strong>Tervetuloa Rewards-ohjelmaan: Avaa j\u00e4nnitt\u00e4vien etujen maailma!<\/strong><\/h2>\n<p style=\"text-align: justify;\">SlotSite.com-kasinolla arvostamme uskollisuuttasi ja pyrimme tarjoamaan parhaan kokemuksen, joka ei rajoitu vain suosikkikasinopelien pelaamiseen. Siksi olemme luoneet kanta-asiakasohjelmamme, joka on suunniteltu palkitsemaan sinut aina yksinoikeudella etuilla ja etuuksilla!<\/p>\n<h2 style=\"text-align: justify;\"><strong>Miten se toimii:<\/strong><\/h2>\n<p style=\"text-align: justify;\">Joka kerta, kun ly\u00f6t oikean rahan vetoa laajassa pelivalikoimassamme, ansaitset arvokkaita pisteit\u00e4. Mit\u00e4 enemm\u00e4n pelaat, sit\u00e4 enemm\u00e4n pisteit\u00e4 kertyy, mik\u00e4 tuo sinut l\u00e4hemm\u00e4s fantastisten palkintojen avaamista. Muista tilata kampanjoita tilill\u00e4si saadaksesi erityisi\u00e4 lis\u00e4pistebonuksia!<\/p>\n<h2 style=\"text-align: justify;\"><strong>Avaa fantastiset palkinnot:<\/strong><\/h2>\n<p style=\"text-align: justify;\">Kun ker\u00e4\u00e4t pisteit\u00e4 ja etenet tasoilla, voit avata erilaisia fantastisia palkintoja. N\u00e4ihin palkintoihin voi kuulua ilmaiskierroksia suosituissa kolikkopeleiss\u00e4, bonusrahaa pelikassasi kasvattamiseksi, yksinoikeus erikoiskampanjoihin ja VIP-turnauksiin, henkil\u00f6kohtaisia lahjoja, omistautuneita tilinhoitajia ja paljon muuta!<\/p>\n<h2 style=\"text-align: justify;\"><strong>Teht\u00e4vi\u00e4 lis\u00e4pisteist\u00e4:<\/strong><\/h2>\n<p style=\"text-align: justify;\">Kokeile siisti\u00e4 ohjelmistotoimittajaa tai uusia pelej\u00e4! Suorita teht\u00e4vi\u00e4 pelaamalla hauskoja pelej\u00e4 ja saavuttamalla virstanpylv\u00e4it\u00e4 tai osallistumalla erityisiin kampanjoihin ja ansaitse matkan varrella lis\u00e4pisteit\u00e4!<\/p>\n<h2 style=\"text-align: justify;\"><strong>Avaa pisteidesi voima!<\/strong><\/h2>\n<p style=\"text-align: justify;\">Kun olet ker\u00e4nnyt riitt\u00e4v\u00e4n m\u00e4\u00e4r\u00e4n pisteit\u00e4 pelaamalla, voit siirty\u00e4 Rewards Storeen! T\u00e4m\u00e4 virtuaalinen aarreaitta on t\u00e4ynn\u00e4 monenlaisia palkitsemisvaihtoehtoja, joista voit valita. Tutustu kaupan valikoimaan, ja olitpa sitten rullien py\u00f6ritt\u00e4misen yst\u00e4v\u00e4 tai mieluummin kasvatat pelikassaasi bonusrahoilla, meill\u00e4 on uskomattomia palkintoja jokaiselle VIP-tasolle! Se on t\u00e4ydellinen tilaisuus tutustua uusiin peleihin tai palata kaikkien aikojen suosikkeihisi.<\/p>\n<h2 style=\"text-align: justify;\"><strong>Lunasta ja nauti:<\/strong><\/h2>\n<p style=\"text-align: justify;\">Pisteiden muuntaminen ilmaiskierroksiksi tai bonusrahaksi on helppoa, ja palkinnot hyvitet\u00e4\u00e4n v\u00e4litt\u00f6m\u00e4sti tilillesi. Voit alkaa k\u00e4ytt\u00e4\u00e4 ilmaiskierroksia rullien py\u00f6ritt\u00e4miseen tai hy\u00f6dynt\u00e4\u00e4 bonusrahaa tutustuaksesi eri kasinopeleihin. Muista, ett\u00e4 mit\u00e4 enemm\u00e4n pisteit\u00e4 ker\u00e4\u00e4t, sit\u00e4 suuremmat palkinnot sinua odottavat! \u00a0Arvostettuna VIP-j\u00e4senen\u00e4 tarjoamme lis\u00e4bonuksia yksinomaan ylim\u00e4\u00e4r\u00e4isill\u00e4 ilmaiskierroksilla ja erityisill\u00e4 talletusbonuskoodeilla. Pid\u00e4 silm\u00e4ll\u00e4 s\u00e4hk\u00f6postilaatikkoasi ja kampanjasivua pysy\u00e4ksesi ajan tasalla!<\/p>\n<p style=\"text-align: justify;\">Muista aina tuntea ja asettaa omat rajasi. Pelaa vastuullisesti. Pelaaminen voi aiheuttaa riippuvuutta. Sovelletaan <u><a href=\"https:\/\/casino.slotsite.com\/terms-conditions-info\">s\u00e4\u00e4nt\u00f6j\u00e4 ja ehtoja<\/a>.<\/u><\/p>\n","protected":false},"excerpt":{"rendered":"<p>Tervetuloa Rewards-ohjelmaan: Avaa j\u00e4nnitt\u00e4vien etujen maailma! SlotSite.com-kasinolla arvostamme uskollisuuttasi ja pyrimme tarjoamaan parhaan kokemuksen, joka ei rajoitu vain suosikkikasinopelien pelaamiseen. Siksi olemme luoneet kanta-asiakasohjelmamme, joka on suunniteltu palkitsemaan sinut aina yksinoikeudella etuilla ja etuuksilla! Miten se toimii: Joka kerta, kun ly\u00f6t oikean rahan vetoa laajassa pelivalikoimassamme, ansaitset arvokkaita pisteit\u00e4. Mit\u00e4 enemm\u00e4n pelaat, sit\u00e4 enemm\u00e4n pisteit\u00e4 [&hellip;]<\/p>\n","protected":false},"author":1,"featured_media":0,"parent":0,"menu_order":0,"comment_status":"closed","ping_status":"closed","template":"templates\/rewards.php","meta":{"footnotes":""},"class_list":["post-211","page","type-page","status-publish","hentry"],"translation":{"provider":"WPGlobus","version":"2.12.2","language":"fi","enabled_languages":["en","ca","fi","no","ja","es","pt","qc","gb","ir","nz","sa","in"],"languages":{"en":{"title":true,"content":true,"excerpt":false},"ca":{"title":true,"content":true,"excerpt":false},"fi":{"title":true,"content":true,"excerpt":false},"no":{"title":true,"content":true,"excerpt":false},"ja":{"title":true,"content":true,"excerpt":false},"es":{"title":true,"content":true,"excerpt":false},"pt":{"title":true,"content":true,"excerpt":false},"qc":{"title":true,"content":true,"excerpt":false},"gb":{"title":true,"content":true,"excerpt":false},"ir":{"title":false,"content":false,"excerpt":false},"nz":{"title":false,"content":false,"excerpt":false},"sa":{"title":false,"content":false,"excerpt":false},"in":{"title":true,"content":true,"excerpt":false}}},"acf":[],"yoast_head":"<!-- This site is optimized with the Yoast SEO plugin v20.11 - https:\/\/yoast.com\/wordpress\/plugins\/seo\/ -->\n<title>Rewarding Loyalty: Unlock Exciting Prizes on Our Rewards Page!<\/title>\n<meta name=\"robots\" content=\"index, follow, max-snippet:-1, max-image-preview:large, max-video-preview:-1\" \/>\n<link rel=\"canonical\" href=\"https:\/\/slotsite.mediacle.net\/rewards\/\" \/>\n<meta property=\"og:locale\" content=\"fi_FI\" \/>\n<meta property=\"og:type\" content=\"article\" \/>\n<meta property=\"og:title\" content=\"Casino palkinnot | Slotsite\" \/>\n<meta property=\"og:url\" content=\"https:\/\/slotsite.mediacle.net\/rewards\/\" \/>\n<meta property=\"og:site_name\" content=\"Slotsite\" \/>\n<meta property=\"article:modified_time\" content=\"2023-08-24T06:51:17+00:00\" \/>\n<meta name=\"twitter:card\" content=\"summary_large_image\" \/>\n<meta name=\"twitter:label1\" content=\"Est. reading time\" \/>\n\t<meta name=\"twitter:data1\" content=\"3 minutes\" \/>\n<script type=\"application\/ld+json\" class=\"yoast-schema-graph\">{\"@context\":\"https:\/\/schema.org\",\"@graph\":[{\"@type\":\"WebPage\",\"@id\":\"https:\/\/slotsite.mediacle.net\/rewards\/\",\"url\":\"https:\/\/slotsite.mediacle.net\/rewards\/\",\"name\":\"Rewarding Loyalty: Unlock Exciting Prizes on Our Rewards Page!\",\"isPartOf\":{\"@id\":\"https:\/\/slotsite.mediacle.net\/#website\"},\"datePublished\":\"2023-07-24T07:23:39+00:00\",\"dateModified\":\"2023-08-24T06:51:17+00:00\",\"description\":\"\",\"breadcrumb\":{\"@id\":\"https:\/\/slotsite.mediacle.net\/rewards\/#breadcrumb\"},\"inLanguage\":\"fi\",\"potentialAction\":[{\"@type\":\"ReadAction\",\"target\":[\"https:\/\/slotsite.mediacle.net\/rewards\/\"]}]},{\"@type\":\"BreadcrumbList\",\"@id\":\"https:\/\/slotsite.mediacle.net\/rewards\/#breadcrumb\",\"itemListElement\":[{\"@type\":\"ListItem\",\"position\":1,\"name\":\"Home\",\"item\":\"https:\/\/slotsite.mediacle.net\/\"},{\"@type\":\"ListItem\",\"position\":2,\"name\":\"Rewards\"}]},{\"@type\":\"WebSite\",\"@id\":\"https:\/\/slotsite.mediacle.net\/#website\",\"url\":\"https:\/\/slotsite.mediacle.net\/\",\"name\":\"Slotsite\",\"description\":\"\",\"potentialAction\":[{\"@type\":\"SearchAction\",\"target\":{\"@type\":\"EntryPoint\",\"urlTemplate\":\"https:\/\/slotsite.mediacle.net\/?s={search_term_string}\"},\"query-input\":\"required name=search_term_string\"}],\"inLanguage\":\"fi\"}]}<\/script>\n<!-- \/ Yoast SEO plugin. -->","yoast_head_json":{"title":"Rewarding Loyalty: Unlock Exciting Prizes on Our Rewards Page!","robots":{"index":"index","follow":"follow","max-snippet":"max-snippet:-1","max-image-preview":"max-image-preview:large","max-video-preview":"max-video-preview:-1"},"canonical":"https:\/\/slotsite.mediacle.net\/rewards\/","og_locale":"fi_FI","og_type":"article","og_title":"Casino palkinnot | Slotsite","og_url":"https:\/\/slotsite.mediacle.net\/rewards\/","og_site_name":"Slotsite","article_modified_time":"2023-08-24T06:51:17+00:00","twitter_card":"summary_large_image","twitter_misc":{"Est. reading time":"3 minutes"},"schema":{"@context":"https:\/\/schema.org","@graph":[{"@type":"WebPage","@id":"https:\/\/slotsite.mediacle.net\/rewards\/","url":"https:\/\/slotsite.mediacle.net\/rewards\/","name":"Rewarding Loyalty: Unlock Exciting Prizes on Our Rewards Page!","isPartOf":{"@id":"https:\/\/slotsite.mediacle.net\/#website"},"datePublished":"2023-07-24T07:23:39+00:00","dateModified":"2023-08-24T06:51:17+00:00","description":"","breadcrumb":{"@id":"https:\/\/slotsite.mediacle.net\/rewards\/#breadcrumb"},"inLanguage":"fi","potentialAction":[{"@type":"ReadAction","target":["https:\/\/slotsite.mediacle.net\/rewards\/"]}]},{"@type":"BreadcrumbList","@id":"https:\/\/slotsite.mediacle.net\/rewards\/#breadcrumb","itemListElement":[{"@type":"ListItem","position":1,"name":"Home","item":"https:\/\/slotsite.mediacle.net\/"},{"@type":"ListItem","position":2,"name":"Rewards"}]},{"@type":"WebSite","@id":"https:\/\/slotsite.mediacle.net\/#website","url":"https:\/\/slotsite.mediacle.net\/","name":"Slotsite","description":"","potentialAction":[{"@type":"SearchAction","target":{"@type":"EntryPoint","urlTemplate":"https:\/\/slotsite.mediacle.net\/?s={search_term_string}"},"query-input":"required name=search_term_string"}],"inLanguage":"fi"}]}},"_links":{"self":[{"href":"https:\/\/slotsite.mediacle.net\/fi\/wp-json\/wp\/v2\/pages\/211","targetHints":{"allow":["GET"]}}],"collection":[{"href":"https:\/\/slotsite.mediacle.net\/fi\/wp-json\/wp\/v2\/pages"}],"about":[{"href":"https:\/\/slotsite.mediacle.net\/fi\/wp-json\/wp\/v2\/types\/page"}],"author":[{"embeddable":true,"href":"https:\/\/slotsite.mediacle.net\/fi\/wp-json\/wp\/v2\/users\/1"}],"replies":[{"embeddable":true,"href":"https:\/\/slotsite.mediacle.net\/fi\/wp-json\/wp\/v2\/comments?post=211"}],"version-history":[{"count":59,"href":"https:\/\/slotsite.mediacle.net\/fi\/wp-json\/wp\/v2\/pages\/211\/revisions"}],"predecessor-version":[{"id":2084,"href":"https:\/\/slotsite.mediacle.net\/fi\/wp-json\/wp\/v2\/pages\/211\/revisions\/2084"}],"wp:attachment":[{"href":"https:\/\/slotsite.mediacle.net\/fi\/wp-json\/wp\/v2\/media?parent=211"}],"curies":[{"name":"wp","href":"https:\/\/api.w.org\/{rel}","templated":true}]}}