{"id":235,"date":"2023-07-24T07:56:36","date_gmt":"2023-07-24T07:56:36","guid":{"rendered":"https:\/\/slotsite.mediacle.net\/?page_id=235"},"modified":"2023-08-24T08:54:37","modified_gmt":"2023-08-24T08:54:37","slug":"online-casino-other-games","status":"publish","type":"page","link":"https:\/\/slotsite.mediacle.net\/fi\/kasinopelej%C3%A4\/","title":{"rendered":"Muut pelit"},"content":{"rendered":"<h1 style=\"text-align: justify;\"><strong>Koe pikavoitot j\u00e4nnitt\u00e4v\u00e4n pikavoittopelien kokoelmamme avulla!<\/strong><\/h1>\n<p style=\"text-align: justify;\">Tervetuloa SlotSite.com-kasinolle, parhaaseen kohteeseesi kokea pelej\u00e4, joissa jokaisella klikkauksella tai raapaisulla on mahdollisuus v\u00e4litt\u00f6miin k\u00e4teispalkintoihin. Tutustu monipuoliseen valikoimaan pikavoittopelej\u00e4, mukaan lukien raaputusarvat, py\u00f6riv\u00e4t py\u00f6r\u00e4t, korttipelit, pikaruletti, keno, lotto, virtuaaliset ajopelit ja paljon muuta! Jokainen peli tarjoaa hauskoja tyylej\u00e4 ja pelattavuutta, mukaan lukien mahdollisuuden voittaa suuria summia, joten sinua odottaa riemastuttava kyyti!<\/p>\n<p style=\"text-align: justify;\">Online-raaputusarvat: Raaputa kortit: Paljasta piilotetut aarteet jokaisella raaputuskortilla<\/p>\n<p style=\"text-align: justify;\">Sukella raaputusarpajaisten ajattomaan vieh\u00e4tykseen, jossa pelkk\u00e4 sormella tai hiirimatolla tehty raaputus voi paljastaa suuria yll\u00e4tyksi\u00e4. Kokoelmassamme on laaja valikoima erilaisia teemoja ja malleja, joista jokainen tarjoaa oman sarjansa erilaisia k\u00e4teispalkintoja. Klassisista raaputusarpajaisista, joita saatat n\u00e4hd\u00e4 supermarketissa, interaktiivisiin muunnelmiin, l\u00f6yd\u00e4t loputtomasti mahdollisuuksia l\u00f6yt\u00e4\u00e4 yhteensopivia symboleja, paljastaa piilotettuja palkintoja ja lunastaa v\u00e4litt\u00f6m\u00e4t palkintosi. Pelaa, raaputa ja voita!<\/p>\n<h2 style=\"text-align: justify;\"><strong>Py\u00f6riv\u00e4t py\u00f6r\u00e4t: Py\u00f6rit\u00e4 onnenpy\u00f6r\u00e4\u00e4 pikavoittoja varten<\/strong><\/h2>\n<p style=\"text-align: justify;\">Valmistaudu syd\u00e4nt\u00e4 syk\u00e4hdytt\u00e4viin hetkiin py\u00f6riv\u00e4n py\u00f6r\u00e4n peleiss\u00e4mme. Tunne odotuksen kasvavan, kun py\u00f6rit\u00e4t onnenpy\u00f6r\u00e4\u00e4 ja jahtaat anteliaita rahapalkintoja, kertoimia, bonuskierroksia ja paljon muuta. Jokaisella py\u00f6r\u00e4ytyksell\u00e4 j\u00e4nnitys nousee uusiin korkeuksiin, kun katsot py\u00f6r\u00e4n pys\u00e4htyv\u00e4n. Oletko sin\u00e4 se onnekas, joka voittaa j\u00e4ttipotin ja varmistaa v\u00e4litt\u00f6m\u00e4t rikkaudet? Py\u00f6rit\u00e4 py\u00f6r\u00e4\u00e4 ja anna kohtalon p\u00e4\u00e4tt\u00e4\u00e4 onnestasi!<\/p>\n<h2 style=\"text-align: justify;\"><strong>Korttipelit: Testaa taitosi ja onneasi pikavoittokorttipeleiss\u00e4.<\/strong><\/h2>\n<p style=\"text-align: justify;\">Jos olet korttipelien yst\u00e4v\u00e4, pikavoittokokoelmamme tarjoaa j\u00e4nnitt\u00e4v\u00e4n valikoiman korttipohjaisia pelej\u00e4, joissa on v\u00e4litt\u00f6mi\u00e4 palkintoja. Laita taitosi koetukselle ja osallistu nopeatempoiseen peliin, kun tavoittelet voittok\u00e4si\u00e4 ja v\u00e4litt\u00f6mi\u00e4 palkintoja. Mielenkiintoisten pelivariaatioiden ansiosta korttipelimme saavat sinut tuntemaan, ett\u00e4 sinulla on paikka p\u00f6yd\u00e4ss\u00e4!<\/p>\n<p style=\"text-align: justify;\">Instant Roulette: Tunne v\u00e4litt\u00f6mien voittojen j\u00e4nnitys rulettipy\u00f6r\u00e4ss\u00e4.<\/p>\n<p style=\"text-align: justify;\">Instant Roulette on todella siisti livepeli, jossa pelistudiossa on 12 yksitt\u00e4ist\u00e4 automaattista rulettipy\u00f6r\u00e4\u00e4. Py\u00f6r\u00e4t py\u00f6riv\u00e4t j\u00e4rjestyksess\u00e4 per\u00e4kk\u00e4in, ja pallot putoavat per\u00e4kk\u00e4in eri py\u00f6riin. Aseta panoksesi, katso py\u00f6r\u00e4n py\u00f6rimist\u00e4 ja pid\u00e4t\u00e4 hengityst\u00e4si, kun pallo l\u00f6yt\u00e4\u00e4 onnenpaikkansa! Kohtaavatko valitsemasi numerot? Pikavoittojen j\u00e4nnitt\u00e4vyyden ja nopeiden tulosten ansiosta <a href=\"https:\/\/slotsite.mediacle.net\/fi\/roulette\/\"><u>Instant Roulette <\/u><\/a>on peli, johon haluat ehdottomasti osallistua.<\/p>\n<p style=\"text-align: justify;\">Kenopelit: Kenon j\u00e4nnitt\u00e4v\u00e4ss\u00e4 maailmassa: Pelaa v\u00e4litt\u00f6mist\u00e4 palkinnoista.<\/p>\n<p style=\"text-align: justify;\">Nauti lottotyylisten Keno-pelien j\u00e4nnityksest\u00e4. Valitse onnennumerosi ja odota innokkaasti arvontoja. Kun numerot paljastuvat, odotus kasvaa, ja jokaisen t\u00e4sm\u00e4\u00e4v\u00e4n numeron my\u00f6t\u00e4 mahdollisuutesi voittaa suuria voittoja kasvavat. <a href=\"https:\/\/slotsite.mediacle.net\/fi\/keno-games\/\"><u>Kenopelimme <\/u><\/a>tarjoavat nopeatempoisen ja mukaansatempaavan pelikokemuksen eri panostusvaihtoehtojen ja v\u00e4litt\u00f6mien tulosten j\u00e4nnityksen ansiosta. Onko onni puolellasi, kun numerot asettuvat kohdalleen? Pelaa Kenoa ja ota selv\u00e4\u00e4!<\/p>\n<p style=\"text-align: justify;\">Kuinka rekister\u00f6ity\u00e4 ja pelata pikavoittopelej\u00e4 SlotSite.com Casinolla:<\/p>\n<p style=\"text-align: justify;\">Olitpa raaputusarpapelien harrastaja, py\u00f6rivien py\u00f6rien yst\u00e4v\u00e4, strateginen korttipelaaja, ruletin yst\u00e4v\u00e4 tai lottopelien yst\u00e4v\u00e4, pikavoittokokoelmastamme l\u00f6ytyy jokaiselle jotakin. Liity meihin jo t\u00e4n\u00e4\u00e4n!<\/p>\n<ul style=\"text-align: justify;\">\n<li>Luo tili: Klikkaa &#8220;Rekister\u00f6idy&#8221; -painiketta. T\u00e4yt\u00e4 vaaditut tiedot, kuten nimesi, s\u00e4hk\u00f6postiosoitteesi ja salasanasi. Hyv\u00e4ksy ehdot ja klikkaa &#8220;Rekister\u00f6idy&#8221; luodaksesi tilisi.<\/li>\n<li>Vahvista tilisi: Rekister\u00f6itymisen j\u00e4lkeen saat vahvistuss\u00e4hk\u00f6postin. Vahvista tilisi klikkaamalla s\u00e4hk\u00f6postissa olevaa vahvistuslinkki\u00e4. Kun olet vahvistanut tilisi, olet valmis aloittamaan pikavoittojen pelimatkasi.<\/li>\n<li>Tee talletus: Jos haluat pelata pikavoittopelej\u00e4 oikealla rahalla, sinun on teht\u00e4v\u00e4 talletus kasinotilillesi. SlotSite.com tarjoaa useita turvallisia ja k\u00e4tevi\u00e4 maksutapoja. Siirry vain &#8220;Cashier&#8221;-osioon, valitse haluamasi talletusmenetelm\u00e4, sy\u00f6t\u00e4 vaaditut tiedot ja valitse haluamasi talletussumma. Seuraa n\u00e4yt\u00f6n ohjeita suorittaaksesi maksutapahtuman loppuun.<\/li>\n<li>Lunasta tervetuliaispaketti: Tervetuliaisbonus: Uutena pelaajana saatat olla oikeutettu tervetuliaisbonukseen. Tarkista kampanjasivu tai ota yhteytt\u00e4 asiakastukeen saadaksesi tietoa saatavilla olevista tervetuliaistarjouksista. Voit lunastaa bonuksesi sy\u00f6tt\u00e4m\u00e4ll\u00e4 vastaavan bonuskoodin talletusprosessin aikana tai ottamalla yhteytt\u00e4 asiakaspalveluun saadaksesi apua.<\/li>\n<li>Siirry Casual-osioon: Kun tilisi on rahoitettu, siirry peliaulaan, josta l\u00f6yd\u00e4t laajan valikoiman pikavoittopelej\u00e4! Selaa pikavoittopelien valikoimaa ja valitse se, joka kiinnostaa sinua. Avaa peli klikkaamalla sen pikkukuvaa.<\/li>\n<li>Opi s\u00e4\u00e4nn\u00f6t: Jokaisella pikavoittopelill\u00e4 on omat s\u00e4\u00e4nt\u00f6ns\u00e4 ja pelimekaniikkansa. K\u00e4yt\u00e4 hetki aikaa pelin ohjeiden tai pelioppaan lukemiseen tutustuaksesi pelin tavoitteisiin, voittoyhdistelmiin ja erikoisominaisuuksiin.<\/li>\n<li>Aseta panoksesi: Aseta haluamasi panos ennen pelin aloittamista. Muista, ett\u00e4 eri peleiss\u00e4 voi olla erilaisia vedonly\u00f6ntivaihtoehtoja, joten valitse se, joka sopii pelityyliisi ja budjettiisi. Kun olet mukauttanut panoksesi, napsauta &#8220;Pelaa&#8221; tai &#8220;Aloita&#8221; -painiketta pelin aloittamiseksi. Seuraa n\u00e4yt\u00f6n ohjeita ja nauti j\u00e4nnityksest\u00e4 pelin edetess\u00e4.<\/li>\n<li>Lunasta voittosi: Jos olet tarpeeksi onnekas saadaksesi voittoyhdistelm\u00e4n tai pikapalkinnon, onnittelut! Voittosi lis\u00e4t\u00e4\u00e4n automaattisesti kasinotilisi saldoon. Voit jatkaa pelaamista tai nostaa voittosi k\u00e4ytett\u00e4viss\u00e4 olevien nostovaihtoehtojen avulla.<\/li>\n<\/ul>\n<p style=\"text-align: justify;\">Muista, ett\u00e4 pikavoittopelien pelaaminen SlotSite.com Casinolla on tarkoitettu nautinnolliseksi ja viihdytt\u00e4v\u00e4ksi. Aseta pelisessioillesi budjetti ja pelaa vastuullisesti. Pelaaminen voi aiheuttaa riippuvuutta. Jos joskus tarvitset apua tai sinulla on kysytt\u00e4v\u00e4\u00e4, yst\u00e4v\u00e4llinen ja omistautunut asiakastukitiimimme on k\u00e4ytett\u00e4viss\u00e4 24\/7 ja auttaa sinua matkan varrella. Rekister\u00f6idy t\u00e4n\u00e4\u00e4n, sukella pikavoittojen maailmaan ja anna j\u00e4nnityksen alkaa!<\/p>\n","protected":false},"excerpt":{"rendered":"<p>Koe pikavoitot j\u00e4nnitt\u00e4v\u00e4n pikavoittopelien kokoelmamme avulla! Tervetuloa SlotSite.com-kasinolle, parhaaseen kohteeseesi kokea pelej\u00e4, joissa jokaisella klikkauksella tai raapaisulla on mahdollisuus v\u00e4litt\u00f6miin k\u00e4teispalkintoihin. Tutustu monipuoliseen valikoimaan pikavoittopelej\u00e4, mukaan lukien raaputusarvat, py\u00f6riv\u00e4t py\u00f6r\u00e4t, korttipelit, pikaruletti, keno, lotto, virtuaaliset ajopelit ja paljon muuta! Jokainen peli tarjoaa hauskoja tyylej\u00e4 ja pelattavuutta, mukaan lukien mahdollisuuden voittaa suuria summia, joten sinua odottaa [&hellip;]<\/p>\n","protected":false},"author":1,"featured_media":0,"parent":0,"menu_order":0,"comment_status":"closed","ping_status":"closed","template":"templates\/category.php","meta":{"footnotes":""},"class_list":["post-235","page","type-page","status-publish","hentry"],"translation":{"provider":"WPGlobus","version":"2.12.2","language":"fi","enabled_languages":["en","ca","fi","no","ja","es","pt","qc","gb","ir","nz","sa","in"],"languages":{"en":{"title":true,"content":true,"excerpt":false},"ca":{"title":true,"content":true,"excerpt":false},"fi":{"title":true,"content":true,"excerpt":false},"no":{"title":true,"content":true,"excerpt":false},"ja":{"title":true,"content":true,"excerpt":false},"es":{"title":true,"content":true,"excerpt":false},"pt":{"title":true,"content":true,"excerpt":false},"qc":{"title":true,"content":true,"excerpt":false},"gb":{"title":true,"content":true,"excerpt":false},"ir":{"title":true,"content":false,"excerpt":false},"nz":{"title":true,"content":false,"excerpt":false},"sa":{"title":true,"content":false,"excerpt":false},"in":{"title":true,"content":true,"excerpt":false}}},"acf":[],"yoast_head":"<!-- This site is optimized with the Yoast SEO plugin v20.11 - https:\/\/yoast.com\/wordpress\/plugins\/seo\/ -->\n<title>Slotsite<\/title>\n<meta name=\"robots\" content=\"index, follow, max-snippet:-1, max-image-preview:large, max-video-preview:-1\" \/>\n<link rel=\"canonical\" href=\"https:\/\/slotsite.mediacle.net\/online-casino-other-games\/\" \/>\n<meta property=\"og:locale\" content=\"fi_FI\" \/>\n<meta property=\"og:type\" content=\"article\" \/>\n<meta property=\"og:url\" content=\"https:\/\/slotsite.mediacle.net\/online-casino-other-games\/\" \/>\n<meta property=\"og:site_name\" content=\"Slotsite\" \/>\n<meta property=\"article:modified_time\" content=\"2023-08-24T08:54:37+00:00\" \/>\n<meta name=\"twitter:card\" content=\"summary_large_image\" \/>\n<meta name=\"twitter:label1\" content=\"Est. reading time\" \/>\n\t<meta name=\"twitter:data1\" content=\"4 minutes\" \/>\n<script type=\"application\/ld+json\" class=\"yoast-schema-graph\">{\"@context\":\"https:\/\/schema.org\",\"@graph\":[{\"@type\":\"WebPage\",\"@id\":\"https:\/\/slotsite.mediacle.net\/online-casino-other-games\/\",\"url\":\"https:\/\/slotsite.mediacle.net\/online-casino-other-games\/\",\"name\":\"\",\"isPartOf\":{\"@id\":\"https:\/\/slotsite.mediacle.net\/#website\"},\"datePublished\":\"2023-07-24T07:56:36+00:00\",\"dateModified\":\"2023-08-24T08:54:37+00:00\",\"description\":\"\",\"breadcrumb\":{\"@id\":\"https:\/\/slotsite.mediacle.net\/online-casino-other-games\/#breadcrumb\"},\"inLanguage\":\"fi\",\"potentialAction\":[{\"@type\":\"ReadAction\",\"target\":[\"https:\/\/slotsite.mediacle.net\/online-casino-other-games\/\"]}]},{\"@type\":\"BreadcrumbList\",\"@id\":\"https:\/\/slotsite.mediacle.net\/online-casino-other-games\/#breadcrumb\",\"itemListElement\":[{\"@type\":\"ListItem\",\"position\":1,\"name\":\"Home\",\"item\":\"https:\/\/slotsite.mediacle.net\/\"},{\"@type\":\"ListItem\",\"position\":2,\"name\":\"Online Casino Other Games\"}]},{\"@type\":\"WebSite\",\"@id\":\"https:\/\/slotsite.mediacle.net\/#website\",\"url\":\"https:\/\/slotsite.mediacle.net\/\",\"name\":\"Slotsite\",\"description\":\"\",\"potentialAction\":[{\"@type\":\"SearchAction\",\"target\":{\"@type\":\"EntryPoint\",\"urlTemplate\":\"https:\/\/slotsite.mediacle.net\/?s={search_term_string}\"},\"query-input\":\"required name=search_term_string\"}],\"inLanguage\":\"fi\"}]}<\/script>\n<!-- \/ Yoast SEO plugin. -->","yoast_head_json":{"title":"Slotsite","robots":{"index":"index","follow":"follow","max-snippet":"max-snippet:-1","max-image-preview":"max-image-preview:large","max-video-preview":"max-video-preview:-1"},"canonical":"https:\/\/slotsite.mediacle.net\/online-casino-other-games\/","og_locale":"fi_FI","og_type":"article","og_url":"https:\/\/slotsite.mediacle.net\/online-casino-other-games\/","og_site_name":"Slotsite","article_modified_time":"2023-08-24T08:54:37+00:00","twitter_card":"summary_large_image","twitter_misc":{"Est. reading time":"4 minutes"},"schema":{"@context":"https:\/\/schema.org","@graph":[{"@type":"WebPage","@id":"https:\/\/slotsite.mediacle.net\/online-casino-other-games\/","url":"https:\/\/slotsite.mediacle.net\/online-casino-other-games\/","name":"","isPartOf":{"@id":"https:\/\/slotsite.mediacle.net\/#website"},"datePublished":"2023-07-24T07:56:36+00:00","dateModified":"2023-08-24T08:54:37+00:00","description":"","breadcrumb":{"@id":"https:\/\/slotsite.mediacle.net\/online-casino-other-games\/#breadcrumb"},"inLanguage":"fi","potentialAction":[{"@type":"ReadAction","target":["https:\/\/slotsite.mediacle.net\/online-casino-other-games\/"]}]},{"@type":"BreadcrumbList","@id":"https:\/\/slotsite.mediacle.net\/online-casino-other-games\/#breadcrumb","itemListElement":[{"@type":"ListItem","position":1,"name":"Home","item":"https:\/\/slotsite.mediacle.net\/"},{"@type":"ListItem","position":2,"name":"Online Casino Other Games"}]},{"@type":"WebSite","@id":"https:\/\/slotsite.mediacle.net\/#website","url":"https:\/\/slotsite.mediacle.net\/","name":"Slotsite","description":"","potentialAction":[{"@type":"SearchAction","target":{"@type":"EntryPoint","urlTemplate":"https:\/\/slotsite.mediacle.net\/?s={search_term_string}"},"query-input":"required name=search_term_string"}],"inLanguage":"fi"}]}},"_links":{"self":[{"href":"https:\/\/slotsite.mediacle.net\/fi\/wp-json\/wp\/v2\/pages\/235","targetHints":{"allow":["GET"]}}],"collection":[{"href":"https:\/\/slotsite.mediacle.net\/fi\/wp-json\/wp\/v2\/pages"}],"about":[{"href":"https:\/\/slotsite.mediacle.net\/fi\/wp-json\/wp\/v2\/types\/page"}],"author":[{"embeddable":true,"href":"https:\/\/slotsite.mediacle.net\/fi\/wp-json\/wp\/v2\/users\/1"}],"replies":[{"embeddable":true,"href":"https:\/\/slotsite.mediacle.net\/fi\/wp-json\/wp\/v2\/comments?post=235"}],"version-history":[{"count":43,"href":"https:\/\/slotsite.mediacle.net\/fi\/wp-json\/wp\/v2\/pages\/235\/revisions"}],"predecessor-version":[{"id":2177,"href":"https:\/\/slotsite.mediacle.net\/fi\/wp-json\/wp\/v2\/pages\/235\/revisions\/2177"}],"wp:attachment":[{"href":"https:\/\/slotsite.mediacle.net\/fi\/wp-json\/wp\/v2\/media?parent=235"}],"curies":[{"name":"wp","href":"https:\/\/api.w.org\/{rel}","templated":true}]}}