{"id":205,"date":"2023-07-10T06:49:18","date_gmt":"2023-07-10T06:49:18","guid":{"rendered":"https:\/\/slotsite.mediacle.net\/?page_id=205"},"modified":"2023-08-30T09:56:10","modified_gmt":"2023-08-30T09:56:10","slug":"free-spins","status":"publish","type":"page","link":"https:\/\/slotsite.mediacle.net\/ir\/free-spins\/","title":{"rendered":"Promotions des casinos en ligne"},"content":{"rendered":"<h3 style=\"text-align: justify;\"><strong>Promotions :<\/strong><\/h3>\n<p style=\"text-align: justify;\">Notre casino regorge de promotions passionnantes qui sont con\u00e7ues pour r\u00e9pondre aux pr\u00e9f\u00e9rences de chaque joueur. Qu&#8217;il s&#8217;agisse de packages de bienvenue pour les nouveaux joueurs ou de promotions permanentes pour nos membres fid\u00e8les, il se passe toujours quelque chose de sp\u00e9cial sur SlotSite.com. Nous mettons constamment \u00e0 jour nos <u>promotions <\/u>pour vous apporter les offres les plus fra\u00eeches, garantissant que votre voyage de jeu est rempli de r\u00e9compenses !<\/p>\n<h3 style=\"text-align: justify;\"><strong>Bonus des casinos en ligne :<\/strong><\/h3>\n<p style=\"text-align: justify;\">Nous sommes fiers de nos g\u00e9n\u00e9reux bonus de casino en ligne qui donnent un coup de pouce \u00e0 votre bankroll ! Qu&#8217;il s&#8217;agisse d&#8217;un bonus de contrepartie sur votre d\u00e9p\u00f4t, d&#8217;offres de cashback sur vos pertes ou de bonus de recharge, nous avons tout ce qu&#8217;il vous faut. Nos bonus sont assortis de conditions g\u00e9n\u00e9rales \u00e9quitables, ce qui vous permet de tirer le meilleur parti de vos fonds de bonus et de maximiser votre potentiel.<\/p>\n<h3 style=\"text-align: justify;\"><strong>Comment faire une demande de remboursement :<\/strong><\/h3>\n<p style=\"text-align: justify;\">R\u00e9clamer vos promotions, tours gratuits et bonus de casino en ligne sur SlotSite.com Casino est un jeu d&#8217;enfant. Il vous suffit de suivre les instructions fournies pour chaque promotion, et vous serez en mesure de profiter des avantages suppl\u00e9mentaires en un rien de temps. Qu&#8217;il s&#8217;agisse d&#8217;entrer un code de bonus pendant le processus de d\u00e9p\u00f4t ou d&#8217;opter pour une promotion sp\u00e9cifique, n&#8217;oubliez pas de vous abonner \u00e0 nos offres en cliquant sur OUI en bas de la section de votre compte dans la zone des membres.<\/p>\n<p style=\"text-align: justify;\">Gr\u00e2ce \u00e0 notre incroyable s\u00e9lection de jeux, \u00e0 nos transactions s\u00e9curis\u00e9es avec des retraits rapides et \u00e0 notre service client\u00e8le d\u00e9di\u00e9 24 heures sur 24 et 7 jours sur 7, vous pouvez vous concentrer sur ce qui compte le plus : profiter de vos jeux de casino pr\u00e9f\u00e9r\u00e9s et vous amuser de plus en plus !<\/p>\n<p style=\"text-align: justify;\">N&#8217;oubliez jamais de conna\u00eetre et de fixer vos limites. Jouez de mani\u00e8re responsable. Les jeux d&#8217;argent peuvent cr\u00e9er une d\u00e9pendance. Les <u>conditions g\u00e9n\u00e9rales <\/u>s&#8217;appliquent.<\/p>\n","protected":false},"excerpt":{"rendered":"<p>Promotions : Notre casino regorge de promotions passionnantes qui sont con\u00e7ues pour r\u00e9pondre aux pr\u00e9f\u00e9rences de chaque joueur. Qu&#8217;il s&#8217;agisse de packages de bienvenue pour les nouveaux joueurs ou de promotions permanentes pour nos membres fid\u00e8les, il se passe toujours quelque chose de sp\u00e9cial sur SlotSite.com. Nous mettons constamment \u00e0 jour nos promotions pour vous [&hellip;]<\/p>\n","protected":false},"author":1,"featured_media":0,"parent":0,"menu_order":0,"comment_status":"closed","ping_status":"closed","template":"templates\/category.php","meta":{"footnotes":""},"class_list":["post-205","page","type-page","status-publish","hentry"],"translation":{"provider":"WPGlobus","version":"2.12.2","language":"ir","enabled_languages":["en","ca","fi","no","ja","es","pt","qc","gb","ir","nz","sa","in"],"languages":{"en":{"title":true,"content":true,"excerpt":false},"ca":{"title":true,"content":true,"excerpt":false},"fi":{"title":true,"content":true,"excerpt":false},"no":{"title":true,"content":true,"excerpt":false},"ja":{"title":true,"content":true,"excerpt":false},"es":{"title":true,"content":true,"excerpt":false},"pt":{"title":true,"content":true,"excerpt":false},"qc":{"title":false,"content":true,"excerpt":false},"gb":{"title":true,"content":true,"excerpt":false},"ir":{"title":false,"content":false,"excerpt":false},"nz":{"title":false,"content":false,"excerpt":false},"sa":{"title":false,"content":false,"excerpt":false},"in":{"title":true,"content":true,"excerpt":false}}},"acf":[],"yoast_head":"<!-- This site is optimized with the Yoast SEO plugin v20.11 - https:\/\/yoast.com\/wordpress\/plugins\/seo\/ -->\n<title>| Slotsite<\/title>\n<meta name=\"robots\" content=\"index, follow, max-snippet:-1, max-image-preview:large, max-video-preview:-1\" \/>\n<link rel=\"canonical\" href=\"https:\/\/slotsite.mediacle.net\/free-spins\/\" \/>\n<meta property=\"og:locale\" content=\"en_US\" \/>\n<meta property=\"og:type\" content=\"article\" \/>\n<meta property=\"og:title\" content=\"| Slotsite\" \/>\n<meta property=\"og:url\" content=\"https:\/\/slotsite.mediacle.net\/free-spins\/\" \/>\n<meta property=\"og:site_name\" content=\"Slotsite\" \/>\n<meta property=\"article:modified_time\" content=\"2023-08-30T09:56:10+00:00\" \/>\n<meta name=\"twitter:card\" content=\"summary_large_image\" \/>\n<meta name=\"twitter:label1\" content=\"Est. reading time\" \/>\n\t<meta name=\"twitter:data1\" content=\"2 minutes\" \/>\n<script type=\"application\/ld+json\" class=\"yoast-schema-graph\">{\"@context\":\"https:\/\/schema.org\",\"@graph\":[{\"@type\":\"WebPage\",\"@id\":\"https:\/\/slotsite.mediacle.net\/free-spins\/\",\"url\":\"https:\/\/slotsite.mediacle.net\/free-spins\/\",\"name\":\"| Slotsite\",\"isPartOf\":{\"@id\":\"https:\/\/slotsite.mediacle.net\/#website\"},\"datePublished\":\"2023-07-10T06:49:18+00:00\",\"dateModified\":\"2023-08-30T09:56:10+00:00\",\"breadcrumb\":{\"@id\":\"https:\/\/slotsite.mediacle.net\/free-spins\/#breadcrumb\"},\"inLanguage\":\"ir-IR\",\"potentialAction\":[{\"@type\":\"ReadAction\",\"target\":[\"https:\/\/slotsite.mediacle.net\/free-spins\/\"]}]},{\"@type\":\"BreadcrumbList\",\"@id\":\"https:\/\/slotsite.mediacle.net\/free-spins\/#breadcrumb\",\"itemListElement\":[{\"@type\":\"ListItem\",\"position\":1,\"name\":\"Home\",\"item\":\"https:\/\/slotsite.mediacle.net\/\"},{\"@type\":\"ListItem\",\"position\":2,\"name\":\"Promotions des casinos en ligne\"}]},{\"@type\":\"WebSite\",\"@id\":\"https:\/\/slotsite.mediacle.net\/#website\",\"url\":\"https:\/\/slotsite.mediacle.net\/\",\"name\":\"Slotsite\",\"description\":\"\",\"potentialAction\":[{\"@type\":\"SearchAction\",\"target\":{\"@type\":\"EntryPoint\",\"urlTemplate\":\"https:\/\/slotsite.mediacle.net\/?s={search_term_string}\"},\"query-input\":\"required name=search_term_string\"}],\"inLanguage\":\"ir-IR\"}]}<\/script>\n<!-- \/ Yoast SEO plugin. -->","yoast_head_json":{"title":"| Slotsite","robots":{"index":"index","follow":"follow","max-snippet":"max-snippet:-1","max-image-preview":"max-image-preview:large","max-video-preview":"max-video-preview:-1"},"canonical":"https:\/\/slotsite.mediacle.net\/free-spins\/","og_locale":"en_US","og_type":"article","og_title":"| Slotsite","og_url":"https:\/\/slotsite.mediacle.net\/free-spins\/","og_site_name":"Slotsite","article_modified_time":"2023-08-30T09:56:10+00:00","twitter_card":"summary_large_image","twitter_misc":{"Est. reading time":"2 minutes"},"schema":{"@context":"https:\/\/schema.org","@graph":[{"@type":"WebPage","@id":"https:\/\/slotsite.mediacle.net\/free-spins\/","url":"https:\/\/slotsite.mediacle.net\/free-spins\/","name":"| Slotsite","isPartOf":{"@id":"https:\/\/slotsite.mediacle.net\/#website"},"datePublished":"2023-07-10T06:49:18+00:00","dateModified":"2023-08-30T09:56:10+00:00","breadcrumb":{"@id":"https:\/\/slotsite.mediacle.net\/free-spins\/#breadcrumb"},"inLanguage":"ir-IR","potentialAction":[{"@type":"ReadAction","target":["https:\/\/slotsite.mediacle.net\/free-spins\/"]}]},{"@type":"BreadcrumbList","@id":"https:\/\/slotsite.mediacle.net\/free-spins\/#breadcrumb","itemListElement":[{"@type":"ListItem","position":1,"name":"Home","item":"https:\/\/slotsite.mediacle.net\/"},{"@type":"ListItem","position":2,"name":"Promotions des casinos en ligne"}]},{"@type":"WebSite","@id":"https:\/\/slotsite.mediacle.net\/#website","url":"https:\/\/slotsite.mediacle.net\/","name":"Slotsite","description":"","potentialAction":[{"@type":"SearchAction","target":{"@type":"EntryPoint","urlTemplate":"https:\/\/slotsite.mediacle.net\/?s={search_term_string}"},"query-input":"required name=search_term_string"}],"inLanguage":"ir-IR"}]}},"_links":{"self":[{"href":"https:\/\/slotsite.mediacle.net\/ir\/wp-json\/wp\/v2\/pages\/205","targetHints":{"allow":["GET"]}}],"collection":[{"href":"https:\/\/slotsite.mediacle.net\/ir\/wp-json\/wp\/v2\/pages"}],"about":[{"href":"https:\/\/slotsite.mediacle.net\/ir\/wp-json\/wp\/v2\/types\/page"}],"author":[{"embeddable":true,"href":"https:\/\/slotsite.mediacle.net\/ir\/wp-json\/wp\/v2\/users\/1"}],"replies":[{"embeddable":true,"href":"https:\/\/slotsite.mediacle.net\/ir\/wp-json\/wp\/v2\/comments?post=205"}],"version-history":[{"count":43,"href":"https:\/\/slotsite.mediacle.net\/ir\/wp-json\/wp\/v2\/pages\/205\/revisions"}],"predecessor-version":[{"id":2231,"href":"https:\/\/slotsite.mediacle.net\/ir\/wp-json\/wp\/v2\/pages\/205\/revisions\/2231"}],"wp:attachment":[{"href":"https:\/\/slotsite.mediacle.net\/ir\/wp-json\/wp\/v2\/media?parent=205"}],"curies":[{"name":"wp","href":"https:\/\/api.w.org\/{rel}","templated":true}]}}