{"id":138,"date":"2023-06-19T05:57:52","date_gmt":"2023-06-19T05:57:52","guid":{"rendered":"https:\/\/slotsite.mediacle.net\/?page_id=138"},"modified":"2023-08-30T14:02:50","modified_gmt":"2023-08-30T14:02:50","slug":"promotions","status":"publish","type":"page","link":"https:\/\/slotsite.mediacle.net\/no\/kampanjer\/","title":{"rendered":"Kampanjer p\u00e5 nettcasino"},"content":{"rendered":"<h2 style=\"text-align: justify;\"><strong>Kampanjer:<\/strong><\/h2>\n<p style=\"text-align: justify;\">Casinoet v\u00e5rt er stappfullt av spennende kampanjer som er skreddersydd for \u00e5 passe enhver spillers preferanser. Fra velkomstpakker for nye spillere til l\u00f8pende kampanjer for v\u00e5re lojale medlemmer &#8211; det skjer alltid noe spesielt p\u00e5 SlotSite.com. Vi oppdaterer stadig <a href=\"https:\/\/slotsite.mediacle.net\/no\/kampanjer\/\"><u>kampanjene<\/u><\/a>\u00a0v\u00e5re for \u00e5 gi deg de ferskeste tilbudene, og s\u00f8rger for at du f\u00e5r en bel\u00f8nningsfylt spilleopplevelse!<\/p>\n<h3 style=\"text-align: justify;\"><strong>Bonuser p\u00e5 nettcasino:<\/strong><\/h3>\n<p style=\"text-align: justify;\">Vi er stolte av v\u00e5re sjener\u00f8se nettcasino-bonuser som gir bankrollen din et l\u00f8ft! Enten det er en matchbonus p\u00e5 innskuddet ditt, cashback-tilbud p\u00e5 tapene dine eller reload-bonuser, har vi noe for deg. Bonusene v\u00e5re har rettferdige vilk\u00e5r og betingelser, slik at du kan f\u00e5 mest mulig ut av bonuspengene dine og maksimere potensialet ditt.<\/p>\n<h3 style=\"text-align: justify;\"><strong>Slik gj\u00f8r du krav p\u00e5:<\/strong><\/h3>\n<p style=\"text-align: justify;\">Det er enkelt \u00e5 gj\u00f8re krav p\u00e5 kampanjer, gratisspinn og online casinobonuser hos SlotSite.com Casino. Det er bare \u00e5 f\u00f8lge instruksjonene for hver kampanje, s\u00e5 er du snart i gang med \u00e5 nyte godt av de ekstra fordelene. Enten du skriver inn en bonuskode under innskuddsprosessen eller velger en bestemt kampanje, m\u00e5 du ikke glemme \u00e5 abonnere p\u00e5 tilbudene v\u00e5re ved \u00e5 klikke p\u00e5 JA nederst i kontoseksjonen i medlemsomr\u00e5det.<\/p>\n<p style=\"text-align: justify;\">Med v\u00e5rt fantastiske spillutvalg, sikre transaksjoner med raske uttak og dedikert kundest\u00f8tte d\u00f8gnet rundt, kan du fokusere p\u00e5 det som betyr mest &#8211; \u00e5 kose deg med favorittspillene dine og \u00f8ke moroa!<\/p>\n<p style=\"text-align: justify;\">Husk alltid \u00e5 kjenne og sette grenser. Spill p\u00e5 en ansvarlig m\u00e5te. Spilling kan v\u00e6re avhengighetsskapende. <a href=\"http:\/\/Vilk\u00e5r og betingelser\" data-wplink-url-error=\"true\"><u>Vilk\u00e5r og betingelser <\/u><\/a>gjelder.<\/p>\n","protected":false},"excerpt":{"rendered":"<p>Kampanjer: Casinoet v\u00e5rt er stappfullt av spennende kampanjer som er skreddersydd for \u00e5 passe enhver spillers preferanser. Fra velkomstpakker for nye spillere til l\u00f8pende kampanjer for v\u00e5re lojale medlemmer &#8211; det skjer alltid noe spesielt p\u00e5 SlotSite.com. Vi oppdaterer stadig kampanjene\u00a0v\u00e5re for \u00e5 gi deg de ferskeste tilbudene, og s\u00f8rger for at du f\u00e5r en [&hellip;]<\/p>\n","protected":false},"author":1,"featured_media":0,"parent":0,"menu_order":0,"comment_status":"closed","ping_status":"closed","template":"templates\/promotion-template.php","meta":{"footnotes":""},"class_list":["post-138","page","type-page","status-publish","hentry"],"translation":{"provider":"WPGlobus","version":"2.12.2","language":"no","enabled_languages":["en","ca","fi","no","ja","es","pt","qc","gb","ir","nz","sa","in"],"languages":{"en":{"title":true,"content":true,"excerpt":false},"ca":{"title":true,"content":true,"excerpt":false},"fi":{"title":true,"content":true,"excerpt":false},"no":{"title":true,"content":true,"excerpt":false},"ja":{"title":true,"content":true,"excerpt":false},"es":{"title":true,"content":true,"excerpt":false},"pt":{"title":true,"content":true,"excerpt":false},"qc":{"title":true,"content":true,"excerpt":false},"gb":{"title":true,"content":true,"excerpt":false},"ir":{"title":false,"content":false,"excerpt":false},"nz":{"title":false,"content":false,"excerpt":false},"sa":{"title":false,"content":false,"excerpt":false},"in":{"title":true,"content":true,"excerpt":false}}},"acf":[],"yoast_head":"<!-- This site is optimized with the Yoast SEO plugin v20.11 - https:\/\/yoast.com\/wordpress\/plugins\/seo\/ -->\n<title>Kampanjer som ikke kan g\u00e5 glipp av: Spar mye p\u00e5 spilleautomatprodukter | Tidsbegrensede tilbud<\/title>\n<meta name=\"description\" content=\"Explore our latest promotions and special offers on high-quality [Your Brand] products. Don&#039;t miss out on the chance to save big and enhance your shopping experience. Limited time offers available. Shop now!\" \/>\n<meta name=\"robots\" content=\"index, follow, max-snippet:-1, max-image-preview:large, max-video-preview:-1\" \/>\n<link rel=\"canonical\" href=\"https:\/\/slotsite.mediacle.net\/promotions\/\" \/>\n<meta property=\"og:locale\" content=\"nb_NO\" \/>\n<meta property=\"og:type\" content=\"article\" \/>\n<meta property=\"og:title\" content=\"Kampanjer som ikke kan g\u00e5 glipp av: Spar mye p\u00e5 spilleautomatprodukter | Tidsbegrensede tilbud\" \/>\n<meta property=\"og:description\" content=\"Explore our latest promotions and special offers on high-quality [Your Brand] products. Don&#039;t miss out on the chance to save big and enhance your shopping experience. Limited time offers available. Shop now!\" \/>\n<meta property=\"og:url\" content=\"https:\/\/slotsite.mediacle.net\/promotions\/\" \/>\n<meta property=\"og:site_name\" content=\"Slotsite\" \/>\n<meta property=\"article:modified_time\" content=\"2023-08-30T14:02:50+00:00\" \/>\n<meta name=\"twitter:card\" content=\"summary_large_image\" \/>\n<meta name=\"twitter:label1\" content=\"Est. reading time\" \/>\n\t<meta name=\"twitter:data1\" content=\"2 minutes\" \/>\n<script type=\"application\/ld+json\" class=\"yoast-schema-graph\">{\"@context\":\"https:\/\/schema.org\",\"@graph\":[{\"@type\":\"WebPage\",\"@id\":\"https:\/\/slotsite.mediacle.net\/promotions\/\",\"url\":\"https:\/\/slotsite.mediacle.net\/promotions\/\",\"name\":\"Unmissable Casino Promotions: Boost Your Play with Exclusive Offers!\",\"isPartOf\":{\"@id\":\"https:\/\/slotsite.mediacle.net\/#website\"},\"datePublished\":\"2023-06-19T05:57:52+00:00\",\"dateModified\":\"2023-08-30T14:02:50+00:00\",\"description\":\"Explore our enticing range of exclusive casino promotions. From generous welcome bonuses to exciting weekly offers, supercharge your gaming experience with unbeatable deals. Join now to maximize your winning potential and enjoy the ultimate online casino journey with our exceptional promotions.\",\"breadcrumb\":{\"@id\":\"https:\/\/slotsite.mediacle.net\/promotions\/#breadcrumb\"},\"inLanguage\":\"nb-NO\",\"potentialAction\":[{\"@type\":\"ReadAction\",\"target\":[\"https:\/\/slotsite.mediacle.net\/promotions\/\"]}]},{\"@type\":\"BreadcrumbList\",\"@id\":\"https:\/\/slotsite.mediacle.net\/promotions\/#breadcrumb\",\"itemListElement\":[{\"@type\":\"ListItem\",\"position\":1,\"name\":\"Home\",\"item\":\"https:\/\/slotsite.mediacle.net\/\"},{\"@type\":\"ListItem\",\"position\":2,\"name\":\"Promotions\u00a0\"}]},{\"@type\":\"WebSite\",\"@id\":\"https:\/\/slotsite.mediacle.net\/#website\",\"url\":\"https:\/\/slotsite.mediacle.net\/\",\"name\":\"Slotsite\",\"description\":\"\",\"potentialAction\":[{\"@type\":\"SearchAction\",\"target\":{\"@type\":\"EntryPoint\",\"urlTemplate\":\"https:\/\/slotsite.mediacle.net\/?s={search_term_string}\"},\"query-input\":\"required name=search_term_string\"}],\"inLanguage\":\"nb-NO\"}]}<\/script>\n<!-- \/ Yoast SEO plugin. -->","yoast_head_json":{"title":"Kampanjer som ikke kan g\u00e5 glipp av: Spar mye p\u00e5 spilleautomatprodukter | Tidsbegrensede tilbud","description":"Explore our latest promotions and special offers on high-quality [Your Brand] products. Don't miss out on the chance to save big and enhance your shopping experience. Limited time offers available. Shop now!","robots":{"index":"index","follow":"follow","max-snippet":"max-snippet:-1","max-image-preview":"max-image-preview:large","max-video-preview":"max-video-preview:-1"},"canonical":"https:\/\/slotsite.mediacle.net\/promotions\/","og_locale":"nb_NO","og_type":"article","og_title":"Kampanjer som ikke kan g\u00e5 glipp av: Spar mye p\u00e5 spilleautomatprodukter | Tidsbegrensede tilbud","og_description":"Explore our latest promotions and special offers on high-quality [Your Brand] products. Don't miss out on the chance to save big and enhance your shopping experience. Limited time offers available. Shop now!","og_url":"https:\/\/slotsite.mediacle.net\/promotions\/","og_site_name":"Slotsite","article_modified_time":"2023-08-30T14:02:50+00:00","twitter_card":"summary_large_image","twitter_misc":{"Est. reading time":"2 minutes"},"schema":{"@context":"https:\/\/schema.org","@graph":[{"@type":"WebPage","@id":"https:\/\/slotsite.mediacle.net\/promotions\/","url":"https:\/\/slotsite.mediacle.net\/promotions\/","name":"Unmissable Casino Promotions: Boost Your Play with Exclusive Offers!","isPartOf":{"@id":"https:\/\/slotsite.mediacle.net\/#website"},"datePublished":"2023-06-19T05:57:52+00:00","dateModified":"2023-08-30T14:02:50+00:00","description":"Explore our enticing range of exclusive casino promotions. From generous welcome bonuses to exciting weekly offers, supercharge your gaming experience with unbeatable deals. Join now to maximize your winning potential and enjoy the ultimate online casino journey with our exceptional promotions.","breadcrumb":{"@id":"https:\/\/slotsite.mediacle.net\/promotions\/#breadcrumb"},"inLanguage":"nb-NO","potentialAction":[{"@type":"ReadAction","target":["https:\/\/slotsite.mediacle.net\/promotions\/"]}]},{"@type":"BreadcrumbList","@id":"https:\/\/slotsite.mediacle.net\/promotions\/#breadcrumb","itemListElement":[{"@type":"ListItem","position":1,"name":"Home","item":"https:\/\/slotsite.mediacle.net\/"},{"@type":"ListItem","position":2,"name":"Promotions\u00a0"}]},{"@type":"WebSite","@id":"https:\/\/slotsite.mediacle.net\/#website","url":"https:\/\/slotsite.mediacle.net\/","name":"Slotsite","description":"","potentialAction":[{"@type":"SearchAction","target":{"@type":"EntryPoint","urlTemplate":"https:\/\/slotsite.mediacle.net\/?s={search_term_string}"},"query-input":"required name=search_term_string"}],"inLanguage":"nb-NO"}]}},"_links":{"self":[{"href":"https:\/\/slotsite.mediacle.net\/no\/wp-json\/wp\/v2\/pages\/138","targetHints":{"allow":["GET"]}}],"collection":[{"href":"https:\/\/slotsite.mediacle.net\/no\/wp-json\/wp\/v2\/pages"}],"about":[{"href":"https:\/\/slotsite.mediacle.net\/no\/wp-json\/wp\/v2\/types\/page"}],"author":[{"embeddable":true,"href":"https:\/\/slotsite.mediacle.net\/no\/wp-json\/wp\/v2\/users\/1"}],"replies":[{"embeddable":true,"href":"https:\/\/slotsite.mediacle.net\/no\/wp-json\/wp\/v2\/comments?post=138"}],"version-history":[{"count":109,"href":"https:\/\/slotsite.mediacle.net\/no\/wp-json\/wp\/v2\/pages\/138\/revisions"}],"predecessor-version":[{"id":2269,"href":"https:\/\/slotsite.mediacle.net\/no\/wp-json\/wp\/v2\/pages\/138\/revisions\/2269"}],"wp:attachment":[{"href":"https:\/\/slotsite.mediacle.net\/no\/wp-json\/wp\/v2\/media?parent=138"}],"curies":[{"name":"wp","href":"https:\/\/api.w.org\/{rel}","templated":true}]}}