{"id":173,"date":"2023-07-10T06:20:04","date_gmt":"2023-07-10T06:20:04","guid":{"rendered":"https:\/\/slotsite.mediacle.net\/?page_id=173"},"modified":"2023-08-31T08:45:10","modified_gmt":"2023-08-31T08:45:10","slug":"jackpots","status":"publish","type":"page","link":"https:\/\/slotsite.mediacle.net\/no\/jackpotter\/","title":{"rendered":"Spilleautomater med progressiv jackpot"},"content":{"rendered":"<h2 style=\"text-align: justify;\"><strong>Nyt Jackpot-spilleautomater og bli med p\u00e5 eventyret p\u00e5 SlotSite.com Casino!<\/strong><\/h2>\n<p style=\"text-align: justify;\">Er du klar til \u00e5 legge ut p\u00e5 et uforglemmelig jackpot-eventyr? Registrer deg hos SlotSite.com Casino i dag og oppdag v\u00e5rt imponerende utvalg av jackpotautomater. Med faste jackpoter og progressive jackpoter som venter p\u00e5 \u00e5 bli vunnet, gir hvert eneste spinn potensial for spenning, enorme gevinster og sjansen til \u00e5 bli den neste jackpotvinneren. Ta nettcasinoopplevelsen din til nye h\u00f8yder og bli med p\u00e5 den spennende jakten p\u00e5 de utrolige jackpottene. Lykke til!<\/p>\n<p style=\"text-align: justify;\">Hvis du er ute etter den ultimate sjansen til \u00e5 vinne stort, er jackpotautomatene v\u00e5re det perfekte valget. Hos SlotSite.com Casino tilbyr vi et bredt utvalg av jackpotautomater som vil holde deg p\u00e5 kanten av stolen for hvert eneste spinn. La oss dykke ned i en verden av spilleautomater med faste jackpoter og progressive jackpoter, der lykken venter.<\/p>\n<h3 style=\"text-align: justify;\"><strong>Hva er jackpot-spilleautomater?<\/strong><\/h3>\n<p style=\"text-align: justify;\">Jackpot-spilleautomater er en spesiell kategori av spilleautomater p\u00e5 nettet som har en stor gevinst, kjent som jackpotten. Disse spillene finnes i to hovedtyper: spilleautomater med fast jackpot og spilleautomater med progressiv jackpot.<\/p>\n<h3 style=\"text-align: justify;\"><strong>Spilleautomater med fast jackpot:<\/strong><\/h3>\n<p style=\"text-align: justify;\">I spilleautomater med fast jackpot forblir jackpotbel\u00f8pet konstant og endres ikke. Den gir en forh\u00e5ndsbestemt premie for \u00e5 f\u00e5 en bestemt vinnerkombinasjon. Selv om jackpotten kan v\u00e6re mindre sammenlignet med progressive jackpoter, gir faste jackpoter hyppigere og rimeligere gevinster. De er et popul\u00e6rt valg for spillere som \u00f8nsker faste utbetalinger og liker spenningen ved \u00e5 vinne store gevinster. Spilleautomater med fast jackpot har ofte ulike bonusfunksjoner, inkludert gratisspinn, multiplikatorer og bonusrunder, som forbedrer spillopplevelsen og gir flere vinnermuligheter.<\/p>\n<h3 style=\"text-align: justify;\"><strong>Spilleautomater med progressiv jackpot:<\/strong><\/h3>\n<p style=\"text-align: justify;\">Progressive jackpot-spilleautomater gir derimot mulighet for enorme, livsforandrende gevinster. Disse jackpottene er ikke faste, men vokser progressivt etter hvert som spillerne satser p\u00e5 spillet p\u00e5 tvers av flere nettcasinoer. En del av hver innsats bidrar til jackpotpotten, slik at den kan n\u00e5 svimlende summer. Den enorme, stadig \u00f8kende jackpotten skaper en spennende opplevelse for spillerne. Husk at det er sjelden man vinner en progressiv jackpot, men at hvert eneste spinn gir en sjanse til \u00e5 bli den heldige vinneren. Spilleautomater med progressiv jackpot har ofte spennende bonusrunder eller utl\u00f8sere som kan aktivere jackpot-funksjonen og gi spillerne en sjanse til \u00e5 vinne den utrolige premien.<\/p>\n<h3 style=\"text-align: justify;\"><strong>Slik spiller du jackpot-spilleautomater:<\/strong><\/h3>\n<p style=\"text-align: justify;\">\u00c5 spille jackpotautomater er en spennende og enkel opplevelse som gir deg sjansen til \u00e5 vinne utrolige premier. Her er en trinnvis guide til hvordan du spiller:<\/p>\n<p style=\"text-align: justify;\">Velg din jackpot-spilleautomat: Bla gjennom v\u00e5r omfattende samling av jackpot-spilleautomater og velg den som appellerer mest til deg. Ta hensyn til tema, spillfunksjoner og jackpottype for \u00e5 finne det perfekte spillet for deg. Enten du foretrekker klassiske temaer, eventyrlige oppdrag eller interessante omgivelser, har vi et bredt utvalg av alternativer og programvareleverand\u00f8rer som passer til enhver spillers smak.<\/p>\n<p style=\"text-align: justify;\">Angi innsatsen din: F\u00f8r du spinner hjulene, m\u00e5 du angi \u00f8nsket innsatsbel\u00f8p. Juster myntverdien og eventuelt antall gevinstlinjer for \u00e5 bestemme den totale innsatsen per spinn. Husk at noen jackpotautomater kan kreve en maksimumsinnsats for \u00e5 v\u00e6re kvalifisert for jackpotpremien. Les alltid gjennom spillets regler og utbetalingstabell for \u00e5 forst\u00e5 de spesifikke innsatskravene. Spill alltid ansvarlig og kjenn dine egne grenser.<\/p>\n<p style=\"text-align: justify;\">Gj\u00f8r deg kjent med spillet: Ta deg tid til \u00e5 gj\u00f8re deg kjent med spillets mekanikk, utbetalingstabell og spesialfunksjoner. Hver jackpotautomat har sine egne unike symboler, bonusrunder og vinnerkombinasjoner. Hvis du forst\u00e5r reglene og de potensielle gevinstene, f\u00e5r du en bedre spillopplevelse og st\u00f8rre vinnersjanser.<\/p>\n<p style=\"text-align: justify;\">Spinn hjulene: N\u00e5r du er klar, trykker du p\u00e5 spinnknappen og ser hjulene v\u00e5kne til liv. Len deg tilbake, slapp av og la spillet utfolde seg. Utfallet av hvert spinn bestemmes av en tilfeldig tallgenerator, noe som sikrer rettferdige og objektive resultater. Nyt grafikken og lydeffektene mens du jakter p\u00e5 de store jackpotgevinstene.<\/p>\n<p style=\"text-align: justify;\">Utl\u00f8s bonusfunksjoner: Mange jackpotautomater tilbyr spennende bonusfunksjoner som kan \u00f8ke gevinsten din betraktelig. Se etter spesielle symboler som kan utl\u00f8se gratisspinn, multiplikatorer eller bonusrunder. Disse funksjonene gir deg flere muligheter til \u00e5 maksimere utbetalingene og bringe deg n\u00e6rmere den ettertraktede jackpoten.<\/p>\n<p style=\"text-align: justify;\">Faste jackpotgevinster: I spilleautomater med faste jackpotter f\u00e5r du det forh\u00e5ndsbestemte premiebel\u00f8pet n\u00e5r du lander den spesifikke kombinasjonen som kreves for \u00e5 vinne jackpotten. Faste jackpoter har ofte forskjellige niv\u00e5er, med h\u00f8yere utbetalinger for mer utfordrende kombinasjoner. Fortsett \u00e5 spinne og sikte deg inn p\u00e5 toppgevinstene!<\/p>\n<p style=\"text-align: justify;\">Jakten p\u00e5 den progressive jackpoten: I spilleautomater med progressiv jackpot fortsetter jackpoten \u00e5 vokse etter hvert som spillerne satser p\u00e5 spillet. Selv om sjansene for \u00e5 vinne jackpotten er sjeldne, er det viktig \u00e5 huske at hvert eneste spinn gir deg en sjanse til \u00e5 bli den heldige vinneren. Mens du spiller, b\u00f8r du holde \u00f8ye med jackpotm\u00e5leren, som viser det aktuelle premiebel\u00f8pet. Spenningen \u00f8ker for hver innsats, mens du h\u00e5per p\u00e5 \u00e5 utl\u00f8se jackpotfunksjonen og vinne den livsendrende premien. Det er et underholdende spill fylt med forventning og spenning.<\/p>\n<h3 style=\"text-align: justify;\"><strong>Hvorfor velge Jackpot-spilleautomater p\u00e5 SlotSite.com Casino?<\/strong><\/h3>\n<p style=\"text-align: justify;\">Variasjon: Jackpot-automatene v\u00e5re har en rekke ulike temaer, slik at det finnes noe for enhver spillers smak. Du kan velge mellom alt fra popul\u00e6re figurer til eldgamle sivilisasjoner og mytiske skapninger, fra eventyrlige oppdrag til Hollywood-inspirerte spill.<\/p>\n<p style=\"text-align: justify;\">Livsendrende gevinster: Med b\u00e5de spilleautomater med fast jackpot og progressive jackpoter har du sjansen til \u00e5 vinne store pengebel\u00f8p. Ett eneste spinn kan gj\u00f8re dr\u00f8mmene dine til virkelighet.<\/p>\n<p style=\"text-align: justify;\">Morsomt spill: Jackpot-spilleautomater er designet for \u00e5 v\u00e6re morsomme med forskjellige engasjerende spillfunksjoner. Opplev massive jackpotter i Las Vegas-stil hjemmefra.<\/p>\n<p style=\"text-align: justify;\">Spill p\u00e5 mobilen: Med v\u00e5r mobilvennlige plattform kan du nyte spenningen fra jackpotautomater p\u00e5 farten. Enten du spiller p\u00e5 smarttelefonen eller nettbrettet, er spillene v\u00e5re optimalisert for en flott opplevelse p\u00e5 alle enheter.<\/p>\n<h3 style=\"text-align: justify;\"><strong>Bli med p\u00e5 Jackpot-eventyret p\u00e5 SlotSite.com Casino:<\/strong><\/h3>\n<p style=\"text-align: justify;\">Er du klar til \u00e5 jakte p\u00e5 spenningen og de store gevinstene? Registrer deg hos SlotSite.com Casino i dag for \u00e5 utforske v\u00e5rt utrolige utvalg av jackpotautomater. Velg mellom spilleautomater med fast jackpot eller progressive jackpoter, og gled deg over muligheten for enorme utbetalinger! Husk alltid \u00e5 kjenne og sette dine egne grenser. Spill ansvarlig. Gambling kan v\u00e6re avhengighetsskapende.<\/p>\n<h3 style=\"text-align: justify;\"><strong>Spilleautomatturneringer<\/strong><\/h3>\n<p style=\"text-align: justify;\">SlotSite.com Casino er det ultimate reisem\u00e5let for spilleautomatentusiaster som \u00f8nsker \u00e5 vinne ekstra pengepremier gjennom v\u00e5re ukentlige, m\u00e5nedlige og spesielt inviterte spilleautomatturneringer! Gj\u00f8r deg klar til \u00e5 spinne hjulene og klatre til topps p\u00e5 resultatlisten!<\/p>\n<h3 style=\"text-align: justify;\"><strong>Underholdende spilleautomatturneringer:<\/strong><\/h3>\n<p style=\"text-align: justify;\">V\u00e5re ukentlige spilleautomatturneringer er et av h\u00f8ydepunktene i casinoopplevelsen v\u00e5r, og gir spillerne en jevnlig mulighet til \u00e5 konkurrere mot andre lidenskapelige spilleautomatspillere. Hver uke kan du spille p\u00e5 favorittautomatene dine, og mens du snurrer, f\u00e5r du poeng for hver innsats med ekte penger, og jo flere poeng du samler, jo h\u00f8yere klatrer du p\u00e5 ledertavlen. F\u00f8lg med p\u00e5 fremgangen din mens du konkurrerer mot andre spillere, og pr\u00f8v \u00e5 sikre deg en topplassering for \u00e5 f\u00e5 din del av pengepremiepotten. Premiene p\u00e5 ledertavlen legges til kontantsaldoen din og kan tas ut n\u00e5r som helst.<\/p>\n<h3 style=\"text-align: justify;\"><strong>M\u00e5nedlige og spesielle spilleautomatturneringer:<\/strong><\/h3>\n<p style=\"text-align: justify;\">Hver m\u00e5ned tilbyr vi spilleautomatturneringer p\u00e5 et spesielt utvalgt spill, eller et spill du selv velger. V\u00e5re m\u00e5nedlige spilleautomatturneringer er st\u00f8rre enn noensinne, med over tre ganger s\u00e5 mange premier som i en vanlig daglig turnering. Husk \u00e5 abonnere p\u00e5 kampanjene v\u00e5re for overraskelsesturneringer som av og til arrangeres i forbindelse med etterlengtede lanseringer av nye spilleautomater. Vil du ha mer? Som VIP-medlem hos SlotSite.com Casino f\u00e5r du eksklusiv tilgang til v\u00e5re spesielle spilleautomatturneringer. Disse turneringene er utformet for \u00e5 bel\u00f8nne v\u00e5re mest verdsatte spillere med enda flere ekstraordin\u00e6re pengepremier.<\/p>\n<h3 style=\"text-align: justify;\"><strong>Spilleautomatturneringer gir lojalitetspoeng:<\/strong><\/h3>\n<p style=\"text-align: justify;\">Etter hvert som du deltar i spilleautomatturneringene v\u00e5re, stiger du i gradene og l\u00e5ser opp ekstra poeng og fordeler underveis. Fra niv\u00e5 1 har du muligheten til \u00e5 stige og n\u00e5 niv\u00e5 5, der de st\u00f8rste bel\u00f8nningene venter! For hvert niv\u00e5 du oppn\u00e5r, f\u00e5r du flere poeng, eksklusive tilbud og bonuser samt spesielle privilegier som forbedrer spillopplevelsen din.<\/p>\n<h3 style=\"text-align: justify;\"><strong>Hvordan delta:<\/strong><\/h3>\n<p style=\"text-align: justify;\">\u00c5 delta i v\u00e5re spilleautomatturneringer er enkelt og tilgjengelig for alle spillere. Her er en trinn-for-trinn-guide som hjelper deg i gang:<\/p>\n<p style=\"text-align: justify;\">Registrer deg eller logg inn p\u00e5 SlotSite.com Casino-kontoen din. Hvis du enn\u00e5 ikke er medlem, er det raskt og enkelt \u00e5 opprette en konto, slik at du raskt f\u00e5r tilgang til v\u00e5re tilgjengelige turneringer.<\/p>\n<p style=\"text-align: justify;\">Bes\u00f8k kampanjeseksjonen p\u00e5 nettstedet v\u00e5rt eller mobilmenyen, der du finner alle detaljer om de kommende turneringene.<\/p>\n<p style=\"text-align: justify;\">Meld deg p\u00e5 den turneringen du \u00f8nsker. Noen turneringer kan kreve et minimumsinnskudd eller en bestemt innskuddskode for \u00e5 v\u00e6re kvalifisert. G\u00e5 gjennom turneringens krav og vilk\u00e5r for \u00e5 forsikre deg om at du deltar.<\/p>\n<p style=\"text-align: justify;\">Begynn \u00e5 spinne! Spill p\u00e5 den angitte spilleautomaten eller en hvilken som helst annen spilleautomat du velger, avhengig av hvilken turnering du har meldt deg p\u00e5. I l\u00f8pet av turneringsperioden m\u00e5 du pr\u00f8ve \u00e5 oppn\u00e5 h\u00f8yest mulig poengsum! Hvert eneste spinn gir deg poeng, slik at du klatrer p\u00e5 ledertavlen. F\u00f8lg med p\u00e5 ledertavlen for \u00e5 se hvordan du ligger an i forhold til de andre deltakerne.<\/p>\n<p style=\"text-align: justify;\">Gj\u00f8r krav p\u00e5 din velfortjente pengepremie! N\u00e5r turneringen er over, k\u00e5res vinnerne p\u00e5 grunnlag av den endelige rangeringen p\u00e5 ledertavlen. Hvis du f\u00e5r en topplassering, vil du bli bel\u00f8nnet med en andel av pengepremiepotten. Premiene krediteres vinnernes kontoer kort tid etter at turneringen er avsluttet, slik at du kan ta ut gevinsten uten forsinkelse.<\/p>\n<h3 style=\"text-align: justify;\"><strong>Vilk\u00e5r og betingelser:<\/strong><\/h3>\n<p style=\"text-align: justify;\">For \u00e5 sikre rettferdighet og et morsomt turneringsmilj\u00f8 anbefaler vi at du setter deg inn i de spesifikke vilk\u00e5rene og betingelsene for hver enkelt turnering. Disse kan omfatte regler for innskuddskoder, kvalifiserte spill, tidsbegrensninger og eventuelle tilleggskriterier for deltakelse. Klikk p\u00e5 &#8220;Fortell meg mer&#8221; p\u00e5 kampanjesiden for \u00e5 lese de spesifikke vilk\u00e5rene og detaljene for turneringskampanjene.<\/p>\n<p><strong>Bli med i spilleautomatturneringen!<\/strong><\/p>\n<p style=\"text-align: justify;\">Bli med oss p\u00e5 SlotSite.com Casino og delta i et bredt utvalg av nye og popul\u00e6re spilleautomater. V\u00e5re fengslende topplistekonkurranser og fristende lojalitetsbel\u00f8nninger venter p\u00e5 \u00e5 bli utnyttet. Lykke til! Husk alltid \u00e5 kjenne og sette dine egne grenser. Spill ansvarlig. Gambling kan v\u00e6re avhengighetsskapende.<\/p>\n","protected":false},"excerpt":{"rendered":"<p>Nyt Jackpot-spilleautomater og bli med p\u00e5 eventyret p\u00e5 SlotSite.com Casino! Er du klar til \u00e5 legge ut p\u00e5 et uforglemmelig jackpot-eventyr? Registrer deg hos SlotSite.com Casino i dag og oppdag v\u00e5rt imponerende utvalg av jackpotautomater. Med faste jackpoter og progressive jackpoter som venter p\u00e5 \u00e5 bli vunnet, gir hvert eneste spinn potensial for spenning, enorme [&hellip;]<\/p>\n","protected":false},"author":1,"featured_media":0,"parent":0,"menu_order":0,"comment_status":"closed","ping_status":"closed","template":"templates\/category.php","meta":{"footnotes":""},"class_list":["post-173","page","type-page","status-publish","hentry"],"translation":{"provider":"WPGlobus","version":"2.12.2","language":"no","enabled_languages":["en","ca","fi","no","ja","es","pt","qc","gb","ir","nz","sa","in"],"languages":{"en":{"title":true,"content":true,"excerpt":false},"ca":{"title":true,"content":true,"excerpt":false},"fi":{"title":true,"content":true,"excerpt":false},"no":{"title":true,"content":true,"excerpt":false},"ja":{"title":true,"content":true,"excerpt":false},"es":{"title":true,"content":true,"excerpt":false},"pt":{"title":true,"content":true,"excerpt":false},"qc":{"title":true,"content":true,"excerpt":false},"gb":{"title":true,"content":true,"excerpt":false},"ir":{"title":false,"content":false,"excerpt":false},"nz":{"title":false,"content":false,"excerpt":false},"sa":{"title":false,"content":false,"excerpt":false},"in":{"title":true,"content":true,"excerpt":false}}},"acf":[],"yoast_head":"<!-- This site is optimized with the Yoast SEO plugin v20.11 - https:\/\/yoast.com\/wordpress\/plugins\/seo\/ -->\n<title>Chase Massive Wins: Utforsk progressive jackpotter p\u00e5 [Your Brand] Casino | Livsforandrende premier venter!<\/title>\n<meta name=\"description\" content=\"Dr\u00f8m stort og vinn st\u00f8rre med de spennende progressive jackpottene p\u00e5 [Your Brand] Casino. Bli med p\u00e5 action og spill for livsendrende premier som vokser med hver innsats. Bli med n\u00e5 for \u00e5 oppleve den ultimate spenningen ved \u00e5 jage formuen din!\" \/>\n<meta name=\"robots\" content=\"index, follow, max-snippet:-1, max-image-preview:large, max-video-preview:-1\" \/>\n<link rel=\"canonical\" href=\"https:\/\/slotsite.mediacle.net\/jackpots\/\" \/>\n<meta property=\"og:locale\" content=\"nb_NO\" \/>\n<meta property=\"og:type\" content=\"article\" \/>\n<meta property=\"og:title\" content=\"Chase Massive Wins: Utforsk progressive jackpotter p\u00e5 [Your Brand] Casino | Livsforandrende premier venter!\" \/>\n<meta property=\"og:description\" content=\"Dr\u00f8m stort og vinn st\u00f8rre med de spennende progressive jackpottene p\u00e5 [Your Brand] Casino. Bli med p\u00e5 action og spill for livsendrende premier som vokser med hver innsats. Bli med n\u00e5 for \u00e5 oppleve den ultimate spenningen ved \u00e5 jage formuen din!\" \/>\n<meta property=\"og:url\" content=\"https:\/\/slotsite.mediacle.net\/jackpots\/\" \/>\n<meta property=\"og:site_name\" content=\"Slotsite\" \/>\n<meta property=\"article:modified_time\" content=\"2023-08-31T08:45:10+00:00\" \/>\n<meta name=\"twitter:card\" content=\"summary_large_image\" \/>\n<meta name=\"twitter:label1\" content=\"Est. reading time\" \/>\n\t<meta name=\"twitter:data1\" content=\"6 minutes\" \/>\n<script type=\"application\/ld+json\" class=\"yoast-schema-graph\">{\"@context\":\"https:\/\/schema.org\",\"@graph\":[{\"@type\":\"WebPage\",\"@id\":\"https:\/\/slotsite.mediacle.net\/jackpots\/\",\"url\":\"https:\/\/slotsite.mediacle.net\/jackpots\/\",\"name\":\"\u092d\u093e\u0930\u0940 \u091c\u0940\u0924 \u0915\u0940 \u0924\u0932\u093e\u0936: \u092a\u094d\u0930\u0917\u0924\u093f\u0936\u0940\u0932 \u091c\u0948\u0915\u092a\u0949\u091f \u0917\u0947\u092e \u0916\u0947\u0932\u0947\u0902 \u0914\u0930 \u092c\u0921\u093c\u0947 \u092a\u0941\u0930\u0938\u094d\u0915\u093e\u0930\u094b\u0902 \u0915\u093e \u092a\u0940\u091b\u093e \u0915\u0930\u0947\u0902!\",\"isPartOf\":{\"@id\":\"https:\/\/slotsite.mediacle.net\/#website\"},\"datePublished\":\"2023-07-10T06:20:04+00:00\",\"dateModified\":\"2023-08-31T08:45:10+00:00\",\"description\":\"\u092a\u094d\u0930\u0917\u0924\u093f\u0936\u0940\u0932 \u091c\u0948\u0915\u092a\u0949\u091f \u0917\u0947\u092e \u0915\u0947 \u0906\u0915\u0930\u094d\u0937\u0923 \u0915\u0940 \u0916\u094b\u091c \u0915\u0930\u0947\u0902, \u091c\u0939\u093e\u0902 \u092a\u094d\u0930\u0924\u094d\u092f\u0947\u0915 \u0926\u093e\u0902\u0935 \u092c\u0921\u093c\u0947 \u092a\u0948\u092e\u093e\u0928\u0947 \u092a\u0930 \u092a\u0941\u0930\u0938\u094d\u0915\u093e\u0930 \u092a\u0942\u0932 \u092e\u0947\u0902 \u092f\u094b\u0917\u0926\u093e\u0928 \u0926\u0947\u0924\u093e \u0939\u0948\u0964 \u091c\u0940\u0935\u0928 \u092c\u0926\u0932\u0928\u0947 \u0935\u093e\u0932\u0940 \u091c\u0940\u0924 \u0915\u0947 \u0932\u093f\u090f \u0905\u092d\u0940 \u0916\u0947\u0932\u0947\u0902 \u091c\u094b \u0924\u092c \u0924\u0915 \u092c\u0922\u093c\u0924\u0940 \u0930\u0939\u0924\u0940 \u0939\u0948\u0902 \u091c\u092c \u0924\u0915 \u0915\u093f \u0909\u0928\u0915\u093e \u0926\u093e\u0935\u093e \u0928 \u0915\u0930 \u0932\u093f\u092f\u093e \u091c\u093e\u090f\u0964 \u0909\u0924\u094d\u0938\u093e\u0939 \u092e\u0947\u0902 \u0936\u093e\u092e\u093f\u0932 \u0939\u094b\u0902 \u0914\u0930 \u0930\u094b\u092e\u093e\u0902\u091a\u0915 \u092a\u094d\u0930\u0917\u0924\u093f\u0936\u0940\u0932 \u091c\u0948\u0915\u092a\u0949\u091f \u0917\u0947\u092e\u094d\u0938 \u0915\u0947 \u0939\u092e\u093e\u0930\u0947 \u091a\u092f\u0928 \u0915\u0947 \u0938\u093e\u0925 \u092c\u0921\u093c\u0940 \u091c\u0940\u0924 \u0915\u0940 \u092f\u093e\u0924\u094d\u0930\u093e \u0936\u0941\u0930\u0942 \u0915\u0930\u0947\u0902\u0964\",\"breadcrumb\":{\"@id\":\"https:\/\/slotsite.mediacle.net\/jackpots\/#breadcrumb\"},\"inLanguage\":\"nb-NO\",\"potentialAction\":[{\"@type\":\"ReadAction\",\"target\":[\"https:\/\/slotsite.mediacle.net\/jackpots\/\"]}]},{\"@type\":\"BreadcrumbList\",\"@id\":\"https:\/\/slotsite.mediacle.net\/jackpots\/#breadcrumb\",\"itemListElement\":[{\"@type\":\"ListItem\",\"position\":1,\"name\":\"Home\",\"item\":\"https:\/\/slotsite.mediacle.net\/\"},{\"@type\":\"ListItem\",\"position\":2,\"name\":\"Progressive Jackpot Slots\"}]},{\"@type\":\"WebSite\",\"@id\":\"https:\/\/slotsite.mediacle.net\/#website\",\"url\":\"https:\/\/slotsite.mediacle.net\/\",\"name\":\"Slotsite\",\"description\":\"\",\"potentialAction\":[{\"@type\":\"SearchAction\",\"target\":{\"@type\":\"EntryPoint\",\"urlTemplate\":\"https:\/\/slotsite.mediacle.net\/?s={search_term_string}\"},\"query-input\":\"required name=search_term_string\"}],\"inLanguage\":\"nb-NO\"}]}<\/script>\n<!-- \/ Yoast SEO plugin. -->","yoast_head_json":{"title":"Chase Massive Wins: Utforsk progressive jackpotter p\u00e5 [Your Brand] Casino | Livsforandrende premier venter!","description":"Dr\u00f8m stort og vinn st\u00f8rre med de spennende progressive jackpottene p\u00e5 [Your Brand] Casino. Bli med p\u00e5 action og spill for livsendrende premier som vokser med hver innsats. Bli med n\u00e5 for \u00e5 oppleve den ultimate spenningen ved \u00e5 jage formuen din!","robots":{"index":"index","follow":"follow","max-snippet":"max-snippet:-1","max-image-preview":"max-image-preview:large","max-video-preview":"max-video-preview:-1"},"canonical":"https:\/\/slotsite.mediacle.net\/jackpots\/","og_locale":"nb_NO","og_type":"article","og_title":"Chase Massive Wins: Utforsk progressive jackpotter p\u00e5 [Your Brand] Casino | Livsforandrende premier venter!","og_description":"Dr\u00f8m stort og vinn st\u00f8rre med de spennende progressive jackpottene p\u00e5 [Your Brand] Casino. Bli med p\u00e5 action og spill for livsendrende premier som vokser med hver innsats. Bli med n\u00e5 for \u00e5 oppleve den ultimate spenningen ved \u00e5 jage formuen din!","og_url":"https:\/\/slotsite.mediacle.net\/jackpots\/","og_site_name":"Slotsite","article_modified_time":"2023-08-31T08:45:10+00:00","twitter_card":"summary_large_image","twitter_misc":{"Est. reading time":"6 minutes"},"schema":{"@context":"https:\/\/schema.org","@graph":[{"@type":"WebPage","@id":"https:\/\/slotsite.mediacle.net\/jackpots\/","url":"https:\/\/slotsite.mediacle.net\/jackpots\/","name":"\u092d\u093e\u0930\u0940 \u091c\u0940\u0924 \u0915\u0940 \u0924\u0932\u093e\u0936: \u092a\u094d\u0930\u0917\u0924\u093f\u0936\u0940\u0932 \u091c\u0948\u0915\u092a\u0949\u091f \u0917\u0947\u092e \u0916\u0947\u0932\u0947\u0902 \u0914\u0930 \u092c\u0921\u093c\u0947 \u092a\u0941\u0930\u0938\u094d\u0915\u093e\u0930\u094b\u0902 \u0915\u093e \u092a\u0940\u091b\u093e \u0915\u0930\u0947\u0902!","isPartOf":{"@id":"https:\/\/slotsite.mediacle.net\/#website"},"datePublished":"2023-07-10T06:20:04+00:00","dateModified":"2023-08-31T08:45:10+00:00","description":"\u092a\u094d\u0930\u0917\u0924\u093f\u0936\u0940\u0932 \u091c\u0948\u0915\u092a\u0949\u091f \u0917\u0947\u092e \u0915\u0947 \u0906\u0915\u0930\u094d\u0937\u0923 \u0915\u0940 \u0916\u094b\u091c \u0915\u0930\u0947\u0902, \u091c\u0939\u093e\u0902 \u092a\u094d\u0930\u0924\u094d\u092f\u0947\u0915 \u0926\u093e\u0902\u0935 \u092c\u0921\u093c\u0947 \u092a\u0948\u092e\u093e\u0928\u0947 \u092a\u0930 \u092a\u0941\u0930\u0938\u094d\u0915\u093e\u0930 \u092a\u0942\u0932 \u092e\u0947\u0902 \u092f\u094b\u0917\u0926\u093e\u0928 \u0926\u0947\u0924\u093e \u0939\u0948\u0964 \u091c\u0940\u0935\u0928 \u092c\u0926\u0932\u0928\u0947 \u0935\u093e\u0932\u0940 \u091c\u0940\u0924 \u0915\u0947 \u0932\u093f\u090f \u0905\u092d\u0940 \u0916\u0947\u0932\u0947\u0902 \u091c\u094b \u0924\u092c \u0924\u0915 \u092c\u0922\u093c\u0924\u0940 \u0930\u0939\u0924\u0940 \u0939\u0948\u0902 \u091c\u092c \u0924\u0915 \u0915\u093f \u0909\u0928\u0915\u093e \u0926\u093e\u0935\u093e \u0928 \u0915\u0930 \u0932\u093f\u092f\u093e \u091c\u093e\u090f\u0964 \u0909\u0924\u094d\u0938\u093e\u0939 \u092e\u0947\u0902 \u0936\u093e\u092e\u093f\u0932 \u0939\u094b\u0902 \u0914\u0930 \u0930\u094b\u092e\u093e\u0902\u091a\u0915 \u092a\u094d\u0930\u0917\u0924\u093f\u0936\u0940\u0932 \u091c\u0948\u0915\u092a\u0949\u091f \u0917\u0947\u092e\u094d\u0938 \u0915\u0947 \u0939\u092e\u093e\u0930\u0947 \u091a\u092f\u0928 \u0915\u0947 \u0938\u093e\u0925 \u092c\u0921\u093c\u0940 \u091c\u0940\u0924 \u0915\u0940 \u092f\u093e\u0924\u094d\u0930\u093e \u0936\u0941\u0930\u0942 \u0915\u0930\u0947\u0902\u0964","breadcrumb":{"@id":"https:\/\/slotsite.mediacle.net\/jackpots\/#breadcrumb"},"inLanguage":"nb-NO","potentialAction":[{"@type":"ReadAction","target":["https:\/\/slotsite.mediacle.net\/jackpots\/"]}]},{"@type":"BreadcrumbList","@id":"https:\/\/slotsite.mediacle.net\/jackpots\/#breadcrumb","itemListElement":[{"@type":"ListItem","position":1,"name":"Home","item":"https:\/\/slotsite.mediacle.net\/"},{"@type":"ListItem","position":2,"name":"Progressive Jackpot Slots"}]},{"@type":"WebSite","@id":"https:\/\/slotsite.mediacle.net\/#website","url":"https:\/\/slotsite.mediacle.net\/","name":"Slotsite","description":"","potentialAction":[{"@type":"SearchAction","target":{"@type":"EntryPoint","urlTemplate":"https:\/\/slotsite.mediacle.net\/?s={search_term_string}"},"query-input":"required name=search_term_string"}],"inLanguage":"nb-NO"}]}},"_links":{"self":[{"href":"https:\/\/slotsite.mediacle.net\/no\/wp-json\/wp\/v2\/pages\/173","targetHints":{"allow":["GET"]}}],"collection":[{"href":"https:\/\/slotsite.mediacle.net\/no\/wp-json\/wp\/v2\/pages"}],"about":[{"href":"https:\/\/slotsite.mediacle.net\/no\/wp-json\/wp\/v2\/types\/page"}],"author":[{"embeddable":true,"href":"https:\/\/slotsite.mediacle.net\/no\/wp-json\/wp\/v2\/users\/1"}],"replies":[{"embeddable":true,"href":"https:\/\/slotsite.mediacle.net\/no\/wp-json\/wp\/v2\/comments?post=173"}],"version-history":[{"count":44,"href":"https:\/\/slotsite.mediacle.net\/no\/wp-json\/wp\/v2\/pages\/173\/revisions"}],"predecessor-version":[{"id":2317,"href":"https:\/\/slotsite.mediacle.net\/no\/wp-json\/wp\/v2\/pages\/173\/revisions\/2317"}],"wp:attachment":[{"href":"https:\/\/slotsite.mediacle.net\/no\/wp-json\/wp\/v2\/media?parent=173"}],"curies":[{"name":"wp","href":"https:\/\/api.w.org\/{rel}","templated":true}]}}