{"id":177,"date":"2023-07-10T06:22:14","date_gmt":"2023-07-10T06:22:14","guid":{"rendered":"https:\/\/slotsite.mediacle.net\/?page_id=177"},"modified":"2023-08-24T09:49:55","modified_gmt":"2023-08-24T09:49:55","slug":"instant-win","status":"publish","type":"page","link":"https:\/\/slotsite.mediacle.net\/no\/%C3%B8yeblikkelig-vinn\/","title":{"rendered":"\u00d8yeblikkelig gevinst i online kasinospill"},"content":{"rendered":"<h2 style=\"text-align: justify;\"><strong>Opplev \u00f8yeblikkelige gevinster med v\u00e5r spennende samling av Instant Win-spill!<\/strong><\/h2>\n<p style=\"text-align: justify;\">Velkommen til SlotSite.com Casino, det beste reisem\u00e5let for \u00e5 oppleve spill der hvert eneste klikk eller skrap kan gi deg muligheten til \u00e5 vinne umiddelbare pengepremier. Utforsk v\u00e5rt mangfoldige utvalg av spill med umiddelbare gevinster, inkludert skrapelodd, spinnende hjul, kortspill, umiddelbar rulett, keno, lotto, virtuelle racingspill og mye mer! Alle spillene byr p\u00e5 morsomme stiler og spillopplevelser, og du kan vinne store gevinster, s\u00e5 det er bare \u00e5 glede seg!<\/p>\n<h3 style=\"text-align: justify;\"><strong>Skrapelodd p\u00e5 nettet: Avdekk skjulte skatter med hvert eneste skrapelodd<\/strong><\/h3>\n<p style=\"text-align: justify;\">Dyk ned i den tidl\u00f8se fascinasjonen ved online skrapelodd, der et enkelt skrap med fingeren eller musematten kan avsl\u00f8re store overraskelser. Kolleksjonen v\u00e5r har et bredt utvalg av temaer og design, og hvert av dem byr p\u00e5 ulike pengepremier. Fra klassiske skrapelodd som du kanskje ser p\u00e5 supermarkedet til interaktive varianter, finner du uendelige muligheter til \u00e5 avdekke matchende symboler, avsl\u00f8re skjulte premier og hente ut \u00f8yeblikkelige premier. Spill, skrap og vinn!<\/p>\n<h3 style=\"text-align: justify;\"><strong>Spinning Wheels: Snurr lykkehjulet og f\u00e5 \u00f8yeblikkelige gevinster<\/strong><\/h3>\n<p style=\"text-align: justify;\">Forbered deg p\u00e5 nervepirrende \u00f8yeblikk med v\u00e5re spinnende hjulspill. Kjenn hvordan spenningen stiger n\u00e5r du snurrer lykkehjulene i jakten p\u00e5 sjener\u00f8se pengepremier, multiplikatorer, bonusrunder og mye mer. For hvert spinn n\u00e5r spenningen nye h\u00f8yder mens du ser hjulet stoppe opp. Vil du v\u00e6re den heldige som treffer jackpotten og sikrer deg \u00f8yeblikkelig rikdom? Snurr hjulet og la skjebnen avgj\u00f8re skjebnen din!<\/p>\n<h3 style=\"text-align: justify;\"><strong>Kortspill: Test ferdighetene og lykken i kortspill med umiddelbar gevinst<\/strong><\/h3>\n<p style=\"text-align: justify;\">Hvis du liker kortspill, tilbyr Instant Win-kolleksjonen et spennende utvalg av kortbaserte spill med umiddelbare gevinster. Her kan du sette ferdighetene dine p\u00e5 pr\u00f8ve og delta i fartsfylt spilling mens du sikter mot vinnende hender og umiddelbare premier. Med interessante spillvarianter gir kortspillene v\u00e5re deg f\u00f8lelsen av \u00e5 sitte ved bordet!<\/p>\n<h3 style=\"text-align: justify;\"><strong>\u00d8yeblikkelig rulett: Opplev spenningen ved \u00e5 vinne \u00f8yeblikkelig p\u00e5 ruletthjulet<\/strong><\/h3>\n<p style=\"text-align: justify;\">Instant Roulette er et virkelig flott live-spill som plasserer 12 individuelle automatiske ruletthjul i spillstudioet. Hjulene snurrer i rekkef\u00f8lge, og kulene faller etter hverandre i de ulike hjulene. Plasser innsatsen din, se hjulet spinne og hold pusten mens kulen finner sitt heldige sted! Vil de valgte tallene dine stemme overens? Med raske resultater og spenningen ved \u00f8yeblikkelige gevinster er <u>Instant Roulette <\/u>et spill du definitivt vil bli med p\u00e5.<\/p>\n<h3 style=\"text-align: justify;\"><strong>Keno-spill: Spill om \u00f8yeblikkelige gevinster i Kenos spennende verden<\/strong><\/h3>\n<p style=\"text-align: justify;\">Ta del i spenningen ved Keno-spill i lotteristil. Velg lykketallene dine og vent spent p\u00e5 trekningen. Etter hvert som tallene avsl\u00f8res, \u00f8ker spenningen, og for hvert matchende tall \u00f8ker sjansene dine for \u00e5 vinne stort. <a href=\"https:\/\/slotsite.mediacle.net\/no\/keno-games\/\"><u>Keno-spillene <\/u><\/a>v\u00e5re byr p\u00e5 en fartsfylt og engasjerende spillopplevelse med ulike innsatsalternativer og umiddelbare resultater. Vil du ha flaksen p\u00e5 din side n\u00e5r tallene st\u00e5r p\u00e5 linje? Spill Keno og finn det ut!<\/p>\n<h3 style=\"text-align: justify;\"><strong>Slik registrerer du deg og spiller Instant Win-spill p\u00e5 SlotSite.com Casino:<\/strong><\/h3>\n<p style=\"text-align: justify;\">Enten du er en skrapeloddentusiast, en fan av spinnende hjul, en strategisk kortspiller, en rulettentusiast eller en fan av lotterispill, har Instant Win-kolleksjonen v\u00e5r noe for enhver smak. Bli med i dag!<\/p>\n<ul style=\"text-align: justify;\">\n<li>Opprett en konto: Klikk p\u00e5 knappen &#8220;Registrer deg&#8221;. Fyll ut den n\u00f8dvendige informasjonen, inkludert navn, e-postadresse og passord. Godta vilk\u00e5rene og klikk p\u00e5 &#8220;Registrer&#8221; for \u00e5 opprette kontoen din.<\/li>\n<li>Bekreft kontoen din: Etter at du har registrert deg, vil du motta en bekreftelses-e-post. Klikk p\u00e5 bekreftelseslenken i e-posten for \u00e5 bekrefte kontoen din. N\u00e5r du har verifisert kontoen din, er du klar til \u00e5 ta fatt p\u00e5 spillreisen din.<\/li>\n<li>Foreta et innskudd: For \u00e5 spille instant win-spill med ekte penger m\u00e5 du gj\u00f8re et innskudd p\u00e5 kasinokontoen din. SlotSite.com tilbyr en rekke sikre og praktiske betalingsalternativer. Bare g\u00e5 til &#8220;Cashier&#8221;-seksjonen, velg foretrukket innskuddsmetode, skriv inn de n\u00f8dvendige opplysningene og velg \u00f8nsket innskuddsbel\u00f8p. F\u00f8lg instruksjonene p\u00e5 skjermen for \u00e5 fullf\u00f8re transaksjonen.<\/li>\n<li>Gj\u00f8r krav p\u00e5 velkomstpakke: Som ny spiller kan du v\u00e6re kvalifisert for en velkomstbonus. Sjekk kampanjesiden eller kontakt kundest\u00f8tte for \u00e5 f\u00e5 informasjon om eventuelle velkomsttilbud. For \u00e5 gj\u00f8re krav p\u00e5 bonusen din m\u00e5 du oppgi bonuskoden under innskuddsprosessen eller kontakte kundest\u00f8tte for \u00e5 f\u00e5 hjelp.<\/li>\n<li>G\u00e5 til Casual-delen: N\u00e5r kontoen din er fylt opp, kan du g\u00e5 til spillobbyen, der du finner et bredt utvalg av spill med \u00f8yeblikkelig gevinst! Bla gjennom utvalget av \u00f8yeblikkelig gevinst-spill og velg det som fanger oppmerksomheten din. Klikk p\u00e5 spillets miniatyrbilde for \u00e5 \u00e5pne det.<\/li>\n<li>L\u00e6r deg reglene: Alle instant win-spill har sine egne regler og spillmekanikker. Ta deg tid til \u00e5 lese gjennom instruksjonene eller spillguiden for \u00e5 gj\u00f8re deg kjent med spillets m\u00e5l, vinnerkombinasjoner og spesialfunksjoner.<\/li>\n<li>Angi innsatsen din: F\u00f8r du starter spillet, m\u00e5 du angi \u00f8nsket innsatsbel\u00f8p. Husk at ulike spill kan ha ulike innsatsalternativer, s\u00e5 velg det som passer din spillestil og ditt budsjett. N\u00e5r du har tilpasset innsatsen din, klikker du p\u00e5 &#8220;Spill&#8221; eller &#8220;Start&#8221;-knappen for \u00e5 starte spillet. F\u00f8lg instruksjonene p\u00e5 skjermen og nyt spenningen mens spillet utfolder seg.<\/li>\n<li>Gj\u00f8r krav p\u00e5 gevinstene dine: Hvis du er heldig nok til \u00e5 f\u00e5 en vinnerkombinasjon eller \u00f8yeblikkelig bel\u00f8nning, gratulerer! Gevinstene dine blir automatisk lagt til saldoen p\u00e5 kasinokontoen din. Du kan velge \u00e5 fortsette \u00e5 spille eller ta ut gevinsten ved hjelp av de tilgjengelige uttaksalternativene.<\/li>\n<\/ul>\n<p style=\"text-align: justify;\">Husk at det skal v\u00e6re morsomt og underholdende \u00e5 spille instant win-spill p\u00e5 SlotSite.com Casino. Sett opp et budsjett for spille\u00f8ktene dine, og spill ansvarlig. Gambling kan v\u00e6re avhengighetsskapende. Hvis du trenger hjelp eller har sp\u00f8rsm\u00e5l, er v\u00e5r vennlige og engasjerte kundest\u00f8tte tilgjengelig d\u00f8gnet rundt for \u00e5 hjelpe deg. Registrer deg i dag, dykk inn i en verden av \u00f8yeblikkelige gevinster, og la spenningen begynne!<\/p>\n","protected":false},"excerpt":{"rendered":"<p>Opplev \u00f8yeblikkelige gevinster med v\u00e5r spennende samling av Instant Win-spill! Velkommen til SlotSite.com Casino, det beste reisem\u00e5let for \u00e5 oppleve spill der hvert eneste klikk eller skrap kan gi deg muligheten til \u00e5 vinne umiddelbare pengepremier. Utforsk v\u00e5rt mangfoldige utvalg av spill med umiddelbare gevinster, inkludert skrapelodd, spinnende hjul, kortspill, umiddelbar rulett, keno, lotto, virtuelle [&hellip;]<\/p>\n","protected":false},"author":1,"featured_media":0,"parent":0,"menu_order":0,"comment_status":"closed","ping_status":"closed","template":"templates\/category.php","meta":{"footnotes":""},"class_list":["post-177","page","type-page","status-publish","hentry"],"translation":{"provider":"WPGlobus","version":"2.12.2","language":"no","enabled_languages":["en","ca","fi","no","ja","es","pt","qc","gb","ir","nz","sa","in"],"languages":{"en":{"title":true,"content":true,"excerpt":false},"ca":{"title":true,"content":true,"excerpt":false},"fi":{"title":false,"content":false,"excerpt":false},"no":{"title":true,"content":true,"excerpt":false},"ja":{"title":false,"content":false,"excerpt":false},"es":{"title":true,"content":true,"excerpt":false},"pt":{"title":false,"content":false,"excerpt":false},"qc":{"title":false,"content":false,"excerpt":false},"gb":{"title":true,"content":true,"excerpt":false},"ir":{"title":false,"content":false,"excerpt":false},"nz":{"title":false,"content":false,"excerpt":false},"sa":{"title":false,"content":false,"excerpt":false},"in":{"title":true,"content":true,"excerpt":false}}},"acf":[],"yoast_head":"<!-- This site is optimized with the Yoast SEO plugin v20.11 - https:\/\/yoast.com\/wordpress\/plugins\/seo\/ -->\n<title>\u00d8yeblikkelig vinn-spill som begeistrer: Spill og vinn umiddelbart p\u00e5 Slotsite<\/title>\n<meta name=\"description\" content=\"Gj\u00f8r deg klar for umiddelbar spenning p\u00e5 [Your Brand] Casinos samling av umiddelbare gevinstspill. Spill n\u00e5 for en sjanse til \u00e5 vinne store premier p\u00e5 et \u00f8yeblikk. Pr\u00f8v lykken og opplev spenningen ved umiddelbar tilfredsstillelse i dag!\" \/>\n<meta name=\"robots\" content=\"index, follow, max-snippet:-1, max-image-preview:large, max-video-preview:-1\" \/>\n<link rel=\"canonical\" href=\"https:\/\/slotsite.mediacle.net\/instant-win\/\" \/>\n<meta property=\"og:locale\" content=\"nb_NO\" \/>\n<meta property=\"og:type\" content=\"article\" \/>\n<meta property=\"og:title\" content=\"\u00d8yeblikkelig vinn-spill som begeistrer: Spill og vinn umiddelbart p\u00e5 Slotsite\" \/>\n<meta property=\"og:description\" content=\"Gj\u00f8r deg klar for umiddelbar spenning p\u00e5 [Your Brand] Casinos samling av umiddelbare gevinstspill. Spill n\u00e5 for en sjanse til \u00e5 vinne store premier p\u00e5 et \u00f8yeblikk. Pr\u00f8v lykken og opplev spenningen ved umiddelbar tilfredsstillelse i dag!\" \/>\n<meta property=\"og:url\" content=\"https:\/\/slotsite.mediacle.net\/instant-win\/\" \/>\n<meta property=\"og:site_name\" content=\"Slotsite\" \/>\n<meta property=\"article:modified_time\" content=\"2023-08-24T09:49:55+00:00\" \/>\n<meta name=\"twitter:card\" content=\"summary_large_image\" \/>\n<meta name=\"twitter:label1\" content=\"Est. reading time\" \/>\n\t<meta name=\"twitter:data1\" content=\"5 minutes\" \/>\n<script type=\"application\/ld+json\" class=\"yoast-schema-graph\">{\"@context\":\"https:\/\/schema.org\",\"@graph\":[{\"@type\":\"WebPage\",\"@id\":\"https:\/\/slotsite.mediacle.net\/instant-win\/\",\"url\":\"https:\/\/slotsite.mediacle.net\/instant-win\/\",\"name\":\"\u00d8yeblikkelig vinn-spill som begeistrer: Spill og vinn umiddelbart p\u00e5 Slotsite\",\"isPartOf\":{\"@id\":\"https:\/\/slotsite.mediacle.net\/#website\"},\"datePublished\":\"2023-07-10T06:22:14+00:00\",\"dateModified\":\"2023-08-24T09:49:55+00:00\",\"description\":\"Gj\u00f8r deg klar for umiddelbar spenning p\u00e5 [Your Brand] Casinos samling av umiddelbare gevinstspill. Spill n\u00e5 for en sjanse til \u00e5 vinne store premier p\u00e5 et \u00f8yeblikk. Pr\u00f8v lykken og opplev spenningen ved umiddelbar tilfredsstillelse i dag!\",\"breadcrumb\":{\"@id\":\"https:\/\/slotsite.mediacle.net\/instant-win\/#breadcrumb\"},\"inLanguage\":\"nb-NO\",\"potentialAction\":[{\"@type\":\"ReadAction\",\"target\":[\"https:\/\/slotsite.mediacle.net\/instant-win\/\"]}]},{\"@type\":\"BreadcrumbList\",\"@id\":\"https:\/\/slotsite.mediacle.net\/instant-win\/#breadcrumb\",\"itemListElement\":[{\"@type\":\"ListItem\",\"position\":1,\"name\":\"Home\",\"item\":\"https:\/\/slotsite.mediacle.net\/\"},{\"@type\":\"ListItem\",\"position\":2,\"name\":\"Instant Win Online Casino Games\"}]},{\"@type\":\"WebSite\",\"@id\":\"https:\/\/slotsite.mediacle.net\/#website\",\"url\":\"https:\/\/slotsite.mediacle.net\/\",\"name\":\"Slotsite\",\"description\":\"\",\"potentialAction\":[{\"@type\":\"SearchAction\",\"target\":{\"@type\":\"EntryPoint\",\"urlTemplate\":\"https:\/\/slotsite.mediacle.net\/?s={search_term_string}\"},\"query-input\":\"required name=search_term_string\"}],\"inLanguage\":\"nb-NO\"}]}<\/script>\n<!-- \/ Yoast SEO plugin. -->","yoast_head_json":{"title":"\u00d8yeblikkelig vinn-spill som begeistrer: Spill og vinn umiddelbart p\u00e5 Slotsite","description":"Gj\u00f8r deg klar for umiddelbar spenning p\u00e5 [Your Brand] Casinos samling av umiddelbare gevinstspill. Spill n\u00e5 for en sjanse til \u00e5 vinne store premier p\u00e5 et \u00f8yeblikk. Pr\u00f8v lykken og opplev spenningen ved umiddelbar tilfredsstillelse i dag!","robots":{"index":"index","follow":"follow","max-snippet":"max-snippet:-1","max-image-preview":"max-image-preview:large","max-video-preview":"max-video-preview:-1"},"canonical":"https:\/\/slotsite.mediacle.net\/instant-win\/","og_locale":"nb_NO","og_type":"article","og_title":"\u00d8yeblikkelig vinn-spill som begeistrer: Spill og vinn umiddelbart p\u00e5 Slotsite","og_description":"Gj\u00f8r deg klar for umiddelbar spenning p\u00e5 [Your Brand] Casinos samling av umiddelbare gevinstspill. Spill n\u00e5 for en sjanse til \u00e5 vinne store premier p\u00e5 et \u00f8yeblikk. Pr\u00f8v lykken og opplev spenningen ved umiddelbar tilfredsstillelse i dag!","og_url":"https:\/\/slotsite.mediacle.net\/instant-win\/","og_site_name":"Slotsite","article_modified_time":"2023-08-24T09:49:55+00:00","twitter_card":"summary_large_image","twitter_misc":{"Est. reading time":"5 minutes"},"schema":{"@context":"https:\/\/schema.org","@graph":[{"@type":"WebPage","@id":"https:\/\/slotsite.mediacle.net\/instant-win\/","url":"https:\/\/slotsite.mediacle.net\/instant-win\/","name":"\u00d8yeblikkelig vinn-spill som begeistrer: Spill og vinn umiddelbart p\u00e5 Slotsite","isPartOf":{"@id":"https:\/\/slotsite.mediacle.net\/#website"},"datePublished":"2023-07-10T06:22:14+00:00","dateModified":"2023-08-24T09:49:55+00:00","description":"Gj\u00f8r deg klar for umiddelbar spenning p\u00e5 [Your Brand] Casinos samling av umiddelbare gevinstspill. Spill n\u00e5 for en sjanse til \u00e5 vinne store premier p\u00e5 et \u00f8yeblikk. Pr\u00f8v lykken og opplev spenningen ved umiddelbar tilfredsstillelse i dag!","breadcrumb":{"@id":"https:\/\/slotsite.mediacle.net\/instant-win\/#breadcrumb"},"inLanguage":"nb-NO","potentialAction":[{"@type":"ReadAction","target":["https:\/\/slotsite.mediacle.net\/instant-win\/"]}]},{"@type":"BreadcrumbList","@id":"https:\/\/slotsite.mediacle.net\/instant-win\/#breadcrumb","itemListElement":[{"@type":"ListItem","position":1,"name":"Home","item":"https:\/\/slotsite.mediacle.net\/"},{"@type":"ListItem","position":2,"name":"Instant Win Online Casino Games"}]},{"@type":"WebSite","@id":"https:\/\/slotsite.mediacle.net\/#website","url":"https:\/\/slotsite.mediacle.net\/","name":"Slotsite","description":"","potentialAction":[{"@type":"SearchAction","target":{"@type":"EntryPoint","urlTemplate":"https:\/\/slotsite.mediacle.net\/?s={search_term_string}"},"query-input":"required name=search_term_string"}],"inLanguage":"nb-NO"}]}},"_links":{"self":[{"href":"https:\/\/slotsite.mediacle.net\/no\/wp-json\/wp\/v2\/pages\/177","targetHints":{"allow":["GET"]}}],"collection":[{"href":"https:\/\/slotsite.mediacle.net\/no\/wp-json\/wp\/v2\/pages"}],"about":[{"href":"https:\/\/slotsite.mediacle.net\/no\/wp-json\/wp\/v2\/types\/page"}],"author":[{"embeddable":true,"href":"https:\/\/slotsite.mediacle.net\/no\/wp-json\/wp\/v2\/users\/1"}],"replies":[{"embeddable":true,"href":"https:\/\/slotsite.mediacle.net\/no\/wp-json\/wp\/v2\/comments?post=177"}],"version-history":[{"count":32,"href":"https:\/\/slotsite.mediacle.net\/no\/wp-json\/wp\/v2\/pages\/177\/revisions"}],"predecessor-version":[{"id":2100,"href":"https:\/\/slotsite.mediacle.net\/no\/wp-json\/wp\/v2\/pages\/177\/revisions\/2100"}],"wp:attachment":[{"href":"https:\/\/slotsite.mediacle.net\/no\/wp-json\/wp\/v2\/media?parent=177"}],"curies":[{"name":"wp","href":"https:\/\/api.w.org\/{rel}","templated":true}]}}