{"id":181,"date":"2023-07-10T06:23:42","date_gmt":"2023-07-10T06:23:42","guid":{"rendered":"https:\/\/slotsite.mediacle.net\/?page_id=181"},"modified":"2023-08-31T09:55:30","modified_gmt":"2023-08-31T09:55:30","slug":"blackjack","status":"publish","type":"page","link":"https:\/\/slotsite.mediacle.net\/no\/blackjack-spill-p%C3%A5-nettet\/","title":{"rendered":"Blackjack-spill p\u00e5 nettet"},"content":{"rendered":"<h2 style=\"text-align: justify;\"><strong>Spill dine favorittspill i blackjack og dykk ned i spennende variasjoner<\/strong><\/h2>\n<p style=\"text-align: justify;\">Hos SlotSite.com Casino kan du oppleve blackjack p\u00e5 nett, og vi tilbyr et stort utvalg av fengslende blackjack-spill som vil tilfredsstille deg. Med et imponerende utvalg p\u00e5 over 75 programvareleverand\u00f8rer s\u00f8rger vi for at du f\u00e5r tilgang til de beste onlinevariantene og blackjackspillene med live dealer, slik at du f\u00e5r en uforglemmelig spillopplevelse.<\/p>\n<h3 style=\"text-align: justify;\"><strong>Hvordan spille blackjack:<\/strong><\/h3>\n<p style=\"text-align: justify;\">Hvis du er ny i blackjack eller trenger en oppfriskning, er reglene enkle. M\u00e5let med spillet er \u00e5 f\u00e5 en h\u00e5nd som er h\u00f8yere enn dealerens h\u00e5nd, uten \u00e5 overstige 21. Du f\u00e5r utdelt to kort, og du har muligheten til \u00e5 treffe (motta et nytt kort), st\u00e5 (beholde din n\u00e5v\u00e6rende h\u00e5nd), doble ned (doble innsatsen din og motta ett kort til) eller splitte (hvis de to f\u00f8rste kortene dine er av samme rang, kan du dele dem i to separate hender). Dealeren f\u00f8lger spesifikke regler for n\u00e5r du skal sl\u00e5 eller st\u00e5. Det gjelder \u00e5 legge en strategi og ta beslutninger basert p\u00e5 verdien av kortene dine og dealerens \u00e5pne kort. Jo n\u00e6rmere du kommer 21 uten \u00e5 g\u00e5 over, desto st\u00f8rre er vinnersjansene dine.<\/p>\n<h3 style=\"text-align: justify;\"><strong>Klassisk blackjack:<\/strong><\/h3>\n<p style=\"text-align: justify;\">Spill klassisk blackjack som spillere over hele verden liker. Ta plass ved v\u00e5re virtuelle blackjack-bord og spill strategisk med popul\u00e6re favoritter som Vegas Strip Blackjack og Vegas Downtown Blackjack. Disse tradisjonelle variantene gir en autentisk blackjack-opplevelse, komplett med kjente regler og en kul atmosf\u00e6re.<\/p>\n<h3 style=\"text-align: justify;\"><strong>Blackjack med live dealer:<\/strong><\/h3>\n<p style=\"text-align: justify;\">Ta spillopplevelsen til nye h\u00f8yder med v\u00e5re blackjack-spill med live dealer, der du m\u00f8ter profesjonelle dealere i sanntid. Opplev den pulserende spenningen i Speed Blackjack, der hver spiller kan ta avgj\u00f8relser samtidig, noe som resulterer i lynraskt spill. Ta sjansen med Quantum Blackjack, der tilfeldige multiplikatorer kan \u00f8ke gevinstene dine til astronomiske h\u00f8yder. Hvis du er ute etter en spennende vri, lar Infinite Free Bet Live Dealer Blackjack deg splitte og doble p\u00e5 kvalifiserende hender uten ekstra kostnader, noe som maksimerer potensialet for store gevinster.<\/p>\n<h3 style=\"text-align: justify;\"><strong>Spennende blackjack-variasjoner:<\/strong><\/h3>\n<p style=\"text-align: justify;\">Forbered deg p\u00e5 \u00e5 bli trollbundet av v\u00e5r samling av morsomme blackjack-varianter som tilf\u00f8rer spillet unike elementer. Ta turen til den tredimensjonale verdenen i 3D Blackjack eller opplev adrenalinkicket i Speed Blackjack, der dealerens ventetid er eliminert, noe som resulterer i uavbrutt action. Legg til et ekstra lag med spenning med All Bets Live Blackjack, med spennende sidespill som kan forbedre spillet ditt. Hvis du vil ha et snev av VIP-luksus, kan du bli med p\u00e5 det eksklusive Soiree Blackjack VIP-bordet. G\u00e5 heller ikke glipp av muligheten til \u00e5 spille Unlimited Blackjack, der bordet aldri er fullt, slik at du alltid har en plass \u00e5 vise frem ferdighetene dine p\u00e5. Til slutt kan du bli med p\u00e5 den livlige atmosf\u00e6ren i Blackjack Party Live, der karismatiske verter skaper en livlig feststemning mens du spiller.<\/p>\n<h3 style=\"text-align: justify;\"><strong>Bli med p\u00e5 Blackjack-aksjonen i dag:<\/strong><\/h3>\n<p style=\"text-align: justify;\">Det er raskt og enkelt \u00e5 registrere seg p\u00e5 SlotSite.com. Bare klikk p\u00e5 &#8220;Registrer deg&#8221;-knappen og f\u00f8lg instruksjonene for \u00e5 opprette en konto. N\u00e5r du er registrert, kan du gj\u00f8re et innskudd ved hjelp av v\u00e5re sikre og praktiske bankalternativer. Ikke glem \u00e5 hente velkomstbonusen din for \u00e5 gi blackjack-eventyret ditt et l\u00f8ft! G\u00e5 deretter til spillfanen, s\u00f8k etter &#8220;blackjack&#8221; og velg din foretrukne spillvariant. Ta deg god tid til \u00e5 sette deg inn i reglene og innsatsalternativene, og n\u00e5r du er klar, kan du plassere innsatsen og la kortene snakke. Spill alltid ansvarlig, og v\u00e5r vennlige kundest\u00f8tte er tilgjengelig d\u00f8gnet rundt for \u00e5 hjelpe deg med eventuelle sp\u00f8rsm\u00e5l eller bekymringer.<\/p>\n","protected":false},"excerpt":{"rendered":"<p>Spill dine favorittspill i blackjack og dykk ned i spennende variasjoner Hos SlotSite.com Casino kan du oppleve blackjack p\u00e5 nett, og vi tilbyr et stort utvalg av fengslende blackjack-spill som vil tilfredsstille deg. Med et imponerende utvalg p\u00e5 over 75 programvareleverand\u00f8rer s\u00f8rger vi for at du f\u00e5r tilgang til de beste onlinevariantene og blackjackspillene med [&hellip;]<\/p>\n","protected":false},"author":1,"featured_media":0,"parent":0,"menu_order":0,"comment_status":"closed","ping_status":"closed","template":"templates\/category.php","meta":{"footnotes":""},"class_list":["post-181","page","type-page","status-publish","hentry"],"translation":{"provider":"WPGlobus","version":"2.12.2","language":"no","enabled_languages":["en","ca","fi","no","ja","es","pt","qc","gb","ir","nz","sa","in"],"languages":{"en":{"title":true,"content":true,"excerpt":false},"ca":{"title":true,"content":true,"excerpt":false},"fi":{"title":true,"content":true,"excerpt":false},"no":{"title":true,"content":true,"excerpt":false},"ja":{"title":true,"content":true,"excerpt":false},"es":{"title":true,"content":true,"excerpt":false},"pt":{"title":true,"content":true,"excerpt":false},"qc":{"title":true,"content":true,"excerpt":false},"gb":{"title":true,"content":true,"excerpt":false},"ir":{"title":false,"content":false,"excerpt":false},"nz":{"title":false,"content":false,"excerpt":false},"sa":{"title":false,"content":false,"excerpt":false},"in":{"title":true,"content":true,"excerpt":false}}},"acf":[],"yoast_head":"<!-- This site is optimized with the Yoast SEO plugin v20.11 - https:\/\/yoast.com\/wordpress\/plugins\/seo\/ -->\n<title>Blackjack En vinnende h\u00e5nd i spillet av 21 | spilleautomat<\/title>\n<meta name=\"description\" content=\"Fordyp deg i den spennende verdenen til Blackjack, det klassiske kortspillet med strategi og sjanser. I dette fartsfylte spillet er m\u00e5let ditt \u00e5 overliste dealeren ved \u00e5 bygge en h\u00e5nd som er s\u00e5 n\u00e6r 21 som mulig uten \u00e5 g\u00e5 over.\" \/>\n<meta name=\"robots\" content=\"index, follow, max-snippet:-1, max-image-preview:large, max-video-preview:-1\" \/>\n<link rel=\"canonical\" href=\"https:\/\/slotsite.mediacle.net\/blackjack\/\" \/>\n<meta property=\"og:locale\" content=\"nb_NO\" \/>\n<meta property=\"og:type\" content=\"article\" \/>\n<meta property=\"og:title\" content=\"Blackjack En vinnende h\u00e5nd i spillet av 21 | spilleautomat\" \/>\n<meta property=\"og:description\" content=\"Fordyp deg i den spennende verdenen til Blackjack, det klassiske kortspillet med strategi og sjanser. I dette fartsfylte spillet er m\u00e5let ditt \u00e5 overliste dealeren ved \u00e5 bygge en h\u00e5nd som er s\u00e5 n\u00e6r 21 som mulig uten \u00e5 g\u00e5 over.\" \/>\n<meta property=\"og:url\" content=\"https:\/\/slotsite.mediacle.net\/blackjack\/\" \/>\n<meta property=\"og:site_name\" content=\"Slotsite\" \/>\n<meta property=\"article:modified_time\" content=\"2023-08-31T09:55:30+00:00\" \/>\n<meta name=\"twitter:card\" content=\"summary_large_image\" \/>\n<meta name=\"twitter:label1\" content=\"Est. reading time\" \/>\n\t<meta name=\"twitter:data1\" content=\"3 minutes\" \/>\n<script type=\"application\/ld+json\" class=\"yoast-schema-graph\">{\"@context\":\"https:\/\/schema.org\",\"@graph\":[{\"@type\":\"WebPage\",\"@id\":\"https:\/\/slotsite.mediacle.net\/blackjack\/\",\"url\":\"https:\/\/slotsite.mediacle.net\/blackjack\/\",\"name\":\"Blackjack A Winning Hand in the Game of 21 | Slotsite\",\"isPartOf\":{\"@id\":\"https:\/\/slotsite.mediacle.net\/#website\"},\"datePublished\":\"2023-07-10T06:23:42+00:00\",\"dateModified\":\"2023-08-31T09:55:30+00:00\",\"description\":\"Immerse yourself in the thrilling world of Blackjack, the classic card game of strategy and chance. In this fast-paced game, your goal is to outsmart the dealer by building a hand that's as close to 21 as possible without going over.\",\"breadcrumb\":{\"@id\":\"https:\/\/slotsite.mediacle.net\/blackjack\/#breadcrumb\"},\"inLanguage\":\"nb-NO\",\"potentialAction\":[{\"@type\":\"ReadAction\",\"target\":[\"https:\/\/slotsite.mediacle.net\/blackjack\/\"]}]},{\"@type\":\"BreadcrumbList\",\"@id\":\"https:\/\/slotsite.mediacle.net\/blackjack\/#breadcrumb\",\"itemListElement\":[{\"@type\":\"ListItem\",\"position\":1,\"name\":\"Home\",\"item\":\"https:\/\/slotsite.mediacle.net\/\"},{\"@type\":\"ListItem\",\"position\":2,\"name\":\"Online Blackjack Games\"}]},{\"@type\":\"WebSite\",\"@id\":\"https:\/\/slotsite.mediacle.net\/#website\",\"url\":\"https:\/\/slotsite.mediacle.net\/\",\"name\":\"Slotsite\",\"description\":\"\",\"potentialAction\":[{\"@type\":\"SearchAction\",\"target\":{\"@type\":\"EntryPoint\",\"urlTemplate\":\"https:\/\/slotsite.mediacle.net\/?s={search_term_string}\"},\"query-input\":\"required name=search_term_string\"}],\"inLanguage\":\"nb-NO\"}]}<\/script>\n<!-- \/ Yoast SEO plugin. -->","yoast_head_json":{"title":"Blackjack En vinnende h\u00e5nd i spillet av 21 | spilleautomat","description":"Fordyp deg i den spennende verdenen til Blackjack, det klassiske kortspillet med strategi og sjanser. I dette fartsfylte spillet er m\u00e5let ditt \u00e5 overliste dealeren ved \u00e5 bygge en h\u00e5nd som er s\u00e5 n\u00e6r 21 som mulig uten \u00e5 g\u00e5 over.","robots":{"index":"index","follow":"follow","max-snippet":"max-snippet:-1","max-image-preview":"max-image-preview:large","max-video-preview":"max-video-preview:-1"},"canonical":"https:\/\/slotsite.mediacle.net\/blackjack\/","og_locale":"nb_NO","og_type":"article","og_title":"Blackjack En vinnende h\u00e5nd i spillet av 21 | spilleautomat","og_description":"Fordyp deg i den spennende verdenen til Blackjack, det klassiske kortspillet med strategi og sjanser. I dette fartsfylte spillet er m\u00e5let ditt \u00e5 overliste dealeren ved \u00e5 bygge en h\u00e5nd som er s\u00e5 n\u00e6r 21 som mulig uten \u00e5 g\u00e5 over.","og_url":"https:\/\/slotsite.mediacle.net\/blackjack\/","og_site_name":"Slotsite","article_modified_time":"2023-08-31T09:55:30+00:00","twitter_card":"summary_large_image","twitter_misc":{"Est. reading time":"3 minutes"},"schema":{"@context":"https:\/\/schema.org","@graph":[{"@type":"WebPage","@id":"https:\/\/slotsite.mediacle.net\/blackjack\/","url":"https:\/\/slotsite.mediacle.net\/blackjack\/","name":"Blackjack A Winning Hand in the Game of 21 | Slotsite","isPartOf":{"@id":"https:\/\/slotsite.mediacle.net\/#website"},"datePublished":"2023-07-10T06:23:42+00:00","dateModified":"2023-08-31T09:55:30+00:00","description":"Immerse yourself in the thrilling world of Blackjack, the classic card game of strategy and chance. In this fast-paced game, your goal is to outsmart the dealer by building a hand that's as close to 21 as possible without going over.","breadcrumb":{"@id":"https:\/\/slotsite.mediacle.net\/blackjack\/#breadcrumb"},"inLanguage":"nb-NO","potentialAction":[{"@type":"ReadAction","target":["https:\/\/slotsite.mediacle.net\/blackjack\/"]}]},{"@type":"BreadcrumbList","@id":"https:\/\/slotsite.mediacle.net\/blackjack\/#breadcrumb","itemListElement":[{"@type":"ListItem","position":1,"name":"Home","item":"https:\/\/slotsite.mediacle.net\/"},{"@type":"ListItem","position":2,"name":"Online Blackjack Games"}]},{"@type":"WebSite","@id":"https:\/\/slotsite.mediacle.net\/#website","url":"https:\/\/slotsite.mediacle.net\/","name":"Slotsite","description":"","potentialAction":[{"@type":"SearchAction","target":{"@type":"EntryPoint","urlTemplate":"https:\/\/slotsite.mediacle.net\/?s={search_term_string}"},"query-input":"required name=search_term_string"}],"inLanguage":"nb-NO"}]}},"_links":{"self":[{"href":"https:\/\/slotsite.mediacle.net\/no\/wp-json\/wp\/v2\/pages\/181","targetHints":{"allow":["GET"]}}],"collection":[{"href":"https:\/\/slotsite.mediacle.net\/no\/wp-json\/wp\/v2\/pages"}],"about":[{"href":"https:\/\/slotsite.mediacle.net\/no\/wp-json\/wp\/v2\/types\/page"}],"author":[{"embeddable":true,"href":"https:\/\/slotsite.mediacle.net\/no\/wp-json\/wp\/v2\/users\/1"}],"replies":[{"embeddable":true,"href":"https:\/\/slotsite.mediacle.net\/no\/wp-json\/wp\/v2\/comments?post=181"}],"version-history":[{"count":50,"href":"https:\/\/slotsite.mediacle.net\/no\/wp-json\/wp\/v2\/pages\/181\/revisions"}],"predecessor-version":[{"id":2356,"href":"https:\/\/slotsite.mediacle.net\/no\/wp-json\/wp\/v2\/pages\/181\/revisions\/2356"}],"wp:attachment":[{"href":"https:\/\/slotsite.mediacle.net\/no\/wp-json\/wp\/v2\/media?parent=181"}],"curies":[{"name":"wp","href":"https:\/\/api.w.org\/{rel}","templated":true}]}}