{"id":183,"date":"2023-07-10T06:24:13","date_gmt":"2023-07-10T06:24:13","guid":{"rendered":"https:\/\/slotsite.mediacle.net\/?page_id=183"},"modified":"2023-08-31T09:56:23","modified_gmt":"2023-08-31T09:56:23","slug":"roulette","status":"publish","type":"page","link":"https:\/\/slotsite.mediacle.net\/no\/rulett\/","title":{"rendered":"Rulettspill p\u00e5 nett"},"content":{"rendered":"<h2 style=\"text-align: justify;\"><strong>Slipp lykken l\u00f8s og snurr hjulet med online rulett p\u00e5 SlotSite.com Casino!<\/strong><\/h2>\n<p style=\"text-align: justify;\">Opplev den klassiske elegansen og de moderne innovasjonene i online roulette. Med over 75 programvareleverand\u00f8rer p\u00e5 v\u00e5r plattform s\u00f8rger vi for et omfattende utvalg av rulettspill som tilfredsstiller alle spilleres preferanser. Bli med oss og f\u00e5 en uforglemmelig rulettopplevelse som kombinerer elegansen i tradisjonelle spill med spennende, moderne innovasjoner.<\/p>\n<h3 style=\"text-align: justify;\"><strong>Klassiske rulettspill:<\/strong><\/h3>\n<p style=\"text-align: justify;\">La deg fascinere av det sofistikerte ved de klassiske rulettspillene som har begeistret spillere i generasjoner. Sett deg ned og nyt det raffinerte spillet europeisk rulett, der en enkelt null p\u00e5 hjulet gir gode odds. Pr\u00f8v nye spill som 3D-rulett, der realistiske animasjoner og lyd skaper et interessant kasinomilj\u00f8. For de som \u00f8nsker en tradisjonell opplevelse med lavere innsatsmuligheter, kan du spille 20p rulett, der du kan satse s\u00e5 lite som 20 pence per spinn. Og hvis du er fotballentusiast, m\u00e5 du ikke g\u00e5 glipp av spenningen i World Cup Roulette!<\/p>\n<h3 style=\"text-align: justify;\"><strong>Europeisk rulett:<\/strong><\/h3>\n<p style=\"text-align: justify;\">Europeisk rulett har et visst raffinement, og er et av de mest popul\u00e6re rulettspillene. Ruletthjulet har tall fra 1 til 36 og en enkelt null, noe som gir gunstige odds sammenlignet med andre varianter. Plasser innsatsen din p\u00e5 enkelttall, tallgrupper eller andre kombinasjoner, og vent til hjulet snurrer for \u00e5 avgj\u00f8re skjebnen din. Vil tallet eller kombinasjonen du har valgt v\u00e6re det heldige?<\/p>\n<h3 style=\"text-align: justify;\"><strong>20p rulett:<\/strong><\/h3>\n<p style=\"text-align: justify;\">For deg som er ute etter lavere innsatsalternativer, er v\u00e5rt 20p rulettspill perfekt. Med en minimumsinnsats p\u00e5 bare 20 pence kan du fortsatt nyte spenningen ved ruletthjulet uten \u00e5 ruinere banken. Plasser innsatsene dine strategisk og se p\u00e5 mens hjulet snurrer, i h\u00e5p om at lykketallet ditt dukker opp. Rulett er et flott alternativ for deg som spiller mer sporadisk eller foretrekker \u00e5 spille med mindre innsatser.<\/p>\n<h3 style=\"text-align: justify;\"><strong>Auto rulett:<\/strong><\/h3>\n<p style=\"text-align: justify;\">Nyt bekvemmeligheten og hastigheten til Auto Roulette, der spillet er automatisert og ikke krever noen live dealer. Hjulet snurrer automatisk, noe som gir kontinuerlig action. Plasser innsatsene dine, se hjulet spinne og finn ut om du har flaksen p\u00e5 din side. Auto Roulette er perfekt for deg som foretrekker en mer str\u00f8mlinjeformet spillopplevelse, og det er til og med tilgjengelig i live dealer-studioene.<\/p>\n<h3 style=\"text-align: justify;\"><strong>VIP-rulett:<\/strong><\/h3>\n<p style=\"text-align: justify;\">La deg rive med av stemningen i VIP Roulette, designet for storspillere og spillere som setter pris p\u00e5 en eksklusiv spillopplevelse. Dette eksklusive live-spillet tilbyr h\u00f8yere innsatsgrenser og skaper et milj\u00f8 som er skreddersydd for VIP-spillere. Her kan du trygt plassere innsatsene dine og nyte privilegiene som VIP-spiller.<\/p>\n<h3 style=\"text-align: justify;\"><strong>Rulett med 3 hjul:<\/strong><\/h3>\n<p style=\"text-align: justify;\">Ta rulettopplevelsen din til neste niv\u00e5 med 3 Wheel Roulette. I denne varianten har du ikke bare ett hjul, men tre separate hjul som snurrer samtidig. Denne spennende vrien \u00f8ker sjansene dine for \u00e5 treffe en vinnerkombinasjon, og gir enda flere muligheter for store gevinster. Plasser innsatsene dine strategisk p\u00e5 de tre hjulene, og se hvordan spenningen utfolder seg.<\/p>\n<h3 style=\"text-align: justify;\"><strong>\u00d8yeblikkelig rulett:<\/strong><\/h3>\n<p style=\"text-align: justify;\">I denne popul\u00e6re live-varianten g\u00e5r rundene raskt, ettersom spillet bruker 12 hjul. Se kulene falle \u00e9n etter \u00e9n for \u00e5 f\u00e5 umiddelbare resultater. Det er slutt p\u00e5 \u00e5 vente p\u00e5 andre spillere eller p\u00e5 at hjulet skal spinne. Med Instant Roulette er det full action hele tiden, og du sitter p\u00e5 kanten av stolen.<\/p>\n<h3 style=\"text-align: justify;\"><strong>Speed Roulette:<\/strong><\/h3>\n<p style=\"text-align: justify;\">For de som foretrekker en rask rulettopplevelse, er Speed Roulette det perfekte valget. Som navnet antyder, tar denne varianten spillet til et helt nytt hastighetsniv\u00e5. Rundene g\u00e5r i h\u00f8yt tempo, noe som sikrer minimal nedetid mellom spinnene. Du m\u00e5 plassere innsatsene dine raskt, men du kan alltid bruke Re-bet-alternativet eller fanen Mine innsatser for \u00e5 lagre og bruke favorittinnsatsene dine. F\u00f8lg med p\u00e5 hjulet og se om du har flaksen p\u00e5 din side.<\/p>\n<h3 style=\"text-align: justify;\"><strong>Annonserte spill Live Roulette:<\/strong><\/h3>\n<p style=\"text-align: justify;\">Opplev elegansen i Announced Bets Live Roulette, en variant som tilbyr et bredt spekter av avanserte spillalternativer. I dette spillet kan du plassere annonserte innsatser som Orphelins, Voisins du Z\u00e9ro og Tiers du Cylindre. Disse spillene dekker spesifikke deler av hjulet, noe som gir spillet et ekstra lag med strategi og spenning. Utforsk detaljene i Announced Bets Live Roulette og f\u00e5 en bedre rulettstrategi.<\/p>\n<h3 style=\"text-align: justify;\"><strong>Quantum Roulette:<\/strong><\/h3>\n<p style=\"text-align: justify;\">Ta et kvantesprang inn i fremtidens rulett med Quantum Roulette. Dette live-spillet introduserer multiplikatorer som kan \u00f8ke gevinsten din med opptil 1000 ganger og ledes av en programleder. Etter hvert som du plasserer innsatsene dine, velges det ut flere tall som legger til multiplikatorer til tilfeldige rett opp og ned-posisjoner p\u00e5 hjulet. Vil kvanteverdenen gi deg ufattelig flaks og lykke?<\/p>\n<h3 style=\"text-align: justify;\"><strong>Fotballrulett:<\/strong><\/h3>\n<p style=\"text-align: justify;\">Kombiner spenningen ved rulett med lidenskapen ved fotball i Football Roulette. Denne varianten tilf\u00f8rer str\u00f8mmingen elementer med fotballtema og skaper et morsomt milj\u00f8 der fotballfans og rulettentusiaster kan sl\u00e5 av en prat. Live-studioet er verdt et bes\u00f8k!<\/p>\n<h3 style=\"text-align: justify;\"><strong>Spillalternativer for rulett:<\/strong><\/h3>\n<p style=\"text-align: justify;\">Det finnes mange ulike spillalternativer i rulett. Hvert spill har ulike odds og utbetalinger, slik at du kan tilpasse rulettstrategien din basert p\u00e5 dine preferanser og risikotoleranse. N\u00e5r du spiller rulett, har du en rekke innsatsalternativer \u00e5 velge mellom. Her er noen vanlige typer roulette-spill:<\/p>\n<p style=\"text-align: justify;\">Straight Bet: Plasser sjetongene dine p\u00e5 ett enkelt tall. Hvis ballen lander p\u00e5 det tallet, vinner du.<\/p>\n<p style=\"text-align: justify;\">Delt innsats: Sats p\u00e5 to tall ved siden av hverandre ved \u00e5 plassere sjetongene dine p\u00e5 linjen mellom dem. Hvis ett av de to tallene er vinnertallet, vinner du.<\/p>\n<p style=\"text-align: justify;\">Street Bet: Sats p\u00e5 en rad med tre tall ved \u00e5 plassere sjetongene dine p\u00e5 ytterkanten av raden. Hvis ett av de tre tallene er vinnertallet, vinner du.<\/p>\n<p style=\"text-align: justify;\">Hj\u00f8rnespill: Sats p\u00e5 fire tall ved \u00e5 plassere sjetongene dine i krysset der de fire tallene m\u00f8tes. Hvis ett av de fire tallene er vinnertallet, vinner du.<\/p>\n<p style=\"text-align: justify;\">Linjeinnsats: Sats p\u00e5 to rader med tre tall ved \u00e5 plassere sjetongene dine p\u00e5 ytterkanten der de to radene m\u00f8tes. Hvis ett av de seks tallene er vinnertallet, vinner du.<\/p>\n<p style=\"text-align: justify;\">Kolonnespill: Sats p\u00e5 en av de tre vertikale tallkolonnene ved \u00e5 plassere sjetongene nederst i den valgte kolonnen. Hvis et tall i kolonnen er vinnertallet, vinner du.<\/p>\n<p style=\"text-align: justify;\">Dozen Bet: Sats p\u00e5 en gruppe p\u00e5 tolv tall ved \u00e5 plassere sjetongene dine p\u00e5 seksjonene &#8220;1. 12&#8221;, &#8220;2. 12&#8221; eller &#8220;3. 12&#8221; p\u00e5 bordet. Hvis et tall i den valgte gruppen er vinnertallet, vinner du.<\/p>\n<p style=\"text-align: justify;\">Spill p\u00e5 partall\/oddetall: Spill p\u00e5 om vinnertallet blir partall eller oddetall ved \u00e5 plassere sjetongene dine p\u00e5 den tilsvarende delen av bordet. Hvis vinnertallet stemmer overens med ditt valg, vinner du.<\/p>\n<p style=\"text-align: justify;\">Innsats p\u00e5 r\u00f8dt\/sort: Sats p\u00e5 om vinnertallet blir r\u00f8dt eller svart ved \u00e5 plassere sjetongene dine p\u00e5 den tilsvarende delen av bordet. Hvis vinnertallet stemmer overens med ditt valg, vinner du.<\/p>\n<p style=\"text-align: justify;\">Lav\/H\u00f8y innsats: Sats p\u00e5 om vinnertallet blir lavt (1-18) eller h\u00f8yt (19-36) ved \u00e5 plassere sjetongene dine p\u00e5 den tilsvarende delen av bordet. Hvis vinnertallet stemmer overens med ditt valg, vinner du.<\/p>\n<h3 style=\"text-align: justify;\"><strong>Slik spiller du rulett p\u00e5 SlotSite.com:<\/strong><\/h3>\n<p style=\"text-align: justify;\">Det er enkelt og morsomt \u00e5 spille rulett hos SlotSite.com Casino. For \u00e5 komme i gang er det bare \u00e5 opprette en konto og gj\u00f8re et innskudd ved hjelp av v\u00e5re sikre og praktiske bankalternativer. N\u00e5r du er klar, s\u00f8ker du etter rulett i s\u00f8kefeltet og velger ditt foretrukne spill. Gj\u00f8r deg kjent med spillereglene og innsatsmulighetene, plasser deretter innsatsene dine og se p\u00e5 mens hjulet snurrer. Forh\u00e5pentligvis kan du feire gevinstene dine! Utforsk den omfattende rulettkolleksjonen v\u00e5r, velg den varianten du foretrekker, og plasser innsatsene dine. Hvis du har sp\u00f8rsm\u00e5l eller trenger hjelp, er v\u00e5rt dedikerte kundest\u00f8tteteam tilgjengelig d\u00f8gnet rundt for \u00e5 gi deg profesjonell og vennlig assistanse. Husk at pengespill kan v\u00e6re avhengighetsskapende. Spill ansvarlig og sett grenser for \u00e5 sikre en trygg og morsom spillopplevelse.<\/p>\n","protected":false},"excerpt":{"rendered":"<p>Slipp lykken l\u00f8s og snurr hjulet med online rulett p\u00e5 SlotSite.com Casino! Opplev den klassiske elegansen og de moderne innovasjonene i online roulette. Med over 75 programvareleverand\u00f8rer p\u00e5 v\u00e5r plattform s\u00f8rger vi for et omfattende utvalg av rulettspill som tilfredsstiller alle spilleres preferanser. Bli med oss og f\u00e5 en uforglemmelig rulettopplevelse som kombinerer elegansen i [&hellip;]<\/p>\n","protected":false},"author":1,"featured_media":0,"parent":0,"menu_order":0,"comment_status":"closed","ping_status":"closed","template":"templates\/category.php","meta":{"footnotes":""},"class_list":["post-183","page","type-page","status-publish","hentry"],"translation":{"provider":"WPGlobus","version":"2.12.2","language":"no","enabled_languages":["en","ca","fi","no","ja","es","pt","qc","gb","ir","nz","sa","in"],"languages":{"en":{"title":true,"content":true,"excerpt":false},"ca":{"title":true,"content":true,"excerpt":false},"fi":{"title":true,"content":true,"excerpt":false},"no":{"title":true,"content":true,"excerpt":false},"ja":{"title":true,"content":true,"excerpt":false},"es":{"title":true,"content":true,"excerpt":false},"pt":{"title":true,"content":true,"excerpt":false},"qc":{"title":true,"content":true,"excerpt":false},"gb":{"title":true,"content":true,"excerpt":false},"ir":{"title":false,"content":false,"excerpt":false},"nz":{"title":false,"content":false,"excerpt":false},"sa":{"title":false,"content":false,"excerpt":false},"in":{"title":true,"content":true,"excerpt":false}}},"acf":[],"yoast_head":"<!-- This site is optimized with the Yoast SEO plugin v20.11 - https:\/\/yoast.com\/wordpress\/plugins\/seo\/ -->\n<title>Spin the Wheel of Fortune: Spill rulettspill p\u00e5 Slotsite<\/title>\n<meta name=\"description\" content=\"Oppdag den klassiske spenningen ved rulett p\u00e5 Slotsite Casino. Plasser innsatsene dine, se hjulet spinne og forutse store gevinster. Bli med n\u00e5 for \u00e5 nyte en rekke rulettspill og begi deg ut p\u00e5 en spennende reise med sjanser og strategi.\" \/>\n<meta name=\"robots\" content=\"index, follow, max-snippet:-1, max-image-preview:large, max-video-preview:-1\" \/>\n<link rel=\"canonical\" href=\"https:\/\/slotsite.mediacle.net\/roulette\/\" \/>\n<meta property=\"og:locale\" content=\"nb_NO\" \/>\n<meta property=\"og:type\" content=\"article\" \/>\n<meta property=\"og:title\" content=\"Spin the Wheel of Fortune: Spill rulettspill p\u00e5 Slotsite\" \/>\n<meta property=\"og:description\" content=\"Oppdag den klassiske spenningen ved rulett p\u00e5 Slotsite Casino. Plasser innsatsene dine, se hjulet spinne og forutse store gevinster. Bli med n\u00e5 for \u00e5 nyte en rekke rulettspill og begi deg ut p\u00e5 en spennende reise med sjanser og strategi.\" \/>\n<meta property=\"og:url\" content=\"https:\/\/slotsite.mediacle.net\/roulette\/\" \/>\n<meta property=\"og:site_name\" content=\"Slotsite\" \/>\n<meta property=\"article:modified_time\" content=\"2023-08-31T09:56:23+00:00\" \/>\n<meta name=\"twitter:card\" content=\"summary_large_image\" \/>\n<meta name=\"twitter:label1\" content=\"Est. reading time\" \/>\n\t<meta name=\"twitter:data1\" content=\"6 minutes\" \/>\n<script type=\"application\/ld+json\" class=\"yoast-schema-graph\">{\"@context\":\"https:\/\/schema.org\",\"@graph\":[{\"@type\":\"WebPage\",\"@id\":\"https:\/\/slotsite.mediacle.net\/roulette\/\",\"url\":\"https:\/\/slotsite.mediacle.net\/roulette\/\",\"name\":\"Bet and Win with Online Roulette: Spin the Wheel of Fortune Now!\",\"isPartOf\":{\"@id\":\"https:\/\/slotsite.mediacle.net\/#website\"},\"datePublished\":\"2023-07-10T06:24:13+00:00\",\"dateModified\":\"2023-08-31T09:56:23+00:00\",\"description\":\"Step into the world of online roulette and let the wheel of fortune guide your destiny! Play the classic casino game from anywhere and experience the excitement of predicting where the ball will land. Join now to enjoy the thrill, put your luck to the test, and potentially win big with every spin of the wheel.\",\"breadcrumb\":{\"@id\":\"https:\/\/slotsite.mediacle.net\/roulette\/#breadcrumb\"},\"inLanguage\":\"nb-NO\",\"potentialAction\":[{\"@type\":\"ReadAction\",\"target\":[\"https:\/\/slotsite.mediacle.net\/roulette\/\"]}]},{\"@type\":\"BreadcrumbList\",\"@id\":\"https:\/\/slotsite.mediacle.net\/roulette\/#breadcrumb\",\"itemListElement\":[{\"@type\":\"ListItem\",\"position\":1,\"name\":\"Home\",\"item\":\"https:\/\/slotsite.mediacle.net\/\"},{\"@type\":\"ListItem\",\"position\":2,\"name\":\"Online Roulette Games\"}]},{\"@type\":\"WebSite\",\"@id\":\"https:\/\/slotsite.mediacle.net\/#website\",\"url\":\"https:\/\/slotsite.mediacle.net\/\",\"name\":\"Slotsite\",\"description\":\"\",\"potentialAction\":[{\"@type\":\"SearchAction\",\"target\":{\"@type\":\"EntryPoint\",\"urlTemplate\":\"https:\/\/slotsite.mediacle.net\/?s={search_term_string}\"},\"query-input\":\"required name=search_term_string\"}],\"inLanguage\":\"nb-NO\"}]}<\/script>\n<!-- \/ Yoast SEO plugin. -->","yoast_head_json":{"title":"Spin the Wheel of Fortune: Spill rulettspill p\u00e5 Slotsite","description":"Oppdag den klassiske spenningen ved rulett p\u00e5 Slotsite Casino. Plasser innsatsene dine, se hjulet spinne og forutse store gevinster. Bli med n\u00e5 for \u00e5 nyte en rekke rulettspill og begi deg ut p\u00e5 en spennende reise med sjanser og strategi.","robots":{"index":"index","follow":"follow","max-snippet":"max-snippet:-1","max-image-preview":"max-image-preview:large","max-video-preview":"max-video-preview:-1"},"canonical":"https:\/\/slotsite.mediacle.net\/roulette\/","og_locale":"nb_NO","og_type":"article","og_title":"Spin the Wheel of Fortune: Spill rulettspill p\u00e5 Slotsite","og_description":"Oppdag den klassiske spenningen ved rulett p\u00e5 Slotsite Casino. Plasser innsatsene dine, se hjulet spinne og forutse store gevinster. Bli med n\u00e5 for \u00e5 nyte en rekke rulettspill og begi deg ut p\u00e5 en spennende reise med sjanser og strategi.","og_url":"https:\/\/slotsite.mediacle.net\/roulette\/","og_site_name":"Slotsite","article_modified_time":"2023-08-31T09:56:23+00:00","twitter_card":"summary_large_image","twitter_misc":{"Est. reading time":"6 minutes"},"schema":{"@context":"https:\/\/schema.org","@graph":[{"@type":"WebPage","@id":"https:\/\/slotsite.mediacle.net\/roulette\/","url":"https:\/\/slotsite.mediacle.net\/roulette\/","name":"Bet and Win with Online Roulette: Spin the Wheel of Fortune Now!","isPartOf":{"@id":"https:\/\/slotsite.mediacle.net\/#website"},"datePublished":"2023-07-10T06:24:13+00:00","dateModified":"2023-08-31T09:56:23+00:00","description":"Step into the world of online roulette and let the wheel of fortune guide your destiny! Play the classic casino game from anywhere and experience the excitement of predicting where the ball will land. Join now to enjoy the thrill, put your luck to the test, and potentially win big with every spin of the wheel.","breadcrumb":{"@id":"https:\/\/slotsite.mediacle.net\/roulette\/#breadcrumb"},"inLanguage":"nb-NO","potentialAction":[{"@type":"ReadAction","target":["https:\/\/slotsite.mediacle.net\/roulette\/"]}]},{"@type":"BreadcrumbList","@id":"https:\/\/slotsite.mediacle.net\/roulette\/#breadcrumb","itemListElement":[{"@type":"ListItem","position":1,"name":"Home","item":"https:\/\/slotsite.mediacle.net\/"},{"@type":"ListItem","position":2,"name":"Online Roulette Games"}]},{"@type":"WebSite","@id":"https:\/\/slotsite.mediacle.net\/#website","url":"https:\/\/slotsite.mediacle.net\/","name":"Slotsite","description":"","potentialAction":[{"@type":"SearchAction","target":{"@type":"EntryPoint","urlTemplate":"https:\/\/slotsite.mediacle.net\/?s={search_term_string}"},"query-input":"required name=search_term_string"}],"inLanguage":"nb-NO"}]}},"_links":{"self":[{"href":"https:\/\/slotsite.mediacle.net\/no\/wp-json\/wp\/v2\/pages\/183","targetHints":{"allow":["GET"]}}],"collection":[{"href":"https:\/\/slotsite.mediacle.net\/no\/wp-json\/wp\/v2\/pages"}],"about":[{"href":"https:\/\/slotsite.mediacle.net\/no\/wp-json\/wp\/v2\/types\/page"}],"author":[{"embeddable":true,"href":"https:\/\/slotsite.mediacle.net\/no\/wp-json\/wp\/v2\/users\/1"}],"replies":[{"embeddable":true,"href":"https:\/\/slotsite.mediacle.net\/no\/wp-json\/wp\/v2\/comments?post=183"}],"version-history":[{"count":42,"href":"https:\/\/slotsite.mediacle.net\/no\/wp-json\/wp\/v2\/pages\/183\/revisions"}],"predecessor-version":[{"id":2357,"href":"https:\/\/slotsite.mediacle.net\/no\/wp-json\/wp\/v2\/pages\/183\/revisions\/2357"}],"wp:attachment":[{"href":"https:\/\/slotsite.mediacle.net\/no\/wp-json\/wp\/v2\/media?parent=183"}],"curies":[{"name":"wp","href":"https:\/\/api.w.org\/{rel}","templated":true}]}}