{"id":184,"date":"2023-07-10T06:24:27","date_gmt":"2023-07-10T06:24:27","guid":{"rendered":"https:\/\/slotsite.mediacle.net\/?page_id=184"},"modified":"2023-08-31T09:52:53","modified_gmt":"2023-08-31T09:52:53","slug":"table-games","status":"publish","type":"page","link":"https:\/\/slotsite.mediacle.net\/no\/bordspill\/","title":{"rendered":"Kasino-bordspill"},"content":{"rendered":"<h2 style=\"text-align: justify;\"><strong>Ta steget inn i de sofistikerte kasinobordspillene p\u00e5 SlotSite.com Casino!<\/strong><\/h2>\n<p style=\"text-align: justify;\">Opplev innbegrepet av moro og underholdning p\u00e5 SlotSite.com Casino, der v\u00e5rt utvalg av bordspill byr p\u00e5 en samling fengslende klassikere og spennende varianter, n\u00f8ye utvalgt for \u00e5 tilfredsstille din kresne smak. Bli med oss n\u00e5r vi inviterer deg til \u00e5 hengi deg til den raffinerte spillkunsten, der strategi og flaks g\u00e5r h\u00e5nd i h\u00e5nd.<\/p>\n<h2 style=\"text-align: justify;\"><strong>Blackjack p\u00e5 nettet:<\/strong><\/h2>\n<p style=\"text-align: justify;\">Utfordre dealeren i det tidl\u00f8se spillet <a href=\"https:\/\/slotsite.mediacle.net\/blackjack\/\"><u>Blackjack<\/u><\/a>. Ta del i spennende kamper med strategi og forventning mens du pr\u00f8ver \u00e5 oppn\u00e5 en h\u00e5nd som n\u00e6rmer seg 21 uten \u00e5 g\u00e5 over. Utforsk ulike varianter, som klassisk blackjack, europeisk blackjack og live dealer-blackjack, som alle byr p\u00e5 unike utfordringer og strategiske muligheter.<\/p>\n<h2 style=\"text-align: justify;\"><strong>Rulett p\u00e5 nettet:<\/strong><\/h2>\n<p style=\"text-align: justify;\">Snurr p\u00e5 hjulet og la <u><a href=\"https:\/\/slotsite.mediacle.net\/roulette\/\">rulett<\/a>spillet gi <\/u>deg en rekke innsatsmuligheter. F\u00f8l forventningens sus n\u00e5r kulen danser rundt hjulet og til slutt legger seg. Spill europeisk rulett eller nyt den dynamiske handlingen i de mange variasjonene og temaene. Spill Live Dealer Roulette og sats p\u00e5 tall, farger eller kombinasjoner, og se skjebnehjulet komme til live.<\/p>\n<h2 style=\"text-align: justify;\"><strong>Baccarat p\u00e5 nettet:<\/strong><\/h2>\n<p style=\"text-align: justify;\">Spill det fengslende spillet <a href=\"https:\/\/slotsite.mediacle.net\/baccarat\/\"><u>Baccarat <\/u><\/a>og konkurrer mot eller sats med bankmannen! Dette spillet er enkelt \u00e5 spille n\u00e5r du f\u00f8rst har l\u00e6rt deg det, og i bunn og grunn handler det om \u00e5 oppn\u00e5 en h\u00e5ndverdi n\u00e6rmest ni. Opplev den klassiske sjarmen til det tradisjonelle Punto Banco eller utforsk morsomme varianter som Speed Baccarat og No Commission Baccarat, som alle gir dette elskede spillet en unik vri.<\/p>\n<h2 style=\"text-align: justify;\"><strong>Casinopokerspill:<\/strong><\/h2>\n<p style=\"text-align: justify;\">Finn frem strategen i deg med temaene i kasinopokerspillet. Test ferdighetene dine og delta i strategiske kamper i Casino Hold&#8217;em, Texas Hold&#8217;em, Stud og Video Poker. Gj\u00f8r kalkulerte trekk og nyt tiden i live dealer-kasinoet.<\/p>\n<h2 style=\"text-align: justify;\"><strong>Craps p\u00e5 nettet:<\/strong><\/h2>\n<p style=\"text-align: justify;\">Opplev spenningen i <u>Craps<\/u>, et spill som kombinerer tilfeldigheter og strategi i like stor grad. Se terningene rulle og nyt den elektrifiserende atmosf\u00e6ren i live dealer-studioet. Du kan spille b\u00e5de live og fra f\u00f8rste person, og du kan satse p\u00e5 en rekke muligheter. Opplev energien n\u00e5r terningene avgj\u00f8r skjebnen din.<\/p>\n<h2 style=\"text-align: justify;\"><strong>Online Sic Bo:<\/strong><\/h2>\n<p style=\"text-align: justify;\">Oppdag \u00d8stens mysterier med Sic Bo, et eldgammelt terningspill som fengsler med sin kulturelle tiltrekningskraft. Forutsi utfallet av tre terningkast og sats p\u00e5 en rekke ulike kombinasjoner. Kjenn hvordan spenningen stiger etter hvert som terningene triller og avsl\u00f8rer resultater som kan f\u00f8re til uforglemmelige gevinster.<\/p>\n<p style=\"text-align: justify;\">Bli med oss i dag p\u00e5 SlotSite.com Casino og opplev kunsten i Blackjack, det forlokkende i Roulette, det sofistikerte i Baccarat og spenningen i Poker, Craps og Sic Bo. La spillene begynne! Hos SlotSite.com Casino er vi opptatt av \u00e5 gi deg en eksepsjonell spillopplevelse, med rask str\u00f8mming og tilgang til toppmoderne spillstudioer. Enten du er en erfaren spiller eller liker \u00e5 pr\u00f8ve nye kasinospill, vil v\u00e5rt omfattende utvalg med innebygde spill tilby alt du trenger. Bli medlem i dag! Husk alltid \u00e5 kjenne og sette dine egne grenser. Spill p\u00e5 en ansvarlig m\u00e5te. Gambling kan v\u00e6re avhengighetsskapende.<\/p>\n","protected":false},"excerpt":{"rendered":"<p>Ta steget inn i de sofistikerte kasinobordspillene p\u00e5 SlotSite.com Casino! Opplev innbegrepet av moro og underholdning p\u00e5 SlotSite.com Casino, der v\u00e5rt utvalg av bordspill byr p\u00e5 en samling fengslende klassikere og spennende varianter, n\u00f8ye utvalgt for \u00e5 tilfredsstille din kresne smak. Bli med oss n\u00e5r vi inviterer deg til \u00e5 hengi deg til den raffinerte [&hellip;]<\/p>\n","protected":false},"author":1,"featured_media":0,"parent":0,"menu_order":0,"comment_status":"closed","ping_status":"closed","template":"templates\/category.php","meta":{"footnotes":""},"class_list":["post-184","page","type-page","status-publish","hentry"],"translation":{"provider":"WPGlobus","version":"2.12.2","language":"no","enabled_languages":["en","ca","fi","no","ja","es","pt","qc","gb","ir","nz","sa","in"],"languages":{"en":{"title":true,"content":true,"excerpt":false},"ca":{"title":true,"content":true,"excerpt":false},"fi":{"title":true,"content":true,"excerpt":false},"no":{"title":true,"content":true,"excerpt":false},"ja":{"title":true,"content":true,"excerpt":false},"es":{"title":true,"content":true,"excerpt":false},"pt":{"title":false,"content":true,"excerpt":false},"qc":{"title":true,"content":true,"excerpt":false},"gb":{"title":true,"content":true,"excerpt":false},"ir":{"title":false,"content":false,"excerpt":false},"nz":{"title":false,"content":false,"excerpt":false},"sa":{"title":false,"content":false,"excerpt":false},"in":{"title":true,"content":true,"excerpt":false}}},"acf":[],"yoast_head":"<!-- This site is optimized with the Yoast SEO plugin v20.11 - https:\/\/yoast.com\/wordpress\/plugins\/seo\/ -->\n<title>Slipp l\u00f8s spenningen: Utforsk en rekke kasinobordspill for alle spillere!<\/title>\n<meta name=\"description\" content=\"Utforsk en verden av strategi og spenning med v\u00e5rt mangfoldige utvalg av kasinobordspill p\u00e5 Slotsite. Fra blackjack til poker og mer, utfordre ferdighetene dine og nyt endel\u00f8s spillmoro. Bli med n\u00e5 for \u00e5 oppleve spenningen ved klassisk casinoaction!\" \/>\n<meta name=\"robots\" content=\"index, follow, max-snippet:-1, max-image-preview:large, max-video-preview:-1\" \/>\n<link rel=\"canonical\" href=\"https:\/\/slotsite.mediacle.net\/table-games\/\" \/>\n<meta property=\"og:locale\" content=\"nb_NO\" \/>\n<meta property=\"og:type\" content=\"article\" \/>\n<meta property=\"og:title\" content=\"Slipp l\u00f8s spenningen: Utforsk en rekke kasinobordspill for alle spillere!\" \/>\n<meta property=\"og:description\" content=\"Utforsk en verden av strategi og spenning med v\u00e5rt mangfoldige utvalg av kasinobordspill p\u00e5 Slotsite. Fra blackjack til poker og mer, utfordre ferdighetene dine og nyt endel\u00f8s spillmoro. Bli med n\u00e5 for \u00e5 oppleve spenningen ved klassisk casinoaction!\" \/>\n<meta property=\"og:url\" content=\"https:\/\/slotsite.mediacle.net\/table-games\/\" \/>\n<meta property=\"og:site_name\" content=\"Slotsite\" \/>\n<meta property=\"article:modified_time\" content=\"2023-08-31T09:52:53+00:00\" \/>\n<meta name=\"twitter:card\" content=\"summary_large_image\" \/>\n<meta name=\"twitter:label1\" content=\"Est. reading time\" \/>\n\t<meta name=\"twitter:data1\" content=\"3 minutes\" \/>\n<script type=\"application\/ld+json\" class=\"yoast-schema-graph\">{\"@context\":\"https:\/\/schema.org\",\"@graph\":[{\"@type\":\"WebPage\",\"@id\":\"https:\/\/slotsite.mediacle.net\/table-games\/\",\"url\":\"https:\/\/slotsite.mediacle.net\/table-games\/\",\"name\":\"Unleash the Thrills: Explore an Array of Casino Table Games for All Players!\",\"isPartOf\":{\"@id\":\"https:\/\/slotsite.mediacle.net\/#website\"},\"datePublished\":\"2023-07-10T06:24:27+00:00\",\"dateModified\":\"2023-08-31T09:52:53+00:00\",\"description\":\"Dive into the world of casino table games on our platform, offering something for every player. From timeless classics to modern variations, test your skills and luck in a dynamic gaming experience.\",\"breadcrumb\":{\"@id\":\"https:\/\/slotsite.mediacle.net\/table-games\/#breadcrumb\"},\"inLanguage\":\"nb-NO\",\"potentialAction\":[{\"@type\":\"ReadAction\",\"target\":[\"https:\/\/slotsite.mediacle.net\/table-games\/\"]}]},{\"@type\":\"BreadcrumbList\",\"@id\":\"https:\/\/slotsite.mediacle.net\/table-games\/#breadcrumb\",\"itemListElement\":[{\"@type\":\"ListItem\",\"position\":1,\"name\":\"Home\",\"item\":\"https:\/\/slotsite.mediacle.net\/\"},{\"@type\":\"ListItem\",\"position\":2,\"name\":\"Casino Table Games\"}]},{\"@type\":\"WebSite\",\"@id\":\"https:\/\/slotsite.mediacle.net\/#website\",\"url\":\"https:\/\/slotsite.mediacle.net\/\",\"name\":\"Slotsite\",\"description\":\"\",\"potentialAction\":[{\"@type\":\"SearchAction\",\"target\":{\"@type\":\"EntryPoint\",\"urlTemplate\":\"https:\/\/slotsite.mediacle.net\/?s={search_term_string}\"},\"query-input\":\"required name=search_term_string\"}],\"inLanguage\":\"nb-NO\"}]}<\/script>\n<!-- \/ Yoast SEO plugin. -->","yoast_head_json":{"title":"Slipp l\u00f8s spenningen: Utforsk en rekke kasinobordspill for alle spillere!","description":"Utforsk en verden av strategi og spenning med v\u00e5rt mangfoldige utvalg av kasinobordspill p\u00e5 Slotsite. Fra blackjack til poker og mer, utfordre ferdighetene dine og nyt endel\u00f8s spillmoro. Bli med n\u00e5 for \u00e5 oppleve spenningen ved klassisk casinoaction!","robots":{"index":"index","follow":"follow","max-snippet":"max-snippet:-1","max-image-preview":"max-image-preview:large","max-video-preview":"max-video-preview:-1"},"canonical":"https:\/\/slotsite.mediacle.net\/table-games\/","og_locale":"nb_NO","og_type":"article","og_title":"Slipp l\u00f8s spenningen: Utforsk en rekke kasinobordspill for alle spillere!","og_description":"Utforsk en verden av strategi og spenning med v\u00e5rt mangfoldige utvalg av kasinobordspill p\u00e5 Slotsite. Fra blackjack til poker og mer, utfordre ferdighetene dine og nyt endel\u00f8s spillmoro. Bli med n\u00e5 for \u00e5 oppleve spenningen ved klassisk casinoaction!","og_url":"https:\/\/slotsite.mediacle.net\/table-games\/","og_site_name":"Slotsite","article_modified_time":"2023-08-31T09:52:53+00:00","twitter_card":"summary_large_image","twitter_misc":{"Est. reading time":"3 minutes"},"schema":{"@context":"https:\/\/schema.org","@graph":[{"@type":"WebPage","@id":"https:\/\/slotsite.mediacle.net\/table-games\/","url":"https:\/\/slotsite.mediacle.net\/table-games\/","name":"Unleash the Thrills: Explore an Array of Casino Table Games for All Players!","isPartOf":{"@id":"https:\/\/slotsite.mediacle.net\/#website"},"datePublished":"2023-07-10T06:24:27+00:00","dateModified":"2023-08-31T09:52:53+00:00","description":"Dive into the world of casino table games on our platform, offering something for every player. From timeless classics to modern variations, test your skills and luck in a dynamic gaming experience.","breadcrumb":{"@id":"https:\/\/slotsite.mediacle.net\/table-games\/#breadcrumb"},"inLanguage":"nb-NO","potentialAction":[{"@type":"ReadAction","target":["https:\/\/slotsite.mediacle.net\/table-games\/"]}]},{"@type":"BreadcrumbList","@id":"https:\/\/slotsite.mediacle.net\/table-games\/#breadcrumb","itemListElement":[{"@type":"ListItem","position":1,"name":"Home","item":"https:\/\/slotsite.mediacle.net\/"},{"@type":"ListItem","position":2,"name":"Casino Table Games"}]},{"@type":"WebSite","@id":"https:\/\/slotsite.mediacle.net\/#website","url":"https:\/\/slotsite.mediacle.net\/","name":"Slotsite","description":"","potentialAction":[{"@type":"SearchAction","target":{"@type":"EntryPoint","urlTemplate":"https:\/\/slotsite.mediacle.net\/?s={search_term_string}"},"query-input":"required name=search_term_string"}],"inLanguage":"nb-NO"}]}},"_links":{"self":[{"href":"https:\/\/slotsite.mediacle.net\/no\/wp-json\/wp\/v2\/pages\/184","targetHints":{"allow":["GET"]}}],"collection":[{"href":"https:\/\/slotsite.mediacle.net\/no\/wp-json\/wp\/v2\/pages"}],"about":[{"href":"https:\/\/slotsite.mediacle.net\/no\/wp-json\/wp\/v2\/types\/page"}],"author":[{"embeddable":true,"href":"https:\/\/slotsite.mediacle.net\/no\/wp-json\/wp\/v2\/users\/1"}],"replies":[{"embeddable":true,"href":"https:\/\/slotsite.mediacle.net\/no\/wp-json\/wp\/v2\/comments?post=184"}],"version-history":[{"count":53,"href":"https:\/\/slotsite.mediacle.net\/no\/wp-json\/wp\/v2\/pages\/184\/revisions"}],"predecessor-version":[{"id":2355,"href":"https:\/\/slotsite.mediacle.net\/no\/wp-json\/wp\/v2\/pages\/184\/revisions\/2355"}],"wp:attachment":[{"href":"https:\/\/slotsite.mediacle.net\/no\/wp-json\/wp\/v2\/media?parent=184"}],"curies":[{"name":"wp","href":"https:\/\/api.w.org\/{rel}","templated":true}]}}