{"id":194,"date":"2023-07-10T06:43:18","date_gmt":"2023-07-10T06:43:18","guid":{"rendered":"https:\/\/slotsite.mediacle.net\/?page_id=194"},"modified":"2023-08-31T09:59:46","modified_gmt":"2023-08-31T09:59:46","slug":"online-craps","status":"publish","type":"page","link":"https:\/\/slotsite.mediacle.net\/no\/online-craps\/","title":{"rendered":"Craps-spill p\u00e5 nettet"},"content":{"rendered":"<h2 style=\"text-align: justify;\"><strong>Kast terningene og spill Craps p\u00e5 nett hos SlotSite.com Casino<\/strong><\/h2>\n<p style=\"text-align: justify;\">Craps er et utrolig spennende og dynamisk kasinospill som gir spillerne en unik opplevelse. Craps regnes ofte som et av de mest sosiale kasinospillene. Det spilles vanligvis ved et livlig bord med flere spillere, noe som skaper en livlig atmosf\u00e6re. Du kan samhandle med andre spillere og heie p\u00e5 hverandres gevinster gjennom hele spillet. Craps tilbyr et bredt spekter av innsatsalternativer, noe som gir spillerne mange muligheter til \u00e5 legge strategier og tilpasse spillet. Fra de grunnleggende Pass Line- og Don&#8217;t Pass Line-spillene til mer komplekse proposition-spill &#8211; det finnes et spillalternativ som passer enhver spillestil.<\/p>\n<p style=\"text-align: justify;\">Craps er kjent for sitt fartsfylte og actionfylte spill. Med flere innsatsrunder og terningkast holder spillet spillerne p\u00e5 t\u00e5 hev og s\u00f8rger for at det aldri blir et kjedelig \u00f8yeblikk. N\u00e5r Craps spilles med riktig strategi, kan det gi noen av de beste oddsene i kasinoet. Enkelte spill, som Pass Line og Don&#8217;t Pass Line, har en lav fordel for huset, noe som gir spillerne st\u00f8rre sjanse for \u00e5 vinne i det lange l\u00f8p. Dette aspektet tilf\u00f8rer spillet et element av strategi og holder spillerne engasjert.<\/p>\n<h3 style=\"text-align: justify;\"><strong>En kortfattet historie om craps:<\/strong><\/h3>\n<p style=\"text-align: justify;\">Craps er et terningspill med eldgamle r\u00f8tter som gjennom \u00e5rhundrene har utviklet seg til det popul\u00e6re kasinospillet vi kjenner i dag. Spillets r\u00f8tter kan spores tilbake til korstogene, der soldater spilte et spill kalt &#8220;Hazard&#8221; for \u00e5 f\u00e5 tiden til \u00e5 g\u00e5. Hazard kom etter hvert til Europa, der det ble popul\u00e6rt blant overklassen. P\u00e5 1700- og 1800-tallet gjennomgikk spillet ytterligere modifikasjoner i England og Frankrike, f\u00f8r det til slutt fant veien til Amerika.<\/p>\n<p style=\"text-align: justify;\">Tidlig p\u00e5 1900-tallet revolusjonerte John H. Winn spillet ved \u00e5 introdusere konseptet med &#8220;riktige&#8221; og &#8220;gale&#8221; spillere, i tillegg til \u00e5 legge til en &#8220;don&#8217;t pass&#8221;-linje. Disse endringene gjorde spillet mer rettferdig og la grunnlaget for den moderne versjonen av Craps.<\/p>\n<h3 style=\"text-align: justify;\"><strong>Hvordan spiller man Craps?<\/strong><\/h3>\n<p style=\"text-align: justify;\">Craps spilles med to terninger og inneb\u00e6rer flere innsatsrunder. M\u00e5let med spillet er \u00e5 forutsi utfallet av terningkastet. Her er en kort oversikt over hvordan du spiller Craps:<\/p>\n<p style=\"text-align: justify;\">Spillet begynner med et &#8220;come-out&#8221;-kast, der skytteren (spilleren som kaster terningen) fors\u00f8ker \u00e5 oppn\u00e5 et poeng (4, 5, 6, 8, 9 eller 10) ved \u00e5 kaste 7 eller 11. Hvis det kastes en 2, 3 eller 12, kalles det &#8220;craps&#8221;, og runden avsluttes.<\/p>\n<p style=\"text-align: justify;\">Hvis et poengtall er fastsatt, g\u00e5r spillet inn i &#8220;poeng&#8221;-fasen. Skytteren fortsetter \u00e5 kaste terningen helt til han\/hun sl\u00e5r poengtallet igjen for \u00e5 vinne eller sl\u00e5r en 7-er for \u00e5 tape.<\/p>\n<p style=\"text-align: justify;\">Spillerne ved bordet kan plassere ulike innsatser p\u00e5 utfallet av terningkastet. Noen vanlige spill inkluderer Pass Line, Don&#8217;t Pass Line, Come, Don&#8217;t Come og Place.<\/p>\n<p style=\"text-align: justify;\">Pass Line-innsatsen er den mest grunnleggende og popul\u00e6re innsatsen i Craps. Spillerne plasserer sjetongene sine p\u00e5 Pass Line f\u00f8r come-out-kastet. Hvis skytteren kaster en 7 eller 11, vinner Pass Line-innsatsen. Hvis det kastes en 2, 3 eller 12, er innsatsen tapt.<\/p>\n<p style=\"text-align: justify;\">Don&#8217;t Pass Line-innsatsen er det motsatte av Pass Line-innsatsen. Du vinner hvis skytteren kaster en 2, 3 eller 12, og taper hvis du kaster en 7 eller 11.<\/p>\n<p style=\"text-align: justify;\">Andre spill, som Come- og Don&#8217;t Come-spill, kan plasseres etter at poengtallet er fastsatt. Disse spillene ligner p\u00e5 Pass Line- og Don&#8217;t Pass Line-spillene, men plasseres under poengfasen.<\/p>\n<p style=\"text-align: justify;\">Craps tilbyr ogs\u00e5 en rekke proposition bets, som er one-roll bets med spesifikke betingelser og utbetalinger. Det er viktig \u00e5 merke seg at Craps har et unikt spr\u00e5k og en unik terminologi. Det kan ta litt tid \u00e5 sette seg inn i de ulike spillene og de tilh\u00f8rende reglene.<\/p>\n<h3 style=\"text-align: justify;\"><strong>Craps med live dealer p\u00e5 nettet<\/strong><\/h3>\n<p style=\"text-align: justify;\">Live Craps fra Evolution Gaming tar spenningen i det klassiske kasinospillet til nye h\u00f8yder. I denne live dealer-versjonen kan spillerne oppleve en autentisk casinoopplevelse med 1920-tallets Speakeasy-tema, b\u00e5de p\u00e5 PC og mobil. Spillet streames i sanntid med en karismatisk og kunnskapsrik dealer som guider spillerne gjennom spillet.<\/p>\n<p style=\"text-align: justify;\">Live Craps tilbyr en rekke innsatser som spillerne kan plassere, hver med sin egen utbetaling og RTP-prosent (Return to Player). Noen av de popul\u00e6re spillene inkluderer:<\/p>\n<p style=\"text-align: justify;\">Pass Line-innsats: Dette er et vanlig spill der spillerne satser p\u00e5 at skytteren kaster 7 eller 11 p\u00e5 come-out-kastet. RTP for dette spillet er ca. 98,59 %, og utbetalingen er 1:1.<\/p>\n<p style=\"text-align: justify;\">Don&#8217;t Pass Line-innsats: Det motsatte av Pass Line-innsatsen, der spillerne satser mot skytteren. RTP for dette spillet er rundt 98,64 %, og utbetalingen er ogs\u00e5 1:1.<\/p>\n<p style=\"text-align: justify;\">Come- og Don&#8217;t Come-spill: Ligner p\u00e5 Pass Line- og Don&#8217;t Pass Line-spillene, men plasseres etter come-out-kastet. RTP for disse spillene er ca. 98,59 %, og utbetalingen er 1:1.<\/p>\n<p style=\"text-align: justify;\">Plasser innsatser: Spillere kan satse p\u00e5 bestemte tall (4, 5, 6, 8, 9 eller 10) som skal kastes f\u00f8r en 7. RTP for disse spillene varierer avhengig av det valgte tallet, med utbetalinger fra 9:5 til 7:6.<\/p>\n<p style=\"text-align: justify;\">Live Craps byr p\u00e5 en engasjerende og sosial opplevelse, der spillerne kan samhandle med dealeren og de andre deltakerne via live chat. Bli med oss p\u00e5 SlotSite.com Casino og kast terningene i denne fengslende live-versjonen av Craps med jevn str\u00f8mming og morsomme dealere! Husk alltid \u00e5 kjenne og sette dine egne grenser. Spill ansvarlig. Gambling kan v\u00e6re avhengighetsskapende.<\/p>\n","protected":false},"excerpt":{"rendered":"<p>Kast terningene og spill Craps p\u00e5 nett hos SlotSite.com Casino Craps er et utrolig spennende og dynamisk kasinospill som gir spillerne en unik opplevelse. Craps regnes ofte som et av de mest sosiale kasinospillene. Det spilles vanligvis ved et livlig bord med flere spillere, noe som skaper en livlig atmosf\u00e6re. Du kan samhandle med andre [&hellip;]<\/p>\n","protected":false},"author":1,"featured_media":0,"parent":0,"menu_order":0,"comment_status":"closed","ping_status":"closed","template":"templates\/category.php","meta":{"footnotes":""},"class_list":["post-194","page","type-page","status-publish","hentry"],"translation":{"provider":"WPGlobus","version":"2.12.2","language":"no","enabled_languages":["en","ca","fi","no","ja","es","pt","qc","gb","ir","nz","sa","in"],"languages":{"en":{"title":true,"content":true,"excerpt":false},"ca":{"title":true,"content":true,"excerpt":false},"fi":{"title":true,"content":true,"excerpt":false},"no":{"title":true,"content":true,"excerpt":false},"ja":{"title":true,"content":true,"excerpt":false},"es":{"title":true,"content":true,"excerpt":false},"pt":{"title":true,"content":true,"excerpt":false},"qc":{"title":true,"content":true,"excerpt":false},"gb":{"title":true,"content":true,"excerpt":false},"ir":{"title":false,"content":false,"excerpt":false},"nz":{"title":false,"content":false,"excerpt":false},"sa":{"title":false,"content":false,"excerpt":false},"in":{"title":true,"content":true,"excerpt":false}}},"acf":[],"yoast_head":"<!-- This site is optimized with the Yoast SEO plugin v20.11 - https:\/\/yoast.com\/wordpress\/plugins\/seo\/ -->\n<title>Kast terningen i spennende online craps: Vinn med hvert kast!<\/title>\n<meta name=\"description\" content=\"Opplev spenningen med online craps og rull deg frem til spennende gevinster! Delta i dette ikoniske terningspillet hjemmefra, hvor flaks og strategi krysses for en medrivende spillopplevelse. Bli med n\u00e5 for \u00e5 nyte handlingen, utfordre ferdighetene dine og oppdage potensialet for store bel\u00f8nninger med hvert terningkast.\" \/>\n<meta name=\"robots\" content=\"index, follow, max-snippet:-1, max-image-preview:large, max-video-preview:-1\" \/>\n<link rel=\"canonical\" href=\"https:\/\/slotsite.mediacle.net\/online-craps\/\" \/>\n<meta property=\"og:locale\" content=\"nb_NO\" \/>\n<meta property=\"og:type\" content=\"article\" \/>\n<meta property=\"og:title\" content=\"Kast terningen i spennende online craps: Vinn med hvert kast!\" \/>\n<meta property=\"og:description\" content=\"Opplev spenningen med online craps og rull deg frem til spennende gevinster! Delta i dette ikoniske terningspillet hjemmefra, hvor flaks og strategi krysses for en medrivende spillopplevelse. Bli med n\u00e5 for \u00e5 nyte handlingen, utfordre ferdighetene dine og oppdage potensialet for store bel\u00f8nninger med hvert terningkast.\" \/>\n<meta property=\"og:url\" content=\"https:\/\/slotsite.mediacle.net\/online-craps\/\" \/>\n<meta property=\"og:site_name\" content=\"Slotsite\" \/>\n<meta property=\"article:modified_time\" content=\"2023-08-31T09:59:46+00:00\" \/>\n<meta name=\"twitter:card\" content=\"summary_large_image\" \/>\n<meta name=\"twitter:label1\" content=\"Est. reading time\" \/>\n\t<meta name=\"twitter:data1\" content=\"5 minutes\" \/>\n<script type=\"application\/ld+json\" class=\"yoast-schema-graph\">{\"@context\":\"https:\/\/schema.org\",\"@graph\":[{\"@type\":\"WebPage\",\"@id\":\"https:\/\/slotsite.mediacle.net\/online-craps\/\",\"url\":\"https:\/\/slotsite.mediacle.net\/online-craps\/\",\"name\":\"Roll the Dice in Exciting Online Craps: Win with Every Throw!\",\"isPartOf\":{\"@id\":\"https:\/\/slotsite.mediacle.net\/#website\"},\"datePublished\":\"2023-07-10T06:43:18+00:00\",\"dateModified\":\"2023-08-31T09:59:46+00:00\",\"description\":\"Experience the thrill of online craps and roll your way to exciting wins! Engage in this iconic dice game from the comfort of your home, where luck and strategy intersect for a riveting gaming experience.\",\"breadcrumb\":{\"@id\":\"https:\/\/slotsite.mediacle.net\/online-craps\/#breadcrumb\"},\"inLanguage\":\"nb-NO\",\"potentialAction\":[{\"@type\":\"ReadAction\",\"target\":[\"https:\/\/slotsite.mediacle.net\/online-craps\/\"]}]},{\"@type\":\"BreadcrumbList\",\"@id\":\"https:\/\/slotsite.mediacle.net\/online-craps\/#breadcrumb\",\"itemListElement\":[{\"@type\":\"ListItem\",\"position\":1,\"name\":\"Home\",\"item\":\"https:\/\/slotsite.mediacle.net\/\"},{\"@type\":\"ListItem\",\"position\":2,\"name\":\"Online Craps Games\"}]},{\"@type\":\"WebSite\",\"@id\":\"https:\/\/slotsite.mediacle.net\/#website\",\"url\":\"https:\/\/slotsite.mediacle.net\/\",\"name\":\"Slotsite\",\"description\":\"\",\"potentialAction\":[{\"@type\":\"SearchAction\",\"target\":{\"@type\":\"EntryPoint\",\"urlTemplate\":\"https:\/\/slotsite.mediacle.net\/?s={search_term_string}\"},\"query-input\":\"required name=search_term_string\"}],\"inLanguage\":\"nb-NO\"}]}<\/script>\n<!-- \/ Yoast SEO plugin. -->","yoast_head_json":{"title":"Kast terningen i spennende online craps: Vinn med hvert kast!","description":"Opplev spenningen med online craps og rull deg frem til spennende gevinster! Delta i dette ikoniske terningspillet hjemmefra, hvor flaks og strategi krysses for en medrivende spillopplevelse. Bli med n\u00e5 for \u00e5 nyte handlingen, utfordre ferdighetene dine og oppdage potensialet for store bel\u00f8nninger med hvert terningkast.","robots":{"index":"index","follow":"follow","max-snippet":"max-snippet:-1","max-image-preview":"max-image-preview:large","max-video-preview":"max-video-preview:-1"},"canonical":"https:\/\/slotsite.mediacle.net\/online-craps\/","og_locale":"nb_NO","og_type":"article","og_title":"Kast terningen i spennende online craps: Vinn med hvert kast!","og_description":"Opplev spenningen med online craps og rull deg frem til spennende gevinster! Delta i dette ikoniske terningspillet hjemmefra, hvor flaks og strategi krysses for en medrivende spillopplevelse. Bli med n\u00e5 for \u00e5 nyte handlingen, utfordre ferdighetene dine og oppdage potensialet for store bel\u00f8nninger med hvert terningkast.","og_url":"https:\/\/slotsite.mediacle.net\/online-craps\/","og_site_name":"Slotsite","article_modified_time":"2023-08-31T09:59:46+00:00","twitter_card":"summary_large_image","twitter_misc":{"Est. reading time":"5 minutes"},"schema":{"@context":"https:\/\/schema.org","@graph":[{"@type":"WebPage","@id":"https:\/\/slotsite.mediacle.net\/online-craps\/","url":"https:\/\/slotsite.mediacle.net\/online-craps\/","name":"Roll the Dice in Exciting Online Craps: Win with Every Throw!","isPartOf":{"@id":"https:\/\/slotsite.mediacle.net\/#website"},"datePublished":"2023-07-10T06:43:18+00:00","dateModified":"2023-08-31T09:59:46+00:00","description":"Experience the thrill of online craps and roll your way to exciting wins! Engage in this iconic dice game from the comfort of your home, where luck and strategy intersect for a riveting gaming experience.","breadcrumb":{"@id":"https:\/\/slotsite.mediacle.net\/online-craps\/#breadcrumb"},"inLanguage":"nb-NO","potentialAction":[{"@type":"ReadAction","target":["https:\/\/slotsite.mediacle.net\/online-craps\/"]}]},{"@type":"BreadcrumbList","@id":"https:\/\/slotsite.mediacle.net\/online-craps\/#breadcrumb","itemListElement":[{"@type":"ListItem","position":1,"name":"Home","item":"https:\/\/slotsite.mediacle.net\/"},{"@type":"ListItem","position":2,"name":"Online Craps Games"}]},{"@type":"WebSite","@id":"https:\/\/slotsite.mediacle.net\/#website","url":"https:\/\/slotsite.mediacle.net\/","name":"Slotsite","description":"","potentialAction":[{"@type":"SearchAction","target":{"@type":"EntryPoint","urlTemplate":"https:\/\/slotsite.mediacle.net\/?s={search_term_string}"},"query-input":"required name=search_term_string"}],"inLanguage":"nb-NO"}]}},"_links":{"self":[{"href":"https:\/\/slotsite.mediacle.net\/no\/wp-json\/wp\/v2\/pages\/194","targetHints":{"allow":["GET"]}}],"collection":[{"href":"https:\/\/slotsite.mediacle.net\/no\/wp-json\/wp\/v2\/pages"}],"about":[{"href":"https:\/\/slotsite.mediacle.net\/no\/wp-json\/wp\/v2\/types\/page"}],"author":[{"embeddable":true,"href":"https:\/\/slotsite.mediacle.net\/no\/wp-json\/wp\/v2\/users\/1"}],"replies":[{"embeddable":true,"href":"https:\/\/slotsite.mediacle.net\/no\/wp-json\/wp\/v2\/comments?post=194"}],"version-history":[{"count":27,"href":"https:\/\/slotsite.mediacle.net\/no\/wp-json\/wp\/v2\/pages\/194\/revisions"}],"predecessor-version":[{"id":2359,"href":"https:\/\/slotsite.mediacle.net\/no\/wp-json\/wp\/v2\/pages\/194\/revisions\/2359"}],"wp:attachment":[{"href":"https:\/\/slotsite.mediacle.net\/no\/wp-json\/wp\/v2\/media?parent=194"}],"curies":[{"name":"wp","href":"https:\/\/api.w.org\/{rel}","templated":true}]}}