{"id":195,"date":"2023-07-10T06:43:45","date_gmt":"2023-07-10T06:43:45","guid":{"rendered":"https:\/\/slotsite.mediacle.net\/?page_id=195"},"modified":"2023-08-24T11:21:09","modified_gmt":"2023-08-24T11:21:09","slug":"bingo-games","status":"publish","type":"page","link":"https:\/\/slotsite.mediacle.net\/no\/bingospill\/","title":{"rendered":"Bingospill p\u00e5 nettet"},"content":{"rendered":"<h2 style=\"text-align: justify;\"><strong>Kos deg med bingospill p\u00e5 SlotSite.com Casino!<\/strong><\/h2>\n<p style=\"text-align: justify;\">Hvis du er p\u00e5 utkikk etter et spill som kombinerer moro og sjansen til \u00e5 vinne stort, er nettbingo det perfekte valget. Bingo har en lang og fascinerende historie som g\u00e5r flere hundre \u00e5r tilbake i tid. Spillet vi kjenner og elsker i dag har utviklet seg fra en sped begynnelse til \u00e5 bli et globalt fenomen. La oss ta en reise i tiden og utforske bingoens fascinerende historie:<\/p>\n<h3 style=\"text-align: justify;\"><strong>Tidlig opprinnelse:<\/strong><\/h3>\n<p style=\"text-align: justify;\">Opprinnelsen til bingo kan spores tilbake til 1500-tallet. Det antas \u00e5 ha sin opprinnelse i Italia, der et lotterilignende spill kalt &#8220;Lo Giuoco del Lotto d&#8217;Italia&#8221; var sv\u00e6rt popul\u00e6rt. Spillet gikk ut p\u00e5 at spillerne skulle matche tallene p\u00e5 kortene sine med tallene som ble trukket ut av spilloperat\u00f8ren.<\/p>\n<h3 style=\"text-align: justify;\"><strong>Ankomst til Amerika:<\/strong><\/h3>\n<p style=\"text-align: justify;\">Bingo kom til USA p\u00e5 begynnelsen av 1900-tallet. Spillet het opprinnelig &#8220;Beano&#8221; og ble spilt p\u00e5 markeder og karneval. Spillerne markerte tall p\u00e5 kortene sine med b\u00f8nner, derav navnet &#8220;Beano&#8221;.<\/p>\n<h3 style=\"text-align: justify;\"><strong>Bingoens f\u00f8dsel:<\/strong><\/h3>\n<p style=\"text-align: justify;\">I 1929 ble Edwin S. Lowe, en leket\u00f8yselger, vitne til et Beano-spill p\u00e5 et karneval i n\u00e6rheten av Atlanta i Georgia. Inspirert av spenningen og potensialet i spillet, introduserte Lowe det for vennene sine og modifiserte det litt. Under et spill ble en spiller s\u00e5 begeistret for \u00e5 vinne at hun ved en feil ropte &#8220;Bingo&#8221; i stedet for &#8220;Beano&#8221;. Denne tilfeldige feilen ga opphav til navnet vi kjenner i dag.<\/p>\n<h3 style=\"text-align: justify;\"><strong>Teknologiske fremskritt:<\/strong><\/h3>\n<p style=\"text-align: justify;\">Med internett og fremveksten av onlinespill opplevde bingo en digital revolusjon. Nettplattformen gjorde det mulig for spillere \u00e5 spille bingo hjemmefra. Den praktiske og tilgjengelige online-bingoen har gjort spillet tilgjengelig for spillere over hele verden.<\/p>\n<h3 style=\"text-align: justify;\"><strong>Utvalgt Bingo Jackpot-spilleautomat:<\/strong><\/h3>\n<p style=\"text-align: justify;\">G\u00e5 inn i My Bingo Hall Jackpot, et spill fra den anerkjente leverand\u00f8ren Eyecon, som fanger essensen av tradisjonelt bingospill, men som ogs\u00e5 utbetaler jackpotpremier! Med fem hjul, tre rader og 25 justerbare gevinstlinjer byr dette spillet p\u00e5 en spillopplevelse som kan tilpasses og engasjerer. Nyt nostalgien fra bingosamtalene med ti vanlige symboler, inkludert fanfavoritter som &#8220;Two Fat Ladies 88&#8221; og &#8220;Legs Eleven 11&#8221;. Hold utkikk etter spesialsymbolene, som for eksempel wild-symbolet med bingoblokken og scatter-symbolet med bingoropet, som kan utl\u00f8se spennende bonusfunksjoner og \u00f8ke gevinstpotensialet ditt. Hvis du f\u00e5r tre, fire eller fem bingoringer som scatter-symboler, utl\u00f8ses henholdsvis 15, 20 eller 25 gratisspinn. I l\u00f8pet av gratisspinnene tredobles alle linjegevinster, noe som \u00f8ker sjansene dine for \u00e5 vinne store gevinster. Hold utkikk etter bingo call sheet wilds, da de erstatter alle symboler unntatt scatter-symbolene. Ikke bare bidrar de til \u00e5 skape vinnerkombinasjoner, men de dobler ogs\u00e5 gevinstene dine n\u00e5r de bidrar til en vinnende linje. Med muligheten til \u00e5 aktivere opptil 15 gratisspinn p\u00e5 nytt, er spenningen og gevinstene i My Bingo Hall Jackpot uendelige!<\/p>\n<h3 style=\"text-align: justify;\"><strong>75-ball-bingo p\u00e5 nettet<\/strong><\/h3>\n<p style=\"text-align: justify;\">75-ball-bingo er en popul\u00e6r variant av det klassiske spillet som spilles p\u00e5 nettet. I denne versjonen trekkes 40 tall fra 71 i et 5&#215;5-rutenett med 24 nummererte ruter og en ledig plass i midten. En spiller kan spille opptil 6 lodd som hver inneholder 24 tilfeldig valgte tall. M\u00e5let er \u00e5 krysse av tall p\u00e5 kortet etter hvert som de ropes opp av systemet. Spillet byr p\u00e5 ulike vinnerm\u00f8nstre, som linjer, diagonaler og former, noe som gj\u00f8r hver runde ekstra spennende. 75-ball-bingo byr p\u00e5 en morsom og engasjerende opplevelse for nettspillere, med sitt raske spilltempo, ulike m\u00f8nstre og utbetalinger.<\/p>\n<h3 style=\"text-align: justify;\"><strong>Nettbingo med 90 baller<\/strong><\/h3>\n<p style=\"text-align: justify;\">90-ball bingo bringer spenning til spillentusiaster p\u00e5 nettet. Med en 3&#215;5-brikke og et 9&#215;9-rutenett med nummererte brikker f\u00e5r spillerne et bredt spekter av vinnermuligheter. M\u00e5let med spillet er \u00e5 matche tre eller flere identiske brikker for \u00e5 danne en vinnerkombinasjon og f\u00e5 en kontantbel\u00f8nning. Etter hvert som spillet skrider frem, ropes det opp tilfeldig valgte tall som gradvis avsl\u00f8rer de 90 brikkene. Spenningen stiger etter hvert som spillerne krysser av tallene sine i h\u00e5p om \u00e5 fullf\u00f8re en rekke, to rekker eller oppn\u00e5 &#8220;full house&#8221; ved \u00e5 krysse av alle tallene p\u00e5 kortet sitt. N\u00e5r alle 90 tall er ropt opp, avsluttes spillet, og eventuelle vinnerkombinasjoner utbetales. For \u00e5 gj\u00f8re spillet enda mer spennende inneholder 90-ball-bingo ofte sidespill eller bonusrunder, der spillerne har mulighet til \u00e5 vinne ekstra pengepremier. Gj\u00f8r deg klar for spenningen i 90-ballers bingo, der hver runde gir mulighet for store gevinster!<\/p>\n<h3 style=\"text-align: justify;\"><strong>Bli medlem p\u00e5 SlotSite.com i dag for \u00e5 tjene bel\u00f8nninger.<\/strong><\/h3>\n<p style=\"text-align: justify;\">For \u00e5 komme i gang med bingospillingen er det enkelt \u00e5 registrere seg. Bare klikk p\u00e5 &#8220;Registrer deg&#8221;-knappen og fyll ut registreringsskjemaet med opplysningene dine. N\u00e5r kontoen din er verifisert, kan du gj\u00f8re et innskudd, motta velkomstbonusen og spille bingo p\u00e5 nettet. Registrer deg i dag og gj\u00f8r deg klar til \u00e5 rope &#8220;Bingo!&#8221;. Husk alltid \u00e5 kjenne og sette dine egne grenser. Spill ansvarlig. Spilling kan v\u00e6re avhengighetsskapende.<\/p>\n","protected":false},"excerpt":{"rendered":"<p>Kos deg med bingospill p\u00e5 SlotSite.com Casino! Hvis du er p\u00e5 utkikk etter et spill som kombinerer moro og sjansen til \u00e5 vinne stort, er nettbingo det perfekte valget. Bingo har en lang og fascinerende historie som g\u00e5r flere hundre \u00e5r tilbake i tid. Spillet vi kjenner og elsker i dag har utviklet seg fra [&hellip;]<\/p>\n","protected":false},"author":1,"featured_media":0,"parent":0,"menu_order":0,"comment_status":"closed","ping_status":"closed","template":"templates\/category.php","meta":{"footnotes":""},"class_list":["post-195","page","type-page","status-publish","hentry"],"translation":{"provider":"WPGlobus","version":"2.12.2","language":"no","enabled_languages":["en","ca","fi","no","ja","es","pt","qc","gb","ir","nz","sa","in"],"languages":{"en":{"title":true,"content":true,"excerpt":false},"ca":{"title":true,"content":true,"excerpt":false},"fi":{"title":true,"content":false,"excerpt":false},"no":{"title":true,"content":true,"excerpt":false},"ja":{"title":false,"content":false,"excerpt":false},"es":{"title":true,"content":true,"excerpt":false},"pt":{"title":true,"content":true,"excerpt":false},"qc":{"title":true,"content":true,"excerpt":false},"gb":{"title":true,"content":true,"excerpt":false},"ir":{"title":false,"content":false,"excerpt":false},"nz":{"title":false,"content":false,"excerpt":false},"sa":{"title":false,"content":false,"excerpt":false},"in":{"title":true,"content":true,"excerpt":false}}},"acf":[],"yoast_head":"<!-- This site is optimized with the Yoast SEO plugin v20.11 - https:\/\/yoast.com\/wordpress\/plugins\/seo\/ -->\n<title>Gj\u00f8r deg klar til \u00e5 rope &#039;Bingo!&#039;: Spill morsomme og givende bingospill her!<\/title>\n<meta name=\"description\" content=\"Bli med p\u00e5 spenningen til bingospill p\u00e5 plattformen v\u00e5r og merk av disse tallene for spennende gevinster! Utforsk en rekke bingorom, samhandle med medspillere og nyt det sosiale aspektet ved dette klassiske spillet. Spill n\u00e5 for \u00e5 oppleve forventningene og potensielle bel\u00f8nningene til v\u00e5re engasjerende bingospill.&quot;\" \/>\n<meta name=\"robots\" content=\"index, follow, max-snippet:-1, max-image-preview:large, max-video-preview:-1\" \/>\n<link rel=\"canonical\" href=\"https:\/\/slotsite.mediacle.net\/bingo-games\/\" \/>\n<meta property=\"og:locale\" content=\"nb_NO\" \/>\n<meta property=\"og:type\" content=\"article\" \/>\n<meta property=\"og:title\" content=\"Gj\u00f8r deg klar til \u00e5 rope &#039;Bingo!&#039;: Spill morsomme og givende bingospill her!\" \/>\n<meta property=\"og:description\" content=\"Bli med p\u00e5 spenningen til bingospill p\u00e5 plattformen v\u00e5r og merk av disse tallene for spennende gevinster! Utforsk en rekke bingorom, samhandle med medspillere og nyt det sosiale aspektet ved dette klassiske spillet. Spill n\u00e5 for \u00e5 oppleve forventningene og potensielle bel\u00f8nningene til v\u00e5re engasjerende bingospill.&quot;\" \/>\n<meta property=\"og:url\" content=\"https:\/\/slotsite.mediacle.net\/bingo-games\/\" \/>\n<meta property=\"og:site_name\" content=\"Slotsite\" \/>\n<meta property=\"article:modified_time\" content=\"2023-08-24T11:21:09+00:00\" \/>\n<meta name=\"twitter:card\" content=\"summary_large_image\" \/>\n<meta name=\"twitter:label1\" content=\"Est. reading time\" \/>\n\t<meta name=\"twitter:data1\" content=\"4 minutes\" \/>\n<script type=\"application\/ld+json\" class=\"yoast-schema-graph\">{\"@context\":\"https:\/\/schema.org\",\"@graph\":[{\"@type\":\"WebPage\",\"@id\":\"https:\/\/slotsite.mediacle.net\/bingo-games\/\",\"url\":\"https:\/\/slotsite.mediacle.net\/bingo-games\/\",\"name\":\"Gj\u00f8r deg klar til \u00e5 rope 'Bingo!': Spill morsomme og givende bingospill her!\",\"isPartOf\":{\"@id\":\"https:\/\/slotsite.mediacle.net\/#website\"},\"datePublished\":\"2023-07-10T06:43:45+00:00\",\"dateModified\":\"2023-08-24T11:21:09+00:00\",\"description\":\"Bli med p\u00e5 spenningen til bingospill p\u00e5 plattformen v\u00e5r og merk av disse tallene for spennende gevinster! Utforsk en rekke bingorom, samhandle med medspillere og nyt det sosiale aspektet ved dette klassiske spillet. Spill n\u00e5 for \u00e5 oppleve forventningene og potensielle bel\u00f8nningene til v\u00e5re engasjerende bingospill.\\\"\",\"breadcrumb\":{\"@id\":\"https:\/\/slotsite.mediacle.net\/bingo-games\/#breadcrumb\"},\"inLanguage\":\"nb-NO\",\"potentialAction\":[{\"@type\":\"ReadAction\",\"target\":[\"https:\/\/slotsite.mediacle.net\/bingo-games\/\"]}]},{\"@type\":\"BreadcrumbList\",\"@id\":\"https:\/\/slotsite.mediacle.net\/bingo-games\/#breadcrumb\",\"itemListElement\":[{\"@type\":\"ListItem\",\"position\":1,\"name\":\"Home\",\"item\":\"https:\/\/slotsite.mediacle.net\/\"},{\"@type\":\"ListItem\",\"position\":2,\"name\":\"Bingo Games\"}]},{\"@type\":\"WebSite\",\"@id\":\"https:\/\/slotsite.mediacle.net\/#website\",\"url\":\"https:\/\/slotsite.mediacle.net\/\",\"name\":\"Slotsite\",\"description\":\"\",\"potentialAction\":[{\"@type\":\"SearchAction\",\"target\":{\"@type\":\"EntryPoint\",\"urlTemplate\":\"https:\/\/slotsite.mediacle.net\/?s={search_term_string}\"},\"query-input\":\"required name=search_term_string\"}],\"inLanguage\":\"nb-NO\"}]}<\/script>\n<!-- \/ Yoast SEO plugin. -->","yoast_head_json":{"title":"Gj\u00f8r deg klar til \u00e5 rope 'Bingo!': Spill morsomme og givende bingospill her!","description":"Bli med p\u00e5 spenningen til bingospill p\u00e5 plattformen v\u00e5r og merk av disse tallene for spennende gevinster! Utforsk en rekke bingorom, samhandle med medspillere og nyt det sosiale aspektet ved dette klassiske spillet. Spill n\u00e5 for \u00e5 oppleve forventningene og potensielle bel\u00f8nningene til v\u00e5re engasjerende bingospill.\"","robots":{"index":"index","follow":"follow","max-snippet":"max-snippet:-1","max-image-preview":"max-image-preview:large","max-video-preview":"max-video-preview:-1"},"canonical":"https:\/\/slotsite.mediacle.net\/bingo-games\/","og_locale":"nb_NO","og_type":"article","og_title":"Gj\u00f8r deg klar til \u00e5 rope 'Bingo!': Spill morsomme og givende bingospill her!","og_description":"Bli med p\u00e5 spenningen til bingospill p\u00e5 plattformen v\u00e5r og merk av disse tallene for spennende gevinster! Utforsk en rekke bingorom, samhandle med medspillere og nyt det sosiale aspektet ved dette klassiske spillet. Spill n\u00e5 for \u00e5 oppleve forventningene og potensielle bel\u00f8nningene til v\u00e5re engasjerende bingospill.\"","og_url":"https:\/\/slotsite.mediacle.net\/bingo-games\/","og_site_name":"Slotsite","article_modified_time":"2023-08-24T11:21:09+00:00","twitter_card":"summary_large_image","twitter_misc":{"Est. reading time":"4 minutes"},"schema":{"@context":"https:\/\/schema.org","@graph":[{"@type":"WebPage","@id":"https:\/\/slotsite.mediacle.net\/bingo-games\/","url":"https:\/\/slotsite.mediacle.net\/bingo-games\/","name":"Gj\u00f8r deg klar til \u00e5 rope 'Bingo!': Spill morsomme og givende bingospill her!","isPartOf":{"@id":"https:\/\/slotsite.mediacle.net\/#website"},"datePublished":"2023-07-10T06:43:45+00:00","dateModified":"2023-08-24T11:21:09+00:00","description":"Bli med p\u00e5 spenningen til bingospill p\u00e5 plattformen v\u00e5r og merk av disse tallene for spennende gevinster! Utforsk en rekke bingorom, samhandle med medspillere og nyt det sosiale aspektet ved dette klassiske spillet. Spill n\u00e5 for \u00e5 oppleve forventningene og potensielle bel\u00f8nningene til v\u00e5re engasjerende bingospill.\"","breadcrumb":{"@id":"https:\/\/slotsite.mediacle.net\/bingo-games\/#breadcrumb"},"inLanguage":"nb-NO","potentialAction":[{"@type":"ReadAction","target":["https:\/\/slotsite.mediacle.net\/bingo-games\/"]}]},{"@type":"BreadcrumbList","@id":"https:\/\/slotsite.mediacle.net\/bingo-games\/#breadcrumb","itemListElement":[{"@type":"ListItem","position":1,"name":"Home","item":"https:\/\/slotsite.mediacle.net\/"},{"@type":"ListItem","position":2,"name":"Bingo Games"}]},{"@type":"WebSite","@id":"https:\/\/slotsite.mediacle.net\/#website","url":"https:\/\/slotsite.mediacle.net\/","name":"Slotsite","description":"","potentialAction":[{"@type":"SearchAction","target":{"@type":"EntryPoint","urlTemplate":"https:\/\/slotsite.mediacle.net\/?s={search_term_string}"},"query-input":"required name=search_term_string"}],"inLanguage":"nb-NO"}]}},"_links":{"self":[{"href":"https:\/\/slotsite.mediacle.net\/no\/wp-json\/wp\/v2\/pages\/195","targetHints":{"allow":["GET"]}}],"collection":[{"href":"https:\/\/slotsite.mediacle.net\/no\/wp-json\/wp\/v2\/pages"}],"about":[{"href":"https:\/\/slotsite.mediacle.net\/no\/wp-json\/wp\/v2\/types\/page"}],"author":[{"embeddable":true,"href":"https:\/\/slotsite.mediacle.net\/no\/wp-json\/wp\/v2\/users\/1"}],"replies":[{"embeddable":true,"href":"https:\/\/slotsite.mediacle.net\/no\/wp-json\/wp\/v2\/comments?post=195"}],"version-history":[{"count":20,"href":"https:\/\/slotsite.mediacle.net\/no\/wp-json\/wp\/v2\/pages\/195\/revisions"}],"predecessor-version":[{"id":2173,"href":"https:\/\/slotsite.mediacle.net\/no\/wp-json\/wp\/v2\/pages\/195\/revisions\/2173"}],"wp:attachment":[{"href":"https:\/\/slotsite.mediacle.net\/no\/wp-json\/wp\/v2\/media?parent=195"}],"curies":[{"name":"wp","href":"https:\/\/api.w.org\/{rel}","templated":true}]}}