{"id":199,"date":"2023-07-10T06:44:39","date_gmt":"2023-07-10T06:44:39","guid":{"rendered":"https:\/\/slotsite.mediacle.net\/?page_id=199"},"modified":"2023-08-31T10:11:35","modified_gmt":"2023-08-31T10:11:35","slug":"keno-games","status":"publish","type":"page","link":"https:\/\/slotsite.mediacle.net\/no\/keno-spill\/","title":{"rendered":"Keno-spill p\u00e5 nettet"},"content":{"rendered":"<h2 style=\"text-align: justify;\"><strong>Keno: Avsl\u00f8r det eldgamle sjansespillet p\u00e5 SlotSite.com Casino<\/strong><\/h2>\n<p style=\"text-align: justify;\">Velkommen til en fortryllende verden av Keno, et fengslende lotterispill som har best\u00e5tt tidens tann og fortsetter \u00e5 begeistre spillere over hele verden. Keno har dype r\u00f8tter i det gamle Kina og har en fascinerende historie som strekker seg over to \u00e5rtusener. If\u00f8lge legenden spilte spillet en avgj\u00f8rende rolle i finansieringen av byggingen av den kinesiske mur. Etter hvert som \u00e5rhundrene gikk, fant Keno veien til ulike deler av verden, tilpasset seg ulike kulturelle p\u00e5virkninger og utviklet seg til forskjellige former.<\/p>\n<p style=\"text-align: justify;\">I sin tidligste form gikk Keno ut p\u00e5 \u00e5 velge tegn fra kinesiske dikt i stedet for tall. Disse tegnene ble s\u00e5 trukket fra en stor pulje, og spillerne markerte sine valg p\u00e5 et kort. Da spillet n\u00e5dde andre regioner i Vesten i l\u00f8pet av 1700-tallet, ble det endret, og tallene erstattet tegnene. Keno ble raskt popul\u00e6rt, s\u00e6rlig i pengeselskaper, der det var et godt alternativ til tradisjonelle kasinospill.<\/p>\n<p style=\"text-align: justify;\">I dag, takket v\u00e6re nettcasinoenes store popularitet, har Keno funnet et nytt hjem i den digitale verden. Hos SlotSite.com Casino er vi stolte av \u00e5 kunne presentere ulike varianter av Keno-spill p\u00e5 nettet, noe som gir deg spenningen og potensialet til fingerspissene.<\/p>\n<h3 style=\"text-align: justify;\"><strong>Hvordan spiller man Keno og hva er reglene?<\/strong><\/h3>\n<p style=\"text-align: justify;\">Keno er et lotterilignende spill som er enkelt \u00e5 spille og som byr p\u00e5 store gevinster. Her er en trinnvis guide til hvordan du spiller Keno:<\/p>\n<p style=\"text-align: justify;\">Velg tallene dine: I Keno velger spillerne et sett med tall fra et forh\u00e5ndsbestemt utvalg, vanligvis fra 1 til 80. Antall valgte tall kan variere, vanligvis mellom 1 og 20, avhengig av det spesifikke spillet.<\/p>\n<p style=\"text-align: justify;\">Plasser innsatsene dine: Bestem hvor mye du vil satse p\u00e5 hvert spill. Bel\u00f8pet du satser vil avgj\u00f8re de potensielle utbetalingene hvis tallene dine trekkes.<\/p>\n<p style=\"text-align: justify;\">F\u00f8lg med p\u00e5 trekningen: N\u00e5r du har valgt tall og plassert innsatsen din, begynner spillet. Tallene trekkes tilfeldig ved hjelp av en tilfeldig tallgenerator (RNG) eller andre sertifiserte metoder. I tradisjonell Keno trekkes nummererte baller fra en glassboble, mens online Keno bruker digital teknologi for \u00e5 sikre en rettferdig og tilfeldig trekning.<\/p>\n<p style=\"text-align: justify;\">Sammenlign de trekkede tallene med det du har valgt: Etter hvert som tallene trekkes, m\u00e5 du sammenligne dem med tallene du har valgt. Jo flere tall du matcher, desto h\u00f8yere blir den potensielle utbetalingen.<\/p>\n<p style=\"text-align: justify;\">Hente ut gevinstene dine: Hvis tallene dine stemmer overens med de trekkede tallene, vinner du i henhold til utbetalingstabellen for det spesifikke Keno-spillet. Utbetalingene varierer avhengig av antall treff og st\u00f8rrelsen p\u00e5 innsatsen din. Forskjellige tallkombinasjoner gir forskjellige gevinster, med h\u00f8yere utbetalinger for flere treff.<\/p>\n<h3 style=\"text-align: justify;\"><strong>Keno-regler:<\/strong><\/h3>\n<p style=\"text-align: justify;\">Valg av nummer: Velg tall fra det tilgjengelige tallutvalget, vanligvis 1 til 80. Antall valgte tall vil avhenge av det spesifikke Keno-spillet.<\/p>\n<p style=\"text-align: justify;\">Spill: Plasser \u00f8nsket innsats p\u00e5 hvert spill. Bel\u00f8pet du satser vil p\u00e5virke de potensielle utbetalingene.<\/p>\n<p style=\"text-align: justify;\">Utbetalinger: Utbetalingene er basert p\u00e5 antall treff mellom dine valgte tall og de trekkede tallene. Jo flere tall du treffer, desto st\u00f8rre er den potensielle gevinsten.<\/p>\n<p style=\"text-align: justify;\">Utbetalingstabell: Hvert Keno-spill har sin egen unike utbetalingstabell som viser utbetalingene for ulike tallkombinasjoner. Konsulter utbetalingstabellen for \u00e5 forst\u00e5 de potensielle gevinstene for innsatsene dine.<\/p>\n<p style=\"text-align: justify;\">Tilfeldighet og rettferdighet: Keno-spill bruker RNG-teknologi eller sertifiserte metoder for \u00e5 sikre rettferdighet og tilfeldighet i talltrekningene, noe som gir en upartisk spillopplevelse.<\/p>\n<p style=\"text-align: justify;\">N\u00e5 som du har en bedre forst\u00e5else av hvordan du spiller Keno og hvilke regler som gjelder, kan du bli medlem hos SlotSite.com og f\u00e5 bel\u00f8nningspoeng mens du spiller! \u00a0Vi tilbyr en rekke ulike varianter av Keno-spill som passer til enhver spillers preferanser. Fra klassisk Keno til nyskapende varianter av spillet, plasser innsatsene dine hos oss og kryss fingrene. Husk alltid \u00e5 kjenne til og sette dine egne grenser. Spill ansvarlig. Gambling kan v\u00e6re avhengighetsskapende.<\/p>\n","protected":false},"excerpt":{"rendered":"<p>Keno: Avsl\u00f8r det eldgamle sjansespillet p\u00e5 SlotSite.com Casino Velkommen til en fortryllende verden av Keno, et fengslende lotterispill som har best\u00e5tt tidens tann og fortsetter \u00e5 begeistre spillere over hele verden. Keno har dype r\u00f8tter i det gamle Kina og har en fascinerende historie som strekker seg over to \u00e5rtusener. If\u00f8lge legenden spilte spillet en [&hellip;]<\/p>\n","protected":false},"author":1,"featured_media":0,"parent":0,"menu_order":0,"comment_status":"closed","ping_status":"closed","template":"templates\/category.php","meta":{"footnotes":""},"class_list":["post-199","page","type-page","status-publish","hentry"],"translation":{"provider":"WPGlobus","version":"2.12.2","language":"no","enabled_languages":["en","ca","fi","no","ja","es","pt","qc","gb","ir","nz","sa","in"],"languages":{"en":{"title":true,"content":true,"excerpt":false},"ca":{"title":true,"content":true,"excerpt":false},"fi":{"title":true,"content":true,"excerpt":false},"no":{"title":true,"content":true,"excerpt":false},"ja":{"title":true,"content":true,"excerpt":false},"es":{"title":true,"content":true,"excerpt":false},"pt":{"title":true,"content":true,"excerpt":false},"qc":{"title":true,"content":true,"excerpt":false},"gb":{"title":true,"content":true,"excerpt":false},"ir":{"title":false,"content":false,"excerpt":false},"nz":{"title":false,"content":false,"excerpt":false},"sa":{"title":false,"content":false,"excerpt":false},"in":{"title":true,"content":true,"excerpt":false}}},"acf":[],"yoast_head":"<!-- This site is optimized with the Yoast SEO plugin v20.11 - https:\/\/yoast.com\/wordpress\/plugins\/seo\/ -->\n<title>Pr\u00f8v lykken med engasjerende Keno-spill: Spill og vinn i dag!<\/title>\n<meta name=\"description\" content=\"Opplev spenningen med Keno-spill p\u00e5 v\u00e5r plattform, der flaks og strategi kombineres for spennende gevinster. Velg tallene dine, se trekningen og se om du treffer jackpotten. Bli med n\u00e5 for \u00e5 nyte forventningen, delta i dette klassiske spillet, og potensielt vinne stort i v\u00e5re fengslende Keno-spill.\" \/>\n<meta name=\"robots\" content=\"index, follow, max-snippet:-1, max-image-preview:large, max-video-preview:-1\" \/>\n<link rel=\"canonical\" href=\"https:\/\/slotsite.mediacle.net\/keno-games\/\" \/>\n<meta property=\"og:locale\" content=\"nb_NO\" \/>\n<meta property=\"og:type\" content=\"article\" \/>\n<meta property=\"og:title\" content=\"Pr\u00f8v lykken med engasjerende Keno-spill: Spill og vinn i dag!\" \/>\n<meta property=\"og:description\" content=\"Opplev spenningen med Keno-spill p\u00e5 v\u00e5r plattform, der flaks og strategi kombineres for spennende gevinster. Velg tallene dine, se trekningen og se om du treffer jackpotten. Bli med n\u00e5 for \u00e5 nyte forventningen, delta i dette klassiske spillet, og potensielt vinne stort i v\u00e5re fengslende Keno-spill.\" \/>\n<meta property=\"og:url\" content=\"https:\/\/slotsite.mediacle.net\/keno-games\/\" \/>\n<meta property=\"og:site_name\" content=\"Slotsite\" \/>\n<meta property=\"article:modified_time\" content=\"2023-08-31T10:11:35+00:00\" \/>\n<meta name=\"twitter:card\" content=\"summary_large_image\" \/>\n<meta name=\"twitter:label1\" content=\"Est. reading time\" \/>\n\t<meta name=\"twitter:data1\" content=\"3 minutes\" \/>\n<script type=\"application\/ld+json\" class=\"yoast-schema-graph\">{\"@context\":\"https:\/\/schema.org\",\"@graph\":[{\"@type\":\"WebPage\",\"@id\":\"https:\/\/slotsite.mediacle.net\/keno-games\/\",\"url\":\"https:\/\/slotsite.mediacle.net\/keno-games\/\",\"name\":\"Try Your Luck with Engaging Keno Games: Play and Win Today!\",\"isPartOf\":{\"@id\":\"https:\/\/slotsite.mediacle.net\/#website\"},\"datePublished\":\"2023-07-10T06:44:39+00:00\",\"dateModified\":\"2023-08-31T10:11:35+00:00\",\"description\":\"Experience the thrill of Keno games on our platform, where luck and strategy combine for exciting wins. Choose your numbers, watch the draw, and see if you hit the jackpot.\",\"breadcrumb\":{\"@id\":\"https:\/\/slotsite.mediacle.net\/keno-games\/#breadcrumb\"},\"inLanguage\":\"nb-NO\",\"potentialAction\":[{\"@type\":\"ReadAction\",\"target\":[\"https:\/\/slotsite.mediacle.net\/keno-games\/\"]}]},{\"@type\":\"BreadcrumbList\",\"@id\":\"https:\/\/slotsite.mediacle.net\/keno-games\/#breadcrumb\",\"itemListElement\":[{\"@type\":\"ListItem\",\"position\":1,\"name\":\"Home\",\"item\":\"https:\/\/slotsite.mediacle.net\/\"},{\"@type\":\"ListItem\",\"position\":2,\"name\":\"Keno Games\"}]},{\"@type\":\"WebSite\",\"@id\":\"https:\/\/slotsite.mediacle.net\/#website\",\"url\":\"https:\/\/slotsite.mediacle.net\/\",\"name\":\"Slotsite\",\"description\":\"\",\"potentialAction\":[{\"@type\":\"SearchAction\",\"target\":{\"@type\":\"EntryPoint\",\"urlTemplate\":\"https:\/\/slotsite.mediacle.net\/?s={search_term_string}\"},\"query-input\":\"required name=search_term_string\"}],\"inLanguage\":\"nb-NO\"}]}<\/script>\n<!-- \/ Yoast SEO plugin. -->","yoast_head_json":{"title":"Pr\u00f8v lykken med engasjerende Keno-spill: Spill og vinn i dag!","description":"Opplev spenningen med Keno-spill p\u00e5 v\u00e5r plattform, der flaks og strategi kombineres for spennende gevinster. Velg tallene dine, se trekningen og se om du treffer jackpotten. Bli med n\u00e5 for \u00e5 nyte forventningen, delta i dette klassiske spillet, og potensielt vinne stort i v\u00e5re fengslende Keno-spill.","robots":{"index":"index","follow":"follow","max-snippet":"max-snippet:-1","max-image-preview":"max-image-preview:large","max-video-preview":"max-video-preview:-1"},"canonical":"https:\/\/slotsite.mediacle.net\/keno-games\/","og_locale":"nb_NO","og_type":"article","og_title":"Pr\u00f8v lykken med engasjerende Keno-spill: Spill og vinn i dag!","og_description":"Opplev spenningen med Keno-spill p\u00e5 v\u00e5r plattform, der flaks og strategi kombineres for spennende gevinster. Velg tallene dine, se trekningen og se om du treffer jackpotten. Bli med n\u00e5 for \u00e5 nyte forventningen, delta i dette klassiske spillet, og potensielt vinne stort i v\u00e5re fengslende Keno-spill.","og_url":"https:\/\/slotsite.mediacle.net\/keno-games\/","og_site_name":"Slotsite","article_modified_time":"2023-08-31T10:11:35+00:00","twitter_card":"summary_large_image","twitter_misc":{"Est. reading time":"3 minutes"},"schema":{"@context":"https:\/\/schema.org","@graph":[{"@type":"WebPage","@id":"https:\/\/slotsite.mediacle.net\/keno-games\/","url":"https:\/\/slotsite.mediacle.net\/keno-games\/","name":"Try Your Luck with Engaging Keno Games: Play and Win Today!","isPartOf":{"@id":"https:\/\/slotsite.mediacle.net\/#website"},"datePublished":"2023-07-10T06:44:39+00:00","dateModified":"2023-08-31T10:11:35+00:00","description":"Experience the thrill of Keno games on our platform, where luck and strategy combine for exciting wins. Choose your numbers, watch the draw, and see if you hit the jackpot.","breadcrumb":{"@id":"https:\/\/slotsite.mediacle.net\/keno-games\/#breadcrumb"},"inLanguage":"nb-NO","potentialAction":[{"@type":"ReadAction","target":["https:\/\/slotsite.mediacle.net\/keno-games\/"]}]},{"@type":"BreadcrumbList","@id":"https:\/\/slotsite.mediacle.net\/keno-games\/#breadcrumb","itemListElement":[{"@type":"ListItem","position":1,"name":"Home","item":"https:\/\/slotsite.mediacle.net\/"},{"@type":"ListItem","position":2,"name":"Keno Games"}]},{"@type":"WebSite","@id":"https:\/\/slotsite.mediacle.net\/#website","url":"https:\/\/slotsite.mediacle.net\/","name":"Slotsite","description":"","potentialAction":[{"@type":"SearchAction","target":{"@type":"EntryPoint","urlTemplate":"https:\/\/slotsite.mediacle.net\/?s={search_term_string}"},"query-input":"required name=search_term_string"}],"inLanguage":"nb-NO"}]}},"_links":{"self":[{"href":"https:\/\/slotsite.mediacle.net\/no\/wp-json\/wp\/v2\/pages\/199","targetHints":{"allow":["GET"]}}],"collection":[{"href":"https:\/\/slotsite.mediacle.net\/no\/wp-json\/wp\/v2\/pages"}],"about":[{"href":"https:\/\/slotsite.mediacle.net\/no\/wp-json\/wp\/v2\/types\/page"}],"author":[{"embeddable":true,"href":"https:\/\/slotsite.mediacle.net\/no\/wp-json\/wp\/v2\/users\/1"}],"replies":[{"embeddable":true,"href":"https:\/\/slotsite.mediacle.net\/no\/wp-json\/wp\/v2\/comments?post=199"}],"version-history":[{"count":44,"href":"https:\/\/slotsite.mediacle.net\/no\/wp-json\/wp\/v2\/pages\/199\/revisions"}],"predecessor-version":[{"id":2361,"href":"https:\/\/slotsite.mediacle.net\/no\/wp-json\/wp\/v2\/pages\/199\/revisions\/2361"}],"wp:attachment":[{"href":"https:\/\/slotsite.mediacle.net\/no\/wp-json\/wp\/v2\/media?parent=199"}],"curies":[{"name":"wp","href":"https:\/\/api.w.org\/{rel}","templated":true}]}}