{"id":201,"date":"2023-07-10T06:48:34","date_gmt":"2023-07-10T06:48:34","guid":{"rendered":"https:\/\/slotsite.mediacle.net\/?page_id=201"},"modified":"2023-08-31T07:19:01","modified_gmt":"2023-08-31T07:19:01","slug":"mobile-slots","status":"publish","type":"page","link":"https:\/\/slotsite.mediacle.net\/no\/mobil-spor\/","title":{"rendered":"Mobile spilleautomater"},"content":{"rendered":"<h2 style=\"text-align: justify;\"><strong>Elsker du komforten ved \u00e5 spille p\u00e5 mobilen? Oppdag de beste mobilautomatene p\u00e5 SlotSite.com Casino.<\/strong><\/h2>\n<p style=\"text-align: justify;\">Som du allerede vet, er spilleautomater v\u00e5r spesialitet! Med et imponerende utvalg av over 75 popul\u00e6re og p\u00e5litelige programvareleverand\u00f8rer tilbyr vi et ekstraordin\u00e6rt utvalg av spilleautomater for mobil som passer for alle preferanser. Alle spilleautomatene v\u00e5re er uavhengig lisensiert og grundig testet for \u00e5 sikre rettferdig spilling. Alle spillene bruker en sertifisert tilfeldig tallgenerator (RNG), noe som garanterer rettferdige og objektive resultater p\u00e5 hvert eneste spinn. Opplev den ultimate bekvemmeligheten med v\u00e5r optimaliserte plattform for mobil og nettbrett. Her f\u00e5r du lynrask hastighet og responsivt design som sikrer jevn og behagelig spilling p\u00e5 alle enheter. La oss dykke ned i universet av mobilautomater og utforske de ulike typene og kategoriene som venter p\u00e5 deg:<\/p>\n<h3 style=\"text-align: justify;\"><strong>Klassiske spilleautomater:<\/strong><\/h3>\n<p style=\"text-align: justify;\">Bli nostalgisk og nyt sjarmen til de klassiske spilleautomatene. Disse tidl\u00f8se spillene har tradisjonelle symboler som frukt, barer og lykkebringende syvere, og gir en velkjent, men spennende spillopplevelse. Nyt den enkle spillingen og fordyp deg i enkelheten og elegansen til disse elskede spilleautomatene.<\/p>\n<p style=\"text-align: justify;\">Tips: Hold utkikk etter spesielle symboler som kan \u00f8ke sjansene dine for \u00e5 vinne stort. Utforsk ogs\u00e5 klassiske spilleautomater med bonusrunder for ekstra spenning og potensielle gevinster.<\/p>\n<h3 style=\"text-align: justify;\"><strong>Fruit Slots:<\/strong><\/h3>\n<p style=\"text-align: justify;\">La deg friste av livlige farger og saftige frukter med v\u00e5r samling av fruktautomater. Disse herlige spillene fyller hjulene med et herlig utvalg av kirseb\u00e6r, sitroner, appelsiner, vannmeloner og mye mer. Opplev en visuell fest mens du snurrer hjulene og nyter den forfriskende vrien p\u00e5 klassiske spilleautomattemaer.<\/p>\n<p style=\"text-align: justify;\">Tips: Se etter fruktautomater med bonusfunksjoner som gratisspinn eller multiplikatorer, da disse kan \u00f8ke gevinstene dine betraktelig. Hold ogs\u00e5 et \u00f8ye med fruktautomater som gir deg muligheten til \u00e5 vinne store jackpoter for hvert spinn.<\/p>\n<h3 style=\"text-align: justify;\"><strong>3-hjuls, 5-hjuls, 7-hjuls og til og med 10+-hjuls spilleautomater!<\/strong><\/h3>\n<p style=\"text-align: justify;\">Forbered deg p\u00e5 en rekke muligheter med v\u00e5rt mangfoldige utvalg av spilleautomater med ulike antall hjul. Fra de tradisjonelle 3-hjulsautomatene som er enkle, til de oppslukende 10+-hjulsautomatene med mange gevinstlinjer &#8211; v\u00e5rt utvalg av hjulkonfigurasjoner s\u00f8rger for at alle spillere finner det de vil ha.<\/p>\n<p style=\"text-align: justify;\">Tips: Eksperimenter med ulike hjulkonfigurasjoner for \u00e5 finne din foretrukne stil. I 3-hjuls spilleautomater b\u00f8r du fokusere p\u00e5 \u00e5 f\u00e5 matchende symboler p\u00e5 en enkelt gevinstlinje for \u00e5 vinne. I 5-hjuls automater og oppover kan du dra nytte av flere gevinstlinjer og bonusfunksjoner for \u00e5 maksimere vinnersjansene dine.<\/p>\n<h3 style=\"text-align: justify;\"><strong>Straight Multiplier-spilleautomater:<\/strong><\/h3>\n<p style=\"text-align: justify;\">Multipliser gevinstene dine med hvert eneste spinn i v\u00e5re Straight Multiplier-spilleautomater. Etter hvert som du \u00f8ker antall spilte mynter, \u00f8ker de potensielle gevinstene dine, noe som forsterker spenningen og \u00f8ker sjansene dine for \u00e5 vinne store gevinster.<\/p>\n<p style=\"text-align: justify;\">Tips: For \u00e5 maksimere utbetalingene b\u00f8r du vurdere \u00e5 spille med maksimalt antall mynter for \u00e5 l\u00e5se opp h\u00f8yest mulig multiplikatorer. Husk \u00e5 forvalte din bankroll med omhu og juster innsatsst\u00f8rrelsen deretter.<\/p>\n<h3 style=\"text-align: justify;\"><strong>Spilleautomater med bonusmultiplikator:<\/strong><\/h3>\n<p style=\"text-align: justify;\">Oppdag en verden av spennende bonusfunksjoner og forbedrede vinnermuligheter med bonusmultiplikatorautomater. L\u00e5s opp spennende bonusrunder, gratisspinn og multiplikatorer som kan \u00f8ke gevinstene dine betraktelig og ta spillopplevelsen din til nye h\u00f8yder.<\/p>\n<p style=\"text-align: justify;\">Tips: Kast deg ut i bonusrundene og dra full nytte av spesialfunksjonene som tilbys. Free spins kan f\u00f8re til imponerende gevinster, mens multiplikatorer kan mangedoble gevinstene dine. Hold utkikk etter symboler som wilds og scattere som utl\u00f8ser bonusfunksjoner.<\/p>\n<h3 style=\"text-align: justify;\"><strong>Kombinasjonsautomater:<\/strong><\/h3>\n<p style=\"text-align: justify;\">Pr\u00f8v kombinasjonsautomater som kombinerer en klassisk multiplikator med en jackpot p\u00e5 flere linjer! Disse spillene tilbyr ulike vinnerkombinasjoner som l\u00e5ser opp forskjellige premier og bonusfunksjoner. Oppdag magien som skjuler seg bak hjulene!<\/p>\n<p style=\"text-align: justify;\">Tips: F\u00f8lg med p\u00e5 utbetalingstabellen for \u00e5 gj\u00f8re deg kjent med vinnerkombinasjonene og bonusfunksjonene som er tilgjengelige i hver kombinasjonsautomat. Eksperimenter med ulike innsatsst\u00f8rrelser for \u00e5 optimalisere sjansene dine for \u00e5 utl\u00f8se lukrative kombinasjoner.<\/p>\n<h3 style=\"text-align: justify;\"><strong>Megaspin-spilleautomater:<\/strong><\/h3>\n<p style=\"text-align: justify;\">Forbered deg p\u00e5 en elektrifiserende opplevelse med v\u00e5re Megaspin-spilleautomater. Disse spillene tar spenningen til et helt nytt niv\u00e5 med flere sett med hjul som snurrer samtidig. Gj\u00f8r deg klar til mangedoblet spenning og mange sjanser til \u00e5 vinne kolossale gevinster.<\/p>\n<p style=\"text-align: justify;\">Tips: Hold fokus og administrer innsatsene dine p\u00e5 tvers av de mange hjulene for \u00e5 beholde kontrollen og optimalisere spillet ditt. Hold et \u00f8ye med de individuelle utfallene for hvert sett, og tilpass strategien deretter. Husk at hvert sett med hjul fungerer uavhengig av hverandre, s\u00e5 planlegg innsatsene dine med omhu.<\/p>\n<p style=\"text-align: justify;\">N\u00e5 som du har f\u00e5tt et innblikk i hva som tilbys, kan du registrere deg i dag for \u00e5 utnytte det fulle potensialet i v\u00e5r samling av mobilautomater. Opprett en konto, gj\u00f8r et innskudd ved hjelp av v\u00e5re sikre bankalternativer, s\u00e5 er du klar til \u00e5 dykke ned i de actionfylte hjulene.<\/p>\n<p style=\"text-align: justify;\">F\u00f8r du begir deg ut p\u00e5 ditt mobile spilleautomateventyr, f\u00e5r du her noen tips til hvordan du kan forbedre din spilleautomatopplevelse:<\/p>\n<p style=\"text-align: justify;\">Sett opp et budsjett: Fastsett et budsjett og hold deg til det. Det er viktig \u00e5 spille ansvarlig og aldri overskride grensene dine i penger eller tid.<\/p>\n<p style=\"text-align: justify;\">Utforsk demoversjoner: Benytt deg av demoversjonene av mobilautomater for \u00e5 gj\u00f8re deg kjent med spill, funksjoner og utbetalingstabeller f\u00f8r du spiller med ekte penger.<\/p>\n<p style=\"text-align: justify;\">V\u00e6r oppmerksom p\u00e5 RTP: Sjekk tilbakebetalingsprosenten (Return to Player, RTP) for hver spilleautomat. H\u00f8yere RTP indikerer bedre vinnersjanser i det lange l\u00f8p. Beskrivelsen av spilleautomaten i spillet forteller deg ogs\u00e5 om spillets volatilitet er h\u00f8y eller lav.<\/p>\n<p style=\"text-align: justify;\">Benytt deg av bonuser og gratisspinn: Dra nytte av kampanjene og bonusene som tilbys. Ikke glem \u00e5 bes\u00f8ke bel\u00f8nningsbutikken og veksle inn poengene dine!<\/p>\n<p style=\"text-align: justify;\">Spill spilleautomater med progressiv jackpot: Hvis du er p\u00e5 jakt etter store gevinster, b\u00f8r du pr\u00f8ve deg p\u00e5 progressive jackpotautomater. Disse spillene tilbyr livsendrende jackpotter som kan vinnes med ett eneste heldig spinn.<\/p>\n<p style=\"text-align: justify;\">Bli med oss i dag og la lykkehjulene spinne til din fordel! Husk at pengespill kan v\u00e6re avhengighetsskapende. Sett og spill alltid innenfor dine egne grenser. Trenger du hjelp eller r\u00e5d, er du velkommen til \u00e5 chatte med v\u00e5r d\u00f8gn\u00e5pne kundest\u00f8tte.<\/p>\n","protected":false},"excerpt":{"rendered":"<p>Elsker du komforten ved \u00e5 spille p\u00e5 mobilen? Oppdag de beste mobilautomatene p\u00e5 SlotSite.com Casino. Som du allerede vet, er spilleautomater v\u00e5r spesialitet! Med et imponerende utvalg av over 75 popul\u00e6re og p\u00e5litelige programvareleverand\u00f8rer tilbyr vi et ekstraordin\u00e6rt utvalg av spilleautomater for mobil som passer for alle preferanser. Alle spilleautomatene v\u00e5re er uavhengig lisensiert og [&hellip;]<\/p>\n","protected":false},"author":1,"featured_media":0,"parent":0,"menu_order":0,"comment_status":"closed","ping_status":"closed","template":"templates\/category.php","meta":{"footnotes":""},"class_list":["post-201","page","type-page","status-publish","hentry"],"translation":{"provider":"WPGlobus","version":"2.12.2","language":"no","enabled_languages":["en","ca","fi","no","ja","es","pt","qc","gb","ir","nz","sa","in"],"languages":{"en":{"title":true,"content":true,"excerpt":false},"ca":{"title":true,"content":true,"excerpt":false},"fi":{"title":true,"content":true,"excerpt":false},"no":{"title":true,"content":true,"excerpt":false},"ja":{"title":true,"content":true,"excerpt":false},"es":{"title":true,"content":true,"excerpt":false},"pt":{"title":true,"content":true,"excerpt":false},"qc":{"title":true,"content":true,"excerpt":false},"gb":{"title":true,"content":true,"excerpt":false},"ir":{"title":false,"content":false,"excerpt":false},"nz":{"title":false,"content":false,"excerpt":false},"sa":{"title":false,"content":false,"excerpt":false},"in":{"title":true,"content":true,"excerpt":false}}},"acf":[],"yoast_head":"<!-- This site is optimized with the Yoast SEO plugin v20.11 - https:\/\/yoast.com\/wordpress\/plugins\/seo\/ -->\n<title>Spinn p\u00e5 farten: Spill mobilautomater n\u00e5r som helst, hvor som helst<\/title>\n<meta name=\"description\" content=\"Ta med deg spenningen til mobilautomater uansett hvor du g\u00e5r. Nyt s\u00f8ml\u00f8s spilling, fantastisk grafikk og store gevinster p\u00e5 mobilenheten din p\u00e5 [Your Brand] Mobile Casino. Bli med n\u00e5 for \u00e5 oppleve spenningen ved \u00e5 spinne og vinne mens du er p\u00e5 farten!\" \/>\n<meta name=\"robots\" content=\"index, follow, max-snippet:-1, max-image-preview:large, max-video-preview:-1\" \/>\n<link rel=\"canonical\" href=\"https:\/\/slotsite.mediacle.net\/mobile-slots\/\" \/>\n<meta property=\"og:locale\" content=\"nb_NO\" \/>\n<meta property=\"og:type\" content=\"article\" \/>\n<meta property=\"og:title\" content=\"Spinn p\u00e5 farten: Spill mobilautomater n\u00e5r som helst, hvor som helst\" \/>\n<meta property=\"og:description\" content=\"Ta med deg spenningen til mobilautomater uansett hvor du g\u00e5r. Nyt s\u00f8ml\u00f8s spilling, fantastisk grafikk og store gevinster p\u00e5 mobilenheten din p\u00e5 [Your Brand] Mobile Casino. Bli med n\u00e5 for \u00e5 oppleve spenningen ved \u00e5 spinne og vinne mens du er p\u00e5 farten!\" \/>\n<meta property=\"og:url\" content=\"https:\/\/slotsite.mediacle.net\/mobile-slots\/\" \/>\n<meta property=\"og:site_name\" content=\"Slotsite\" \/>\n<meta property=\"article:modified_time\" content=\"2023-08-31T07:19:01+00:00\" \/>\n<meta name=\"twitter:card\" content=\"summary_large_image\" \/>\n<meta name=\"twitter:label1\" content=\"Est. reading time\" \/>\n\t<meta name=\"twitter:data1\" content=\"5 minutes\" \/>\n<script type=\"application\/ld+json\" class=\"yoast-schema-graph\">{\"@context\":\"https:\/\/schema.org\",\"@graph\":[{\"@type\":\"WebPage\",\"@id\":\"https:\/\/slotsite.mediacle.net\/mobile-slots\/\",\"url\":\"https:\/\/slotsite.mediacle.net\/mobile-slots\/\",\"name\":\"Spin and Win On the Go: Enjoy Mobile Slots Anytime, Anywhere!\",\"isPartOf\":{\"@id\":\"https:\/\/slotsite.mediacle.net\/#website\"},\"datePublished\":\"2023-07-10T06:48:34+00:00\",\"dateModified\":\"2023-08-31T07:19:01+00:00\",\"description\":\"Experience the excitement of mobile slots that let you spin and win wherever you are. Our mobile slots bring the thrill of the casino to your fingertips, allowing you to enjoy your favorite games on the go.\",\"breadcrumb\":{\"@id\":\"https:\/\/slotsite.mediacle.net\/mobile-slots\/#breadcrumb\"},\"inLanguage\":\"nb-NO\",\"potentialAction\":[{\"@type\":\"ReadAction\",\"target\":[\"https:\/\/slotsite.mediacle.net\/mobile-slots\/\"]}]},{\"@type\":\"BreadcrumbList\",\"@id\":\"https:\/\/slotsite.mediacle.net\/mobile-slots\/#breadcrumb\",\"itemListElement\":[{\"@type\":\"ListItem\",\"position\":1,\"name\":\"Home\",\"item\":\"https:\/\/slotsite.mediacle.net\/\"},{\"@type\":\"ListItem\",\"position\":2,\"name\":\"Mobile Slots Games\"}]},{\"@type\":\"WebSite\",\"@id\":\"https:\/\/slotsite.mediacle.net\/#website\",\"url\":\"https:\/\/slotsite.mediacle.net\/\",\"name\":\"Slotsite\",\"description\":\"\",\"potentialAction\":[{\"@type\":\"SearchAction\",\"target\":{\"@type\":\"EntryPoint\",\"urlTemplate\":\"https:\/\/slotsite.mediacle.net\/?s={search_term_string}\"},\"query-input\":\"required name=search_term_string\"}],\"inLanguage\":\"nb-NO\"}]}<\/script>\n<!-- \/ Yoast SEO plugin. -->","yoast_head_json":{"title":"Spinn p\u00e5 farten: Spill mobilautomater n\u00e5r som helst, hvor som helst","description":"Ta med deg spenningen til mobilautomater uansett hvor du g\u00e5r. Nyt s\u00f8ml\u00f8s spilling, fantastisk grafikk og store gevinster p\u00e5 mobilenheten din p\u00e5 [Your Brand] Mobile Casino. Bli med n\u00e5 for \u00e5 oppleve spenningen ved \u00e5 spinne og vinne mens du er p\u00e5 farten!","robots":{"index":"index","follow":"follow","max-snippet":"max-snippet:-1","max-image-preview":"max-image-preview:large","max-video-preview":"max-video-preview:-1"},"canonical":"https:\/\/slotsite.mediacle.net\/mobile-slots\/","og_locale":"nb_NO","og_type":"article","og_title":"Spinn p\u00e5 farten: Spill mobilautomater n\u00e5r som helst, hvor som helst","og_description":"Ta med deg spenningen til mobilautomater uansett hvor du g\u00e5r. Nyt s\u00f8ml\u00f8s spilling, fantastisk grafikk og store gevinster p\u00e5 mobilenheten din p\u00e5 [Your Brand] Mobile Casino. Bli med n\u00e5 for \u00e5 oppleve spenningen ved \u00e5 spinne og vinne mens du er p\u00e5 farten!","og_url":"https:\/\/slotsite.mediacle.net\/mobile-slots\/","og_site_name":"Slotsite","article_modified_time":"2023-08-31T07:19:01+00:00","twitter_card":"summary_large_image","twitter_misc":{"Est. reading time":"5 minutes"},"schema":{"@context":"https:\/\/schema.org","@graph":[{"@type":"WebPage","@id":"https:\/\/slotsite.mediacle.net\/mobile-slots\/","url":"https:\/\/slotsite.mediacle.net\/mobile-slots\/","name":"Spin and Win On the Go: Enjoy Mobile Slots Anytime, Anywhere!","isPartOf":{"@id":"https:\/\/slotsite.mediacle.net\/#website"},"datePublished":"2023-07-10T06:48:34+00:00","dateModified":"2023-08-31T07:19:01+00:00","description":"Experience the excitement of mobile slots that let you spin and win wherever you are. Our mobile slots bring the thrill of the casino to your fingertips, allowing you to enjoy your favorite games on the go.","breadcrumb":{"@id":"https:\/\/slotsite.mediacle.net\/mobile-slots\/#breadcrumb"},"inLanguage":"nb-NO","potentialAction":[{"@type":"ReadAction","target":["https:\/\/slotsite.mediacle.net\/mobile-slots\/"]}]},{"@type":"BreadcrumbList","@id":"https:\/\/slotsite.mediacle.net\/mobile-slots\/#breadcrumb","itemListElement":[{"@type":"ListItem","position":1,"name":"Home","item":"https:\/\/slotsite.mediacle.net\/"},{"@type":"ListItem","position":2,"name":"Mobile Slots Games"}]},{"@type":"WebSite","@id":"https:\/\/slotsite.mediacle.net\/#website","url":"https:\/\/slotsite.mediacle.net\/","name":"Slotsite","description":"","potentialAction":[{"@type":"SearchAction","target":{"@type":"EntryPoint","urlTemplate":"https:\/\/slotsite.mediacle.net\/?s={search_term_string}"},"query-input":"required name=search_term_string"}],"inLanguage":"nb-NO"}]}},"_links":{"self":[{"href":"https:\/\/slotsite.mediacle.net\/no\/wp-json\/wp\/v2\/pages\/201","targetHints":{"allow":["GET"]}}],"collection":[{"href":"https:\/\/slotsite.mediacle.net\/no\/wp-json\/wp\/v2\/pages"}],"about":[{"href":"https:\/\/slotsite.mediacle.net\/no\/wp-json\/wp\/v2\/types\/page"}],"author":[{"embeddable":true,"href":"https:\/\/slotsite.mediacle.net\/no\/wp-json\/wp\/v2\/users\/1"}],"replies":[{"embeddable":true,"href":"https:\/\/slotsite.mediacle.net\/no\/wp-json\/wp\/v2\/comments?post=201"}],"version-history":[{"count":46,"href":"https:\/\/slotsite.mediacle.net\/no\/wp-json\/wp\/v2\/pages\/201\/revisions"}],"predecessor-version":[{"id":2291,"href":"https:\/\/slotsite.mediacle.net\/no\/wp-json\/wp\/v2\/pages\/201\/revisions\/2291"}],"wp:attachment":[{"href":"https:\/\/slotsite.mediacle.net\/no\/wp-json\/wp\/v2\/media?parent=201"}],"curies":[{"name":"wp","href":"https:\/\/api.w.org\/{rel}","templated":true}]}}