{"id":205,"date":"2023-07-10T06:49:18","date_gmt":"2023-07-10T06:49:18","guid":{"rendered":"https:\/\/slotsite.mediacle.net\/?page_id=205"},"modified":"2023-08-30T09:56:10","modified_gmt":"2023-08-30T09:56:10","slug":"free-spins","status":"publish","type":"page","link":"https:\/\/slotsite.mediacle.net\/no\/gratisspinn\/","title":{"rendered":"Gratis spilleautomater p\u00e5 nettcasino"},"content":{"rendered":"<h2 style=\"text-align: justify;\"><strong>Gj\u00f8r krav p\u00e5 gratisspinn og spinn deg til store gevinster!<\/strong><\/h2>\n<p style=\"text-align: justify;\">Gj\u00f8r deg klar for en virvelvind av gratisspinn p\u00e5 SlotSite.com Casino! Hvis landet ditt ikke er kvalifisert for gratisspinn uten innskudd ved registrering, trenger du ikke \u00e5 bekymre deg, for alle medlemmer er med i bel\u00f8nningsprogrammet v\u00e5rt, der du tjener poeng for spill med ekte penger og l\u00e5ser opp fantastiske fordeler, inkludert gratisspinn p\u00e5 favorittautomatene dine. Men det er ikke alt! Vi tilbyr ogs\u00e5 eksklusive kampanjetilbud med gratisspinn, som vi jevnlig sender ut via v\u00e5rt nyhetsbrev. Husk \u00e5 melde deg p\u00e5 i kontoseksjonen i kasinolobbyen.<\/p>\n<h2 style=\"text-align: justify;\"><strong>Kampanjetilbud med gratisspinn:<\/strong><\/h2>\n<p style=\"text-align: justify;\">Hos SlotSite.com Casino er vi opptatt av \u00e5 bel\u00f8nne spillerne v\u00e5re med spennende kampanjer, og gratisspinn er en viktig del av dette. Som medlem f\u00e5r du jevnlig tilbud om gratisspinn direkte i innboksen din. Disse tilbudene kan inneholde eksklusive innskuddskoder som gir deg et bestemt antall gratisspinn p\u00e5 utvalgte spilleautomater. Det er v\u00e5r m\u00e5te \u00e5 gi deg flere vinnersjanser og ekstra spenning til spilleopplevelsen din. G\u00e5 til fanen med de <a href=\"_wp_link_placeholder\" data-wplink-edit=\"true\"><u>nyeste kampanjene <\/u><\/a>og se hva vi tilbyr deg n\u00e5, eller chatte med oss via ikonet for live-st\u00f8tte.<\/p>\n<p style=\"text-align: justify;\">Hvis du ikke er medlem enn\u00e5, kan du registrere deg og nyte den ultimate velkomstpakken hos SlotSite.com Casino. Kickstart spillreisen din med en sjener\u00f8s dose gratisspinn!<\/p>\n<h2 style=\"text-align: justify;\"><strong>VIP-bel\u00f8nningsprogram:<\/strong><\/h2>\n<p style=\"text-align: justify;\">For hver innsats med ekte penger du gj\u00f8r hos SlotSite.com Casino, f\u00e5r du verdifulle bel\u00f8nningspoeng. Etter hvert som du samler poeng, stiger du i gradene og l\u00e5ser opp et vell av gratisspinn. Et av h\u00f8ydepunktene i bel\u00f8nningsprogrammet v\u00e5rt er det store utvalget av gratisspinn i bel\u00f8nningsbutikken. Der finner du en rekke muligheter til \u00e5 veksle inn poengene dine i gratisspinn eller bonuspenger. Jo h\u00f8yere VIP-niv\u00e5 du har, desto flere gratisspinn-tilbud f\u00e5r du tilgang til!<\/p>\n<h2 style=\"text-align: justify;\"><strong>Oppdag gratisspinn-bonusrunder i spillene:<\/strong><\/h2>\n<p style=\"text-align: justify;\">Opplev spenningen med bonusrunder i spillet som gir deg gratisspinn p\u00e5 v\u00e5rt fantastiske utvalg av spilleautomater. Disse bonusrundene er som \u00e5 oppdage en skjult skatt, siden de gir deg muligheten til \u00e5 spinne hjulene uten \u00e5 bruke av dine egne midler. Etter hvert som hjulene snurrer, legges eventuelle gevinster til saldoen din, noe som gir deg enda flere sjanser til \u00e5 vinne stort. Og for \u00e5 gj\u00f8re det enda mer spennende kommer disse gratisspinnene ofte med tilleggsfunksjoner som multiplikatorer, ekspanderende wilds eller spesialsymboler! Her er noen popul\u00e6re eksempler som du finner i spillobbyen.<\/p>\n<p style=\"text-align: justify;\">Dead or Alive II: Bli med inn i det ville vesten i denne spennende spilleautomaten fra NetEnt. Med en RTP p\u00e5 96,82 % og h\u00f8y volatilitet byr Dead or Alive II p\u00e5 en oppslukende opplevelse med potensial for store gevinster. L\u00e5s opp gratisspinn-bonusrunden ved \u00e5 f\u00e5 tre eller flere scatter-symboler, der du kan velge mellom tre ulike spillmoduser, hver med sine egne spesialfunksjoner og gevinstpotensial.<\/p>\n<p style=\"text-align: justify;\">Mega Fortune: Opplev luksus og glamour i denne progressive jackpot-automaten fra NetEnt. Med en RTP p\u00e5 96,60 % og middels volatilitet gir Mega Fortune deg sjansen til \u00e5 vinne livsendrende gevinster. Utl\u00f8s gratisspinn-bonusrunden ved \u00e5 f\u00e5 tre eller flere champagne-scatter-symboler, og f\u00e5 multiplikatorer og muligheten til \u00e5 vinne Mega Jackpot.<\/p>\n<p style=\"text-align: justify;\">Wolf Gold: Legg ut p\u00e5 et villmarkseventyr med denne popul\u00e6re spilleautomaten fra Pragmatic Play. Med en RTP p\u00e5 96,01 % og middels volatilitet byr Wolf Gold p\u00e5 spennende spillopplevelser. Hvis du f\u00e5r tre eller flere scatter-symboler, utl\u00f8ses gratisspinn-bonusrunden, der de tre midterste hjulene smelter sammen til et gigantisk symbol, noe som \u00f8ker sjansene dine for \u00e5 vinne store gevinster.<\/p>\n<p style=\"text-align: justify;\">Det store neshorn: Utforsk den afrikanske savannen i denne visuelt imponerende spilleautomaten fra Pragmatic Play. Med en RTP p\u00e5 96,53 % og middels volatilitet byr Great Rhino p\u00e5 spennende spillopplevelser. Samle tre eller flere scatter-symboler for \u00e5 aktivere gratisspinn-bonusrunden, der neshornsymbolene blir wild-symboler og l\u00e5ser seg fast s\u00e5 lenge bonusrunden varer, noe som f\u00f8rer til potensielle megagevinster.<\/p>\n<p style=\"text-align: justify;\">Immortal Romance: Bli med inn i en verden av forbudt kj\u00e6rlighet og overnaturlige vesener i denne fengslende spilleautomaten fra Microgaming. Med en RTP p\u00e5 96,86 % og middels volatilitet byr Immortal Romance p\u00e5 en fortryllende opplevelse. L\u00e5s opp Chamber of Spins for \u00e5 f\u00e5 tilgang til fire ulike gratisspinn-bonusrunder, hver knyttet til en unik karakter og deres spesielle evner, inkludert wild-hjul, multiplikatorer og rullende hjul.<\/p>\n<p style=\"text-align: justify;\">Thunderstruck II: Bli med inn i de norr\u00f8ne gudenes mytiske rike i denne episke spilleautomaten fra Microgaming. Med en RTP p\u00e5 96,65 % og middels volatilitet byr Thunderstruck II p\u00e5 et spennende eventyr. L\u00e5s opp Great Hall of Spins for \u00e5 f\u00e5 tilgang til fire ulike gratisspinn-bonusrunder, hver tilknyttet en mektig gud og unike funksjoner, inkludert multiplikatorer, rullende hjul og wild-transformasjoner.<\/p>\n<h2 style=\"text-align: justify;\"><strong>Gj\u00f8r krav p\u00e5 gratisspinnene dine:<\/strong><\/h2>\n<p style=\"text-align: justify;\">Det er enkelt \u00e5 gj\u00f8re krav p\u00e5 gratisspinn hos SlotSite.com Casino. Her er fremgangsm\u00e5ten:<\/p>\n<p style=\"text-align: justify;\">Registrer deg: Hvis du ikke allerede har gjort det, kan du opprette en konto hos SlotSite.com Casino. Medlemskapet skjer automatisk, og du begynner \u00e5 tjene bel\u00f8nningspoeng fra f\u00f8rste gang du spiller, og du f\u00e5r til og med 5 bel\u00f8nningspoeng for \u00e5 fullf\u00f8re registreringen! Hvis landet ditt tilbys gratisspinn uten innskudd, blir disse kreditert kontoen din automatisk, og alt du trenger \u00e5 gj\u00f8re er \u00e5 begynne \u00e5 spinne!<\/p>\n<p style=\"text-align: justify;\">Hold \u00f8ye med innboksen din: Som medlem mottar du v\u00e5rt nyhetsbrev med kampanjer, spekket med free spins-tilbud og eksklusive innskuddskoder. S\u00f8rg for \u00e5 sjekke innboksen din regelmessig for \u00e5 holde deg oppdatert p\u00e5 de nyeste kampanjene.<\/p>\n<p style=\"text-align: justify;\">F\u00f8lg instruksjonene: N\u00e5r du mottar et tilbud om gratisspinn, er det bare \u00e5 f\u00f8lge instruksjonene. Noen tilbud kan kreve et innskudd eller bruk av en spesifikk innskuddskode for \u00e5 f\u00e5 gratisspinnene dine. S\u00f8rg for \u00e5 lese tilbudsdetaljene og de spesifikke vilk\u00e5rene n\u00f8ye.<\/p>\n<p style=\"text-align: justify;\">Nyt gratisspinnene dine: N\u00e5r du har gjort krav p\u00e5 gratisspinnene dine, blir de umiddelbart kreditert kontoen din. \u00c5pne den kvalifiserte spilleautomaten og la hjulene spinne p\u00e5 huset!<\/p>\n<p style=\"text-align: justify;\">Gratisspinn er en fantastisk m\u00e5te \u00e5 utvide spillingen p\u00e5, pr\u00f8ve nye spilleautomater og potensielt \u00f8ke gevinstene dine. Husk at pengespill alltid b\u00f8r ses p\u00e5 som en form for underholdning, og at det er viktig \u00e5 opprettholde en sunn balanse i spillingen. Gambling kan v\u00e6re avhengighetsskapende. Vi tilbyr muligheter for selvekskludering for \u00e5 begrense tilgangen til kasinoet v\u00e5rt, og vi er opptatt av \u00e5 fremme ansvarlig spilling og skape et trygt milj\u00f8. Ta kontakt med oss n\u00e5r som helst!<\/p>\n","protected":false},"excerpt":{"rendered":"<p>Gj\u00f8r krav p\u00e5 gratisspinn og spinn deg til store gevinster! Gj\u00f8r deg klar for en virvelvind av gratisspinn p\u00e5 SlotSite.com Casino! Hvis landet ditt ikke er kvalifisert for gratisspinn uten innskudd ved registrering, trenger du ikke \u00e5 bekymre deg, for alle medlemmer er med i bel\u00f8nningsprogrammet v\u00e5rt, der du tjener poeng for spill med ekte [&hellip;]<\/p>\n","protected":false},"author":1,"featured_media":0,"parent":0,"menu_order":0,"comment_status":"closed","ping_status":"closed","template":"templates\/category.php","meta":{"footnotes":""},"class_list":["post-205","page","type-page","status-publish","hentry"],"translation":{"provider":"WPGlobus","version":"2.12.2","language":"no","enabled_languages":["en","ca","fi","no","ja","es","pt","qc","gb","ir","nz","sa","in"],"languages":{"en":{"title":true,"content":true,"excerpt":false},"ca":{"title":true,"content":true,"excerpt":false},"fi":{"title":true,"content":true,"excerpt":false},"no":{"title":true,"content":true,"excerpt":false},"ja":{"title":true,"content":true,"excerpt":false},"es":{"title":true,"content":true,"excerpt":false},"pt":{"title":true,"content":true,"excerpt":false},"qc":{"title":false,"content":true,"excerpt":false},"gb":{"title":true,"content":true,"excerpt":false},"ir":{"title":false,"content":false,"excerpt":false},"nz":{"title":false,"content":false,"excerpt":false},"sa":{"title":false,"content":false,"excerpt":false},"in":{"title":true,"content":true,"excerpt":false}}},"acf":[],"yoast_head":"<!-- This site is optimized with the Yoast SEO plugin v20.11 - https:\/\/yoast.com\/wordpress\/plugins\/seo\/ -->\n<title>F\u00e5 sjansen din med gratisspinn: Spinn hjulene for spennende gevinster!<\/title>\n<meta name=\"description\" content=\"L\u00e5s opp et rike av vinnermuligheter med gratisspinn! Dykk inn i spenningen til online kasinospill uten \u00e5 bruke en krone. Ta tak i gratisspinnene dine n\u00e5 og la hjulene snu lykken, og by p\u00e5 potensialet for spennende gevinster og uendelig underholdning.\" \/>\n<meta name=\"robots\" content=\"index, follow, max-snippet:-1, max-image-preview:large, max-video-preview:-1\" \/>\n<link rel=\"canonical\" href=\"https:\/\/slotsite.mediacle.net\/free-spins\/\" \/>\n<meta property=\"og:locale\" content=\"nb_NO\" \/>\n<meta property=\"og:type\" content=\"article\" \/>\n<meta property=\"og:title\" content=\"F\u00e5 sjansen din med gratisspinn: Spinn hjulene for spennende gevinster!\" \/>\n<meta property=\"og:description\" content=\"L\u00e5s opp et rike av vinnermuligheter med gratisspinn! Dykk inn i spenningen til online kasinospill uten \u00e5 bruke en krone. Ta tak i gratisspinnene dine n\u00e5 og la hjulene snu lykken, og by p\u00e5 potensialet for spennende gevinster og uendelig underholdning.\" \/>\n<meta property=\"og:url\" content=\"https:\/\/slotsite.mediacle.net\/free-spins\/\" \/>\n<meta property=\"og:site_name\" content=\"Slotsite\" \/>\n<meta property=\"article:modified_time\" content=\"2023-08-30T09:56:10+00:00\" \/>\n<meta name=\"twitter:card\" content=\"summary_large_image\" \/>\n<meta name=\"twitter:label1\" content=\"Est. reading time\" \/>\n\t<meta name=\"twitter:data1\" content=\"2 minutes\" \/>\n<script type=\"application\/ld+json\" class=\"yoast-schema-graph\">{\"@context\":\"https:\/\/schema.org\",\"@graph\":[{\"@type\":\"WebPage\",\"@id\":\"https:\/\/slotsite.mediacle.net\/free-spins\/\",\"url\":\"https:\/\/slotsite.mediacle.net\/free-spins\/\",\"name\":\"Gratis spilleautomater p\u00e5 nettcasino | Slotsite\",\"isPartOf\":{\"@id\":\"https:\/\/slotsite.mediacle.net\/#website\"},\"datePublished\":\"2023-07-10T06:49:18+00:00\",\"dateModified\":\"2023-08-30T09:56:10+00:00\",\"breadcrumb\":{\"@id\":\"https:\/\/slotsite.mediacle.net\/free-spins\/#breadcrumb\"},\"inLanguage\":\"nb-NO\",\"potentialAction\":[{\"@type\":\"ReadAction\",\"target\":[\"https:\/\/slotsite.mediacle.net\/free-spins\/\"]}]},{\"@type\":\"BreadcrumbList\",\"@id\":\"https:\/\/slotsite.mediacle.net\/free-spins\/#breadcrumb\",\"itemListElement\":[{\"@type\":\"ListItem\",\"position\":1,\"name\":\"Home\",\"item\":\"https:\/\/slotsite.mediacle.net\/\"},{\"@type\":\"ListItem\",\"position\":2,\"name\":\"Promotions des casinos en ligne\"}]},{\"@type\":\"WebSite\",\"@id\":\"https:\/\/slotsite.mediacle.net\/#website\",\"url\":\"https:\/\/slotsite.mediacle.net\/\",\"name\":\"Slotsite\",\"description\":\"\",\"potentialAction\":[{\"@type\":\"SearchAction\",\"target\":{\"@type\":\"EntryPoint\",\"urlTemplate\":\"https:\/\/slotsite.mediacle.net\/?s={search_term_string}\"},\"query-input\":\"required name=search_term_string\"}],\"inLanguage\":\"nb-NO\"}]}<\/script>\n<!-- \/ Yoast SEO plugin. -->","yoast_head_json":{"title":"F\u00e5 sjansen din med gratisspinn: Spinn hjulene for spennende gevinster!","description":"L\u00e5s opp et rike av vinnermuligheter med gratisspinn! Dykk inn i spenningen til online kasinospill uten \u00e5 bruke en krone. Ta tak i gratisspinnene dine n\u00e5 og la hjulene snu lykken, og by p\u00e5 potensialet for spennende gevinster og uendelig underholdning.","robots":{"index":"index","follow":"follow","max-snippet":"max-snippet:-1","max-image-preview":"max-image-preview:large","max-video-preview":"max-video-preview:-1"},"canonical":"https:\/\/slotsite.mediacle.net\/free-spins\/","og_locale":"nb_NO","og_type":"article","og_title":"F\u00e5 sjansen din med gratisspinn: Spinn hjulene for spennende gevinster!","og_description":"L\u00e5s opp et rike av vinnermuligheter med gratisspinn! Dykk inn i spenningen til online kasinospill uten \u00e5 bruke en krone. Ta tak i gratisspinnene dine n\u00e5 og la hjulene snu lykken, og by p\u00e5 potensialet for spennende gevinster og uendelig underholdning.","og_url":"https:\/\/slotsite.mediacle.net\/free-spins\/","og_site_name":"Slotsite","article_modified_time":"2023-08-30T09:56:10+00:00","twitter_card":"summary_large_image","twitter_misc":{"Est. reading time":"2 minutes"},"schema":{"@context":"https:\/\/schema.org","@graph":[{"@type":"WebPage","@id":"https:\/\/slotsite.mediacle.net\/free-spins\/","url":"https:\/\/slotsite.mediacle.net\/free-spins\/","name":"Gratis spilleautomater p\u00e5 nettcasino | Slotsite","isPartOf":{"@id":"https:\/\/slotsite.mediacle.net\/#website"},"datePublished":"2023-07-10T06:49:18+00:00","dateModified":"2023-08-30T09:56:10+00:00","breadcrumb":{"@id":"https:\/\/slotsite.mediacle.net\/free-spins\/#breadcrumb"},"inLanguage":"nb-NO","potentialAction":[{"@type":"ReadAction","target":["https:\/\/slotsite.mediacle.net\/free-spins\/"]}]},{"@type":"BreadcrumbList","@id":"https:\/\/slotsite.mediacle.net\/free-spins\/#breadcrumb","itemListElement":[{"@type":"ListItem","position":1,"name":"Home","item":"https:\/\/slotsite.mediacle.net\/"},{"@type":"ListItem","position":2,"name":"Promotions des casinos en ligne"}]},{"@type":"WebSite","@id":"https:\/\/slotsite.mediacle.net\/#website","url":"https:\/\/slotsite.mediacle.net\/","name":"Slotsite","description":"","potentialAction":[{"@type":"SearchAction","target":{"@type":"EntryPoint","urlTemplate":"https:\/\/slotsite.mediacle.net\/?s={search_term_string}"},"query-input":"required name=search_term_string"}],"inLanguage":"nb-NO"}]}},"_links":{"self":[{"href":"https:\/\/slotsite.mediacle.net\/no\/wp-json\/wp\/v2\/pages\/205","targetHints":{"allow":["GET"]}}],"collection":[{"href":"https:\/\/slotsite.mediacle.net\/no\/wp-json\/wp\/v2\/pages"}],"about":[{"href":"https:\/\/slotsite.mediacle.net\/no\/wp-json\/wp\/v2\/types\/page"}],"author":[{"embeddable":true,"href":"https:\/\/slotsite.mediacle.net\/no\/wp-json\/wp\/v2\/users\/1"}],"replies":[{"embeddable":true,"href":"https:\/\/slotsite.mediacle.net\/no\/wp-json\/wp\/v2\/comments?post=205"}],"version-history":[{"count":43,"href":"https:\/\/slotsite.mediacle.net\/no\/wp-json\/wp\/v2\/pages\/205\/revisions"}],"predecessor-version":[{"id":2231,"href":"https:\/\/slotsite.mediacle.net\/no\/wp-json\/wp\/v2\/pages\/205\/revisions\/2231"}],"wp:attachment":[{"href":"https:\/\/slotsite.mediacle.net\/no\/wp-json\/wp\/v2\/media?parent=205"}],"curies":[{"name":"wp","href":"https:\/\/api.w.org\/{rel}","templated":true}]}}