{"id":211,"date":"2023-07-24T07:23:39","date_gmt":"2023-07-24T07:23:39","guid":{"rendered":"https:\/\/slotsite.mediacle.net\/?page_id=211"},"modified":"2023-08-24T06:51:17","modified_gmt":"2023-08-24T06:51:17","slug":"rewards","status":"publish","type":"page","link":"https:\/\/slotsite.mediacle.net\/no\/bel%C3%B8nninger\/","title":{"rendered":"Kasinobel\u00f8nninger"},"content":{"rendered":"<h2 style=\"text-align: justify;\"><strong>Velkommen til Rewards-programmet: L\u00e5s opp en verden av spennende fordeler!<\/strong><\/h2>\n<p style=\"text-align: justify;\">Hos SlotSite.com Casino setter vi pris p\u00e5 lojaliteten din og streber etter \u00e5 gi deg den beste opplevelsen som g\u00e5r utover det \u00e5 bare spille favorittspillene dine. Derfor har vi opprettet et lojalitetsprogram som er utviklet for \u00e5 bel\u00f8nne deg med eksklusive fordeler og goder!<\/p>\n<h2 style=\"text-align: justify;\"><strong>Slik fungerer det:<\/strong><\/h2>\n<p style=\"text-align: justify;\">Hver gang du satser ekte penger p\u00e5 v\u00e5rt brede utvalg av spill, tjener du verdifulle poeng. Jo mer du spiller, jo flere poeng f\u00e5r du, og jo n\u00e6rmere kommer du fantastiske bel\u00f8nninger. Husk \u00e5 melde deg p\u00e5 kampanjer p\u00e5 kontoen din for \u00e5 f\u00e5 ekstra poengbonuser!<\/p>\n<h2 style=\"text-align: justify;\"><strong>L\u00e5s opp fantastiske bel\u00f8nninger:<\/strong><\/h2>\n<p style=\"text-align: justify;\">Etter hvert som du samler poeng og stiger i gradene, l\u00e5ser du opp en rekke fantastiske bel\u00f8nninger. Disse bel\u00f8nningene kan omfatte gratisspinn p\u00e5 popul\u00e6re spilleautomater, bonuspenger for \u00e5 \u00f8ke bankrollen din, eksklusiv tilgang til spesialkampanjer og VIP-turneringer, personlige gaver, dedikerte kontoadministratorer og mye mer!<\/p>\n<h2 style=\"text-align: justify;\"><strong>Oppdrag for ekstra poeng:<\/strong><\/h2>\n<p style=\"text-align: justify;\">Pr\u00f8v en kul programvareleverand\u00f8r eller nye spill! Fullf\u00f8r oppdrag ved \u00e5 spille morsomme spill og n\u00e5 milep\u00e6ler eller delta i spesielle kampanjer, og tjen ekstra poeng underveis!<\/p>\n<h2 style=\"text-align: justify;\"><strong>L\u00e5s opp kraften i poengene dine!<\/strong><\/h2>\n<p style=\"text-align: justify;\">N\u00e5r du har samlet et tilstrekkelig antall poeng gjennom spillet, kan du g\u00e5 til bel\u00f8nningsbutikken! Denne virtuelle skattekisten er fylt med et bredt utvalg av bel\u00f8nningsalternativer som du kan velge mellom. Ta en titt p\u00e5 butikkens utvalg, og uansett om du liker \u00e5 spinne hjulene eller foretrekker \u00e5 \u00f8ke bankrollen din med bonusmidler, har vi fantastiske bel\u00f8nninger for alle VIP-niv\u00e5er! Det er den perfekte sjansen til \u00e5 utforske nye spill eller gjenoppleve dine gamle favoritter.<\/p>\n<p style=\"text-align: justify;\">Innl\u00f8s og nyt:<\/p>\n<p style=\"text-align: justify;\">Det er enkelt \u00e5 konvertere poengene dine til gratisspinn eller bonuspenger, og bel\u00f8nningene krediteres kontoen din umiddelbart. Du kan begynne \u00e5 bruke gratisspinnene dine til \u00e5 spinne hjulene eller bruke bonuspengene dine til \u00e5 utforske ulike casinospill. Husk at jo flere poeng du samler, desto st\u00f8rre bel\u00f8nninger venter p\u00e5 deg! \u00a0Som verdsatt VIP-medlem kan du f\u00e5 ekstra bonuser i form av ekstra gratisspinn og spesielle innskuddsbonuskoder. Hold et \u00f8ye med innboksen din og kampanjesiden for \u00e5 holde deg oppdatert!<\/p>\n<p style=\"text-align: justify;\">Husk alltid \u00e5 kjenne og sette grenser. Spill p\u00e5 en ansvarlig m\u00e5te. Spilling kan v\u00e6re avhengighetsskapende. <a href=\"https:\/\/casino.slotsite.com\/terms-conditions-info\"><u>Vilk\u00e5r og betingelser <\/u><\/a>gjelder.<\/p>\n","protected":false},"excerpt":{"rendered":"<p>Velkommen til Rewards-programmet: L\u00e5s opp en verden av spennende fordeler! Hos SlotSite.com Casino setter vi pris p\u00e5 lojaliteten din og streber etter \u00e5 gi deg den beste opplevelsen som g\u00e5r utover det \u00e5 bare spille favorittspillene dine. Derfor har vi opprettet et lojalitetsprogram som er utviklet for \u00e5 bel\u00f8nne deg med eksklusive fordeler og goder! [&hellip;]<\/p>\n","protected":false},"author":1,"featured_media":0,"parent":0,"menu_order":0,"comment_status":"closed","ping_status":"closed","template":"templates\/rewards.php","meta":{"footnotes":""},"class_list":["post-211","page","type-page","status-publish","hentry"],"translation":{"provider":"WPGlobus","version":"2.12.2","language":"no","enabled_languages":["en","ca","fi","no","ja","es","pt","qc","gb","ir","nz","sa","in"],"languages":{"en":{"title":true,"content":true,"excerpt":false},"ca":{"title":true,"content":true,"excerpt":false},"fi":{"title":true,"content":true,"excerpt":false},"no":{"title":true,"content":true,"excerpt":false},"ja":{"title":true,"content":true,"excerpt":false},"es":{"title":true,"content":true,"excerpt":false},"pt":{"title":true,"content":true,"excerpt":false},"qc":{"title":true,"content":true,"excerpt":false},"gb":{"title":true,"content":true,"excerpt":false},"ir":{"title":false,"content":false,"excerpt":false},"nz":{"title":false,"content":false,"excerpt":false},"sa":{"title":false,"content":false,"excerpt":false},"in":{"title":true,"content":true,"excerpt":false}}},"acf":[],"yoast_head":"<!-- This site is optimized with the Yoast SEO plugin v20.11 - https:\/\/yoast.com\/wordpress\/plugins\/seo\/ -->\n<title>Tjen og l\u00f8se inn bel\u00f8nninger: Eksklusive fordeler med Slotsite-lojalitetsprogram<\/title>\n<meta name=\"description\" content=\"Bli med i [Your Brand]-lojalitetsprogrammet i dag for \u00e5 begynne \u00e5 tjene spennende bel\u00f8nninger og eksklusive fordeler. Tjen poeng med hvert kj\u00f8p og nyt problemfri innl\u00f8sning. Oppdag en verden av fordeler \u2013 registrer deg n\u00e5!\" \/>\n<meta name=\"robots\" content=\"index, follow, max-snippet:-1, max-image-preview:large, max-video-preview:-1\" \/>\n<link rel=\"canonical\" href=\"https:\/\/slotsite.mediacle.net\/rewards\/\" \/>\n<meta property=\"og:locale\" content=\"nb_NO\" \/>\n<meta property=\"og:type\" content=\"article\" \/>\n<meta property=\"og:title\" content=\"Tjen og l\u00f8se inn bel\u00f8nninger: Eksklusive fordeler med Slotsite-lojalitetsprogram\" \/>\n<meta property=\"og:description\" content=\"Bli med i [Your Brand]-lojalitetsprogrammet i dag for \u00e5 begynne \u00e5 tjene spennende bel\u00f8nninger og eksklusive fordeler. Tjen poeng med hvert kj\u00f8p og nyt problemfri innl\u00f8sning. Oppdag en verden av fordeler \u2013 registrer deg n\u00e5!\" \/>\n<meta property=\"og:url\" content=\"https:\/\/slotsite.mediacle.net\/rewards\/\" \/>\n<meta property=\"og:site_name\" content=\"Slotsite\" \/>\n<meta property=\"article:modified_time\" content=\"2023-08-24T06:51:17+00:00\" \/>\n<meta name=\"twitter:card\" content=\"summary_large_image\" \/>\n<meta name=\"twitter:label1\" content=\"Est. reading time\" \/>\n\t<meta name=\"twitter:data1\" content=\"3 minutes\" \/>\n<script type=\"application\/ld+json\" class=\"yoast-schema-graph\">{\"@context\":\"https:\/\/schema.org\",\"@graph\":[{\"@type\":\"WebPage\",\"@id\":\"https:\/\/slotsite.mediacle.net\/rewards\/\",\"url\":\"https:\/\/slotsite.mediacle.net\/rewards\/\",\"name\":\"Rewarding Loyalty: Unlock Exciting Prizes on Our Rewards Page!\",\"isPartOf\":{\"@id\":\"https:\/\/slotsite.mediacle.net\/#website\"},\"datePublished\":\"2023-07-24T07:23:39+00:00\",\"dateModified\":\"2023-08-24T06:51:17+00:00\",\"description\":\"Bli med i [Your Brand]-lojalitetsprogrammet i dag for \u00e5 begynne \u00e5 tjene spennende bel\u00f8nninger og eksklusive fordeler. Tjen poeng med hvert kj\u00f8p og nyt problemfri innl\u00f8sning. Oppdag en verden av fordeler \u2013 registrer deg n\u00e5!\",\"breadcrumb\":{\"@id\":\"https:\/\/slotsite.mediacle.net\/rewards\/#breadcrumb\"},\"inLanguage\":\"nb-NO\",\"potentialAction\":[{\"@type\":\"ReadAction\",\"target\":[\"https:\/\/slotsite.mediacle.net\/rewards\/\"]}]},{\"@type\":\"BreadcrumbList\",\"@id\":\"https:\/\/slotsite.mediacle.net\/rewards\/#breadcrumb\",\"itemListElement\":[{\"@type\":\"ListItem\",\"position\":1,\"name\":\"Home\",\"item\":\"https:\/\/slotsite.mediacle.net\/\"},{\"@type\":\"ListItem\",\"position\":2,\"name\":\"Rewards\"}]},{\"@type\":\"WebSite\",\"@id\":\"https:\/\/slotsite.mediacle.net\/#website\",\"url\":\"https:\/\/slotsite.mediacle.net\/\",\"name\":\"Slotsite\",\"description\":\"\",\"potentialAction\":[{\"@type\":\"SearchAction\",\"target\":{\"@type\":\"EntryPoint\",\"urlTemplate\":\"https:\/\/slotsite.mediacle.net\/?s={search_term_string}\"},\"query-input\":\"required name=search_term_string\"}],\"inLanguage\":\"nb-NO\"}]}<\/script>\n<!-- \/ Yoast SEO plugin. -->","yoast_head_json":{"title":"Tjen og l\u00f8se inn bel\u00f8nninger: Eksklusive fordeler med Slotsite-lojalitetsprogram","description":"Bli med i [Your Brand]-lojalitetsprogrammet i dag for \u00e5 begynne \u00e5 tjene spennende bel\u00f8nninger og eksklusive fordeler. Tjen poeng med hvert kj\u00f8p og nyt problemfri innl\u00f8sning. Oppdag en verden av fordeler \u2013 registrer deg n\u00e5!","robots":{"index":"index","follow":"follow","max-snippet":"max-snippet:-1","max-image-preview":"max-image-preview:large","max-video-preview":"max-video-preview:-1"},"canonical":"https:\/\/slotsite.mediacle.net\/rewards\/","og_locale":"nb_NO","og_type":"article","og_title":"Tjen og l\u00f8se inn bel\u00f8nninger: Eksklusive fordeler med Slotsite-lojalitetsprogram","og_description":"Bli med i [Your Brand]-lojalitetsprogrammet i dag for \u00e5 begynne \u00e5 tjene spennende bel\u00f8nninger og eksklusive fordeler. Tjen poeng med hvert kj\u00f8p og nyt problemfri innl\u00f8sning. Oppdag en verden av fordeler \u2013 registrer deg n\u00e5!","og_url":"https:\/\/slotsite.mediacle.net\/rewards\/","og_site_name":"Slotsite","article_modified_time":"2023-08-24T06:51:17+00:00","twitter_card":"summary_large_image","twitter_misc":{"Est. reading time":"3 minutes"},"schema":{"@context":"https:\/\/schema.org","@graph":[{"@type":"WebPage","@id":"https:\/\/slotsite.mediacle.net\/rewards\/","url":"https:\/\/slotsite.mediacle.net\/rewards\/","name":"Rewarding Loyalty: Unlock Exciting Prizes on Our Rewards Page!","isPartOf":{"@id":"https:\/\/slotsite.mediacle.net\/#website"},"datePublished":"2023-07-24T07:23:39+00:00","dateModified":"2023-08-24T06:51:17+00:00","description":"Bli med i [Your Brand]-lojalitetsprogrammet i dag for \u00e5 begynne \u00e5 tjene spennende bel\u00f8nninger og eksklusive fordeler. Tjen poeng med hvert kj\u00f8p og nyt problemfri innl\u00f8sning. Oppdag en verden av fordeler \u2013 registrer deg n\u00e5!","breadcrumb":{"@id":"https:\/\/slotsite.mediacle.net\/rewards\/#breadcrumb"},"inLanguage":"nb-NO","potentialAction":[{"@type":"ReadAction","target":["https:\/\/slotsite.mediacle.net\/rewards\/"]}]},{"@type":"BreadcrumbList","@id":"https:\/\/slotsite.mediacle.net\/rewards\/#breadcrumb","itemListElement":[{"@type":"ListItem","position":1,"name":"Home","item":"https:\/\/slotsite.mediacle.net\/"},{"@type":"ListItem","position":2,"name":"Rewards"}]},{"@type":"WebSite","@id":"https:\/\/slotsite.mediacle.net\/#website","url":"https:\/\/slotsite.mediacle.net\/","name":"Slotsite","description":"","potentialAction":[{"@type":"SearchAction","target":{"@type":"EntryPoint","urlTemplate":"https:\/\/slotsite.mediacle.net\/?s={search_term_string}"},"query-input":"required name=search_term_string"}],"inLanguage":"nb-NO"}]}},"_links":{"self":[{"href":"https:\/\/slotsite.mediacle.net\/no\/wp-json\/wp\/v2\/pages\/211","targetHints":{"allow":["GET"]}}],"collection":[{"href":"https:\/\/slotsite.mediacle.net\/no\/wp-json\/wp\/v2\/pages"}],"about":[{"href":"https:\/\/slotsite.mediacle.net\/no\/wp-json\/wp\/v2\/types\/page"}],"author":[{"embeddable":true,"href":"https:\/\/slotsite.mediacle.net\/no\/wp-json\/wp\/v2\/users\/1"}],"replies":[{"embeddable":true,"href":"https:\/\/slotsite.mediacle.net\/no\/wp-json\/wp\/v2\/comments?post=211"}],"version-history":[{"count":59,"href":"https:\/\/slotsite.mediacle.net\/no\/wp-json\/wp\/v2\/pages\/211\/revisions"}],"predecessor-version":[{"id":2084,"href":"https:\/\/slotsite.mediacle.net\/no\/wp-json\/wp\/v2\/pages\/211\/revisions\/2084"}],"wp:attachment":[{"href":"https:\/\/slotsite.mediacle.net\/no\/wp-json\/wp\/v2\/media?parent=211"}],"curies":[{"name":"wp","href":"https:\/\/api.w.org\/{rel}","templated":true}]}}