{"id":252,"date":"2023-07-24T08:37:12","date_gmt":"2023-07-24T08:37:12","guid":{"rendered":"https:\/\/slotsite.mediacle.net\/?page_id=252"},"modified":"2023-08-31T09:57:58","modified_gmt":"2023-08-31T09:57:58","slug":"online-baccarat","status":"publish","type":"page","link":"https:\/\/slotsite.mediacle.net\/no\/online-baccarat\/","title":{"rendered":"Baccarat-spill p\u00e5 nettet"},"content":{"rendered":"<h2 style=\"text-align: justify;\"><strong>Kos deg med sofistikerte live dealer- og online baccaratspill p\u00e5 SlotSite.com Casino<\/strong><\/h2>\n<p style=\"text-align: justify;\">Opplev elegansen i et av verdens mest elskede kortspill &#8211; Baccarat. Med sin rike historie og tidl\u00f8se tiltrekningskraft har Baccarat fengslet spillere i \u00e5rhundrer. Hos SlotSite.com Casino tilbyr vi et bredt utvalg av Live Baccarat-spill i atmosf\u00e6ren og interaksjonen i et eksklusivt casinostudio.<\/p>\n<h3 style=\"text-align: justify;\"><strong>En kortfattet historie om Baccarat:<\/strong><\/h3>\n<p style=\"text-align: justify;\">Baccarat oppsto i Italia p\u00e5 1400-tallet, men ble raskt popul\u00e6rt blant den franske adelen og spredte seg etter hvert til kasinoer over hele Europa. I dag er Baccarat fortsatt en favoritt blant spillere over hele verden, kjent for sitt enkle spill og gunstige odds.<\/p>\n<h3 style=\"text-align: justify;\"><strong>Hvordan spiller man Baccarat?<\/strong><\/h3>\n<p style=\"text-align: justify;\">M\u00e5let med Baccarat er \u00e5 forutsi hvilken h\u00e5nd, spillerens eller bankens, som vil ha en totalsum som er n\u00e6rmest 9. Du kan ogs\u00e5 satse p\u00e5 uavgjort, som betyr at begge hendene har samme verdi.<\/p>\n<h3 style=\"text-align: justify;\"><strong>Baccarat-kortverdier:<\/strong><\/h3>\n<ul style=\"text-align: justify;\">\n<li>Tallkortene 2-9 har p\u00e5lydende verdi.<\/li>\n<li>Ess er verdt 1 poeng.<\/li>\n<li>10-tall og billedkort (konge, dronning, knekt) har verdien 0.<\/li>\n<\/ul>\n<p style=\"text-align: justify;\">Spillalternativer:<\/p>\n<h3 style=\"text-align: justify;\"><strong>I Baccarat har du tre hovedinnsatsalternativer:<\/strong><\/h3>\n<ul style=\"text-align: justify;\">\n<li>Spiller: Du satser p\u00e5 at spillerens h\u00e5nd vil ha en h\u00f8yere totalsum.<\/li>\n<li>Banker: Du satser p\u00e5 at bankens h\u00e5nd vil ha en h\u00f8yere totalsum.<\/li>\n<li>Uavgjort: Du vedder p\u00e5 at begge hendene f\u00e5r samme sum.<\/li>\n<\/ul>\n<p style=\"text-align: justify;\">Spillrunder: Spillet begynner med at spilleren og banken f\u00e5r to kort hver. Hvis en av hendene har en totalsum p\u00e5 8 eller 9, regnes den som &#8220;naturlig&#8221;, og ingen ekstra kort trekkes. Hvis begge hendene har en totalsum p\u00e5 mindre enn 8 eller 9, er det andre regler som avgj\u00f8r om det trekkes et tredje kort.<\/p>\n<p style=\"text-align: justify;\">Grunnleggende tegningsregler: Det finnes variasjoner for ulike spill.<\/p>\n<ul style=\"text-align: justify;\">\n<li>Hvis spillerens totalsum er 0-5, trekker spilleren et tredje kort.<\/li>\n<li>Hvis spilleren st\u00e5r (6-7), f\u00f8lger banken disse reglene:<\/li>\n<li>Hvis bankens totalsum er 0-2, trekker de et tredje kort.<\/li>\n<li>Hvis bankens totalsum er 3-6, avhenger det av spillerens tredje kort om det skal trekkes et tredje kort.<\/li>\n<li>Hvis Bankers sum er 7, st\u00e5r de.<\/li>\n<\/ul>\n<p style=\"text-align: justify;\">H\u00e5ndsammenligning og utbetalinger: Etter at alle kortene er delt ut, sammenlignes hendene, og den som har en totalsum n\u00e6rmest 9 vinner. Hvis du satser riktig, f\u00e5r du en utbetaling basert p\u00e5 oddsen:<\/p>\n<ul style=\"text-align: justify;\">\n<li>Spillerinnsatsen betaler 1:1.<\/li>\n<li>Bankerspill betaler 0,95:1 (minus 5 % provisjon p\u00e5 gevinster).<\/li>\n<li>Uavgjort innsats betaler 8:1 eller 9:1.<\/li>\n<\/ul>\n<h3 style=\"text-align: justify;\"><strong>Online Baccarat-spill p\u00e5 SlotSite.com Casino:<\/strong><\/h3>\n<p style=\"text-align: justify;\">V\u00e5r omfattende samling av Baccarat-spill p\u00e5 nett drives av de beste programvareleverand\u00f8rene, inkludert Evolution Gaming-studioene, Playtech, Switch Studios, Iron Dog Studios, Red Tiger, NetEnt og Microgaming, noe som sikrer rask str\u00f8mming til enheten din. Noen Baccarat-spill tilbyr til og med valgfrie sidespill, som par eller perfekt par, som lar deg satse p\u00e5 spesifikke kortkombinasjoner! La oss se n\u00e6rmere p\u00e5 noen popul\u00e6re spill:<\/p>\n<h3 style=\"text-align: justify;\"><strong>Klassiske Baccarat-spill:<\/strong><\/h3>\n<p style=\"text-align: justify;\">Omfavn den tidl\u00f8se sjarmen til Classic Baccarat, med enkle regler og fokus p\u00e5 dynamikken mellom spiller og bankier, og f\u00e5 en ren og autentisk Baccarat-opplevelse. Her f\u00e5r du en jevn spillopplevelse og strategiske innsatsmuligheter i jakten p\u00e5 den perfekte h\u00e5nden.<\/p>\n<h3 style=\"text-align: justify;\"><strong>VIP Baccarat-spill:<\/strong><\/h3>\n<p style=\"text-align: justify;\">Online VIP Baccarat gir deg en eksklusiv spillopplevelse hjemme i stolen. Denne varianten er utviklet for \u00e5 im\u00f8tekomme spillere med mye penger som \u00f8nsker en eksklusiv spillopplevelse. SlotSite.com Casino tilbyr alltid eksklusive bel\u00f8nninger og fordeler som en del av bel\u00f8nningsprogrammet. VIP Baccarat tilbyr avanserte online-funksjoner og leverer underholdning og spenning p\u00e5 h\u00f8yeste niv\u00e5.<\/p>\n<h3 style=\"text-align: justify;\"><strong>Baccarat med live dealer:<\/strong><\/h3>\n<p style=\"text-align: justify;\">Live Dealer Baccarat byr p\u00e5 en autentisk og interessant casinoopplevelse, der spillerne kan oppleve spenningen ved \u00e5 spille i sanntid med en profesjonell dealer. Med videostr\u00f8mming av h\u00f8y kvalitet kan spillerne samhandle med dealeren og de andre deltakerne mens de plasserer innsatsene sine. Live Dealer Baccarat har en gjennomsnittlig RTP (Return to Player) p\u00e5 98 %, noe som sikrer rettferdig spilling hele veien. Sidespill har f\u00f8lgende RTP: 89 % for et bankpar, 89 % for et spillerpar, 91 % for et perfekt par, 86 % for begge par, 97 % for en spillerbonus eller 90 % for en bankbonus. Det finnes mange tilgjengelige Playtech- eller Evolution-studioer med live dealer som du kan logge inn p\u00e5. Bli med p\u00e5 live-action i dag!<\/p>\n<h3 style=\"text-align: justify;\"><strong>Online Punto Banco:<\/strong><\/h3>\n<p style=\"text-align: justify;\">Punto Banco er en popul\u00e6r variant av Baccarat som er utbredt i b\u00e5de landbaserte kasinoer og nettkasinoer. Punto Banco, ogs\u00e5 kjent som &#8220;nordamerikansk baccarat&#8221;, f\u00f8lger de samme grunnleggende reglene som tradisjonell baccarat, men med noen viktige forskjeller. I Punto Banco har spillerne muligheten til \u00e5 satse p\u00e5 enten spillerens h\u00e5nd (Punto) eller bankens h\u00e5nd (Banco). I tradisjonell Baccarat kan spillerne ogs\u00e5 velge \u00e5 satse p\u00e5 andre utfall, for eksempel uavgjort eller bestemte kortkombinasjoner.<\/p>\n<p style=\"text-align: justify;\">En annen forskjell er at i Punto Banco er bankmannens rolle forh\u00e5ndsbestemt og f\u00f8lger et bestemt sett med regler for \u00e5 trekke tilleggskort. Spillerne har ikke kontroll over beslutningene som bank\u00f8ren tar. I tradisjonell Baccarat kan spillerne bytte p\u00e5 \u00e5 v\u00e6re bank\u00f8r og har dermed st\u00f8rre kontroll over spillets utfall.<\/p>\n<p style=\"text-align: justify;\">Punto Banco f\u00f8lger et sett med regler som bestemmer trekningen av tilleggskort og utfallet av spillet. Her er de grunnleggende reglene:<\/p>\n<ol style=\"text-align: justify;\">\n<li>Spilleren og banken f\u00e5r to kort hver. M\u00e5let er \u00e5 f\u00e5 en h\u00e5ndverdi s\u00e5 n\u00e6r 9 som mulig.<\/li>\n<li>Hvis den totale verdien av enten spillerens eller bankens to f\u00f8rste kort er 8 eller 9, kalles det en &#8220;natural&#8221;, og ingen flere kort trekkes.<\/li>\n<li>Hvis den totale verdien av enten spillerens eller bankens to f\u00f8rste kort er 0-5, kan et tredje kort trekkes. Beslutningen om \u00e5 trekke et tredje kort avhenger av spesifikke forh\u00e5ndsbestemte regler.<\/li>\n<li>Reglene for det tredje kortet p\u00e5 spillerens h\u00e5nd er som f\u00f8lger:\n<ul>\n<li>Hvis spillerens totalsum er 0-5, trekker spilleren et tredje kort.<\/li>\n<li>Hvis spilleren har en total p\u00e5 6 eller 7, st\u00e5r spilleren og trekker ikke et tredje kort.<\/li>\n<\/ul>\n<\/li>\n<li>Reglene for bankens tredje kort er mer komplekse og avhenger av verdien p\u00e5 spillerens tredje kort (hvis det trekkes) og den totale verdien p\u00e5 bankens to f\u00f8rste kort.<\/li>\n<li>N\u00e5r alle kortene er delt ut i henhold til reglene, vinner den h\u00e5nden som har en totalsum som er n\u00e6rmest 9. Hvis begge hendene har samme sum, er det uavgjort.<\/li>\n<\/ol>\n<p style=\"text-align: justify;\">Programvareleverand\u00f8r: Red Tiger<\/p>\n<table>\n<tbody>\n<tr>\n<td colspan=\"2\"><strong><b>Bankmann<\/b><\/strong><\/td>\n<td colspan=\"2\"><strong><b>Spiller<\/b><\/strong><\/td>\n<td colspan=\"2\"><strong><b>Slips<\/b><\/strong><\/td>\n<td colspan=\"2\"><strong><b>Spillerpar<\/b><\/strong><\/td>\n<td colspan=\"2\"><strong><b>Bankmannspar<\/b><\/strong><\/td>\n<\/tr>\n<tr>\n<td>Utbetaling:<\/td>\n<td>0.95:1<\/td>\n<td>Utbetaling:<\/td>\n<td>1:1<\/td>\n<td>Utbetaling:<\/td>\n<td>8:1<\/td>\n<td>Utbetaling:<\/td>\n<td>11:1<\/td>\n<td>Utbetaling:<\/td>\n<td>11:1<\/td>\n<\/tr>\n<tr>\n<td>RTP:<\/td>\n<td>98%<\/td>\n<td>RTP:<\/td>\n<td>98%<\/td>\n<td>RTP:<\/td>\n<td>85%<\/td>\n<td>RTP:<\/td>\n<td>88%<\/td>\n<td>RTP:<\/td>\n<td>88.79%<\/td>\n<\/tr>\n<\/tbody>\n<\/table>\n<h3 style=\"text-align: justify;\"><strong>Live Speed Baccarat:<\/strong><\/h3>\n<p style=\"text-align: justify;\">Speed Baccarat er det perfekte valget for deg som er ute etter fartsfylt action. Speed Baccarat fra Evolution Gaming foreg\u00e5r i glamor\u00f8se studioer og er en fartsfylt og morsom variant av det klassiske Baccarat-spillet, designet for spillere som liker en rask spillestil. Den st\u00f8rste forskjellen i Speed Baccarat er det h\u00f8ye tempoet i spillet. Kortutdeling og resultatannonsering skjer raskt. Kortgiveren deler raskt ut kortene med billedsiden opp, slik at spillerne raskt kan ta beslutninger om innsats. For \u00e5 sikre en jevn flyt er det satt visse tidsbegrensninger for hver innsatsrunde. Spillerne m\u00e5 plassere innsatsene sine innenfor den tildelte tidsrammen for \u00e5 holde spillet i gang. Speed Baccarat tilbyr en str\u00f8mmeopplevelse av h\u00f8y kvalitet, med flere kameravinkler og et brukervennlig grensesnitt som gj\u00f8r det enkelt for spillerne \u00e5 plassere innsatser og f\u00f8lge med p\u00e5 spillet.<\/p>\n<p style=\"text-align: justify;\">Programvareleverand\u00f8r: Evolution Gaming<\/p>\n<p style=\"text-align: justify;\">Return to Player (RTP) for Speed Baccarat er ca. 98 %.<\/p>\n<h3 style=\"text-align: justify;\"><strong>Live Baccarat uten provisjon:<\/strong><\/h3>\n<p style=\"text-align: justify;\">Kast deg ut i en unik vri p\u00e5 det klassiske Baccarat-spillet med Live No Commission Baccarat fra Playtech. Baccarat-entusiaster elsker denne versjonen, ettersom spillerne kan nyte spillingen og funksjonene til det tradisjonelle Baccarat-spillet uten \u00e5 m\u00e5tte betale provisjon for Banker-gevinster. Spillet foreg\u00e5r i et autentisk og moderne casinostudio, slik at spillerne kan nyte samv\u00e6ret med andre spillere og dealerne.<\/p>\n<p style=\"text-align: justify;\">Programvareleverand\u00f8r: Playtech<\/p>\n<p style=\"text-align: justify;\">Return to Player (RTP) for No Commission Baccarat er ca. 98 %.<\/p>\n<h3 style=\"text-align: justify;\"><strong>Dragon Tiger:<\/strong><\/h3>\n<p style=\"text-align: justify;\">Oppdag enkelheten og spenningen i Dragon Tiger, et spill som ofte beskrives som en forenklet versjon av Baccarat. I Dragon Tiger satser spillerne p\u00e5 om drage- eller tigerh\u00e5nden vil ha et kort med h\u00f8yere verdi. Kortverdiene f\u00f8lger det tradisjonelle hierarkiet: Ess er lavest, etterfulgt av 2, 3, 4, 5, 6, 7, 8, 9, 10, knekt, dame og konge. H\u00e5nden med h\u00f8yest kortverdi vinner runden, og vinnerinnsatsen utbetales deretter. Hvis begge hendene har samme kortverdi, blir det uavgjort, og spillere som har satset p\u00e5 uavgjort-alternativet, f\u00e5r utbetalt tilsvarende. Med fartsfylt spilling og fokus p\u00e5 kortrangering byr Dragon Tiger p\u00e5 en spennende og enkel spillopplevelse. Dragon Tiger har ogs\u00e5 flotte sidespill som f\u00f8lger:<\/p>\n<p style=\"text-align: justify;\">Sidespill p\u00e5 drage- eller tigerfarger: Med dette sidespillet kan du satse p\u00e5 om drage- eller tigerh\u00e5nden vil ha en bestemt farge. Utbetalingen for riktig farge er 3:1.<\/p>\n<p style=\"text-align: justify;\">Sidespill p\u00e5 farge p\u00e5 drage eller tiger: Med dette sidespillet tipper du om dragen eller tigeren vil ha en bestemt farge (r\u00f8d eller svart). Utbetalingen for riktig farge er 2:1.<\/p>\n<p style=\"text-align: justify;\">Stort eller lite sidespill: Dette sidespillet g\u00e5r ut p\u00e5 \u00e5 forutsi om den totale verdien av Dragon- eller Tiger-h\u00e5nden blir stor (8 eller h\u00f8yere) eller liten (6 eller lavere). Utbetalingen for en korrekt stor eller liten innsats er 1:1.<\/p>\n<p style=\"text-align: justify;\">Oddetalls- eller partalls-sideinnsats: Her satser du p\u00e5 om den totale verdien av drage- eller tigerh\u00e5nden blir oddetall eller partall. Utbetalingen for en korrekt oddetalls- eller partallsinnsats er 1:1.<\/p>\n<p style=\"text-align: justify;\">Programvareleverand\u00f8r: Playtech<\/p>\n<p style=\"text-align: justify;\">Return to Player (RTP) for Dragon Tiger er omtrent 96 %.<\/p>\n<p style=\"text-align: justify;\">Bli med oss p\u00e5 SlotSite.com Casino og hengi deg til spenningen ved Baccarat-spill p\u00e5 nettet. Enten du er en erfaren spiller eller ny i Baccarat-verdenen, tilbyr v\u00e5rt mangfoldige utvalg av varianter noe for enhver smak. Fordyp deg i Baccarats eleganse og strategi, og la kortene avsl\u00f8re skjebnen din. Plasser innsatsene dine, forutse utfallet og la deg fascinere av dette klassiske kortspillet. Husk alltid \u00e5 kjenne og sette dine egne grenser. Spill ansvarlig. Gambling kan v\u00e6re avhengighetsskapende.<\/p>\n","protected":false},"excerpt":{"rendered":"<p>Kos deg med sofistikerte live dealer- og online baccaratspill p\u00e5 SlotSite.com Casino Opplev elegansen i et av verdens mest elskede kortspill &#8211; Baccarat. Med sin rike historie og tidl\u00f8se tiltrekningskraft har Baccarat fengslet spillere i \u00e5rhundrer. Hos SlotSite.com Casino tilbyr vi et bredt utvalg av Live Baccarat-spill i atmosf\u00e6ren og interaksjonen i et eksklusivt casinostudio. [&hellip;]<\/p>\n","protected":false},"author":1,"featured_media":0,"parent":0,"menu_order":0,"comment_status":"closed","ping_status":"closed","template":"templates\/category.php","meta":{"footnotes":""},"class_list":["post-252","page","type-page","status-publish","hentry"],"translation":{"provider":"WPGlobus","version":"2.12.2","language":"no","enabled_languages":["en","ca","fi","no","ja","es","pt","qc","gb","ir","nz","sa","in"],"languages":{"en":{"title":true,"content":true,"excerpt":false},"ca":{"title":true,"content":true,"excerpt":false},"fi":{"title":true,"content":true,"excerpt":false},"no":{"title":true,"content":true,"excerpt":false},"ja":{"title":true,"content":true,"excerpt":false},"es":{"title":true,"content":true,"excerpt":false},"pt":{"title":true,"content":true,"excerpt":false},"qc":{"title":true,"content":true,"excerpt":false},"gb":{"title":true,"content":true,"excerpt":false},"ir":{"title":false,"content":false,"excerpt":false},"nz":{"title":false,"content":false,"excerpt":false},"sa":{"title":false,"content":false,"excerpt":false},"in":{"title":true,"content":true,"excerpt":false}}},"acf":[],"yoast_head":"<!-- This site is optimized with the Yoast SEO plugin v20.11 - https:\/\/yoast.com\/wordpress\/plugins\/seo\/ -->\n<title>Baccarat | Elegant og spennende online Baccarat: Spill og vinn hjemmefra!<\/title>\n<meta name=\"description\" content=\"Opplev det sofistikerte til online baccarat fra hjemmet ditt. Dykk inn i en verden av spill med h\u00f8y innsats, hvor flaks m\u00f8ter strategi i dette klassiske kortspillet. Bli med n\u00e5 for \u00e5 nyte spenningen, utfordre ferdighetene dine og potensielt vinne store premier med hver h\u00e5nd.\" \/>\n<meta name=\"robots\" content=\"index, follow, max-snippet:-1, max-image-preview:large, max-video-preview:-1\" \/>\n<link rel=\"canonical\" href=\"https:\/\/slotsite.mediacle.net\/online-baccarat\/\" \/>\n<meta property=\"og:locale\" content=\"nb_NO\" \/>\n<meta property=\"og:type\" content=\"article\" \/>\n<meta property=\"og:title\" content=\"Baccarat | Elegant og spennende online Baccarat: Spill og vinn hjemmefra!\" \/>\n<meta property=\"og:description\" content=\"Opplev det sofistikerte til online baccarat fra hjemmet ditt. Dykk inn i en verden av spill med h\u00f8y innsats, hvor flaks m\u00f8ter strategi i dette klassiske kortspillet. Bli med n\u00e5 for \u00e5 nyte spenningen, utfordre ferdighetene dine og potensielt vinne store premier med hver h\u00e5nd.\" \/>\n<meta property=\"og:url\" content=\"https:\/\/slotsite.mediacle.net\/online-baccarat\/\" \/>\n<meta property=\"og:site_name\" content=\"Slotsite\" \/>\n<meta property=\"article:modified_time\" content=\"2023-08-31T09:57:58+00:00\" \/>\n<meta name=\"twitter:card\" content=\"summary_large_image\" \/>\n<meta name=\"twitter:label1\" content=\"Est. reading time\" \/>\n\t<meta name=\"twitter:data1\" content=\"8 minutes\" \/>\n<script type=\"application\/ld+json\" class=\"yoast-schema-graph\">{\"@context\":\"https:\/\/schema.org\",\"@graph\":[{\"@type\":\"WebPage\",\"@id\":\"https:\/\/slotsite.mediacle.net\/online-baccarat\/\",\"url\":\"https:\/\/slotsite.mediacle.net\/online-baccarat\/\",\"name\":\"Baccarat | Elegant and Exciting Online Baccarat: Play and Win from Home!\",\"isPartOf\":{\"@id\":\"https:\/\/slotsite.mediacle.net\/#website\"},\"datePublished\":\"2023-07-24T08:37:12+00:00\",\"dateModified\":\"2023-08-31T09:57:58+00:00\",\"description\":\"Experience the sophistication of online baccarat from the comfort of your home. Dive into the world of high-stakes gameplay, where luck meets strategy in this classic card game.\",\"breadcrumb\":{\"@id\":\"https:\/\/slotsite.mediacle.net\/online-baccarat\/#breadcrumb\"},\"inLanguage\":\"nb-NO\",\"potentialAction\":[{\"@type\":\"ReadAction\",\"target\":[\"https:\/\/slotsite.mediacle.net\/online-baccarat\/\"]}]},{\"@type\":\"BreadcrumbList\",\"@id\":\"https:\/\/slotsite.mediacle.net\/online-baccarat\/#breadcrumb\",\"itemListElement\":[{\"@type\":\"ListItem\",\"position\":1,\"name\":\"Home\",\"item\":\"https:\/\/slotsite.mediacle.net\/\"},{\"@type\":\"ListItem\",\"position\":2,\"name\":\"Online Baccarat Games\"}]},{\"@type\":\"WebSite\",\"@id\":\"https:\/\/slotsite.mediacle.net\/#website\",\"url\":\"https:\/\/slotsite.mediacle.net\/\",\"name\":\"Slotsite\",\"description\":\"\",\"potentialAction\":[{\"@type\":\"SearchAction\",\"target\":{\"@type\":\"EntryPoint\",\"urlTemplate\":\"https:\/\/slotsite.mediacle.net\/?s={search_term_string}\"},\"query-input\":\"required name=search_term_string\"}],\"inLanguage\":\"nb-NO\"}]}<\/script>\n<!-- \/ Yoast SEO plugin. -->","yoast_head_json":{"title":"Baccarat | Elegant og spennende online Baccarat: Spill og vinn hjemmefra!","description":"Opplev det sofistikerte til online baccarat fra hjemmet ditt. Dykk inn i en verden av spill med h\u00f8y innsats, hvor flaks m\u00f8ter strategi i dette klassiske kortspillet. Bli med n\u00e5 for \u00e5 nyte spenningen, utfordre ferdighetene dine og potensielt vinne store premier med hver h\u00e5nd.","robots":{"index":"index","follow":"follow","max-snippet":"max-snippet:-1","max-image-preview":"max-image-preview:large","max-video-preview":"max-video-preview:-1"},"canonical":"https:\/\/slotsite.mediacle.net\/online-baccarat\/","og_locale":"nb_NO","og_type":"article","og_title":"Baccarat | Elegant og spennende online Baccarat: Spill og vinn hjemmefra!","og_description":"Opplev det sofistikerte til online baccarat fra hjemmet ditt. Dykk inn i en verden av spill med h\u00f8y innsats, hvor flaks m\u00f8ter strategi i dette klassiske kortspillet. Bli med n\u00e5 for \u00e5 nyte spenningen, utfordre ferdighetene dine og potensielt vinne store premier med hver h\u00e5nd.","og_url":"https:\/\/slotsite.mediacle.net\/online-baccarat\/","og_site_name":"Slotsite","article_modified_time":"2023-08-31T09:57:58+00:00","twitter_card":"summary_large_image","twitter_misc":{"Est. reading time":"8 minutes"},"schema":{"@context":"https:\/\/schema.org","@graph":[{"@type":"WebPage","@id":"https:\/\/slotsite.mediacle.net\/online-baccarat\/","url":"https:\/\/slotsite.mediacle.net\/online-baccarat\/","name":"Baccarat | Elegant and Exciting Online Baccarat: Play and Win from Home!","isPartOf":{"@id":"https:\/\/slotsite.mediacle.net\/#website"},"datePublished":"2023-07-24T08:37:12+00:00","dateModified":"2023-08-31T09:57:58+00:00","description":"Experience the sophistication of online baccarat from the comfort of your home. Dive into the world of high-stakes gameplay, where luck meets strategy in this classic card game.","breadcrumb":{"@id":"https:\/\/slotsite.mediacle.net\/online-baccarat\/#breadcrumb"},"inLanguage":"nb-NO","potentialAction":[{"@type":"ReadAction","target":["https:\/\/slotsite.mediacle.net\/online-baccarat\/"]}]},{"@type":"BreadcrumbList","@id":"https:\/\/slotsite.mediacle.net\/online-baccarat\/#breadcrumb","itemListElement":[{"@type":"ListItem","position":1,"name":"Home","item":"https:\/\/slotsite.mediacle.net\/"},{"@type":"ListItem","position":2,"name":"Online Baccarat Games"}]},{"@type":"WebSite","@id":"https:\/\/slotsite.mediacle.net\/#website","url":"https:\/\/slotsite.mediacle.net\/","name":"Slotsite","description":"","potentialAction":[{"@type":"SearchAction","target":{"@type":"EntryPoint","urlTemplate":"https:\/\/slotsite.mediacle.net\/?s={search_term_string}"},"query-input":"required name=search_term_string"}],"inLanguage":"nb-NO"}]}},"_links":{"self":[{"href":"https:\/\/slotsite.mediacle.net\/no\/wp-json\/wp\/v2\/pages\/252","targetHints":{"allow":["GET"]}}],"collection":[{"href":"https:\/\/slotsite.mediacle.net\/no\/wp-json\/wp\/v2\/pages"}],"about":[{"href":"https:\/\/slotsite.mediacle.net\/no\/wp-json\/wp\/v2\/types\/page"}],"author":[{"embeddable":true,"href":"https:\/\/slotsite.mediacle.net\/no\/wp-json\/wp\/v2\/users\/1"}],"replies":[{"embeddable":true,"href":"https:\/\/slotsite.mediacle.net\/no\/wp-json\/wp\/v2\/comments?post=252"}],"version-history":[{"count":59,"href":"https:\/\/slotsite.mediacle.net\/no\/wp-json\/wp\/v2\/pages\/252\/revisions"}],"predecessor-version":[{"id":2358,"href":"https:\/\/slotsite.mediacle.net\/no\/wp-json\/wp\/v2\/pages\/252\/revisions\/2358"}],"wp:attachment":[{"href":"https:\/\/slotsite.mediacle.net\/no\/wp-json\/wp\/v2\/media?parent=252"}],"curies":[{"name":"wp","href":"https:\/\/api.w.org\/{rel}","templated":true}]}}