{"id":96,"date":"2023-05-26T11:51:27","date_gmt":"2023-05-26T11:51:27","guid":{"rendered":"https:\/\/slotsite.mediacle.net\/?page_id=96"},"modified":"2023-08-24T11:26:33","modified_gmt":"2023-08-24T11:26:33","slug":"slots","status":"publish","type":"page","link":"https:\/\/slotsite.mediacle.net\/no\/spilleautomater\/","title":{"rendered":"spilleautomater"},"content":{"rendered":"<h2 style=\"text-align: justify;\"><strong>Nyt nye online spilleautomater som lanseres hver uke p\u00e5 SlotSite.com Casino!<\/strong><\/h2>\n<p style=\"text-align: justify;\">Ta steget inn i en verden der kreativiteten ikke kjenner noen grenser n\u00e5r spilleautomatdesignstudioene gir liv til fascinerende temaer i spillene sine. P\u00e5 SlotSite.com presenterer vi over 75 spilleverand\u00f8rer som tilbyr et bredt utvalg av popul\u00e6re temaer som er n\u00f8ye utformet for \u00e5 skape fengslende karakterer, fantastiske atmosf\u00e6rer og fristende symboler. Hver m\u00e5ned tester vi nye spill selv f\u00f8rst, og hvis vi mener at det er noe spillerne v\u00e5re vil like, legger vi det ut p\u00e5 plattformen v\u00e5r kort tid etterp\u00e5. Sjekk ut de nyeste spillene v\u00e5re her!<\/p>\n<p style=\"text-align: justify;\">Spilleautomattemaer som setter fantasien i sving:<\/p>\n<p style=\"text-align: justify;\">Hvert tema lar deg fordype deg i en unik setting, komplett med n\u00f8ye utformede figurer, unike bakgrunner, spillelyder og symboler som passer perfekt til historien. La oss se n\u00e6rmere p\u00e5 noen popul\u00e6re temaer som har trollbundet spillere over hele verden:<\/p>\n<h2 style=\"text-align: justify;\"><strong>Frukt spilleautomat Temaer:<\/strong><\/h2>\n<p style=\"text-align: justify;\">Fruit Fiestas! Nyt en smak av klassisk nostalgi med nye spilleautomater med frukttema som minner om sjarmen til tradisjonelle spilleautomater. Opplev de saftige gledene i &#8220;Fruit Bonanza&#8221; eller &#8220;Fruity Burst&#8221;.<\/p>\n<h2 style=\"text-align: justify;\"><strong>Dyreautomater Temaer:<\/strong><\/h2>\n<p style=\"text-align: justify;\">Dyrenes rike! Legg ut p\u00e5 ville eventyr med spilleautomater med s\u00f8te og majestetiske skapninger. M\u00f8t l\u00f8ver, elefanter og sjiraffer i &#8220;Safari of Wealth&#8221; eller dykk ned i havets dyp med &#8220;Gods of Seas&#8221;.<\/p>\n<h2 style=\"text-align: justify;\"><strong>Spilleautomater for sport Temaer:<\/strong><\/h2>\n<p style=\"text-align: justify;\">Sportslig \u00e6re! F\u00f8l seiersgleden med spilleautomater med sportstema som fanger spenningen fra favorittspillene dine. Vinn store gevinster p\u00e5 fotballbanen med &#8220;Foxin Wins Football&#8221; eller fang noe stort i &#8220;Fishing Frenzy Megaways&#8221;.<\/p>\n<h2 style=\"text-align: justify;\"><strong>Spesifikke spilleautomater og spilleautomater med h\u00f8ytidstema:<\/strong><\/h2>\n<p style=\"text-align: justify;\">Ferieglede! Feir den festlige stemningen \u00e5ret rundt med spilleautomater med h\u00f8ytidstema. Dra til stranden og kos deg med finurlige figurer, eller ring inn h\u00f8ytiden med &#8220;Jingle Bells Power Reels&#8221;. Nyt h\u00f8sten med &#8220;Tricks and Treats&#8221;.<\/p>\n<h2 style=\"text-align: justify;\"><strong>Musikalske spilleautomater Temaer:<\/strong><\/h2>\n<p style=\"text-align: justify;\">Musikalske melodier! La rytmen styre spinnene dine med spilleautomater med musikktema som vekker scenen til live. Rock ut med &#8220;Guns and Roses&#8221; eller dans til rytmene med &#8220;Disco Danny&#8221;.<\/p>\n<h2 style=\"text-align: justify;\"><strong>Online spilleautomater med juvel- og edelsteintema:<\/strong><\/h2>\n<p style=\"text-align: justify;\">Jewel Quest! Oppdag en skattekiste av blendende edelstener og juveler i spilleautomater som glitrer av luksus. Skjem deg bort i glitter og glamour i &#8220;Diamond Vortex&#8221; eller s\u00f8k etter de legendariske &#8220;Emerald Isles&#8221; Skrapeloddene p\u00e5 nettet har ogs\u00e5 dyrebare edelsteintemaer!<\/p>\n<h2 style=\"text-align: justify;\"><strong>Spilleautomater med ville vesten-tema:<\/strong><\/h2>\n<p style=\"text-align: justify;\">Eventyr i det ville vesten! Sadel opp og ri inn i solnedgangen med spilleautomater som tar deg med til det utemmede grenselandet. Sl\u00e5 deg sammen med de lovl\u00f8se i &#8220;Sticky Bandits&#8221; eller s\u00f8k lykken i &#8220;Dead or Alive 2&#8221; Gj\u00f8r deg klar for eventyr med skytev\u00e5pen!<\/p>\n<h2 style=\"text-align: justify;\"><strong>Online spilleautomater med pirattema:<\/strong><\/h2>\n<p style=\"text-align: justify;\">Piratbytte! Sett seil p\u00e5 et sj\u00f8r\u00f8verskip og let etter skjulte skatter i spilleautomater som fanger sj\u00f8r\u00f8ver\u00e5nden. Bli med mannskapet i &#8220;Ghost Pirates&#8221; eller fang den beryktede kapteinen i &#8220;Cursed Seas&#8221;.<\/p>\n<h2 style=\"text-align: justify;\"><strong>Spilleautomater med skrekktema p\u00e5 nettet:<\/strong><\/h2>\n<p style=\"text-align: justify;\">Skrekk og gru! Tross m\u00f8rket og m\u00f8t frykten med spilleautomater som dykker ned i skrekkens verden. M\u00f8t vampyrer, varulver og sp\u00f8kelser, eller g\u00e5 inn i en skremmende atmosf\u00e6re med &#8220;Blood Suckers&#8221;.<\/p>\n<h2 style=\"text-align: justify;\"><strong>Spilleautomater p\u00e5 nett med antikkens sivilisasjon som tema:<\/strong><\/h2>\n<p style=\"text-align: justify;\">Ancient Journeys! Reis tilbake i tid og avdekk mysterier fra oldtidens sivilisasjoner. G\u00e5 som en egypter i &#8220;Pharaoh&#8217;s Fortune&#8221; eller erobre Romerriket i &#8220;Gladiator Legends&#8221;.<\/p>\n<h2 style=\"text-align: justify;\"><strong>Online spilleautomater med fantasy-tema:<\/strong><\/h2>\n<p style=\"text-align: justify;\">Mytiske riker! Fordyp deg i fantastiske verdener av myter og legender. M\u00f8t mystiske enhj\u00f8rninger i &#8220;Divine Fortune Megaways&#8221; eller ta steget inn i gudenes rike i &#8220;Apollo Pays <u>Megaways<\/u>&#8220;.<\/p>\n<h2 style=\"text-align: justify;\"><strong>Spilleautomater med undervannstema:<\/strong><\/h2>\n<p style=\"text-align: justify;\">Undervannsunderverk! Dykk ned i havets dyp og oppdag en verden full av marint liv. Sv\u00f8m sammen med fargerike fisker og utforsk korallrev i &#8220;Ocean&#8217;s Treasure&#8221; eller s\u00f8k etter det legendariske &#8220;Atlantis&#8221;.<\/p>\n<h2 style=\"text-align: justify;\"><strong>Spilleautomater p\u00e5 nettet med asiatisk fantasy-tema:<\/strong><\/h2>\n<p style=\"text-align: justify;\">Orientalske herligheter! Opplev \u00d8stens tiltrekningskraft med spilleautomater inspirert av den orientalske verdens rike kultur og tradisjoner. Finn roen i den vakre &#8220;Zen Garden&#8221; eller dra p\u00e5 lykkejakt i &#8220;Koi Princess&#8221;.<\/p>\n<h2 style=\"text-align: justify;\"><strong>Spilleautomater med eventyrtema:<\/strong><\/h2>\n<p style=\"text-align: justify;\">Episke eventyr! Legg ut p\u00e5 spennende eventyr med spilleautomater som tar deg med til eksotiske steder og unike omgivelser. Bli med de uredde oppdagelsesreisende Rich og Cat Wilde p\u00e5 jakt etter skjulte skatter i &#8220;Book of Dead Series&#8221;, eller opplev spenningen p\u00e5 en romodyss\u00e9 i &#8220;Reactoonz&#8221; eller forl\u00f8peren &#8220;Energoonz&#8221;.<\/p>\n<h2 style=\"text-align: justify;\"><strong>Merkede spilleautomater:<\/strong><\/h2>\n<p style=\"text-align: justify;\">Kos deg med popul\u00e6re tegneserier, filmer, TV-serier og kjendiser med v\u00e5rt imponerende utvalg av spilleautomater. G\u00e5 inn i superheltenes sko eller sl\u00e5 deg sammen med dine kj\u00e6re figurer i &#8220;Game of Thrones &#8211; Power Stacks&#8221; med en rekke funksjoner, inkludert gratisspinn og en link &amp; win-bonus!<\/p>\n<p style=\"text-align: justify;\">Bli med oss p\u00e5 SlotSite.com Casino og la deg begeistre av nye spilleautomater p\u00e5 nettet. Med v\u00e5r stadig voksende samling og kontinuerlige oppdateringer vil du alltid finne noe nytt \u00e5 spille!<\/p>\n<p style=\"text-align: justify;\">Tips for \u00e5 maksimere spillingen p\u00e5 spilleautomater:<\/p>\n<p style=\"text-align: justify;\">Utforsk ulike temaer: Med et s\u00e5 stort utvalg av temaer tilgjengelig, b\u00f8r du ikke n\u00f8le med \u00e5 pr\u00f8ve ulike spilleautomater for \u00e5 finne dine favoritter.<\/p>\n<p style=\"text-align: justify;\">Sjekk utbetalingstabellen og RTP: Gj\u00f8r deg kjent med spillets RTP og utbetalingstabell for \u00e5 forst\u00e5 verdien av hvert symbol og de potensielle utbetalingene.<\/p>\n<p style=\"text-align: justify;\">Sett av tid og budsjett: Dette sikrer ansvarlig og hyggelig spilling. Husk at pengespill kan v\u00e6re avhengighetsskapende.<\/p>\n","protected":false},"excerpt":{"rendered":"<p>Nyt nye online spilleautomater som lanseres hver uke p\u00e5 SlotSite.com Casino! Ta steget inn i en verden der kreativiteten ikke kjenner noen grenser n\u00e5r spilleautomatdesignstudioene gir liv til fascinerende temaer i spillene sine. P\u00e5 SlotSite.com presenterer vi over 75 spilleverand\u00f8rer som tilbyr et bredt utvalg av popul\u00e6re temaer som er n\u00f8ye utformet for \u00e5 skape [&hellip;]<\/p>\n","protected":false},"author":1,"featured_media":0,"parent":0,"menu_order":0,"comment_status":"closed","ping_status":"closed","template":"templates\/category.php","meta":{"footnotes":""},"class_list":["post-96","page","type-page","status-publish","hentry"],"translation":{"provider":"WPGlobus","version":"2.12.2","language":"no","enabled_languages":["en","ca","fi","no","ja","es","pt","qc","gb","ir","nz","sa","in"],"languages":{"en":{"title":true,"content":true,"excerpt":false},"ca":{"title":true,"content":true,"excerpt":false},"fi":{"title":true,"content":false,"excerpt":false},"no":{"title":true,"content":true,"excerpt":false},"ja":{"title":true,"content":true,"excerpt":false},"es":{"title":true,"content":true,"excerpt":false},"pt":{"title":true,"content":true,"excerpt":false},"qc":{"title":true,"content":true,"excerpt":false},"gb":{"title":true,"content":false,"excerpt":false},"ir":{"title":true,"content":false,"excerpt":false},"nz":{"title":true,"content":false,"excerpt":false},"sa":{"title":true,"content":false,"excerpt":false},"in":{"title":true,"content":true,"excerpt":false}}},"acf":[],"yoast_head":"<!-- This site is optimized with the Yoast SEO plugin v20.11 - https:\/\/yoast.com\/wordpress\/plugins\/seo\/ -->\n<title>Spill og vinn p\u00e5 de beste spilleautomatene p\u00e5 nett | Spennende kasinospilleautomater ved fingertuppene<\/title>\n<meta name=\"description\" content=\"Experience the thrill of online slot machines at their finest. Spin the reels and chase big wins with our wide selection of casino slots. Join now for an immersive gaming adventure and a chance to win real rewards!\" \/>\n<meta name=\"robots\" content=\"index, follow, max-snippet:-1, max-image-preview:large, max-video-preview:-1\" \/>\n<link rel=\"canonical\" href=\"https:\/\/slotsite.mediacle.net\/slots\/\" \/>\n<meta property=\"og:locale\" content=\"nb_NO\" \/>\n<meta property=\"og:type\" content=\"article\" \/>\n<meta property=\"og:title\" content=\"Spill og vinn p\u00e5 de beste spilleautomatene p\u00e5 nett | Spennende kasinospilleautomater ved fingertuppene\" \/>\n<meta property=\"og:description\" content=\"Experience the thrill of online slot machines at their finest. Spin the reels and chase big wins with our wide selection of casino slots. Join now for an immersive gaming adventure and a chance to win real rewards!\" \/>\n<meta property=\"og:url\" content=\"https:\/\/slotsite.mediacle.net\/slots\/\" \/>\n<meta property=\"og:site_name\" content=\"Slotsite\" \/>\n<meta property=\"article:modified_time\" content=\"2023-08-24T11:26:33+00:00\" \/>\n<meta name=\"twitter:card\" content=\"summary_large_image\" \/>\n<meta name=\"twitter:label1\" content=\"Est. reading time\" \/>\n\t<meta name=\"twitter:data1\" content=\"6 minutes\" \/>\n<script type=\"application\/ld+json\" class=\"yoast-schema-graph\">{\"@context\":\"https:\/\/schema.org\",\"@graph\":[{\"@type\":\"WebPage\",\"@id\":\"https:\/\/slotsite.mediacle.net\/slots\/\",\"url\":\"https:\/\/slotsite.mediacle.net\/slots\/\",\"name\":\"Spill og vinn p\u00e5 de beste spilleautomatene p\u00e5 nett | Spennende kasinospilleautomater ved fingertuppene\",\"isPartOf\":{\"@id\":\"https:\/\/slotsite.mediacle.net\/#website\"},\"datePublished\":\"2023-05-26T11:51:27+00:00\",\"dateModified\":\"2023-08-24T11:26:33+00:00\",\"description\":\"Experience the thrill of online slot machines at their finest. Spin the reels and chase big wins with our wide selection of casino slots. Join now for an immersive gaming adventure and a chance to win real rewards!\",\"breadcrumb\":{\"@id\":\"https:\/\/slotsite.mediacle.net\/slots\/#breadcrumb\"},\"inLanguage\":\"nb-NO\",\"potentialAction\":[{\"@type\":\"ReadAction\",\"target\":[\"https:\/\/slotsite.mediacle.net\/slots\/\"]}]},{\"@type\":\"BreadcrumbList\",\"@id\":\"https:\/\/slotsite.mediacle.net\/slots\/#breadcrumb\",\"itemListElement\":[{\"@type\":\"ListItem\",\"position\":1,\"name\":\"Home\",\"item\":\"https:\/\/slotsite.mediacle.net\/\"},{\"@type\":\"ListItem\",\"position\":2,\"name\":\"Online Slot Site Games\"}]},{\"@type\":\"WebSite\",\"@id\":\"https:\/\/slotsite.mediacle.net\/#website\",\"url\":\"https:\/\/slotsite.mediacle.net\/\",\"name\":\"Slotsite\",\"description\":\"\",\"potentialAction\":[{\"@type\":\"SearchAction\",\"target\":{\"@type\":\"EntryPoint\",\"urlTemplate\":\"https:\/\/slotsite.mediacle.net\/?s={search_term_string}\"},\"query-input\":\"required name=search_term_string\"}],\"inLanguage\":\"nb-NO\"}]}<\/script>\n<!-- \/ Yoast SEO plugin. -->","yoast_head_json":{"title":"Spill og vinn p\u00e5 de beste spilleautomatene p\u00e5 nett | Spennende kasinospilleautomater ved fingertuppene","description":"Experience the thrill of online slot machines at their finest. Spin the reels and chase big wins with our wide selection of casino slots. Join now for an immersive gaming adventure and a chance to win real rewards!","robots":{"index":"index","follow":"follow","max-snippet":"max-snippet:-1","max-image-preview":"max-image-preview:large","max-video-preview":"max-video-preview:-1"},"canonical":"https:\/\/slotsite.mediacle.net\/slots\/","og_locale":"nb_NO","og_type":"article","og_title":"Spill og vinn p\u00e5 de beste spilleautomatene p\u00e5 nett | Spennende kasinospilleautomater ved fingertuppene","og_description":"Experience the thrill of online slot machines at their finest. Spin the reels and chase big wins with our wide selection of casino slots. Join now for an immersive gaming adventure and a chance to win real rewards!","og_url":"https:\/\/slotsite.mediacle.net\/slots\/","og_site_name":"Slotsite","article_modified_time":"2023-08-24T11:26:33+00:00","twitter_card":"summary_large_image","twitter_misc":{"Est. reading time":"6 minutes"},"schema":{"@context":"https:\/\/schema.org","@graph":[{"@type":"WebPage","@id":"https:\/\/slotsite.mediacle.net\/slots\/","url":"https:\/\/slotsite.mediacle.net\/slots\/","name":"Spill og vinn p\u00e5 de beste spilleautomatene p\u00e5 nett | Spennende kasinospilleautomater ved fingertuppene","isPartOf":{"@id":"https:\/\/slotsite.mediacle.net\/#website"},"datePublished":"2023-05-26T11:51:27+00:00","dateModified":"2023-08-24T11:26:33+00:00","description":"Experience the thrill of online slot machines at their finest. Spin the reels and chase big wins with our wide selection of casino slots. Join now for an immersive gaming adventure and a chance to win real rewards!","breadcrumb":{"@id":"https:\/\/slotsite.mediacle.net\/slots\/#breadcrumb"},"inLanguage":"nb-NO","potentialAction":[{"@type":"ReadAction","target":["https:\/\/slotsite.mediacle.net\/slots\/"]}]},{"@type":"BreadcrumbList","@id":"https:\/\/slotsite.mediacle.net\/slots\/#breadcrumb","itemListElement":[{"@type":"ListItem","position":1,"name":"Home","item":"https:\/\/slotsite.mediacle.net\/"},{"@type":"ListItem","position":2,"name":"Online Slot Site Games"}]},{"@type":"WebSite","@id":"https:\/\/slotsite.mediacle.net\/#website","url":"https:\/\/slotsite.mediacle.net\/","name":"Slotsite","description":"","potentialAction":[{"@type":"SearchAction","target":{"@type":"EntryPoint","urlTemplate":"https:\/\/slotsite.mediacle.net\/?s={search_term_string}"},"query-input":"required name=search_term_string"}],"inLanguage":"nb-NO"}]}},"_links":{"self":[{"href":"https:\/\/slotsite.mediacle.net\/no\/wp-json\/wp\/v2\/pages\/96","targetHints":{"allow":["GET"]}}],"collection":[{"href":"https:\/\/slotsite.mediacle.net\/no\/wp-json\/wp\/v2\/pages"}],"about":[{"href":"https:\/\/slotsite.mediacle.net\/no\/wp-json\/wp\/v2\/types\/page"}],"author":[{"embeddable":true,"href":"https:\/\/slotsite.mediacle.net\/no\/wp-json\/wp\/v2\/users\/1"}],"replies":[{"embeddable":true,"href":"https:\/\/slotsite.mediacle.net\/no\/wp-json\/wp\/v2\/comments?post=96"}],"version-history":[{"count":46,"href":"https:\/\/slotsite.mediacle.net\/no\/wp-json\/wp\/v2\/pages\/96\/revisions"}],"predecessor-version":[{"id":2186,"href":"https:\/\/slotsite.mediacle.net\/no\/wp-json\/wp\/v2\/pages\/96\/revisions\/2186"}],"wp:attachment":[{"href":"https:\/\/slotsite.mediacle.net\/no\/wp-json\/wp\/v2\/media?parent=96"}],"curies":[{"name":"wp","href":"https:\/\/api.w.org\/{rel}","templated":true}]}}