{"id":138,"date":"2023-06-19T05:57:52","date_gmt":"2023-06-19T05:57:52","guid":{"rendered":"https:\/\/slotsite.mediacle.net\/?page_id=138"},"modified":"2023-08-30T14:02:50","modified_gmt":"2023-08-30T14:02:50","slug":"promotions","status":"publish","type":"page","link":"https:\/\/slotsite.mediacle.net\/pt\/promo%C3%A7%C3%B5es\/","title":{"rendered":"Promo\u00e7\u00f5es on-line"},"content":{"rendered":"<h2 style=\"text-align: justify;\"><strong>Bem-vindo ao Cassino do SlotSite.com: Sua porta de entrada para promo\u00e7\u00f5es emocionantes e b\u00f4nus lucrativos!<\/strong><\/h2>\n<p style=\"text-align: justify;\">No SlotSite.com Casino, acreditamos em oferecer aos nossos jogadores uma experi\u00eancia de jogo excepcional que vai al\u00e9m de apenas girar os rolos. \u00c9 por isso que criamos uma ampla gama de promo\u00e7\u00f5es, rodadas gr\u00e1tis e b\u00f4nus de cassino on-line para manter a emo\u00e7\u00e3o viva e recompensar nossos valiosos jogadores.<\/p>\n<h3 style=\"text-align: justify;\"><strong>Giros gr\u00e1tis:<\/strong><\/h3>\n<p style=\"text-align: justify;\">Prepare-se para um turbilh\u00e3o de rodadas gr\u00e1tis no SlotSite.com Casino! Acreditamos que girar os cilindros deve ser uma experi\u00eancia emocionante e que melhor maneira de aprimorar seu jogo do que com rodadas gr\u00e1tis em jogos de ca\u00e7a-n\u00edqueis populares? Fique de olho em nossas ofertas e ganhe rodadas gr\u00e1tis em jogos selecionados!<\/p>\n<h3 style=\"text-align: justify;\"><strong>Promo\u00e7\u00f5es:<\/strong><\/h3>\n<p style=\"text-align: justify;\">Nosso cassino est\u00e1 repleto de promo\u00e7\u00f5es empolgantes que s\u00e3o feitas sob medida para atender \u00e0s prefer\u00eancias de cada jogador. Desde pacotes de boas-vindas para novos jogadores at\u00e9 promo\u00e7\u00f5es cont\u00ednuas para nossos membros fi\u00e9is, sempre h\u00e1 algo especial acontecendo no SlotSite.com. Atualizamos constantemente nossas <a href=\"https:\/\/slotsite.mediacle.net\/pt\/promotions\/\"><u>promo\u00e7\u00f5es <\/u><\/a>para lhe trazer as ofertas mais recentes, garantindo que sua jornada de jogo seja repleta de recompensas!<\/p>\n<h3 style=\"text-align: justify;\"><strong>B\u00f4nus de cassino on-line:<\/strong><\/h3>\n<p style=\"text-align: justify;\">Temos orgulho dos nossos generosos b\u00f4nus de cassino on-line que d\u00e3o um impulso \u00e0 sua banca! Seja um b\u00f4nus equivalente ao seu dep\u00f3sito, ofertas de cashback sobre suas perdas ou b\u00f4nus de recarga, temos tudo o que voc\u00ea precisa. Nossos b\u00f4nus v\u00eam com termos e condi\u00e7\u00f5es justos, garantindo que voc\u00ea possa aproveitar ao m\u00e1ximo seus fundos de b\u00f4nus e maximizar seu potencial.<\/p>\n<h3 style=\"text-align: justify;\"><strong>Como fazer a solicita\u00e7\u00e3o:<\/strong><\/h3>\n<p style=\"text-align: justify;\">Solicitar suas promo\u00e7\u00f5es, rodadas gr\u00e1tis e b\u00f4nus de cassino on-line no SlotSite.com Casino \u00e9 muito f\u00e1cil. Basta seguir as instru\u00e7\u00f5es fornecidas em cada promo\u00e7\u00e3o e voc\u00ea estar\u00e1 no caminho certo para aproveitar os benef\u00edcios adicionais em pouco tempo. Seja inserindo um c\u00f3digo de b\u00f4nus durante o processo de dep\u00f3sito ou optando por uma promo\u00e7\u00e3o espec\u00edfica, n\u00e3o se esque\u00e7a de se inscrever para receber nossas ofertas clicando em SIM na parte inferior da se\u00e7\u00e3o da sua conta na \u00e1rea de membros.<\/p>\n<p style=\"text-align: justify;\">Com a nossa incr\u00edvel sele\u00e7\u00e3o de jogos, transa\u00e7\u00f5es seguras com saques r\u00e1pidos e suporte ao cliente dedicado 24 horas por dia, 7 dias por semana, voc\u00ea pode se concentrar no que mais importa &#8211; aproveitar seus jogos de cassino favoritos e aumentar a divers\u00e3o!<\/p>\n<p style=\"text-align: justify;\">Lembre-se sempre de conhecer e estabelecer seus limites. Jogue com responsabilidade. O jogo pode ser viciante. <a href=\"https:\/\/casino.slotsite.com\/terms-conditions-info\"><u>Termos e condi\u00e7\u00f5es <\/u><\/a>aplic\u00e1veis.<\/p>\n","protected":false},"excerpt":{"rendered":"<p>Bem-vindo ao Cassino do SlotSite.com: Sua porta de entrada para promo\u00e7\u00f5es emocionantes e b\u00f4nus lucrativos! No SlotSite.com Casino, acreditamos em oferecer aos nossos jogadores uma experi\u00eancia de jogo excepcional que vai al\u00e9m de apenas girar os rolos. \u00c9 por isso que criamos uma ampla gama de promo\u00e7\u00f5es, rodadas gr\u00e1tis e b\u00f4nus de cassino on-line para [&hellip;]<\/p>\n","protected":false},"author":1,"featured_media":0,"parent":0,"menu_order":0,"comment_status":"closed","ping_status":"closed","template":"templates\/promotion-template.php","meta":{"footnotes":""},"class_list":["post-138","page","type-page","status-publish","hentry"],"translation":{"provider":"WPGlobus","version":"2.12.2","language":"pt","enabled_languages":["en","ca","fi","no","ja","es","pt","qc","gb","ir","nz","sa","in"],"languages":{"en":{"title":true,"content":true,"excerpt":false},"ca":{"title":true,"content":true,"excerpt":false},"fi":{"title":true,"content":true,"excerpt":false},"no":{"title":true,"content":true,"excerpt":false},"ja":{"title":true,"content":true,"excerpt":false},"es":{"title":true,"content":true,"excerpt":false},"pt":{"title":true,"content":true,"excerpt":false},"qc":{"title":true,"content":true,"excerpt":false},"gb":{"title":true,"content":true,"excerpt":false},"ir":{"title":false,"content":false,"excerpt":false},"nz":{"title":false,"content":false,"excerpt":false},"sa":{"title":false,"content":false,"excerpt":false},"in":{"title":true,"content":true,"excerpt":false}}},"acf":[],"yoast_head":"<!-- This site is optimized with the Yoast SEO plugin v20.11 - https:\/\/yoast.com\/wordpress\/plugins\/seo\/ -->\n<title>Promo\u00e7\u00f5es Imperd\u00edveis do Casino: Impulsione o Seu Jogo com Ofertas Exclusivas!<\/title>\n<meta name=\"description\" content=\"Explore nossa atraente variedade de promo\u00e7\u00f5es exclusivas de cassino. De generosos b\u00f4nus de boas-vindas a emocionantes ofertas semanais, potencialize sua experi\u00eancia de jogo com ofertas imbat\u00edveis. Cadastre-se agora para maximizar seu potencial de vit\u00f3ria e aproveitar a melhor jornada de cassino online com nossas promo\u00e7\u00f5es excepcionais.\" \/>\n<meta name=\"robots\" content=\"index, follow, max-snippet:-1, max-image-preview:large, max-video-preview:-1\" \/>\n<link rel=\"canonical\" href=\"https:\/\/slotsite.mediacle.net\/promotions\/\" \/>\n<meta property=\"og:locale\" content=\"pt_PT\" \/>\n<meta property=\"og:type\" content=\"article\" \/>\n<meta property=\"og:title\" content=\"Promo\u00e7\u00f5es Imperd\u00edveis do Casino: Impulsione o Seu Jogo com Ofertas Exclusivas!\" \/>\n<meta property=\"og:description\" content=\"Explore nossa atraente variedade de promo\u00e7\u00f5es exclusivas de cassino. De generosos b\u00f4nus de boas-vindas a emocionantes ofertas semanais, potencialize sua experi\u00eancia de jogo com ofertas imbat\u00edveis. Cadastre-se agora para maximizar seu potencial de vit\u00f3ria e aproveitar a melhor jornada de cassino online com nossas promo\u00e7\u00f5es excepcionais.\" \/>\n<meta property=\"og:url\" content=\"https:\/\/slotsite.mediacle.net\/promotions\/\" \/>\n<meta property=\"og:site_name\" content=\"Slotsite\" \/>\n<meta property=\"article:modified_time\" content=\"2023-08-30T14:02:50+00:00\" \/>\n<meta name=\"twitter:card\" content=\"summary_large_image\" \/>\n<meta name=\"twitter:label1\" content=\"Est. reading time\" \/>\n\t<meta name=\"twitter:data1\" content=\"2 minutes\" \/>\n<script type=\"application\/ld+json\" class=\"yoast-schema-graph\">{\"@context\":\"https:\/\/schema.org\",\"@graph\":[{\"@type\":\"WebPage\",\"@id\":\"https:\/\/slotsite.mediacle.net\/promotions\/\",\"url\":\"https:\/\/slotsite.mediacle.net\/promotions\/\",\"name\":\"Unmissable Casino Promotions: Boost Your Play with Exclusive Offers!\",\"isPartOf\":{\"@id\":\"https:\/\/slotsite.mediacle.net\/#website\"},\"datePublished\":\"2023-06-19T05:57:52+00:00\",\"dateModified\":\"2023-08-30T14:02:50+00:00\",\"description\":\"Explore our enticing range of exclusive casino promotions. From generous welcome bonuses to exciting weekly offers, supercharge your gaming experience with unbeatable deals. Join now to maximize your winning potential and enjoy the ultimate online casino journey with our exceptional promotions.\",\"breadcrumb\":{\"@id\":\"https:\/\/slotsite.mediacle.net\/promotions\/#breadcrumb\"},\"inLanguage\":\"pt-PT\",\"potentialAction\":[{\"@type\":\"ReadAction\",\"target\":[\"https:\/\/slotsite.mediacle.net\/promotions\/\"]}]},{\"@type\":\"BreadcrumbList\",\"@id\":\"https:\/\/slotsite.mediacle.net\/promotions\/#breadcrumb\",\"itemListElement\":[{\"@type\":\"ListItem\",\"position\":1,\"name\":\"Home\",\"item\":\"https:\/\/slotsite.mediacle.net\/\"},{\"@type\":\"ListItem\",\"position\":2,\"name\":\"Promotions\u00a0\"}]},{\"@type\":\"WebSite\",\"@id\":\"https:\/\/slotsite.mediacle.net\/#website\",\"url\":\"https:\/\/slotsite.mediacle.net\/\",\"name\":\"Slotsite\",\"description\":\"\",\"potentialAction\":[{\"@type\":\"SearchAction\",\"target\":{\"@type\":\"EntryPoint\",\"urlTemplate\":\"https:\/\/slotsite.mediacle.net\/?s={search_term_string}\"},\"query-input\":\"required name=search_term_string\"}],\"inLanguage\":\"pt-PT\"}]}<\/script>\n<!-- \/ Yoast SEO plugin. -->","yoast_head_json":{"title":"Promo\u00e7\u00f5es Imperd\u00edveis do Casino: Impulsione o Seu Jogo com Ofertas Exclusivas!","description":"Explore nossa atraente variedade de promo\u00e7\u00f5es exclusivas de cassino. De generosos b\u00f4nus de boas-vindas a emocionantes ofertas semanais, potencialize sua experi\u00eancia de jogo com ofertas imbat\u00edveis. Cadastre-se agora para maximizar seu potencial de vit\u00f3ria e aproveitar a melhor jornada de cassino online com nossas promo\u00e7\u00f5es excepcionais.","robots":{"index":"index","follow":"follow","max-snippet":"max-snippet:-1","max-image-preview":"max-image-preview:large","max-video-preview":"max-video-preview:-1"},"canonical":"https:\/\/slotsite.mediacle.net\/promotions\/","og_locale":"pt_PT","og_type":"article","og_title":"Promo\u00e7\u00f5es Imperd\u00edveis do Casino: Impulsione o Seu Jogo com Ofertas Exclusivas!","og_description":"Explore nossa atraente variedade de promo\u00e7\u00f5es exclusivas de cassino. De generosos b\u00f4nus de boas-vindas a emocionantes ofertas semanais, potencialize sua experi\u00eancia de jogo com ofertas imbat\u00edveis. Cadastre-se agora para maximizar seu potencial de vit\u00f3ria e aproveitar a melhor jornada de cassino online com nossas promo\u00e7\u00f5es excepcionais.","og_url":"https:\/\/slotsite.mediacle.net\/promotions\/","og_site_name":"Slotsite","article_modified_time":"2023-08-30T14:02:50+00:00","twitter_card":"summary_large_image","twitter_misc":{"Est. reading time":"2 minutes"},"schema":{"@context":"https:\/\/schema.org","@graph":[{"@type":"WebPage","@id":"https:\/\/slotsite.mediacle.net\/promotions\/","url":"https:\/\/slotsite.mediacle.net\/promotions\/","name":"Unmissable Casino Promotions: Boost Your Play with Exclusive Offers!","isPartOf":{"@id":"https:\/\/slotsite.mediacle.net\/#website"},"datePublished":"2023-06-19T05:57:52+00:00","dateModified":"2023-08-30T14:02:50+00:00","description":"Explore our enticing range of exclusive casino promotions. From generous welcome bonuses to exciting weekly offers, supercharge your gaming experience with unbeatable deals. Join now to maximize your winning potential and enjoy the ultimate online casino journey with our exceptional promotions.","breadcrumb":{"@id":"https:\/\/slotsite.mediacle.net\/promotions\/#breadcrumb"},"inLanguage":"pt-PT","potentialAction":[{"@type":"ReadAction","target":["https:\/\/slotsite.mediacle.net\/promotions\/"]}]},{"@type":"BreadcrumbList","@id":"https:\/\/slotsite.mediacle.net\/promotions\/#breadcrumb","itemListElement":[{"@type":"ListItem","position":1,"name":"Home","item":"https:\/\/slotsite.mediacle.net\/"},{"@type":"ListItem","position":2,"name":"Promotions\u00a0"}]},{"@type":"WebSite","@id":"https:\/\/slotsite.mediacle.net\/#website","url":"https:\/\/slotsite.mediacle.net\/","name":"Slotsite","description":"","potentialAction":[{"@type":"SearchAction","target":{"@type":"EntryPoint","urlTemplate":"https:\/\/slotsite.mediacle.net\/?s={search_term_string}"},"query-input":"required name=search_term_string"}],"inLanguage":"pt-PT"}]}},"_links":{"self":[{"href":"https:\/\/slotsite.mediacle.net\/pt\/wp-json\/wp\/v2\/pages\/138","targetHints":{"allow":["GET"]}}],"collection":[{"href":"https:\/\/slotsite.mediacle.net\/pt\/wp-json\/wp\/v2\/pages"}],"about":[{"href":"https:\/\/slotsite.mediacle.net\/pt\/wp-json\/wp\/v2\/types\/page"}],"author":[{"embeddable":true,"href":"https:\/\/slotsite.mediacle.net\/pt\/wp-json\/wp\/v2\/users\/1"}],"replies":[{"embeddable":true,"href":"https:\/\/slotsite.mediacle.net\/pt\/wp-json\/wp\/v2\/comments?post=138"}],"version-history":[{"count":109,"href":"https:\/\/slotsite.mediacle.net\/pt\/wp-json\/wp\/v2\/pages\/138\/revisions"}],"predecessor-version":[{"id":2269,"href":"https:\/\/slotsite.mediacle.net\/pt\/wp-json\/wp\/v2\/pages\/138\/revisions\/2269"}],"wp:attachment":[{"href":"https:\/\/slotsite.mediacle.net\/pt\/wp-json\/wp\/v2\/media?parent=138"}],"curies":[{"name":"wp","href":"https:\/\/api.w.org\/{rel}","templated":true}]}}