{"id":173,"date":"2023-07-10T06:20:04","date_gmt":"2023-07-10T06:20:04","guid":{"rendered":"https:\/\/slotsite.mediacle.net\/?page_id=173"},"modified":"2023-08-31T08:45:10","modified_gmt":"2023-08-31T08:45:10","slug":"jackpots","status":"publish","type":"page","link":"https:\/\/slotsite.mediacle.net\/pt\/jackpots\/","title":{"rendered":"Ganhos de Jackpot Fixo"},"content":{"rendered":"<p style=\"text-align: justify;\">Ganhos de Jackpot Fixo: Nos ca\u00e7a-n\u00edqueis de jackpot fixo, ao acertar a combina\u00e7\u00e3o espec\u00edfica necess\u00e1ria para o jackpot, voc\u00ea receber\u00e1 o valor do pr\u00eamio predeterminado. Os jackpots fixos geralmente t\u00eam n\u00edveis diferentes, com pagamentos mais altos para combina\u00e7\u00f5es mais desafiadoras. Continue girando e almejando esses pr\u00eamios de alto n\u00edvel!<\/p>\n<p style=\"text-align: justify;\">Persegui\u00e7\u00e3o do Jackpot Progressivo: Nos ca\u00e7a-n\u00edqueis de jackpot progressivo, o jackpot continua a crescer \u00e0 medida que os jogadores apostam no jogo. Embora as chances de ganhar o jackpot sejam raras, \u00e9 importante lembrar que cada rodada lhe d\u00e1 uma chance de ser o sortudo ganhador. Ao jogar, fique de olho no medidor de jackpot, que exibe o valor do pr\u00eamio atual. O suspense aumenta a cada aposta, pois voc\u00ea espera acionar o recurso de jackpot e reivindicar o pr\u00eamio que mudar\u00e1 sua vida. \u00c9 um jogo divertido, cheio de expectativa e emo\u00e7\u00e3o.<\/p>\n<h2 style=\"text-align: justify;\"><strong>Por que escolher os jogos de ca\u00e7a-n\u00edqueis Jackpot no cassino do SlotSite.com?<\/strong><\/h2>\n<p style=\"text-align: justify;\">Variedade: Nossos jogos de ca\u00e7a-n\u00edqueis com jackpot v\u00eam em uma variedade de temas, garantindo que haja algo para todos os gostos dos jogadores. De personagens populares a civiliza\u00e7\u00f5es antigas e criaturas m\u00edticas, de miss\u00f5es cheias de aventura a jogos inspirados em Hollywood, a escolha \u00e9 sua.<\/p>\n<p style=\"text-align: justify;\">Ganhos que mudam sua vida: Tanto nos ca\u00e7a-n\u00edqueis com jackpot fixo quanto nos ca\u00e7a-n\u00edqueis com jackpot progressivo, voc\u00ea tem a chance de ganhar quantias substanciais de dinheiro. Um \u00fanico giro pode transformar seus sonhos em realidade.<\/p>\n<p style=\"text-align: justify;\">Jogabilidade divertida: Os jogos de ca\u00e7a-n\u00edqueis de jackpot s\u00e3o projetados para serem divertidos com diferentes recursos de jogabilidade envolventes. Experimente os enormes jackpots no estilo de Las Vegas no conforto de sua casa.<\/p>\n<p style=\"text-align: justify;\">Jogos para celular: Aproveite a emo\u00e7\u00e3o dos ca\u00e7a-n\u00edqueis de jackpot em qualquer lugar com nossa plataforma compat\u00edvel com dispositivos m\u00f3veis. Quer esteja jogando em seu smartphone ou tablet, nossos jogos s\u00e3o otimizados para uma \u00f3tima experi\u00eancia em qualquer dispositivo.<\/p>\n<h2 style=\"text-align: justify;\"><strong>Participe da aventura do Jackpot no cassino do SlotSite.com:<\/strong><\/h2>\n<p style=\"text-align: justify;\">Voc\u00ea est\u00e1 pronto para correr atr\u00e1s da emo\u00e7\u00e3o do jackpot e buscar os grandes pr\u00eamios? Registre-se no SlotSite.com Casino hoje mesmo para explorar nossa incr\u00edvel sele\u00e7\u00e3o de jogos de ca\u00e7a-n\u00edqueis com jackpot. Escolha entre os ca\u00e7a-n\u00edqueis de jackpot fixo e os de jackpot progressivo e aproveite a possibilidade de ganhar pr\u00eamios enormes! Lembre-se sempre de conhecer e estabelecer seus limites. Jogue com responsabilidade. O jogo pode ser viciante.<\/p>\n","protected":false},"excerpt":{"rendered":"<p>Ganhos de Jackpot Fixo: Nos ca\u00e7a-n\u00edqueis de jackpot fixo, ao acertar a combina\u00e7\u00e3o espec\u00edfica necess\u00e1ria para o jackpot, voc\u00ea receber\u00e1 o valor do pr\u00eamio predeterminado. Os jackpots fixos geralmente t\u00eam n\u00edveis diferentes, com pagamentos mais altos para combina\u00e7\u00f5es mais desafiadoras. Continue girando e almejando esses pr\u00eamios de alto n\u00edvel! Persegui\u00e7\u00e3o do Jackpot Progressivo: Nos ca\u00e7a-n\u00edqueis [&hellip;]<\/p>\n","protected":false},"author":1,"featured_media":0,"parent":0,"menu_order":0,"comment_status":"closed","ping_status":"closed","template":"templates\/category.php","meta":{"footnotes":""},"class_list":["post-173","page","type-page","status-publish","hentry"],"translation":{"provider":"WPGlobus","version":"2.12.2","language":"pt","enabled_languages":["en","ca","fi","no","ja","es","pt","qc","gb","ir","nz","sa","in"],"languages":{"en":{"title":true,"content":true,"excerpt":false},"ca":{"title":true,"content":true,"excerpt":false},"fi":{"title":true,"content":true,"excerpt":false},"no":{"title":true,"content":true,"excerpt":false},"ja":{"title":true,"content":true,"excerpt":false},"es":{"title":true,"content":true,"excerpt":false},"pt":{"title":true,"content":true,"excerpt":false},"qc":{"title":true,"content":true,"excerpt":false},"gb":{"title":true,"content":true,"excerpt":false},"ir":{"title":false,"content":false,"excerpt":false},"nz":{"title":false,"content":false,"excerpt":false},"sa":{"title":false,"content":false,"excerpt":false},"in":{"title":true,"content":true,"excerpt":false}}},"acf":[],"yoast_head":"<!-- This site is optimized with the Yoast SEO plugin v20.11 - https:\/\/yoast.com\/wordpress\/plugins\/seo\/ -->\n<title>Procure vit\u00f3rias enormes: jogue jogos de jackpot progressivo e corra atr\u00e1s de grandes pr\u00eamios!<\/title>\n<meta name=\"description\" content=\"Descubra o fasc\u00ednio dos jogos de jackpot progressivo, onde cada aposta contribui para enormes pr\u00e9mios. Jogue agora para ter a chance de vit\u00f3rias transformadoras que continuam a crescer at\u00e9 serem conquistadas. Junte-se \u00e0 emo\u00e7\u00e3o e embarque em uma jornada para ganhar muito com nossa sele\u00e7\u00e3o de emocionantes jogos de jackpot progressivo.\" \/>\n<meta name=\"robots\" content=\"index, follow, max-snippet:-1, max-image-preview:large, max-video-preview:-1\" \/>\n<link rel=\"canonical\" href=\"https:\/\/slotsite.mediacle.net\/jackpots\/\" \/>\n<meta property=\"og:locale\" content=\"pt_PT\" \/>\n<meta property=\"og:type\" content=\"article\" \/>\n<meta property=\"og:title\" content=\"Procure vit\u00f3rias enormes: jogue jogos de jackpot progressivo e corra atr\u00e1s de grandes pr\u00eamios!\" \/>\n<meta property=\"og:description\" content=\"Descubra o fasc\u00ednio dos jogos de jackpot progressivo, onde cada aposta contribui para enormes pr\u00e9mios. Jogue agora para ter a chance de vit\u00f3rias transformadoras que continuam a crescer at\u00e9 serem conquistadas. Junte-se \u00e0 emo\u00e7\u00e3o e embarque em uma jornada para ganhar muito com nossa sele\u00e7\u00e3o de emocionantes jogos de jackpot progressivo.\" \/>\n<meta property=\"og:url\" content=\"https:\/\/slotsite.mediacle.net\/jackpots\/\" \/>\n<meta property=\"og:site_name\" content=\"Slotsite\" \/>\n<meta property=\"article:modified_time\" content=\"2023-08-31T08:45:10+00:00\" \/>\n<meta name=\"twitter:card\" content=\"summary_large_image\" \/>\n<meta name=\"twitter:label1\" content=\"Est. reading time\" \/>\n\t<meta name=\"twitter:data1\" content=\"6 minutes\" \/>\n<script type=\"application\/ld+json\" class=\"yoast-schema-graph\">{\"@context\":\"https:\/\/schema.org\",\"@graph\":[{\"@type\":\"WebPage\",\"@id\":\"https:\/\/slotsite.mediacle.net\/jackpots\/\",\"url\":\"https:\/\/slotsite.mediacle.net\/jackpots\/\",\"name\":\"\u092d\u093e\u0930\u0940 \u091c\u0940\u0924 \u0915\u0940 \u0924\u0932\u093e\u0936: \u092a\u094d\u0930\u0917\u0924\u093f\u0936\u0940\u0932 \u091c\u0948\u0915\u092a\u0949\u091f \u0917\u0947\u092e \u0916\u0947\u0932\u0947\u0902 \u0914\u0930 \u092c\u0921\u093c\u0947 \u092a\u0941\u0930\u0938\u094d\u0915\u093e\u0930\u094b\u0902 \u0915\u093e \u092a\u0940\u091b\u093e \u0915\u0930\u0947\u0902!\",\"isPartOf\":{\"@id\":\"https:\/\/slotsite.mediacle.net\/#website\"},\"datePublished\":\"2023-07-10T06:20:04+00:00\",\"dateModified\":\"2023-08-31T08:45:10+00:00\",\"description\":\"\u092a\u094d\u0930\u0917\u0924\u093f\u0936\u0940\u0932 \u091c\u0948\u0915\u092a\u0949\u091f \u0917\u0947\u092e \u0915\u0947 \u0906\u0915\u0930\u094d\u0937\u0923 \u0915\u0940 \u0916\u094b\u091c \u0915\u0930\u0947\u0902, \u091c\u0939\u093e\u0902 \u092a\u094d\u0930\u0924\u094d\u092f\u0947\u0915 \u0926\u093e\u0902\u0935 \u092c\u0921\u093c\u0947 \u092a\u0948\u092e\u093e\u0928\u0947 \u092a\u0930 \u092a\u0941\u0930\u0938\u094d\u0915\u093e\u0930 \u092a\u0942\u0932 \u092e\u0947\u0902 \u092f\u094b\u0917\u0926\u093e\u0928 \u0926\u0947\u0924\u093e \u0939\u0948\u0964 \u091c\u0940\u0935\u0928 \u092c\u0926\u0932\u0928\u0947 \u0935\u093e\u0932\u0940 \u091c\u0940\u0924 \u0915\u0947 \u0932\u093f\u090f \u0905\u092d\u0940 \u0916\u0947\u0932\u0947\u0902 \u091c\u094b \u0924\u092c \u0924\u0915 \u092c\u0922\u093c\u0924\u0940 \u0930\u0939\u0924\u0940 \u0939\u0948\u0902 \u091c\u092c \u0924\u0915 \u0915\u093f \u0909\u0928\u0915\u093e \u0926\u093e\u0935\u093e \u0928 \u0915\u0930 \u0932\u093f\u092f\u093e \u091c\u093e\u090f\u0964 \u0909\u0924\u094d\u0938\u093e\u0939 \u092e\u0947\u0902 \u0936\u093e\u092e\u093f\u0932 \u0939\u094b\u0902 \u0914\u0930 \u0930\u094b\u092e\u093e\u0902\u091a\u0915 \u092a\u094d\u0930\u0917\u0924\u093f\u0936\u0940\u0932 \u091c\u0948\u0915\u092a\u0949\u091f \u0917\u0947\u092e\u094d\u0938 \u0915\u0947 \u0939\u092e\u093e\u0930\u0947 \u091a\u092f\u0928 \u0915\u0947 \u0938\u093e\u0925 \u092c\u0921\u093c\u0940 \u091c\u0940\u0924 \u0915\u0940 \u092f\u093e\u0924\u094d\u0930\u093e \u0936\u0941\u0930\u0942 \u0915\u0930\u0947\u0902\u0964\",\"breadcrumb\":{\"@id\":\"https:\/\/slotsite.mediacle.net\/jackpots\/#breadcrumb\"},\"inLanguage\":\"pt-PT\",\"potentialAction\":[{\"@type\":\"ReadAction\",\"target\":[\"https:\/\/slotsite.mediacle.net\/jackpots\/\"]}]},{\"@type\":\"BreadcrumbList\",\"@id\":\"https:\/\/slotsite.mediacle.net\/jackpots\/#breadcrumb\",\"itemListElement\":[{\"@type\":\"ListItem\",\"position\":1,\"name\":\"Home\",\"item\":\"https:\/\/slotsite.mediacle.net\/\"},{\"@type\":\"ListItem\",\"position\":2,\"name\":\"Progressive Jackpot Slots\"}]},{\"@type\":\"WebSite\",\"@id\":\"https:\/\/slotsite.mediacle.net\/#website\",\"url\":\"https:\/\/slotsite.mediacle.net\/\",\"name\":\"Slotsite\",\"description\":\"\",\"potentialAction\":[{\"@type\":\"SearchAction\",\"target\":{\"@type\":\"EntryPoint\",\"urlTemplate\":\"https:\/\/slotsite.mediacle.net\/?s={search_term_string}\"},\"query-input\":\"required name=search_term_string\"}],\"inLanguage\":\"pt-PT\"}]}<\/script>\n<!-- \/ Yoast SEO plugin. -->","yoast_head_json":{"title":"Procure vit\u00f3rias enormes: jogue jogos de jackpot progressivo e corra atr\u00e1s de grandes pr\u00eamios!","description":"Descubra o fasc\u00ednio dos jogos de jackpot progressivo, onde cada aposta contribui para enormes pr\u00e9mios. Jogue agora para ter a chance de vit\u00f3rias transformadoras que continuam a crescer at\u00e9 serem conquistadas. Junte-se \u00e0 emo\u00e7\u00e3o e embarque em uma jornada para ganhar muito com nossa sele\u00e7\u00e3o de emocionantes jogos de jackpot progressivo.","robots":{"index":"index","follow":"follow","max-snippet":"max-snippet:-1","max-image-preview":"max-image-preview:large","max-video-preview":"max-video-preview:-1"},"canonical":"https:\/\/slotsite.mediacle.net\/jackpots\/","og_locale":"pt_PT","og_type":"article","og_title":"Procure vit\u00f3rias enormes: jogue jogos de jackpot progressivo e corra atr\u00e1s de grandes pr\u00eamios!","og_description":"Descubra o fasc\u00ednio dos jogos de jackpot progressivo, onde cada aposta contribui para enormes pr\u00e9mios. Jogue agora para ter a chance de vit\u00f3rias transformadoras que continuam a crescer at\u00e9 serem conquistadas. Junte-se \u00e0 emo\u00e7\u00e3o e embarque em uma jornada para ganhar muito com nossa sele\u00e7\u00e3o de emocionantes jogos de jackpot progressivo.","og_url":"https:\/\/slotsite.mediacle.net\/jackpots\/","og_site_name":"Slotsite","article_modified_time":"2023-08-31T08:45:10+00:00","twitter_card":"summary_large_image","twitter_misc":{"Est. reading time":"6 minutes"},"schema":{"@context":"https:\/\/schema.org","@graph":[{"@type":"WebPage","@id":"https:\/\/slotsite.mediacle.net\/jackpots\/","url":"https:\/\/slotsite.mediacle.net\/jackpots\/","name":"\u092d\u093e\u0930\u0940 \u091c\u0940\u0924 \u0915\u0940 \u0924\u0932\u093e\u0936: \u092a\u094d\u0930\u0917\u0924\u093f\u0936\u0940\u0932 \u091c\u0948\u0915\u092a\u0949\u091f \u0917\u0947\u092e \u0916\u0947\u0932\u0947\u0902 \u0914\u0930 \u092c\u0921\u093c\u0947 \u092a\u0941\u0930\u0938\u094d\u0915\u093e\u0930\u094b\u0902 \u0915\u093e \u092a\u0940\u091b\u093e \u0915\u0930\u0947\u0902!","isPartOf":{"@id":"https:\/\/slotsite.mediacle.net\/#website"},"datePublished":"2023-07-10T06:20:04+00:00","dateModified":"2023-08-31T08:45:10+00:00","description":"\u092a\u094d\u0930\u0917\u0924\u093f\u0936\u0940\u0932 \u091c\u0948\u0915\u092a\u0949\u091f \u0917\u0947\u092e \u0915\u0947 \u0906\u0915\u0930\u094d\u0937\u0923 \u0915\u0940 \u0916\u094b\u091c \u0915\u0930\u0947\u0902, \u091c\u0939\u093e\u0902 \u092a\u094d\u0930\u0924\u094d\u092f\u0947\u0915 \u0926\u093e\u0902\u0935 \u092c\u0921\u093c\u0947 \u092a\u0948\u092e\u093e\u0928\u0947 \u092a\u0930 \u092a\u0941\u0930\u0938\u094d\u0915\u093e\u0930 \u092a\u0942\u0932 \u092e\u0947\u0902 \u092f\u094b\u0917\u0926\u093e\u0928 \u0926\u0947\u0924\u093e \u0939\u0948\u0964 \u091c\u0940\u0935\u0928 \u092c\u0926\u0932\u0928\u0947 \u0935\u093e\u0932\u0940 \u091c\u0940\u0924 \u0915\u0947 \u0932\u093f\u090f \u0905\u092d\u0940 \u0916\u0947\u0932\u0947\u0902 \u091c\u094b \u0924\u092c \u0924\u0915 \u092c\u0922\u093c\u0924\u0940 \u0930\u0939\u0924\u0940 \u0939\u0948\u0902 \u091c\u092c \u0924\u0915 \u0915\u093f \u0909\u0928\u0915\u093e \u0926\u093e\u0935\u093e \u0928 \u0915\u0930 \u0932\u093f\u092f\u093e \u091c\u093e\u090f\u0964 \u0909\u0924\u094d\u0938\u093e\u0939 \u092e\u0947\u0902 \u0936\u093e\u092e\u093f\u0932 \u0939\u094b\u0902 \u0914\u0930 \u0930\u094b\u092e\u093e\u0902\u091a\u0915 \u092a\u094d\u0930\u0917\u0924\u093f\u0936\u0940\u0932 \u091c\u0948\u0915\u092a\u0949\u091f \u0917\u0947\u092e\u094d\u0938 \u0915\u0947 \u0939\u092e\u093e\u0930\u0947 \u091a\u092f\u0928 \u0915\u0947 \u0938\u093e\u0925 \u092c\u0921\u093c\u0940 \u091c\u0940\u0924 \u0915\u0940 \u092f\u093e\u0924\u094d\u0930\u093e \u0936\u0941\u0930\u0942 \u0915\u0930\u0947\u0902\u0964","breadcrumb":{"@id":"https:\/\/slotsite.mediacle.net\/jackpots\/#breadcrumb"},"inLanguage":"pt-PT","potentialAction":[{"@type":"ReadAction","target":["https:\/\/slotsite.mediacle.net\/jackpots\/"]}]},{"@type":"BreadcrumbList","@id":"https:\/\/slotsite.mediacle.net\/jackpots\/#breadcrumb","itemListElement":[{"@type":"ListItem","position":1,"name":"Home","item":"https:\/\/slotsite.mediacle.net\/"},{"@type":"ListItem","position":2,"name":"Progressive Jackpot Slots"}]},{"@type":"WebSite","@id":"https:\/\/slotsite.mediacle.net\/#website","url":"https:\/\/slotsite.mediacle.net\/","name":"Slotsite","description":"","potentialAction":[{"@type":"SearchAction","target":{"@type":"EntryPoint","urlTemplate":"https:\/\/slotsite.mediacle.net\/?s={search_term_string}"},"query-input":"required name=search_term_string"}],"inLanguage":"pt-PT"}]}},"_links":{"self":[{"href":"https:\/\/slotsite.mediacle.net\/pt\/wp-json\/wp\/v2\/pages\/173","targetHints":{"allow":["GET"]}}],"collection":[{"href":"https:\/\/slotsite.mediacle.net\/pt\/wp-json\/wp\/v2\/pages"}],"about":[{"href":"https:\/\/slotsite.mediacle.net\/pt\/wp-json\/wp\/v2\/types\/page"}],"author":[{"embeddable":true,"href":"https:\/\/slotsite.mediacle.net\/pt\/wp-json\/wp\/v2\/users\/1"}],"replies":[{"embeddable":true,"href":"https:\/\/slotsite.mediacle.net\/pt\/wp-json\/wp\/v2\/comments?post=173"}],"version-history":[{"count":44,"href":"https:\/\/slotsite.mediacle.net\/pt\/wp-json\/wp\/v2\/pages\/173\/revisions"}],"predecessor-version":[{"id":2317,"href":"https:\/\/slotsite.mediacle.net\/pt\/wp-json\/wp\/v2\/pages\/173\/revisions\/2317"}],"wp:attachment":[{"href":"https:\/\/slotsite.mediacle.net\/pt\/wp-json\/wp\/v2\/media?parent=173"}],"curies":[{"name":"wp","href":"https:\/\/api.w.org\/{rel}","templated":true}]}}