{"id":175,"date":"2023-07-10T06:21:44","date_gmt":"2023-07-10T06:21:44","guid":{"rendered":"https:\/\/slotsite.mediacle.net\/?page_id=175"},"modified":"2023-08-24T07:00:40","modified_gmt":"2023-08-24T07:00:40","slug":"tournaments","status":"publish","type":"page","link":"https:\/\/slotsite.mediacle.net\/pt\/tournaments\/","title":{"rendered":"Torneios de ca\u00e7a-n\u00edqueis"},"content":{"rendered":"<p style=\"text-align: justify;\">O SlotSite.com Casino \u00e9 o destino final para os entusiastas de ca\u00e7a-n\u00edqueis que buscam a chance de ganhar pr\u00eamios extras em dinheiro por meio de nossos torneios de ca\u00e7a-n\u00edqueis semanais, mensais e por convites especiais! Prepare-se para girar os rolos e chegar ao topo da tabela de classifica\u00e7\u00e3o!<\/p>\n<h2 style=\"text-align: justify;\"><strong>Torneios divertidos de ca\u00e7a-n\u00edqueis:<\/strong><\/h2>\n<p style=\"text-align: justify;\">Nossos torneios semanais de ca\u00e7a-n\u00edqueis s\u00e3o um destaque de nossa experi\u00eancia no cassino, oferecendo aos jogadores uma oportunidade regular de competir com outros jogadores apaixonados por ca\u00e7a-n\u00edqueis. A cada semana, permitimos que voc\u00ea jogue seus jogos de ca\u00e7a-n\u00edqueis favoritos e, \u00e0 medida que voc\u00ea gira, cada aposta em dinheiro real lhe render\u00e1 pontos e, quanto mais pontos voc\u00ea acumular, mais alto ser\u00e1 o seu lugar na tabela de classifica\u00e7\u00e3o. Fique de olho no seu progresso enquanto compete com outros jogadores e se esforce para garantir uma posi\u00e7\u00e3o no topo do ranking para reivindicar sua parte do pr\u00eamio em dinheiro. Os pr\u00eamios da tabela de classifica\u00e7\u00e3o ser\u00e3o adicionados ao seu saldo em dinheiro e poder\u00e3o ser sacados a qualquer momento.<\/p>\n<h2 style=\"text-align: justify;\"><strong>Torneios de ca\u00e7a-n\u00edqueis mensais e especiais:<\/strong><\/h2>\n<p style=\"text-align: justify;\">Todos os meses, oferecemos torneios de ca\u00e7a-n\u00edqueis em um jogo especialmente selecionado ou em qualquer jogo de sua escolha. Nossos torneios mensais de ca\u00e7a-n\u00edqueis s\u00e3o maiores do que nunca, com mais de tr\u00eas vezes mais pr\u00eamios do que o t\u00edpico torneio di\u00e1rio. N\u00e3o deixe de se inscrever em nossas promo\u00e7\u00f5es para ver os torneios surpresa que ocasionalmente s\u00e3o realizados em conjunto com os t\u00e3o esperados lan\u00e7amentos de novos jogos de ca\u00e7a-n\u00edqueis. Quer mais? Como membro VIP do SlotSite.com Casino, voc\u00ea ter\u00e1 acesso exclusivo aos nossos torneios de ca\u00e7a-n\u00edqueis com ofertas especiais. Esses torneios foram criados para recompensar nossos jogadores mais valiosos com pr\u00eamios em dinheiro ainda mais extraordin\u00e1rios.<\/p>\n<h2 style=\"text-align: justify;\"><strong>Os torneios de ca\u00e7a-n\u00edqueis rendem pontos de fidelidade:<\/strong><\/h2>\n<p style=\"text-align: justify;\">Para adicionar uma camada extra de recompensas aos nossos torneios de ca\u00e7a-n\u00edqueis, ao participar, voc\u00ea progredir\u00e1 em diferentes n\u00edveis, desbloqueando pontos e vantagens adicionais ao longo do caminho. A partir do N\u00edvel 1, voc\u00ea ter\u00e1 a oportunidade de subir e chegar ao N\u00edvel 5, onde as maiores recompensas o aguardam! Cada n\u00edvel alcan\u00e7ado lhe traz mais pontos, ofertas e b\u00f4nus exclusivos, al\u00e9m de privil\u00e9gios especiais para aprimorar sua experi\u00eancia de jogo.<\/p>\n<h2 style=\"text-align: justify;\"><strong>Como participar:<\/strong><\/h2>\n<p style=\"text-align: justify;\">A participa\u00e7\u00e3o em nossos torneios de ca\u00e7a-n\u00edqueis \u00e9 simples e acess\u00edvel a todos os jogadores. Aqui est\u00e1 um guia passo a passo para voc\u00ea come\u00e7ar:<\/p>\n<p style=\"text-align: justify;\">Registre-se ou fa\u00e7a login na sua conta do SlotSite.com Casino. Caso ainda n\u00e3o seja um membro, criar uma conta \u00e9 r\u00e1pido e f\u00e1cil, permitindo que voc\u00ea acesse nossos torneios dispon\u00edveis em pouco tempo.<\/p>\n<p style=\"text-align: justify;\">Visite a se\u00e7\u00e3o de promo\u00e7\u00f5es do nosso site ou menu m\u00f3vel, onde encontrar\u00e1 todos os detalhes sobre os pr\u00f3ximos torneios.<\/p>\n<p style=\"text-align: justify;\">Participe do torneio de sua escolha. Alguns torneios podem exigir um dep\u00f3sito m\u00ednimo ou um c\u00f3digo de dep\u00f3sito espec\u00edfico para serem eleg\u00edveis. Analise os requisitos e termos do torneio para garantir sua participa\u00e7\u00e3o.<\/p>\n<p style=\"text-align: justify;\">Comece a girar! Jogue o jogo de ca\u00e7a-n\u00edqueis designado ou qualquer outro jogo de ca\u00e7a-n\u00edqueis de sua escolha, dependendo do torneio espec\u00edfico em que voc\u00ea se inscreveu. Durante o per\u00edodo do torneio, tente alcan\u00e7ar a maior pontua\u00e7\u00e3o poss\u00edvel! Cada rodada lhe render\u00e1 pontos, fazendo com que voc\u00ea suba na tabela de classifica\u00e7\u00e3o. Fique de olho na tabela de classifica\u00e7\u00e3o para acompanhar seu progresso e ver como voc\u00ea se sai em rela\u00e7\u00e3o aos outros participantes.<\/p>\n<p style=\"text-align: justify;\">Receba seu merecido pr\u00eamio em dinheiro! No final do torneio, a classifica\u00e7\u00e3o final da tabela de classifica\u00e7\u00e3o determinar\u00e1 os vencedores. Se voc\u00ea garantir uma posi\u00e7\u00e3o no topo do ranking, ser\u00e1 recompensado com uma parte do pr\u00eamio em dinheiro. Os pr\u00eamios s\u00e3o creditados nas contas dos vencedores logo ap\u00f3s o t\u00e9rmino do torneio, permitindo que voc\u00ea retire seus ganhos sem demora.<\/p>\n<h2 style=\"text-align: justify;\"><strong>Termos e condi\u00e7\u00f5es:<\/strong><\/h2>\n<p style=\"text-align: justify;\">Para garantir a imparcialidade e manter um ambiente de torneio divertido, recomendamos que voc\u00ea se familiarize com os termos e condi\u00e7\u00f5es espec\u00edficos de cada torneio. Eles podem incluir regras relacionadas a c\u00f3digos de dep\u00f3sito, jogos eleg\u00edveis, restri\u00e7\u00f5es de tempo e qualquer crit\u00e9rio adicional para participa\u00e7\u00e3o. Na p\u00e1gina de promo\u00e7\u00f5es, clique em &#8220;Tell me more&#8221; para ler os termos e detalhes espec\u00edficos das promo\u00e7\u00f5es do torneio.<\/p>\n<h2 style=\"text-align: justify;\"><strong>Participe da a\u00e7\u00e3o do torneio de ca\u00e7a-n\u00edqueis!<\/strong><\/h2>\n<p style=\"text-align: justify;\">Junte-se a n\u00f3s no SlotSite.com Casino e participe de uma ampla sele\u00e7\u00e3o de jogos de ca\u00e7a-n\u00edqueis novos e em destaque. Nossas cativantes competi\u00e7\u00f5es de tabela de classifica\u00e7\u00e3o e atraentes recompensas de fidelidade est\u00e3o esperando para serem conquistadas. Boa sorte! Lembre-se sempre de conhecer e estabelecer seus limites. Jogue com responsabilidade. O jogo pode ser viciante.<\/p>\n","protected":false},"excerpt":{"rendered":"<p>O SlotSite.com Casino \u00e9 o destino final para os entusiastas de ca\u00e7a-n\u00edqueis que buscam a chance de ganhar pr\u00eamios extras em dinheiro por meio de nossos torneios de ca\u00e7a-n\u00edqueis semanais, mensais e por convites especiais! Prepare-se para girar os rolos e chegar ao topo da tabela de classifica\u00e7\u00e3o! Torneios divertidos de ca\u00e7a-n\u00edqueis: Nossos torneios semanais [&hellip;]<\/p>\n","protected":false},"author":1,"featured_media":0,"parent":0,"menu_order":0,"comment_status":"closed","ping_status":"closed","template":"templates\/category.php","meta":{"footnotes":""},"class_list":["post-175","page","type-page","status-publish","hentry"],"translation":{"provider":"WPGlobus","version":"2.12.2","language":"pt","enabled_languages":["en","ca","fi","no","ja","es","pt","qc","gb","ir","nz","sa","in"],"languages":{"en":{"title":true,"content":true,"excerpt":false},"ca":{"title":true,"content":true,"excerpt":false},"fi":{"title":true,"content":true,"excerpt":false},"no":{"title":true,"content":true,"excerpt":false},"ja":{"title":true,"content":true,"excerpt":false},"es":{"title":true,"content":true,"excerpt":false},"pt":{"title":true,"content":true,"excerpt":false},"qc":{"title":true,"content":true,"excerpt":false},"gb":{"title":true,"content":true,"excerpt":false},"ir":{"title":false,"content":false,"excerpt":false},"nz":{"title":false,"content":false,"excerpt":false},"sa":{"title":false,"content":false,"excerpt":false},"in":{"title":true,"content":true,"excerpt":false}}},"acf":[],"yoast_head":"<!-- This site is optimized with the Yoast SEO plugin v20.11 - https:\/\/yoast.com\/wordpress\/plugins\/seo\/ -->\n<title>Slotsite<\/title>\n<meta name=\"robots\" content=\"index, follow, max-snippet:-1, max-image-preview:large, max-video-preview:-1\" \/>\n<link rel=\"canonical\" href=\"https:\/\/slotsite.mediacle.net\/tournaments\/\" \/>\n<meta property=\"og:locale\" content=\"pt_PT\" \/>\n<meta property=\"og:type\" content=\"article\" \/>\n<meta property=\"og:url\" content=\"https:\/\/slotsite.mediacle.net\/tournaments\/\" \/>\n<meta property=\"og:site_name\" content=\"Slotsite\" \/>\n<meta property=\"article:modified_time\" content=\"2023-08-24T07:00:40+00:00\" \/>\n<meta name=\"twitter:card\" content=\"summary_large_image\" \/>\n<meta name=\"twitter:label1\" content=\"Est. reading time\" \/>\n\t<meta name=\"twitter:data1\" content=\"3 minutes\" \/>\n<script type=\"application\/ld+json\" class=\"yoast-schema-graph\">{\"@context\":\"https:\/\/schema.org\",\"@graph\":[{\"@type\":\"WebPage\",\"@id\":\"https:\/\/slotsite.mediacle.net\/tournaments\/\",\"url\":\"https:\/\/slotsite.mediacle.net\/tournaments\/\",\"name\":\"\",\"isPartOf\":{\"@id\":\"https:\/\/slotsite.mediacle.net\/#website\"},\"datePublished\":\"2023-07-10T06:21:44+00:00\",\"dateModified\":\"2023-08-24T07:00:40+00:00\",\"description\":\"\",\"breadcrumb\":{\"@id\":\"https:\/\/slotsite.mediacle.net\/tournaments\/#breadcrumb\"},\"inLanguage\":\"pt-PT\",\"potentialAction\":[{\"@type\":\"ReadAction\",\"target\":[\"https:\/\/slotsite.mediacle.net\/tournaments\/\"]}]},{\"@type\":\"BreadcrumbList\",\"@id\":\"https:\/\/slotsite.mediacle.net\/tournaments\/#breadcrumb\",\"itemListElement\":[{\"@type\":\"ListItem\",\"position\":1,\"name\":\"Home\",\"item\":\"https:\/\/slotsite.mediacle.net\/\"},{\"@type\":\"ListItem\",\"position\":2,\"name\":\"Slot Tournaments\"}]},{\"@type\":\"WebSite\",\"@id\":\"https:\/\/slotsite.mediacle.net\/#website\",\"url\":\"https:\/\/slotsite.mediacle.net\/\",\"name\":\"Slotsite\",\"description\":\"\",\"potentialAction\":[{\"@type\":\"SearchAction\",\"target\":{\"@type\":\"EntryPoint\",\"urlTemplate\":\"https:\/\/slotsite.mediacle.net\/?s={search_term_string}\"},\"query-input\":\"required name=search_term_string\"}],\"inLanguage\":\"pt-PT\"}]}<\/script>\n<!-- \/ Yoast SEO plugin. -->","yoast_head_json":{"title":"Slotsite","robots":{"index":"index","follow":"follow","max-snippet":"max-snippet:-1","max-image-preview":"max-image-preview:large","max-video-preview":"max-video-preview:-1"},"canonical":"https:\/\/slotsite.mediacle.net\/tournaments\/","og_locale":"pt_PT","og_type":"article","og_url":"https:\/\/slotsite.mediacle.net\/tournaments\/","og_site_name":"Slotsite","article_modified_time":"2023-08-24T07:00:40+00:00","twitter_card":"summary_large_image","twitter_misc":{"Est. reading time":"3 minutes"},"schema":{"@context":"https:\/\/schema.org","@graph":[{"@type":"WebPage","@id":"https:\/\/slotsite.mediacle.net\/tournaments\/","url":"https:\/\/slotsite.mediacle.net\/tournaments\/","name":"","isPartOf":{"@id":"https:\/\/slotsite.mediacle.net\/#website"},"datePublished":"2023-07-10T06:21:44+00:00","dateModified":"2023-08-24T07:00:40+00:00","description":"","breadcrumb":{"@id":"https:\/\/slotsite.mediacle.net\/tournaments\/#breadcrumb"},"inLanguage":"pt-PT","potentialAction":[{"@type":"ReadAction","target":["https:\/\/slotsite.mediacle.net\/tournaments\/"]}]},{"@type":"BreadcrumbList","@id":"https:\/\/slotsite.mediacle.net\/tournaments\/#breadcrumb","itemListElement":[{"@type":"ListItem","position":1,"name":"Home","item":"https:\/\/slotsite.mediacle.net\/"},{"@type":"ListItem","position":2,"name":"Slot Tournaments"}]},{"@type":"WebSite","@id":"https:\/\/slotsite.mediacle.net\/#website","url":"https:\/\/slotsite.mediacle.net\/","name":"Slotsite","description":"","potentialAction":[{"@type":"SearchAction","target":{"@type":"EntryPoint","urlTemplate":"https:\/\/slotsite.mediacle.net\/?s={search_term_string}"},"query-input":"required name=search_term_string"}],"inLanguage":"pt-PT"}]}},"_links":{"self":[{"href":"https:\/\/slotsite.mediacle.net\/pt\/wp-json\/wp\/v2\/pages\/175","targetHints":{"allow":["GET"]}}],"collection":[{"href":"https:\/\/slotsite.mediacle.net\/pt\/wp-json\/wp\/v2\/pages"}],"about":[{"href":"https:\/\/slotsite.mediacle.net\/pt\/wp-json\/wp\/v2\/types\/page"}],"author":[{"embeddable":true,"href":"https:\/\/slotsite.mediacle.net\/pt\/wp-json\/wp\/v2\/users\/1"}],"replies":[{"embeddable":true,"href":"https:\/\/slotsite.mediacle.net\/pt\/wp-json\/wp\/v2\/comments?post=175"}],"version-history":[{"count":28,"href":"https:\/\/slotsite.mediacle.net\/pt\/wp-json\/wp\/v2\/pages\/175\/revisions"}],"predecessor-version":[{"id":2090,"href":"https:\/\/slotsite.mediacle.net\/pt\/wp-json\/wp\/v2\/pages\/175\/revisions\/2090"}],"wp:attachment":[{"href":"https:\/\/slotsite.mediacle.net\/pt\/wp-json\/wp\/v2\/media?parent=175"}],"curies":[{"name":"wp","href":"https:\/\/api.w.org\/{rel}","templated":true}]}}